{"id":9711,"date":"2017-09-22T18:23:25","date_gmt":"2017-09-22T15:23:25","guid":{"rendered":"https:\/\/mmkserviss.lv\/?post_type=product&#038;p=9711"},"modified":"2023-06-08T18:36:39","modified_gmt":"2023-06-08T15:36:39","slug":"ziemas-vissezonas-riepas-20560r16-sailun-iceblazer-wsl2-92h","status":"publish","type":"product","link":"https:\/\/mmkriepas.lv\/en\/p\/ziemas-vissezonas-riepas-20560r16-sailun-iceblazer-wsl2-92h\/","title":{"rendered":"205\/60R16 Sailun Ice Blazer WSL2 92H"},"content":{"rendered":"<p><b>Sailun Ice Blazer WSL2<\/b><span style=\"font-weight: 400;\"> ir bezrad\u017eu ziemas riepa, kas nodro\u0161ina lielisku sa\u0137eri uz mitra ce\u013ca seguma, sniega un ar\u012b slapjdra\u0146\u0137a. Taj\u0101 pa\u0161\u0101 laik\u0101 riepas taisnst\u016brveida s\u0101nu bloki par\u016bp\u0113jas par dro\u0161u un \u0113rtu braucienu ar\u012b pa sausiem ce\u013ciem.<\/span><\/p>\n<p><span style=\"font-weight: 400;\">Sailun riepu ra\u017eot\u0101js izmanto <\/span><b>videi draudz\u012bgas tehnolo\u0123ijas<\/b><span style=\"font-weight: 400;\"> un <\/span><b>ekolo\u0123iskus materi\u0101lus<\/b><span style=\"font-weight: 400;\">, kas atbilst Eiropas vides aizsardz\u012bbas standartiem.<\/span><\/p>\n<h3><b>Sailun Ice Blazer WSL2 galven\u0101s iez\u012bmes<\/b><\/h3>\n<p><span style=\"font-weight: 400;\">+Lieliska sa\u0137ere slapjdra\u0146\u0137\u012b!<\/span><\/p>\n<p><span style=\"font-weight: 400;\">+Ekolo\u0123iski un efekt\u012bvi materi\u0101li!<\/span><\/p>\n<p><span style=\"font-weight: 400;\">+Uzlabots gumijas sast\u0101vs, kur\u0161 liek riepai saglab\u0101t elast\u012bbu pla\u0161\u0101 temperat\u016bru diapazon\u0101!<\/span><\/p>\n<p><span style=\"font-weight: 400;\">+\u0160o riepu var lietot cauru gadu!<\/span><\/p>\n<p><span style=\"font-weight: 400;\">Protektora savienojuma vietu dizains un gumijas sast\u0101vs izstr\u0101d\u0101ts t\u0101, lai riepa saglab\u0101tu elast\u012bgumu pat visskarb\u0101kajos apst\u0101k\u013cos neatkar\u012bgi no temperat\u016br\u0101s. <\/span><b>Riepas elast\u012bgums<\/b><span style=\"font-weight: 400;\"> ir viens no galvenajiem faktoriem pilnv\u0113rt\u012bgas veiktsp\u0113jas saglab\u0101\u0161anai, it \u012bpa\u0161i ziemas riep\u0101m.<\/span><\/p>\n<p><span style=\"font-weight: 400;\">Lai gan WSL2 riepas kvalific\u0113jas k\u0101 ziemas riepas, t\u0101s protektora dizains un gumijas sast\u0101vs padara WSL2 par <\/span><b>piem\u0113rotu riepu vissezonas brauk\u0161anai<\/b><span style=\"font-weight: 400;\">. Protektors ir gana agres\u012bvs, lai izbrauktu Latvijas ziemas un izvestu j\u016bsu ma\u0161\u012bnu cauri nece\u013ciem &#8211; me\u017eam, zemes ce\u013ciem u.c.<\/span><\/p>\n<p><b>Sailun Ice Blazer WSL2<\/b><span style=\"font-weight: 400;\"> mode\u013ca lieto\u0161anas dro\u0161\u012bbu ziemas laika apst\u0101k\u013cos un t\u0101 atbilst\u012bbu valst\u012bm ar oblig\u0101tu sezon\u0101lo riepu mai\u0146u apstiprina mar\u0137\u0113jums sniegp\u0101rslas form\u0101 uz kalna fona ar trim virsotn\u0113m (3PMSF).<\/span><\/p>\n<p><b>Sailun Ice Blazer WSL2-<\/b><span style=\"font-weight: 400;\"> kvalitat\u012bvas bud\u017eeta klases M+S\/ziemas riepas . Pieejamas abos MMK Riepu Centros par vislab\u0101kaj\u0101m cen\u0101m!<\/span><\/p>\n<p>&nbsp;<\/p>\n","protected":false},"excerpt":{"rendered":"<p><b>Sailun Ice Blazer WSL2<\/b><span style=\"font-weight: 400;\"> ir bezrad\u017eu ziemas riepa, kas nodro\u0161ina lielisku sa\u0137eri uz mitra ce\u013ca seguma, sniega un ar\u012b slapjdra\u0146\u0137a. Taj\u0101 pa\u0161\u0101 laik\u0101 riepas taisnst\u016brveida s\u0101nu bloki par\u016bp\u0113jas par dro\u0161u un \u0113rtu braucienu ar\u012b pa sausiem ce\u013ciem.<\/span> <span style=\"font-weight: 400;\">Sailun riepu ra\u017eot\u0101js izmanto <\/span><b>videi draudz\u012bgas tehnolo\u0123ijas<\/b><span style=\"font-weight: 400;\"> un <\/span><b>ekolo\u0123iskus materi\u0101lus<\/b><span style=\"font-weight: 400;\">, kas atbilst Eiropas vides aizsardz\u012bbas standartiem.<\/span><\/p>\n","protected":false},"featured_media":0,"template":"","meta":{"_acf_changed":false,"ngg_post_thumbnail":0},"product_brand":[],"product_cat":[47,45],"product_tag":[19634],"class_list":{"0":"post-9711","1":"product","2":"type-product","3":"status-publish","5":"product_cat-vissezonas-riepas","6":"product_cat-ziemas-riepas","7":"product_tag-mmk","9":"first","10":"instock","11":"sale","12":"taxable","13":"shipping-taxable","14":"product-type-simple"},"acf":[],"yoast_head":"<!-- This site is optimized with the Yoast SEO Premium plugin v22.6 (Yoast SEO v27.3) - https:\/\/yoast.com\/product\/yoast-seo-premium-wordpress\/ -->\n<title>205\/60R16 Sailun Ice Blazer WSL2 92H &#8226; MMK Riepas<\/title>\n<meta name=\"description\" content=\"Sailun Ice Blazer WSL2- kvalitat\u012bvas bud\u017eeta klases M+S\/ziemas riepas . Pieejamas abos MMK Riepu Centros par vislab\u0101kaj\u0101m cen\u0101m!\" \/>\n<meta name=\"robots\" content=\"index, follow, max-snippet:-1, max-image-preview:large, max-video-preview:-1\" \/>\n<link rel=\"canonical\" href=\"https:\/\/mmkriepas.lv\/en\/p\/ziemas-vissezonas-riepas-20560r16-sailun-iceblazer-wsl2-92h\/\" \/>\n<meta property=\"og:locale\" content=\"en_US\" \/>\n<meta property=\"og:type\" content=\"article\" \/>\n<meta property=\"og:title\" content=\"205\/60R16 Sailun Ice Blazer WSL2 92H\" \/>\n<meta property=\"og:description\" content=\"Sailun Ice Blazer WSL2- kvalitat\u012bvas bud\u017eeta klases M+S\/ziemas riepas . Pieejamas abos MMK Riepu Centros par vislab\u0101kaj\u0101m cen\u0101m!\" \/>\n<meta property=\"og:url\" content=\"https:\/\/mmkriepas.lv\/en\/p\/ziemas-vissezonas-riepas-20560r16-sailun-iceblazer-wsl2-92h\/\" \/>\n<meta property=\"og:site_name\" content=\"MMK Riepas\" \/>\n<meta property=\"article:publisher\" content=\"https:\/\/www.facebook.com\/mmkserviss\/\" \/>\n<meta property=\"article:modified_time\" content=\"2023-06-08T15:36:39+00:00\" \/>\n<meta name=\"twitter:card\" content=\"summary_large_image\" \/>\n<meta name=\"twitter:label1\" content=\"Price\" \/>\n\t<meta name=\"twitter:data1\" content=\"&euro;53.00\" \/>\n\t<meta name=\"twitter:label2\" content=\"Availability\" \/>\n\t<meta name=\"twitter:data2\" content=\"In stock\" \/>\n<script type=\"application\/ld+json\" class=\"yoast-schema-graph\">{\"@context\":\"https:\\\/\\\/schema.org\",\"@graph\":[{\"@type\":\"WebPage\",\"@id\":\"https:\\\/\\\/mmkriepas.lv\\\/en\\\/p\\\/ziemas-vissezonas-riepas-20560r16-sailun-iceblazer-wsl2-92h\\\/\",\"url\":\"https:\\\/\\\/mmkriepas.lv\\\/en\\\/p\\\/ziemas-vissezonas-riepas-20560r16-sailun-iceblazer-wsl2-92h\\\/\",\"name\":\"205\\\/60R16 Sailun Ice Blazer WSL2 92H &#8226; MMK Riepas\",\"isPartOf\":{\"@id\":\"https:\\\/\\\/mmkriepas.lv\\\/en\\\/#website\"},\"datePublished\":\"2017-09-22T15:23:25+00:00\",\"dateModified\":\"2023-06-08T15:36:39+00:00\",\"description\":\"Sailun Ice Blazer WSL2- kvalitat\u012bvas bud\u017eeta klases M+S\\\/ziemas riepas . Pieejamas abos MMK Riepu Centros par vislab\u0101kaj\u0101m cen\u0101m!\",\"breadcrumb\":{\"@id\":\"https:\\\/\\\/mmkriepas.lv\\\/en\\\/p\\\/ziemas-vissezonas-riepas-20560r16-sailun-iceblazer-wsl2-92h\\\/#breadcrumb\"},\"inLanguage\":\"en-US\",\"potentialAction\":[{\"@type\":\"ReadAction\",\"target\":[\"https:\\\/\\\/mmkriepas.lv\\\/en\\\/p\\\/ziemas-vissezonas-riepas-20560r16-sailun-iceblazer-wsl2-92h\\\/\"]}]},{\"@type\":\"BreadcrumbList\",\"@id\":\"https:\\\/\\\/mmkriepas.lv\\\/en\\\/p\\\/ziemas-vissezonas-riepas-20560r16-sailun-iceblazer-wsl2-92h\\\/#breadcrumb\",\"itemListElement\":[{\"@type\":\"ListItem\",\"position\":1,\"name\":\"S\u0101kums\",\"item\":\"https:\\\/\\\/mmkriepas.lv\\\/en\\\/\"},{\"@type\":\"ListItem\",\"position\":2,\"name\":\"205\\\/60R16 Sailun Ice Blazer WSL2 92H\"}]},{\"@type\":\"WebSite\",\"@id\":\"https:\\\/\\\/mmkriepas.lv\\\/en\\\/#website\",\"url\":\"https:\\\/\\\/mmkriepas.lv\\\/en\\\/\",\"name\":\"MMK Riepas\",\"description\":\"MMK Riepas\",\"alternateName\":\"MMK Riepu Serviss\",\"potentialAction\":[{\"@type\":\"SearchAction\",\"target\":{\"@type\":\"EntryPoint\",\"urlTemplate\":\"https:\\\/\\\/mmkriepas.lv\\\/en\\\/?s={search_term_string}\"},\"query-input\":{\"@type\":\"PropertyValueSpecification\",\"valueRequired\":true,\"valueName\":\"search_term_string\"}}],\"inLanguage\":\"en-US\"},{\"@type\":\"ImageObject\",\"inLanguage\":\"en-US\",\"@id\":\"https:\\\/\\\/mmkriepas.lv\\\/en\\\/p\\\/ziemas-vissezonas-riepas-20560r16-sailun-iceblazer-wsl2-92h\\\/#local-main-organization-logo\",\"url\":\"\",\"contentUrl\":\"\",\"caption\":\"MMK Riepas\"}]}<\/script>\n<meta property=\"product:brand\" content=\"Sailun Ice Blazer WSL2\" \/>\n<meta property=\"product:price:amount\" content=\"53.00\" \/>\n<meta property=\"product:price:currency\" content=\"EUR\" \/>\n<meta property=\"og:availability\" content=\"instock\" \/>\n<meta property=\"product:availability\" content=\"instock\" \/>\n<meta property=\"product:condition\" content=\"new\" \/>\n<!-- \/ Yoast SEO Premium plugin. -->","yoast_head_json":{"title":"205\/60R16 Sailun Ice Blazer WSL2 92H &#8226; MMK Riepas","description":"Sailun Ice Blazer WSL2- kvalitat\u012bvas bud\u017eeta klases M+S\/ziemas riepas . Pieejamas abos MMK Riepu Centros par vislab\u0101kaj\u0101m cen\u0101m!","robots":{"index":"index","follow":"follow","max-snippet":"max-snippet:-1","max-image-preview":"max-image-preview:large","max-video-preview":"max-video-preview:-1"},"canonical":"https:\/\/mmkriepas.lv\/en\/p\/ziemas-vissezonas-riepas-20560r16-sailun-iceblazer-wsl2-92h\/","og_locale":"en_US","og_type":"article","og_title":"205\/60R16 Sailun Ice Blazer WSL2 92H","og_description":"Sailun Ice Blazer WSL2- kvalitat\u012bvas bud\u017eeta klases M+S\/ziemas riepas . Pieejamas abos MMK Riepu Centros par vislab\u0101kaj\u0101m cen\u0101m!","og_url":"https:\/\/mmkriepas.lv\/en\/p\/ziemas-vissezonas-riepas-20560r16-sailun-iceblazer-wsl2-92h\/","og_site_name":"MMK Riepas","article_publisher":"https:\/\/www.facebook.com\/mmkserviss\/","article_modified_time":"2023-06-08T15:36:39+00:00","twitter_card":"summary_large_image","twitter_misc":{"Price":"&euro;53.00","Availability":"In stock"},"schema":{"@context":"https:\/\/schema.org","@graph":[{"@type":"WebPage","@id":"https:\/\/mmkriepas.lv\/en\/p\/ziemas-vissezonas-riepas-20560r16-sailun-iceblazer-wsl2-92h\/","url":"https:\/\/mmkriepas.lv\/en\/p\/ziemas-vissezonas-riepas-20560r16-sailun-iceblazer-wsl2-92h\/","name":"205\/60R16 Sailun Ice Blazer WSL2 92H &#8226; MMK Riepas","isPartOf":{"@id":"https:\/\/mmkriepas.lv\/en\/#website"},"datePublished":"2017-09-22T15:23:25+00:00","dateModified":"2023-06-08T15:36:39+00:00","description":"Sailun Ice Blazer WSL2- kvalitat\u012bvas bud\u017eeta klases M+S\/ziemas riepas . Pieejamas abos MMK Riepu Centros par vislab\u0101kaj\u0101m cen\u0101m!","breadcrumb":{"@id":"https:\/\/mmkriepas.lv\/en\/p\/ziemas-vissezonas-riepas-20560r16-sailun-iceblazer-wsl2-92h\/#breadcrumb"},"inLanguage":"en-US","potentialAction":[{"@type":"ReadAction","target":["https:\/\/mmkriepas.lv\/en\/p\/ziemas-vissezonas-riepas-20560r16-sailun-iceblazer-wsl2-92h\/"]}]},{"@type":"BreadcrumbList","@id":"https:\/\/mmkriepas.lv\/en\/p\/ziemas-vissezonas-riepas-20560r16-sailun-iceblazer-wsl2-92h\/#breadcrumb","itemListElement":[{"@type":"ListItem","position":1,"name":"S\u0101kums","item":"https:\/\/mmkriepas.lv\/en\/"},{"@type":"ListItem","position":2,"name":"205\/60R16 Sailun Ice Blazer WSL2 92H"}]},{"@type":"WebSite","@id":"https:\/\/mmkriepas.lv\/en\/#website","url":"https:\/\/mmkriepas.lv\/en\/","name":"MMK Riepas","description":"MMK Riepas","alternateName":"MMK Riepu Serviss","potentialAction":[{"@type":"SearchAction","target":{"@type":"EntryPoint","urlTemplate":"https:\/\/mmkriepas.lv\/en\/?s={search_term_string}"},"query-input":{"@type":"PropertyValueSpecification","valueRequired":true,"valueName":"search_term_string"}}],"inLanguage":"en-US"},{"@type":"ImageObject","inLanguage":"en-US","@id":"https:\/\/mmkriepas.lv\/en\/p\/ziemas-vissezonas-riepas-20560r16-sailun-iceblazer-wsl2-92h\/#local-main-organization-logo","url":"","contentUrl":"","caption":"MMK Riepas"}]},"product_brand":"Sailun Ice Blazer WSL2","product_price_amount":"53.00","product_price_currency":"EUR","og_availability":"instock","product_availability":"instock","product_condition":"new"},"_links":{"self":[{"href":"https:\/\/mmkriepas.lv\/en\/wp-json\/wp\/v2\/product\/9711","targetHints":{"allow":["GET"]}}],"collection":[{"href":"https:\/\/mmkriepas.lv\/en\/wp-json\/wp\/v2\/product"}],"about":[{"href":"https:\/\/mmkriepas.lv\/en\/wp-json\/wp\/v2\/types\/product"}],"wp:attachment":[{"href":"https:\/\/mmkriepas.lv\/en\/wp-json\/wp\/v2\/media?parent=9711"}],"wp:term":[{"taxonomy":"product_brand","embeddable":true,"href":"https:\/\/mmkriepas.lv\/en\/wp-json\/wp\/v2\/product_brand?post=9711"},{"taxonomy":"product_cat","embeddable":true,"href":"https:\/\/mmkriepas.lv\/en\/wp-json\/wp\/v2\/product_cat?post=9711"},{"taxonomy":"product_tag","embeddable":true,"href":"https:\/\/mmkriepas.lv\/en\/wp-json\/wp\/v2\/product_tag?post=9711"}],"curies":[{"name":"wp","href":"https:\/\/api.w.org\/{rel}","templated":true}]}}