{"id":9596,"date":"2017-09-20T10:34:21","date_gmt":"2017-09-20T07:34:21","guid":{"rendered":"https:\/\/mmkserviss.lv\/?post_type=product&#038;p=9596"},"modified":"2023-06-15T12:11:45","modified_gmt":"2023-06-15T09:11:45","slug":"ziemas-vissezonas-riepas-20555r16-sunny-winter-grip-91h","status":"publish","type":"product","link":"https:\/\/mmkriepas.lv\/en\/p\/ziemas-vissezonas-riepas-20555r16-sunny-winter-grip-91h\/","title":{"rendered":"205\/55R16 Sunny Winter Grip SN3860 91H"},"content":{"rendered":"<p style=\"margin: 12.0pt 0cm 12.0pt 0cm;\"><b><span style=\"font-size: 11.0pt; font-family: 'Arial',sans-serif; color: black;\">Sunny Winter Grip SN3860 <\/span><\/b><span style=\"font-size: 11.0pt; font-family: 'Arial',sans-serif; color: black;\">ir labs rad\u017eojamais ziemas riepu modelis. Pieejams pla\u0161\u0101 izm\u0113ru kl\u0101st\u0101 un paredz\u0113ts gan vieglaj\u0101m automa\u0161\u012bn\u0101m, gan krosoveriem un pat apvidus auto jeb SUV. Izce\u013cas ar lab\u0101m sa\u0137eres \u012bpa\u0161\u012bb\u0101m uz sausa un slapja asfalta, k\u0101 ar\u012b snieg\u0101. Iesp\u0113ja riepu protektor\u0101 iestr\u0101d\u0101t radzes b\u016btiski uzlabo veiktsp\u0113ju uz apledoju\u0161iem ce\u013ca posmiem.<\/span><o:p><\/o:p><\/p>\n<h3 style=\"margin: 14.0pt 0cm 4.0pt 0cm;\"><span style=\"font-size: 13.0pt; font-family: 'Arial',sans-serif; color: black;\">Winter Grip SN3860 galven\u0101s iez\u012bmes<\/span><o:p><\/o:p><\/h3>\n<p style=\"margin: 12.0pt 0cm 12.0pt 0cm;\"><span style=\"font-size: 11.0pt; font-family: 'Arial',sans-serif; color: black;\">+ Labas sa\u0137eres \u012bpas\u012bbas uz sausa un slapja asfalta, k\u0101 ar\u012b snieg\u0101.<\/span><o:p><\/o:p><\/p>\n<p style=\"margin: 12.0pt 0cm 12.0pt 0cm;\"><span style=\"font-size: 11.0pt; font-family: 'Arial',sans-serif; color: black;\">+ Palielin\u0101ta nodilumiztur\u012bba.<\/span><o:p><\/o:p><\/p>\n<p style=\"margin: 12.0pt 0cm 12.0pt 0cm;\"><span style=\"font-size: 11.0pt; font-family: 'Arial',sans-serif; color: black;\">+ Zems akvaplan\u0113\u0161anas risks.<\/span><o:p><\/o:p><\/p>\n<p style=\"margin: 12.0pt 0cm 12.0pt 0cm;\"><span style=\"font-size: 11.0pt; font-family: 'Arial',sans-serif; color: black;\">+ Iesp\u0113ja protektor\u0101 iestr\u0101d\u0101t radzes, lai uzlabotu veiktsp\u0113ju uz apledoju\u0161iem ce\u013ca posmiem.<\/span><o:p><\/o:p><\/p>\n<p style=\"margin: 12.0pt 0cm 12.0pt 0cm;\"><b><span style=\"font-size: 11.0pt; font-family: 'Arial',sans-serif; color: black;\">+ Cena atbilst kvalit\u0101tei!<\/span><\/b><o:p><\/o:p><\/p>\n<h3 style=\"margin: 14.0pt 0cm 4.0pt 0cm;\"><span style=\"font-size: 13.0pt; font-family: 'Arial',sans-serif; color: black;\">Winter Grip SN3860 apr\u012bkojums<\/span><o:p><\/o:p><\/h3>\n<p style=\"margin: 12.0pt 0cm 12.0pt 0cm;\"><b><span style=\"font-size: 11.0pt; font-family: 'Arial',sans-serif; color: black;\">Sunny Winter Grip SN3860 <\/span><\/b><span style=\"font-size: 11.0pt; font-family: 'Arial',sans-serif; color: black;\">ziemas riepas apr\u012bkotas ar sam\u0113r\u0101 agras\u012bvu virzienveida protektoru. \u0160\u0101ds dizains izv\u0113l\u0113ts, lai uzlabotu veiktsp\u0113ju snieg\u0101, k\u0101 ar\u012b \u016bdens izvadi, samazinot akvaplan\u0113\u0161anas risku.<\/span><o:p><\/o:p><\/p>\n<p style=\"margin: 12.0pt 0cm 12.0pt 0cm;\"><span style=\"font-size: 11.0pt; font-family: 'Arial',sans-serif; color: black;\">Agres\u012bvajos V-formas protektora blokos iestr\u0101d\u0101tas lameles. T\u0101s ar as\u0101m kant\u0113m iec\u0113rtas led\u016b un sabliet\u0113t\u0101 snieg\u0101, ar slidenaj\u0101m virsm\u0101m uzlabojot sa\u0137eri. Turkl\u0101t, protektoru iesp\u0113jams &#8220;apbru\u0146ot&#8221; ar radz\u0113m. T\u0101s ir vien\u012bgais, kas sp\u0113j nodro\u0161in\u0101t sa\u0137eri un bremz\u0113\u0161anas \u012bpa\u0161\u012bbas uz ledus, uzlabojot dro\u0161\u012bbas l\u012bmeni.<\/span><o:p><\/o:p><\/p>\n<p style=\"margin: 12.0pt 0cm 12.0pt 0cm;\"><span style=\"font-size: 11.0pt; font-family: 'Arial',sans-serif; color: black;\">Protektors darin\u0101ts no elastrom\u0113riem bag\u0101ta, vid\u0113ji cieta gumijas sakaus\u0113juma. Vid\u0113jais ciet\u012bbas l\u012bmenis at\u013cauj \u0161o riepu modeli bez radz\u0113m izmantot ar\u012b vasar\u0101, it \u012bpa\u0161i pa grants ce\u013ciem.<\/span><o:p><\/o:p><\/p>\n","protected":false},"excerpt":{"rendered":"<p style=\"margin: 12.0pt 0cm 12.0pt 0cm;\"><b><span style=\"font-size: 11.0pt; font-family: 'Arial',sans-serif; color: black;\">Sunny Winter Grip SN3860 <\/span><\/b><span style=\"font-size: 11.0pt; font-family: 'Arial',sans-serif; color: black;\">ir labs rad\u017eojamais ziemas riepu modelis. Pieejams pla\u0161\u0101 izm\u0113ru kl\u0101st\u0101 un paredz\u0113ts gan vieglaj\u0101m automa\u0161\u012bn\u0101m, gan krosoveriem un pat apvidus auto jeb SUV. Izce\u013cas ar lab\u0101m sa\u0137eres \u012bpa\u0161\u012bb\u0101m uz sausa un slapja asfalta, k\u0101 ar\u012b snieg\u0101. Iesp\u0113ja riepu protektor\u0101 iestr\u0101d\u0101t radzes b\u016btiski uzlabo veiktsp\u0113ju uz apledoju\u0161iem ce\u013ca posmiem.<\/span><o:p><\/o:p><\/p>\n","protected":false},"featured_media":411127,"template":"","meta":{"_acf_changed":false,"ngg_post_thumbnail":0},"product_brand":[],"product_cat":[47,45],"product_tag":[19636],"class_list":{"0":"post-9596","1":"product","2":"type-product","3":"status-publish","4":"has-post-thumbnail","6":"product_cat-vissezonas-riepas","7":"product_cat-ziemas-riepas","8":"product_tag-dzeltens","10":"first","11":"instock","12":"sale","13":"taxable","14":"shipping-taxable","15":"product-type-simple"},"acf":[],"yoast_head":"<!-- This site is optimized with the Yoast SEO Premium plugin v22.6 (Yoast SEO v27.3) - https:\/\/yoast.com\/product\/yoast-seo-premium-wordpress\/ -->\n<title>205\/55R16 Sunny Winter Grip SN3860 91H &#8226; MMK Riepas<\/title>\n<meta name=\"description\" content=\"Sunny Winter Grip- ziemas riepa, kas gatava st\u0101ties pret\u012b bargiem apst\u0101k\u013ciem. Pieejama abos MMK Riepu Centros par vislab\u0101kaj\u0101m cen\u0101m.\" \/>\n<meta name=\"robots\" content=\"index, follow, max-snippet:-1, max-image-preview:large, max-video-preview:-1\" \/>\n<link rel=\"canonical\" href=\"https:\/\/mmkriepas.lv\/en\/p\/ziemas-vissezonas-riepas-20555r16-sunny-winter-grip-91h\/\" \/>\n<meta property=\"og:locale\" content=\"en_US\" \/>\n<meta property=\"og:type\" content=\"article\" \/>\n<meta property=\"og:title\" content=\"205\/55R16 Sunny Winter Grip SN3860 91H\" \/>\n<meta property=\"og:description\" content=\"Sunny Winter Grip- ziemas riepa, kas gatava st\u0101ties pret\u012b bargiem apst\u0101k\u013ciem. Pieejama abos MMK Riepu Centros par vislab\u0101kaj\u0101m cen\u0101m.\" \/>\n<meta property=\"og:url\" content=\"https:\/\/mmkriepas.lv\/en\/p\/ziemas-vissezonas-riepas-20555r16-sunny-winter-grip-91h\/\" \/>\n<meta property=\"og:site_name\" content=\"MMK Riepas\" \/>\n<meta property=\"article:publisher\" content=\"https:\/\/www.facebook.com\/mmkserviss\/\" \/>\n<meta property=\"article:modified_time\" content=\"2023-06-15T09:11:45+00:00\" \/>\n<meta property=\"og:image\" content=\"https:\/\/mmkriepas.lv\/wp-content\/uploads\/2022\/10\/21555r16-sunny-winter-grip-sn3860-97h-ziemas-riepas.jpg\" \/>\n\t<meta property=\"og:image:width\" content=\"1920\" \/>\n\t<meta property=\"og:image:height\" content=\"1277\" \/>\n\t<meta property=\"og:image:type\" content=\"image\/jpeg\" \/>\n<meta name=\"twitter:card\" content=\"summary_large_image\" \/>\n<meta name=\"twitter:label1\" content=\"Price\" \/>\n\t<meta name=\"twitter:data1\" content=\"&euro;48.00\" \/>\n\t<meta name=\"twitter:label2\" content=\"Availability\" \/>\n\t<meta name=\"twitter:data2\" content=\"In stock\" \/>\n<script type=\"application\/ld+json\" class=\"yoast-schema-graph\">{\"@context\":\"https:\\\/\\\/schema.org\",\"@graph\":[{\"@type\":\"WebPage\",\"@id\":\"https:\\\/\\\/mmkriepas.lv\\\/en\\\/p\\\/ziemas-vissezonas-riepas-20555r16-sunny-winter-grip-91h\\\/\",\"url\":\"https:\\\/\\\/mmkriepas.lv\\\/en\\\/p\\\/ziemas-vissezonas-riepas-20555r16-sunny-winter-grip-91h\\\/\",\"name\":\"205\\\/55R16 Sunny Winter Grip SN3860 91H &#8226; MMK Riepas\",\"isPartOf\":{\"@id\":\"https:\\\/\\\/mmkriepas.lv\\\/en\\\/#website\"},\"primaryImageOfPage\":{\"@id\":\"https:\\\/\\\/mmkriepas.lv\\\/en\\\/p\\\/ziemas-vissezonas-riepas-20555r16-sunny-winter-grip-91h\\\/#primaryimage\"},\"image\":{\"@id\":\"https:\\\/\\\/mmkriepas.lv\\\/en\\\/p\\\/ziemas-vissezonas-riepas-20555r16-sunny-winter-grip-91h\\\/#primaryimage\"},\"thumbnailUrl\":\"https:\\\/\\\/mmkriepas.lv\\\/wp-content\\\/uploads\\\/2022\\\/10\\\/21555r16-sunny-winter-grip-sn3860-97h-ziemas-riepas.jpg\",\"datePublished\":\"2017-09-20T07:34:21+00:00\",\"dateModified\":\"2023-06-15T09:11:45+00:00\",\"description\":\"Sunny Winter Grip- ziemas riepa, kas gatava st\u0101ties pret\u012b bargiem apst\u0101k\u013ciem. Pieejama abos MMK Riepu Centros par vislab\u0101kaj\u0101m cen\u0101m.\",\"breadcrumb\":{\"@id\":\"https:\\\/\\\/mmkriepas.lv\\\/en\\\/p\\\/ziemas-vissezonas-riepas-20555r16-sunny-winter-grip-91h\\\/#breadcrumb\"},\"inLanguage\":\"en-US\",\"potentialAction\":[{\"@type\":\"ReadAction\",\"target\":[\"https:\\\/\\\/mmkriepas.lv\\\/en\\\/p\\\/ziemas-vissezonas-riepas-20555r16-sunny-winter-grip-91h\\\/\"]}]},{\"@type\":\"ImageObject\",\"inLanguage\":\"en-US\",\"@id\":\"https:\\\/\\\/mmkriepas.lv\\\/en\\\/p\\\/ziemas-vissezonas-riepas-20555r16-sunny-winter-grip-91h\\\/#primaryimage\",\"url\":\"https:\\\/\\\/mmkriepas.lv\\\/wp-content\\\/uploads\\\/2022\\\/10\\\/21555r16-sunny-winter-grip-sn3860-97h-ziemas-riepas.jpg\",\"contentUrl\":\"https:\\\/\\\/mmkriepas.lv\\\/wp-content\\\/uploads\\\/2022\\\/10\\\/21555r16-sunny-winter-grip-sn3860-97h-ziemas-riepas.jpg\",\"width\":1920,\"height\":1277,\"caption\":\"215\\\/55R16 Sunny Winter Grip SN3860 97H - Vissezonas riepas \\\/ Ziemas riepas\"},{\"@type\":\"BreadcrumbList\",\"@id\":\"https:\\\/\\\/mmkriepas.lv\\\/en\\\/p\\\/ziemas-vissezonas-riepas-20555r16-sunny-winter-grip-91h\\\/#breadcrumb\",\"itemListElement\":[{\"@type\":\"ListItem\",\"position\":1,\"name\":\"S\u0101kums\",\"item\":\"https:\\\/\\\/mmkriepas.lv\\\/en\\\/\"},{\"@type\":\"ListItem\",\"position\":2,\"name\":\"205\\\/55R16 Sunny Winter Grip SN3860 91H\"}]},{\"@type\":\"WebSite\",\"@id\":\"https:\\\/\\\/mmkriepas.lv\\\/en\\\/#website\",\"url\":\"https:\\\/\\\/mmkriepas.lv\\\/en\\\/\",\"name\":\"MMK Riepas\",\"description\":\"MMK Riepas\",\"alternateName\":\"MMK Riepu Serviss\",\"potentialAction\":[{\"@type\":\"SearchAction\",\"target\":{\"@type\":\"EntryPoint\",\"urlTemplate\":\"https:\\\/\\\/mmkriepas.lv\\\/en\\\/?s={search_term_string}\"},\"query-input\":{\"@type\":\"PropertyValueSpecification\",\"valueRequired\":true,\"valueName\":\"search_term_string\"}}],\"inLanguage\":\"en-US\"},{\"@type\":\"ImageObject\",\"inLanguage\":\"en-US\",\"@id\":\"https:\\\/\\\/mmkriepas.lv\\\/en\\\/p\\\/ziemas-vissezonas-riepas-20555r16-sunny-winter-grip-91h\\\/#local-main-organization-logo\",\"url\":\"\",\"contentUrl\":\"\",\"caption\":\"MMK Riepas\"}]}<\/script>\n<meta property=\"product:brand\" content=\"Sunny Winter Grip SN3860\" \/>\n<meta property=\"product:price:amount\" content=\"48.00\" \/>\n<meta property=\"product:price:currency\" content=\"EUR\" \/>\n<meta property=\"og:availability\" content=\"instock\" \/>\n<meta property=\"product:availability\" content=\"instock\" \/>\n<meta property=\"product:condition\" content=\"new\" \/>\n<!-- \/ Yoast SEO Premium plugin. -->","yoast_head_json":{"title":"205\/55R16 Sunny Winter Grip SN3860 91H &#8226; MMK Riepas","description":"Sunny Winter Grip- ziemas riepa, kas gatava st\u0101ties pret\u012b bargiem apst\u0101k\u013ciem. Pieejama abos MMK Riepu Centros par vislab\u0101kaj\u0101m cen\u0101m.","robots":{"index":"index","follow":"follow","max-snippet":"max-snippet:-1","max-image-preview":"max-image-preview:large","max-video-preview":"max-video-preview:-1"},"canonical":"https:\/\/mmkriepas.lv\/en\/p\/ziemas-vissezonas-riepas-20555r16-sunny-winter-grip-91h\/","og_locale":"en_US","og_type":"article","og_title":"205\/55R16 Sunny Winter Grip SN3860 91H","og_description":"Sunny Winter Grip- ziemas riepa, kas gatava st\u0101ties pret\u012b bargiem apst\u0101k\u013ciem. Pieejama abos MMK Riepu Centros par vislab\u0101kaj\u0101m cen\u0101m.","og_url":"https:\/\/mmkriepas.lv\/en\/p\/ziemas-vissezonas-riepas-20555r16-sunny-winter-grip-91h\/","og_site_name":"MMK Riepas","article_publisher":"https:\/\/www.facebook.com\/mmkserviss\/","article_modified_time":"2023-06-15T09:11:45+00:00","og_image":[{"width":1920,"height":1277,"url":"https:\/\/mmkriepas.lv\/wp-content\/uploads\/2022\/10\/21555r16-sunny-winter-grip-sn3860-97h-ziemas-riepas.jpg","type":"image\/jpeg"}],"twitter_card":"summary_large_image","twitter_misc":{"Price":"&euro;48.00","Availability":"In stock"},"schema":{"@context":"https:\/\/schema.org","@graph":[{"@type":"WebPage","@id":"https:\/\/mmkriepas.lv\/en\/p\/ziemas-vissezonas-riepas-20555r16-sunny-winter-grip-91h\/","url":"https:\/\/mmkriepas.lv\/en\/p\/ziemas-vissezonas-riepas-20555r16-sunny-winter-grip-91h\/","name":"205\/55R16 Sunny Winter Grip SN3860 91H &#8226; MMK Riepas","isPartOf":{"@id":"https:\/\/mmkriepas.lv\/en\/#website"},"primaryImageOfPage":{"@id":"https:\/\/mmkriepas.lv\/en\/p\/ziemas-vissezonas-riepas-20555r16-sunny-winter-grip-91h\/#primaryimage"},"image":{"@id":"https:\/\/mmkriepas.lv\/en\/p\/ziemas-vissezonas-riepas-20555r16-sunny-winter-grip-91h\/#primaryimage"},"thumbnailUrl":"https:\/\/mmkriepas.lv\/wp-content\/uploads\/2022\/10\/21555r16-sunny-winter-grip-sn3860-97h-ziemas-riepas.jpg","datePublished":"2017-09-20T07:34:21+00:00","dateModified":"2023-06-15T09:11:45+00:00","description":"Sunny Winter Grip- ziemas riepa, kas gatava st\u0101ties pret\u012b bargiem apst\u0101k\u013ciem. Pieejama abos MMK Riepu Centros par vislab\u0101kaj\u0101m cen\u0101m.","breadcrumb":{"@id":"https:\/\/mmkriepas.lv\/en\/p\/ziemas-vissezonas-riepas-20555r16-sunny-winter-grip-91h\/#breadcrumb"},"inLanguage":"en-US","potentialAction":[{"@type":"ReadAction","target":["https:\/\/mmkriepas.lv\/en\/p\/ziemas-vissezonas-riepas-20555r16-sunny-winter-grip-91h\/"]}]},{"@type":"ImageObject","inLanguage":"en-US","@id":"https:\/\/mmkriepas.lv\/en\/p\/ziemas-vissezonas-riepas-20555r16-sunny-winter-grip-91h\/#primaryimage","url":"https:\/\/mmkriepas.lv\/wp-content\/uploads\/2022\/10\/21555r16-sunny-winter-grip-sn3860-97h-ziemas-riepas.jpg","contentUrl":"https:\/\/mmkriepas.lv\/wp-content\/uploads\/2022\/10\/21555r16-sunny-winter-grip-sn3860-97h-ziemas-riepas.jpg","width":1920,"height":1277,"caption":"215\/55R16 Sunny Winter Grip SN3860 97H - Vissezonas riepas \/ Ziemas riepas"},{"@type":"BreadcrumbList","@id":"https:\/\/mmkriepas.lv\/en\/p\/ziemas-vissezonas-riepas-20555r16-sunny-winter-grip-91h\/#breadcrumb","itemListElement":[{"@type":"ListItem","position":1,"name":"S\u0101kums","item":"https:\/\/mmkriepas.lv\/en\/"},{"@type":"ListItem","position":2,"name":"205\/55R16 Sunny Winter Grip SN3860 91H"}]},{"@type":"WebSite","@id":"https:\/\/mmkriepas.lv\/en\/#website","url":"https:\/\/mmkriepas.lv\/en\/","name":"MMK Riepas","description":"MMK Riepas","alternateName":"MMK Riepu Serviss","potentialAction":[{"@type":"SearchAction","target":{"@type":"EntryPoint","urlTemplate":"https:\/\/mmkriepas.lv\/en\/?s={search_term_string}"},"query-input":{"@type":"PropertyValueSpecification","valueRequired":true,"valueName":"search_term_string"}}],"inLanguage":"en-US"},{"@type":"ImageObject","inLanguage":"en-US","@id":"https:\/\/mmkriepas.lv\/en\/p\/ziemas-vissezonas-riepas-20555r16-sunny-winter-grip-91h\/#local-main-organization-logo","url":"","contentUrl":"","caption":"MMK Riepas"}]},"product_brand":"Sunny Winter Grip SN3860","product_price_amount":"48.00","product_price_currency":"EUR","og_availability":"instock","product_availability":"instock","product_condition":"new"},"_links":{"self":[{"href":"https:\/\/mmkriepas.lv\/en\/wp-json\/wp\/v2\/product\/9596","targetHints":{"allow":["GET"]}}],"collection":[{"href":"https:\/\/mmkriepas.lv\/en\/wp-json\/wp\/v2\/product"}],"about":[{"href":"https:\/\/mmkriepas.lv\/en\/wp-json\/wp\/v2\/types\/product"}],"wp:featuredmedia":[{"embeddable":true,"href":"https:\/\/mmkriepas.lv\/en\/wp-json\/wp\/v2\/media\/411127"}],"wp:attachment":[{"href":"https:\/\/mmkriepas.lv\/en\/wp-json\/wp\/v2\/media?parent=9596"}],"wp:term":[{"taxonomy":"product_brand","embeddable":true,"href":"https:\/\/mmkriepas.lv\/en\/wp-json\/wp\/v2\/product_brand?post=9596"},{"taxonomy":"product_cat","embeddable":true,"href":"https:\/\/mmkriepas.lv\/en\/wp-json\/wp\/v2\/product_cat?post=9596"},{"taxonomy":"product_tag","embeddable":true,"href":"https:\/\/mmkriepas.lv\/en\/wp-json\/wp\/v2\/product_tag?post=9596"}],"curies":[{"name":"wp","href":"https:\/\/api.w.org\/{rel}","templated":true}]}}