{"id":952855,"date":"2024-08-19T12:25:06","date_gmt":"2024-08-19T09:25:06","guid":{"rendered":"https:\/\/mmkriepas.lv\/?post_type=product&#038;p=952855"},"modified":"2026-03-28T00:00:16","modified_gmt":"2026-03-27T22:00:16","slug":"225-50r17-headway-pms01-98v-xl","status":"publish","type":"product","link":"https:\/\/mmkriepas.lv\/en\/p\/225-50r17-headway-pms01-98v-xl\/","title":{"rendered":"225\/50R17 Headway PMS01 98V XL"},"content":{"rendered":"<p class=\"western\"><strong><span style=\"font-family: Arial, sans-serif;\">Headway PMS01\u00a0<\/span><\/strong><span style=\"font-family: Arial, sans-serif;\">ir labas kvalit\u0101tes, bud\u017eeta klases vissezonas riepu modelis. Tas izce\u013cas ar labu komforta, degvielas ekonomijas un sa\u0137eres l\u012bmeni gan uz sausa un slapja asfalta, gan ar\u012b snieg\u0101 un slapjdra\u0146\u0137\u012b. \u0160is riepu modelis pieejams pla\u0161\u0101 izm\u0113ru kl\u0101st\u0101 no R14 l\u012bdz R19. Tas paredz\u0113ts ar\u012b tikpat pla\u0161am automa\u0161\u012bnu spektram &#8211; no kompaktklases, l\u012bdz pat lielajiem apvidus auto. Protektora un gumijas sast\u0101va \u012bpa\u0161\u012bbas \u0161o riepu modeli padara piem\u0113rotu tiem autobrauc\u0113jiem, kas ziem\u0101 p\u0101rvietojas pa pils\u0113tu un \u0161oseju.<\/span><\/p>\n<p class=\"western\"><strong><span style=\"font-family: Arial, sans-serif;\">Headway PMS01 galven\u0101s \u012bpa\u0161\u012bbas<\/span><\/strong><\/p>\n<p class=\"western\"><span style=\"font-family: Arial, sans-serif;\">+ Laba sa\u0137ere gan uz sausa, gan slapja asfalta, k\u0101 ar\u012b snieg\u0101 un slapjdra\u0146\u0137\u012b.<br \/>+ Zems akvaplan\u0113\u0161anas risks, pateicoties virzienveida protektora rakstam.<br \/>+ Degvielas ekonomija.<br \/>+ Labs akustiskais un brauk\u0161anas gaitas komforts.<br \/>+ Riepas piem\u0113rotas m\u0113reniem ziemas brauk\u0161anas apst\u0101k\u013ciem &#8211; slapjam asfaltam, m\u0113renam sniega daudzumam un slapjdra\u0146\u0137im.<\/span><\/p>\n<p class=\"western\"><strong><span style=\"font-family: Arial, sans-serif;\">PMS01 apr\u012bkojums<\/span><\/strong><\/p>\n<p class=\"western\"><strong><span style=\"font-family: Arial, sans-serif;\">Headway PMS01\u00a0<\/span><\/strong><span style=\"font-family: Arial, sans-serif;\">vissezonas riepas apr\u012bkotas ar uzlabotu virzienveida protektora rakstu. \u0160\u0101ds dizains izv\u0113l\u0113ts lab\u0101kai veiktsp\u0113jai gan snieg\u0101, gan sp\u0113c\u012bga lietus apst\u0101k\u013cos. Tas efekt\u012bvi novada \u016bdeni no protektora virsmas ar ce\u013cu, samazinot akvaplan\u0113\u0161anas risku.<\/span><\/p>\n<p class=\"western\"><span style=\"font-family: Arial, sans-serif;\">V-veida protektors papildin\u0101ts ar liel\u0101ku protektora bloku skaitu. Tas \u013cauj efekt\u012bv\u0101k uzs\u0101kt brauk\u0161anu, k\u0101 ar\u012b sa\u012bsina bremz\u0113\u0161anas ce\u013cu snieg\u0101 un slapjdra\u0146\u0137\u012b.<\/span><\/p>\n<p class=\"western\"><span style=\"font-family: Arial, sans-serif;\">Riepas darin\u0101tas no elastrom\u0113riem bag\u0101ta gumijas sakaus\u0113juma. \u0160ie \u0137\u012bmiskie elementi \u013cauj riepai saglab\u0101t elast\u012bbu zem\u0101s gaisa temperat\u016br\u0101s. K\u0101 zin\u0101ms, elast\u012bga riepa daudz lab\u0101k veido sa\u0137eri ar ce\u013cu, k\u0101 ar\u012b dilst vienm\u0113r\u012bg\u0101k.<\/span><\/p>\n","protected":false},"excerpt":{"rendered":"<p class=\"western\"><strong><span style=\"font-family: Arial, sans-serif;\">Headway PMS01\u00a0<\/span><\/strong><span style=\"font-family: Arial, sans-serif;\">ir labas kvalit\u0101tes, bud\u017eeta klases vissezonas riepu modelis. Tas izce\u013cas ar labu komforta, degvielas ekonomijas un sa\u0137eres l\u012bmeni gan uz sausa un slapja asfalta, gan ar\u012b snieg\u0101 un slapjdra\u0146\u0137\u012b. \u0160is riepu modelis pieejams pla\u0161\u0101 izm\u0113ru kl\u0101st\u0101 no R14 l\u012bdz R19. Tas paredz\u0113ts ar\u012b tikpat pla\u0161am automa\u0161\u012bnu spektram &#8211; no kompaktklases, l\u012bdz pat lielajiem apvidus auto. Protektora un gumijas sast\u0101va \u012bpa\u0161\u012bbas \u0161o riepu modeli padara piem\u0113rotu tiem autobrauc\u0113jiem, kas ziem\u0101 p\u0101rvietojas pa pils\u0113tu un \u0161oseju.<\/span><\/p>\n","protected":false},"featured_media":953537,"template":"","meta":{"_acf_changed":false,"ngg_post_thumbnail":0},"product_brand":[],"product_cat":[47,45],"product_tag":[],"class_list":{"0":"post-952855","1":"product","2":"type-product","3":"status-publish","4":"has-post-thumbnail","6":"product_cat-vissezonas-riepas","7":"product_cat-ziemas-riepas","9":"first","10":"instock","11":"sale","12":"taxable","13":"shipping-taxable","14":"purchasable","15":"product-type-simple"},"acf":[],"yoast_head":"<!-- This site is optimized with the Yoast SEO Premium plugin v22.6 (Yoast SEO v27.3) - https:\/\/yoast.com\/product\/yoast-seo-premium-wordpress\/ -->\n<title>225\/50R17 Headway PMS01 98V XL &#8226; MMK Riepas<\/title>\n<meta name=\"robots\" content=\"index, follow, max-snippet:-1, max-image-preview:large, max-video-preview:-1\" \/>\n<link rel=\"canonical\" href=\"https:\/\/mmkriepas.lv\/en\/p\/225-50r17-headway-pms01-98v-xl\/\" \/>\n<meta property=\"og:locale\" content=\"en_US\" \/>\n<meta property=\"og:type\" content=\"article\" \/>\n<meta property=\"og:title\" content=\"225\/50R17 Headway PMS01 98V XL\" \/>\n<meta property=\"og:description\" content=\"Headway PMS01\u00a0ir labas kvalit\u0101tes, bud\u017eeta klases vissezonas riepu modelis. Tas izce\u013cas ar labu komforta, degvielas ekonomijas un sa\u0137eres l\u012bmeni gan uz sausa un slapja asfalta, gan ar\u012b snieg\u0101 un slapjdra\u0146\u0137\u012b. \u0160is riepu modelis pieejams pla\u0161\u0101 izm\u0113ru kl\u0101st\u0101 no R14 l\u012bdz R19. Tas paredz\u0113ts ar\u012b tikpat pla\u0161am automa\u0161\u012bnu spektram - no kompaktklases, l\u012bdz pat lielajiem apvidus auto. Protektora un gumijas sast\u0101va \u012bpa\u0161\u012bbas \u0161o riepu modeli padara piem\u0113rotu tiem autobrauc\u0113jiem, kas ziem\u0101 p\u0101rvietojas pa pils\u0113tu un \u0161oseju.\" \/>\n<meta property=\"og:url\" content=\"https:\/\/mmkriepas.lv\/en\/p\/225-50r17-headway-pms01-98v-xl\/\" \/>\n<meta property=\"og:site_name\" content=\"MMK Riepas\" \/>\n<meta property=\"article:publisher\" content=\"https:\/\/www.facebook.com\/mmkserviss\/\" \/>\n<meta property=\"article:modified_time\" content=\"2026-03-27T22:00:16+00:00\" \/>\n<meta property=\"og:image\" content=\"https:\/\/mmkriepas.lv\/wp-content\/uploads\/2024\/08\/21565r16-headway-pms01-98h-ziemas-riepas.jpg\" \/>\n\t<meta property=\"og:image:width\" content=\"900\" \/>\n\t<meta property=\"og:image:height\" content=\"720\" \/>\n\t<meta property=\"og:image:type\" content=\"image\/jpeg\" \/>\n<meta name=\"twitter:card\" content=\"summary_large_image\" \/>\n<meta name=\"twitter:label1\" content=\"Price\" \/>\n\t<meta name=\"twitter:data1\" content=\"&euro;45.00\" \/>\n\t<meta name=\"twitter:label2\" content=\"Availability\" \/>\n\t<meta name=\"twitter:data2\" content=\"In stock\" \/>\n<script type=\"application\/ld+json\" class=\"yoast-schema-graph\">{\"@context\":\"https:\\\/\\\/schema.org\",\"@graph\":[{\"@type\":\"WebPage\",\"@id\":\"https:\\\/\\\/mmkriepas.lv\\\/en\\\/p\\\/225-50r17-headway-pms01-98v-xl\\\/\",\"url\":\"https:\\\/\\\/mmkriepas.lv\\\/en\\\/p\\\/225-50r17-headway-pms01-98v-xl\\\/\",\"name\":\"225\\\/50R17 Headway PMS01 98V XL &#8226; MMK Riepas\",\"isPartOf\":{\"@id\":\"https:\\\/\\\/mmkriepas.lv\\\/en\\\/#website\"},\"primaryImageOfPage\":{\"@id\":\"https:\\\/\\\/mmkriepas.lv\\\/en\\\/p\\\/225-50r17-headway-pms01-98v-xl\\\/#primaryimage\"},\"image\":{\"@id\":\"https:\\\/\\\/mmkriepas.lv\\\/en\\\/p\\\/225-50r17-headway-pms01-98v-xl\\\/#primaryimage\"},\"thumbnailUrl\":\"https:\\\/\\\/mmkriepas.lv\\\/wp-content\\\/uploads\\\/2024\\\/08\\\/21565r16-headway-pms01-98h-ziemas-riepas.jpg\",\"datePublished\":\"2024-08-19T09:25:06+00:00\",\"dateModified\":\"2026-03-27T22:00:16+00:00\",\"breadcrumb\":{\"@id\":\"https:\\\/\\\/mmkriepas.lv\\\/en\\\/p\\\/225-50r17-headway-pms01-98v-xl\\\/#breadcrumb\"},\"inLanguage\":\"en-US\",\"potentialAction\":[{\"@type\":\"ReadAction\",\"target\":[\"https:\\\/\\\/mmkriepas.lv\\\/en\\\/p\\\/225-50r17-headway-pms01-98v-xl\\\/\"]}]},{\"@type\":\"ImageObject\",\"inLanguage\":\"en-US\",\"@id\":\"https:\\\/\\\/mmkriepas.lv\\\/en\\\/p\\\/225-50r17-headway-pms01-98v-xl\\\/#primaryimage\",\"url\":\"https:\\\/\\\/mmkriepas.lv\\\/wp-content\\\/uploads\\\/2024\\\/08\\\/21565r16-headway-pms01-98h-ziemas-riepas.jpg\",\"contentUrl\":\"https:\\\/\\\/mmkriepas.lv\\\/wp-content\\\/uploads\\\/2024\\\/08\\\/21565r16-headway-pms01-98h-ziemas-riepas.jpg\",\"width\":900,\"height\":720,\"caption\":\"215\\\/65R16 Headway PMS01 98H - Vissezonas riepas \\\/ Ziemas riepas\"},{\"@type\":\"BreadcrumbList\",\"@id\":\"https:\\\/\\\/mmkriepas.lv\\\/en\\\/p\\\/225-50r17-headway-pms01-98v-xl\\\/#breadcrumb\",\"itemListElement\":[{\"@type\":\"ListItem\",\"position\":1,\"name\":\"S\u0101kums\",\"item\":\"https:\\\/\\\/mmkriepas.lv\\\/en\\\/\"},{\"@type\":\"ListItem\",\"position\":2,\"name\":\"225\\\/50R17 Headway PMS01 98V XL\"}]},{\"@type\":\"WebSite\",\"@id\":\"https:\\\/\\\/mmkriepas.lv\\\/en\\\/#website\",\"url\":\"https:\\\/\\\/mmkriepas.lv\\\/en\\\/\",\"name\":\"MMK Riepas\",\"description\":\"MMK Riepas\",\"alternateName\":\"MMK Riepu Serviss\",\"potentialAction\":[{\"@type\":\"SearchAction\",\"target\":{\"@type\":\"EntryPoint\",\"urlTemplate\":\"https:\\\/\\\/mmkriepas.lv\\\/en\\\/?s={search_term_string}\"},\"query-input\":{\"@type\":\"PropertyValueSpecification\",\"valueRequired\":true,\"valueName\":\"search_term_string\"}}],\"inLanguage\":\"en-US\"},{\"@type\":\"ImageObject\",\"inLanguage\":\"en-US\",\"@id\":\"https:\\\/\\\/mmkriepas.lv\\\/en\\\/p\\\/225-50r17-headway-pms01-98v-xl\\\/#local-main-organization-logo\",\"url\":\"\",\"contentUrl\":\"\",\"caption\":\"MMK Riepas\"}]}<\/script>\n<meta property=\"product:brand\" content=\"Headway PMS01\" \/>\n<meta property=\"product:price:amount\" content=\"45.00\" \/>\n<meta property=\"product:price:currency\" content=\"EUR\" \/>\n<meta property=\"og:availability\" content=\"instock\" \/>\n<meta property=\"product:availability\" content=\"instock\" \/>\n<meta property=\"product:retailer_item_id\" content=\"TW2255017HEADW-39201\" \/>\n<meta property=\"product:condition\" content=\"new\" \/>\n<!-- \/ Yoast SEO Premium plugin. -->","yoast_head_json":{"title":"225\/50R17 Headway PMS01 98V XL &#8226; MMK Riepas","robots":{"index":"index","follow":"follow","max-snippet":"max-snippet:-1","max-image-preview":"max-image-preview:large","max-video-preview":"max-video-preview:-1"},"canonical":"https:\/\/mmkriepas.lv\/en\/p\/225-50r17-headway-pms01-98v-xl\/","og_locale":"en_US","og_type":"article","og_title":"225\/50R17 Headway PMS01 98V XL","og_description":"Headway PMS01\u00a0ir labas kvalit\u0101tes, bud\u017eeta klases vissezonas riepu modelis. Tas izce\u013cas ar labu komforta, degvielas ekonomijas un sa\u0137eres l\u012bmeni gan uz sausa un slapja asfalta, gan ar\u012b snieg\u0101 un slapjdra\u0146\u0137\u012b. \u0160is riepu modelis pieejams pla\u0161\u0101 izm\u0113ru kl\u0101st\u0101 no R14 l\u012bdz R19. Tas paredz\u0113ts ar\u012b tikpat pla\u0161am automa\u0161\u012bnu spektram - no kompaktklases, l\u012bdz pat lielajiem apvidus auto. Protektora un gumijas sast\u0101va \u012bpa\u0161\u012bbas \u0161o riepu modeli padara piem\u0113rotu tiem autobrauc\u0113jiem, kas ziem\u0101 p\u0101rvietojas pa pils\u0113tu un \u0161oseju.","og_url":"https:\/\/mmkriepas.lv\/en\/p\/225-50r17-headway-pms01-98v-xl\/","og_site_name":"MMK Riepas","article_publisher":"https:\/\/www.facebook.com\/mmkserviss\/","article_modified_time":"2026-03-27T22:00:16+00:00","og_image":[{"width":900,"height":720,"url":"https:\/\/mmkriepas.lv\/wp-content\/uploads\/2024\/08\/21565r16-headway-pms01-98h-ziemas-riepas.jpg","type":"image\/jpeg"}],"twitter_card":"summary_large_image","twitter_misc":{"Price":"&euro;45.00","Availability":"In stock"},"schema":{"@context":"https:\/\/schema.org","@graph":[{"@type":"WebPage","@id":"https:\/\/mmkriepas.lv\/en\/p\/225-50r17-headway-pms01-98v-xl\/","url":"https:\/\/mmkriepas.lv\/en\/p\/225-50r17-headway-pms01-98v-xl\/","name":"225\/50R17 Headway PMS01 98V XL &#8226; MMK Riepas","isPartOf":{"@id":"https:\/\/mmkriepas.lv\/en\/#website"},"primaryImageOfPage":{"@id":"https:\/\/mmkriepas.lv\/en\/p\/225-50r17-headway-pms01-98v-xl\/#primaryimage"},"image":{"@id":"https:\/\/mmkriepas.lv\/en\/p\/225-50r17-headway-pms01-98v-xl\/#primaryimage"},"thumbnailUrl":"https:\/\/mmkriepas.lv\/wp-content\/uploads\/2024\/08\/21565r16-headway-pms01-98h-ziemas-riepas.jpg","datePublished":"2024-08-19T09:25:06+00:00","dateModified":"2026-03-27T22:00:16+00:00","breadcrumb":{"@id":"https:\/\/mmkriepas.lv\/en\/p\/225-50r17-headway-pms01-98v-xl\/#breadcrumb"},"inLanguage":"en-US","potentialAction":[{"@type":"ReadAction","target":["https:\/\/mmkriepas.lv\/en\/p\/225-50r17-headway-pms01-98v-xl\/"]}]},{"@type":"ImageObject","inLanguage":"en-US","@id":"https:\/\/mmkriepas.lv\/en\/p\/225-50r17-headway-pms01-98v-xl\/#primaryimage","url":"https:\/\/mmkriepas.lv\/wp-content\/uploads\/2024\/08\/21565r16-headway-pms01-98h-ziemas-riepas.jpg","contentUrl":"https:\/\/mmkriepas.lv\/wp-content\/uploads\/2024\/08\/21565r16-headway-pms01-98h-ziemas-riepas.jpg","width":900,"height":720,"caption":"215\/65R16 Headway PMS01 98H - Vissezonas riepas \/ Ziemas riepas"},{"@type":"BreadcrumbList","@id":"https:\/\/mmkriepas.lv\/en\/p\/225-50r17-headway-pms01-98v-xl\/#breadcrumb","itemListElement":[{"@type":"ListItem","position":1,"name":"S\u0101kums","item":"https:\/\/mmkriepas.lv\/en\/"},{"@type":"ListItem","position":2,"name":"225\/50R17 Headway PMS01 98V XL"}]},{"@type":"WebSite","@id":"https:\/\/mmkriepas.lv\/en\/#website","url":"https:\/\/mmkriepas.lv\/en\/","name":"MMK Riepas","description":"MMK Riepas","alternateName":"MMK Riepu Serviss","potentialAction":[{"@type":"SearchAction","target":{"@type":"EntryPoint","urlTemplate":"https:\/\/mmkriepas.lv\/en\/?s={search_term_string}"},"query-input":{"@type":"PropertyValueSpecification","valueRequired":true,"valueName":"search_term_string"}}],"inLanguage":"en-US"},{"@type":"ImageObject","inLanguage":"en-US","@id":"https:\/\/mmkriepas.lv\/en\/p\/225-50r17-headway-pms01-98v-xl\/#local-main-organization-logo","url":"","contentUrl":"","caption":"MMK Riepas"}]},"product_brand":"Headway PMS01","product_price_amount":"45.00","product_price_currency":"EUR","og_availability":"instock","product_availability":"instock","product_retailer_item_id":"TW2255017HEADW-39201","product_condition":"new"},"_links":{"self":[{"href":"https:\/\/mmkriepas.lv\/en\/wp-json\/wp\/v2\/product\/952855","targetHints":{"allow":["GET"]}}],"collection":[{"href":"https:\/\/mmkriepas.lv\/en\/wp-json\/wp\/v2\/product"}],"about":[{"href":"https:\/\/mmkriepas.lv\/en\/wp-json\/wp\/v2\/types\/product"}],"wp:featuredmedia":[{"embeddable":true,"href":"https:\/\/mmkriepas.lv\/en\/wp-json\/wp\/v2\/media\/953537"}],"wp:attachment":[{"href":"https:\/\/mmkriepas.lv\/en\/wp-json\/wp\/v2\/media?parent=952855"}],"wp:term":[{"taxonomy":"product_brand","embeddable":true,"href":"https:\/\/mmkriepas.lv\/en\/wp-json\/wp\/v2\/product_brand?post=952855"},{"taxonomy":"product_cat","embeddable":true,"href":"https:\/\/mmkriepas.lv\/en\/wp-json\/wp\/v2\/product_cat?post=952855"},{"taxonomy":"product_tag","embeddable":true,"href":"https:\/\/mmkriepas.lv\/en\/wp-json\/wp\/v2\/product_tag?post=952855"}],"curies":[{"name":"wp","href":"https:\/\/api.w.org\/{rel}","templated":true}]}}