{"id":95058,"date":"2019-03-06T17:20:38","date_gmt":"2019-03-06T15:20:38","guid":{"rendered":"https:\/\/mmkserviss.lv\/?post_type=product&#038;p=95058"},"modified":"2026-03-20T16:14:51","modified_gmt":"2026-03-20T14:14:51","slug":"175-65r14c-sailun-commercio-vx1-90-88t","status":"publish","type":"product","link":"https:\/\/mmkriepas.lv\/en\/p\/175-65r14c-sailun-commercio-vx1-90-88t\/","title":{"rendered":"175\/65R14C Sailun Commercio VX1 90\/88T"},"content":{"rendered":"<p><strong>Sailun Commercio VX1\u00a0<\/strong>ir vasaras komerctransporta riepu modelis, kas izce\u013cas ar paaugstin\u0101tu kravnes\u012bbu, triecien un nodilumiztur\u012bbu, k\u0101 ar\u012b labu sa\u0137eri gan ar sausu, gan slapju asfaltu.<o:p><\/o:p><\/p>\n<h3><strong>Commercio VX1 galven\u0101s iez\u012bmes:<\/strong><o:p><\/o:p><\/h3>\n<p>+ Komerctransporta jeb c indeksa riepu modelis, kas paredz\u0113ts mikroautobusiem un vieglajiem kravas auto;<o:p><\/o:p><\/p>\n<p>+ Pastiprin\u0101ta riepas karkasa konstrukcija nodro\u0161ina paaugstin\u0101tu triecieniztur\u012bbu;<o:p><\/o:p><\/p>\n<p>+ Uzlabots riepas gumijas sast\u0101vs palielina nodilumiztur\u012bbu;<o:p><\/o:p><\/p>\n<p>+ Laba sa\u0137ere gan ar sausu, gan ar\u012b slapju asfaltu;<o:p><\/o:p><\/p>\n<p>+ Samazin\u0101ts akvaplan\u0113\u0161anas risks, pateicoties augsti att\u012bst\u012btai dren\u0101\u017eas kan\u0101lu sist\u0113mai.<o:p><\/o:p><\/p>\n<h3><strong>Commercio VX1 apr\u012bkojums<\/strong><o:p><\/o:p><\/h3>\n<p>Sailun Commercio VX1 c indeksa riepu modelis apr\u012bkots ar riepas karkasu, kas pastiprin\u0101ts ar vair\u0101kiem papildus kordu jeb brekera sl\u0101\u0146iem. Karkass iet\u0113rpts augstas kvalit\u0101tes, nodilumiztur\u012bg\u0101 gumijas sakaus\u0113jum\u0101, kuru rot\u0101 klasisks, simetrisks protektora raksts.Starp mas\u012bvaj\u0101m protektora bloku virkn\u0113m atrodama augsti att\u012bst\u012bta dren\u0101\u017eas kan\u0101lu sist\u0113ma, kas izcili tiek gal\u0101 ar \u016bdens novadi no riepas kontakta virsmas ar ce\u013cu, samazinot akvaplan\u0113\u0161anas risku.<o:p><\/o:p><\/p>\n<p>\u0160is vasaras komerctransporta riepu modelis piem\u0113rots tiem busu vad\u012bt\u0101jiem, kas vasaras laik\u0101 m\u0113ro lielus att\u0101lumus un par sabiedroto v\u0113las riepu, kas b\u016bs nodilumiztur\u012bga, ar zemu rites pretest\u012bbu &#8211; degvielas pat\u0113ri\u0146u un teicamu sa\u0137eri gan uz asfalta, gan ar\u012b grants ce\u013ciem.<o:p><\/o:p><\/p>\n<p><strong><span style=\"color: red;\">*Uzman\u012bbu<\/span><\/strong><span style=\"color: red;\">:<\/span> vasaras riepas, kas ir ra\u017eotas \u0136\u012bn\u0101, var b\u016bt apz\u012bm\u0113tas ar apz\u012bm\u0113jumu M + S. J\u0101\u0146em ver\u0101, ka \u0136\u012bnas teritorija sniedzas da\u017e\u0101d\u0101s klimatiskaj\u0101s zon\u0101s, kur da\u017eviet metereolo\u0123isk\u0101 ziema t\u0101 ar\u012b neiest\u0101jas. L\u012bdz ar to, tur \u0161\u012bs riepas var izmantot visu gadu, kam\u0113r <strong><span style=\"color: red;\">Latvij\u0101 tas nestr\u0101d\u0101<\/span><\/strong>!<o:p><\/o:p><\/p>\n","protected":false},"excerpt":{"rendered":"<p><strong>Sailun Commercio VX1\u00a0<\/strong>ir vasaras komerctransporta riepu modelis, kas izce\u013cas ar paaugstin\u0101tu kravnes\u012bbu, triecien un nodilumiztur\u012bbu, k\u0101 ar\u012b labu sa\u0137eri gan ar sausu, gan slapju asfaltu.<o:p><\/o:p><\/p>\n","protected":false},"featured_media":867005,"template":"","meta":{"_acf_changed":false,"ngg_post_thumbnail":0},"product_brand":[],"product_cat":[46],"product_tag":[],"class_list":{"0":"post-95058","1":"product","2":"type-product","3":"status-publish","4":"has-post-thumbnail","6":"product_cat-vasaras-riepas","8":"first","9":"instock","10":"sale","11":"taxable","12":"shipping-taxable","13":"product-type-simple"},"acf":[],"yoast_head":"<!-- This site is optimized with the Yoast SEO Premium plugin v22.6 (Yoast SEO v27.3) - https:\/\/yoast.com\/product\/yoast-seo-premium-wordpress\/ -->\n<title>175\/65R14C Sailun Commercio VX1 90\/88T &#8226; MMK Riepas<\/title>\n<meta name=\"robots\" content=\"index, follow, max-snippet:-1, max-image-preview:large, max-video-preview:-1\" \/>\n<link rel=\"canonical\" href=\"https:\/\/mmkriepas.lv\/en\/p\/175-65r14c-sailun-commercio-vx1-90-88t\/\" \/>\n<meta property=\"og:locale\" content=\"en_US\" \/>\n<meta property=\"og:type\" content=\"article\" \/>\n<meta property=\"og:title\" content=\"175\/65R14C Sailun Commercio VX1 90\/88T\" \/>\n<meta property=\"og:description\" content=\"Sailun Commercio VX1\u00a0ir vasaras komerctransporta riepu modelis, kas izce\u013cas ar paaugstin\u0101tu kravnes\u012bbu, triecien un nodilumiztur\u012bbu, k\u0101 ar\u012b labu sa\u0137eri gan ar sausu, gan slapju asfaltu.\" \/>\n<meta property=\"og:url\" content=\"https:\/\/mmkriepas.lv\/en\/p\/175-65r14c-sailun-commercio-vx1-90-88t\/\" \/>\n<meta property=\"og:site_name\" content=\"MMK Riepas\" \/>\n<meta property=\"article:publisher\" content=\"https:\/\/www.facebook.com\/mmkserviss\/\" \/>\n<meta property=\"article:modified_time\" content=\"2026-03-20T14:14:51+00:00\" \/>\n<meta property=\"og:image\" content=\"https:\/\/mmkriepas.lv\/wp-content\/uploads\/2024\/02\/19570r15c-sailun-commercio-vx1-104102r-vasaras-riepas.jpg\" \/>\n\t<meta property=\"og:image:width\" content=\"1920\" \/>\n\t<meta property=\"og:image:height\" content=\"1450\" \/>\n\t<meta property=\"og:image:type\" content=\"image\/jpeg\" \/>\n<meta name=\"twitter:card\" content=\"summary_large_image\" \/>\n<meta name=\"twitter:label1\" content=\"Price\" \/>\n\t<meta name=\"twitter:data1\" content=\"&euro;51.00\" \/>\n\t<meta name=\"twitter:label2\" content=\"Availability\" \/>\n\t<meta name=\"twitter:data2\" content=\"In stock\" \/>\n<script type=\"application\/ld+json\" class=\"yoast-schema-graph\">{\"@context\":\"https:\\\/\\\/schema.org\",\"@graph\":[{\"@type\":\"WebPage\",\"@id\":\"https:\\\/\\\/mmkriepas.lv\\\/en\\\/p\\\/175-65r14c-sailun-commercio-vx1-90-88t\\\/\",\"url\":\"https:\\\/\\\/mmkriepas.lv\\\/en\\\/p\\\/175-65r14c-sailun-commercio-vx1-90-88t\\\/\",\"name\":\"175\\\/65R14C Sailun Commercio VX1 90\\\/88T &#8226; MMK Riepas\",\"isPartOf\":{\"@id\":\"https:\\\/\\\/mmkriepas.lv\\\/en\\\/#website\"},\"primaryImageOfPage\":{\"@id\":\"https:\\\/\\\/mmkriepas.lv\\\/en\\\/p\\\/175-65r14c-sailun-commercio-vx1-90-88t\\\/#primaryimage\"},\"image\":{\"@id\":\"https:\\\/\\\/mmkriepas.lv\\\/en\\\/p\\\/175-65r14c-sailun-commercio-vx1-90-88t\\\/#primaryimage\"},\"thumbnailUrl\":\"https:\\\/\\\/mmkriepas.lv\\\/wp-content\\\/uploads\\\/2024\\\/02\\\/19570r15c-sailun-commercio-vx1-104102r-vasaras-riepas.jpg\",\"datePublished\":\"2019-03-06T15:20:38+00:00\",\"dateModified\":\"2026-03-20T14:14:51+00:00\",\"breadcrumb\":{\"@id\":\"https:\\\/\\\/mmkriepas.lv\\\/en\\\/p\\\/175-65r14c-sailun-commercio-vx1-90-88t\\\/#breadcrumb\"},\"inLanguage\":\"en-US\",\"potentialAction\":[{\"@type\":\"ReadAction\",\"target\":[\"https:\\\/\\\/mmkriepas.lv\\\/en\\\/p\\\/175-65r14c-sailun-commercio-vx1-90-88t\\\/\"]}]},{\"@type\":\"ImageObject\",\"inLanguage\":\"en-US\",\"@id\":\"https:\\\/\\\/mmkriepas.lv\\\/en\\\/p\\\/175-65r14c-sailun-commercio-vx1-90-88t\\\/#primaryimage\",\"url\":\"https:\\\/\\\/mmkriepas.lv\\\/wp-content\\\/uploads\\\/2024\\\/02\\\/19570r15c-sailun-commercio-vx1-104102r-vasaras-riepas.jpg\",\"contentUrl\":\"https:\\\/\\\/mmkriepas.lv\\\/wp-content\\\/uploads\\\/2024\\\/02\\\/19570r15c-sailun-commercio-vx1-104102r-vasaras-riepas.jpg\",\"width\":1920,\"height\":1450,\"caption\":\"MMK Sailun Commercio VX1 MAIN\"},{\"@type\":\"BreadcrumbList\",\"@id\":\"https:\\\/\\\/mmkriepas.lv\\\/en\\\/p\\\/175-65r14c-sailun-commercio-vx1-90-88t\\\/#breadcrumb\",\"itemListElement\":[{\"@type\":\"ListItem\",\"position\":1,\"name\":\"S\u0101kums\",\"item\":\"https:\\\/\\\/mmkriepas.lv\\\/en\\\/\"},{\"@type\":\"ListItem\",\"position\":2,\"name\":\"175\\\/65R14C Sailun Commercio VX1 90\\\/88T\"}]},{\"@type\":\"WebSite\",\"@id\":\"https:\\\/\\\/mmkriepas.lv\\\/en\\\/#website\",\"url\":\"https:\\\/\\\/mmkriepas.lv\\\/en\\\/\",\"name\":\"MMK Riepas\",\"description\":\"MMK Riepas\",\"alternateName\":\"MMK Riepu Serviss\",\"potentialAction\":[{\"@type\":\"SearchAction\",\"target\":{\"@type\":\"EntryPoint\",\"urlTemplate\":\"https:\\\/\\\/mmkriepas.lv\\\/en\\\/?s={search_term_string}\"},\"query-input\":{\"@type\":\"PropertyValueSpecification\",\"valueRequired\":true,\"valueName\":\"search_term_string\"}}],\"inLanguage\":\"en-US\"},{\"@type\":\"ImageObject\",\"inLanguage\":\"en-US\",\"@id\":\"https:\\\/\\\/mmkriepas.lv\\\/en\\\/p\\\/175-65r14c-sailun-commercio-vx1-90-88t\\\/#local-main-organization-logo\",\"url\":\"\",\"contentUrl\":\"\",\"caption\":\"MMK Riepas\"}]}<\/script>\n<meta property=\"product:brand\" content=\"Sailun Commercio VX1\" \/>\n<meta property=\"product:price:amount\" content=\"51.00\" \/>\n<meta property=\"product:price:currency\" content=\"EUR\" \/>\n<meta property=\"og:availability\" content=\"instock\" \/>\n<meta property=\"product:availability\" content=\"instock\" \/>\n<meta property=\"product:condition\" content=\"new\" \/>\n<!-- \/ Yoast SEO Premium plugin. -->","yoast_head_json":{"title":"175\/65R14C Sailun Commercio VX1 90\/88T &#8226; MMK Riepas","robots":{"index":"index","follow":"follow","max-snippet":"max-snippet:-1","max-image-preview":"max-image-preview:large","max-video-preview":"max-video-preview:-1"},"canonical":"https:\/\/mmkriepas.lv\/en\/p\/175-65r14c-sailun-commercio-vx1-90-88t\/","og_locale":"en_US","og_type":"article","og_title":"175\/65R14C Sailun Commercio VX1 90\/88T","og_description":"Sailun Commercio VX1\u00a0ir vasaras komerctransporta riepu modelis, kas izce\u013cas ar paaugstin\u0101tu kravnes\u012bbu, triecien un nodilumiztur\u012bbu, k\u0101 ar\u012b labu sa\u0137eri gan ar sausu, gan slapju asfaltu.","og_url":"https:\/\/mmkriepas.lv\/en\/p\/175-65r14c-sailun-commercio-vx1-90-88t\/","og_site_name":"MMK Riepas","article_publisher":"https:\/\/www.facebook.com\/mmkserviss\/","article_modified_time":"2026-03-20T14:14:51+00:00","og_image":[{"width":1920,"height":1450,"url":"https:\/\/mmkriepas.lv\/wp-content\/uploads\/2024\/02\/19570r15c-sailun-commercio-vx1-104102r-vasaras-riepas.jpg","type":"image\/jpeg"}],"twitter_card":"summary_large_image","twitter_misc":{"Price":"&euro;51.00","Availability":"In stock"},"schema":{"@context":"https:\/\/schema.org","@graph":[{"@type":"WebPage","@id":"https:\/\/mmkriepas.lv\/en\/p\/175-65r14c-sailun-commercio-vx1-90-88t\/","url":"https:\/\/mmkriepas.lv\/en\/p\/175-65r14c-sailun-commercio-vx1-90-88t\/","name":"175\/65R14C Sailun Commercio VX1 90\/88T &#8226; MMK Riepas","isPartOf":{"@id":"https:\/\/mmkriepas.lv\/en\/#website"},"primaryImageOfPage":{"@id":"https:\/\/mmkriepas.lv\/en\/p\/175-65r14c-sailun-commercio-vx1-90-88t\/#primaryimage"},"image":{"@id":"https:\/\/mmkriepas.lv\/en\/p\/175-65r14c-sailun-commercio-vx1-90-88t\/#primaryimage"},"thumbnailUrl":"https:\/\/mmkriepas.lv\/wp-content\/uploads\/2024\/02\/19570r15c-sailun-commercio-vx1-104102r-vasaras-riepas.jpg","datePublished":"2019-03-06T15:20:38+00:00","dateModified":"2026-03-20T14:14:51+00:00","breadcrumb":{"@id":"https:\/\/mmkriepas.lv\/en\/p\/175-65r14c-sailun-commercio-vx1-90-88t\/#breadcrumb"},"inLanguage":"en-US","potentialAction":[{"@type":"ReadAction","target":["https:\/\/mmkriepas.lv\/en\/p\/175-65r14c-sailun-commercio-vx1-90-88t\/"]}]},{"@type":"ImageObject","inLanguage":"en-US","@id":"https:\/\/mmkriepas.lv\/en\/p\/175-65r14c-sailun-commercio-vx1-90-88t\/#primaryimage","url":"https:\/\/mmkriepas.lv\/wp-content\/uploads\/2024\/02\/19570r15c-sailun-commercio-vx1-104102r-vasaras-riepas.jpg","contentUrl":"https:\/\/mmkriepas.lv\/wp-content\/uploads\/2024\/02\/19570r15c-sailun-commercio-vx1-104102r-vasaras-riepas.jpg","width":1920,"height":1450,"caption":"MMK Sailun Commercio VX1 MAIN"},{"@type":"BreadcrumbList","@id":"https:\/\/mmkriepas.lv\/en\/p\/175-65r14c-sailun-commercio-vx1-90-88t\/#breadcrumb","itemListElement":[{"@type":"ListItem","position":1,"name":"S\u0101kums","item":"https:\/\/mmkriepas.lv\/en\/"},{"@type":"ListItem","position":2,"name":"175\/65R14C Sailun Commercio VX1 90\/88T"}]},{"@type":"WebSite","@id":"https:\/\/mmkriepas.lv\/en\/#website","url":"https:\/\/mmkriepas.lv\/en\/","name":"MMK Riepas","description":"MMK Riepas","alternateName":"MMK Riepu Serviss","potentialAction":[{"@type":"SearchAction","target":{"@type":"EntryPoint","urlTemplate":"https:\/\/mmkriepas.lv\/en\/?s={search_term_string}"},"query-input":{"@type":"PropertyValueSpecification","valueRequired":true,"valueName":"search_term_string"}}],"inLanguage":"en-US"},{"@type":"ImageObject","inLanguage":"en-US","@id":"https:\/\/mmkriepas.lv\/en\/p\/175-65r14c-sailun-commercio-vx1-90-88t\/#local-main-organization-logo","url":"","contentUrl":"","caption":"MMK Riepas"}]},"product_brand":"Sailun Commercio VX1","product_price_amount":"51.00","product_price_currency":"EUR","og_availability":"instock","product_availability":"instock","product_condition":"new"},"_links":{"self":[{"href":"https:\/\/mmkriepas.lv\/en\/wp-json\/wp\/v2\/product\/95058","targetHints":{"allow":["GET"]}}],"collection":[{"href":"https:\/\/mmkriepas.lv\/en\/wp-json\/wp\/v2\/product"}],"about":[{"href":"https:\/\/mmkriepas.lv\/en\/wp-json\/wp\/v2\/types\/product"}],"wp:featuredmedia":[{"embeddable":true,"href":"https:\/\/mmkriepas.lv\/en\/wp-json\/wp\/v2\/media\/867005"}],"wp:attachment":[{"href":"https:\/\/mmkriepas.lv\/en\/wp-json\/wp\/v2\/media?parent=95058"}],"wp:term":[{"taxonomy":"product_brand","embeddable":true,"href":"https:\/\/mmkriepas.lv\/en\/wp-json\/wp\/v2\/product_brand?post=95058"},{"taxonomy":"product_cat","embeddable":true,"href":"https:\/\/mmkriepas.lv\/en\/wp-json\/wp\/v2\/product_cat?post=95058"},{"taxonomy":"product_tag","embeddable":true,"href":"https:\/\/mmkriepas.lv\/en\/wp-json\/wp\/v2\/product_tag?post=95058"}],"curies":[{"name":"wp","href":"https:\/\/api.w.org\/{rel}","templated":true}]}}