{"id":950113,"date":"2024-08-09T16:55:53","date_gmt":"2024-08-09T13:55:53","guid":{"rendered":"https:\/\/mmkriepas.lv\/?post_type=product&#038;p=950113"},"modified":"2026-03-30T14:13:32","modified_gmt":"2026-03-30T11:13:32","slug":"215-65r16c-zeta-antarctica-8-109-107t-8pr","status":"publish","type":"product","link":"https:\/\/mmkriepas.lv\/en\/p\/215-65r16c-zeta-antarctica-8-109-107t-8pr\/","title":{"rendered":"215\/65R16C ZETA Antarctica 8 109\/107T 8PR"},"content":{"rendered":"<p><span style=\"font-family: Times New Roman, serif;\"><span style=\"font-size: medium;\"><span style=\"color: #000000;\"><span style=\"font-family: Arial, serif;\"><b>Zeta Antarctica 8<\/b><\/span><\/span><span style=\"color: #000000;\"><span style=\"font-family: Arial, serif;\"> ir labas kvalit\u0101tes komerctransporta ziemas riepu modelis. <\/span><\/span><span style=\"color: #000000;\"><span style=\"font-family: Arial, serif;\"><b>Zeta riepu r\u016bpn\u012bc\u0101 tiek ra\u017eotas Nokian riepas. Riepu gigants Nokian izv\u0113l\u0113jies tie\u0161i Zeta riepu r\u016bpn\u012bcu augsto kvalit\u0101tes standartu d\u0113\u013c.<\/b><\/span><\/span><span style=\"color: #000000;\"><span style=\"font-family: Arial, serif;\"> Tas izce\u013cas ar teicam\u0101m veiktsp\u0113jas \u012bpa\u0161\u012bb\u0101m snieg\u0101 un uz slapja asfalta, k\u0101 ar\u012b ar degvielas ekonomiju un palielin\u0101tu kravnes\u012bbu.<\/span><\/span><\/span><\/span><\/p>\n<h3 class=\"western\"><span style=\"color: #000000;\"><span style=\"font-family: Arial, serif;\"><span style=\"font-size: medium;\">Zeta Antarctica 8 galven\u0101s iez\u012bmes<\/span><\/span><\/span><\/h3>\n<p><span style=\"font-family: Times New Roman, serif;\"><span style=\"font-size: medium;\"><span style=\"color: #000000;\"><span style=\"font-family: Arial, serif;\">+ Ziemas riepas komerctransportam- mikroautobusiem un vieglajiem kravas auto,<br \/>+ Lieli slodzes jeb kravnes\u012bbas indeksi, kas \u013cauj p\u0101rvad\u0101t smagas kravas pat intens\u012bvas ekspluat\u0101cijas apst\u0101k\u013cos.<br \/>+ Degvielas ekonomija,<br \/>+ Palielin\u0101ta triecieniztur\u012bba,<br \/>+ Palielin\u0101ta riepu nodilumiztur\u012bba, <br \/>+ Laba cenas\/veiktsp\u0113jas attiec\u012bba,<\/span><\/span><\/span><\/span><\/p>\n<h3 class=\"western\"><span style=\"color: #000000;\"><span style=\"font-family: Arial, serif;\"><span style=\"font-size: medium;\">Antarctica 8 apr\u012bkojums<\/span><\/span><\/span><\/h3>\n<p><span style=\"font-family: Times New Roman, serif;\"><span style=\"font-size: medium;\"><span style=\"color: #000000;\"><span style=\"font-family: Arial, serif;\">\u0160is c indeksa riepu modelis apr\u012bkots ar klasisko protektora rakstu. Protektora bloki uzlaboti ar vair\u0101kiem t\u016bksto\u0161iem bl\u012bvi iestr\u0101d\u0101tu lame\u013cu, kuras ar as\u0101m kant\u0113m iec\u0113rtas led\u016b un sabliet\u0113t\u0101 snieg\u0101, ar slidenaj\u0101m virsm\u0101m veidojot cie\u0161u sa\u0137eri.<\/span><\/span><\/span><\/span><\/p>\n<p><span style=\"font-family: Times New Roman, serif;\"><span style=\"font-size: medium;\"><span style=\"color: #000000;\"><span style=\"font-family: Arial, serif;\">Riepas konstrukcija pastiprin\u0101ta ar vair\u0101kiem kordu jeb brekera sl\u0101\u0146iem, padarot riepu nodilumiztur\u012bg\u0101ku, k\u0101 ar\u012b pasarg\u0101jot to no triecieniem.<\/span><\/span><\/span><\/span><\/p>\n<p><span style=\"font-family: Times New Roman, serif;\"><span style=\"font-size: medium;\"><span style=\"color: #000000;\"><span style=\"font-family: Arial, serif;\">Pastiprin\u0101tais karkass iet\u0113rpts nodilumiztur\u012bg\u0101 gumijas sakaus\u0113jum\u0101. Tam pievienotie elastrom\u0113ri pal\u012bdz riepai saglab\u0101t elast\u012bbu pat \u0101rk\u0101rt\u012bgi zem\u0101s temperat\u016br\u0101s. K\u0101 zin\u0101ms, elast\u012bga riepa daudz lab\u0101k veido sa\u0137eri ar ce\u013cu, k\u0101 ar\u012b dilst vienm\u0113r\u012bg\u0101k.<\/span><\/span><\/span><\/span><\/p>\n","protected":false},"excerpt":{"rendered":"<p><span style=\"font-family: Times New Roman, serif;\"><span style=\"font-size: medium;\"><span style=\"color: #000000;\"><span style=\"font-family: Arial, serif;\"><b>Zeta Antarctica 8<\/b><\/span><\/span><span style=\"color: #000000;\"><span style=\"font-family: Arial, serif;\"> ir labas kvalit\u0101tes komerctransporta ziemas riepu modelis. <\/span><\/span><span style=\"color: #000000;\"><span style=\"font-family: Arial, serif;\"><b>Zeta riepu r\u016bpn\u012bc\u0101 tiek ra\u017eotas Nokian riepas. Riepu gigants Nokian izv\u0113l\u0113jies tie\u0161i Zeta riepu r\u016bpn\u012bcu augsto kvalit\u0101tes standartu d\u0113\u013c.<\/b><\/span><\/span><span style=\"color: #000000;\"><span style=\"font-family: Arial, serif;\"> Tas izce\u013cas ar teicam\u0101m veiktsp\u0113jas \u012bpa\u0161\u012bb\u0101m snieg\u0101 un uz slapja asfalta, k\u0101 ar\u012b ar degvielas ekonomiju un palielin\u0101tu kravnes\u012bbu.<\/span><\/span><\/span><\/span><\/p>\n","protected":false},"featured_media":951529,"template":"","meta":{"_acf_changed":false,"ngg_post_thumbnail":0},"product_brand":[],"product_cat":[47,45],"product_tag":[],"class_list":{"0":"post-950113","1":"product","2":"type-product","3":"status-publish","4":"has-post-thumbnail","6":"product_cat-vissezonas-riepas","7":"product_cat-ziemas-riepas","9":"first","10":"instock","11":"sale","12":"taxable","13":"shipping-taxable","14":"purchasable","15":"product-type-simple"},"acf":[],"yoast_head":"<!-- This site is optimized with the Yoast SEO Premium plugin v22.6 (Yoast SEO v27.3) - https:\/\/yoast.com\/product\/yoast-seo-premium-wordpress\/ -->\n<title>215\/65R16C ZETA Antarctica 8 109\/107T 8PR &#8226; MMK Riepas<\/title>\n<meta name=\"robots\" content=\"index, follow, max-snippet:-1, max-image-preview:large, max-video-preview:-1\" \/>\n<link rel=\"canonical\" href=\"https:\/\/mmkriepas.lv\/en\/p\/215-65r16c-zeta-antarctica-8-109-107t-8pr\/\" \/>\n<meta property=\"og:locale\" content=\"en_US\" \/>\n<meta property=\"og:type\" content=\"article\" \/>\n<meta property=\"og:title\" content=\"215\/65R16C ZETA Antarctica 8 109\/107T 8PR\" \/>\n<meta property=\"og:description\" content=\"Zeta Antarctica 8 ir labas kvalit\u0101tes komerctransporta ziemas riepu modelis. Zeta riepu r\u016bpn\u012bc\u0101 tiek ra\u017eotas Nokian riepas. Riepu gigants Nokian izv\u0113l\u0113jies tie\u0161i Zeta riepu r\u016bpn\u012bcu augsto kvalit\u0101tes standartu d\u0113\u013c. Tas izce\u013cas ar teicam\u0101m veiktsp\u0113jas \u012bpa\u0161\u012bb\u0101m snieg\u0101 un uz slapja asfalta, k\u0101 ar\u012b ar degvielas ekonomiju un palielin\u0101tu kravnes\u012bbu.\" \/>\n<meta property=\"og:url\" content=\"https:\/\/mmkriepas.lv\/en\/p\/215-65r16c-zeta-antarctica-8-109-107t-8pr\/\" \/>\n<meta property=\"og:site_name\" content=\"MMK Riepas\" \/>\n<meta property=\"article:publisher\" content=\"https:\/\/www.facebook.com\/mmkserviss\/\" \/>\n<meta property=\"article:modified_time\" content=\"2026-03-30T11:13:32+00:00\" \/>\n<meta property=\"og:image\" content=\"https:\/\/mmkriepas.lv\/wp-content\/uploads\/2024\/08\/ZETA-ANTARCTICA-8.jpg\" \/>\n\t<meta property=\"og:image:width\" content=\"900\" \/>\n\t<meta property=\"og:image:height\" content=\"720\" \/>\n\t<meta property=\"og:image:type\" content=\"image\/jpeg\" \/>\n<meta name=\"twitter:card\" content=\"summary_large_image\" \/>\n<meta name=\"twitter:label1\" content=\"Price\" \/>\n\t<meta name=\"twitter:data1\" content=\"&euro;85.00\" \/>\n\t<meta name=\"twitter:label2\" content=\"Availability\" \/>\n\t<meta name=\"twitter:data2\" content=\"In stock\" \/>\n<script type=\"application\/ld+json\" class=\"yoast-schema-graph\">{\"@context\":\"https:\\\/\\\/schema.org\",\"@graph\":[{\"@type\":\"WebPage\",\"@id\":\"https:\\\/\\\/mmkriepas.lv\\\/en\\\/p\\\/215-65r16c-zeta-antarctica-8-109-107t-8pr\\\/\",\"url\":\"https:\\\/\\\/mmkriepas.lv\\\/en\\\/p\\\/215-65r16c-zeta-antarctica-8-109-107t-8pr\\\/\",\"name\":\"215\\\/65R16C ZETA Antarctica 8 109\\\/107T 8PR &#8226; MMK Riepas\",\"isPartOf\":{\"@id\":\"https:\\\/\\\/mmkriepas.lv\\\/en\\\/#website\"},\"primaryImageOfPage\":{\"@id\":\"https:\\\/\\\/mmkriepas.lv\\\/en\\\/p\\\/215-65r16c-zeta-antarctica-8-109-107t-8pr\\\/#primaryimage\"},\"image\":{\"@id\":\"https:\\\/\\\/mmkriepas.lv\\\/en\\\/p\\\/215-65r16c-zeta-antarctica-8-109-107t-8pr\\\/#primaryimage\"},\"thumbnailUrl\":\"https:\\\/\\\/mmkriepas.lv\\\/wp-content\\\/uploads\\\/2024\\\/08\\\/ZETA-ANTARCTICA-8.jpg\",\"datePublished\":\"2024-08-09T13:55:53+00:00\",\"dateModified\":\"2026-03-30T11:13:32+00:00\",\"breadcrumb\":{\"@id\":\"https:\\\/\\\/mmkriepas.lv\\\/en\\\/p\\\/215-65r16c-zeta-antarctica-8-109-107t-8pr\\\/#breadcrumb\"},\"inLanguage\":\"en-US\",\"potentialAction\":[{\"@type\":\"ReadAction\",\"target\":[\"https:\\\/\\\/mmkriepas.lv\\\/en\\\/p\\\/215-65r16c-zeta-antarctica-8-109-107t-8pr\\\/\"]}]},{\"@type\":\"ImageObject\",\"inLanguage\":\"en-US\",\"@id\":\"https:\\\/\\\/mmkriepas.lv\\\/en\\\/p\\\/215-65r16c-zeta-antarctica-8-109-107t-8pr\\\/#primaryimage\",\"url\":\"https:\\\/\\\/mmkriepas.lv\\\/wp-content\\\/uploads\\\/2024\\\/08\\\/ZETA-ANTARCTICA-8.jpg\",\"contentUrl\":\"https:\\\/\\\/mmkriepas.lv\\\/wp-content\\\/uploads\\\/2024\\\/08\\\/ZETA-ANTARCTICA-8.jpg\",\"width\":900,\"height\":720,\"caption\":\"MAIN\"},{\"@type\":\"BreadcrumbList\",\"@id\":\"https:\\\/\\\/mmkriepas.lv\\\/en\\\/p\\\/215-65r16c-zeta-antarctica-8-109-107t-8pr\\\/#breadcrumb\",\"itemListElement\":[{\"@type\":\"ListItem\",\"position\":1,\"name\":\"S\u0101kums\",\"item\":\"https:\\\/\\\/mmkriepas.lv\\\/en\\\/\"},{\"@type\":\"ListItem\",\"position\":2,\"name\":\"215\\\/65R16C ZETA Antarctica 8 109\\\/107T 8PR\"}]},{\"@type\":\"WebSite\",\"@id\":\"https:\\\/\\\/mmkriepas.lv\\\/en\\\/#website\",\"url\":\"https:\\\/\\\/mmkriepas.lv\\\/en\\\/\",\"name\":\"MMK Riepas\",\"description\":\"MMK Riepas\",\"alternateName\":\"MMK Riepu Serviss\",\"potentialAction\":[{\"@type\":\"SearchAction\",\"target\":{\"@type\":\"EntryPoint\",\"urlTemplate\":\"https:\\\/\\\/mmkriepas.lv\\\/en\\\/?s={search_term_string}\"},\"query-input\":{\"@type\":\"PropertyValueSpecification\",\"valueRequired\":true,\"valueName\":\"search_term_string\"}}],\"inLanguage\":\"en-US\"},{\"@type\":\"ImageObject\",\"inLanguage\":\"en-US\",\"@id\":\"https:\\\/\\\/mmkriepas.lv\\\/en\\\/p\\\/215-65r16c-zeta-antarctica-8-109-107t-8pr\\\/#local-main-organization-logo\",\"url\":\"\",\"contentUrl\":\"\",\"caption\":\"MMK Riepas\"}]}<\/script>\n<meta property=\"product:brand\" content=\"Zeta Antarctica 8\" \/>\n<meta property=\"product:price:amount\" content=\"85.00\" \/>\n<meta property=\"product:price:currency\" content=\"EUR\" \/>\n<meta property=\"og:availability\" content=\"instock\" \/>\n<meta property=\"product:availability\" content=\"instock\" \/>\n<meta property=\"product:retailer_item_id\" content=\"TW2156516CZETA-39045\" \/>\n<meta property=\"product:condition\" content=\"new\" \/>\n<!-- \/ Yoast SEO Premium plugin. -->","yoast_head_json":{"title":"215\/65R16C ZETA Antarctica 8 109\/107T 8PR &#8226; MMK Riepas","robots":{"index":"index","follow":"follow","max-snippet":"max-snippet:-1","max-image-preview":"max-image-preview:large","max-video-preview":"max-video-preview:-1"},"canonical":"https:\/\/mmkriepas.lv\/en\/p\/215-65r16c-zeta-antarctica-8-109-107t-8pr\/","og_locale":"en_US","og_type":"article","og_title":"215\/65R16C ZETA Antarctica 8 109\/107T 8PR","og_description":"Zeta Antarctica 8 ir labas kvalit\u0101tes komerctransporta ziemas riepu modelis. Zeta riepu r\u016bpn\u012bc\u0101 tiek ra\u017eotas Nokian riepas. Riepu gigants Nokian izv\u0113l\u0113jies tie\u0161i Zeta riepu r\u016bpn\u012bcu augsto kvalit\u0101tes standartu d\u0113\u013c. Tas izce\u013cas ar teicam\u0101m veiktsp\u0113jas \u012bpa\u0161\u012bb\u0101m snieg\u0101 un uz slapja asfalta, k\u0101 ar\u012b ar degvielas ekonomiju un palielin\u0101tu kravnes\u012bbu.","og_url":"https:\/\/mmkriepas.lv\/en\/p\/215-65r16c-zeta-antarctica-8-109-107t-8pr\/","og_site_name":"MMK Riepas","article_publisher":"https:\/\/www.facebook.com\/mmkserviss\/","article_modified_time":"2026-03-30T11:13:32+00:00","og_image":[{"width":900,"height":720,"url":"https:\/\/mmkriepas.lv\/wp-content\/uploads\/2024\/08\/ZETA-ANTARCTICA-8.jpg","type":"image\/jpeg"}],"twitter_card":"summary_large_image","twitter_misc":{"Price":"&euro;85.00","Availability":"In stock"},"schema":{"@context":"https:\/\/schema.org","@graph":[{"@type":"WebPage","@id":"https:\/\/mmkriepas.lv\/en\/p\/215-65r16c-zeta-antarctica-8-109-107t-8pr\/","url":"https:\/\/mmkriepas.lv\/en\/p\/215-65r16c-zeta-antarctica-8-109-107t-8pr\/","name":"215\/65R16C ZETA Antarctica 8 109\/107T 8PR &#8226; MMK Riepas","isPartOf":{"@id":"https:\/\/mmkriepas.lv\/en\/#website"},"primaryImageOfPage":{"@id":"https:\/\/mmkriepas.lv\/en\/p\/215-65r16c-zeta-antarctica-8-109-107t-8pr\/#primaryimage"},"image":{"@id":"https:\/\/mmkriepas.lv\/en\/p\/215-65r16c-zeta-antarctica-8-109-107t-8pr\/#primaryimage"},"thumbnailUrl":"https:\/\/mmkriepas.lv\/wp-content\/uploads\/2024\/08\/ZETA-ANTARCTICA-8.jpg","datePublished":"2024-08-09T13:55:53+00:00","dateModified":"2026-03-30T11:13:32+00:00","breadcrumb":{"@id":"https:\/\/mmkriepas.lv\/en\/p\/215-65r16c-zeta-antarctica-8-109-107t-8pr\/#breadcrumb"},"inLanguage":"en-US","potentialAction":[{"@type":"ReadAction","target":["https:\/\/mmkriepas.lv\/en\/p\/215-65r16c-zeta-antarctica-8-109-107t-8pr\/"]}]},{"@type":"ImageObject","inLanguage":"en-US","@id":"https:\/\/mmkriepas.lv\/en\/p\/215-65r16c-zeta-antarctica-8-109-107t-8pr\/#primaryimage","url":"https:\/\/mmkriepas.lv\/wp-content\/uploads\/2024\/08\/ZETA-ANTARCTICA-8.jpg","contentUrl":"https:\/\/mmkriepas.lv\/wp-content\/uploads\/2024\/08\/ZETA-ANTARCTICA-8.jpg","width":900,"height":720,"caption":"MAIN"},{"@type":"BreadcrumbList","@id":"https:\/\/mmkriepas.lv\/en\/p\/215-65r16c-zeta-antarctica-8-109-107t-8pr\/#breadcrumb","itemListElement":[{"@type":"ListItem","position":1,"name":"S\u0101kums","item":"https:\/\/mmkriepas.lv\/en\/"},{"@type":"ListItem","position":2,"name":"215\/65R16C ZETA Antarctica 8 109\/107T 8PR"}]},{"@type":"WebSite","@id":"https:\/\/mmkriepas.lv\/en\/#website","url":"https:\/\/mmkriepas.lv\/en\/","name":"MMK Riepas","description":"MMK Riepas","alternateName":"MMK Riepu Serviss","potentialAction":[{"@type":"SearchAction","target":{"@type":"EntryPoint","urlTemplate":"https:\/\/mmkriepas.lv\/en\/?s={search_term_string}"},"query-input":{"@type":"PropertyValueSpecification","valueRequired":true,"valueName":"search_term_string"}}],"inLanguage":"en-US"},{"@type":"ImageObject","inLanguage":"en-US","@id":"https:\/\/mmkriepas.lv\/en\/p\/215-65r16c-zeta-antarctica-8-109-107t-8pr\/#local-main-organization-logo","url":"","contentUrl":"","caption":"MMK Riepas"}]},"product_brand":"Zeta Antarctica 8","product_price_amount":"85.00","product_price_currency":"EUR","og_availability":"instock","product_availability":"instock","product_retailer_item_id":"TW2156516CZETA-39045","product_condition":"new"},"_links":{"self":[{"href":"https:\/\/mmkriepas.lv\/en\/wp-json\/wp\/v2\/product\/950113","targetHints":{"allow":["GET"]}}],"collection":[{"href":"https:\/\/mmkriepas.lv\/en\/wp-json\/wp\/v2\/product"}],"about":[{"href":"https:\/\/mmkriepas.lv\/en\/wp-json\/wp\/v2\/types\/product"}],"wp:featuredmedia":[{"embeddable":true,"href":"https:\/\/mmkriepas.lv\/en\/wp-json\/wp\/v2\/media\/951529"}],"wp:attachment":[{"href":"https:\/\/mmkriepas.lv\/en\/wp-json\/wp\/v2\/media?parent=950113"}],"wp:term":[{"taxonomy":"product_brand","embeddable":true,"href":"https:\/\/mmkriepas.lv\/en\/wp-json\/wp\/v2\/product_brand?post=950113"},{"taxonomy":"product_cat","embeddable":true,"href":"https:\/\/mmkriepas.lv\/en\/wp-json\/wp\/v2\/product_cat?post=950113"},{"taxonomy":"product_tag","embeddable":true,"href":"https:\/\/mmkriepas.lv\/en\/wp-json\/wp\/v2\/product_tag?post=950113"}],"curies":[{"name":"wp","href":"https:\/\/api.w.org\/{rel}","templated":true}]}}