{"id":94958,"date":"2019-03-06T10:30:34","date_gmt":"2019-03-06T08:30:34","guid":{"rendered":"https:\/\/mmkserviss.lv\/?post_type=product&#038;p=94958"},"modified":"2023-07-27T18:26:47","modified_gmt":"2023-07-27T15:26:47","slug":"235-75r15-triangle-tr257-105h","status":"publish","type":"product","link":"https:\/\/mmkriepas.lv\/en\/p\/235-75r15-triangle-tr257-105h\/","title":{"rendered":"235\/75R15 Triangle Sapphire TR257 105H"},"content":{"rendered":"<p><strong>Triangle Sapphire TR257<\/strong> ir vasaras riepu modelis, kas paredz\u0113ts apvidus jeb SUV klases auto, k\u0101 ar\u012b pils\u0113tas krossoveriem.\u00a0Veidojot riepas Triangle TR257 modeli, ir veiktas neskait\u0101mas p\u0101rbaudes lai sasniegtu maksim\u0101li lab\u0101kos veiktsp\u0113jas r\u0101d\u012bt\u0101jus, sniedzot pat\u0113r\u0113t\u0101jam iesp\u0113ju ieg\u0101d\u0101ties augstas veiktsp\u0113jas riepu par \u013coti konkur\u0113tsp\u0113j\u012bgu cenu. Triangle ir \u0136\u012bnas ra\u017eot\u0101js, kura produkti tiek dizain\u0113ti Somij\u0101, modeli TR257 pied\u0101v\u0101 teju visos popul\u0101rajos izm\u0113ros, s\u0101kot no R15 l\u012bdz pat R19.<o:p><\/o:p><\/p>\n<h3>Sapphire TR257 galven\u0101s \u012bez\u012bmes:<o:p><\/o:p><\/h3>\n<p>+ Paaugstin\u0101ta nodilumiztur\u012bba;<o:p><\/o:p><\/p>\n<p>+ Lieliska sa\u0137ere uz cietajiem ce\u013ca segumiem (gan asfalts, gan bru\u0123is, gan grants vai \u0161\u0137embu ce\u013c\u0161);<o:p><\/o:p><\/p>\n<p>+ Samazin\u0101ts akvaplan\u0113\u0161anas risks<o:p><\/o:p><\/p>\n<h3>Sapphire TR257 raksturojums:<o:p><\/o:p><\/h3>\n<p>\u0160\u012b riepa ra\u017eota, izmantojot m\u016bsdien\u012bg\u0101k\u0101s riepu ra\u017eo\u0161anas tehnolo\u0123ijas un jaun\u0101kos gumijas materi\u0101lus. \u012apa\u0161i uzlabots gumijas mais\u012bjums \u013cauj palielin\u0101t riepas nodilumiztur\u012bbu, l\u012bdz ar to paildzinot riepas kalpo\u0161anas laiku.<o:p><\/o:p><\/p>\n<p>Individu\u0101li izstr\u0101d\u0101ts protektora raksts palielina stabilit\u0101ti uz ce\u013ca, kas \u013cauj vad\u012bt\u0101jam piln\u012bb\u0101 kontrol\u0113t situ\u0101ciju uz ce\u013ca. \u010cetras garenisk\u0101s rievas lieliski izvada \u016bdeni, samazinot akvaplan\u0113\u0161anas risku. Centr\u0101l\u0101 protektora bloku rinda nodro\u0161ina palielin\u0101tu sa\u0137eri, bet \u012bpa\u0161as formas s\u0101nu bloki palielina notur\u012bbu, veicot pagriezienus.<o:p><\/o:p><\/p>\n<p><span style=\"color: red;\">*Uzman\u012bbu:<\/span> vasaras riepas, kas ir ra\u017eotas \u0136\u012bn\u0101, var b\u016bt apz\u012bm\u0113tas ar apz\u012bm\u0113jumu M + S. J\u0101\u0146em ver\u0101, ka \u0136\u012bnas teritorija sniedzas da\u017e\u0101d\u0101s klimatiskaj\u0101s zon\u0101s, kur da\u017eviet metereolo\u0123isk\u0101 ziema t\u0101 ar\u012b neiest\u0101jas. L\u012bdz ar to, tur \u0161\u012bs riepas var izmantot visu gadu, kam\u0113r Latvij\u0101 tas nestr\u0101d\u0101!<o:p><\/o:p><\/p>\n","protected":false},"excerpt":{"rendered":"<p><strong>Triangle Sapphire TR257<\/strong> ir vasaras riepu modelis, kas paredz\u0113ts apvidus jeb SUV klases auto, k\u0101 ar\u012b pils\u0113tas krossoveriem.\u00a0Veidojot riepas Triangle TR257 modeli, ir veiktas neskait\u0101mas p\u0101rbaudes lai sasniegtu maksim\u0101li lab\u0101kos veiktsp\u0113jas r\u0101d\u012bt\u0101jus, sniedzot pat\u0113r\u0113t\u0101jam iesp\u0113ju ieg\u0101d\u0101ties augstas veiktsp\u0113jas riepu par \u013coti konkur\u0113tsp\u0113j\u012bgu cenu. Triangle ir \u0136\u012bnas ra\u017eot\u0101js, kura produkti tiek dizain\u0113ti Somij\u0101, modeli TR257 pied\u0101v\u0101 teju visos popul\u0101rajos izm\u0113ros, s\u0101kot no R15 l\u012bdz pat R19.<o:p><\/o:p><\/p>\n","protected":false},"featured_media":668372,"template":"","meta":{"_acf_changed":false,"ngg_post_thumbnail":0},"product_brand":[],"product_cat":[46],"product_tag":[],"class_list":{"0":"post-94958","1":"product","2":"type-product","3":"status-publish","4":"has-post-thumbnail","6":"product_cat-vasaras-riepas","8":"first","9":"instock","10":"sale","11":"taxable","12":"shipping-taxable","13":"product-type-simple"},"acf":[],"yoast_head":"<!-- This site is optimized with the Yoast SEO Premium plugin v22.6 (Yoast SEO v27.3) - https:\/\/yoast.com\/product\/yoast-seo-premium-wordpress\/ -->\n<title>235\/75R15 Triangle Sapphire TR257 105H &#8226; MMK Riepas<\/title>\n<meta name=\"robots\" content=\"index, follow, max-snippet:-1, max-image-preview:large, max-video-preview:-1\" \/>\n<link rel=\"canonical\" href=\"https:\/\/mmkriepas.lv\/en\/p\/235-75r15-triangle-tr257-105h\/\" \/>\n<meta property=\"og:locale\" content=\"en_US\" \/>\n<meta property=\"og:type\" content=\"article\" \/>\n<meta property=\"og:title\" content=\"235\/75R15 Triangle Sapphire TR257 105H\" \/>\n<meta property=\"og:description\" content=\"Triangle Sapphire TR257 ir vasaras riepu modelis, kas paredz\u0113ts apvidus jeb SUV klases auto, k\u0101 ar\u012b pils\u0113tas krossoveriem.\u00a0Veidojot riepas Triangle TR257 modeli, ir veiktas neskait\u0101mas p\u0101rbaudes lai sasniegtu maksim\u0101li lab\u0101kos veiktsp\u0113jas r\u0101d\u012bt\u0101jus, sniedzot pat\u0113r\u0113t\u0101jam iesp\u0113ju ieg\u0101d\u0101ties augstas veiktsp\u0113jas riepu par \u013coti konkur\u0113tsp\u0113j\u012bgu cenu. Triangle ir \u0136\u012bnas ra\u017eot\u0101js, kura produkti tiek dizain\u0113ti Somij\u0101, modeli TR257 pied\u0101v\u0101 teju visos popul\u0101rajos izm\u0113ros, s\u0101kot no R15 l\u012bdz pat R19.\" \/>\n<meta property=\"og:url\" content=\"https:\/\/mmkriepas.lv\/en\/p\/235-75r15-triangle-tr257-105h\/\" \/>\n<meta property=\"og:site_name\" content=\"MMK Riepas\" \/>\n<meta property=\"article:publisher\" content=\"https:\/\/www.facebook.com\/mmkserviss\/\" \/>\n<meta property=\"article:modified_time\" content=\"2023-07-27T15:26:47+00:00\" \/>\n<meta property=\"og:image\" content=\"https:\/\/mmkriepas.lv\/wp-content\/uploads\/2023\/03\/21560r17-diamondback-triangle-tr257-96h-vasaras-riepas-5.jpeg\" \/>\n\t<meta property=\"og:image:width\" content=\"1600\" \/>\n\t<meta property=\"og:image:height\" content=\"1200\" \/>\n\t<meta property=\"og:image:type\" content=\"image\/jpeg\" \/>\n<meta name=\"twitter:card\" content=\"summary_large_image\" \/>\n<meta name=\"twitter:label1\" content=\"Price\" \/>\n\t<meta name=\"twitter:data1\" content=\"&euro;80.00\" \/>\n\t<meta name=\"twitter:label2\" content=\"Availability\" \/>\n\t<meta name=\"twitter:data2\" content=\"In stock\" \/>\n<script type=\"application\/ld+json\" class=\"yoast-schema-graph\">{\"@context\":\"https:\\\/\\\/schema.org\",\"@graph\":[{\"@type\":\"WebPage\",\"@id\":\"https:\\\/\\\/mmkriepas.lv\\\/en\\\/p\\\/235-75r15-triangle-tr257-105h\\\/\",\"url\":\"https:\\\/\\\/mmkriepas.lv\\\/en\\\/p\\\/235-75r15-triangle-tr257-105h\\\/\",\"name\":\"235\\\/75R15 Triangle Sapphire TR257 105H &#8226; MMK Riepas\",\"isPartOf\":{\"@id\":\"https:\\\/\\\/mmkriepas.lv\\\/en\\\/#website\"},\"primaryImageOfPage\":{\"@id\":\"https:\\\/\\\/mmkriepas.lv\\\/en\\\/p\\\/235-75r15-triangle-tr257-105h\\\/#primaryimage\"},\"image\":{\"@id\":\"https:\\\/\\\/mmkriepas.lv\\\/en\\\/p\\\/235-75r15-triangle-tr257-105h\\\/#primaryimage\"},\"thumbnailUrl\":\"https:\\\/\\\/mmkriepas.lv\\\/wp-content\\\/uploads\\\/2023\\\/03\\\/21560r17-diamondback-triangle-tr257-96h-vasaras-riepas-5.jpeg\",\"datePublished\":\"2019-03-06T08:30:34+00:00\",\"dateModified\":\"2023-07-27T15:26:47+00:00\",\"breadcrumb\":{\"@id\":\"https:\\\/\\\/mmkriepas.lv\\\/en\\\/p\\\/235-75r15-triangle-tr257-105h\\\/#breadcrumb\"},\"inLanguage\":\"en-US\",\"potentialAction\":[{\"@type\":\"ReadAction\",\"target\":[\"https:\\\/\\\/mmkriepas.lv\\\/en\\\/p\\\/235-75r15-triangle-tr257-105h\\\/\"]}]},{\"@type\":\"ImageObject\",\"inLanguage\":\"en-US\",\"@id\":\"https:\\\/\\\/mmkriepas.lv\\\/en\\\/p\\\/235-75r15-triangle-tr257-105h\\\/#primaryimage\",\"url\":\"https:\\\/\\\/mmkriepas.lv\\\/wp-content\\\/uploads\\\/2023\\\/03\\\/21560r17-diamondback-triangle-tr257-96h-vasaras-riepas-5.jpeg\",\"contentUrl\":\"https:\\\/\\\/mmkriepas.lv\\\/wp-content\\\/uploads\\\/2023\\\/03\\\/21560r17-diamondback-triangle-tr257-96h-vasaras-riepas-5.jpeg\",\"width\":1600,\"height\":1200,\"caption\":\"215\\\/60R17 Diamondback (Triangle) TR257 96H - Vasaras riepas\"},{\"@type\":\"BreadcrumbList\",\"@id\":\"https:\\\/\\\/mmkriepas.lv\\\/en\\\/p\\\/235-75r15-triangle-tr257-105h\\\/#breadcrumb\",\"itemListElement\":[{\"@type\":\"ListItem\",\"position\":1,\"name\":\"S\u0101kums\",\"item\":\"https:\\\/\\\/mmkriepas.lv\\\/en\\\/\"},{\"@type\":\"ListItem\",\"position\":2,\"name\":\"235\\\/75R15 Triangle Sapphire TR257 105H\"}]},{\"@type\":\"WebSite\",\"@id\":\"https:\\\/\\\/mmkriepas.lv\\\/en\\\/#website\",\"url\":\"https:\\\/\\\/mmkriepas.lv\\\/en\\\/\",\"name\":\"MMK Riepas\",\"description\":\"MMK Riepas\",\"alternateName\":\"MMK Riepu Serviss\",\"potentialAction\":[{\"@type\":\"SearchAction\",\"target\":{\"@type\":\"EntryPoint\",\"urlTemplate\":\"https:\\\/\\\/mmkriepas.lv\\\/en\\\/?s={search_term_string}\"},\"query-input\":{\"@type\":\"PropertyValueSpecification\",\"valueRequired\":true,\"valueName\":\"search_term_string\"}}],\"inLanguage\":\"en-US\"},{\"@type\":\"ImageObject\",\"inLanguage\":\"en-US\",\"@id\":\"https:\\\/\\\/mmkriepas.lv\\\/en\\\/p\\\/235-75r15-triangle-tr257-105h\\\/#local-main-organization-logo\",\"url\":\"\",\"contentUrl\":\"\",\"caption\":\"MMK Riepas\"}]}<\/script>\n<meta property=\"product:brand\" content=\"Triangle Sapphire TR257\" \/>\n<meta property=\"product:price:amount\" content=\"80.00\" \/>\n<meta property=\"product:price:currency\" content=\"EUR\" \/>\n<meta property=\"og:availability\" content=\"instock\" \/>\n<meta property=\"product:availability\" content=\"instock\" \/>\n<meta property=\"product:condition\" content=\"new\" \/>\n<!-- \/ Yoast SEO Premium plugin. -->","yoast_head_json":{"title":"235\/75R15 Triangle Sapphire TR257 105H &#8226; MMK Riepas","robots":{"index":"index","follow":"follow","max-snippet":"max-snippet:-1","max-image-preview":"max-image-preview:large","max-video-preview":"max-video-preview:-1"},"canonical":"https:\/\/mmkriepas.lv\/en\/p\/235-75r15-triangle-tr257-105h\/","og_locale":"en_US","og_type":"article","og_title":"235\/75R15 Triangle Sapphire TR257 105H","og_description":"Triangle Sapphire TR257 ir vasaras riepu modelis, kas paredz\u0113ts apvidus jeb SUV klases auto, k\u0101 ar\u012b pils\u0113tas krossoveriem.\u00a0Veidojot riepas Triangle TR257 modeli, ir veiktas neskait\u0101mas p\u0101rbaudes lai sasniegtu maksim\u0101li lab\u0101kos veiktsp\u0113jas r\u0101d\u012bt\u0101jus, sniedzot pat\u0113r\u0113t\u0101jam iesp\u0113ju ieg\u0101d\u0101ties augstas veiktsp\u0113jas riepu par \u013coti konkur\u0113tsp\u0113j\u012bgu cenu. Triangle ir \u0136\u012bnas ra\u017eot\u0101js, kura produkti tiek dizain\u0113ti Somij\u0101, modeli TR257 pied\u0101v\u0101 teju visos popul\u0101rajos izm\u0113ros, s\u0101kot no R15 l\u012bdz pat R19.","og_url":"https:\/\/mmkriepas.lv\/en\/p\/235-75r15-triangle-tr257-105h\/","og_site_name":"MMK Riepas","article_publisher":"https:\/\/www.facebook.com\/mmkserviss\/","article_modified_time":"2023-07-27T15:26:47+00:00","og_image":[{"width":1600,"height":1200,"url":"https:\/\/mmkriepas.lv\/wp-content\/uploads\/2023\/03\/21560r17-diamondback-triangle-tr257-96h-vasaras-riepas-5.jpeg","type":"image\/jpeg"}],"twitter_card":"summary_large_image","twitter_misc":{"Price":"&euro;80.00","Availability":"In stock"},"schema":{"@context":"https:\/\/schema.org","@graph":[{"@type":"WebPage","@id":"https:\/\/mmkriepas.lv\/en\/p\/235-75r15-triangle-tr257-105h\/","url":"https:\/\/mmkriepas.lv\/en\/p\/235-75r15-triangle-tr257-105h\/","name":"235\/75R15 Triangle Sapphire TR257 105H &#8226; MMK Riepas","isPartOf":{"@id":"https:\/\/mmkriepas.lv\/en\/#website"},"primaryImageOfPage":{"@id":"https:\/\/mmkriepas.lv\/en\/p\/235-75r15-triangle-tr257-105h\/#primaryimage"},"image":{"@id":"https:\/\/mmkriepas.lv\/en\/p\/235-75r15-triangle-tr257-105h\/#primaryimage"},"thumbnailUrl":"https:\/\/mmkriepas.lv\/wp-content\/uploads\/2023\/03\/21560r17-diamondback-triangle-tr257-96h-vasaras-riepas-5.jpeg","datePublished":"2019-03-06T08:30:34+00:00","dateModified":"2023-07-27T15:26:47+00:00","breadcrumb":{"@id":"https:\/\/mmkriepas.lv\/en\/p\/235-75r15-triangle-tr257-105h\/#breadcrumb"},"inLanguage":"en-US","potentialAction":[{"@type":"ReadAction","target":["https:\/\/mmkriepas.lv\/en\/p\/235-75r15-triangle-tr257-105h\/"]}]},{"@type":"ImageObject","inLanguage":"en-US","@id":"https:\/\/mmkriepas.lv\/en\/p\/235-75r15-triangle-tr257-105h\/#primaryimage","url":"https:\/\/mmkriepas.lv\/wp-content\/uploads\/2023\/03\/21560r17-diamondback-triangle-tr257-96h-vasaras-riepas-5.jpeg","contentUrl":"https:\/\/mmkriepas.lv\/wp-content\/uploads\/2023\/03\/21560r17-diamondback-triangle-tr257-96h-vasaras-riepas-5.jpeg","width":1600,"height":1200,"caption":"215\/60R17 Diamondback (Triangle) TR257 96H - Vasaras riepas"},{"@type":"BreadcrumbList","@id":"https:\/\/mmkriepas.lv\/en\/p\/235-75r15-triangle-tr257-105h\/#breadcrumb","itemListElement":[{"@type":"ListItem","position":1,"name":"S\u0101kums","item":"https:\/\/mmkriepas.lv\/en\/"},{"@type":"ListItem","position":2,"name":"235\/75R15 Triangle Sapphire TR257 105H"}]},{"@type":"WebSite","@id":"https:\/\/mmkriepas.lv\/en\/#website","url":"https:\/\/mmkriepas.lv\/en\/","name":"MMK Riepas","description":"MMK Riepas","alternateName":"MMK Riepu Serviss","potentialAction":[{"@type":"SearchAction","target":{"@type":"EntryPoint","urlTemplate":"https:\/\/mmkriepas.lv\/en\/?s={search_term_string}"},"query-input":{"@type":"PropertyValueSpecification","valueRequired":true,"valueName":"search_term_string"}}],"inLanguage":"en-US"},{"@type":"ImageObject","inLanguage":"en-US","@id":"https:\/\/mmkriepas.lv\/en\/p\/235-75r15-triangle-tr257-105h\/#local-main-organization-logo","url":"","contentUrl":"","caption":"MMK Riepas"}]},"product_brand":"Triangle Sapphire TR257","product_price_amount":"80.00","product_price_currency":"EUR","og_availability":"instock","product_availability":"instock","product_condition":"new"},"_links":{"self":[{"href":"https:\/\/mmkriepas.lv\/en\/wp-json\/wp\/v2\/product\/94958","targetHints":{"allow":["GET"]}}],"collection":[{"href":"https:\/\/mmkriepas.lv\/en\/wp-json\/wp\/v2\/product"}],"about":[{"href":"https:\/\/mmkriepas.lv\/en\/wp-json\/wp\/v2\/types\/product"}],"wp:featuredmedia":[{"embeddable":true,"href":"https:\/\/mmkriepas.lv\/en\/wp-json\/wp\/v2\/media\/668372"}],"wp:attachment":[{"href":"https:\/\/mmkriepas.lv\/en\/wp-json\/wp\/v2\/media?parent=94958"}],"wp:term":[{"taxonomy":"product_brand","embeddable":true,"href":"https:\/\/mmkriepas.lv\/en\/wp-json\/wp\/v2\/product_brand?post=94958"},{"taxonomy":"product_cat","embeddable":true,"href":"https:\/\/mmkriepas.lv\/en\/wp-json\/wp\/v2\/product_cat?post=94958"},{"taxonomy":"product_tag","embeddable":true,"href":"https:\/\/mmkriepas.lv\/en\/wp-json\/wp\/v2\/product_tag?post=94958"}],"curies":[{"name":"wp","href":"https:\/\/api.w.org\/{rel}","templated":true}]}}