{"id":94838,"date":"2019-03-05T14:07:17","date_gmt":"2019-03-05T12:07:17","guid":{"rendered":"https:\/\/mmkserviss.lv\/?post_type=product&#038;p=94838"},"modified":"2023-06-16T18:27:14","modified_gmt":"2023-06-16T15:27:14","slug":"255-30r22-rotalla-f110-95w-xl","status":"publish","type":"product","link":"https:\/\/mmkriepas.lv\/en\/p\/255-30r22-rotalla-f110-95w-xl\/","title":{"rendered":"255\/30R22 Rotalla F110 95W XL"},"content":{"rendered":"<h2>Vasaras riepas\u00a0Rotalla\u00a0F110<\/h2>\n<p>\u00a0 Riepu modelis: Rotalla MMK Serviss pied\u0101v\u0101 vienas no lab\u0101kaj\u0101m bud\u017eeta klases riep\u0101m <strong>Rotalla<\/strong>. Z\u012bmols Latvij\u0101 paz\u012bstams jau vair\u0101k k\u0101 10 gadus. <strong>Rotalla<\/strong> ir uzticams riepu ra\u017eot\u0101js, sevi ir pier\u0101d\u012bjis ar augstu kvalit\u0101ti par \u013coti labu cenu. Top 5 bud\u017eeta klas\u0113. \u013boti laba kvalit\u0101tes un cenas attiec\u012bba. \u013boti laba izv\u0113le par sapr\u0101t\u012bgu cenu. <strong>Rotalla F110 \u012bpa\u0161\u012bbas:<\/strong> + klusas riepas + degvielas ekonomija, pateicoties jaun\u0101kaj\u0101m tehnolo\u0123ij\u0101m pan\u0101kta zem\u0101ka rites pretest\u012bba + vieglas riepas + riepas izce\u013cas ar zemiem dilst\u012bbas r\u0101d\u012bt\u0101jiem, kas noz\u012bm\u0113 daudzu t\u016bksto\u0161u kilometru nobraukumu + izteikta disku aizsargmala + dro\u0161a vad\u0101m\u012bb\u0101 gan uz sausa, gan mitra seguma + sal\u012bdzino\u0161i augsta notur\u012bba pret akvaplan\u0113\u0161anu + stabilit\u0101te braucot pa nel\u012bdzenu ce\u013ca segumu + garantija MMK Serviss nov\u0113rt\u0113jums: \u201dLabas, klusas un ekonomiskas vasaras riepas par \u013coti labu cenu. Kvalit\u0101te augst\u0101ka par samaks\u0101to naudu\u201d.<\/p>\n","protected":false},"excerpt":{"rendered":"<h2>Vasaras riepas\u00a0Rotalla\u00a0F110<\/h2>\n<p>\u00a0 Riepu modelis: Rotalla MMK Serviss pied\u0101v\u0101 vienas no lab\u0101kaj\u0101m bud\u017eeta klases riep\u0101m <strong>Rotalla<\/strong>. Z\u012bmols Latvij\u0101 paz\u012bstams jau vair\u0101k k\u0101 10 gadus. <strong>Rotalla<\/strong> ir uzticams riepu ra\u017eot\u0101js, sevi ir pier\u0101d\u012bjis ar augstu kvalit\u0101ti par \u013coti labu cenu. Top 5 bud\u017eeta klas\u0113. \u013boti laba kvalit\u0101tes un cenas attiec\u012bba. \u013boti laba izv\u0113le par sapr\u0101t\u012bgu cenu.<\/p>\n","protected":false},"featured_media":7649,"template":"","meta":{"_acf_changed":false,"ngg_post_thumbnail":0},"product_brand":[],"product_cat":[46],"product_tag":[],"class_list":{"0":"post-94838","1":"product","2":"type-product","3":"status-publish","4":"has-post-thumbnail","6":"product_cat-vasaras-riepas","8":"first","9":"instock","10":"sale","11":"taxable","12":"shipping-taxable","13":"product-type-simple"},"acf":[],"yoast_head":"<!-- This site is optimized with the Yoast SEO Premium plugin v22.6 (Yoast SEO v27.3) - https:\/\/yoast.com\/product\/yoast-seo-premium-wordpress\/ -->\n<title>255\/30R22 Rotalla F110 95W XL &#8226; MMK Riepas<\/title>\n<meta name=\"robots\" content=\"index, follow, max-snippet:-1, max-image-preview:large, max-video-preview:-1\" \/>\n<link rel=\"canonical\" href=\"https:\/\/mmkriepas.lv\/en\/p\/255-30r22-rotalla-f110-95w-xl\/\" \/>\n<meta property=\"og:locale\" content=\"en_US\" \/>\n<meta property=\"og:type\" content=\"article\" \/>\n<meta property=\"og:title\" content=\"255\/30R22 Rotalla F110 95W XL\" \/>\n<meta property=\"og:description\" content=\"Vasaras riepas\u00a0Rotalla\u00a0F110\u00a0 Riepu modelis: Rotalla MMK Serviss pied\u0101v\u0101 vienas no lab\u0101kaj\u0101m bud\u017eeta klases riep\u0101m Rotalla. Z\u012bmols Latvij\u0101 paz\u012bstams jau vair\u0101k k\u0101 10 gadus. Rotalla ir uzticams riepu ra\u017eot\u0101js, sevi ir pier\u0101d\u012bjis ar augstu kvalit\u0101ti par \u013coti labu cenu. Top 5 bud\u017eeta klas\u0113. \u013boti laba kvalit\u0101tes un cenas attiec\u012bba. \u013boti laba izv\u0113le par sapr\u0101t\u012bgu cenu.\" \/>\n<meta property=\"og:url\" content=\"https:\/\/mmkriepas.lv\/en\/p\/255-30r22-rotalla-f110-95w-xl\/\" \/>\n<meta property=\"og:site_name\" content=\"MMK Riepas\" \/>\n<meta property=\"article:publisher\" content=\"https:\/\/www.facebook.com\/mmkserviss\/\" \/>\n<meta property=\"article:modified_time\" content=\"2023-06-16T15:27:14+00:00\" \/>\n<meta property=\"og:image\" content=\"https:\/\/mmkriepas.lv\/wp-content\/uploads\/2017\/03\/31535r20-rotalla-f110-110w-xl-bmw-x5-vasaras-riepas.jpg\" \/>\n\t<meta property=\"og:image:width\" content=\"1920\" \/>\n\t<meta property=\"og:image:height\" content=\"1255\" \/>\n\t<meta property=\"og:image:type\" content=\"image\/jpeg\" \/>\n<meta name=\"twitter:card\" content=\"summary_large_image\" \/>\n<meta name=\"twitter:label1\" content=\"Price\" \/>\n\t<meta name=\"twitter:data1\" content=\"&euro;85.00\" \/>\n\t<meta name=\"twitter:label2\" content=\"Availability\" \/>\n\t<meta name=\"twitter:data2\" content=\"In stock\" \/>\n<script type=\"application\/ld+json\" class=\"yoast-schema-graph\">{\"@context\":\"https:\\\/\\\/schema.org\",\"@graph\":[{\"@type\":\"WebPage\",\"@id\":\"https:\\\/\\\/mmkriepas.lv\\\/en\\\/p\\\/255-30r22-rotalla-f110-95w-xl\\\/\",\"url\":\"https:\\\/\\\/mmkriepas.lv\\\/en\\\/p\\\/255-30r22-rotalla-f110-95w-xl\\\/\",\"name\":\"255\\\/30R22 Rotalla F110 95W XL &#8226; MMK Riepas\",\"isPartOf\":{\"@id\":\"https:\\\/\\\/mmkriepas.lv\\\/en\\\/#website\"},\"primaryImageOfPage\":{\"@id\":\"https:\\\/\\\/mmkriepas.lv\\\/en\\\/p\\\/255-30r22-rotalla-f110-95w-xl\\\/#primaryimage\"},\"image\":{\"@id\":\"https:\\\/\\\/mmkriepas.lv\\\/en\\\/p\\\/255-30r22-rotalla-f110-95w-xl\\\/#primaryimage\"},\"thumbnailUrl\":\"https:\\\/\\\/mmkriepas.lv\\\/wp-content\\\/uploads\\\/2017\\\/03\\\/31535r20-rotalla-f110-110w-xl-bmw-x5-vasaras-riepas.jpg\",\"datePublished\":\"2019-03-05T12:07:17+00:00\",\"dateModified\":\"2023-06-16T15:27:14+00:00\",\"breadcrumb\":{\"@id\":\"https:\\\/\\\/mmkriepas.lv\\\/en\\\/p\\\/255-30r22-rotalla-f110-95w-xl\\\/#breadcrumb\"},\"inLanguage\":\"en-US\",\"potentialAction\":[{\"@type\":\"ReadAction\",\"target\":[\"https:\\\/\\\/mmkriepas.lv\\\/en\\\/p\\\/255-30r22-rotalla-f110-95w-xl\\\/\"]}]},{\"@type\":\"ImageObject\",\"inLanguage\":\"en-US\",\"@id\":\"https:\\\/\\\/mmkriepas.lv\\\/en\\\/p\\\/255-30r22-rotalla-f110-95w-xl\\\/#primaryimage\",\"url\":\"https:\\\/\\\/mmkriepas.lv\\\/wp-content\\\/uploads\\\/2017\\\/03\\\/31535r20-rotalla-f110-110w-xl-bmw-x5-vasaras-riepas.jpg\",\"contentUrl\":\"https:\\\/\\\/mmkriepas.lv\\\/wp-content\\\/uploads\\\/2017\\\/03\\\/31535r20-rotalla-f110-110w-xl-bmw-x5-vasaras-riepas.jpg\",\"width\":1920,\"height\":1255,\"caption\":\"315\\\/35R20 Rotalla F110 110W XL BMW X5 - Vasaras riepas\"},{\"@type\":\"BreadcrumbList\",\"@id\":\"https:\\\/\\\/mmkriepas.lv\\\/en\\\/p\\\/255-30r22-rotalla-f110-95w-xl\\\/#breadcrumb\",\"itemListElement\":[{\"@type\":\"ListItem\",\"position\":1,\"name\":\"S\u0101kums\",\"item\":\"https:\\\/\\\/mmkriepas.lv\\\/en\\\/\"},{\"@type\":\"ListItem\",\"position\":2,\"name\":\"255\\\/30R22 Rotalla F110 95W XL\"}]},{\"@type\":\"WebSite\",\"@id\":\"https:\\\/\\\/mmkriepas.lv\\\/en\\\/#website\",\"url\":\"https:\\\/\\\/mmkriepas.lv\\\/en\\\/\",\"name\":\"MMK Riepas\",\"description\":\"MMK Riepas\",\"alternateName\":\"MMK Riepu Serviss\",\"potentialAction\":[{\"@type\":\"SearchAction\",\"target\":{\"@type\":\"EntryPoint\",\"urlTemplate\":\"https:\\\/\\\/mmkriepas.lv\\\/en\\\/?s={search_term_string}\"},\"query-input\":{\"@type\":\"PropertyValueSpecification\",\"valueRequired\":true,\"valueName\":\"search_term_string\"}}],\"inLanguage\":\"en-US\"},{\"@type\":\"ImageObject\",\"inLanguage\":\"en-US\",\"@id\":\"https:\\\/\\\/mmkriepas.lv\\\/en\\\/p\\\/255-30r22-rotalla-f110-95w-xl\\\/#local-main-organization-logo\",\"url\":\"\",\"contentUrl\":\"\",\"caption\":\"MMK Riepas\"}]}<\/script>\n<meta property=\"product:brand\" content=\"Rotalla F110\" \/>\n<meta property=\"product:price:amount\" content=\"85.00\" \/>\n<meta property=\"product:price:currency\" content=\"EUR\" \/>\n<meta property=\"og:availability\" content=\"instock\" \/>\n<meta property=\"product:availability\" content=\"instock\" \/>\n<meta property=\"product:condition\" content=\"new\" \/>\n<!-- \/ Yoast SEO Premium plugin. -->","yoast_head_json":{"title":"255\/30R22 Rotalla F110 95W XL &#8226; MMK Riepas","robots":{"index":"index","follow":"follow","max-snippet":"max-snippet:-1","max-image-preview":"max-image-preview:large","max-video-preview":"max-video-preview:-1"},"canonical":"https:\/\/mmkriepas.lv\/en\/p\/255-30r22-rotalla-f110-95w-xl\/","og_locale":"en_US","og_type":"article","og_title":"255\/30R22 Rotalla F110 95W XL","og_description":"Vasaras riepas\u00a0Rotalla\u00a0F110\u00a0 Riepu modelis: Rotalla MMK Serviss pied\u0101v\u0101 vienas no lab\u0101kaj\u0101m bud\u017eeta klases riep\u0101m Rotalla. Z\u012bmols Latvij\u0101 paz\u012bstams jau vair\u0101k k\u0101 10 gadus. Rotalla ir uzticams riepu ra\u017eot\u0101js, sevi ir pier\u0101d\u012bjis ar augstu kvalit\u0101ti par \u013coti labu cenu. Top 5 bud\u017eeta klas\u0113. \u013boti laba kvalit\u0101tes un cenas attiec\u012bba. \u013boti laba izv\u0113le par sapr\u0101t\u012bgu cenu.","og_url":"https:\/\/mmkriepas.lv\/en\/p\/255-30r22-rotalla-f110-95w-xl\/","og_site_name":"MMK Riepas","article_publisher":"https:\/\/www.facebook.com\/mmkserviss\/","article_modified_time":"2023-06-16T15:27:14+00:00","og_image":[{"width":1920,"height":1255,"url":"https:\/\/mmkriepas.lv\/wp-content\/uploads\/2017\/03\/31535r20-rotalla-f110-110w-xl-bmw-x5-vasaras-riepas.jpg","type":"image\/jpeg"}],"twitter_card":"summary_large_image","twitter_misc":{"Price":"&euro;85.00","Availability":"In stock"},"schema":{"@context":"https:\/\/schema.org","@graph":[{"@type":"WebPage","@id":"https:\/\/mmkriepas.lv\/en\/p\/255-30r22-rotalla-f110-95w-xl\/","url":"https:\/\/mmkriepas.lv\/en\/p\/255-30r22-rotalla-f110-95w-xl\/","name":"255\/30R22 Rotalla F110 95W XL &#8226; MMK Riepas","isPartOf":{"@id":"https:\/\/mmkriepas.lv\/en\/#website"},"primaryImageOfPage":{"@id":"https:\/\/mmkriepas.lv\/en\/p\/255-30r22-rotalla-f110-95w-xl\/#primaryimage"},"image":{"@id":"https:\/\/mmkriepas.lv\/en\/p\/255-30r22-rotalla-f110-95w-xl\/#primaryimage"},"thumbnailUrl":"https:\/\/mmkriepas.lv\/wp-content\/uploads\/2017\/03\/31535r20-rotalla-f110-110w-xl-bmw-x5-vasaras-riepas.jpg","datePublished":"2019-03-05T12:07:17+00:00","dateModified":"2023-06-16T15:27:14+00:00","breadcrumb":{"@id":"https:\/\/mmkriepas.lv\/en\/p\/255-30r22-rotalla-f110-95w-xl\/#breadcrumb"},"inLanguage":"en-US","potentialAction":[{"@type":"ReadAction","target":["https:\/\/mmkriepas.lv\/en\/p\/255-30r22-rotalla-f110-95w-xl\/"]}]},{"@type":"ImageObject","inLanguage":"en-US","@id":"https:\/\/mmkriepas.lv\/en\/p\/255-30r22-rotalla-f110-95w-xl\/#primaryimage","url":"https:\/\/mmkriepas.lv\/wp-content\/uploads\/2017\/03\/31535r20-rotalla-f110-110w-xl-bmw-x5-vasaras-riepas.jpg","contentUrl":"https:\/\/mmkriepas.lv\/wp-content\/uploads\/2017\/03\/31535r20-rotalla-f110-110w-xl-bmw-x5-vasaras-riepas.jpg","width":1920,"height":1255,"caption":"315\/35R20 Rotalla F110 110W XL BMW X5 - Vasaras riepas"},{"@type":"BreadcrumbList","@id":"https:\/\/mmkriepas.lv\/en\/p\/255-30r22-rotalla-f110-95w-xl\/#breadcrumb","itemListElement":[{"@type":"ListItem","position":1,"name":"S\u0101kums","item":"https:\/\/mmkriepas.lv\/en\/"},{"@type":"ListItem","position":2,"name":"255\/30R22 Rotalla F110 95W XL"}]},{"@type":"WebSite","@id":"https:\/\/mmkriepas.lv\/en\/#website","url":"https:\/\/mmkriepas.lv\/en\/","name":"MMK Riepas","description":"MMK Riepas","alternateName":"MMK Riepu Serviss","potentialAction":[{"@type":"SearchAction","target":{"@type":"EntryPoint","urlTemplate":"https:\/\/mmkriepas.lv\/en\/?s={search_term_string}"},"query-input":{"@type":"PropertyValueSpecification","valueRequired":true,"valueName":"search_term_string"}}],"inLanguage":"en-US"},{"@type":"ImageObject","inLanguage":"en-US","@id":"https:\/\/mmkriepas.lv\/en\/p\/255-30r22-rotalla-f110-95w-xl\/#local-main-organization-logo","url":"","contentUrl":"","caption":"MMK Riepas"}]},"product_brand":"Rotalla F110","product_price_amount":"85.00","product_price_currency":"EUR","og_availability":"instock","product_availability":"instock","product_condition":"new"},"_links":{"self":[{"href":"https:\/\/mmkriepas.lv\/en\/wp-json\/wp\/v2\/product\/94838","targetHints":{"allow":["GET"]}}],"collection":[{"href":"https:\/\/mmkriepas.lv\/en\/wp-json\/wp\/v2\/product"}],"about":[{"href":"https:\/\/mmkriepas.lv\/en\/wp-json\/wp\/v2\/types\/product"}],"wp:featuredmedia":[{"embeddable":true,"href":"https:\/\/mmkriepas.lv\/en\/wp-json\/wp\/v2\/media\/7649"}],"wp:attachment":[{"href":"https:\/\/mmkriepas.lv\/en\/wp-json\/wp\/v2\/media?parent=94838"}],"wp:term":[{"taxonomy":"product_brand","embeddable":true,"href":"https:\/\/mmkriepas.lv\/en\/wp-json\/wp\/v2\/product_brand?post=94838"},{"taxonomy":"product_cat","embeddable":true,"href":"https:\/\/mmkriepas.lv\/en\/wp-json\/wp\/v2\/product_cat?post=94838"},{"taxonomy":"product_tag","embeddable":true,"href":"https:\/\/mmkriepas.lv\/en\/wp-json\/wp\/v2\/product_tag?post=94838"}],"curies":[{"name":"wp","href":"https:\/\/api.w.org\/{rel}","templated":true}]}}