{"id":946542,"date":"2024-08-05T13:46:06","date_gmt":"2024-08-05T10:46:06","guid":{"rendered":"https:\/\/mmkriepas.lv\/?post_type=product&#038;p=946542"},"modified":"2026-03-30T15:19:24","modified_gmt":"2026-03-30T12:19:24","slug":"295-35r21-tri-ace-snow-white-2-107h-xl-ar-radzem-2","status":"publish","type":"product","link":"https:\/\/mmkriepas.lv\/en\/p\/295-35r21-tri-ace-snow-white-2-107h-xl-ar-radzem-2\/","title":{"rendered":"295\/35R21 Tri-Ace Snow White 2 107H XL ar radz\u0113m"},"content":{"rendered":"<p><span style=\"color: #000000;\"><span style=\"font-family: Arial, serif;\"><b>Tri-Ace Snow White 2<\/b><\/span><\/span><span style=\"color: #000000;\"><span style=\"font-family: Arial, serif;\"> ir labs rad\u017eojamais ziemas riepu modelis. Tas izce\u013cas ar lab\u0101m sa\u0137eres un manevr\u0113tsp\u0113jas \u012bpa\u0161\u012bb\u0101m gan uz sausa un slapja aslfalta, gan snieg\u0101. Turkl\u0101t, protektor\u0101 iesp\u0113jams iestr\u0101d\u0101t radzes, kas b\u016btiski uzlabo veiktsp\u0113ju uz apledoju\u0161iem ce\u013ca posmiem. Modelis pieejams izm\u0113ru kl\u0101st\u0101 l\u012bdz pat R2<\/span><\/span><span style=\"color: #000000;\"><span style=\"font-family: Arial, serif;\">2<\/span><\/span><span style=\"color: #000000;\"><span style=\"font-family: Arial, serif;\">.<\/span><\/span><\/p>\n<p><span style=\"color: #000000;\"><span style=\"font-family: Arial, serif;\"><span style=\"font-size: medium;\"><b>Sn<\/b><\/span><\/span><\/span><span style=\"color: #000000;\"><span style=\"font-family: Arial, serif;\"><span style=\"font-size: medium;\"><b>ow White 2<\/b><\/span><\/span><\/span><span style=\"color: #000000;\"><span style=\"font-family: Arial, serif;\"><span style=\"font-size: medium;\"><b> galven\u0101s iez\u012bmes<\/b><\/span><\/span><\/span><\/p>\n<p><span style=\"color: #000000;\"><span style=\"font-family: Arial, serif;\">+ Labas sa\u0137eres un manevr\u0113tsp\u0113jas \u012bpa\u0161\u012bbas gan uz sausa un slapja asfalta, gan snieg\u0101.<\/span><\/span><\/p>\n<p><span style=\"color: #000000;\"><span style=\"font-family: Arial, serif;\">+ Palielin\u0101ta nodilumiztur\u012bba.<\/span><\/span><\/p>\n<p><span style=\"color: #000000;\"><span style=\"font-family: Arial, serif;\">+ Zems akvaplan\u0113\u0161anas risks.<\/span><\/span><\/p>\n<p><span style=\"color: #000000;\"><span style=\"font-family: Arial, serif;\">+ Iesp\u0113ja protektoru apr\u012bkot ar radz\u0113m, uzlabojot riepu sa\u0137eri uz apledoju\u0161iem ce\u013ca posmiem.<\/span><\/span><\/p>\n<p><span style=\"color: #000000;\"><span style=\"font-family: Arial, serif;\"><b>+ Kvalit\u0101te atbilst cenai!<\/b><\/span><\/span><\/p>\n<p><span style=\"color: #000000;\"><span style=\"font-family: Arial, serif;\"><span style=\"font-size: medium;\"><b>Snow <\/b><\/span><\/span><\/span><span style=\"color: #000000;\"><span style=\"font-family: Arial, serif;\"><span style=\"font-size: medium;\"><b>White 2<\/b><\/span><\/span><\/span><span style=\"color: #000000;\"><span style=\"font-family: Arial, serif;\"><span style=\"font-size: medium;\"><b> protektors<\/b><\/span><\/span><\/span><\/p>\n<p><span style=\"color: #000000;\"><span style=\"font-family: Arial, serif;\"><b>Tri-Ace Snow White 2<\/b><\/span><\/span><span style=\"color: #000000;\"><span style=\"font-family: Arial, serif;\"><b> <\/b><\/span><\/span><span style=\"color: #000000;\"><span style=\"font-family: Arial, serif;\">ziemas riepas apr\u012bkotas ar agres\u012bvu un dzi\u013cu virzienveida protektora rakstu. \u0160\u0101ds dizains izv\u0113l\u0113ts, lai veicin\u0101tu sa\u0137eres \u012bpa\u0161\u012bbas slapjdra\u0146\u0137\u012b un dzi\u013c\u0101 snieg\u0101. Turkl\u0101t, \u0161im riepu modelim ir asas s\u0101nu kantes, kas iev\u0113rojami uzlabo t\u0101 manevr\u0113tsp\u0113ju.<\/span><\/span><\/p>\n<p><span style=\"color: #000000;\"><span style=\"font-family: Arial, serif;\">Mas\u012bvie, V-veid\u0101 izvietotie protektora bloki apr\u012bkoti ar dzi\u013ciem iegriezumiem jeb lamel\u0113m. T\u0101s veicina sa\u0137eres \u012bpa\u0161\u012bbas ar ledu un sabliet\u0113tu sniegu, slidenaj\u0101s virsm\u0101s iec\u0113rtoties ar simtiem asu kan\u0161u.<\/span><\/span><\/p>\n<p><span style=\"color: #000000;\"><span style=\"font-family: Arial, serif;\">Riepas darin\u0101tas no vid\u0113ji cieta gumijas sakaus\u0113juma. Tam pievienotie elastrom\u0113ri pal\u012bdz saglab\u0101t elast\u012bbu pat zem\u0101s gaisa temperat\u016br\u0101s. K\u0101 zin\u0101ms, elast\u012bga riepa daudz lab\u0101k veido sa\u0137eri ar ce\u013cu, k\u0101 ar\u012b dilst vienm\u0113r\u012bg\u0101k.<\/span><\/span><\/p>\n","protected":false},"excerpt":{"rendered":"<p><span style=\"color: #000000;\"><span style=\"font-family: Arial, serif;\"><b>Tri-Ace Snow White 2<\/b><\/span><\/span><span style=\"color: #000000;\"><span style=\"font-family: Arial, serif;\"> ir labs rad\u017eojamais ziemas riepu modelis. Tas izce\u013cas ar lab\u0101m sa\u0137eres un manevr\u0113tsp\u0113jas \u012bpa\u0161\u012bb\u0101m gan uz sausa un slapja aslfalta, gan snieg\u0101. Turkl\u0101t, protektor\u0101 iesp\u0113jams iestr\u0101d\u0101t radzes, kas b\u016btiski uzlabo veiktsp\u0113ju uz apledoju\u0161iem ce\u013ca posmiem. Modelis pieejams izm\u0113ru kl\u0101st\u0101 l\u012bdz pat R2<\/span><\/span><span style=\"color: #000000;\"><span style=\"font-family: Arial, serif;\">2<\/span><\/span><span style=\"color: #000000;\"><span style=\"font-family: Arial, serif;\">.<\/span><\/span><\/p>\n","protected":false},"featured_media":821220,"template":"","meta":{"_acf_changed":false,"ngg_post_thumbnail":0},"product_brand":[],"product_cat":[45,48],"product_tag":[],"class_list":{"0":"post-946542","1":"product","2":"type-product","3":"status-publish","4":"has-post-thumbnail","6":"product_cat-ziemas-riepas","7":"product_cat-ziemas-ar-radzem","9":"first","10":"instock","11":"sale","12":"taxable","13":"shipping-taxable","14":"purchasable","15":"product-type-simple"},"acf":[],"yoast_head":"<!-- This site is optimized with the Yoast SEO Premium plugin v22.6 (Yoast SEO v27.3) - https:\/\/yoast.com\/product\/yoast-seo-premium-wordpress\/ -->\n<title>295\/35R21 Tri-Ace Snow White 2 107H XL ar radz\u0113m &#8226; MMK Riepas<\/title>\n<meta name=\"robots\" content=\"index, follow, max-snippet:-1, max-image-preview:large, max-video-preview:-1\" \/>\n<link rel=\"canonical\" href=\"https:\/\/mmkriepas.lv\/en\/p\/295-35r21-tri-ace-snow-white-2-107h-xl-ar-radzem-2\/\" \/>\n<meta property=\"og:locale\" content=\"en_US\" \/>\n<meta property=\"og:type\" content=\"article\" \/>\n<meta property=\"og:title\" content=\"295\/35R21 Tri-Ace Snow White 2 107H XL ar radz\u0113m\" \/>\n<meta property=\"og:description\" content=\"Tri-Ace Snow White 2 ir labs rad\u017eojamais ziemas riepu modelis. Tas izce\u013cas ar lab\u0101m sa\u0137eres un manevr\u0113tsp\u0113jas \u012bpa\u0161\u012bb\u0101m gan uz sausa un slapja aslfalta, gan snieg\u0101. Turkl\u0101t, protektor\u0101 iesp\u0113jams iestr\u0101d\u0101t radzes, kas b\u016btiski uzlabo veiktsp\u0113ju uz apledoju\u0161iem ce\u013ca posmiem. Modelis pieejams izm\u0113ru kl\u0101st\u0101 l\u012bdz pat R22.\" \/>\n<meta property=\"og:url\" content=\"https:\/\/mmkriepas.lv\/en\/p\/295-35r21-tri-ace-snow-white-2-107h-xl-ar-radzem-2\/\" \/>\n<meta property=\"og:site_name\" content=\"MMK Riepas\" \/>\n<meta property=\"article:publisher\" content=\"https:\/\/www.facebook.com\/mmkserviss\/\" \/>\n<meta property=\"article:modified_time\" content=\"2026-03-30T12:19:24+00:00\" \/>\n<meta property=\"og:image\" content=\"https:\/\/mmkriepas.lv\/wp-content\/uploads\/2023\/11\/27535r20-tri-ace-snow-white-2-102h-xl-ar-radzem-ziemas-riepas-ziemas-ar-radzem-riepas.jpg\" \/>\n\t<meta property=\"og:image:width\" content=\"1920\" \/>\n\t<meta property=\"og:image:height\" content=\"1920\" \/>\n\t<meta property=\"og:image:type\" content=\"image\/jpeg\" \/>\n<meta name=\"twitter:card\" content=\"summary_large_image\" \/>\n<meta name=\"twitter:label1\" content=\"Price\" \/>\n\t<meta name=\"twitter:data1\" content=\"&euro;163.00\" \/>\n\t<meta name=\"twitter:label2\" content=\"Availability\" \/>\n\t<meta name=\"twitter:data2\" content=\"In stock\" \/>\n<script type=\"application\/ld+json\" class=\"yoast-schema-graph\">{\"@context\":\"https:\\\/\\\/schema.org\",\"@graph\":[{\"@type\":\"WebPage\",\"@id\":\"https:\\\/\\\/mmkriepas.lv\\\/en\\\/p\\\/295-35r21-tri-ace-snow-white-2-107h-xl-ar-radzem-2\\\/\",\"url\":\"https:\\\/\\\/mmkriepas.lv\\\/en\\\/p\\\/295-35r21-tri-ace-snow-white-2-107h-xl-ar-radzem-2\\\/\",\"name\":\"295\\\/35R21 Tri-Ace Snow White 2 107H XL ar radz\u0113m &#8226; MMK Riepas\",\"isPartOf\":{\"@id\":\"https:\\\/\\\/mmkriepas.lv\\\/en\\\/#website\"},\"primaryImageOfPage\":{\"@id\":\"https:\\\/\\\/mmkriepas.lv\\\/en\\\/p\\\/295-35r21-tri-ace-snow-white-2-107h-xl-ar-radzem-2\\\/#primaryimage\"},\"image\":{\"@id\":\"https:\\\/\\\/mmkriepas.lv\\\/en\\\/p\\\/295-35r21-tri-ace-snow-white-2-107h-xl-ar-radzem-2\\\/#primaryimage\"},\"thumbnailUrl\":\"https:\\\/\\\/mmkriepas.lv\\\/wp-content\\\/uploads\\\/2023\\\/11\\\/27535r20-tri-ace-snow-white-2-102h-xl-ar-radzem-ziemas-riepas-ziemas-ar-radzem-riepas.jpg\",\"datePublished\":\"2024-08-05T10:46:06+00:00\",\"dateModified\":\"2026-03-30T12:19:24+00:00\",\"breadcrumb\":{\"@id\":\"https:\\\/\\\/mmkriepas.lv\\\/en\\\/p\\\/295-35r21-tri-ace-snow-white-2-107h-xl-ar-radzem-2\\\/#breadcrumb\"},\"inLanguage\":\"en-US\",\"potentialAction\":[{\"@type\":\"ReadAction\",\"target\":[\"https:\\\/\\\/mmkriepas.lv\\\/en\\\/p\\\/295-35r21-tri-ace-snow-white-2-107h-xl-ar-radzem-2\\\/\"]}]},{\"@type\":\"ImageObject\",\"inLanguage\":\"en-US\",\"@id\":\"https:\\\/\\\/mmkriepas.lv\\\/en\\\/p\\\/295-35r21-tri-ace-snow-white-2-107h-xl-ar-radzem-2\\\/#primaryimage\",\"url\":\"https:\\\/\\\/mmkriepas.lv\\\/wp-content\\\/uploads\\\/2023\\\/11\\\/27535r20-tri-ace-snow-white-2-102h-xl-ar-radzem-ziemas-riepas-ziemas-ar-radzem-riepas.jpg\",\"contentUrl\":\"https:\\\/\\\/mmkriepas.lv\\\/wp-content\\\/uploads\\\/2023\\\/11\\\/27535r20-tri-ace-snow-white-2-102h-xl-ar-radzem-ziemas-riepas-ziemas-ar-radzem-riepas.jpg\",\"width\":1920,\"height\":1920,\"caption\":\"275\\\/35R20 Tri-Ace Snow White 2 102H XL ar radz\u0113m - Ziemas riepas \\\/ Ziemas ar radz\u0113m riepas\"},{\"@type\":\"BreadcrumbList\",\"@id\":\"https:\\\/\\\/mmkriepas.lv\\\/en\\\/p\\\/295-35r21-tri-ace-snow-white-2-107h-xl-ar-radzem-2\\\/#breadcrumb\",\"itemListElement\":[{\"@type\":\"ListItem\",\"position\":1,\"name\":\"S\u0101kums\",\"item\":\"https:\\\/\\\/mmkriepas.lv\\\/en\\\/\"},{\"@type\":\"ListItem\",\"position\":2,\"name\":\"295\\\/35R21 Tri-Ace Snow White 2 107H XL ar radz\u0113m\"}]},{\"@type\":\"WebSite\",\"@id\":\"https:\\\/\\\/mmkriepas.lv\\\/en\\\/#website\",\"url\":\"https:\\\/\\\/mmkriepas.lv\\\/en\\\/\",\"name\":\"MMK Riepas\",\"description\":\"MMK Riepas\",\"alternateName\":\"MMK Riepu Serviss\",\"potentialAction\":[{\"@type\":\"SearchAction\",\"target\":{\"@type\":\"EntryPoint\",\"urlTemplate\":\"https:\\\/\\\/mmkriepas.lv\\\/en\\\/?s={search_term_string}\"},\"query-input\":{\"@type\":\"PropertyValueSpecification\",\"valueRequired\":true,\"valueName\":\"search_term_string\"}}],\"inLanguage\":\"en-US\"},{\"@type\":\"ImageObject\",\"inLanguage\":\"en-US\",\"@id\":\"https:\\\/\\\/mmkriepas.lv\\\/en\\\/p\\\/295-35r21-tri-ace-snow-white-2-107h-xl-ar-radzem-2\\\/#local-main-organization-logo\",\"url\":\"\",\"contentUrl\":\"\",\"caption\":\"MMK Riepas\"}]}<\/script>\n<meta property=\"product:brand\" content=\"Tri-Ace Snow White 2\" \/>\n<meta property=\"product:price:amount\" content=\"163.00\" \/>\n<meta property=\"product:price:currency\" content=\"EUR\" \/>\n<meta property=\"og:availability\" content=\"instock\" \/>\n<meta property=\"product:availability\" content=\"instock\" \/>\n<meta property=\"product:retailer_item_id\" content=\"TR2953521Tri-A-E38986\" \/>\n<meta property=\"product:condition\" content=\"new\" \/>\n<!-- \/ Yoast SEO Premium plugin. -->","yoast_head_json":{"title":"295\/35R21 Tri-Ace Snow White 2 107H XL ar radz\u0113m &#8226; MMK Riepas","robots":{"index":"index","follow":"follow","max-snippet":"max-snippet:-1","max-image-preview":"max-image-preview:large","max-video-preview":"max-video-preview:-1"},"canonical":"https:\/\/mmkriepas.lv\/en\/p\/295-35r21-tri-ace-snow-white-2-107h-xl-ar-radzem-2\/","og_locale":"en_US","og_type":"article","og_title":"295\/35R21 Tri-Ace Snow White 2 107H XL ar radz\u0113m","og_description":"Tri-Ace Snow White 2 ir labs rad\u017eojamais ziemas riepu modelis. Tas izce\u013cas ar lab\u0101m sa\u0137eres un manevr\u0113tsp\u0113jas \u012bpa\u0161\u012bb\u0101m gan uz sausa un slapja aslfalta, gan snieg\u0101. Turkl\u0101t, protektor\u0101 iesp\u0113jams iestr\u0101d\u0101t radzes, kas b\u016btiski uzlabo veiktsp\u0113ju uz apledoju\u0161iem ce\u013ca posmiem. Modelis pieejams izm\u0113ru kl\u0101st\u0101 l\u012bdz pat R22.","og_url":"https:\/\/mmkriepas.lv\/en\/p\/295-35r21-tri-ace-snow-white-2-107h-xl-ar-radzem-2\/","og_site_name":"MMK Riepas","article_publisher":"https:\/\/www.facebook.com\/mmkserviss\/","article_modified_time":"2026-03-30T12:19:24+00:00","og_image":[{"width":1920,"height":1920,"url":"https:\/\/mmkriepas.lv\/wp-content\/uploads\/2023\/11\/27535r20-tri-ace-snow-white-2-102h-xl-ar-radzem-ziemas-riepas-ziemas-ar-radzem-riepas.jpg","type":"image\/jpeg"}],"twitter_card":"summary_large_image","twitter_misc":{"Price":"&euro;163.00","Availability":"In stock"},"schema":{"@context":"https:\/\/schema.org","@graph":[{"@type":"WebPage","@id":"https:\/\/mmkriepas.lv\/en\/p\/295-35r21-tri-ace-snow-white-2-107h-xl-ar-radzem-2\/","url":"https:\/\/mmkriepas.lv\/en\/p\/295-35r21-tri-ace-snow-white-2-107h-xl-ar-radzem-2\/","name":"295\/35R21 Tri-Ace Snow White 2 107H XL ar radz\u0113m &#8226; MMK Riepas","isPartOf":{"@id":"https:\/\/mmkriepas.lv\/en\/#website"},"primaryImageOfPage":{"@id":"https:\/\/mmkriepas.lv\/en\/p\/295-35r21-tri-ace-snow-white-2-107h-xl-ar-radzem-2\/#primaryimage"},"image":{"@id":"https:\/\/mmkriepas.lv\/en\/p\/295-35r21-tri-ace-snow-white-2-107h-xl-ar-radzem-2\/#primaryimage"},"thumbnailUrl":"https:\/\/mmkriepas.lv\/wp-content\/uploads\/2023\/11\/27535r20-tri-ace-snow-white-2-102h-xl-ar-radzem-ziemas-riepas-ziemas-ar-radzem-riepas.jpg","datePublished":"2024-08-05T10:46:06+00:00","dateModified":"2026-03-30T12:19:24+00:00","breadcrumb":{"@id":"https:\/\/mmkriepas.lv\/en\/p\/295-35r21-tri-ace-snow-white-2-107h-xl-ar-radzem-2\/#breadcrumb"},"inLanguage":"en-US","potentialAction":[{"@type":"ReadAction","target":["https:\/\/mmkriepas.lv\/en\/p\/295-35r21-tri-ace-snow-white-2-107h-xl-ar-radzem-2\/"]}]},{"@type":"ImageObject","inLanguage":"en-US","@id":"https:\/\/mmkriepas.lv\/en\/p\/295-35r21-tri-ace-snow-white-2-107h-xl-ar-radzem-2\/#primaryimage","url":"https:\/\/mmkriepas.lv\/wp-content\/uploads\/2023\/11\/27535r20-tri-ace-snow-white-2-102h-xl-ar-radzem-ziemas-riepas-ziemas-ar-radzem-riepas.jpg","contentUrl":"https:\/\/mmkriepas.lv\/wp-content\/uploads\/2023\/11\/27535r20-tri-ace-snow-white-2-102h-xl-ar-radzem-ziemas-riepas-ziemas-ar-radzem-riepas.jpg","width":1920,"height":1920,"caption":"275\/35R20 Tri-Ace Snow White 2 102H XL ar radz\u0113m - Ziemas riepas \/ Ziemas ar radz\u0113m riepas"},{"@type":"BreadcrumbList","@id":"https:\/\/mmkriepas.lv\/en\/p\/295-35r21-tri-ace-snow-white-2-107h-xl-ar-radzem-2\/#breadcrumb","itemListElement":[{"@type":"ListItem","position":1,"name":"S\u0101kums","item":"https:\/\/mmkriepas.lv\/en\/"},{"@type":"ListItem","position":2,"name":"295\/35R21 Tri-Ace Snow White 2 107H XL ar radz\u0113m"}]},{"@type":"WebSite","@id":"https:\/\/mmkriepas.lv\/en\/#website","url":"https:\/\/mmkriepas.lv\/en\/","name":"MMK Riepas","description":"MMK Riepas","alternateName":"MMK Riepu Serviss","potentialAction":[{"@type":"SearchAction","target":{"@type":"EntryPoint","urlTemplate":"https:\/\/mmkriepas.lv\/en\/?s={search_term_string}"},"query-input":{"@type":"PropertyValueSpecification","valueRequired":true,"valueName":"search_term_string"}}],"inLanguage":"en-US"},{"@type":"ImageObject","inLanguage":"en-US","@id":"https:\/\/mmkriepas.lv\/en\/p\/295-35r21-tri-ace-snow-white-2-107h-xl-ar-radzem-2\/#local-main-organization-logo","url":"","contentUrl":"","caption":"MMK Riepas"}]},"product_brand":"Tri-Ace Snow White 2","product_price_amount":"163.00","product_price_currency":"EUR","og_availability":"instock","product_availability":"instock","product_retailer_item_id":"TR2953521Tri-A-E38986","product_condition":"new"},"_links":{"self":[{"href":"https:\/\/mmkriepas.lv\/en\/wp-json\/wp\/v2\/product\/946542","targetHints":{"allow":["GET"]}}],"collection":[{"href":"https:\/\/mmkriepas.lv\/en\/wp-json\/wp\/v2\/product"}],"about":[{"href":"https:\/\/mmkriepas.lv\/en\/wp-json\/wp\/v2\/types\/product"}],"wp:featuredmedia":[{"embeddable":true,"href":"https:\/\/mmkriepas.lv\/en\/wp-json\/wp\/v2\/media\/821220"}],"wp:attachment":[{"href":"https:\/\/mmkriepas.lv\/en\/wp-json\/wp\/v2\/media?parent=946542"}],"wp:term":[{"taxonomy":"product_brand","embeddable":true,"href":"https:\/\/mmkriepas.lv\/en\/wp-json\/wp\/v2\/product_brand?post=946542"},{"taxonomy":"product_cat","embeddable":true,"href":"https:\/\/mmkriepas.lv\/en\/wp-json\/wp\/v2\/product_cat?post=946542"},{"taxonomy":"product_tag","embeddable":true,"href":"https:\/\/mmkriepas.lv\/en\/wp-json\/wp\/v2\/product_tag?post=946542"}],"curies":[{"name":"wp","href":"https:\/\/api.w.org\/{rel}","templated":true}]}}