{"id":94523,"date":"2019-03-04T16:24:07","date_gmt":"2019-03-04T14:24:07","guid":{"rendered":"https:\/\/mmkserviss.lv\/?post_type=product&#038;p=94523"},"modified":"2024-04-29T17:24:42","modified_gmt":"2024-04-29T14:24:42","slug":"235-70r16-rotalla-rf10-106h","status":"publish","type":"product","link":"https:\/\/mmkriepas.lv\/en\/p\/235-70r16-rotalla-rf10-106h\/","title":{"rendered":"235\/70R16 Rotalla Enjoyland H\/T RF10 106H"},"content":{"rendered":"<p><strong>Rotalla Enjoyland H\/T RF10 <\/strong>ir \u013coti labas Highway Terrain vasaras riepas. Izce\u013cas ar sa\u0137eres un nodilumiztur\u012bbas r\u0101d\u012bt\u0101jiem gan uz grants, gan sausa un slapja asfalta. Paredz\u0113ts gan vieglaj\u0101m automa\u0161\u012bn\u0101m, gan krosoveriem un apvidus auto jeb SUV, kas vasar\u0101 nereti p\u0101rvietojas pa grants ce\u013ciem.<\/p>\n<h3>Enjoyland H\/T RF10 galven\u0101s iez\u012bmes<\/h3>\n<p>+ Teicamas sa\u0137eres un manevr\u0113tsp\u0113jas \u012bpa\u0161\u012bbas gan uz grants, gan asfalta segumiem.<\/p>\n<p>+ Palielin\u0101ta nodilumiztur\u012bba.<\/p>\n<p>+ Zems akvaplan\u0113\u0161anas risks.<\/p>\n<p><strong>+ Teicama cenas un veiktsp\u0113jas attiec\u012bba!<\/strong><\/p>\n<h3>Enjoyland H\/T RF10 apr\u012bkojums<\/h3>\n<p><strong>Rotalla Enjoyland H\/T RF10 <\/strong>Highway Terrain vasaras riepas apr\u012bkotas ar sal\u012bdzino\u0161i rupju apgriezti simetrisko protektora dizainu. Palielin\u0101ts protektora bloku skaits b\u016btiski uzlabo riepu veiktsp\u0113ju uz irden\u0101m ce\u013ca virsm\u0101m &#8211; grants, smilt\u012bm vai uz zemes ce\u013ciem.<\/p>\n<p>Riepu pamat\u0101 izmantots iztur\u012bgs karkass, kas iet\u0113rpts nodilumiztur\u012bg\u0101 un elast\u012bg\u0101 gumijas sakaus\u0113jum\u0101. V\u0113rts min\u0113t, ka elast\u012bga riepa dilst vienm\u0113r\u012bg\u0101k un krietni lab\u0101k veido sa\u0137eri ar ce\u013cu.<\/p>\n","protected":false},"excerpt":{"rendered":"<p style=\"margin: 12.0pt 0cm 12.0pt 0cm;\"><b><span style=\"font-size: 11.0pt; font-family: 'Arial',sans-serif; color: black;\"><strong>Rotalla Enjoyland H\/T RF10<\/strong> <\/span><\/b><span style=\"white-space: pre-wrap;\"><span style=\"font-size: 11.0pt; font-family: 'Arial',sans-serif; color: black;\">ir \u013coti labas Highway Terrain vasaras riepas. Izce\u013cas ar sa\u0137eres un nodilumiztur\u012bbas r\u0101d\u012bt\u0101jiem gan uz grants, gan sausa un slapja asfalta. Paredz\u0113ts gan vieglaj\u0101m automa\u0161\u012bn\u0101m, gan krosoveriem un apvidus auto jeb SUV, kas vasar\u0101 nereti p\u0101rvietojas pa grants ce\u013ciem.<\/span><\/span><u1:p><\/u1:p><o:p><\/o:p><\/p><\/p>\n","protected":false},"featured_media":836557,"template":"","meta":{"_acf_changed":false,"ngg_post_thumbnail":0},"product_brand":[],"product_cat":[46],"product_tag":[],"class_list":{"0":"post-94523","1":"product","2":"type-product","3":"status-publish","4":"has-post-thumbnail","6":"product_cat-vasaras-riepas","8":"first","9":"instock","10":"sale","11":"taxable","12":"shipping-taxable","13":"product-type-simple"},"acf":[],"yoast_head":"<!-- This site is optimized with the Yoast SEO Premium plugin v22.6 (Yoast SEO v27.3) - https:\/\/yoast.com\/product\/yoast-seo-premium-wordpress\/ -->\n<title>235\/70R16 Rotalla Enjoyland H\/T RF10 106H &#8226; MMK Riepas<\/title>\n<meta name=\"robots\" content=\"index, follow, max-snippet:-1, max-image-preview:large, max-video-preview:-1\" \/>\n<link rel=\"canonical\" href=\"https:\/\/mmkriepas.lv\/en\/p\/235-70r16-rotalla-rf10-106h\/\" \/>\n<meta property=\"og:locale\" content=\"en_US\" \/>\n<meta property=\"og:type\" content=\"article\" \/>\n<meta property=\"og:title\" content=\"235\/70R16 Rotalla Enjoyland H\/T RF10 106H\" \/>\n<meta property=\"og:description\" content=\"Rotalla Enjoyland H\/T RF10 ir \u013coti labas Highway Terrain vasaras riepas. Izce\u013cas ar sa\u0137eres un nodilumiztur\u012bbas r\u0101d\u012bt\u0101jiem gan uz grants, gan sausa un slapja asfalta. Paredz\u0113ts gan vieglaj\u0101m automa\u0161\u012bn\u0101m, gan krosoveriem un apvidus auto jeb SUV, kas vasar\u0101 nereti p\u0101rvietojas pa grants ce\u013ciem.\" \/>\n<meta property=\"og:url\" content=\"https:\/\/mmkriepas.lv\/en\/p\/235-70r16-rotalla-rf10-106h\/\" \/>\n<meta property=\"og:site_name\" content=\"MMK Riepas\" \/>\n<meta property=\"article:publisher\" content=\"https:\/\/www.facebook.com\/mmkserviss\/\" \/>\n<meta property=\"article:modified_time\" content=\"2024-04-29T14:24:42+00:00\" \/>\n<meta property=\"og:image\" content=\"https:\/\/mmkriepas.lv\/wp-content\/uploads\/2023\/12\/26565r17-rotalla-enjoyland-ht-rf10-112h-vasaras-riepas.jpg\" \/>\n\t<meta property=\"og:image:width\" content=\"1920\" \/>\n\t<meta property=\"og:image:height\" content=\"1920\" \/>\n\t<meta property=\"og:image:type\" content=\"image\/jpeg\" \/>\n<meta name=\"twitter:card\" content=\"summary_large_image\" \/>\n<meta name=\"twitter:label1\" content=\"Price\" \/>\n\t<meta name=\"twitter:data1\" content=\"&euro;75.00\" \/>\n\t<meta name=\"twitter:label2\" content=\"Availability\" \/>\n\t<meta name=\"twitter:data2\" content=\"In stock\" \/>\n<script type=\"application\/ld+json\" class=\"yoast-schema-graph\">{\"@context\":\"https:\\\/\\\/schema.org\",\"@graph\":[{\"@type\":\"WebPage\",\"@id\":\"https:\\\/\\\/mmkriepas.lv\\\/en\\\/p\\\/235-70r16-rotalla-rf10-106h\\\/\",\"url\":\"https:\\\/\\\/mmkriepas.lv\\\/en\\\/p\\\/235-70r16-rotalla-rf10-106h\\\/\",\"name\":\"235\\\/70R16 Rotalla Enjoyland H\\\/T RF10 106H &#8226; MMK Riepas\",\"isPartOf\":{\"@id\":\"https:\\\/\\\/mmkriepas.lv\\\/en\\\/#website\"},\"primaryImageOfPage\":{\"@id\":\"https:\\\/\\\/mmkriepas.lv\\\/en\\\/p\\\/235-70r16-rotalla-rf10-106h\\\/#primaryimage\"},\"image\":{\"@id\":\"https:\\\/\\\/mmkriepas.lv\\\/en\\\/p\\\/235-70r16-rotalla-rf10-106h\\\/#primaryimage\"},\"thumbnailUrl\":\"https:\\\/\\\/mmkriepas.lv\\\/wp-content\\\/uploads\\\/2023\\\/12\\\/26565r17-rotalla-enjoyland-ht-rf10-112h-vasaras-riepas.jpg\",\"datePublished\":\"2019-03-04T14:24:07+00:00\",\"dateModified\":\"2024-04-29T14:24:42+00:00\",\"breadcrumb\":{\"@id\":\"https:\\\/\\\/mmkriepas.lv\\\/en\\\/p\\\/235-70r16-rotalla-rf10-106h\\\/#breadcrumb\"},\"inLanguage\":\"en-US\",\"potentialAction\":[{\"@type\":\"ReadAction\",\"target\":[\"https:\\\/\\\/mmkriepas.lv\\\/en\\\/p\\\/235-70r16-rotalla-rf10-106h\\\/\"]}]},{\"@type\":\"ImageObject\",\"inLanguage\":\"en-US\",\"@id\":\"https:\\\/\\\/mmkriepas.lv\\\/en\\\/p\\\/235-70r16-rotalla-rf10-106h\\\/#primaryimage\",\"url\":\"https:\\\/\\\/mmkriepas.lv\\\/wp-content\\\/uploads\\\/2023\\\/12\\\/26565r17-rotalla-enjoyland-ht-rf10-112h-vasaras-riepas.jpg\",\"contentUrl\":\"https:\\\/\\\/mmkriepas.lv\\\/wp-content\\\/uploads\\\/2023\\\/12\\\/26565r17-rotalla-enjoyland-ht-rf10-112h-vasaras-riepas.jpg\",\"width\":1920,\"height\":1920,\"caption\":\"265\\\/65R17 Rotalla Enjoyland H\\\/T RF10 112H - Vasaras riepas\"},{\"@type\":\"BreadcrumbList\",\"@id\":\"https:\\\/\\\/mmkriepas.lv\\\/en\\\/p\\\/235-70r16-rotalla-rf10-106h\\\/#breadcrumb\",\"itemListElement\":[{\"@type\":\"ListItem\",\"position\":1,\"name\":\"S\u0101kums\",\"item\":\"https:\\\/\\\/mmkriepas.lv\\\/en\\\/\"},{\"@type\":\"ListItem\",\"position\":2,\"name\":\"235\\\/70R16 Rotalla Enjoyland H\\\/T RF10 106H\"}]},{\"@type\":\"WebSite\",\"@id\":\"https:\\\/\\\/mmkriepas.lv\\\/en\\\/#website\",\"url\":\"https:\\\/\\\/mmkriepas.lv\\\/en\\\/\",\"name\":\"MMK Riepas\",\"description\":\"MMK Riepas\",\"alternateName\":\"MMK Riepu Serviss\",\"potentialAction\":[{\"@type\":\"SearchAction\",\"target\":{\"@type\":\"EntryPoint\",\"urlTemplate\":\"https:\\\/\\\/mmkriepas.lv\\\/en\\\/?s={search_term_string}\"},\"query-input\":{\"@type\":\"PropertyValueSpecification\",\"valueRequired\":true,\"valueName\":\"search_term_string\"}}],\"inLanguage\":\"en-US\"},{\"@type\":\"ImageObject\",\"inLanguage\":\"en-US\",\"@id\":\"https:\\\/\\\/mmkriepas.lv\\\/en\\\/p\\\/235-70r16-rotalla-rf10-106h\\\/#local-main-organization-logo\",\"url\":\"\",\"contentUrl\":\"\",\"caption\":\"MMK Riepas\"}]}<\/script>\n<meta property=\"product:brand\" content=\"Rotalla Enjoyland H\/T RF10\" \/>\n<meta property=\"product:price:amount\" content=\"75.00\" \/>\n<meta property=\"product:price:currency\" content=\"EUR\" \/>\n<meta property=\"og:availability\" content=\"instock\" \/>\n<meta property=\"product:availability\" content=\"instock\" \/>\n<meta property=\"product:condition\" content=\"new\" \/>\n<!-- \/ Yoast SEO Premium plugin. -->","yoast_head_json":{"title":"235\/70R16 Rotalla Enjoyland H\/T RF10 106H &#8226; MMK Riepas","robots":{"index":"index","follow":"follow","max-snippet":"max-snippet:-1","max-image-preview":"max-image-preview:large","max-video-preview":"max-video-preview:-1"},"canonical":"https:\/\/mmkriepas.lv\/en\/p\/235-70r16-rotalla-rf10-106h\/","og_locale":"en_US","og_type":"article","og_title":"235\/70R16 Rotalla Enjoyland H\/T RF10 106H","og_description":"Rotalla Enjoyland H\/T RF10 ir \u013coti labas Highway Terrain vasaras riepas. Izce\u013cas ar sa\u0137eres un nodilumiztur\u012bbas r\u0101d\u012bt\u0101jiem gan uz grants, gan sausa un slapja asfalta. Paredz\u0113ts gan vieglaj\u0101m automa\u0161\u012bn\u0101m, gan krosoveriem un apvidus auto jeb SUV, kas vasar\u0101 nereti p\u0101rvietojas pa grants ce\u013ciem.","og_url":"https:\/\/mmkriepas.lv\/en\/p\/235-70r16-rotalla-rf10-106h\/","og_site_name":"MMK Riepas","article_publisher":"https:\/\/www.facebook.com\/mmkserviss\/","article_modified_time":"2024-04-29T14:24:42+00:00","og_image":[{"width":1920,"height":1920,"url":"https:\/\/mmkriepas.lv\/wp-content\/uploads\/2023\/12\/26565r17-rotalla-enjoyland-ht-rf10-112h-vasaras-riepas.jpg","type":"image\/jpeg"}],"twitter_card":"summary_large_image","twitter_misc":{"Price":"&euro;75.00","Availability":"In stock"},"schema":{"@context":"https:\/\/schema.org","@graph":[{"@type":"WebPage","@id":"https:\/\/mmkriepas.lv\/en\/p\/235-70r16-rotalla-rf10-106h\/","url":"https:\/\/mmkriepas.lv\/en\/p\/235-70r16-rotalla-rf10-106h\/","name":"235\/70R16 Rotalla Enjoyland H\/T RF10 106H &#8226; MMK Riepas","isPartOf":{"@id":"https:\/\/mmkriepas.lv\/en\/#website"},"primaryImageOfPage":{"@id":"https:\/\/mmkriepas.lv\/en\/p\/235-70r16-rotalla-rf10-106h\/#primaryimage"},"image":{"@id":"https:\/\/mmkriepas.lv\/en\/p\/235-70r16-rotalla-rf10-106h\/#primaryimage"},"thumbnailUrl":"https:\/\/mmkriepas.lv\/wp-content\/uploads\/2023\/12\/26565r17-rotalla-enjoyland-ht-rf10-112h-vasaras-riepas.jpg","datePublished":"2019-03-04T14:24:07+00:00","dateModified":"2024-04-29T14:24:42+00:00","breadcrumb":{"@id":"https:\/\/mmkriepas.lv\/en\/p\/235-70r16-rotalla-rf10-106h\/#breadcrumb"},"inLanguage":"en-US","potentialAction":[{"@type":"ReadAction","target":["https:\/\/mmkriepas.lv\/en\/p\/235-70r16-rotalla-rf10-106h\/"]}]},{"@type":"ImageObject","inLanguage":"en-US","@id":"https:\/\/mmkriepas.lv\/en\/p\/235-70r16-rotalla-rf10-106h\/#primaryimage","url":"https:\/\/mmkriepas.lv\/wp-content\/uploads\/2023\/12\/26565r17-rotalla-enjoyland-ht-rf10-112h-vasaras-riepas.jpg","contentUrl":"https:\/\/mmkriepas.lv\/wp-content\/uploads\/2023\/12\/26565r17-rotalla-enjoyland-ht-rf10-112h-vasaras-riepas.jpg","width":1920,"height":1920,"caption":"265\/65R17 Rotalla Enjoyland H\/T RF10 112H - Vasaras riepas"},{"@type":"BreadcrumbList","@id":"https:\/\/mmkriepas.lv\/en\/p\/235-70r16-rotalla-rf10-106h\/#breadcrumb","itemListElement":[{"@type":"ListItem","position":1,"name":"S\u0101kums","item":"https:\/\/mmkriepas.lv\/en\/"},{"@type":"ListItem","position":2,"name":"235\/70R16 Rotalla Enjoyland H\/T RF10 106H"}]},{"@type":"WebSite","@id":"https:\/\/mmkriepas.lv\/en\/#website","url":"https:\/\/mmkriepas.lv\/en\/","name":"MMK Riepas","description":"MMK Riepas","alternateName":"MMK Riepu Serviss","potentialAction":[{"@type":"SearchAction","target":{"@type":"EntryPoint","urlTemplate":"https:\/\/mmkriepas.lv\/en\/?s={search_term_string}"},"query-input":{"@type":"PropertyValueSpecification","valueRequired":true,"valueName":"search_term_string"}}],"inLanguage":"en-US"},{"@type":"ImageObject","inLanguage":"en-US","@id":"https:\/\/mmkriepas.lv\/en\/p\/235-70r16-rotalla-rf10-106h\/#local-main-organization-logo","url":"","contentUrl":"","caption":"MMK Riepas"}]},"product_brand":"Rotalla Enjoyland H\/T RF10","product_price_amount":"75.00","product_price_currency":"EUR","og_availability":"instock","product_availability":"instock","product_condition":"new"},"_links":{"self":[{"href":"https:\/\/mmkriepas.lv\/en\/wp-json\/wp\/v2\/product\/94523","targetHints":{"allow":["GET"]}}],"collection":[{"href":"https:\/\/mmkriepas.lv\/en\/wp-json\/wp\/v2\/product"}],"about":[{"href":"https:\/\/mmkriepas.lv\/en\/wp-json\/wp\/v2\/types\/product"}],"wp:featuredmedia":[{"embeddable":true,"href":"https:\/\/mmkriepas.lv\/en\/wp-json\/wp\/v2\/media\/836557"}],"wp:attachment":[{"href":"https:\/\/mmkriepas.lv\/en\/wp-json\/wp\/v2\/media?parent=94523"}],"wp:term":[{"taxonomy":"product_brand","embeddable":true,"href":"https:\/\/mmkriepas.lv\/en\/wp-json\/wp\/v2\/product_brand?post=94523"},{"taxonomy":"product_cat","embeddable":true,"href":"https:\/\/mmkriepas.lv\/en\/wp-json\/wp\/v2\/product_cat?post=94523"},{"taxonomy":"product_tag","embeddable":true,"href":"https:\/\/mmkriepas.lv\/en\/wp-json\/wp\/v2\/product_tag?post=94523"}],"curies":[{"name":"wp","href":"https:\/\/api.w.org\/{rel}","templated":true}]}}