{"id":944228,"date":"2024-07-30T13:23:44","date_gmt":"2024-07-30T10:23:44","guid":{"rendered":"https:\/\/mmkriepas.lv\/?post_type=product&#038;p=944228"},"modified":"2026-03-27T14:08:47","modified_gmt":"2026-03-27T12:08:47","slug":"195-50r13c-nankang-ice-activa-iv-1-104-101n","status":"publish","type":"product","link":"https:\/\/mmkriepas.lv\/en\/p\/195-50r13c-nankang-ice-activa-iv-1-104-101n\/","title":{"rendered":"195\/50R13C Nankang Ice Activa IV-1 104\/101N"},"content":{"rendered":"<p><span style=\"font-family: Arial, sans-serif;\"><strong><span style=\"color: #000000;\"><span style=\"font-size: small;\"><b><span>Nankang Ice Activa IV-1<\/span><\/b><\/span><\/span><\/strong><span style=\"color: #000000;\"><span style=\"font-size: small;\"> ir rad\u017eojams komercauto ziemas riepu modelis ar \u012bpa\u0161i agres\u012bvu protektora rakstu, kas izstr\u0101d\u0101ts paaugstin\u0101tai veiktsp\u0113jai \u012bpa\u0161i skarbos ziemas brauk\u0161anas apst\u0101k\u013cos gan uz asfalta, gan lauku vai me\u017ea ce\u013ciem.<\/span><\/span><\/span><\/p>\n<h3 class=\"western\"><span style=\"font-family: Arial, sans-serif;\"><span>Nankang Ice Activa IV-1 galven\u0101s iez\u012bmes:<\/span><\/span><\/h3>\n<p><span style=\"font-family: Arial, sans-serif;\"><span>+ \u012apa\u0161i agres\u012bvs protektora dizains, kas b\u016bs lielisks sabiedrotais c\u012b\u0146\u0101 ar skarbiem brauk\u0161anas apst\u0101k\u013ciem ziem\u0101,<br \/>+ Samazin\u0101ts akvaplan\u0113\u0161anas risks,<br \/>+ Uzlabots riepas gumijas sast\u0101vs,<br \/>+ Teicama veiktsp\u0113ja gan uz asfalta, gan uz lauku vai me\u017ea ce\u013ciem,<br \/>+ Degvielas ekonomija,<br \/>+ Lieliska cenas un veiktsp\u0113jas attiec\u012bba<br \/>+ Iesp\u0113ja protektora blokos iestr\u0101d\u0101t radzes, uzlabojot sa\u0137eri ar ledu un paildzinot riepu kalpo\u0161anas m\u016b\u017eu.<\/span><\/span><\/p>\n<h3 class=\"western\"><span style=\"font-family: Arial, sans-serif;\"><span>Ice Activa IV-1 apr\u012bkojums<\/span><\/span><\/h3>\n<p><span style=\"font-family: Arial, sans-serif;\"><span>Nankang Ice Activa IV-1 riepas apr\u012bkotas ar agres\u012bvu virzienveida protektora rakstu, kas izcili veido sa\u0137eri ar sniegot\u0101m un apledoju\u0161\u0101m ce\u013ca virsm\u0101m. Starp mas\u012bvajiem protektora blokiem atrodama uzlabota dren\u0101\u017eas kan\u0101lu sist\u0113ma, kas lieliski izvada \u016bdeni, sniegu un dub\u013cus, samazinot ar\u012b akvaplan\u0113\u0161anas risku un uzlabojot veiktsp\u0113ju slapjdra\u0146\u0137\u012b.<\/span><\/span><\/p>\n<p><span style=\"font-family: Arial, sans-serif;\"><span>\u0160is riepu modelis izgatavots no elastrom\u0113riem bag\u0101ta gumijas sakaus\u0113juma, kas saglab\u0101 elast\u012bbu zem\u0101s gaisa temperat\u016br\u0101s, nodro\u0161inot uzlabotu sa\u0137eri ar asfalu, ledu un sniegu. Kompoz\u012btmateri\u0101lam pievienoti elementi, kas ne tikai apsl\u0101p\u0113 ska\u0146u, bet ar\u012b paildzina riepas kalpo\u0161anas m\u016b\u017eu, uzlabojot \u0161\u012b riepu mode\u013ca cenas un veiktsp\u0113jas attiec\u012bbu.<\/span><\/span><\/p>\n<p><span style=\"font-family: Arial, sans-serif;\"><span>Protektora blokos iesp\u0113jams iestr\u0101d\u0101t radzes, v\u0113l vair\u0101k uzlabojot riepu veiktsp\u0113ju uz ledus, k\u0101 ar\u012b paildzinot riepu kalpo\u0161anas m\u016b\u017eu.<\/span><\/span><\/p>\n","protected":false},"excerpt":{"rendered":"<p><span style=\"font-family: Arial, sans-serif;\"><strong><span style=\"color: #000000;\"><span style=\"font-size: small;\"><b><span>Nankang Ice Activa IV-1<\/span><\/b><\/span><\/span><\/strong><span style=\"color: #000000;\"><span style=\"font-size: small;\"> ir rad\u017eojams komercauto ziemas riepu modelis ar \u012bpa\u0161i agres\u012bvu protektora rakstu, kas izstr\u0101d\u0101ts paaugstin\u0101tai veiktsp\u0113jai \u012bpa\u0161i skarbos ziemas brauk\u0161anas apst\u0101k\u013cos gan uz asfalta, gan lauku vai me\u017ea ce\u013ciem.<\/span><\/span><\/span><\/p>\n","protected":false},"featured_media":944227,"template":"","meta":{"_acf_changed":false,"ngg_post_thumbnail":0},"product_brand":[],"product_cat":[47,45],"product_tag":[],"class_list":{"0":"post-944228","1":"product","2":"type-product","3":"status-publish","4":"has-post-thumbnail","6":"product_cat-vissezonas-riepas","7":"product_cat-ziemas-riepas","9":"first","10":"instock","11":"sale","12":"taxable","13":"shipping-taxable","14":"purchasable","15":"product-type-simple"},"acf":[],"yoast_head":"<!-- This site is optimized with the Yoast SEO Premium plugin v22.6 (Yoast SEO v27.3) - https:\/\/yoast.com\/product\/yoast-seo-premium-wordpress\/ -->\n<title>195\/50R13C Nankang Ice Activa IV-1 104\/101N &#8226; MMK Riepas<\/title>\n<meta name=\"robots\" content=\"index, follow, max-snippet:-1, max-image-preview:large, max-video-preview:-1\" \/>\n<link rel=\"canonical\" href=\"https:\/\/mmkriepas.lv\/en\/p\/195-50r13c-nankang-ice-activa-iv-1-104-101n\/\" \/>\n<meta property=\"og:locale\" content=\"en_US\" \/>\n<meta property=\"og:type\" content=\"article\" \/>\n<meta property=\"og:title\" content=\"195\/50R13C Nankang Ice Activa IV-1 104\/101N\" \/>\n<meta property=\"og:description\" content=\"Nankang Ice Activa IV-1 ir rad\u017eojams komercauto ziemas riepu modelis ar \u012bpa\u0161i agres\u012bvu protektora rakstu, kas izstr\u0101d\u0101ts paaugstin\u0101tai veiktsp\u0113jai \u012bpa\u0161i skarbos ziemas brauk\u0161anas apst\u0101k\u013cos gan uz asfalta, gan lauku vai me\u017ea ce\u013ciem.\" \/>\n<meta property=\"og:url\" content=\"https:\/\/mmkriepas.lv\/en\/p\/195-50r13c-nankang-ice-activa-iv-1-104-101n\/\" \/>\n<meta property=\"og:site_name\" content=\"MMK Riepas\" \/>\n<meta property=\"article:publisher\" content=\"https:\/\/www.facebook.com\/mmkserviss\/\" \/>\n<meta property=\"article:modified_time\" content=\"2026-03-27T12:08:47+00:00\" \/>\n<meta property=\"og:image\" content=\"https:\/\/mmkriepas.lv\/wp-content\/uploads\/2024\/07\/19550r13c-nankang-iv-1-104101n-ziemas-riepas.jpg\" \/>\n\t<meta property=\"og:image:width\" content=\"600\" \/>\n\t<meta property=\"og:image:height\" content=\"600\" \/>\n\t<meta property=\"og:image:type\" content=\"image\/jpeg\" \/>\n<meta name=\"twitter:card\" content=\"summary_large_image\" \/>\n<meta name=\"twitter:label1\" content=\"Price\" \/>\n\t<meta name=\"twitter:data1\" content=\"&euro;75.00\" \/>\n\t<meta name=\"twitter:label2\" content=\"Availability\" \/>\n\t<meta name=\"twitter:data2\" content=\"In stock\" \/>\n<script type=\"application\/ld+json\" class=\"yoast-schema-graph\">{\"@context\":\"https:\\\/\\\/schema.org\",\"@graph\":[{\"@type\":\"WebPage\",\"@id\":\"https:\\\/\\\/mmkriepas.lv\\\/en\\\/p\\\/195-50r13c-nankang-ice-activa-iv-1-104-101n\\\/\",\"url\":\"https:\\\/\\\/mmkriepas.lv\\\/en\\\/p\\\/195-50r13c-nankang-ice-activa-iv-1-104-101n\\\/\",\"name\":\"195\\\/50R13C Nankang Ice Activa IV-1 104\\\/101N &#8226; MMK Riepas\",\"isPartOf\":{\"@id\":\"https:\\\/\\\/mmkriepas.lv\\\/en\\\/#website\"},\"primaryImageOfPage\":{\"@id\":\"https:\\\/\\\/mmkriepas.lv\\\/en\\\/p\\\/195-50r13c-nankang-ice-activa-iv-1-104-101n\\\/#primaryimage\"},\"image\":{\"@id\":\"https:\\\/\\\/mmkriepas.lv\\\/en\\\/p\\\/195-50r13c-nankang-ice-activa-iv-1-104-101n\\\/#primaryimage\"},\"thumbnailUrl\":\"https:\\\/\\\/mmkriepas.lv\\\/wp-content\\\/uploads\\\/2024\\\/07\\\/19550r13c-nankang-iv-1-104101n-ziemas-riepas.jpg\",\"datePublished\":\"2024-07-30T10:23:44+00:00\",\"dateModified\":\"2026-03-27T12:08:47+00:00\",\"breadcrumb\":{\"@id\":\"https:\\\/\\\/mmkriepas.lv\\\/en\\\/p\\\/195-50r13c-nankang-ice-activa-iv-1-104-101n\\\/#breadcrumb\"},\"inLanguage\":\"en-US\",\"potentialAction\":[{\"@type\":\"ReadAction\",\"target\":[\"https:\\\/\\\/mmkriepas.lv\\\/en\\\/p\\\/195-50r13c-nankang-ice-activa-iv-1-104-101n\\\/\"]}]},{\"@type\":\"ImageObject\",\"inLanguage\":\"en-US\",\"@id\":\"https:\\\/\\\/mmkriepas.lv\\\/en\\\/p\\\/195-50r13c-nankang-ice-activa-iv-1-104-101n\\\/#primaryimage\",\"url\":\"https:\\\/\\\/mmkriepas.lv\\\/wp-content\\\/uploads\\\/2024\\\/07\\\/19550r13c-nankang-iv-1-104101n-ziemas-riepas.jpg\",\"contentUrl\":\"https:\\\/\\\/mmkriepas.lv\\\/wp-content\\\/uploads\\\/2024\\\/07\\\/19550r13c-nankang-iv-1-104101n-ziemas-riepas.jpg\",\"width\":600,\"height\":600,\"caption\":\"195\\\/50R13C NANKANG IV-1 104\\\/101N - Ziemas riepas\"},{\"@type\":\"BreadcrumbList\",\"@id\":\"https:\\\/\\\/mmkriepas.lv\\\/en\\\/p\\\/195-50r13c-nankang-ice-activa-iv-1-104-101n\\\/#breadcrumb\",\"itemListElement\":[{\"@type\":\"ListItem\",\"position\":1,\"name\":\"S\u0101kums\",\"item\":\"https:\\\/\\\/mmkriepas.lv\\\/en\\\/\"},{\"@type\":\"ListItem\",\"position\":2,\"name\":\"195\\\/50R13C Nankang Ice Activa IV-1 104\\\/101N\"}]},{\"@type\":\"WebSite\",\"@id\":\"https:\\\/\\\/mmkriepas.lv\\\/en\\\/#website\",\"url\":\"https:\\\/\\\/mmkriepas.lv\\\/en\\\/\",\"name\":\"MMK Riepas\",\"description\":\"MMK Riepas\",\"alternateName\":\"MMK Riepu Serviss\",\"potentialAction\":[{\"@type\":\"SearchAction\",\"target\":{\"@type\":\"EntryPoint\",\"urlTemplate\":\"https:\\\/\\\/mmkriepas.lv\\\/en\\\/?s={search_term_string}\"},\"query-input\":{\"@type\":\"PropertyValueSpecification\",\"valueRequired\":true,\"valueName\":\"search_term_string\"}}],\"inLanguage\":\"en-US\"},{\"@type\":\"ImageObject\",\"inLanguage\":\"en-US\",\"@id\":\"https:\\\/\\\/mmkriepas.lv\\\/en\\\/p\\\/195-50r13c-nankang-ice-activa-iv-1-104-101n\\\/#local-main-organization-logo\",\"url\":\"\",\"contentUrl\":\"\",\"caption\":\"MMK Riepas\"}]}<\/script>\n<meta property=\"product:brand\" content=\"Nankang Ice Activa IV-1\" \/>\n<meta property=\"product:price:amount\" content=\"75.00\" \/>\n<meta property=\"product:price:currency\" content=\"EUR\" \/>\n<meta property=\"og:availability\" content=\"instock\" \/>\n<meta property=\"product:availability\" content=\"instock\" \/>\n<meta property=\"product:retailer_item_id\" content=\"TW1955013NANKA-L38774\" \/>\n<meta property=\"product:condition\" content=\"new\" \/>\n<!-- \/ Yoast SEO Premium plugin. -->","yoast_head_json":{"title":"195\/50R13C Nankang Ice Activa IV-1 104\/101N &#8226; MMK Riepas","robots":{"index":"index","follow":"follow","max-snippet":"max-snippet:-1","max-image-preview":"max-image-preview:large","max-video-preview":"max-video-preview:-1"},"canonical":"https:\/\/mmkriepas.lv\/en\/p\/195-50r13c-nankang-ice-activa-iv-1-104-101n\/","og_locale":"en_US","og_type":"article","og_title":"195\/50R13C Nankang Ice Activa IV-1 104\/101N","og_description":"Nankang Ice Activa IV-1 ir rad\u017eojams komercauto ziemas riepu modelis ar \u012bpa\u0161i agres\u012bvu protektora rakstu, kas izstr\u0101d\u0101ts paaugstin\u0101tai veiktsp\u0113jai \u012bpa\u0161i skarbos ziemas brauk\u0161anas apst\u0101k\u013cos gan uz asfalta, gan lauku vai me\u017ea ce\u013ciem.","og_url":"https:\/\/mmkriepas.lv\/en\/p\/195-50r13c-nankang-ice-activa-iv-1-104-101n\/","og_site_name":"MMK Riepas","article_publisher":"https:\/\/www.facebook.com\/mmkserviss\/","article_modified_time":"2026-03-27T12:08:47+00:00","og_image":[{"width":600,"height":600,"url":"https:\/\/mmkriepas.lv\/wp-content\/uploads\/2024\/07\/19550r13c-nankang-iv-1-104101n-ziemas-riepas.jpg","type":"image\/jpeg"}],"twitter_card":"summary_large_image","twitter_misc":{"Price":"&euro;75.00","Availability":"In stock"},"schema":{"@context":"https:\/\/schema.org","@graph":[{"@type":"WebPage","@id":"https:\/\/mmkriepas.lv\/en\/p\/195-50r13c-nankang-ice-activa-iv-1-104-101n\/","url":"https:\/\/mmkriepas.lv\/en\/p\/195-50r13c-nankang-ice-activa-iv-1-104-101n\/","name":"195\/50R13C Nankang Ice Activa IV-1 104\/101N &#8226; MMK Riepas","isPartOf":{"@id":"https:\/\/mmkriepas.lv\/en\/#website"},"primaryImageOfPage":{"@id":"https:\/\/mmkriepas.lv\/en\/p\/195-50r13c-nankang-ice-activa-iv-1-104-101n\/#primaryimage"},"image":{"@id":"https:\/\/mmkriepas.lv\/en\/p\/195-50r13c-nankang-ice-activa-iv-1-104-101n\/#primaryimage"},"thumbnailUrl":"https:\/\/mmkriepas.lv\/wp-content\/uploads\/2024\/07\/19550r13c-nankang-iv-1-104101n-ziemas-riepas.jpg","datePublished":"2024-07-30T10:23:44+00:00","dateModified":"2026-03-27T12:08:47+00:00","breadcrumb":{"@id":"https:\/\/mmkriepas.lv\/en\/p\/195-50r13c-nankang-ice-activa-iv-1-104-101n\/#breadcrumb"},"inLanguage":"en-US","potentialAction":[{"@type":"ReadAction","target":["https:\/\/mmkriepas.lv\/en\/p\/195-50r13c-nankang-ice-activa-iv-1-104-101n\/"]}]},{"@type":"ImageObject","inLanguage":"en-US","@id":"https:\/\/mmkriepas.lv\/en\/p\/195-50r13c-nankang-ice-activa-iv-1-104-101n\/#primaryimage","url":"https:\/\/mmkriepas.lv\/wp-content\/uploads\/2024\/07\/19550r13c-nankang-iv-1-104101n-ziemas-riepas.jpg","contentUrl":"https:\/\/mmkriepas.lv\/wp-content\/uploads\/2024\/07\/19550r13c-nankang-iv-1-104101n-ziemas-riepas.jpg","width":600,"height":600,"caption":"195\/50R13C NANKANG IV-1 104\/101N - Ziemas riepas"},{"@type":"BreadcrumbList","@id":"https:\/\/mmkriepas.lv\/en\/p\/195-50r13c-nankang-ice-activa-iv-1-104-101n\/#breadcrumb","itemListElement":[{"@type":"ListItem","position":1,"name":"S\u0101kums","item":"https:\/\/mmkriepas.lv\/en\/"},{"@type":"ListItem","position":2,"name":"195\/50R13C Nankang Ice Activa IV-1 104\/101N"}]},{"@type":"WebSite","@id":"https:\/\/mmkriepas.lv\/en\/#website","url":"https:\/\/mmkriepas.lv\/en\/","name":"MMK Riepas","description":"MMK Riepas","alternateName":"MMK Riepu Serviss","potentialAction":[{"@type":"SearchAction","target":{"@type":"EntryPoint","urlTemplate":"https:\/\/mmkriepas.lv\/en\/?s={search_term_string}"},"query-input":{"@type":"PropertyValueSpecification","valueRequired":true,"valueName":"search_term_string"}}],"inLanguage":"en-US"},{"@type":"ImageObject","inLanguage":"en-US","@id":"https:\/\/mmkriepas.lv\/en\/p\/195-50r13c-nankang-ice-activa-iv-1-104-101n\/#local-main-organization-logo","url":"","contentUrl":"","caption":"MMK Riepas"}]},"product_brand":"Nankang Ice Activa IV-1","product_price_amount":"75.00","product_price_currency":"EUR","og_availability":"instock","product_availability":"instock","product_retailer_item_id":"TW1955013NANKA-L38774","product_condition":"new"},"_links":{"self":[{"href":"https:\/\/mmkriepas.lv\/en\/wp-json\/wp\/v2\/product\/944228","targetHints":{"allow":["GET"]}}],"collection":[{"href":"https:\/\/mmkriepas.lv\/en\/wp-json\/wp\/v2\/product"}],"about":[{"href":"https:\/\/mmkriepas.lv\/en\/wp-json\/wp\/v2\/types\/product"}],"wp:featuredmedia":[{"embeddable":true,"href":"https:\/\/mmkriepas.lv\/en\/wp-json\/wp\/v2\/media\/944227"}],"wp:attachment":[{"href":"https:\/\/mmkriepas.lv\/en\/wp-json\/wp\/v2\/media?parent=944228"}],"wp:term":[{"taxonomy":"product_brand","embeddable":true,"href":"https:\/\/mmkriepas.lv\/en\/wp-json\/wp\/v2\/product_brand?post=944228"},{"taxonomy":"product_cat","embeddable":true,"href":"https:\/\/mmkriepas.lv\/en\/wp-json\/wp\/v2\/product_cat?post=944228"},{"taxonomy":"product_tag","embeddable":true,"href":"https:\/\/mmkriepas.lv\/en\/wp-json\/wp\/v2\/product_tag?post=944228"}],"curies":[{"name":"wp","href":"https:\/\/api.w.org\/{rel}","templated":true}]}}