{"id":942119,"date":"2024-07-18T09:32:02","date_gmt":"2024-07-18T06:32:02","guid":{"rendered":"https:\/\/mmkriepas.lv\/?post_type=product&#038;p=942119"},"modified":"2026-03-30T14:20:13","modified_gmt":"2026-03-30T11:20:13","slug":"225-55r18-michelin-alpin-7-102v-xl","status":"publish","type":"product","link":"https:\/\/mmkriepas.lv\/en\/p\/225-55r18-michelin-alpin-7-102v-xl\/","title":{"rendered":"225\/55R18 Michelin Alpin 7 102V XL"},"content":{"rendered":"<p data-path-to-node=\"6\"><b data-path-to-node=\"6\" data-index-in-node=\"0\">Michelin Alpin 7<\/b> ir viens no modern\u0101kajiem premium klases ziemas riepu mode\u013ciem, ko izstr\u0101d\u0101jis <b data-path-to-node=\"6\" data-index-in-node=\"96\">Michelin<\/b> \u2013 pasaul\u0113 vado\u0161ais un inovat\u012bv\u0101kais riepu ra\u017eot\u0101js. \u0160is modelis ir rad\u012bts autovad\u012bt\u0101jiem, kuriem svar\u012bga dro\u0161\u012bba, degvielas ekonomija un nemain\u012bga veiktsp\u0113ja vis\u0101 riepas kalpo\u0161anas laik\u0101.<\/p>\n<p data-path-to-node=\"7\">Mode\u013ca augsto dro\u0161\u012bbas l\u012bmeni un atbilst\u012bbu skarb\u0101kiem ziemas apst\u0101k\u013ciem apstiprina <b data-path-to-node=\"7\" data-index-in-node=\"84\">3PMSF<\/b> (sniegp\u0101rslas uz kalna fona) mar\u0137\u0113jums, kas garant\u0113 uzticamu sa\u0137eri uz sniega.<\/p>\n<h3 data-path-to-node=\"8\">Michelin Alpin 7 galven\u0101s iez\u012bmes:<\/h3>\n<ul data-path-to-node=\"9\">\n<li>\n<p data-path-to-node=\"9,0,0\"><b data-path-to-node=\"9,0,0\" data-index-in-node=\"0\">Teicams sniegums uz sniega:<\/b> Uzlabotais virziena protektora raksts nodro\u0161ina par <b data-path-to-node=\"9,0,0\" data-index-in-node=\"80\">6% lab\u0101ku bremz\u0113\u0161anu<\/b> uz sniega, sal\u012bdzinot ar iepriek\u0161\u0113j\u0101s paaudzes modeli.<\/p>\n<\/li>\n<li>\n<p data-path-to-node=\"9,1,0\"><b data-path-to-node=\"9,1,0\" data-index-in-node=\"0\">Inovat\u012bvs gumijas mais\u012bjums:<\/b> Jaun\u0101 daudzsl\u0101\u0146u gumijas tehnolo\u0123ija un optimiz\u0113tais sast\u0101vs nodro\u0161ina augstu efektivit\u0101ti pat zem\u0101s temperat\u016br\u0101s.<\/p>\n<\/li>\n<li>\n<p data-path-to-node=\"9,2,0\"><b data-path-to-node=\"9,2,0\" data-index-in-node=\"0\">&#8220;EverGrip&#8221; tehnolo\u0123ija:<\/b> Unik\u0101ls protektora dizains ar evolucion\u0113jo\u0161\u0101m riev\u0101m \u2013 riepai dilstot, protektora rievas papla\u0161in\u0101s, saglab\u0101jot efekt\u012bvu \u016bdens un sniega novad\u012b\u0161anu.<\/p>\n<\/li>\n<li>\n<p data-path-to-node=\"9,3,0\"><b data-path-to-node=\"9,3,0\" data-index-in-node=\"0\">Augsta energoefektivit\u0101te:<\/b> Pateicoties samazin\u0101tai rites pretest\u012bbai, \u0161\u012bs riepas pal\u012bdz samazin\u0101t degvielas pat\u0113ri\u0146u un ir \u012bpa\u0161i piem\u0113rotas ar\u012b elektroauto un hibr\u012bdiem.<\/p>\n<\/li>\n<\/ul>\n<h3 data-path-to-node=\"10\">Detaliz\u0113ts apskats:<\/h3>\n<p data-path-to-node=\"11\">B\u016bdams viens no liel\u0101kajiem nozares investoriem p\u0113tniec\u012bb\u0101, Michelin ar Alpin 7 modeli ir sasniedzis jaunu efektivit\u0101tes l\u012bmeni. <b data-path-to-node=\"11\" data-index-in-node=\"129\">V\u0101cijas testu organiz\u0101cijas &#8220;T\u00dcV S\u00dcD&#8221; veiktajos testos<\/b> Michelin Alpin 7 uzr\u0101d\u012bja izcilus rezult\u0101tus bremz\u0113\u0161an\u0101 uz sniega, ierindojoties starp tirgus l\u012bderiem.<\/p>\n<p data-path-to-node=\"12\">Galven\u0101 inov\u0101cija sl\u0113pjas protektora z\u012bm\u0113jum\u0101. Jaunais dizains ietver liel\u0101ku skaitu lamelu un bloku, kas burtiski &#8220;iekodas&#8221; snieg\u0101, nodro\u0161inot lab\u0101ku vilkmi un stabilit\u0101ti pagriezienos. Pateicoties uzlabotajai konstrukcijai, riepa rada maz\u0101ku trok\u0161\u0146u l\u012bmeni, nodro\u0161inot augstu akustisko komfortu salon\u0101.<\/p>\n<p data-path-to-node=\"13\">Michelin filozofija <b data-path-to-node=\"13\" data-index-in-node=\"20\">&#8220;Performance made to last&#8221;<\/b> noz\u012bm\u0113, ka Alpin 7 nezaud\u0113 savas \u012bpa\u0161\u012bbas pat pie iev\u0113rojama nodiluma. Kam\u0113r daudzas riepas zaud\u0113 sa\u0137eri p\u0113c pirm\u0101s sezonas, Alpin 7 pateicoties jaunajai lame\u013cu sist\u0113mai, saglab\u0101 dro\u0161\u012bbas parametrus l\u012bdz pat likum\u0101 noteiktajam nodiluma limitam.<\/p>\n","protected":false},"excerpt":{"rendered":"<p><b data-path-to-node=\"3\" data-index-in-node=\"0\">Michelin Alpin 7<\/b> ir jaun\u0101k\u0101s paaudzes premium klases Centr\u0101leiropas tipa ziemas riepa, kas rad\u012bta maksim\u0101lai dro\u0161\u012bbai main\u012bgos ziemas apst\u0101k\u013cos. \u0160is modelis turpina Michelin trad\u012bcijas, apvienojot inov\u0101cijas ar izcilu ilgm\u016b\u017e\u012bbu, nodro\u0161inot p\u0101rliecino\u0161u vad\u0101m\u012bbu uz sniega un slapja asfalta l\u012bdz pat p\u0113d\u0113jam protektora milimetram.<\/p>\n","protected":false},"featured_media":943185,"template":"","meta":{"_acf_changed":false,"ngg_post_thumbnail":0},"product_brand":[],"product_cat":[47,45],"product_tag":[],"class_list":{"0":"post-942119","1":"product","2":"type-product","3":"status-publish","4":"has-post-thumbnail","6":"product_cat-vissezonas-riepas","7":"product_cat-ziemas-riepas","9":"first","10":"instock","11":"taxable","12":"shipping-taxable","13":"purchasable","14":"product-type-simple"},"acf":[],"yoast_head":"<!-- This site is optimized with the Yoast SEO Premium plugin v22.6 (Yoast SEO v27.3) - https:\/\/yoast.com\/product\/yoast-seo-premium-wordpress\/ -->\n<title>225\/55R18 Michelin Alpin 7 102V XL &#8226; MMK Riepas<\/title>\n<meta name=\"robots\" content=\"index, follow, max-snippet:-1, max-image-preview:large, max-video-preview:-1\" \/>\n<link rel=\"canonical\" href=\"https:\/\/mmkriepas.lv\/en\/p\/225-55r18-michelin-alpin-7-102v-xl\/\" \/>\n<meta property=\"og:locale\" content=\"en_US\" \/>\n<meta property=\"og:type\" content=\"article\" \/>\n<meta property=\"og:title\" content=\"225\/55R18 Michelin Alpin 7 102V XL\" \/>\n<meta property=\"og:description\" content=\"Michelin Alpin 7 ir jaun\u0101k\u0101s paaudzes premium klases Centr\u0101leiropas tipa ziemas riepa, kas rad\u012bta maksim\u0101lai dro\u0161\u012bbai main\u012bgos ziemas apst\u0101k\u013cos. \u0160is modelis turpina Michelin trad\u012bcijas, apvienojot inov\u0101cijas ar izcilu ilgm\u016b\u017e\u012bbu, nodro\u0161inot p\u0101rliecino\u0161u vad\u0101m\u012bbu uz sniega un slapja asfalta l\u012bdz pat p\u0113d\u0113jam protektora milimetram.\" \/>\n<meta property=\"og:url\" content=\"https:\/\/mmkriepas.lv\/en\/p\/225-55r18-michelin-alpin-7-102v-xl\/\" \/>\n<meta property=\"og:site_name\" content=\"MMK Riepas\" \/>\n<meta property=\"article:publisher\" content=\"https:\/\/www.facebook.com\/mmkserviss\/\" \/>\n<meta property=\"article:modified_time\" content=\"2026-03-30T11:20:13+00:00\" \/>\n<meta property=\"og:image\" content=\"https:\/\/mmkriepas.lv\/wp-content\/uploads\/2024\/07\/michelin-alpin-7.jpg\" \/>\n\t<meta property=\"og:image:width\" content=\"900\" \/>\n\t<meta property=\"og:image:height\" content=\"720\" \/>\n\t<meta property=\"og:image:type\" content=\"image\/jpeg\" \/>\n<meta name=\"twitter:card\" content=\"summary_large_image\" \/>\n<meta name=\"twitter:label1\" content=\"Price\" \/>\n\t<meta name=\"twitter:data1\" content=\"&euro;229.00\" \/>\n\t<meta name=\"twitter:label2\" content=\"Availability\" \/>\n\t<meta name=\"twitter:data2\" content=\"In stock\" \/>\n<script type=\"application\/ld+json\" class=\"yoast-schema-graph\">{\"@context\":\"https:\\\/\\\/schema.org\",\"@graph\":[{\"@type\":\"WebPage\",\"@id\":\"https:\\\/\\\/mmkriepas.lv\\\/en\\\/p\\\/225-55r18-michelin-alpin-7-102v-xl\\\/\",\"url\":\"https:\\\/\\\/mmkriepas.lv\\\/en\\\/p\\\/225-55r18-michelin-alpin-7-102v-xl\\\/\",\"name\":\"225\\\/55R18 Michelin Alpin 7 102V XL &#8226; MMK Riepas\",\"isPartOf\":{\"@id\":\"https:\\\/\\\/mmkriepas.lv\\\/en\\\/#website\"},\"primaryImageOfPage\":{\"@id\":\"https:\\\/\\\/mmkriepas.lv\\\/en\\\/p\\\/225-55r18-michelin-alpin-7-102v-xl\\\/#primaryimage\"},\"image\":{\"@id\":\"https:\\\/\\\/mmkriepas.lv\\\/en\\\/p\\\/225-55r18-michelin-alpin-7-102v-xl\\\/#primaryimage\"},\"thumbnailUrl\":\"https:\\\/\\\/mmkriepas.lv\\\/wp-content\\\/uploads\\\/2024\\\/07\\\/michelin-alpin-7.jpg\",\"datePublished\":\"2024-07-18T06:32:02+00:00\",\"dateModified\":\"2026-03-30T11:20:13+00:00\",\"breadcrumb\":{\"@id\":\"https:\\\/\\\/mmkriepas.lv\\\/en\\\/p\\\/225-55r18-michelin-alpin-7-102v-xl\\\/#breadcrumb\"},\"inLanguage\":\"en-US\",\"potentialAction\":[{\"@type\":\"ReadAction\",\"target\":[\"https:\\\/\\\/mmkriepas.lv\\\/en\\\/p\\\/225-55r18-michelin-alpin-7-102v-xl\\\/\"]}]},{\"@type\":\"ImageObject\",\"inLanguage\":\"en-US\",\"@id\":\"https:\\\/\\\/mmkriepas.lv\\\/en\\\/p\\\/225-55r18-michelin-alpin-7-102v-xl\\\/#primaryimage\",\"url\":\"https:\\\/\\\/mmkriepas.lv\\\/wp-content\\\/uploads\\\/2024\\\/07\\\/michelin-alpin-7.jpg\",\"contentUrl\":\"https:\\\/\\\/mmkriepas.lv\\\/wp-content\\\/uploads\\\/2024\\\/07\\\/michelin-alpin-7.jpg\",\"width\":900,\"height\":720,\"caption\":\"MAIN\"},{\"@type\":\"BreadcrumbList\",\"@id\":\"https:\\\/\\\/mmkriepas.lv\\\/en\\\/p\\\/225-55r18-michelin-alpin-7-102v-xl\\\/#breadcrumb\",\"itemListElement\":[{\"@type\":\"ListItem\",\"position\":1,\"name\":\"S\u0101kums\",\"item\":\"https:\\\/\\\/mmkriepas.lv\\\/en\\\/\"},{\"@type\":\"ListItem\",\"position\":2,\"name\":\"225\\\/55R18 Michelin Alpin 7 102V XL\"}]},{\"@type\":\"WebSite\",\"@id\":\"https:\\\/\\\/mmkriepas.lv\\\/en\\\/#website\",\"url\":\"https:\\\/\\\/mmkriepas.lv\\\/en\\\/\",\"name\":\"MMK Riepas\",\"description\":\"MMK Riepas\",\"alternateName\":\"MMK Riepu Serviss\",\"potentialAction\":[{\"@type\":\"SearchAction\",\"target\":{\"@type\":\"EntryPoint\",\"urlTemplate\":\"https:\\\/\\\/mmkriepas.lv\\\/en\\\/?s={search_term_string}\"},\"query-input\":{\"@type\":\"PropertyValueSpecification\",\"valueRequired\":true,\"valueName\":\"search_term_string\"}}],\"inLanguage\":\"en-US\"},{\"@type\":\"ImageObject\",\"inLanguage\":\"en-US\",\"@id\":\"https:\\\/\\\/mmkriepas.lv\\\/en\\\/p\\\/225-55r18-michelin-alpin-7-102v-xl\\\/#local-main-organization-logo\",\"url\":\"\",\"contentUrl\":\"\",\"caption\":\"MMK Riepas\"}]}<\/script>\n<meta property=\"product:brand\" content=\"Michelin Alpin 7\" \/>\n<meta property=\"product:price:amount\" content=\"229.00\" \/>\n<meta property=\"product:price:currency\" content=\"EUR\" \/>\n<meta property=\"og:availability\" content=\"instock\" \/>\n<meta property=\"product:availability\" content=\"instock\" \/>\n<meta property=\"product:retailer_item_id\" content=\"TW2255518Miche-E38538\" \/>\n<meta property=\"product:condition\" content=\"new\" \/>\n<!-- \/ Yoast SEO Premium plugin. -->","yoast_head_json":{"title":"225\/55R18 Michelin Alpin 7 102V XL &#8226; MMK Riepas","robots":{"index":"index","follow":"follow","max-snippet":"max-snippet:-1","max-image-preview":"max-image-preview:large","max-video-preview":"max-video-preview:-1"},"canonical":"https:\/\/mmkriepas.lv\/en\/p\/225-55r18-michelin-alpin-7-102v-xl\/","og_locale":"en_US","og_type":"article","og_title":"225\/55R18 Michelin Alpin 7 102V XL","og_description":"Michelin Alpin 7 ir jaun\u0101k\u0101s paaudzes premium klases Centr\u0101leiropas tipa ziemas riepa, kas rad\u012bta maksim\u0101lai dro\u0161\u012bbai main\u012bgos ziemas apst\u0101k\u013cos. \u0160is modelis turpina Michelin trad\u012bcijas, apvienojot inov\u0101cijas ar izcilu ilgm\u016b\u017e\u012bbu, nodro\u0161inot p\u0101rliecino\u0161u vad\u0101m\u012bbu uz sniega un slapja asfalta l\u012bdz pat p\u0113d\u0113jam protektora milimetram.","og_url":"https:\/\/mmkriepas.lv\/en\/p\/225-55r18-michelin-alpin-7-102v-xl\/","og_site_name":"MMK Riepas","article_publisher":"https:\/\/www.facebook.com\/mmkserviss\/","article_modified_time":"2026-03-30T11:20:13+00:00","og_image":[{"width":900,"height":720,"url":"https:\/\/mmkriepas.lv\/wp-content\/uploads\/2024\/07\/michelin-alpin-7.jpg","type":"image\/jpeg"}],"twitter_card":"summary_large_image","twitter_misc":{"Price":"&euro;229.00","Availability":"In stock"},"schema":{"@context":"https:\/\/schema.org","@graph":[{"@type":"WebPage","@id":"https:\/\/mmkriepas.lv\/en\/p\/225-55r18-michelin-alpin-7-102v-xl\/","url":"https:\/\/mmkriepas.lv\/en\/p\/225-55r18-michelin-alpin-7-102v-xl\/","name":"225\/55R18 Michelin Alpin 7 102V XL &#8226; MMK Riepas","isPartOf":{"@id":"https:\/\/mmkriepas.lv\/en\/#website"},"primaryImageOfPage":{"@id":"https:\/\/mmkriepas.lv\/en\/p\/225-55r18-michelin-alpin-7-102v-xl\/#primaryimage"},"image":{"@id":"https:\/\/mmkriepas.lv\/en\/p\/225-55r18-michelin-alpin-7-102v-xl\/#primaryimage"},"thumbnailUrl":"https:\/\/mmkriepas.lv\/wp-content\/uploads\/2024\/07\/michelin-alpin-7.jpg","datePublished":"2024-07-18T06:32:02+00:00","dateModified":"2026-03-30T11:20:13+00:00","breadcrumb":{"@id":"https:\/\/mmkriepas.lv\/en\/p\/225-55r18-michelin-alpin-7-102v-xl\/#breadcrumb"},"inLanguage":"en-US","potentialAction":[{"@type":"ReadAction","target":["https:\/\/mmkriepas.lv\/en\/p\/225-55r18-michelin-alpin-7-102v-xl\/"]}]},{"@type":"ImageObject","inLanguage":"en-US","@id":"https:\/\/mmkriepas.lv\/en\/p\/225-55r18-michelin-alpin-7-102v-xl\/#primaryimage","url":"https:\/\/mmkriepas.lv\/wp-content\/uploads\/2024\/07\/michelin-alpin-7.jpg","contentUrl":"https:\/\/mmkriepas.lv\/wp-content\/uploads\/2024\/07\/michelin-alpin-7.jpg","width":900,"height":720,"caption":"MAIN"},{"@type":"BreadcrumbList","@id":"https:\/\/mmkriepas.lv\/en\/p\/225-55r18-michelin-alpin-7-102v-xl\/#breadcrumb","itemListElement":[{"@type":"ListItem","position":1,"name":"S\u0101kums","item":"https:\/\/mmkriepas.lv\/en\/"},{"@type":"ListItem","position":2,"name":"225\/55R18 Michelin Alpin 7 102V XL"}]},{"@type":"WebSite","@id":"https:\/\/mmkriepas.lv\/en\/#website","url":"https:\/\/mmkriepas.lv\/en\/","name":"MMK Riepas","description":"MMK Riepas","alternateName":"MMK Riepu Serviss","potentialAction":[{"@type":"SearchAction","target":{"@type":"EntryPoint","urlTemplate":"https:\/\/mmkriepas.lv\/en\/?s={search_term_string}"},"query-input":{"@type":"PropertyValueSpecification","valueRequired":true,"valueName":"search_term_string"}}],"inLanguage":"en-US"},{"@type":"ImageObject","inLanguage":"en-US","@id":"https:\/\/mmkriepas.lv\/en\/p\/225-55r18-michelin-alpin-7-102v-xl\/#local-main-organization-logo","url":"","contentUrl":"","caption":"MMK Riepas"}]},"product_brand":"Michelin Alpin 7","product_price_amount":"229.00","product_price_currency":"EUR","og_availability":"instock","product_availability":"instock","product_retailer_item_id":"TW2255518Miche-E38538","product_condition":"new"},"_links":{"self":[{"href":"https:\/\/mmkriepas.lv\/en\/wp-json\/wp\/v2\/product\/942119","targetHints":{"allow":["GET"]}}],"collection":[{"href":"https:\/\/mmkriepas.lv\/en\/wp-json\/wp\/v2\/product"}],"about":[{"href":"https:\/\/mmkriepas.lv\/en\/wp-json\/wp\/v2\/types\/product"}],"wp:featuredmedia":[{"embeddable":true,"href":"https:\/\/mmkriepas.lv\/en\/wp-json\/wp\/v2\/media\/943185"}],"wp:attachment":[{"href":"https:\/\/mmkriepas.lv\/en\/wp-json\/wp\/v2\/media?parent=942119"}],"wp:term":[{"taxonomy":"product_brand","embeddable":true,"href":"https:\/\/mmkriepas.lv\/en\/wp-json\/wp\/v2\/product_brand?post=942119"},{"taxonomy":"product_cat","embeddable":true,"href":"https:\/\/mmkriepas.lv\/en\/wp-json\/wp\/v2\/product_cat?post=942119"},{"taxonomy":"product_tag","embeddable":true,"href":"https:\/\/mmkriepas.lv\/en\/wp-json\/wp\/v2\/product_tag?post=942119"}],"curies":[{"name":"wp","href":"https:\/\/api.w.org\/{rel}","templated":true}]}}