{"id":938701,"date":"2024-07-05T16:41:30","date_gmt":"2024-07-05T13:41:30","guid":{"rendered":"https:\/\/mmkserviss.lv\/?post_type=product&#038;p=938701"},"modified":"2025-08-22T22:33:43","modified_gmt":"2025-08-22T19:33:43","slug":"225-45r17-ovation-vi-388-94w-xl-sunfull","status":"publish","type":"product","link":"https:\/\/mmkriepas.lv\/en\/p\/225-45r17-ovation-vi-388-94w-xl-sunfull\/","title":{"rendered":"225\/45R17 Ovation VI-388 94W XL (Sunfull)"},"content":{"rendered":"<p><span style=\"font-family: Arial, sans-serif;\"><b>Ovation VI-388<\/b><b> <\/b>ir labs UHP jeb augstas veiktsp\u0113jas vasaras riepu modelis. Tas izce\u013cas ar labiem sa\u0137eres un manevr\u0113tsp\u0113jas r\u0101d\u012bt\u0101jiem pat lielos brauk\u0161anas \u0101trumos.<\/span><\/p>\n<p><span style=\"font-family: Arial, sans-serif;\"><span style=\"font-size: medium;\"><b>Ovation VI-388 galven\u0101s iez\u012bmes<\/b><\/span><\/span><\/p>\n<p><span style=\"font-family: Arial, sans-serif;\">+ Laba sa\u0137ere un manevr\u0113tsp\u0113ja gan uz sausa, gan slapja asfalta pat lielos brauk\u0161anas \u0101trumos.<\/span><\/p>\n<p><span style=\"font-family: Arial, sans-serif;\">+ Palielin\u0101ta nodilumiztur\u012bba.<\/span><\/p>\n<p><span style=\"font-family: Arial, sans-serif;\">+ Degvielas ekonomija.<\/span><\/p>\n<p><span style=\"font-family: Arial, sans-serif;\">+ Zems akvaplan\u0113\u0161anas risks.<\/span><\/p>\n<p><span style=\"font-family: Arial, sans-serif;\">+ Kvalit\u0101te atbilst cenai!<\/span><\/p>\n<p><span style=\"font-family: Arial, sans-serif;\"><span style=\"font-size: medium;\"><b>VI-388 apr\u012bkojums<\/b><\/span><\/span><\/p>\n<p><span style=\"font-family: Arial, sans-serif;\"><b>Ovation VI-388<\/b><b> <\/b>UHP jeb augstas veiktsp\u0113jas vasaras riepas apr\u012bkotas ar uzlabotu asimetrisk\u0101 protektora rakstu. \u0160\u0101ds dizains at\u013c\u0101vis saglab\u0101t labas sa\u0137eres un manevr\u0113tsp\u0113jas \u012bpa\u0161\u012bbas pat lielos brauk\u0161anas \u0101trumos.\u00a0<\/span><\/p>\n<p><span style=\"font-family: Arial, sans-serif;\">Agres\u012bva un sportiska tipa protektora pamatn\u0113 atrodama augsti att\u012bst\u012bta dren\u0101\u017eas jeb \u016bdens novadkan\u0101lu sist\u0113ma. T\u0101 \u0101tri un efekt\u012bvi atbr\u012bvo riepu kontakta virsmu ar ce\u013cu no \u016bdens, iev\u0113rojami samazinot akvaplan\u0113\u0161anas risku.<\/span><\/p>\n<p><span style=\"font-family: Arial, sans-serif;\">Riepas darin\u0101tas no elastrom\u0113riem bag\u0101ta un nodilumiztur\u012bga gumijas sakaus\u0113juma. Gumijas sast\u0101vam pievienotie elementi pal\u012bdz riepai saglab\u0101t formu un elast\u012bbu augst\u0101s gaisa temperat\u016br\u0101s. K\u0101 zin\u0101ms, elast\u012bga riepa daudz lab\u0101k veido sa\u0137eri ar ce\u013cu, k\u0101 ar\u012b dilst vienm\u0113r\u012bg\u0101k.<\/span><\/p>\n","protected":false},"excerpt":{"rendered":"<p><span style=\"font-family: Arial, sans-serif;\"><b>Ovation VI-388<\/b><b> <\/b>ir labs UHP jeb augstas veiktsp\u0113jas vasaras riepu modelis. Tas izce\u013cas ar labiem sa\u0137eres un manevr\u0113tsp\u0113jas r\u0101d\u012bt\u0101jiem pat lielos brauk\u0161anas \u0101trumos.<\/span><\/p>\n","protected":false},"featured_media":939227,"template":"","meta":{"_acf_changed":false,"ngg_post_thumbnail":0},"product_brand":[],"product_cat":[46],"product_tag":[],"class_list":{"0":"post-938701","1":"product","2":"type-product","3":"status-publish","4":"has-post-thumbnail","6":"product_cat-vasaras-riepas","8":"first","9":"outofstock","10":"sale","11":"taxable","12":"shipping-taxable","13":"product-type-simple"},"acf":[],"yoast_head":"<!-- This site is optimized with the Yoast SEO Premium plugin v22.6 (Yoast SEO v27.3) - https:\/\/yoast.com\/product\/yoast-seo-premium-wordpress\/ -->\n<title>225\/45R17 Ovation VI-388 94W XL (Sunfull) &#8226; MMK Riepas<\/title>\n<meta name=\"robots\" content=\"index, follow, max-snippet:-1, max-image-preview:large, max-video-preview:-1\" \/>\n<link rel=\"canonical\" href=\"https:\/\/mmkriepas.lv\/en\/p\/225-45r17-ovation-vi-388-94w-xl-sunfull\/\" \/>\n<meta property=\"og:locale\" content=\"en_US\" \/>\n<meta property=\"og:type\" content=\"article\" \/>\n<meta property=\"og:title\" content=\"225\/45R17 Ovation VI-388 94W XL (Sunfull)\" \/>\n<meta property=\"og:description\" content=\"Ovation VI-388 ir labs UHP jeb augstas veiktsp\u0113jas vasaras riepu modelis. Tas izce\u013cas ar labiem sa\u0137eres un manevr\u0113tsp\u0113jas r\u0101d\u012bt\u0101jiem pat lielos brauk\u0161anas \u0101trumos.\" \/>\n<meta property=\"og:url\" content=\"https:\/\/mmkriepas.lv\/en\/p\/225-45r17-ovation-vi-388-94w-xl-sunfull\/\" \/>\n<meta property=\"og:site_name\" content=\"MMK Riepas\" \/>\n<meta property=\"article:publisher\" content=\"https:\/\/www.facebook.com\/mmkserviss\/\" \/>\n<meta property=\"article:modified_time\" content=\"2025-08-22T19:33:43+00:00\" \/>\n<meta property=\"og:image\" content=\"https:\/\/mmkriepas.lv\/wp-content\/uploads\/2024\/07\/ovation-vi-388.jpg\" \/>\n\t<meta property=\"og:image:width\" content=\"900\" \/>\n\t<meta property=\"og:image:height\" content=\"720\" \/>\n\t<meta property=\"og:image:type\" content=\"image\/jpeg\" \/>\n<meta name=\"twitter:card\" content=\"summary_large_image\" \/>\n<meta name=\"twitter:label1\" content=\"Price\" \/>\n\t<meta name=\"twitter:data1\" content=\"&euro;43.00\" \/>\n\t<meta name=\"twitter:label2\" content=\"Availability\" \/>\n\t<meta name=\"twitter:data2\" content=\"Out of stock\" \/>\n<script type=\"application\/ld+json\" class=\"yoast-schema-graph\">{\"@context\":\"https:\\\/\\\/schema.org\",\"@graph\":[{\"@type\":\"WebPage\",\"@id\":\"https:\\\/\\\/mmkriepas.lv\\\/en\\\/p\\\/225-45r17-ovation-vi-388-94w-xl-sunfull\\\/\",\"url\":\"https:\\\/\\\/mmkriepas.lv\\\/en\\\/p\\\/225-45r17-ovation-vi-388-94w-xl-sunfull\\\/\",\"name\":\"225\\\/45R17 Ovation VI-388 94W XL (Sunfull) &#8226; MMK Riepas\",\"isPartOf\":{\"@id\":\"https:\\\/\\\/mmkriepas.lv\\\/en\\\/#website\"},\"primaryImageOfPage\":{\"@id\":\"https:\\\/\\\/mmkriepas.lv\\\/en\\\/p\\\/225-45r17-ovation-vi-388-94w-xl-sunfull\\\/#primaryimage\"},\"image\":{\"@id\":\"https:\\\/\\\/mmkriepas.lv\\\/en\\\/p\\\/225-45r17-ovation-vi-388-94w-xl-sunfull\\\/#primaryimage\"},\"thumbnailUrl\":\"https:\\\/\\\/mmkriepas.lv\\\/wp-content\\\/uploads\\\/2024\\\/07\\\/ovation-vi-388.jpg\",\"datePublished\":\"2024-07-05T13:41:30+00:00\",\"dateModified\":\"2025-08-22T19:33:43+00:00\",\"breadcrumb\":{\"@id\":\"https:\\\/\\\/mmkriepas.lv\\\/en\\\/p\\\/225-45r17-ovation-vi-388-94w-xl-sunfull\\\/#breadcrumb\"},\"inLanguage\":\"en-US\",\"potentialAction\":[{\"@type\":\"ReadAction\",\"target\":[\"https:\\\/\\\/mmkriepas.lv\\\/en\\\/p\\\/225-45r17-ovation-vi-388-94w-xl-sunfull\\\/\"]}]},{\"@type\":\"ImageObject\",\"inLanguage\":\"en-US\",\"@id\":\"https:\\\/\\\/mmkriepas.lv\\\/en\\\/p\\\/225-45r17-ovation-vi-388-94w-xl-sunfull\\\/#primaryimage\",\"url\":\"https:\\\/\\\/mmkriepas.lv\\\/wp-content\\\/uploads\\\/2024\\\/07\\\/ovation-vi-388.jpg\",\"contentUrl\":\"https:\\\/\\\/mmkriepas.lv\\\/wp-content\\\/uploads\\\/2024\\\/07\\\/ovation-vi-388.jpg\",\"width\":900,\"height\":720,\"caption\":\"MAIN\"},{\"@type\":\"BreadcrumbList\",\"@id\":\"https:\\\/\\\/mmkriepas.lv\\\/en\\\/p\\\/225-45r17-ovation-vi-388-94w-xl-sunfull\\\/#breadcrumb\",\"itemListElement\":[{\"@type\":\"ListItem\",\"position\":1,\"name\":\"S\u0101kums\",\"item\":\"https:\\\/\\\/mmkriepas.lv\\\/en\\\/\"},{\"@type\":\"ListItem\",\"position\":2,\"name\":\"225\\\/45R17 Ovation VI-388 94W XL (Sunfull)\"}]},{\"@type\":\"WebSite\",\"@id\":\"https:\\\/\\\/mmkriepas.lv\\\/en\\\/#website\",\"url\":\"https:\\\/\\\/mmkriepas.lv\\\/en\\\/\",\"name\":\"MMK Riepas\",\"description\":\"MMK Riepas\",\"alternateName\":\"MMK Riepu Serviss\",\"potentialAction\":[{\"@type\":\"SearchAction\",\"target\":{\"@type\":\"EntryPoint\",\"urlTemplate\":\"https:\\\/\\\/mmkriepas.lv\\\/en\\\/?s={search_term_string}\"},\"query-input\":{\"@type\":\"PropertyValueSpecification\",\"valueRequired\":true,\"valueName\":\"search_term_string\"}}],\"inLanguage\":\"en-US\"},{\"@type\":\"ImageObject\",\"inLanguage\":\"en-US\",\"@id\":\"https:\\\/\\\/mmkriepas.lv\\\/en\\\/p\\\/225-45r17-ovation-vi-388-94w-xl-sunfull\\\/#local-main-organization-logo\",\"url\":\"\",\"contentUrl\":\"\",\"caption\":\"MMK Riepas\"}]}<\/script>\n<meta property=\"product:brand\" content=\"Ovation VI-388\" \/>\n<meta property=\"product:price:amount\" content=\"43.00\" \/>\n<meta property=\"product:price:currency\" content=\"EUR\" \/>\n<meta property=\"og:availability\" content=\"out of stock\" \/>\n<meta property=\"product:availability\" content=\"out of stock\" \/>\n<meta property=\"product:retailer_item_id\" content=\"TS2254517OVATI-38125\" \/>\n<meta property=\"product:condition\" content=\"new\" \/>\n<!-- \/ Yoast SEO Premium plugin. -->","yoast_head_json":{"title":"225\/45R17 Ovation VI-388 94W XL (Sunfull) &#8226; MMK Riepas","robots":{"index":"index","follow":"follow","max-snippet":"max-snippet:-1","max-image-preview":"max-image-preview:large","max-video-preview":"max-video-preview:-1"},"canonical":"https:\/\/mmkriepas.lv\/en\/p\/225-45r17-ovation-vi-388-94w-xl-sunfull\/","og_locale":"en_US","og_type":"article","og_title":"225\/45R17 Ovation VI-388 94W XL (Sunfull)","og_description":"Ovation VI-388 ir labs UHP jeb augstas veiktsp\u0113jas vasaras riepu modelis. Tas izce\u013cas ar labiem sa\u0137eres un manevr\u0113tsp\u0113jas r\u0101d\u012bt\u0101jiem pat lielos brauk\u0161anas \u0101trumos.","og_url":"https:\/\/mmkriepas.lv\/en\/p\/225-45r17-ovation-vi-388-94w-xl-sunfull\/","og_site_name":"MMK Riepas","article_publisher":"https:\/\/www.facebook.com\/mmkserviss\/","article_modified_time":"2025-08-22T19:33:43+00:00","og_image":[{"width":900,"height":720,"url":"https:\/\/mmkriepas.lv\/wp-content\/uploads\/2024\/07\/ovation-vi-388.jpg","type":"image\/jpeg"}],"twitter_card":"summary_large_image","twitter_misc":{"Price":"&euro;43.00","Availability":"Out of stock"},"schema":{"@context":"https:\/\/schema.org","@graph":[{"@type":"WebPage","@id":"https:\/\/mmkriepas.lv\/en\/p\/225-45r17-ovation-vi-388-94w-xl-sunfull\/","url":"https:\/\/mmkriepas.lv\/en\/p\/225-45r17-ovation-vi-388-94w-xl-sunfull\/","name":"225\/45R17 Ovation VI-388 94W XL (Sunfull) &#8226; MMK Riepas","isPartOf":{"@id":"https:\/\/mmkriepas.lv\/en\/#website"},"primaryImageOfPage":{"@id":"https:\/\/mmkriepas.lv\/en\/p\/225-45r17-ovation-vi-388-94w-xl-sunfull\/#primaryimage"},"image":{"@id":"https:\/\/mmkriepas.lv\/en\/p\/225-45r17-ovation-vi-388-94w-xl-sunfull\/#primaryimage"},"thumbnailUrl":"https:\/\/mmkriepas.lv\/wp-content\/uploads\/2024\/07\/ovation-vi-388.jpg","datePublished":"2024-07-05T13:41:30+00:00","dateModified":"2025-08-22T19:33:43+00:00","breadcrumb":{"@id":"https:\/\/mmkriepas.lv\/en\/p\/225-45r17-ovation-vi-388-94w-xl-sunfull\/#breadcrumb"},"inLanguage":"en-US","potentialAction":[{"@type":"ReadAction","target":["https:\/\/mmkriepas.lv\/en\/p\/225-45r17-ovation-vi-388-94w-xl-sunfull\/"]}]},{"@type":"ImageObject","inLanguage":"en-US","@id":"https:\/\/mmkriepas.lv\/en\/p\/225-45r17-ovation-vi-388-94w-xl-sunfull\/#primaryimage","url":"https:\/\/mmkriepas.lv\/wp-content\/uploads\/2024\/07\/ovation-vi-388.jpg","contentUrl":"https:\/\/mmkriepas.lv\/wp-content\/uploads\/2024\/07\/ovation-vi-388.jpg","width":900,"height":720,"caption":"MAIN"},{"@type":"BreadcrumbList","@id":"https:\/\/mmkriepas.lv\/en\/p\/225-45r17-ovation-vi-388-94w-xl-sunfull\/#breadcrumb","itemListElement":[{"@type":"ListItem","position":1,"name":"S\u0101kums","item":"https:\/\/mmkriepas.lv\/en\/"},{"@type":"ListItem","position":2,"name":"225\/45R17 Ovation VI-388 94W XL (Sunfull)"}]},{"@type":"WebSite","@id":"https:\/\/mmkriepas.lv\/en\/#website","url":"https:\/\/mmkriepas.lv\/en\/","name":"MMK Riepas","description":"MMK Riepas","alternateName":"MMK Riepu Serviss","potentialAction":[{"@type":"SearchAction","target":{"@type":"EntryPoint","urlTemplate":"https:\/\/mmkriepas.lv\/en\/?s={search_term_string}"},"query-input":{"@type":"PropertyValueSpecification","valueRequired":true,"valueName":"search_term_string"}}],"inLanguage":"en-US"},{"@type":"ImageObject","inLanguage":"en-US","@id":"https:\/\/mmkriepas.lv\/en\/p\/225-45r17-ovation-vi-388-94w-xl-sunfull\/#local-main-organization-logo","url":"","contentUrl":"","caption":"MMK Riepas"}]},"product_brand":"Ovation VI-388","product_price_amount":"43.00","product_price_currency":"EUR","og_availability":"out of stock","product_availability":"out of stock","product_retailer_item_id":"TS2254517OVATI-38125","product_condition":"new"},"_links":{"self":[{"href":"https:\/\/mmkriepas.lv\/en\/wp-json\/wp\/v2\/product\/938701","targetHints":{"allow":["GET"]}}],"collection":[{"href":"https:\/\/mmkriepas.lv\/en\/wp-json\/wp\/v2\/product"}],"about":[{"href":"https:\/\/mmkriepas.lv\/en\/wp-json\/wp\/v2\/types\/product"}],"wp:featuredmedia":[{"embeddable":true,"href":"https:\/\/mmkriepas.lv\/en\/wp-json\/wp\/v2\/media\/939227"}],"wp:attachment":[{"href":"https:\/\/mmkriepas.lv\/en\/wp-json\/wp\/v2\/media?parent=938701"}],"wp:term":[{"taxonomy":"product_brand","embeddable":true,"href":"https:\/\/mmkriepas.lv\/en\/wp-json\/wp\/v2\/product_brand?post=938701"},{"taxonomy":"product_cat","embeddable":true,"href":"https:\/\/mmkriepas.lv\/en\/wp-json\/wp\/v2\/product_cat?post=938701"},{"taxonomy":"product_tag","embeddable":true,"href":"https:\/\/mmkriepas.lv\/en\/wp-json\/wp\/v2\/product_tag?post=938701"}],"curies":[{"name":"wp","href":"https:\/\/api.w.org\/{rel}","templated":true}]}}