{"id":938402,"date":"2024-07-04T14:50:20","date_gmt":"2024-07-04T11:50:20","guid":{"rendered":"https:\/\/mmkserviss.lv\/?post_type=product&#038;p=938402"},"modified":"2026-03-27T23:55:40","modified_gmt":"2026-03-27T21:55:40","slug":"215-60r17-rockblade-rock-a-s-one-96h","status":"publish","type":"product","link":"https:\/\/mmkriepas.lv\/en\/p\/215-60r17-rockblade-rock-a-s-one-96h\/","title":{"rendered":"215\/60R17 Rockblade Rock A\/S ONE 96H"},"content":{"rendered":"<p class=\"western\"><span style=\"font-family: Arial, sans-serif;\"><span style=\"color: #000000;\"><span style=\"font-size: small;\"><b>Rockblade Rock<\/b><\/span><\/span><span style=\"color: #000000;\"><span style=\"font-size: small;\"> <\/span><\/span><span style=\"color: #000000;\"><span style=\"font-size: small;\"><b>A\/S ONE<\/b><\/span><\/span><span style=\"color: #000000;\"><span style=\"font-size: small;\"> ir vissezonas riepa, kas piem\u0113rota lielam daudzumam m\u016bsdienu popul\u0101r\u0101ko auto mode\u013cu. \u0160is modelis izce\u013cas ar labiem sa\u0137eres r\u0101d\u012bt\u0101jiem uz slapja un sausa asfalta, k\u0101 ar\u012b labu veiktsp\u0113jas\/cenas attiec\u012bbu.<\/span><\/span><\/span><\/p>\n<h3 class=\"western\"><span style=\"font-family: Arial, sans-serif;\"><span style=\"color: #000000;\">Rockblade Rock A\/S ONE galven\u0101s iez\u012bmes<\/span><\/span><\/h3>\n<p class=\"western\"><span style=\"font-family: Arial, sans-serif;\">+ Virz\u012btais protektora raksts pal\u012bdz\u0113s c\u012b\u0146\u0101 ar apsnigu\u0161iem ce\u013ciem!<\/span><\/p>\n<p class=\"western\"><span style=\"font-family: Arial, sans-serif;\">+ Att\u012bst\u012bta dren\u0101\u017eas kan\u0101lu sist\u0113ma- b\u016btiski samazin\u0101ts akvaplan\u0113\u0161anas risks!<\/span><\/p>\n<p class=\"western\"><span style=\"font-family: Arial, sans-serif;\"><span style=\"color: #000000;\">+ Uzlabots un ar elastrom\u0113riem bag\u0101ts riepas gumijas mais\u012bjums!<\/span><\/span><\/p>\n<h3 class=\"western\"><span style=\"font-family: Arial, sans-serif;\"><span style=\"color: #000000;\"><span style=\"font-size: small;\">Rock A\/S ONE apr\u012bkojums<\/span><\/span><\/span><\/h3>\n<p class=\"western\"><span style=\"font-family: Arial, sans-serif;\">\u0160is vissezonas riepu modelis apr\u012bkots ar snieg\u0101 efekt\u012bvo virz\u012bto protektora rakstu, kas darin\u0101ts no augstas kvalit\u0101tes gumijas mais\u012bjuma. \u0160\u012b iemesla d\u0113\u013c, riepa sp\u0113j saglab\u0101t elast\u012bbu pla\u0161\u0101 temperat\u016bru diapazon\u0101 un kalpo ilg\u0101k. Elast\u012bga riepa daudz lab\u0101k veido sa\u0137eri ar ce\u013cu, kas ir \u012bpa\u0161i svar\u012bgi, kad temperat\u016bras stabi\u0146\u0161 nokr\u012btas zem 7\u00baC.<\/span><\/p>\n<p class=\"western\"><span style=\"font-family: Arial, sans-serif;\">Att\u012bst\u012bt\u0101 dren\u0101\u017eas kan\u0101lu sist\u0113ma, izcili novada \u016bdeni un sniegu no kontakta virsmas, to sausinot. Uzlabota ar\u012b riepas aero un hidro-dinamika, lai samazin\u0101tu akvaplan\u0113\u0161anas risku.<\/span><\/p>\n<h3 class=\"western\"><span style=\"font-family: Arial, sans-serif;\">Piem\u0113rot\u012bba Latvijas apst\u0101k\u013ciem<\/span><\/h3>\n<p class=\"western\"><span style=\"font-family: Arial, sans-serif;\">\u0160\u012b vissezonas riepa izcili kalpos gan vasar\u0101, gan ruden\u012b vai atkusn\u012b, ta\u010du, k\u0101 jau visas vissezonas riepas, t\u0101 nesp\u0113s nodro\u0161in\u0101t dro\u0161\u012bbu barg\u0101 ziem\u0101. T\u0101 b\u016bs izcila un ekonomiska izv\u0113le tiem, kas ziem\u0101 p\u0101rvietoj\u0101s reti un tikai pa pils\u0113tu.<\/span><\/p>\n","protected":false},"excerpt":{"rendered":"<p class=\"western\"><span style=\"font-family: Arial, sans-serif;\"><span style=\"color: #000000;\"><span style=\"font-size: small;\"><b>Rockblade Rock<\/b><\/span><\/span><span style=\"color: #000000;\"><span style=\"font-size: small;\"> <\/span><\/span><span style=\"color: #000000;\"><span style=\"font-size: small;\"><b>A\/S ONE<\/b><\/span><\/span><span style=\"color: #000000;\"><span style=\"font-size: small;\"> ir vissezonas riepa, kas piem\u0113rota lielam daudzumam m\u016bsdienu popul\u0101r\u0101ko auto mode\u013cu. \u0160is modelis izce\u013cas ar labiem sa\u0137eres r\u0101d\u012bt\u0101jiem uz slapja un sausa asfalta, k\u0101 ar\u012b labu veiktsp\u0113jas\/cenas attiec\u012bbu.<\/span><\/span><\/span><\/p>\n","protected":false},"featured_media":939388,"template":"","meta":{"_acf_changed":false,"ngg_post_thumbnail":0},"product_brand":[],"product_cat":[47,45],"product_tag":[],"class_list":{"0":"post-938402","1":"product","2":"type-product","3":"status-publish","4":"has-post-thumbnail","6":"product_cat-vissezonas-riepas","7":"product_cat-ziemas-riepas","9":"first","10":"instock","11":"sale","12":"taxable","13":"shipping-taxable","14":"purchasable","15":"product-type-simple"},"acf":[],"yoast_head":"<!-- This site is optimized with the Yoast SEO Premium plugin v22.6 (Yoast SEO v27.3) - https:\/\/yoast.com\/product\/yoast-seo-premium-wordpress\/ -->\n<title>215\/60R17 Rockblade Rock A\/S ONE 96H &#8226; MMK Riepas<\/title>\n<meta name=\"robots\" content=\"index, follow, max-snippet:-1, max-image-preview:large, max-video-preview:-1\" \/>\n<link rel=\"canonical\" href=\"https:\/\/mmkriepas.lv\/en\/p\/215-60r17-rockblade-rock-a-s-one-96h\/\" \/>\n<meta property=\"og:locale\" content=\"en_US\" \/>\n<meta property=\"og:type\" content=\"article\" \/>\n<meta property=\"og:title\" content=\"215\/60R17 Rockblade Rock A\/S ONE 96H\" \/>\n<meta property=\"og:description\" content=\"Rockblade Rock A\/S ONE ir vissezonas riepa, kas piem\u0113rota lielam daudzumam m\u016bsdienu popul\u0101r\u0101ko auto mode\u013cu. \u0160is modelis izce\u013cas ar labiem sa\u0137eres r\u0101d\u012bt\u0101jiem uz slapja un sausa asfalta, k\u0101 ar\u012b labu veiktsp\u0113jas\/cenas attiec\u012bbu.\" \/>\n<meta property=\"og:url\" content=\"https:\/\/mmkriepas.lv\/en\/p\/215-60r17-rockblade-rock-a-s-one-96h\/\" \/>\n<meta property=\"og:site_name\" content=\"MMK Riepas\" \/>\n<meta property=\"article:publisher\" content=\"https:\/\/www.facebook.com\/mmkserviss\/\" \/>\n<meta property=\"article:modified_time\" content=\"2026-03-27T21:55:40+00:00\" \/>\n<meta property=\"og:image\" content=\"https:\/\/mmkriepas.lv\/wp-content\/uploads\/2024\/07\/rockblade-rock-a-s-one.jpg\" \/>\n\t<meta property=\"og:image:width\" content=\"900\" \/>\n\t<meta property=\"og:image:height\" content=\"720\" \/>\n\t<meta property=\"og:image:type\" content=\"image\/jpeg\" \/>\n<meta name=\"twitter:card\" content=\"summary_large_image\" \/>\n<meta name=\"twitter:label1\" content=\"Price\" \/>\n\t<meta name=\"twitter:data1\" content=\"&euro;53.00\" \/>\n\t<meta name=\"twitter:label2\" content=\"Availability\" \/>\n\t<meta name=\"twitter:data2\" content=\"In stock\" \/>\n<script type=\"application\/ld+json\" class=\"yoast-schema-graph\">{\"@context\":\"https:\\\/\\\/schema.org\",\"@graph\":[{\"@type\":\"WebPage\",\"@id\":\"https:\\\/\\\/mmkriepas.lv\\\/en\\\/p\\\/215-60r17-rockblade-rock-a-s-one-96h\\\/\",\"url\":\"https:\\\/\\\/mmkriepas.lv\\\/en\\\/p\\\/215-60r17-rockblade-rock-a-s-one-96h\\\/\",\"name\":\"215\\\/60R17 Rockblade Rock A\\\/S ONE 96H &#8226; MMK Riepas\",\"isPartOf\":{\"@id\":\"https:\\\/\\\/mmkriepas.lv\\\/en\\\/#website\"},\"primaryImageOfPage\":{\"@id\":\"https:\\\/\\\/mmkriepas.lv\\\/en\\\/p\\\/215-60r17-rockblade-rock-a-s-one-96h\\\/#primaryimage\"},\"image\":{\"@id\":\"https:\\\/\\\/mmkriepas.lv\\\/en\\\/p\\\/215-60r17-rockblade-rock-a-s-one-96h\\\/#primaryimage\"},\"thumbnailUrl\":\"https:\\\/\\\/mmkriepas.lv\\\/wp-content\\\/uploads\\\/2024\\\/07\\\/rockblade-rock-a-s-one.jpg\",\"datePublished\":\"2024-07-04T11:50:20+00:00\",\"dateModified\":\"2026-03-27T21:55:40+00:00\",\"breadcrumb\":{\"@id\":\"https:\\\/\\\/mmkriepas.lv\\\/en\\\/p\\\/215-60r17-rockblade-rock-a-s-one-96h\\\/#breadcrumb\"},\"inLanguage\":\"en-US\",\"potentialAction\":[{\"@type\":\"ReadAction\",\"target\":[\"https:\\\/\\\/mmkriepas.lv\\\/en\\\/p\\\/215-60r17-rockblade-rock-a-s-one-96h\\\/\"]}]},{\"@type\":\"ImageObject\",\"inLanguage\":\"en-US\",\"@id\":\"https:\\\/\\\/mmkriepas.lv\\\/en\\\/p\\\/215-60r17-rockblade-rock-a-s-one-96h\\\/#primaryimage\",\"url\":\"https:\\\/\\\/mmkriepas.lv\\\/wp-content\\\/uploads\\\/2024\\\/07\\\/rockblade-rock-a-s-one.jpg\",\"contentUrl\":\"https:\\\/\\\/mmkriepas.lv\\\/wp-content\\\/uploads\\\/2024\\\/07\\\/rockblade-rock-a-s-one.jpg\",\"width\":900,\"height\":720,\"caption\":\"MAIN\"},{\"@type\":\"BreadcrumbList\",\"@id\":\"https:\\\/\\\/mmkriepas.lv\\\/en\\\/p\\\/215-60r17-rockblade-rock-a-s-one-96h\\\/#breadcrumb\",\"itemListElement\":[{\"@type\":\"ListItem\",\"position\":1,\"name\":\"S\u0101kums\",\"item\":\"https:\\\/\\\/mmkriepas.lv\\\/en\\\/\"},{\"@type\":\"ListItem\",\"position\":2,\"name\":\"215\\\/60R17 Rockblade Rock A\\\/S ONE 96H\"}]},{\"@type\":\"WebSite\",\"@id\":\"https:\\\/\\\/mmkriepas.lv\\\/en\\\/#website\",\"url\":\"https:\\\/\\\/mmkriepas.lv\\\/en\\\/\",\"name\":\"MMK Riepas\",\"description\":\"MMK Riepas\",\"alternateName\":\"MMK Riepu Serviss\",\"potentialAction\":[{\"@type\":\"SearchAction\",\"target\":{\"@type\":\"EntryPoint\",\"urlTemplate\":\"https:\\\/\\\/mmkriepas.lv\\\/en\\\/?s={search_term_string}\"},\"query-input\":{\"@type\":\"PropertyValueSpecification\",\"valueRequired\":true,\"valueName\":\"search_term_string\"}}],\"inLanguage\":\"en-US\"},{\"@type\":\"ImageObject\",\"inLanguage\":\"en-US\",\"@id\":\"https:\\\/\\\/mmkriepas.lv\\\/en\\\/p\\\/215-60r17-rockblade-rock-a-s-one-96h\\\/#local-main-organization-logo\",\"url\":\"\",\"contentUrl\":\"\",\"caption\":\"MMK Riepas\"}]}<\/script>\n<meta property=\"product:brand\" content=\"Rockblade Rock A\/S ONE\" \/>\n<meta property=\"product:price:amount\" content=\"53.00\" \/>\n<meta property=\"product:price:currency\" content=\"EUR\" \/>\n<meta property=\"og:availability\" content=\"instock\" \/>\n<meta property=\"product:availability\" content=\"instock\" \/>\n<meta property=\"product:retailer_item_id\" content=\"TW2156017ROCKB-38097\" \/>\n<meta property=\"product:condition\" content=\"new\" \/>\n<!-- \/ Yoast SEO Premium plugin. -->","yoast_head_json":{"title":"215\/60R17 Rockblade Rock A\/S ONE 96H &#8226; MMK Riepas","robots":{"index":"index","follow":"follow","max-snippet":"max-snippet:-1","max-image-preview":"max-image-preview:large","max-video-preview":"max-video-preview:-1"},"canonical":"https:\/\/mmkriepas.lv\/en\/p\/215-60r17-rockblade-rock-a-s-one-96h\/","og_locale":"en_US","og_type":"article","og_title":"215\/60R17 Rockblade Rock A\/S ONE 96H","og_description":"Rockblade Rock A\/S ONE ir vissezonas riepa, kas piem\u0113rota lielam daudzumam m\u016bsdienu popul\u0101r\u0101ko auto mode\u013cu. \u0160is modelis izce\u013cas ar labiem sa\u0137eres r\u0101d\u012bt\u0101jiem uz slapja un sausa asfalta, k\u0101 ar\u012b labu veiktsp\u0113jas\/cenas attiec\u012bbu.","og_url":"https:\/\/mmkriepas.lv\/en\/p\/215-60r17-rockblade-rock-a-s-one-96h\/","og_site_name":"MMK Riepas","article_publisher":"https:\/\/www.facebook.com\/mmkserviss\/","article_modified_time":"2026-03-27T21:55:40+00:00","og_image":[{"width":900,"height":720,"url":"https:\/\/mmkriepas.lv\/wp-content\/uploads\/2024\/07\/rockblade-rock-a-s-one.jpg","type":"image\/jpeg"}],"twitter_card":"summary_large_image","twitter_misc":{"Price":"&euro;53.00","Availability":"In stock"},"schema":{"@context":"https:\/\/schema.org","@graph":[{"@type":"WebPage","@id":"https:\/\/mmkriepas.lv\/en\/p\/215-60r17-rockblade-rock-a-s-one-96h\/","url":"https:\/\/mmkriepas.lv\/en\/p\/215-60r17-rockblade-rock-a-s-one-96h\/","name":"215\/60R17 Rockblade Rock A\/S ONE 96H &#8226; MMK Riepas","isPartOf":{"@id":"https:\/\/mmkriepas.lv\/en\/#website"},"primaryImageOfPage":{"@id":"https:\/\/mmkriepas.lv\/en\/p\/215-60r17-rockblade-rock-a-s-one-96h\/#primaryimage"},"image":{"@id":"https:\/\/mmkriepas.lv\/en\/p\/215-60r17-rockblade-rock-a-s-one-96h\/#primaryimage"},"thumbnailUrl":"https:\/\/mmkriepas.lv\/wp-content\/uploads\/2024\/07\/rockblade-rock-a-s-one.jpg","datePublished":"2024-07-04T11:50:20+00:00","dateModified":"2026-03-27T21:55:40+00:00","breadcrumb":{"@id":"https:\/\/mmkriepas.lv\/en\/p\/215-60r17-rockblade-rock-a-s-one-96h\/#breadcrumb"},"inLanguage":"en-US","potentialAction":[{"@type":"ReadAction","target":["https:\/\/mmkriepas.lv\/en\/p\/215-60r17-rockblade-rock-a-s-one-96h\/"]}]},{"@type":"ImageObject","inLanguage":"en-US","@id":"https:\/\/mmkriepas.lv\/en\/p\/215-60r17-rockblade-rock-a-s-one-96h\/#primaryimage","url":"https:\/\/mmkriepas.lv\/wp-content\/uploads\/2024\/07\/rockblade-rock-a-s-one.jpg","contentUrl":"https:\/\/mmkriepas.lv\/wp-content\/uploads\/2024\/07\/rockblade-rock-a-s-one.jpg","width":900,"height":720,"caption":"MAIN"},{"@type":"BreadcrumbList","@id":"https:\/\/mmkriepas.lv\/en\/p\/215-60r17-rockblade-rock-a-s-one-96h\/#breadcrumb","itemListElement":[{"@type":"ListItem","position":1,"name":"S\u0101kums","item":"https:\/\/mmkriepas.lv\/en\/"},{"@type":"ListItem","position":2,"name":"215\/60R17 Rockblade Rock A\/S ONE 96H"}]},{"@type":"WebSite","@id":"https:\/\/mmkriepas.lv\/en\/#website","url":"https:\/\/mmkriepas.lv\/en\/","name":"MMK Riepas","description":"MMK Riepas","alternateName":"MMK Riepu Serviss","potentialAction":[{"@type":"SearchAction","target":{"@type":"EntryPoint","urlTemplate":"https:\/\/mmkriepas.lv\/en\/?s={search_term_string}"},"query-input":{"@type":"PropertyValueSpecification","valueRequired":true,"valueName":"search_term_string"}}],"inLanguage":"en-US"},{"@type":"ImageObject","inLanguage":"en-US","@id":"https:\/\/mmkriepas.lv\/en\/p\/215-60r17-rockblade-rock-a-s-one-96h\/#local-main-organization-logo","url":"","contentUrl":"","caption":"MMK Riepas"}]},"product_brand":"Rockblade Rock A\/S ONE","product_price_amount":"53.00","product_price_currency":"EUR","og_availability":"instock","product_availability":"instock","product_retailer_item_id":"TW2156017ROCKB-38097","product_condition":"new"},"_links":{"self":[{"href":"https:\/\/mmkriepas.lv\/en\/wp-json\/wp\/v2\/product\/938402","targetHints":{"allow":["GET"]}}],"collection":[{"href":"https:\/\/mmkriepas.lv\/en\/wp-json\/wp\/v2\/product"}],"about":[{"href":"https:\/\/mmkriepas.lv\/en\/wp-json\/wp\/v2\/types\/product"}],"wp:featuredmedia":[{"embeddable":true,"href":"https:\/\/mmkriepas.lv\/en\/wp-json\/wp\/v2\/media\/939388"}],"wp:attachment":[{"href":"https:\/\/mmkriepas.lv\/en\/wp-json\/wp\/v2\/media?parent=938402"}],"wp:term":[{"taxonomy":"product_brand","embeddable":true,"href":"https:\/\/mmkriepas.lv\/en\/wp-json\/wp\/v2\/product_brand?post=938402"},{"taxonomy":"product_cat","embeddable":true,"href":"https:\/\/mmkriepas.lv\/en\/wp-json\/wp\/v2\/product_cat?post=938402"},{"taxonomy":"product_tag","embeddable":true,"href":"https:\/\/mmkriepas.lv\/en\/wp-json\/wp\/v2\/product_tag?post=938402"}],"curies":[{"name":"wp","href":"https:\/\/api.w.org\/{rel}","templated":true}]}}