{"id":936833,"date":"2024-07-01T13:27:17","date_gmt":"2024-07-01T10:27:17","guid":{"rendered":"https:\/\/mmkserviss.lv\/?post_type=product&#038;p=936833"},"modified":"2026-03-27T14:04:02","modified_gmt":"2026-03-27T12:04:02","slug":"235-55r17-goodyear-ultragrip-performance-3-103v-xl","status":"publish","type":"product","link":"https:\/\/mmkriepas.lv\/en\/p\/235-55r17-goodyear-ultragrip-performance-3-103v-xl\/","title":{"rendered":"235\/55R17 Goodyear UltraGrip Performance 3 103V XL FP"},"content":{"rendered":"<p align=\"left\"><span style=\"font-family: Arial, sans-serif;\"><span style=\"font-size: small;\"><b><span>Goodyear UltraGrip Performance 3<\/span><\/b><span> ir agust\u0101k\u0101s kvalit\u0101tes, premium klases vissezonas riepu modelis. Tas izce\u013cas ar izciliem brauk\u0161anas komforta, degvielas ekonomijas, dro\u0161\u012bbas un sa\u0137eres r\u0101d\u012bt\u0101jiem gan uz sausa un slapja asfalta, gan ar\u012b m\u0113renas ziemas apst\u0101k\u013cos. \u0160is premium klases riepu modelis pieejams pla\u0161\u0101 izm\u0113ru kl\u0101st\u0101 no R14 l\u012bdz R19 un, p\u0113c ra\u017eot\u0101ja datiem sprie\u017eot, s\u0101kotn\u0113ji paredz\u0113ts automa\u0161\u012bn\u0101m ar hibr\u012bddzin\u0113jiem.<\/span><\/span><\/span><\/p>\n<p><span style=\"font-family: Arial, sans-serif;\"><span style=\"font-size: medium;\"><span style=\"color: #c9211e;\"><span style=\"font-family: Arial, serif;\"><span>M<\/span><\/span><\/span><span style=\"color: #c9211e;\"><span style=\"font-family: Arial, serif;\"><span>ode\u013ca lieto\u0161anas dro\u0161\u012bbu ziemas laika apst\u0101k\u013cos un t\u0101 atbilst\u012bbu valst\u012bm ar oblig\u0101tu sezon\u0101lo riepu mai\u0146u apstiprina mar\u0137\u0113jums sniegp\u0101rslas form\u0101 uz kalna fona ar trim virsotn\u0113m (3PMSF).<\/span><\/span><\/span><\/span><\/span><\/p>\n<h3 class=\"western\"><span style=\"font-family: Arial, sans-serif;\"><span>Goodyear UltraGrip Performance 3 galven\u0101s \u012bpa\u0161\u012bbas<\/span><\/span><\/h3>\n<p><span style=\"font-family: Arial, sans-serif;\"><span>+ Jaun\u0101k\u0101s riepu giganta Good<\/span><span>y<\/span><span>ear tehnolo\u0123ijas!<br \/>+ Izcila sa\u0137ere uz sausa un slapja asfalta pat lielos brauk\u0161anas \u0101trumos.<br \/>+ \u0160is riepu modelis paredz\u0113ts m\u0113reniem ziemas brauk\u0161anas apst\u0101k\u013ciem, kur temperat\u016bra sv\u0101rst\u0101s ap 0 \u00b0C. Latvij\u0101 \u0161o riepu modeli ziem\u0101 iesp\u0113jams izmantot, braucot pa pils\u0113tu un valsts ma\u0123istr\u0101lajiem autoce\u013ciem.<br \/>+ Zems akvaplan\u0113\u0161anas risks.<br \/>+ Degvielas ekonomija.<br \/>+ Izteikts akustiskais un brauk\u0161anas gaitas komforts.<\/span><\/span><\/p>\n<h3 class=\"western\"><span style=\"font-family: Arial, sans-serif;\"><span>UltraGrip Performance 3 apr\u012bkojums<\/span><\/span><\/h3>\n<p><span style=\"font-family: Arial, sans-serif;\"><span>Goodyear UltraGrip Performance 3 vissezonas riepu modelis apr\u012bkots ar uzlabotu virzienveida protektora rakstu. Vadoties p\u0113c Snow Protect tehnolo\u0123ijas, protektora bloku skaits palielin\u0101ts, vienlaikus palielinot ar\u012b dren\u0101\u017eas kan\u0101lu skaitu. \u0160\u0101ds risin\u0101jums vienlaikus gan samazina akvaplan\u0113\u0161anas risku, gan atvieglo brauk\u0161anas uzs\u0101k\u0161anu pat dzi\u013c\u0101 snieg\u0101.\u00a0<\/span><\/span><\/p>\n<p><span style=\"font-family: Arial, sans-serif;\"><span>Lai uzlabotu riepou komforta un dro\u0161\u012bbas l\u012bmeni, GoodYear to apr\u012bkojis ar v\u0113l vair\u0101kiem riepu giganta vado\u0161ajiem tehnolo\u0123iskajiem risin\u0101jumiem. SoundComfort tehnolo\u0123ija nodro\u0161ina uzlabotu akustisko komfortu jeb samazina trok\u0161\u0146a l\u012bmeni braucot pat lielos brauk\u0161anas \u0101trumos. Wet Braking+ tehnolo\u0123ija, salvuk\u0101rt, k\u0101 jau p\u0113c t\u0101s nosaukuma var\u0113tu spriesu, uzlabo \u0161\u012b riepu mode\u013ca sa\u0137eres \u012bpa\u0161\u012bbas uz slapja asfalta, k\u0101 ar\u012b sa\u012bsina bremz\u0113\u0161anas ce\u013cu uz t\u0101.<\/span><\/span><\/p>\n<p><span style=\"font-family: Arial, sans-serif;\"><span>Virzienveida protektora dizains darin\u0101ts no elastrom\u0113riem bag\u0101ta, nodilumiztur\u012bga gumijas sakaus\u0113juma. Tam pievienotie \u0137\u012bmiskie elementi \u013cauj riepai saglab\u0101t elast\u012bbu zem\u0101s gaisa temperat\u016br\u0101s. K\u0101 zin\u0101ms, elast\u012bga riepa daudz lab\u0101k veido sa\u0137eri ar ce\u013cu, k\u0101 ar\u012b dilst vienm\u0113r\u012bg\u0101k.<\/span><\/span><\/p>\n","protected":false},"excerpt":{"rendered":"<p align=\"left\"><span style=\"font-family: Arial, sans-serif;\"><span style=\"font-size: small;\"><b><span>Goodyear UltraGrip Performance 3<\/span><\/b><span> ir agust\u0101k\u0101s kvalit\u0101tes, premium klases vissezonas riepu modelis. Tas izce\u013cas ar izciliem brauk\u0161anas komforta, degvielas ekonomijas, dro\u0161\u012bbas un sa\u0137eres r\u0101d\u012bt\u0101jiem gan uz sausa un slapja asfalta, gan ar\u012b m\u0113renas ziemas apst\u0101k\u013cos. \u0160is premium klases riepu modelis pieejams pla\u0161\u0101 izm\u0113ru kl\u0101st\u0101 no R14 l\u012bdz R19 un, p\u0113c ra\u017eot\u0101ja datiem sprie\u017eot, s\u0101kotn\u0113ji paredz\u0113ts automa\u0161\u012bn\u0101m ar hibr\u012bddzin\u0113jiem.<\/span><\/span><\/span><\/p>\n<p><span style=\"font-family: Arial, sans-serif;\"><span style=\"font-size: medium;\"><span style=\"color: #c9211e;\"><span style=\"font-family: Arial, serif;\"><span>M<\/span><\/span><\/span><span style=\"color: #c9211e;\"><span style=\"font-family: Arial, serif;\"><span>ode\u013ca lieto\u0161anas dro\u0161\u012bbu ziemas laika apst\u0101k\u013cos un t\u0101 atbilst\u012bbu valst\u012bm ar oblig\u0101tu sezon\u0101lo riepu mai\u0146u apstiprina mar\u0137\u0113jums sniegp\u0101rslas form\u0101 uz kalna fona ar trim virsotn\u0113m (3PMSF).<\/span><\/span><\/span><\/span><\/span><\/p>\n","protected":false},"featured_media":863649,"template":"","meta":{"_acf_changed":false,"ngg_post_thumbnail":0},"product_brand":[],"product_cat":[47,45],"product_tag":[],"class_list":{"0":"post-936833","1":"product","2":"type-product","3":"status-publish","4":"has-post-thumbnail","6":"product_cat-vissezonas-riepas","7":"product_cat-ziemas-riepas","9":"first","10":"instock","11":"sale","12":"taxable","13":"shipping-taxable","14":"purchasable","15":"product-type-simple"},"acf":[],"yoast_head":"<!-- This site is optimized with the Yoast SEO Premium plugin v22.6 (Yoast SEO v27.3) - https:\/\/yoast.com\/product\/yoast-seo-premium-wordpress\/ -->\n<title>235\/55R17 Goodyear UltraGrip Performance 3 103V XL FP &#8226; MMK Riepas<\/title>\n<meta name=\"robots\" content=\"index, follow, max-snippet:-1, max-image-preview:large, max-video-preview:-1\" \/>\n<link rel=\"canonical\" href=\"https:\/\/mmkriepas.lv\/en\/p\/235-55r17-goodyear-ultragrip-performance-3-103v-xl\/\" \/>\n<meta property=\"og:locale\" content=\"en_US\" \/>\n<meta property=\"og:type\" content=\"article\" \/>\n<meta property=\"og:title\" content=\"235\/55R17 Goodyear UltraGrip Performance 3 103V XL FP\" \/>\n<meta property=\"og:description\" content=\"Goodyear UltraGrip Performance 3 ir agust\u0101k\u0101s kvalit\u0101tes, premium klases vissezonas riepu modelis. Tas izce\u013cas ar izciliem brauk\u0161anas komforta, degvielas ekonomijas, dro\u0161\u012bbas un sa\u0137eres r\u0101d\u012bt\u0101jiem gan uz sausa un slapja asfalta, gan ar\u012b m\u0113renas ziemas apst\u0101k\u013cos. \u0160is premium klases riepu modelis pieejams pla\u0161\u0101 izm\u0113ru kl\u0101st\u0101 no R14 l\u012bdz R19 un, p\u0113c ra\u017eot\u0101ja datiem sprie\u017eot, s\u0101kotn\u0113ji paredz\u0113ts automa\u0161\u012bn\u0101m ar hibr\u012bddzin\u0113jiem.Mode\u013ca lieto\u0161anas dro\u0161\u012bbu ziemas laika apst\u0101k\u013cos un t\u0101 atbilst\u012bbu valst\u012bm ar oblig\u0101tu sezon\u0101lo riepu mai\u0146u apstiprina mar\u0137\u0113jums sniegp\u0101rslas form\u0101 uz kalna fona ar trim virsotn\u0113m (3PMSF).\" \/>\n<meta property=\"og:url\" content=\"https:\/\/mmkriepas.lv\/en\/p\/235-55r17-goodyear-ultragrip-performance-3-103v-xl\/\" \/>\n<meta property=\"og:site_name\" content=\"MMK Riepas\" \/>\n<meta property=\"article:publisher\" content=\"https:\/\/www.facebook.com\/mmkserviss\/\" \/>\n<meta property=\"article:modified_time\" content=\"2026-03-27T12:04:02+00:00\" \/>\n<meta property=\"og:image\" content=\"https:\/\/mmkriepas.lv\/wp-content\/uploads\/2024\/02\/22550r17-goodyear-ultragrip-performance-3-94h-ziemas-riepas.jpg\" \/>\n\t<meta property=\"og:image:width\" content=\"1920\" \/>\n\t<meta property=\"og:image:height\" content=\"1440\" \/>\n\t<meta property=\"og:image:type\" content=\"image\/jpeg\" \/>\n<meta name=\"twitter:card\" content=\"summary_large_image\" \/>\n<meta name=\"twitter:label1\" content=\"Price\" \/>\n\t<meta name=\"twitter:data1\" content=\"&euro;208.00\" \/>\n\t<meta name=\"twitter:label2\" content=\"Availability\" \/>\n\t<meta name=\"twitter:data2\" content=\"In stock\" \/>\n<script type=\"application\/ld+json\" class=\"yoast-schema-graph\">{\"@context\":\"https:\\\/\\\/schema.org\",\"@graph\":[{\"@type\":\"WebPage\",\"@id\":\"https:\\\/\\\/mmkriepas.lv\\\/en\\\/p\\\/235-55r17-goodyear-ultragrip-performance-3-103v-xl\\\/\",\"url\":\"https:\\\/\\\/mmkriepas.lv\\\/en\\\/p\\\/235-55r17-goodyear-ultragrip-performance-3-103v-xl\\\/\",\"name\":\"235\\\/55R17 Goodyear UltraGrip Performance 3 103V XL FP &#8226; MMK Riepas\",\"isPartOf\":{\"@id\":\"https:\\\/\\\/mmkriepas.lv\\\/en\\\/#website\"},\"primaryImageOfPage\":{\"@id\":\"https:\\\/\\\/mmkriepas.lv\\\/en\\\/p\\\/235-55r17-goodyear-ultragrip-performance-3-103v-xl\\\/#primaryimage\"},\"image\":{\"@id\":\"https:\\\/\\\/mmkriepas.lv\\\/en\\\/p\\\/235-55r17-goodyear-ultragrip-performance-3-103v-xl\\\/#primaryimage\"},\"thumbnailUrl\":\"https:\\\/\\\/mmkriepas.lv\\\/wp-content\\\/uploads\\\/2024\\\/02\\\/22550r17-goodyear-ultragrip-performance-3-94h-ziemas-riepas.jpg\",\"datePublished\":\"2024-07-01T10:27:17+00:00\",\"dateModified\":\"2026-03-27T12:04:02+00:00\",\"breadcrumb\":{\"@id\":\"https:\\\/\\\/mmkriepas.lv\\\/en\\\/p\\\/235-55r17-goodyear-ultragrip-performance-3-103v-xl\\\/#breadcrumb\"},\"inLanguage\":\"en-US\",\"potentialAction\":[{\"@type\":\"ReadAction\",\"target\":[\"https:\\\/\\\/mmkriepas.lv\\\/en\\\/p\\\/235-55r17-goodyear-ultragrip-performance-3-103v-xl\\\/\"]}]},{\"@type\":\"ImageObject\",\"inLanguage\":\"en-US\",\"@id\":\"https:\\\/\\\/mmkriepas.lv\\\/en\\\/p\\\/235-55r17-goodyear-ultragrip-performance-3-103v-xl\\\/#primaryimage\",\"url\":\"https:\\\/\\\/mmkriepas.lv\\\/wp-content\\\/uploads\\\/2024\\\/02\\\/22550r17-goodyear-ultragrip-performance-3-94h-ziemas-riepas.jpg\",\"contentUrl\":\"https:\\\/\\\/mmkriepas.lv\\\/wp-content\\\/uploads\\\/2024\\\/02\\\/22550r17-goodyear-ultragrip-performance-3-94h-ziemas-riepas.jpg\",\"width\":1920,\"height\":1440,\"caption\":\"MAIN\"},{\"@type\":\"BreadcrumbList\",\"@id\":\"https:\\\/\\\/mmkriepas.lv\\\/en\\\/p\\\/235-55r17-goodyear-ultragrip-performance-3-103v-xl\\\/#breadcrumb\",\"itemListElement\":[{\"@type\":\"ListItem\",\"position\":1,\"name\":\"S\u0101kums\",\"item\":\"https:\\\/\\\/mmkriepas.lv\\\/en\\\/\"},{\"@type\":\"ListItem\",\"position\":2,\"name\":\"235\\\/55R17 Goodyear UltraGrip Performance 3 103V XL FP\"}]},{\"@type\":\"WebSite\",\"@id\":\"https:\\\/\\\/mmkriepas.lv\\\/en\\\/#website\",\"url\":\"https:\\\/\\\/mmkriepas.lv\\\/en\\\/\",\"name\":\"MMK Riepas\",\"description\":\"MMK Riepas\",\"alternateName\":\"MMK Riepu Serviss\",\"potentialAction\":[{\"@type\":\"SearchAction\",\"target\":{\"@type\":\"EntryPoint\",\"urlTemplate\":\"https:\\\/\\\/mmkriepas.lv\\\/en\\\/?s={search_term_string}\"},\"query-input\":{\"@type\":\"PropertyValueSpecification\",\"valueRequired\":true,\"valueName\":\"search_term_string\"}}],\"inLanguage\":\"en-US\"},{\"@type\":\"ImageObject\",\"inLanguage\":\"en-US\",\"@id\":\"https:\\\/\\\/mmkriepas.lv\\\/en\\\/p\\\/235-55r17-goodyear-ultragrip-performance-3-103v-xl\\\/#local-main-organization-logo\",\"url\":\"\",\"contentUrl\":\"\",\"caption\":\"MMK Riepas\"}]}<\/script>\n<meta property=\"product:brand\" content=\"Goodyear UltraGrip Performance 3\" \/>\n<meta property=\"product:price:amount\" content=\"208.00\" \/>\n<meta property=\"product:price:currency\" content=\"EUR\" \/>\n<meta property=\"og:availability\" content=\"instock\" \/>\n<meta property=\"product:availability\" content=\"instock\" \/>\n<meta property=\"product:retailer_item_id\" content=\"TW2355517GOODY-L38002\" \/>\n<meta property=\"product:condition\" content=\"new\" \/>\n<!-- \/ Yoast SEO Premium plugin. -->","yoast_head_json":{"title":"235\/55R17 Goodyear UltraGrip Performance 3 103V XL FP &#8226; MMK Riepas","robots":{"index":"index","follow":"follow","max-snippet":"max-snippet:-1","max-image-preview":"max-image-preview:large","max-video-preview":"max-video-preview:-1"},"canonical":"https:\/\/mmkriepas.lv\/en\/p\/235-55r17-goodyear-ultragrip-performance-3-103v-xl\/","og_locale":"en_US","og_type":"article","og_title":"235\/55R17 Goodyear UltraGrip Performance 3 103V XL FP","og_description":"Goodyear UltraGrip Performance 3 ir agust\u0101k\u0101s kvalit\u0101tes, premium klases vissezonas riepu modelis. Tas izce\u013cas ar izciliem brauk\u0161anas komforta, degvielas ekonomijas, dro\u0161\u012bbas un sa\u0137eres r\u0101d\u012bt\u0101jiem gan uz sausa un slapja asfalta, gan ar\u012b m\u0113renas ziemas apst\u0101k\u013cos. \u0160is premium klases riepu modelis pieejams pla\u0161\u0101 izm\u0113ru kl\u0101st\u0101 no R14 l\u012bdz R19 un, p\u0113c ra\u017eot\u0101ja datiem sprie\u017eot, s\u0101kotn\u0113ji paredz\u0113ts automa\u0161\u012bn\u0101m ar hibr\u012bddzin\u0113jiem.Mode\u013ca lieto\u0161anas dro\u0161\u012bbu ziemas laika apst\u0101k\u013cos un t\u0101 atbilst\u012bbu valst\u012bm ar oblig\u0101tu sezon\u0101lo riepu mai\u0146u apstiprina mar\u0137\u0113jums sniegp\u0101rslas form\u0101 uz kalna fona ar trim virsotn\u0113m (3PMSF).","og_url":"https:\/\/mmkriepas.lv\/en\/p\/235-55r17-goodyear-ultragrip-performance-3-103v-xl\/","og_site_name":"MMK Riepas","article_publisher":"https:\/\/www.facebook.com\/mmkserviss\/","article_modified_time":"2026-03-27T12:04:02+00:00","og_image":[{"width":1920,"height":1440,"url":"https:\/\/mmkriepas.lv\/wp-content\/uploads\/2024\/02\/22550r17-goodyear-ultragrip-performance-3-94h-ziemas-riepas.jpg","type":"image\/jpeg"}],"twitter_card":"summary_large_image","twitter_misc":{"Price":"&euro;208.00","Availability":"In stock"},"schema":{"@context":"https:\/\/schema.org","@graph":[{"@type":"WebPage","@id":"https:\/\/mmkriepas.lv\/en\/p\/235-55r17-goodyear-ultragrip-performance-3-103v-xl\/","url":"https:\/\/mmkriepas.lv\/en\/p\/235-55r17-goodyear-ultragrip-performance-3-103v-xl\/","name":"235\/55R17 Goodyear UltraGrip Performance 3 103V XL FP &#8226; MMK Riepas","isPartOf":{"@id":"https:\/\/mmkriepas.lv\/en\/#website"},"primaryImageOfPage":{"@id":"https:\/\/mmkriepas.lv\/en\/p\/235-55r17-goodyear-ultragrip-performance-3-103v-xl\/#primaryimage"},"image":{"@id":"https:\/\/mmkriepas.lv\/en\/p\/235-55r17-goodyear-ultragrip-performance-3-103v-xl\/#primaryimage"},"thumbnailUrl":"https:\/\/mmkriepas.lv\/wp-content\/uploads\/2024\/02\/22550r17-goodyear-ultragrip-performance-3-94h-ziemas-riepas.jpg","datePublished":"2024-07-01T10:27:17+00:00","dateModified":"2026-03-27T12:04:02+00:00","breadcrumb":{"@id":"https:\/\/mmkriepas.lv\/en\/p\/235-55r17-goodyear-ultragrip-performance-3-103v-xl\/#breadcrumb"},"inLanguage":"en-US","potentialAction":[{"@type":"ReadAction","target":["https:\/\/mmkriepas.lv\/en\/p\/235-55r17-goodyear-ultragrip-performance-3-103v-xl\/"]}]},{"@type":"ImageObject","inLanguage":"en-US","@id":"https:\/\/mmkriepas.lv\/en\/p\/235-55r17-goodyear-ultragrip-performance-3-103v-xl\/#primaryimage","url":"https:\/\/mmkriepas.lv\/wp-content\/uploads\/2024\/02\/22550r17-goodyear-ultragrip-performance-3-94h-ziemas-riepas.jpg","contentUrl":"https:\/\/mmkriepas.lv\/wp-content\/uploads\/2024\/02\/22550r17-goodyear-ultragrip-performance-3-94h-ziemas-riepas.jpg","width":1920,"height":1440,"caption":"MAIN"},{"@type":"BreadcrumbList","@id":"https:\/\/mmkriepas.lv\/en\/p\/235-55r17-goodyear-ultragrip-performance-3-103v-xl\/#breadcrumb","itemListElement":[{"@type":"ListItem","position":1,"name":"S\u0101kums","item":"https:\/\/mmkriepas.lv\/en\/"},{"@type":"ListItem","position":2,"name":"235\/55R17 Goodyear UltraGrip Performance 3 103V XL FP"}]},{"@type":"WebSite","@id":"https:\/\/mmkriepas.lv\/en\/#website","url":"https:\/\/mmkriepas.lv\/en\/","name":"MMK Riepas","description":"MMK Riepas","alternateName":"MMK Riepu Serviss","potentialAction":[{"@type":"SearchAction","target":{"@type":"EntryPoint","urlTemplate":"https:\/\/mmkriepas.lv\/en\/?s={search_term_string}"},"query-input":{"@type":"PropertyValueSpecification","valueRequired":true,"valueName":"search_term_string"}}],"inLanguage":"en-US"},{"@type":"ImageObject","inLanguage":"en-US","@id":"https:\/\/mmkriepas.lv\/en\/p\/235-55r17-goodyear-ultragrip-performance-3-103v-xl\/#local-main-organization-logo","url":"","contentUrl":"","caption":"MMK Riepas"}]},"product_brand":"Goodyear UltraGrip Performance 3","product_price_amount":"208.00","product_price_currency":"EUR","og_availability":"instock","product_availability":"instock","product_retailer_item_id":"TW2355517GOODY-L38002","product_condition":"new"},"_links":{"self":[{"href":"https:\/\/mmkriepas.lv\/en\/wp-json\/wp\/v2\/product\/936833","targetHints":{"allow":["GET"]}}],"collection":[{"href":"https:\/\/mmkriepas.lv\/en\/wp-json\/wp\/v2\/product"}],"about":[{"href":"https:\/\/mmkriepas.lv\/en\/wp-json\/wp\/v2\/types\/product"}],"wp:featuredmedia":[{"embeddable":true,"href":"https:\/\/mmkriepas.lv\/en\/wp-json\/wp\/v2\/media\/863649"}],"wp:attachment":[{"href":"https:\/\/mmkriepas.lv\/en\/wp-json\/wp\/v2\/media?parent=936833"}],"wp:term":[{"taxonomy":"product_brand","embeddable":true,"href":"https:\/\/mmkriepas.lv\/en\/wp-json\/wp\/v2\/product_brand?post=936833"},{"taxonomy":"product_cat","embeddable":true,"href":"https:\/\/mmkriepas.lv\/en\/wp-json\/wp\/v2\/product_cat?post=936833"},{"taxonomy":"product_tag","embeddable":true,"href":"https:\/\/mmkriepas.lv\/en\/wp-json\/wp\/v2\/product_tag?post=936833"}],"curies":[{"name":"wp","href":"https:\/\/api.w.org\/{rel}","templated":true}]}}