{"id":93090,"date":"2019-02-22T16:33:38","date_gmt":"2019-02-22T14:33:38","guid":{"rendered":"https:\/\/mmkserviss.lv\/?post_type=product&#038;p=93090"},"modified":"2025-03-07T16:46:13","modified_gmt":"2025-03-07T14:46:13","slug":"205-60r16-nereus-ns601-92v","status":"publish","type":"product","link":"https:\/\/mmkriepas.lv\/en\/p\/205-60r16-nereus-ns601-92v\/","title":{"rendered":"205\/60R16 Nereus NS601 92V"},"content":{"rendered":"<h2>Vasaras riepas Nereus NS601<\/h2>\n<p>Riepu ra\u017eot\u0101js:<strong> Nereus<\/strong><\/p>\n<p>Riepu modelis: <strong>NS601<\/strong><\/p>\n<p>Pieejami vair\u0101k k\u0101 25 izm\u0113ri!<\/p>\n<p>Kvalitat\u012bva riepu mont\u0101\u017ea uz vietas.<\/p>\n<p><strong>MMK Serviss nov\u0113rt\u0113jums:<\/strong>&nbsp;<em>\u201dKvalitat\u012bvas vasaras riepas par zemu cenu\u201d.<\/em><\/p>\n<p><strong>&nbsp;Nereus NS601&nbsp;<\/strong>riepu \u012bpa\u0161\u012bbas:<\/p>\n<p>+ \u013coti klusas riepas<br \/>\n+ \u013coti laba vad\u0101m\u012bba lietus apst\u0101k\u013cos<br \/>\n+ stabilit\u0101te braucot pa nel\u012bdzenu ce\u013ca segumu<br \/>\n+ l\u0113tas riepas, laba kvalit\u0101te<br \/>\n+ uzlabots gumija sast\u0101vs, augsta nodilumistur\u012bba<br \/>\n+ augsta triecieniztur\u012bba<br \/>\n+ disku aizsargmalas<br \/>\n+ garantija<\/p>\n<p><strong>Rekomend\u0113jam \u0161o modeli!<\/strong><\/p>\n","protected":false},"excerpt":{"rendered":"<p>Vasaras riepas Nereus NS601 Riepu ra\u017eot\u0101js: Nereus Riepu modelis: NS601 Pieejami vair\u0101k k\u0101 25 izm\u0113ri! Kvalitat\u012bva riepu mont\u0101\u017ea uz vietas. MMK Serviss nov\u0113rt\u0113jums:&nbsp;\u201dKvalitat\u012bvas vasaras riepas par zemu cenu\u201d. &nbsp;Nereus NS601&nbsp;riepu<\/p>\n","protected":false},"featured_media":96043,"template":"","meta":{"_acf_changed":false,"ngg_post_thumbnail":0},"product_brand":[],"product_cat":[46],"product_tag":[22820],"class_list":{"0":"post-93090","1":"product","2":"type-product","3":"status-publish","4":"has-post-thumbnail","6":"product_cat-vasaras-riepas","7":"product_tag-64636efdd2e27","9":"first","10":"outofstock","11":"sale","12":"taxable","13":"shipping-taxable","14":"product-type-simple"},"acf":[],"yoast_head":"<!-- This site is optimized with the Yoast SEO Premium plugin v22.6 (Yoast SEO v27.3) - https:\/\/yoast.com\/product\/yoast-seo-premium-wordpress\/ -->\n<title>205\/60R16 Nereus NS601 92V &#8226; MMK Riepas<\/title>\n<meta name=\"robots\" content=\"index, follow, max-snippet:-1, max-image-preview:large, max-video-preview:-1\" \/>\n<link rel=\"canonical\" href=\"https:\/\/mmkriepas.lv\/en\/p\/205-60r16-nereus-ns601-92v\/\" \/>\n<meta property=\"og:locale\" content=\"en_US\" \/>\n<meta property=\"og:type\" content=\"article\" \/>\n<meta property=\"og:title\" content=\"205\/60R16 Nereus NS601 92V\" \/>\n<meta property=\"og:description\" content=\"Vasaras riepas Nereus NS601 Riepu ra\u017eot\u0101js: Nereus Riepu modelis: NS601 Pieejami vair\u0101k k\u0101 25 izm\u0113ri! Kvalitat\u012bva riepu mont\u0101\u017ea uz vietas. MMK Serviss nov\u0113rt\u0113jums:&nbsp;\u201dKvalitat\u012bvas vasaras riepas par zemu cenu\u201d. &nbsp;Nereus NS601&nbsp;riepu\" \/>\n<meta property=\"og:url\" content=\"https:\/\/mmkriepas.lv\/en\/p\/205-60r16-nereus-ns601-92v\/\" \/>\n<meta property=\"og:site_name\" content=\"MMK Riepas\" \/>\n<meta property=\"article:publisher\" content=\"https:\/\/www.facebook.com\/mmkserviss\/\" \/>\n<meta property=\"article:modified_time\" content=\"2025-03-07T14:46:13+00:00\" \/>\n<meta property=\"og:image\" content=\"https:\/\/mmkriepas.lv\/wp-content\/uploads\/2019\/02\/19565r15-nereus-ns601-91v-vasaras-riepas.jpeg\" \/>\n\t<meta property=\"og:image:width\" content=\"1600\" \/>\n\t<meta property=\"og:image:height\" content=\"1064\" \/>\n\t<meta property=\"og:image:type\" content=\"image\/jpeg\" \/>\n<meta name=\"twitter:card\" content=\"summary_large_image\" \/>\n<meta name=\"twitter:label1\" content=\"Price\" \/>\n\t<meta name=\"twitter:data1\" content=\"&euro;10.00\" \/>\n\t<meta name=\"twitter:label2\" content=\"Availability\" \/>\n\t<meta name=\"twitter:data2\" content=\"Out of stock\" \/>\n<script type=\"application\/ld+json\" class=\"yoast-schema-graph\">{\"@context\":\"https:\\\/\\\/schema.org\",\"@graph\":[{\"@type\":\"WebPage\",\"@id\":\"https:\\\/\\\/mmkriepas.lv\\\/en\\\/p\\\/205-60r16-nereus-ns601-92v\\\/\",\"url\":\"https:\\\/\\\/mmkriepas.lv\\\/en\\\/p\\\/205-60r16-nereus-ns601-92v\\\/\",\"name\":\"205\\\/60R16 Nereus NS601 92V &#8226; MMK Riepas\",\"isPartOf\":{\"@id\":\"https:\\\/\\\/mmkriepas.lv\\\/en\\\/#website\"},\"primaryImageOfPage\":{\"@id\":\"https:\\\/\\\/mmkriepas.lv\\\/en\\\/p\\\/205-60r16-nereus-ns601-92v\\\/#primaryimage\"},\"image\":{\"@id\":\"https:\\\/\\\/mmkriepas.lv\\\/en\\\/p\\\/205-60r16-nereus-ns601-92v\\\/#primaryimage\"},\"thumbnailUrl\":\"https:\\\/\\\/mmkriepas.lv\\\/wp-content\\\/uploads\\\/2019\\\/02\\\/19565r15-nereus-ns601-91v-vasaras-riepas.jpeg\",\"datePublished\":\"2019-02-22T14:33:38+00:00\",\"dateModified\":\"2025-03-07T14:46:13+00:00\",\"breadcrumb\":{\"@id\":\"https:\\\/\\\/mmkriepas.lv\\\/en\\\/p\\\/205-60r16-nereus-ns601-92v\\\/#breadcrumb\"},\"inLanguage\":\"en-US\",\"potentialAction\":[{\"@type\":\"ReadAction\",\"target\":[\"https:\\\/\\\/mmkriepas.lv\\\/en\\\/p\\\/205-60r16-nereus-ns601-92v\\\/\"]}]},{\"@type\":\"ImageObject\",\"inLanguage\":\"en-US\",\"@id\":\"https:\\\/\\\/mmkriepas.lv\\\/en\\\/p\\\/205-60r16-nereus-ns601-92v\\\/#primaryimage\",\"url\":\"https:\\\/\\\/mmkriepas.lv\\\/wp-content\\\/uploads\\\/2019\\\/02\\\/19565r15-nereus-ns601-91v-vasaras-riepas.jpeg\",\"contentUrl\":\"https:\\\/\\\/mmkriepas.lv\\\/wp-content\\\/uploads\\\/2019\\\/02\\\/19565r15-nereus-ns601-91v-vasaras-riepas.jpeg\",\"width\":1600,\"height\":1064,\"caption\":\"195\\\/65R15 Nereus NS601 91V - Vasaras riepas\"},{\"@type\":\"BreadcrumbList\",\"@id\":\"https:\\\/\\\/mmkriepas.lv\\\/en\\\/p\\\/205-60r16-nereus-ns601-92v\\\/#breadcrumb\",\"itemListElement\":[{\"@type\":\"ListItem\",\"position\":1,\"name\":\"S\u0101kums\",\"item\":\"https:\\\/\\\/mmkriepas.lv\\\/en\\\/\"},{\"@type\":\"ListItem\",\"position\":2,\"name\":\"205\\\/60R16 Nereus NS601 92V\"}]},{\"@type\":\"WebSite\",\"@id\":\"https:\\\/\\\/mmkriepas.lv\\\/en\\\/#website\",\"url\":\"https:\\\/\\\/mmkriepas.lv\\\/en\\\/\",\"name\":\"MMK Riepas\",\"description\":\"MMK Riepas\",\"alternateName\":\"MMK Riepu Serviss\",\"potentialAction\":[{\"@type\":\"SearchAction\",\"target\":{\"@type\":\"EntryPoint\",\"urlTemplate\":\"https:\\\/\\\/mmkriepas.lv\\\/en\\\/?s={search_term_string}\"},\"query-input\":{\"@type\":\"PropertyValueSpecification\",\"valueRequired\":true,\"valueName\":\"search_term_string\"}}],\"inLanguage\":\"en-US\"},{\"@type\":\"ImageObject\",\"inLanguage\":\"en-US\",\"@id\":\"https:\\\/\\\/mmkriepas.lv\\\/en\\\/p\\\/205-60r16-nereus-ns601-92v\\\/#local-main-organization-logo\",\"url\":\"\",\"contentUrl\":\"\",\"caption\":\"MMK Riepas\"}]}<\/script>\n<meta property=\"product:brand\" content=\"Nereus NS601\" \/>\n<meta property=\"product:price:amount\" content=\"10.00\" \/>\n<meta property=\"product:price:currency\" content=\"EUR\" \/>\n<meta property=\"og:availability\" content=\"out of stock\" \/>\n<meta property=\"product:availability\" content=\"out of stock\" \/>\n<meta property=\"product:retailer_item_id\" content=\"TS2056016NEREU-250\" \/>\n<meta property=\"product:condition\" content=\"new\" \/>\n<!-- \/ Yoast SEO Premium plugin. -->","yoast_head_json":{"title":"205\/60R16 Nereus NS601 92V &#8226; MMK Riepas","robots":{"index":"index","follow":"follow","max-snippet":"max-snippet:-1","max-image-preview":"max-image-preview:large","max-video-preview":"max-video-preview:-1"},"canonical":"https:\/\/mmkriepas.lv\/en\/p\/205-60r16-nereus-ns601-92v\/","og_locale":"en_US","og_type":"article","og_title":"205\/60R16 Nereus NS601 92V","og_description":"Vasaras riepas Nereus NS601 Riepu ra\u017eot\u0101js: Nereus Riepu modelis: NS601 Pieejami vair\u0101k k\u0101 25 izm\u0113ri! Kvalitat\u012bva riepu mont\u0101\u017ea uz vietas. MMK Serviss nov\u0113rt\u0113jums:&nbsp;\u201dKvalitat\u012bvas vasaras riepas par zemu cenu\u201d. &nbsp;Nereus NS601&nbsp;riepu","og_url":"https:\/\/mmkriepas.lv\/en\/p\/205-60r16-nereus-ns601-92v\/","og_site_name":"MMK Riepas","article_publisher":"https:\/\/www.facebook.com\/mmkserviss\/","article_modified_time":"2025-03-07T14:46:13+00:00","og_image":[{"width":1600,"height":1064,"url":"https:\/\/mmkriepas.lv\/wp-content\/uploads\/2019\/02\/19565r15-nereus-ns601-91v-vasaras-riepas.jpeg","type":"image\/jpeg"}],"twitter_card":"summary_large_image","twitter_misc":{"Price":"&euro;10.00","Availability":"Out of stock"},"schema":{"@context":"https:\/\/schema.org","@graph":[{"@type":"WebPage","@id":"https:\/\/mmkriepas.lv\/en\/p\/205-60r16-nereus-ns601-92v\/","url":"https:\/\/mmkriepas.lv\/en\/p\/205-60r16-nereus-ns601-92v\/","name":"205\/60R16 Nereus NS601 92V &#8226; MMK Riepas","isPartOf":{"@id":"https:\/\/mmkriepas.lv\/en\/#website"},"primaryImageOfPage":{"@id":"https:\/\/mmkriepas.lv\/en\/p\/205-60r16-nereus-ns601-92v\/#primaryimage"},"image":{"@id":"https:\/\/mmkriepas.lv\/en\/p\/205-60r16-nereus-ns601-92v\/#primaryimage"},"thumbnailUrl":"https:\/\/mmkriepas.lv\/wp-content\/uploads\/2019\/02\/19565r15-nereus-ns601-91v-vasaras-riepas.jpeg","datePublished":"2019-02-22T14:33:38+00:00","dateModified":"2025-03-07T14:46:13+00:00","breadcrumb":{"@id":"https:\/\/mmkriepas.lv\/en\/p\/205-60r16-nereus-ns601-92v\/#breadcrumb"},"inLanguage":"en-US","potentialAction":[{"@type":"ReadAction","target":["https:\/\/mmkriepas.lv\/en\/p\/205-60r16-nereus-ns601-92v\/"]}]},{"@type":"ImageObject","inLanguage":"en-US","@id":"https:\/\/mmkriepas.lv\/en\/p\/205-60r16-nereus-ns601-92v\/#primaryimage","url":"https:\/\/mmkriepas.lv\/wp-content\/uploads\/2019\/02\/19565r15-nereus-ns601-91v-vasaras-riepas.jpeg","contentUrl":"https:\/\/mmkriepas.lv\/wp-content\/uploads\/2019\/02\/19565r15-nereus-ns601-91v-vasaras-riepas.jpeg","width":1600,"height":1064,"caption":"195\/65R15 Nereus NS601 91V - Vasaras riepas"},{"@type":"BreadcrumbList","@id":"https:\/\/mmkriepas.lv\/en\/p\/205-60r16-nereus-ns601-92v\/#breadcrumb","itemListElement":[{"@type":"ListItem","position":1,"name":"S\u0101kums","item":"https:\/\/mmkriepas.lv\/en\/"},{"@type":"ListItem","position":2,"name":"205\/60R16 Nereus NS601 92V"}]},{"@type":"WebSite","@id":"https:\/\/mmkriepas.lv\/en\/#website","url":"https:\/\/mmkriepas.lv\/en\/","name":"MMK Riepas","description":"MMK Riepas","alternateName":"MMK Riepu Serviss","potentialAction":[{"@type":"SearchAction","target":{"@type":"EntryPoint","urlTemplate":"https:\/\/mmkriepas.lv\/en\/?s={search_term_string}"},"query-input":{"@type":"PropertyValueSpecification","valueRequired":true,"valueName":"search_term_string"}}],"inLanguage":"en-US"},{"@type":"ImageObject","inLanguage":"en-US","@id":"https:\/\/mmkriepas.lv\/en\/p\/205-60r16-nereus-ns601-92v\/#local-main-organization-logo","url":"","contentUrl":"","caption":"MMK Riepas"}]},"product_brand":"Nereus NS601","product_price_amount":"10.00","product_price_currency":"EUR","og_availability":"out of stock","product_availability":"out of stock","product_retailer_item_id":"TS2056016NEREU-250","product_condition":"new"},"_links":{"self":[{"href":"https:\/\/mmkriepas.lv\/en\/wp-json\/wp\/v2\/product\/93090","targetHints":{"allow":["GET"]}}],"collection":[{"href":"https:\/\/mmkriepas.lv\/en\/wp-json\/wp\/v2\/product"}],"about":[{"href":"https:\/\/mmkriepas.lv\/en\/wp-json\/wp\/v2\/types\/product"}],"wp:featuredmedia":[{"embeddable":true,"href":"https:\/\/mmkriepas.lv\/en\/wp-json\/wp\/v2\/media\/96043"}],"wp:attachment":[{"href":"https:\/\/mmkriepas.lv\/en\/wp-json\/wp\/v2\/media?parent=93090"}],"wp:term":[{"taxonomy":"product_brand","embeddable":true,"href":"https:\/\/mmkriepas.lv\/en\/wp-json\/wp\/v2\/product_brand?post=93090"},{"taxonomy":"product_cat","embeddable":true,"href":"https:\/\/mmkriepas.lv\/en\/wp-json\/wp\/v2\/product_cat?post=93090"},{"taxonomy":"product_tag","embeddable":true,"href":"https:\/\/mmkriepas.lv\/en\/wp-json\/wp\/v2\/product_tag?post=93090"}],"curies":[{"name":"wp","href":"https:\/\/api.w.org\/{rel}","templated":true}]}}