{"id":9260,"date":"2017-09-07T15:30:30","date_gmt":"2017-09-07T12:30:30","guid":{"rendered":"https:\/\/mmkserviss.lv\/?post_type=product&#038;p=9260"},"modified":"2023-02-18T14:56:12","modified_gmt":"2023-02-18T12:56:12","slug":"ziemas-vissezonas-riepas-ar-radzem-23555r17-cordiant-snow-cross-103t","status":"publish","type":"product","link":"https:\/\/mmkriepas.lv\/en\/p\/ziemas-vissezonas-riepas-ar-radzem-23555r17-cordiant-snow-cross-103t\/","title":{"rendered":"235\/55R17 Cordiant Snow Cross 103T ar radz\u0113m"},"content":{"rendered":"<p><span style=\"font-weight: 400;\">Ziemas riepa Cordiant SNOW CROSS ir rad\u017eota riepa, kas ieguvusi v\u0113r\u0101 \u0146emamu popularit\u0101ti visda\u017e\u0101d\u0101ko automa\u0161\u012bnu \u012bpa\u0161nieku vid\u016b. Veidojot \u0161o modeli, speci\u0101listi cent\u0101s \u0146\u0113ma v\u0113r\u0101 visas pat\u0113r\u0113t\u0101ju v\u0113lmes, un galvenais uzsvars tika likts uz <\/span><b>paaugstin\u0101tu stabilit\u0101ti un vad\u0101m\u012bbu<\/b><span style=\"font-weight: 400;\">. \u0160\u012bs \u012bpa\u0161\u012bbas izdevies uzlabot teju l\u012bdz maksimumam un tas pateicoties jaun\u0101kaj\u0101m tehnolo\u0123ij\u0101m un modern\u0101kajiem ra\u017eo\u0161anas risin\u0101jumiem. R\u016bp\u012bga kvalit\u0101tes kontrole \u013c\u0101vusi samazin\u0101t nekvalitat\u012bva produkta non\u0101k\u0161anu l\u012bdz pat\u0113r\u0113t\u0101jam, k\u0101 ar\u012b <\/span><b>nodro\u0161ina riepas nor\u0101d\u012bto parametru un \u012bpa\u0161\u012bbu piln\u012bgu atbilst\u012bbu realit\u0101tei<\/b><span style=\"font-weight: 400;\">.<\/span> <b>Cordiant Snow Cross riepas galven\u0101s iez\u012bmes:<\/b> <span style=\"font-weight: 400;\">+Lielisku vad\u0101m\u012bbu un stabilit\u0101ti nodro\u0161ina jauns protektora z\u012bm\u0113jums!<\/span> <span style=\"font-weight: 400;\">+Riepas izgatavo\u0161an\u0101 izmantotas jaun\u0101k\u0101s tehnolo\u0123ijas!<\/span> <span style=\"font-weight: 400;\">+Uzlabots gumijas sast\u0101vs!<\/span> <span style=\"font-weight: 400;\">+Palielin\u0101ta veiktsp\u0113ja snieg\u0101 un uz ledus!<\/span> <span style=\"font-weight: 400;\">Izmantojot jaunu gumijas mais\u012bjumu un unik\u0101lu lame\u013cu sist\u0113mu, ir pan\u0101kta paaugstin\u0101ta sa\u0137ere ar jebkuru ce\u013ca segumu!<\/span> <span style=\"font-weight: 400;\">Krietni paildzin\u0101ts riepas m\u016b\u017ea garums, pateicoties padzi\u013cin\u0101tajam protektoram un papildus sil\u012bcijam gumijas mais\u012bjum\u0101!<\/span><\/p>\n<h3><b>Unik\u0101la SNOW-COR protektora tehnolo\u0123ija<\/b><\/h3>\n<p><span style=\"font-weight: 400;\">\u0160im virziena protektora z\u012bm\u0113jumam ir neparasts dizains &#8211; no centra uz \u0101ru sl\u012bpi izvietoti stari. \u0160is Cordiant Snow Cross raksts \u013coti veiksm\u012bgi izvada sniegu un \u016bdeni no protektora, nodro\u0161inot izcilu pa\u0161att\u012br\u012b\u0161anos, vienlaikus nov\u0113r\u0161ot s\u0101nsl\u012bdes risku. Nep\u0101rtraukta riba protektora centr\u0101 \u0101tri sa\u0161\u0137e\u013c sniegu, un rievas, kas atveras plecu zon\u0101, palielina vilkmi ar ce\u013ca segumu. \u012apa\u0161i \u0161\u0137\u0113rseniski kan\u0101li un iegareni, strat\u0113\u0123iski izvietoti, bloki samazina bremz\u0113\u0161anas ce\u013cu uz jebkuras virsmas. Liels skaits z formas lame\u013cu veido asas malas, k\u0101 rezult\u0101t\u0101 pan\u0101kta lieliska sa\u0137ere ar ledu. Sniegp\u0101rslas formas radzes, kuru kodols veidots no stiprin\u0101ta met\u0101la, nov\u0113r\u0161 rite\u0146u sl\u012bd\u0113\u0161anu pa\u0101trin\u0101juma laik\u0101, k\u0101 ar\u012b palielina vilkmes sp\u0113ku uz apsnigu\u0161iem ce\u013ciem.<\/span><\/p>\n<h3><b>Divsl\u0101\u0146u riepu konstrukcija<\/b><\/h3>\n<p><span style=\"font-weight: 400;\">Izmantot\u0101 divsl\u0101\u0146u protektora konstrukcija \u013c\u0101va uzlabot riepas visp\u0101r\u012bgos veiktsp\u0113jas r\u0101d\u012bt\u0101jus. Virs\u0113jais sl\u0101nis ir izgatavots no m\u012bkst\u0101kas gumijas, t\u0101dej\u0101di uzlabojot riepas sa\u0137eres \u012bpa\u0161\u012bbas. Iek\u0161\u0113jais ciet\u0101kas gumijas sl\u0101nis \u013c\u0101va vienm\u0113r\u012bg\u0101k sadal\u012bt spiedienu protektora iek\u0161pus\u0113, nov\u0113r\u0161ot nevienm\u0113r\u012bgu nodilumu un palielinot stabilit\u0101ti.<\/span><\/p>\n<h3><b>COR-FIX gumijas savienojums<\/b><\/h3>\n<p><span style=\"font-weight: 400;\">Ar jaunu sil\u012bcija saturu atjaunin\u0101t\u0101 COR-FIX gumijas mais\u012bjuma izmanto\u0161ana, \u013c\u0101vusi uzlabot protektora atjaunojo\u0161\u0101s \u012bpa\u0161\u012bbas un uzlabot t\u0101 sa\u0137eri ar ledus virsmu. Izmantotais sil\u012bcijs palielina protektora kalpo\u0161anas laiku, jo tas pozit\u012bvi ietekm\u0113 gumijas nodilumiztur\u012bbas \u012bpa\u0161\u012bbas.<\/span> <b>Cordiant SNOW CROSS<\/b><span style=\"font-weight: 400;\"> mode\u013ca lieto\u0161anas dro\u0161\u012bbu ziemas laika apst\u0101k\u013cos un t\u0101 atbilst\u012bbu valst\u012bm ar oblig\u0101tu sezon\u0101lo riepu mai\u0146u apstiprina mar\u0137\u0113jums sniegp\u0101rslas form\u0101 uz kalna fona ar trim virsotn\u0113m (3PMSF).<\/span> <b>Cordiant SNOW CROSS- <\/b><span style=\"font-weight: 400;\">ziemas riepas ar radz\u0113m un augstu veiktsp\u0113jas\/cenas attiec\u012bbu . Pieejamas MMK Riepu Centros par vislab\u0101kaj\u0101m cen\u0101m!<\/span><\/p>\n<h3><\/h3>\n","protected":false},"excerpt":{"rendered":"<p>Viens no lab\u0101kajiem vid\u0113j\u0101s klases rad\u017eu riepu mode\u013ciem. Apr\u012bkots ar Nokian Hakkapeliitta 7 protektora analogu, iel\u012bm\u0113t\u0101m radz\u0113m un virkni tehnolo\u0123isko risin\u0101jumu, \u0161is riepu modelis izce\u013cas ar teicamu sa\u0137eri skarb\u0101kajos ziemas apst\u0101k\u013cos.<\/p>\n","protected":false},"featured_media":103587,"template":"","meta":{"_acf_changed":false,"ngg_post_thumbnail":0},"product_brand":[],"product_cat":[45,48],"product_tag":[19634],"class_list":{"0":"post-9260","1":"product","2":"type-product","3":"status-publish","4":"has-post-thumbnail","6":"product_cat-ziemas-riepas","7":"product_cat-ziemas-ar-radzem","8":"product_tag-mmk","10":"first","11":"instock","12":"sale","13":"taxable","14":"shipping-taxable","15":"product-type-simple"},"acf":[],"yoast_head":"<!-- This site is optimized with the Yoast SEO Premium plugin v22.6 (Yoast SEO v27.3) - https:\/\/yoast.com\/product\/yoast-seo-premium-wordpress\/ -->\n<title>235\/55R17 Cordiant Snow Cross 103T ar radz\u0113m &#8226; MMK Riepas<\/title>\n<meta name=\"description\" content=\"Cordiant SNOW CROSS- ziemas riepas ar radz\u0113m un augstu veiktsp\u0113jas\/cenas attiec\u012bbu . Pieejamas MMK Riepu Centros par vislab\u0101kaj\u0101m cen\u0101m!\" \/>\n<meta name=\"robots\" content=\"index, follow, max-snippet:-1, max-image-preview:large, max-video-preview:-1\" \/>\n<link rel=\"canonical\" href=\"https:\/\/mmkriepas.lv\/en\/p\/ziemas-vissezonas-riepas-ar-radzem-23555r17-cordiant-snow-cross-103t\/\" \/>\n<meta property=\"og:locale\" content=\"en_US\" \/>\n<meta property=\"og:type\" content=\"article\" \/>\n<meta property=\"og:title\" content=\"235\/55R17 Cordiant Snow Cross 103T ar radz\u0113m\" \/>\n<meta property=\"og:description\" content=\"Cordiant SNOW CROSS- ziemas riepas ar radz\u0113m un augstu veiktsp\u0113jas\/cenas attiec\u012bbu . Pieejamas MMK Riepu Centros par vislab\u0101kaj\u0101m cen\u0101m!\" \/>\n<meta property=\"og:url\" content=\"https:\/\/mmkriepas.lv\/en\/p\/ziemas-vissezonas-riepas-ar-radzem-23555r17-cordiant-snow-cross-103t\/\" \/>\n<meta property=\"og:site_name\" content=\"MMK Riepas\" \/>\n<meta property=\"article:publisher\" content=\"https:\/\/www.facebook.com\/mmkserviss\/\" \/>\n<meta property=\"article:modified_time\" content=\"2023-02-18T12:56:12+00:00\" \/>\n<meta property=\"og:image\" content=\"https:\/\/mmkriepas.lv\/wp-content\/uploads\/2019\/09\/20570r15-cordiant-snow-cross-99t-ar-radzc493m-ziemas-ar-radzem-riepas-3.jpeg\" \/>\n\t<meta property=\"og:image:width\" content=\"1108\" \/>\n\t<meta property=\"og:image:height\" content=\"809\" \/>\n\t<meta property=\"og:image:type\" content=\"image\/jpeg\" \/>\n<meta name=\"twitter:card\" content=\"summary_large_image\" \/>\n<meta name=\"twitter:label1\" content=\"Price\" \/>\n\t<meta name=\"twitter:data1\" content=\"&euro;95.00\" \/>\n\t<meta name=\"twitter:label2\" content=\"Availability\" \/>\n\t<meta name=\"twitter:data2\" content=\"In stock\" \/>\n<script type=\"application\/ld+json\" class=\"yoast-schema-graph\">{\"@context\":\"https:\\\/\\\/schema.org\",\"@graph\":[{\"@type\":\"WebPage\",\"@id\":\"https:\\\/\\\/mmkriepas.lv\\\/en\\\/p\\\/ziemas-vissezonas-riepas-ar-radzem-23555r17-cordiant-snow-cross-103t\\\/\",\"url\":\"https:\\\/\\\/mmkriepas.lv\\\/en\\\/p\\\/ziemas-vissezonas-riepas-ar-radzem-23555r17-cordiant-snow-cross-103t\\\/\",\"name\":\"235\\\/55R17 Cordiant Snow Cross 103T ar radz\u0113m &#8226; MMK Riepas\",\"isPartOf\":{\"@id\":\"https:\\\/\\\/mmkriepas.lv\\\/en\\\/#website\"},\"primaryImageOfPage\":{\"@id\":\"https:\\\/\\\/mmkriepas.lv\\\/en\\\/p\\\/ziemas-vissezonas-riepas-ar-radzem-23555r17-cordiant-snow-cross-103t\\\/#primaryimage\"},\"image\":{\"@id\":\"https:\\\/\\\/mmkriepas.lv\\\/en\\\/p\\\/ziemas-vissezonas-riepas-ar-radzem-23555r17-cordiant-snow-cross-103t\\\/#primaryimage\"},\"thumbnailUrl\":\"https:\\\/\\\/mmkriepas.lv\\\/wp-content\\\/uploads\\\/2019\\\/09\\\/20570r15-cordiant-snow-cross-99t-ar-radzc493m-ziemas-ar-radzem-riepas-3.jpeg\",\"datePublished\":\"2017-09-07T12:30:30+00:00\",\"dateModified\":\"2023-02-18T12:56:12+00:00\",\"description\":\"Cordiant SNOW CROSS- ziemas riepas ar radz\u0113m un augstu veiktsp\u0113jas\\\/cenas attiec\u012bbu . Pieejamas MMK Riepu Centros par vislab\u0101kaj\u0101m cen\u0101m!\",\"breadcrumb\":{\"@id\":\"https:\\\/\\\/mmkriepas.lv\\\/en\\\/p\\\/ziemas-vissezonas-riepas-ar-radzem-23555r17-cordiant-snow-cross-103t\\\/#breadcrumb\"},\"inLanguage\":\"en-US\",\"potentialAction\":[{\"@type\":\"ReadAction\",\"target\":[\"https:\\\/\\\/mmkriepas.lv\\\/en\\\/p\\\/ziemas-vissezonas-riepas-ar-radzem-23555r17-cordiant-snow-cross-103t\\\/\"]}]},{\"@type\":\"ImageObject\",\"inLanguage\":\"en-US\",\"@id\":\"https:\\\/\\\/mmkriepas.lv\\\/en\\\/p\\\/ziemas-vissezonas-riepas-ar-radzem-23555r17-cordiant-snow-cross-103t\\\/#primaryimage\",\"url\":\"https:\\\/\\\/mmkriepas.lv\\\/wp-content\\\/uploads\\\/2019\\\/09\\\/20570r15-cordiant-snow-cross-99t-ar-radzc493m-ziemas-ar-radzem-riepas-3.jpeg\",\"contentUrl\":\"https:\\\/\\\/mmkriepas.lv\\\/wp-content\\\/uploads\\\/2019\\\/09\\\/20570r15-cordiant-snow-cross-99t-ar-radzc493m-ziemas-ar-radzem-riepas-3.jpeg\",\"width\":1108,\"height\":809,\"caption\":\"205\\\/70R15 Cordiant Snow Cross 99T ar radz\u0113m - Ziemas ar radz\u0113m riepas\"},{\"@type\":\"BreadcrumbList\",\"@id\":\"https:\\\/\\\/mmkriepas.lv\\\/en\\\/p\\\/ziemas-vissezonas-riepas-ar-radzem-23555r17-cordiant-snow-cross-103t\\\/#breadcrumb\",\"itemListElement\":[{\"@type\":\"ListItem\",\"position\":1,\"name\":\"S\u0101kums\",\"item\":\"https:\\\/\\\/mmkriepas.lv\\\/en\\\/\"},{\"@type\":\"ListItem\",\"position\":2,\"name\":\"235\\\/55R17 Cordiant Snow Cross 103T ar radz\u0113m\"}]},{\"@type\":\"WebSite\",\"@id\":\"https:\\\/\\\/mmkriepas.lv\\\/en\\\/#website\",\"url\":\"https:\\\/\\\/mmkriepas.lv\\\/en\\\/\",\"name\":\"MMK Riepas\",\"description\":\"MMK Riepas\",\"alternateName\":\"MMK Riepu Serviss\",\"potentialAction\":[{\"@type\":\"SearchAction\",\"target\":{\"@type\":\"EntryPoint\",\"urlTemplate\":\"https:\\\/\\\/mmkriepas.lv\\\/en\\\/?s={search_term_string}\"},\"query-input\":{\"@type\":\"PropertyValueSpecification\",\"valueRequired\":true,\"valueName\":\"search_term_string\"}}],\"inLanguage\":\"en-US\"},{\"@type\":\"ImageObject\",\"inLanguage\":\"en-US\",\"@id\":\"https:\\\/\\\/mmkriepas.lv\\\/en\\\/p\\\/ziemas-vissezonas-riepas-ar-radzem-23555r17-cordiant-snow-cross-103t\\\/#local-main-organization-logo\",\"url\":\"\",\"contentUrl\":\"\",\"caption\":\"MMK Riepas\"}]}<\/script>\n<meta property=\"product:brand\" content=\"Cordiant Snow Cross\" \/>\n<meta property=\"product:price:amount\" content=\"95.00\" \/>\n<meta property=\"product:price:currency\" content=\"EUR\" \/>\n<meta property=\"og:availability\" content=\"instock\" \/>\n<meta property=\"product:availability\" content=\"instock\" \/>\n<meta property=\"product:condition\" content=\"new\" \/>\n<!-- \/ Yoast SEO Premium plugin. -->","yoast_head_json":{"title":"235\/55R17 Cordiant Snow Cross 103T ar radz\u0113m &#8226; MMK Riepas","description":"Cordiant SNOW CROSS- ziemas riepas ar radz\u0113m un augstu veiktsp\u0113jas\/cenas attiec\u012bbu . Pieejamas MMK Riepu Centros par vislab\u0101kaj\u0101m cen\u0101m!","robots":{"index":"index","follow":"follow","max-snippet":"max-snippet:-1","max-image-preview":"max-image-preview:large","max-video-preview":"max-video-preview:-1"},"canonical":"https:\/\/mmkriepas.lv\/en\/p\/ziemas-vissezonas-riepas-ar-radzem-23555r17-cordiant-snow-cross-103t\/","og_locale":"en_US","og_type":"article","og_title":"235\/55R17 Cordiant Snow Cross 103T ar radz\u0113m","og_description":"Cordiant SNOW CROSS- ziemas riepas ar radz\u0113m un augstu veiktsp\u0113jas\/cenas attiec\u012bbu . Pieejamas MMK Riepu Centros par vislab\u0101kaj\u0101m cen\u0101m!","og_url":"https:\/\/mmkriepas.lv\/en\/p\/ziemas-vissezonas-riepas-ar-radzem-23555r17-cordiant-snow-cross-103t\/","og_site_name":"MMK Riepas","article_publisher":"https:\/\/www.facebook.com\/mmkserviss\/","article_modified_time":"2023-02-18T12:56:12+00:00","og_image":[{"width":1108,"height":809,"url":"https:\/\/mmkriepas.lv\/wp-content\/uploads\/2019\/09\/20570r15-cordiant-snow-cross-99t-ar-radzc493m-ziemas-ar-radzem-riepas-3.jpeg","type":"image\/jpeg"}],"twitter_card":"summary_large_image","twitter_misc":{"Price":"&euro;95.00","Availability":"In stock"},"schema":{"@context":"https:\/\/schema.org","@graph":[{"@type":"WebPage","@id":"https:\/\/mmkriepas.lv\/en\/p\/ziemas-vissezonas-riepas-ar-radzem-23555r17-cordiant-snow-cross-103t\/","url":"https:\/\/mmkriepas.lv\/en\/p\/ziemas-vissezonas-riepas-ar-radzem-23555r17-cordiant-snow-cross-103t\/","name":"235\/55R17 Cordiant Snow Cross 103T ar radz\u0113m &#8226; MMK Riepas","isPartOf":{"@id":"https:\/\/mmkriepas.lv\/en\/#website"},"primaryImageOfPage":{"@id":"https:\/\/mmkriepas.lv\/en\/p\/ziemas-vissezonas-riepas-ar-radzem-23555r17-cordiant-snow-cross-103t\/#primaryimage"},"image":{"@id":"https:\/\/mmkriepas.lv\/en\/p\/ziemas-vissezonas-riepas-ar-radzem-23555r17-cordiant-snow-cross-103t\/#primaryimage"},"thumbnailUrl":"https:\/\/mmkriepas.lv\/wp-content\/uploads\/2019\/09\/20570r15-cordiant-snow-cross-99t-ar-radzc493m-ziemas-ar-radzem-riepas-3.jpeg","datePublished":"2017-09-07T12:30:30+00:00","dateModified":"2023-02-18T12:56:12+00:00","description":"Cordiant SNOW CROSS- ziemas riepas ar radz\u0113m un augstu veiktsp\u0113jas\/cenas attiec\u012bbu . Pieejamas MMK Riepu Centros par vislab\u0101kaj\u0101m cen\u0101m!","breadcrumb":{"@id":"https:\/\/mmkriepas.lv\/en\/p\/ziemas-vissezonas-riepas-ar-radzem-23555r17-cordiant-snow-cross-103t\/#breadcrumb"},"inLanguage":"en-US","potentialAction":[{"@type":"ReadAction","target":["https:\/\/mmkriepas.lv\/en\/p\/ziemas-vissezonas-riepas-ar-radzem-23555r17-cordiant-snow-cross-103t\/"]}]},{"@type":"ImageObject","inLanguage":"en-US","@id":"https:\/\/mmkriepas.lv\/en\/p\/ziemas-vissezonas-riepas-ar-radzem-23555r17-cordiant-snow-cross-103t\/#primaryimage","url":"https:\/\/mmkriepas.lv\/wp-content\/uploads\/2019\/09\/20570r15-cordiant-snow-cross-99t-ar-radzc493m-ziemas-ar-radzem-riepas-3.jpeg","contentUrl":"https:\/\/mmkriepas.lv\/wp-content\/uploads\/2019\/09\/20570r15-cordiant-snow-cross-99t-ar-radzc493m-ziemas-ar-radzem-riepas-3.jpeg","width":1108,"height":809,"caption":"205\/70R15 Cordiant Snow Cross 99T ar radz\u0113m - Ziemas ar radz\u0113m riepas"},{"@type":"BreadcrumbList","@id":"https:\/\/mmkriepas.lv\/en\/p\/ziemas-vissezonas-riepas-ar-radzem-23555r17-cordiant-snow-cross-103t\/#breadcrumb","itemListElement":[{"@type":"ListItem","position":1,"name":"S\u0101kums","item":"https:\/\/mmkriepas.lv\/en\/"},{"@type":"ListItem","position":2,"name":"235\/55R17 Cordiant Snow Cross 103T ar radz\u0113m"}]},{"@type":"WebSite","@id":"https:\/\/mmkriepas.lv\/en\/#website","url":"https:\/\/mmkriepas.lv\/en\/","name":"MMK Riepas","description":"MMK Riepas","alternateName":"MMK Riepu Serviss","potentialAction":[{"@type":"SearchAction","target":{"@type":"EntryPoint","urlTemplate":"https:\/\/mmkriepas.lv\/en\/?s={search_term_string}"},"query-input":{"@type":"PropertyValueSpecification","valueRequired":true,"valueName":"search_term_string"}}],"inLanguage":"en-US"},{"@type":"ImageObject","inLanguage":"en-US","@id":"https:\/\/mmkriepas.lv\/en\/p\/ziemas-vissezonas-riepas-ar-radzem-23555r17-cordiant-snow-cross-103t\/#local-main-organization-logo","url":"","contentUrl":"","caption":"MMK Riepas"}]},"product_brand":"Cordiant Snow Cross","product_price_amount":"95.00","product_price_currency":"EUR","og_availability":"instock","product_availability":"instock","product_condition":"new"},"_links":{"self":[{"href":"https:\/\/mmkriepas.lv\/en\/wp-json\/wp\/v2\/product\/9260","targetHints":{"allow":["GET"]}}],"collection":[{"href":"https:\/\/mmkriepas.lv\/en\/wp-json\/wp\/v2\/product"}],"about":[{"href":"https:\/\/mmkriepas.lv\/en\/wp-json\/wp\/v2\/types\/product"}],"wp:featuredmedia":[{"embeddable":true,"href":"https:\/\/mmkriepas.lv\/en\/wp-json\/wp\/v2\/media\/103587"}],"wp:attachment":[{"href":"https:\/\/mmkriepas.lv\/en\/wp-json\/wp\/v2\/media?parent=9260"}],"wp:term":[{"taxonomy":"product_brand","embeddable":true,"href":"https:\/\/mmkriepas.lv\/en\/wp-json\/wp\/v2\/product_brand?post=9260"},{"taxonomy":"product_cat","embeddable":true,"href":"https:\/\/mmkriepas.lv\/en\/wp-json\/wp\/v2\/product_cat?post=9260"},{"taxonomy":"product_tag","embeddable":true,"href":"https:\/\/mmkriepas.lv\/en\/wp-json\/wp\/v2\/product_tag?post=9260"}],"curies":[{"name":"wp","href":"https:\/\/api.w.org\/{rel}","templated":true}]}}