{"id":915149,"date":"2024-06-26T10:09:24","date_gmt":"2024-06-26T07:09:24","guid":{"rendered":"https:\/\/mmkserviss.lv\/?post_type=product&#038;p=915149"},"modified":"2026-01-23T10:36:25","modified_gmt":"2026-01-23T08:36:25","slug":"215-55r18-lassa-competus-h-p-96v-xl-rp-dot21-bridgestone","status":"publish","type":"product","link":"https:\/\/mmkriepas.lv\/en\/p\/215-55r18-lassa-competus-h-p-96v-xl-rp-dot21-bridgestone\/","title":{"rendered":"215\/55R18 Lassa Competus H\/P 96V XL RP DOT21 (Bridgestone)"},"content":{"rendered":"<h2>Vasaras riepas Lassa Competus H\/P<\/h2>\n<p>\u00a0 Riepu ra\u017eot\u0101js:<strong> Lassa <\/strong>(pieder <strong>Bridgestone<\/strong> (pasaul\u0113 liel\u0101kais riepu ra\u017eot\u0101js (Jap\u0101na)) un Brisa Sabanci korpor\u0101cijai) Riepu modelis:<strong>\u00a0Competus HP <\/strong>(high performance tyre) Jap\u0101\u0146u tehnolo\u0123ijas un in\u017eenieri! Ra\u017eo Bridgestone r\u016bpn\u012bc\u0101 Turcij\u0101. Augst\u0101k\u0101 l\u012bme\u0146a kvalit\u0101te. <strong>MMK Serviss nov\u0113rt\u0113jums:<\/strong>\u00a0<em>\u201dAugst\u0101k\u0101s kvalit\u0101tes vasaras riepas par \u013coti labu cenu. Kvalit\u0101te daudz augst\u0101ka par samaks\u0101to naudu\u201d.<\/em> MMK Serviss pied\u0101v\u0101 augstas klases vasaras riepas Lassa. Lassa ir Bridgestone grupas riepu ra\u017eot\u0101js ar vair\u0101k k\u0101 50 gadu ra\u017eo\u0161anas pieredzi. Teicamu kvalit\u0101ti nodro\u0161ina jaun\u0101k\u0101s Bridgestone ra\u017eo\u0161anas tehnolo\u0123ijs.\u00a0K\u0101 ra\u017eot\u0101js klasific\u0113j\u0101s vid\u0113j\u0101 klas\u0113 kop\u0101 ar Hankook, Falken, Kumho, Yokohama u. c. ta\u010du faktiski kvalit\u0101tes zi\u0146\u0101 neatpaliek no Premium klases Bridgestone, Michelin, Continental utt. Augstas kvalit\u0101tes riepas par vid\u0113j\u0101s klases riepu cenu.<ins class=\"copy_element\"><\/ins> <strong>Lassa Competus HP\u00a0<\/strong>\u012bpa\u0161\u012bbas. <em>(sp\u0113c\u012bg\u0101k\u0101 \u0161\u012b mode\u013ca \u012bpa\u0161\u012bba\u00a0&#8211; veiksp\u0113ja un augsta nodilum iztur\u012bba)<\/em> + jaun\u0101k\u0101s <strong>Bridgestone<\/strong> tehnolo\u0123ijas + degvielas <strong>ekonomija<\/strong>, \u013coti zema rites pretest\u012bba + \u013coti labi testu rezult\u0101ti <ins class=\"copy_element\"><\/ins>+ \u012bpa\u0161a tehnolo\u0123ija, kas ne\u013cauj riepai uzsilt, l\u012bdz ar to samazin\u0101s dilst\u012bba un <strong>paildzin\u0101s riepas m\u016b\u017es<\/strong> + stabilit\u0101te braucot pa nel\u012bzenu ce\u013ca segumu + dro\u0161a vad\u0101m\u012bb\u0101 gan uz sausa, gan mitra seguma + \u012bss bremz\u0113\u0161anas ce\u013c\u0161 gan sausa, gan uz slapja ce\u013ca seguma + augsta notur\u012bba pret akvaplan\u0113\u0161anu + iztur\u012bgi borti + samazin\u0101ts trok\u0161\u0146u l\u012bmenis + garantija <strong>MMK Serviss \u012bpa\u0161i rekomend\u0113 \u0161o ra\u017eot\u0101ju un modeli!<\/strong><em> Premium kvalit\u0101te par vid\u0113j\u0101s klases cenu!<\/em><\/p>\n","protected":false},"excerpt":{"rendered":"<h2>Vasaras riepas Lassa Competus H\/P<\/h2>\n<p>\u00a0 Riepu ra\u017eot\u0101js:<strong> Lassa <\/strong>(pieder <strong>Bridgestone<\/strong> (pasaul\u0113 liel\u0101kais riepu ra\u017eot\u0101js (Jap\u0101na)) un Brisa Sabanci korpor\u0101cijai) Riepu modelis:<strong>\u00a0Competus HP <\/strong>(high performance tyre) Jap\u0101\u0146u tehnolo\u0123ijas un in\u017eenieri! Ra\u017eo Bridgestone r\u016bpn\u012bc\u0101 Turcij\u0101. Augst\u0101k\u0101 l\u012bme\u0146a kvalit\u0101te. <strong>MMK Serviss nov\u0113rt\u0113jums:<\/strong>\u00a0<em>\u201dAugst\u0101k\u0101s kvalit\u0101tes vasaras riepas par \u013coti labu cenu. Kvalit\u0101te daudz augst\u0101ka par samaks\u0101to naudu\u201d.<\/em> MMK Serviss pied\u0101v\u0101 augstas klases vasaras riepas Lassa. Lassa ir Bridgestone grupas riepu ra\u017eot\u0101js ar vair\u0101k k\u0101 50 gadu ra\u017eo\u0161anas pieredzi. Teicamu kvalit\u0101ti nodro\u0161ina jaun\u0101k\u0101s Bridgestone ra\u017eo\u0161anas tehnolo\u0123ijs.\u00a0K\u0101 ra\u017eot\u0101js klasific\u0113j\u0101s vid\u0113j\u0101 klas\u0113 kop\u0101 ar Hankook, Falken, Kumho, Yokohama u. c. ta\u010du faktiski kvalit\u0101tes zi\u0146\u0101 neatpaliek no Premium klases Bridgestone, Michelin, Continental utt. Augstas kvalit\u0101tes riepas par vid\u0113j\u0101s klases riepu cenu.<ins class=\"copy_element\"><\/ins> <strong>Lassa Competus HP\u00a0<\/strong>\u012bpa\u0161\u012bbas. <em>(sp\u0113c\u012bg\u0101k\u0101 \u0161\u012b mode\u013ca \u012bpa\u0161\u012bba\u00a0&#8211; veiksp\u0113ja un augsta nodilum iztur\u012bba)<\/em> + jaun\u0101k\u0101s <strong>Bridgestone<\/strong> tehnolo\u0123ijas + degvielas <strong>ekonomija<\/strong>, \u013coti zema rites pretest\u012bba + \u013coti labi testu rezult\u0101ti <ins class=\"copy_element\"><\/ins>+ \u012bpa\u0161a tehnolo\u0123ija, kas ne\u013cauj riepai uzsilt, l\u012bdz ar to samazin\u0101s dilst\u012bba un <strong>paildzin\u0101s riepas m\u016b\u017es<\/strong> + stabilit\u0101te braucot pa nel\u012bzenu ce\u013ca segumu + dro\u0161a vad\u0101m\u012bb\u0101 gan uz sausa, gan mitra seguma + \u012bss bremz\u0113\u0161anas ce\u013c\u0161 gan sausa, gan uz slapja ce\u013ca seguma + augsta notur\u012bba pret akvaplan\u0113\u0161anu + iztur\u012bgi borti + samazin\u0101ts trok\u0161\u0146u l\u012bmenis + garantija <strong>MMK Serviss \u012bpa\u0161i rekomend\u0113 \u0161o ra\u017eot\u0101ju un modeli!<\/strong><em> Premium kvalit\u0101te par vid\u0113j\u0101s klases cenu!<\/em><\/p>\n","protected":false},"featured_media":1213697,"template":"","meta":{"_acf_changed":false,"ngg_post_thumbnail":0},"product_brand":[],"product_cat":[46],"product_tag":[],"class_list":{"0":"post-915149","1":"product","2":"type-product","3":"status-publish","4":"has-post-thumbnail","6":"product_cat-vasaras-riepas","8":"first","9":"outofstock","10":"sale","11":"taxable","12":"shipping-taxable","13":"product-type-simple"},"acf":[],"yoast_head":"<!-- This site is optimized with the Yoast SEO Premium plugin v22.6 (Yoast SEO v27.3) - https:\/\/yoast.com\/product\/yoast-seo-premium-wordpress\/ -->\n<title>215\/55R18 Lassa Competus H\/P 96V XL RP DOT21 (Bridgestone) &#8226; MMK Riepas<\/title>\n<meta name=\"robots\" content=\"index, follow, max-snippet:-1, max-image-preview:large, max-video-preview:-1\" \/>\n<link rel=\"canonical\" href=\"https:\/\/mmkriepas.lv\/en\/p\/215-55r18-lassa-competus-h-p-96v-xl-rp-dot21-bridgestone\/\" \/>\n<meta property=\"og:locale\" content=\"en_US\" \/>\n<meta property=\"og:type\" content=\"article\" \/>\n<meta property=\"og:title\" content=\"215\/55R18 Lassa Competus H\/P 96V XL RP DOT21 (Bridgestone)\" \/>\n<meta property=\"og:description\" content=\"Vasaras riepas Lassa Competus H\/P\u00a0 Riepu ra\u017eot\u0101js: Lassa (pieder Bridgestone (pasaul\u0113 liel\u0101kais riepu ra\u017eot\u0101js (Jap\u0101na)) un Brisa Sabanci korpor\u0101cijai) Riepu modelis:\u00a0Competus HP (high performance tyre) Jap\u0101\u0146u tehnolo\u0123ijas un in\u017eenieri! Ra\u017eo Bridgestone r\u016bpn\u012bc\u0101 Turcij\u0101. Augst\u0101k\u0101 l\u012bme\u0146a kvalit\u0101te. MMK Serviss nov\u0113rt\u0113jums:\u00a0\u201dAugst\u0101k\u0101s kvalit\u0101tes vasaras riepas par \u013coti labu cenu. Kvalit\u0101te daudz augst\u0101ka par samaks\u0101to naudu\u201d. MMK Serviss pied\u0101v\u0101 augstas klases vasaras riepas Lassa. Lassa ir Bridgestone grupas riepu ra\u017eot\u0101js ar vair\u0101k k\u0101 50 gadu ra\u017eo\u0161anas pieredzi. Teicamu kvalit\u0101ti nodro\u0161ina jaun\u0101k\u0101s Bridgestone ra\u017eo\u0161anas tehnolo\u0123ijs.\u00a0K\u0101 ra\u017eot\u0101js klasific\u0113j\u0101s vid\u0113j\u0101 klas\u0113 kop\u0101 ar Hankook, Falken, Kumho, Yokohama u. c. ta\u010du faktiski kvalit\u0101tes zi\u0146\u0101 neatpaliek no Premium klases Bridgestone, Michelin, Continental utt. Augstas kvalit\u0101tes riepas par vid\u0113j\u0101s klases riepu cenu. Lassa Competus HP\u00a0\u012bpa\u0161\u012bbas. (sp\u0113c\u012bg\u0101k\u0101 \u0161\u012b mode\u013ca \u012bpa\u0161\u012bba\u00a0- veiksp\u0113ja un augsta nodilum iztur\u012bba) + jaun\u0101k\u0101s Bridgestone tehnolo\u0123ijas + degvielas ekonomija, \u013coti zema rites pretest\u012bba + \u013coti labi testu rezult\u0101ti + \u012bpa\u0161a tehnolo\u0123ija, kas ne\u013cauj riepai uzsilt, l\u012bdz ar to samazin\u0101s dilst\u012bba un paildzin\u0101s riepas m\u016b\u017es + stabilit\u0101te braucot pa nel\u012bzenu ce\u013ca segumu + dro\u0161a vad\u0101m\u012bb\u0101 gan uz sausa, gan mitra seguma + \u012bss bremz\u0113\u0161anas ce\u013c\u0161 gan sausa, gan uz slapja ce\u013ca seguma + augsta notur\u012bba pret akvaplan\u0113\u0161anu + iztur\u012bgi borti + samazin\u0101ts trok\u0161\u0146u l\u012bmenis + garantija MMK Serviss \u012bpa\u0161i rekomend\u0113 \u0161o ra\u017eot\u0101ju un modeli! Premium kvalit\u0101te par vid\u0113j\u0101s klases cenu!\" \/>\n<meta property=\"og:url\" content=\"https:\/\/mmkriepas.lv\/en\/p\/215-55r18-lassa-competus-h-p-96v-xl-rp-dot21-bridgestone\/\" \/>\n<meta property=\"og:site_name\" content=\"MMK Riepas\" \/>\n<meta property=\"article:publisher\" content=\"https:\/\/www.facebook.com\/mmkserviss\/\" \/>\n<meta property=\"article:modified_time\" content=\"2026-01-23T08:36:25+00:00\" \/>\n<meta property=\"og:image\" content=\"https:\/\/mmkriepas.lv\/wp-content\/uploads\/2025\/04\/21555r18-lassa-competus-hp-96v-xl-rp-dot21-bridgestone-vasaras-riepas.jpg\" \/>\n\t<meta property=\"og:image:width\" content=\"900\" \/>\n\t<meta property=\"og:image:height\" content=\"720\" \/>\n\t<meta property=\"og:image:type\" content=\"image\/jpeg\" \/>\n<meta name=\"twitter:card\" content=\"summary_large_image\" \/>\n<meta name=\"twitter:label1\" content=\"Price\" \/>\n\t<meta name=\"twitter:data1\" content=\"&euro;45.00\" \/>\n\t<meta name=\"twitter:label2\" content=\"Availability\" \/>\n\t<meta name=\"twitter:data2\" content=\"Out of stock\" \/>\n<script type=\"application\/ld+json\" class=\"yoast-schema-graph\">{\"@context\":\"https:\\\/\\\/schema.org\",\"@graph\":[{\"@type\":\"WebPage\",\"@id\":\"https:\\\/\\\/mmkriepas.lv\\\/en\\\/p\\\/215-55r18-lassa-competus-h-p-96v-xl-rp-dot21-bridgestone\\\/\",\"url\":\"https:\\\/\\\/mmkriepas.lv\\\/en\\\/p\\\/215-55r18-lassa-competus-h-p-96v-xl-rp-dot21-bridgestone\\\/\",\"name\":\"215\\\/55R18 Lassa Competus H\\\/P 96V XL RP DOT21 (Bridgestone) &#8226; MMK Riepas\",\"isPartOf\":{\"@id\":\"https:\\\/\\\/mmkriepas.lv\\\/en\\\/#website\"},\"primaryImageOfPage\":{\"@id\":\"https:\\\/\\\/mmkriepas.lv\\\/en\\\/p\\\/215-55r18-lassa-competus-h-p-96v-xl-rp-dot21-bridgestone\\\/#primaryimage\"},\"image\":{\"@id\":\"https:\\\/\\\/mmkriepas.lv\\\/en\\\/p\\\/215-55r18-lassa-competus-h-p-96v-xl-rp-dot21-bridgestone\\\/#primaryimage\"},\"thumbnailUrl\":\"https:\\\/\\\/mmkriepas.lv\\\/wp-content\\\/uploads\\\/2025\\\/04\\\/21555r18-lassa-competus-hp-96v-xl-rp-dot21-bridgestone-vasaras-riepas.jpg\",\"datePublished\":\"2024-06-26T07:09:24+00:00\",\"dateModified\":\"2026-01-23T08:36:25+00:00\",\"breadcrumb\":{\"@id\":\"https:\\\/\\\/mmkriepas.lv\\\/en\\\/p\\\/215-55r18-lassa-competus-h-p-96v-xl-rp-dot21-bridgestone\\\/#breadcrumb\"},\"inLanguage\":\"en-US\",\"potentialAction\":[{\"@type\":\"ReadAction\",\"target\":[\"https:\\\/\\\/mmkriepas.lv\\\/en\\\/p\\\/215-55r18-lassa-competus-h-p-96v-xl-rp-dot21-bridgestone\\\/\"]}]},{\"@type\":\"ImageObject\",\"inLanguage\":\"en-US\",\"@id\":\"https:\\\/\\\/mmkriepas.lv\\\/en\\\/p\\\/215-55r18-lassa-competus-h-p-96v-xl-rp-dot21-bridgestone\\\/#primaryimage\",\"url\":\"https:\\\/\\\/mmkriepas.lv\\\/wp-content\\\/uploads\\\/2025\\\/04\\\/21555r18-lassa-competus-hp-96v-xl-rp-dot21-bridgestone-vasaras-riepas.jpg\",\"contentUrl\":\"https:\\\/\\\/mmkriepas.lv\\\/wp-content\\\/uploads\\\/2025\\\/04\\\/21555r18-lassa-competus-hp-96v-xl-rp-dot21-bridgestone-vasaras-riepas.jpg\",\"width\":900,\"height\":720,\"caption\":\"MAIN\"},{\"@type\":\"BreadcrumbList\",\"@id\":\"https:\\\/\\\/mmkriepas.lv\\\/en\\\/p\\\/215-55r18-lassa-competus-h-p-96v-xl-rp-dot21-bridgestone\\\/#breadcrumb\",\"itemListElement\":[{\"@type\":\"ListItem\",\"position\":1,\"name\":\"S\u0101kums\",\"item\":\"https:\\\/\\\/mmkriepas.lv\\\/en\\\/\"},{\"@type\":\"ListItem\",\"position\":2,\"name\":\"215\\\/55R18 Lassa Competus H\\\/P 96V XL RP DOT21 (Bridgestone)\"}]},{\"@type\":\"WebSite\",\"@id\":\"https:\\\/\\\/mmkriepas.lv\\\/en\\\/#website\",\"url\":\"https:\\\/\\\/mmkriepas.lv\\\/en\\\/\",\"name\":\"MMK Riepas\",\"description\":\"MMK Riepas\",\"alternateName\":\"MMK Riepu Serviss\",\"potentialAction\":[{\"@type\":\"SearchAction\",\"target\":{\"@type\":\"EntryPoint\",\"urlTemplate\":\"https:\\\/\\\/mmkriepas.lv\\\/en\\\/?s={search_term_string}\"},\"query-input\":{\"@type\":\"PropertyValueSpecification\",\"valueRequired\":true,\"valueName\":\"search_term_string\"}}],\"inLanguage\":\"en-US\"},{\"@type\":\"ImageObject\",\"inLanguage\":\"en-US\",\"@id\":\"https:\\\/\\\/mmkriepas.lv\\\/en\\\/p\\\/215-55r18-lassa-competus-h-p-96v-xl-rp-dot21-bridgestone\\\/#local-main-organization-logo\",\"url\":\"\",\"contentUrl\":\"\",\"caption\":\"MMK Riepas\"}]}<\/script>\n<meta property=\"product:brand\" content=\"Lassa Competus H\/P\" \/>\n<meta property=\"product:price:amount\" content=\"45.00\" \/>\n<meta property=\"product:price:currency\" content=\"EUR\" \/>\n<meta property=\"og:availability\" content=\"out of stock\" \/>\n<meta property=\"product:availability\" content=\"out of stock\" \/>\n<meta property=\"product:retailer_item_id\" content=\"TS2155518LASSA-37812\" \/>\n<meta property=\"product:condition\" content=\"new\" \/>\n<!-- \/ Yoast SEO Premium plugin. -->","yoast_head_json":{"title":"215\/55R18 Lassa Competus H\/P 96V XL RP DOT21 (Bridgestone) &#8226; MMK Riepas","robots":{"index":"index","follow":"follow","max-snippet":"max-snippet:-1","max-image-preview":"max-image-preview:large","max-video-preview":"max-video-preview:-1"},"canonical":"https:\/\/mmkriepas.lv\/en\/p\/215-55r18-lassa-competus-h-p-96v-xl-rp-dot21-bridgestone\/","og_locale":"en_US","og_type":"article","og_title":"215\/55R18 Lassa Competus H\/P 96V XL RP DOT21 (Bridgestone)","og_description":"Vasaras riepas Lassa Competus H\/P\u00a0 Riepu ra\u017eot\u0101js: Lassa (pieder Bridgestone (pasaul\u0113 liel\u0101kais riepu ra\u017eot\u0101js (Jap\u0101na)) un Brisa Sabanci korpor\u0101cijai) Riepu modelis:\u00a0Competus HP (high performance tyre) Jap\u0101\u0146u tehnolo\u0123ijas un in\u017eenieri! Ra\u017eo Bridgestone r\u016bpn\u012bc\u0101 Turcij\u0101. Augst\u0101k\u0101 l\u012bme\u0146a kvalit\u0101te. MMK Serviss nov\u0113rt\u0113jums:\u00a0\u201dAugst\u0101k\u0101s kvalit\u0101tes vasaras riepas par \u013coti labu cenu. Kvalit\u0101te daudz augst\u0101ka par samaks\u0101to naudu\u201d. MMK Serviss pied\u0101v\u0101 augstas klases vasaras riepas Lassa. Lassa ir Bridgestone grupas riepu ra\u017eot\u0101js ar vair\u0101k k\u0101 50 gadu ra\u017eo\u0161anas pieredzi. Teicamu kvalit\u0101ti nodro\u0161ina jaun\u0101k\u0101s Bridgestone ra\u017eo\u0161anas tehnolo\u0123ijs.\u00a0K\u0101 ra\u017eot\u0101js klasific\u0113j\u0101s vid\u0113j\u0101 klas\u0113 kop\u0101 ar Hankook, Falken, Kumho, Yokohama u. c. ta\u010du faktiski kvalit\u0101tes zi\u0146\u0101 neatpaliek no Premium klases Bridgestone, Michelin, Continental utt. Augstas kvalit\u0101tes riepas par vid\u0113j\u0101s klases riepu cenu. Lassa Competus HP\u00a0\u012bpa\u0161\u012bbas. (sp\u0113c\u012bg\u0101k\u0101 \u0161\u012b mode\u013ca \u012bpa\u0161\u012bba\u00a0- veiksp\u0113ja un augsta nodilum iztur\u012bba) + jaun\u0101k\u0101s Bridgestone tehnolo\u0123ijas + degvielas ekonomija, \u013coti zema rites pretest\u012bba + \u013coti labi testu rezult\u0101ti + \u012bpa\u0161a tehnolo\u0123ija, kas ne\u013cauj riepai uzsilt, l\u012bdz ar to samazin\u0101s dilst\u012bba un paildzin\u0101s riepas m\u016b\u017es + stabilit\u0101te braucot pa nel\u012bzenu ce\u013ca segumu + dro\u0161a vad\u0101m\u012bb\u0101 gan uz sausa, gan mitra seguma + \u012bss bremz\u0113\u0161anas ce\u013c\u0161 gan sausa, gan uz slapja ce\u013ca seguma + augsta notur\u012bba pret akvaplan\u0113\u0161anu + iztur\u012bgi borti + samazin\u0101ts trok\u0161\u0146u l\u012bmenis + garantija MMK Serviss \u012bpa\u0161i rekomend\u0113 \u0161o ra\u017eot\u0101ju un modeli! Premium kvalit\u0101te par vid\u0113j\u0101s klases cenu!","og_url":"https:\/\/mmkriepas.lv\/en\/p\/215-55r18-lassa-competus-h-p-96v-xl-rp-dot21-bridgestone\/","og_site_name":"MMK Riepas","article_publisher":"https:\/\/www.facebook.com\/mmkserviss\/","article_modified_time":"2026-01-23T08:36:25+00:00","og_image":[{"width":900,"height":720,"url":"https:\/\/mmkriepas.lv\/wp-content\/uploads\/2025\/04\/21555r18-lassa-competus-hp-96v-xl-rp-dot21-bridgestone-vasaras-riepas.jpg","type":"image\/jpeg"}],"twitter_card":"summary_large_image","twitter_misc":{"Price":"&euro;45.00","Availability":"Out of stock"},"schema":{"@context":"https:\/\/schema.org","@graph":[{"@type":"WebPage","@id":"https:\/\/mmkriepas.lv\/en\/p\/215-55r18-lassa-competus-h-p-96v-xl-rp-dot21-bridgestone\/","url":"https:\/\/mmkriepas.lv\/en\/p\/215-55r18-lassa-competus-h-p-96v-xl-rp-dot21-bridgestone\/","name":"215\/55R18 Lassa Competus H\/P 96V XL RP DOT21 (Bridgestone) &#8226; MMK Riepas","isPartOf":{"@id":"https:\/\/mmkriepas.lv\/en\/#website"},"primaryImageOfPage":{"@id":"https:\/\/mmkriepas.lv\/en\/p\/215-55r18-lassa-competus-h-p-96v-xl-rp-dot21-bridgestone\/#primaryimage"},"image":{"@id":"https:\/\/mmkriepas.lv\/en\/p\/215-55r18-lassa-competus-h-p-96v-xl-rp-dot21-bridgestone\/#primaryimage"},"thumbnailUrl":"https:\/\/mmkriepas.lv\/wp-content\/uploads\/2025\/04\/21555r18-lassa-competus-hp-96v-xl-rp-dot21-bridgestone-vasaras-riepas.jpg","datePublished":"2024-06-26T07:09:24+00:00","dateModified":"2026-01-23T08:36:25+00:00","breadcrumb":{"@id":"https:\/\/mmkriepas.lv\/en\/p\/215-55r18-lassa-competus-h-p-96v-xl-rp-dot21-bridgestone\/#breadcrumb"},"inLanguage":"en-US","potentialAction":[{"@type":"ReadAction","target":["https:\/\/mmkriepas.lv\/en\/p\/215-55r18-lassa-competus-h-p-96v-xl-rp-dot21-bridgestone\/"]}]},{"@type":"ImageObject","inLanguage":"en-US","@id":"https:\/\/mmkriepas.lv\/en\/p\/215-55r18-lassa-competus-h-p-96v-xl-rp-dot21-bridgestone\/#primaryimage","url":"https:\/\/mmkriepas.lv\/wp-content\/uploads\/2025\/04\/21555r18-lassa-competus-hp-96v-xl-rp-dot21-bridgestone-vasaras-riepas.jpg","contentUrl":"https:\/\/mmkriepas.lv\/wp-content\/uploads\/2025\/04\/21555r18-lassa-competus-hp-96v-xl-rp-dot21-bridgestone-vasaras-riepas.jpg","width":900,"height":720,"caption":"MAIN"},{"@type":"BreadcrumbList","@id":"https:\/\/mmkriepas.lv\/en\/p\/215-55r18-lassa-competus-h-p-96v-xl-rp-dot21-bridgestone\/#breadcrumb","itemListElement":[{"@type":"ListItem","position":1,"name":"S\u0101kums","item":"https:\/\/mmkriepas.lv\/en\/"},{"@type":"ListItem","position":2,"name":"215\/55R18 Lassa Competus H\/P 96V XL RP DOT21 (Bridgestone)"}]},{"@type":"WebSite","@id":"https:\/\/mmkriepas.lv\/en\/#website","url":"https:\/\/mmkriepas.lv\/en\/","name":"MMK Riepas","description":"MMK Riepas","alternateName":"MMK Riepu Serviss","potentialAction":[{"@type":"SearchAction","target":{"@type":"EntryPoint","urlTemplate":"https:\/\/mmkriepas.lv\/en\/?s={search_term_string}"},"query-input":{"@type":"PropertyValueSpecification","valueRequired":true,"valueName":"search_term_string"}}],"inLanguage":"en-US"},{"@type":"ImageObject","inLanguage":"en-US","@id":"https:\/\/mmkriepas.lv\/en\/p\/215-55r18-lassa-competus-h-p-96v-xl-rp-dot21-bridgestone\/#local-main-organization-logo","url":"","contentUrl":"","caption":"MMK Riepas"}]},"product_brand":"Lassa Competus H\/P","product_price_amount":"45.00","product_price_currency":"EUR","og_availability":"out of stock","product_availability":"out of stock","product_retailer_item_id":"TS2155518LASSA-37812","product_condition":"new"},"_links":{"self":[{"href":"https:\/\/mmkriepas.lv\/en\/wp-json\/wp\/v2\/product\/915149","targetHints":{"allow":["GET"]}}],"collection":[{"href":"https:\/\/mmkriepas.lv\/en\/wp-json\/wp\/v2\/product"}],"about":[{"href":"https:\/\/mmkriepas.lv\/en\/wp-json\/wp\/v2\/types\/product"}],"wp:featuredmedia":[{"embeddable":true,"href":"https:\/\/mmkriepas.lv\/en\/wp-json\/wp\/v2\/media\/1213697"}],"wp:attachment":[{"href":"https:\/\/mmkriepas.lv\/en\/wp-json\/wp\/v2\/media?parent=915149"}],"wp:term":[{"taxonomy":"product_brand","embeddable":true,"href":"https:\/\/mmkriepas.lv\/en\/wp-json\/wp\/v2\/product_brand?post=915149"},{"taxonomy":"product_cat","embeddable":true,"href":"https:\/\/mmkriepas.lv\/en\/wp-json\/wp\/v2\/product_cat?post=915149"},{"taxonomy":"product_tag","embeddable":true,"href":"https:\/\/mmkriepas.lv\/en\/wp-json\/wp\/v2\/product_tag?post=915149"}],"curies":[{"name":"wp","href":"https:\/\/api.w.org\/{rel}","templated":true}]}}