{"id":914419,"date":"2024-06-20T13:38:54","date_gmt":"2024-06-20T10:38:54","guid":{"rendered":"https:\/\/mmkserviss.lv\/?post_type=product&#038;p=914419"},"modified":"2026-03-27T23:14:33","modified_gmt":"2026-03-27T21:14:33","slug":"225-45r17-kumho-ecsta-ps71-ev-94w-xl-2","status":"publish","type":"product","link":"https:\/\/mmkriepas.lv\/en\/p\/225-45r17-kumho-ecsta-ps71-ev-94w-xl-2\/","title":{"rendered":"225\/45R17 Kumho ECSTA PS71 EV 94W XL"},"content":{"rendered":"<p class=\"western\"><span style=\"font-family: Arial, sans-serif;\"><strong>Kumho ECSTA PS71 EV<\/strong>\u00a0<\/span><span style=\"font-family: Arial, sans-serif;\">ir augstas kvalit\u0101tes, vid\u0113j\u0101 cenu segmenta vasaras riepu modelis. Tas izce\u013cas ar teicamiem brauk\u0161anas komforta, sa\u0137eres un manevr\u0113tsp\u0113jas r\u0101d\u012bt\u0101jiem pat lielos brauk\u0161anas \u0101trumos. K\u0101 jau p\u0113c <\/span><strong><span style=\"font-family: Arial, sans-serif;\">&#8220;EV&#8221;<\/span><\/strong><span style=\"font-family: Arial, sans-serif;\">\u00a0apz\u012bm\u0113juma nosaukum\u0101 var spriest, \u0161is riepu modelis paredz\u0113ts uzst\u0101d\u012b\u0161anai elektroauto <\/span><strong><span style=\"font-family: Arial, sans-serif;\">(Electric Vehicle)<\/span><\/strong><span style=\"font-family: Arial, sans-serif;\">.\u00a0\u0160is riepu modelis pieejams izm\u0113ru kl\u0101st\u0101 no R18 l\u012bdz R21.<\/span><\/p>\n<h3 class=\"western\"><strong><span style=\"font-family: Arial, sans-serif;\">Kumho ECSTA PS71 EV galven\u0101s \u012bpa\u0161\u012bbas<\/span><\/strong><\/h3>\n<p class=\"western\"><span style=\"font-family: Arial, sans-serif;\">+ Teicama sa\u0137ere un manevr\u0113tsp\u0113ja uz sausa un slapja asfalta pat lielos brauk\u0161anas \u0101trumos.<br \/>+ \u013boti zems akvaplan\u0113\u0161anas risks!<br \/>+ Baterijas (Range) ekonomija.<br \/>+ Palielin\u0101ta nodilumiztur\u012bba.<br \/>+ Speci\u0101li elektroautoma\u0161\u012bn\u0101m izstr\u0101d\u0101ts protektora dizains.<br \/>+ Izteikts akustiskais un brauk\u0161anas gaitas komforts.<\/span><\/p>\n<h3 class=\"western\">\n<\/h3>\n<h3 class=\"western\"><strong><span style=\"font-family: Arial, sans-serif;\"><span>ECSTA PS71 EV apr\u012bkojums<\/span><\/span><\/strong><\/h3>\n<p class=\"western\"><strong><span style=\"font-family: Arial, sans-serif;\">Kumho ECSTA PS71 EV\u00a0<\/span><\/strong><span style=\"font-family: Arial, sans-serif;\">vasaras riepas apr\u012bkotas ar sportiska tipa asimetrisko protektora rakstu. Dizaina elementi taj\u0101 izvietoti t\u0101d\u0101 veid\u0101, lai maksim\u0101li samazin\u0101tu rites pretest\u012bbu, uzlabojot elektroauto baterijas ekonomiju un samazinot trok\u0161\u0146a l\u012bmeni.<\/span><\/p>\n<p class=\"western\"><span style=\"font-family: Arial, sans-serif;\">Asimetriski izvietot\u0101s protektora joslas izgatavotas no nodilumiztur\u012bga un elast\u012bga gumijas sakaus\u0113juma. Tam pievienotie \u0137\u012bmiskie elementi \u013cauj riepai saglab\u0101t formu un nodilumiztur\u012bbas \u012bpa\u0161\u012bbas pat intens\u012bvas ekspluat\u0101cijas apst\u0101k\u013cos.<\/span><\/p>\n<p class=\"western\"><span style=\"font-family: Arial, sans-serif;\">Zems trok\u0161\u0146a l\u012bmenis ir viens no svar\u012bg\u0101kajiem aspektiem, izv\u0113loties riepas elektoautoma\u0161\u012bnai. T\u0101m nav iek\u0161dedzes dzin\u0113ja, t\u0101p\u0113c katrs troksnis ir vair\u0101k dzirdams salon\u0101. T\u0101p\u0113c, Kumho in\u017eenieri ir uzlaboju\u0161i ne tikai riepu protektora dizainu, bet riepas iek\u0161pus\u0113 ir atrodama \u012bpa\u0161a \u0161vamme, kas pal\u012bdz sl\u0101p\u0113t ska\u0146u.<\/span><\/p>\n<p class=\"western\"><span style=\"font-family: Arial, sans-serif;\">Starp protektora josl\u0101m atrodami plati dren\u0101\u017eas jeb \u016bdens novadkan\u0101li. Tie \u0101tri un efekt\u012bvi atbr\u012bvo riepu sa\u0137eres laukumu ar ce\u013cu no \u016bdens, b\u016btiski samazinot akvaplan\u0113\u0161anas risku pat lielos brauk\u0161anas \u0101trumos.<\/span><\/p>\n","protected":false},"excerpt":{"rendered":"<p><span style=\"font-family: Arial, sans-serif;\"><strong>Kumho ECSTA PS71 EV<\/strong>\u00a0<\/span><span style=\"font-family: Arial, sans-serif;\">ir augstas kvalit\u0101tes, vid\u0113j\u0101 cenu segmenta vasaras riepu modelis. Tas izce\u013cas ar teicamiem brauk\u0161anas komforta, sa\u0137eres un manevr\u0113tsp\u0113jas r\u0101d\u012bt\u0101jiem pat lielos brauk\u0161anas \u0101trumos. K\u0101 jau p\u0113c <\/span><strong><span style=\"font-family: Arial, sans-serif;\">&#8220;EV&#8221;<\/span><\/strong><span style=\"font-family: Arial, sans-serif;\">\u00a0apz\u012bm\u0113juma nosaukum\u0101 var spriest, \u0161is riepu modelis paredz\u0113ts uzst\u0101d\u012b\u0161anai elektroauto <\/span><strong><span style=\"font-family: Arial, sans-serif;\">(Electric Vehicle)<\/span><\/strong><span style=\"font-family: Arial, sans-serif;\">.\u00a0\u0160is riepu modelis pieejams izm\u0113ru kl\u0101st\u0101 no R18 l\u012bdz R21.<\/span><\/p>\n","protected":false},"featured_media":887671,"template":"","meta":{"_acf_changed":false,"ngg_post_thumbnail":0},"product_brand":[],"product_cat":[23641],"product_tag":[],"class_list":{"0":"post-914419","1":"product","2":"type-product","3":"status-publish","4":"has-post-thumbnail","6":"product_cat-summer-tyres","8":"first","9":"instock","10":"sale","11":"taxable","12":"shipping-taxable","13":"purchasable","14":"product-type-simple"},"acf":[],"yoast_head":"<!-- This site is optimized with the Yoast SEO Premium plugin v22.6 (Yoast SEO v27.3) - https:\/\/yoast.com\/product\/yoast-seo-premium-wordpress\/ -->\n<title>225\/45R17 Kumho ECSTA PS71 EV 94W XL &#8226; MMK Riepas<\/title>\n<meta name=\"robots\" content=\"index, follow, max-snippet:-1, max-image-preview:large, max-video-preview:-1\" \/>\n<link rel=\"canonical\" href=\"https:\/\/mmkriepas.lv\/en\/p\/225-45r17-kumho-ecsta-ps71-ev-94w-xl-2\/\" \/>\n<meta property=\"og:locale\" content=\"en_US\" \/>\n<meta property=\"og:type\" content=\"article\" \/>\n<meta property=\"og:title\" content=\"225\/45R17 Kumho ECSTA PS71 EV 94W XL\" \/>\n<meta property=\"og:description\" content=\"Kumho ECSTA PS71 EV\u00a0ir augstas kvalit\u0101tes, vid\u0113j\u0101 cenu segmenta vasaras riepu modelis. Tas izce\u013cas ar teicamiem brauk\u0161anas komforta, sa\u0137eres un manevr\u0113tsp\u0113jas r\u0101d\u012bt\u0101jiem pat lielos brauk\u0161anas \u0101trumos. K\u0101 jau p\u0113c &quot;EV&quot;\u00a0apz\u012bm\u0113juma nosaukum\u0101 var spriest, \u0161is riepu modelis paredz\u0113ts uzst\u0101d\u012b\u0161anai elektroauto (Electric Vehicle).\u00a0\u0160is riepu modelis pieejams izm\u0113ru kl\u0101st\u0101 no R18 l\u012bdz R21.\" \/>\n<meta property=\"og:url\" content=\"https:\/\/mmkriepas.lv\/en\/p\/225-45r17-kumho-ecsta-ps71-ev-94w-xl-2\/\" \/>\n<meta property=\"og:site_name\" content=\"MMK Riepas\" \/>\n<meta property=\"article:publisher\" content=\"https:\/\/www.facebook.com\/mmkserviss\/\" \/>\n<meta property=\"article:modified_time\" content=\"2026-03-27T21:14:33+00:00\" \/>\n<meta property=\"og:image\" content=\"https:\/\/mmkriepas.lv\/wp-content\/uploads\/2024\/04\/22555r19-kumho-ecsta-ps71-ev-103y-xl-copy.jpg\" \/>\n\t<meta property=\"og:image:width\" content=\"1000\" \/>\n\t<meta property=\"og:image:height\" content=\"750\" \/>\n\t<meta property=\"og:image:type\" content=\"image\/jpeg\" \/>\n<meta name=\"twitter:card\" content=\"summary_large_image\" \/>\n<meta name=\"twitter:label1\" content=\"Price\" \/>\n\t<meta name=\"twitter:data1\" content=\"&euro;79.00\" \/>\n\t<meta name=\"twitter:label2\" content=\"Availability\" \/>\n\t<meta name=\"twitter:data2\" content=\"In stock\" \/>\n<script type=\"application\/ld+json\" class=\"yoast-schema-graph\">{\"@context\":\"https:\\\/\\\/schema.org\",\"@graph\":[{\"@type\":\"WebPage\",\"@id\":\"https:\\\/\\\/mmkriepas.lv\\\/en\\\/p\\\/225-45r17-kumho-ecsta-ps71-ev-94w-xl-2\\\/\",\"url\":\"https:\\\/\\\/mmkriepas.lv\\\/en\\\/p\\\/225-45r17-kumho-ecsta-ps71-ev-94w-xl-2\\\/\",\"name\":\"225\\\/45R17 Kumho ECSTA PS71 EV 94W XL &#8226; MMK Riepas\",\"isPartOf\":{\"@id\":\"https:\\\/\\\/mmkriepas.lv\\\/en\\\/#website\"},\"primaryImageOfPage\":{\"@id\":\"https:\\\/\\\/mmkriepas.lv\\\/en\\\/p\\\/225-45r17-kumho-ecsta-ps71-ev-94w-xl-2\\\/#primaryimage\"},\"image\":{\"@id\":\"https:\\\/\\\/mmkriepas.lv\\\/en\\\/p\\\/225-45r17-kumho-ecsta-ps71-ev-94w-xl-2\\\/#primaryimage\"},\"thumbnailUrl\":\"https:\\\/\\\/mmkriepas.lv\\\/wp-content\\\/uploads\\\/2024\\\/04\\\/22555r19-kumho-ecsta-ps71-ev-103y-xl-copy.jpg\",\"datePublished\":\"2024-06-20T10:38:54+00:00\",\"dateModified\":\"2026-03-27T21:14:33+00:00\",\"breadcrumb\":{\"@id\":\"https:\\\/\\\/mmkriepas.lv\\\/en\\\/p\\\/225-45r17-kumho-ecsta-ps71-ev-94w-xl-2\\\/#breadcrumb\"},\"inLanguage\":\"en-US\",\"potentialAction\":[{\"@type\":\"ReadAction\",\"target\":[\"https:\\\/\\\/mmkriepas.lv\\\/en\\\/p\\\/225-45r17-kumho-ecsta-ps71-ev-94w-xl-2\\\/\"]}]},{\"@type\":\"ImageObject\",\"inLanguage\":\"en-US\",\"@id\":\"https:\\\/\\\/mmkriepas.lv\\\/en\\\/p\\\/225-45r17-kumho-ecsta-ps71-ev-94w-xl-2\\\/#primaryimage\",\"url\":\"https:\\\/\\\/mmkriepas.lv\\\/wp-content\\\/uploads\\\/2024\\\/04\\\/22555r19-kumho-ecsta-ps71-ev-103y-xl-copy.jpg\",\"contentUrl\":\"https:\\\/\\\/mmkriepas.lv\\\/wp-content\\\/uploads\\\/2024\\\/04\\\/22555r19-kumho-ecsta-ps71-ev-103y-xl-copy.jpg\",\"width\":1000,\"height\":750,\"caption\":\"MAIN\"},{\"@type\":\"BreadcrumbList\",\"@id\":\"https:\\\/\\\/mmkriepas.lv\\\/en\\\/p\\\/225-45r17-kumho-ecsta-ps71-ev-94w-xl-2\\\/#breadcrumb\",\"itemListElement\":[{\"@type\":\"ListItem\",\"position\":1,\"name\":\"S\u0101kums\",\"item\":\"https:\\\/\\\/mmkriepas.lv\\\/en\\\/\"},{\"@type\":\"ListItem\",\"position\":2,\"name\":\"225\\\/45R17 Kumho ECSTA PS71 EV 94W XL\"}]},{\"@type\":\"WebSite\",\"@id\":\"https:\\\/\\\/mmkriepas.lv\\\/en\\\/#website\",\"url\":\"https:\\\/\\\/mmkriepas.lv\\\/en\\\/\",\"name\":\"MMK Riepas\",\"description\":\"MMK Riepas\",\"alternateName\":\"MMK Riepu Serviss\",\"potentialAction\":[{\"@type\":\"SearchAction\",\"target\":{\"@type\":\"EntryPoint\",\"urlTemplate\":\"https:\\\/\\\/mmkriepas.lv\\\/en\\\/?s={search_term_string}\"},\"query-input\":{\"@type\":\"PropertyValueSpecification\",\"valueRequired\":true,\"valueName\":\"search_term_string\"}}],\"inLanguage\":\"en-US\"},{\"@type\":\"ImageObject\",\"inLanguage\":\"en-US\",\"@id\":\"https:\\\/\\\/mmkriepas.lv\\\/en\\\/p\\\/225-45r17-kumho-ecsta-ps71-ev-94w-xl-2\\\/#local-main-organization-logo\",\"url\":\"\",\"contentUrl\":\"\",\"caption\":\"MMK Riepas\"}]}<\/script>\n<meta property=\"product:brand\" content=\"Kumho ECSTA PS71 EV\" \/>\n<meta property=\"product:price:amount\" content=\"79.00\" \/>\n<meta property=\"product:price:currency\" content=\"EUR\" \/>\n<meta property=\"og:availability\" content=\"instock\" \/>\n<meta property=\"product:availability\" content=\"instock\" \/>\n<meta property=\"product:retailer_item_id\" content=\"TS2254517KUMHO-37823\" \/>\n<meta property=\"product:condition\" content=\"new\" \/>\n<!-- \/ Yoast SEO Premium plugin. -->","yoast_head_json":{"title":"225\/45R17 Kumho ECSTA PS71 EV 94W XL &#8226; MMK Riepas","robots":{"index":"index","follow":"follow","max-snippet":"max-snippet:-1","max-image-preview":"max-image-preview:large","max-video-preview":"max-video-preview:-1"},"canonical":"https:\/\/mmkriepas.lv\/en\/p\/225-45r17-kumho-ecsta-ps71-ev-94w-xl-2\/","og_locale":"en_US","og_type":"article","og_title":"225\/45R17 Kumho ECSTA PS71 EV 94W XL","og_description":"Kumho ECSTA PS71 EV\u00a0ir augstas kvalit\u0101tes, vid\u0113j\u0101 cenu segmenta vasaras riepu modelis. Tas izce\u013cas ar teicamiem brauk\u0161anas komforta, sa\u0137eres un manevr\u0113tsp\u0113jas r\u0101d\u012bt\u0101jiem pat lielos brauk\u0161anas \u0101trumos. K\u0101 jau p\u0113c \"EV\"\u00a0apz\u012bm\u0113juma nosaukum\u0101 var spriest, \u0161is riepu modelis paredz\u0113ts uzst\u0101d\u012b\u0161anai elektroauto (Electric Vehicle).\u00a0\u0160is riepu modelis pieejams izm\u0113ru kl\u0101st\u0101 no R18 l\u012bdz R21.","og_url":"https:\/\/mmkriepas.lv\/en\/p\/225-45r17-kumho-ecsta-ps71-ev-94w-xl-2\/","og_site_name":"MMK Riepas","article_publisher":"https:\/\/www.facebook.com\/mmkserviss\/","article_modified_time":"2026-03-27T21:14:33+00:00","og_image":[{"width":1000,"height":750,"url":"https:\/\/mmkriepas.lv\/wp-content\/uploads\/2024\/04\/22555r19-kumho-ecsta-ps71-ev-103y-xl-copy.jpg","type":"image\/jpeg"}],"twitter_card":"summary_large_image","twitter_misc":{"Price":"&euro;79.00","Availability":"In stock"},"schema":{"@context":"https:\/\/schema.org","@graph":[{"@type":"WebPage","@id":"https:\/\/mmkriepas.lv\/en\/p\/225-45r17-kumho-ecsta-ps71-ev-94w-xl-2\/","url":"https:\/\/mmkriepas.lv\/en\/p\/225-45r17-kumho-ecsta-ps71-ev-94w-xl-2\/","name":"225\/45R17 Kumho ECSTA PS71 EV 94W XL &#8226; MMK Riepas","isPartOf":{"@id":"https:\/\/mmkriepas.lv\/en\/#website"},"primaryImageOfPage":{"@id":"https:\/\/mmkriepas.lv\/en\/p\/225-45r17-kumho-ecsta-ps71-ev-94w-xl-2\/#primaryimage"},"image":{"@id":"https:\/\/mmkriepas.lv\/en\/p\/225-45r17-kumho-ecsta-ps71-ev-94w-xl-2\/#primaryimage"},"thumbnailUrl":"https:\/\/mmkriepas.lv\/wp-content\/uploads\/2024\/04\/22555r19-kumho-ecsta-ps71-ev-103y-xl-copy.jpg","datePublished":"2024-06-20T10:38:54+00:00","dateModified":"2026-03-27T21:14:33+00:00","breadcrumb":{"@id":"https:\/\/mmkriepas.lv\/en\/p\/225-45r17-kumho-ecsta-ps71-ev-94w-xl-2\/#breadcrumb"},"inLanguage":"en-US","potentialAction":[{"@type":"ReadAction","target":["https:\/\/mmkriepas.lv\/en\/p\/225-45r17-kumho-ecsta-ps71-ev-94w-xl-2\/"]}]},{"@type":"ImageObject","inLanguage":"en-US","@id":"https:\/\/mmkriepas.lv\/en\/p\/225-45r17-kumho-ecsta-ps71-ev-94w-xl-2\/#primaryimage","url":"https:\/\/mmkriepas.lv\/wp-content\/uploads\/2024\/04\/22555r19-kumho-ecsta-ps71-ev-103y-xl-copy.jpg","contentUrl":"https:\/\/mmkriepas.lv\/wp-content\/uploads\/2024\/04\/22555r19-kumho-ecsta-ps71-ev-103y-xl-copy.jpg","width":1000,"height":750,"caption":"MAIN"},{"@type":"BreadcrumbList","@id":"https:\/\/mmkriepas.lv\/en\/p\/225-45r17-kumho-ecsta-ps71-ev-94w-xl-2\/#breadcrumb","itemListElement":[{"@type":"ListItem","position":1,"name":"S\u0101kums","item":"https:\/\/mmkriepas.lv\/en\/"},{"@type":"ListItem","position":2,"name":"225\/45R17 Kumho ECSTA PS71 EV 94W XL"}]},{"@type":"WebSite","@id":"https:\/\/mmkriepas.lv\/en\/#website","url":"https:\/\/mmkriepas.lv\/en\/","name":"MMK Riepas","description":"MMK Riepas","alternateName":"MMK Riepu Serviss","potentialAction":[{"@type":"SearchAction","target":{"@type":"EntryPoint","urlTemplate":"https:\/\/mmkriepas.lv\/en\/?s={search_term_string}"},"query-input":{"@type":"PropertyValueSpecification","valueRequired":true,"valueName":"search_term_string"}}],"inLanguage":"en-US"},{"@type":"ImageObject","inLanguage":"en-US","@id":"https:\/\/mmkriepas.lv\/en\/p\/225-45r17-kumho-ecsta-ps71-ev-94w-xl-2\/#local-main-organization-logo","url":"","contentUrl":"","caption":"MMK Riepas"}]},"product_brand":"Kumho ECSTA PS71 EV","product_price_amount":"79.00","product_price_currency":"EUR","og_availability":"instock","product_availability":"instock","product_retailer_item_id":"TS2254517KUMHO-37823","product_condition":"new"},"_links":{"self":[{"href":"https:\/\/mmkriepas.lv\/en\/wp-json\/wp\/v2\/product\/914419","targetHints":{"allow":["GET"]}}],"collection":[{"href":"https:\/\/mmkriepas.lv\/en\/wp-json\/wp\/v2\/product"}],"about":[{"href":"https:\/\/mmkriepas.lv\/en\/wp-json\/wp\/v2\/types\/product"}],"wp:featuredmedia":[{"embeddable":true,"href":"https:\/\/mmkriepas.lv\/en\/wp-json\/wp\/v2\/media\/887671"}],"wp:attachment":[{"href":"https:\/\/mmkriepas.lv\/en\/wp-json\/wp\/v2\/media?parent=914419"}],"wp:term":[{"taxonomy":"product_brand","embeddable":true,"href":"https:\/\/mmkriepas.lv\/en\/wp-json\/wp\/v2\/product_brand?post=914419"},{"taxonomy":"product_cat","embeddable":true,"href":"https:\/\/mmkriepas.lv\/en\/wp-json\/wp\/v2\/product_cat?post=914419"},{"taxonomy":"product_tag","embeddable":true,"href":"https:\/\/mmkriepas.lv\/en\/wp-json\/wp\/v2\/product_tag?post=914419"}],"curies":[{"name":"wp","href":"https:\/\/api.w.org\/{rel}","templated":true}]}}