{"id":910536,"date":"2024-06-07T20:24:31","date_gmt":"2024-06-07T17:24:31","guid":{"rendered":"https:\/\/mmkserviss.lv\/?post_type=product&#038;p=910536"},"modified":"2026-03-27T14:07:21","modified_gmt":"2026-03-27T12:07:21","slug":"255-40r19-sailun-atrezzo-zsr2-100y-xl","status":"publish","type":"product","link":"https:\/\/mmkriepas.lv\/en\/p\/255-40r19-sailun-atrezzo-zsr2-100y-xl\/","title":{"rendered":"255\/40R19 Sailun Atrezzo ZSR2 100Y XL RP"},"content":{"rendered":"<p><strong>Sailun Atrezzo ZSR2<\/strong> ir jaun\u0101kais Sailun vasaras riepu modelis. Tas izce\u013cas ar teicamiem sa\u0137eres r\u0101d\u012bt\u0101jiem gan uz sausa, gan slapja asfalta, k\u0101 ar\u012b augstu brauk\u0161anas komfortu. Paredz\u0113ts gan sportiskai, gan mier\u012bgai brauk\u0161anai vasaras apst\u0101k\u013cos un piem\u0113rots gan vieglaj\u0101m automa\u0161\u012bn\u0101m, gan krosoveriem.\u00a0<\/p>\n<p><strong>Atrezzo ZSR2 galven\u0101s iez\u012bmes<\/strong><\/p>\n<p>+ Teicama sa\u0137ere gan ar sausu, gan slapju asfaltu pat lielos brauk\u0161anas \u0101trumos.<\/p>\n<p>+ Izteikts akustiskais un brauk\u0161anas komforts.<\/p>\n<p>+ Pazemin\u0101ts akvaplan\u0113\u0161anas risks.<\/p>\n<p>+ Degvielas ekonomija!<\/p>\n<p>+ Palielin\u0101ta nodilumiztur\u012bba.<\/p>\n<p><strong>Atrezzo ZSR2 apr\u012bkojums<\/strong><\/p>\n<p><strong>Sailun Atrezzo ZSR2 <\/strong>vasaras riepas apr\u012bkotas ar jauna dizaina asimetrisko protektora rakstu. Riepu gareniskaj\u0101s protektora josl\u0101s iestr\u0101d\u0101ti dzi\u013ci iegriezumi jeb lameles ar as\u0101m kant\u0113m. T\u0101s pal\u012bdz izvad\u012bt \u016bdeni no riepu kontakta virsmas ar ce\u013cu, samazinot akvaplan\u0113\u0161anas risku, k\u0101 ar\u012b nodro\u0161ina vienm\u0113r\u012bg\u0101ku nodilumu.<\/p>\n<p>Riepas konstrukcijai izmantoti jauni tehnolo\u0123iskie risin\u0101jumi, padarot riepu viegl\u0101ku un iztur\u012bg\u0101ku. Riepas svars b\u016btiski ietekm\u0113 degvielas pat\u0113ri\u0146u, ta\u010du iztur\u012bga konstrukcija pal\u012bdz\u0113s c\u012b\u0146\u0101 ar nekvalitat\u012bvu ce\u013ca segumu. Iztur\u012bgais karkass iet\u0113rpts ar elastrom\u0113riem bag\u0101t\u0101 gumijas sakaus\u0113jum\u0101. Tam pievienotie elementi vienlaikus pal\u012bdz absorb\u0113t \u016bdeni, sl\u0101p\u0113t ska\u0146u un riepai nesakarst, braucot dinamiski.\u00a0<\/p>\n<p><strong>\u010cetras taisnas\u00a0 garenrievas<\/strong>, kas sav\u0101 starp\u0101 savienotas ar sl\u012bpi izvietotiem maz\u0101kiem iegriezumiem, palielina sa\u0137eri ar slapju ce\u013ca segumu, efekt\u012bvi izspie\u017eot un novadot \u016bdeni. Vienk\u0101r\u0161s zigzag\u0101 izvietots sl\u0101\u0146a rievas dizains padara modeli dinamisk\u0101ku. \u0100r\u0113j\u0101s malas dizains\u00a0 ne tikai <strong>uzlabo riepas bortu stingr\u012bbu<\/strong>, bet ar\u012b uzlabo kop\u0113jo vad\u012bbu. Iek\u0161malas izstr\u0101d\u0101tais raksts pal\u012bdz nodro\u0161in\u0101t <strong>efekt\u012bvu \u016bdens novadi<\/strong>, tikm\u0113r \u0101rmal\u0101 izvietotie protektora elementi pied\u0101v\u0101 izcilu vad\u012bbu ieg\u016bstot optim\u0101lu brauk\u0161anas veiktsp\u0113ju.<\/p>\n","protected":false},"excerpt":{"rendered":"<p><strong>Sailun Atrezzo ZSR2<\/strong> ir jaun\u0101kais Sailun vasaras riepu modelis. Tas izce\u013cas ar teicamiem sa\u0137eres r\u0101d\u012bt\u0101jiem gan uz sausa, gan slapja asfalta, k\u0101 ar\u012b augstu brauk\u0161anas komfortu. Paredz\u0113ts gan sportiskai, gan mier\u012bgai brauk\u0161anai vasaras apst\u0101k\u013cos un piem\u0113rots gan vieglaj\u0101m automa\u0161\u012bn\u0101m, gan krosoveriem.<\/p>\n","protected":false},"featured_media":1196850,"template":"","meta":{"_acf_changed":false,"ngg_post_thumbnail":0},"product_brand":[],"product_cat":[46],"product_tag":[],"class_list":{"0":"post-910536","1":"product","2":"type-product","3":"status-publish","4":"has-post-thumbnail","6":"product_cat-vasaras-riepas","8":"first","9":"instock","10":"sale","11":"taxable","12":"shipping-taxable","13":"purchasable","14":"product-type-simple"},"acf":[],"yoast_head":"<!-- This site is optimized with the Yoast SEO Premium plugin v22.6 (Yoast SEO v27.3) - https:\/\/yoast.com\/product\/yoast-seo-premium-wordpress\/ -->\n<title>255\/40R19 Sailun Atrezzo ZSR2 100Y XL RP &#8226; MMK Riepas<\/title>\n<meta name=\"robots\" content=\"index, follow, max-snippet:-1, max-image-preview:large, max-video-preview:-1\" \/>\n<link rel=\"canonical\" href=\"https:\/\/mmkriepas.lv\/en\/p\/255-40r19-sailun-atrezzo-zsr2-100y-xl\/\" \/>\n<meta property=\"og:locale\" content=\"en_US\" \/>\n<meta property=\"og:type\" content=\"article\" \/>\n<meta property=\"og:title\" content=\"255\/40R19 Sailun Atrezzo ZSR2 100Y XL RP\" \/>\n<meta property=\"og:description\" content=\"Sailun Atrezzo ZSR2 ir jaun\u0101kais Sailun vasaras riepu modelis. Tas izce\u013cas ar teicamiem sa\u0137eres r\u0101d\u012bt\u0101jiem gan uz sausa, gan slapja asfalta, k\u0101 ar\u012b augstu brauk\u0161anas komfortu. Paredz\u0113ts gan sportiskai, gan mier\u012bgai brauk\u0161anai vasaras apst\u0101k\u013cos un piem\u0113rots gan vieglaj\u0101m automa\u0161\u012bn\u0101m, gan krosoveriem.\" \/>\n<meta property=\"og:url\" content=\"https:\/\/mmkriepas.lv\/en\/p\/255-40r19-sailun-atrezzo-zsr2-100y-xl\/\" \/>\n<meta property=\"og:site_name\" content=\"MMK Riepas\" \/>\n<meta property=\"article:publisher\" content=\"https:\/\/www.facebook.com\/mmkserviss\/\" \/>\n<meta property=\"article:modified_time\" content=\"2026-03-27T12:07:21+00:00\" \/>\n<meta property=\"og:image\" content=\"https:\/\/mmkriepas.lv\/wp-content\/uploads\/2025\/03\/22535r20-sailun-atrezzo-zsr2-90y-xl-ecopoint3-vasaras-riepas.jpg\" \/>\n\t<meta property=\"og:image:width\" content=\"900\" \/>\n\t<meta property=\"og:image:height\" content=\"720\" \/>\n\t<meta property=\"og:image:type\" content=\"image\/jpeg\" \/>\n<meta name=\"twitter:card\" content=\"summary_large_image\" \/>\n<meta name=\"twitter:label1\" content=\"Price\" \/>\n\t<meta name=\"twitter:data1\" content=\"&euro;98.00\" \/>\n\t<meta name=\"twitter:label2\" content=\"Availability\" \/>\n\t<meta name=\"twitter:data2\" content=\"In stock\" \/>\n<script type=\"application\/ld+json\" class=\"yoast-schema-graph\">{\"@context\":\"https:\\\/\\\/schema.org\",\"@graph\":[{\"@type\":\"WebPage\",\"@id\":\"https:\\\/\\\/mmkriepas.lv\\\/en\\\/p\\\/255-40r19-sailun-atrezzo-zsr2-100y-xl\\\/\",\"url\":\"https:\\\/\\\/mmkriepas.lv\\\/en\\\/p\\\/255-40r19-sailun-atrezzo-zsr2-100y-xl\\\/\",\"name\":\"255\\\/40R19 Sailun Atrezzo ZSR2 100Y XL RP &#8226; MMK Riepas\",\"isPartOf\":{\"@id\":\"https:\\\/\\\/mmkriepas.lv\\\/en\\\/#website\"},\"primaryImageOfPage\":{\"@id\":\"https:\\\/\\\/mmkriepas.lv\\\/en\\\/p\\\/255-40r19-sailun-atrezzo-zsr2-100y-xl\\\/#primaryimage\"},\"image\":{\"@id\":\"https:\\\/\\\/mmkriepas.lv\\\/en\\\/p\\\/255-40r19-sailun-atrezzo-zsr2-100y-xl\\\/#primaryimage\"},\"thumbnailUrl\":\"https:\\\/\\\/mmkriepas.lv\\\/wp-content\\\/uploads\\\/2025\\\/03\\\/22535r20-sailun-atrezzo-zsr2-90y-xl-ecopoint3-vasaras-riepas.jpg\",\"datePublished\":\"2024-06-07T17:24:31+00:00\",\"dateModified\":\"2026-03-27T12:07:21+00:00\",\"breadcrumb\":{\"@id\":\"https:\\\/\\\/mmkriepas.lv\\\/en\\\/p\\\/255-40r19-sailun-atrezzo-zsr2-100y-xl\\\/#breadcrumb\"},\"inLanguage\":\"en-US\",\"potentialAction\":[{\"@type\":\"ReadAction\",\"target\":[\"https:\\\/\\\/mmkriepas.lv\\\/en\\\/p\\\/255-40r19-sailun-atrezzo-zsr2-100y-xl\\\/\"]}]},{\"@type\":\"ImageObject\",\"inLanguage\":\"en-US\",\"@id\":\"https:\\\/\\\/mmkriepas.lv\\\/en\\\/p\\\/255-40r19-sailun-atrezzo-zsr2-100y-xl\\\/#primaryimage\",\"url\":\"https:\\\/\\\/mmkriepas.lv\\\/wp-content\\\/uploads\\\/2025\\\/03\\\/22535r20-sailun-atrezzo-zsr2-90y-xl-ecopoint3-vasaras-riepas.jpg\",\"contentUrl\":\"https:\\\/\\\/mmkriepas.lv\\\/wp-content\\\/uploads\\\/2025\\\/03\\\/22535r20-sailun-atrezzo-zsr2-90y-xl-ecopoint3-vasaras-riepas.jpg\",\"width\":900,\"height\":720,\"caption\":\"MAIN\"},{\"@type\":\"BreadcrumbList\",\"@id\":\"https:\\\/\\\/mmkriepas.lv\\\/en\\\/p\\\/255-40r19-sailun-atrezzo-zsr2-100y-xl\\\/#breadcrumb\",\"itemListElement\":[{\"@type\":\"ListItem\",\"position\":1,\"name\":\"S\u0101kums\",\"item\":\"https:\\\/\\\/mmkriepas.lv\\\/en\\\/\"},{\"@type\":\"ListItem\",\"position\":2,\"name\":\"255\\\/40R19 Sailun Atrezzo ZSR2 100Y XL RP\"}]},{\"@type\":\"WebSite\",\"@id\":\"https:\\\/\\\/mmkriepas.lv\\\/en\\\/#website\",\"url\":\"https:\\\/\\\/mmkriepas.lv\\\/en\\\/\",\"name\":\"MMK Riepas\",\"description\":\"MMK Riepas\",\"alternateName\":\"MMK Riepu Serviss\",\"potentialAction\":[{\"@type\":\"SearchAction\",\"target\":{\"@type\":\"EntryPoint\",\"urlTemplate\":\"https:\\\/\\\/mmkriepas.lv\\\/en\\\/?s={search_term_string}\"},\"query-input\":{\"@type\":\"PropertyValueSpecification\",\"valueRequired\":true,\"valueName\":\"search_term_string\"}}],\"inLanguage\":\"en-US\"},{\"@type\":\"ImageObject\",\"inLanguage\":\"en-US\",\"@id\":\"https:\\\/\\\/mmkriepas.lv\\\/en\\\/p\\\/255-40r19-sailun-atrezzo-zsr2-100y-xl\\\/#local-main-organization-logo\",\"url\":\"\",\"contentUrl\":\"\",\"caption\":\"MMK Riepas\"}]}<\/script>\n<meta property=\"product:brand\" content=\"Sailun Atrezzo ZSR2\" \/>\n<meta property=\"product:price:amount\" content=\"98.00\" \/>\n<meta property=\"product:price:currency\" content=\"EUR\" \/>\n<meta property=\"og:availability\" content=\"instock\" \/>\n<meta property=\"product:availability\" content=\"instock\" \/>\n<meta property=\"product:retailer_item_id\" content=\"TS2554019SAILU-L37664\" \/>\n<meta property=\"product:condition\" content=\"new\" \/>\n<!-- \/ Yoast SEO Premium plugin. -->","yoast_head_json":{"title":"255\/40R19 Sailun Atrezzo ZSR2 100Y XL RP &#8226; MMK Riepas","robots":{"index":"index","follow":"follow","max-snippet":"max-snippet:-1","max-image-preview":"max-image-preview:large","max-video-preview":"max-video-preview:-1"},"canonical":"https:\/\/mmkriepas.lv\/en\/p\/255-40r19-sailun-atrezzo-zsr2-100y-xl\/","og_locale":"en_US","og_type":"article","og_title":"255\/40R19 Sailun Atrezzo ZSR2 100Y XL RP","og_description":"Sailun Atrezzo ZSR2 ir jaun\u0101kais Sailun vasaras riepu modelis. Tas izce\u013cas ar teicamiem sa\u0137eres r\u0101d\u012bt\u0101jiem gan uz sausa, gan slapja asfalta, k\u0101 ar\u012b augstu brauk\u0161anas komfortu. Paredz\u0113ts gan sportiskai, gan mier\u012bgai brauk\u0161anai vasaras apst\u0101k\u013cos un piem\u0113rots gan vieglaj\u0101m automa\u0161\u012bn\u0101m, gan krosoveriem.","og_url":"https:\/\/mmkriepas.lv\/en\/p\/255-40r19-sailun-atrezzo-zsr2-100y-xl\/","og_site_name":"MMK Riepas","article_publisher":"https:\/\/www.facebook.com\/mmkserviss\/","article_modified_time":"2026-03-27T12:07:21+00:00","og_image":[{"width":900,"height":720,"url":"https:\/\/mmkriepas.lv\/wp-content\/uploads\/2025\/03\/22535r20-sailun-atrezzo-zsr2-90y-xl-ecopoint3-vasaras-riepas.jpg","type":"image\/jpeg"}],"twitter_card":"summary_large_image","twitter_misc":{"Price":"&euro;98.00","Availability":"In stock"},"schema":{"@context":"https:\/\/schema.org","@graph":[{"@type":"WebPage","@id":"https:\/\/mmkriepas.lv\/en\/p\/255-40r19-sailun-atrezzo-zsr2-100y-xl\/","url":"https:\/\/mmkriepas.lv\/en\/p\/255-40r19-sailun-atrezzo-zsr2-100y-xl\/","name":"255\/40R19 Sailun Atrezzo ZSR2 100Y XL RP &#8226; MMK Riepas","isPartOf":{"@id":"https:\/\/mmkriepas.lv\/en\/#website"},"primaryImageOfPage":{"@id":"https:\/\/mmkriepas.lv\/en\/p\/255-40r19-sailun-atrezzo-zsr2-100y-xl\/#primaryimage"},"image":{"@id":"https:\/\/mmkriepas.lv\/en\/p\/255-40r19-sailun-atrezzo-zsr2-100y-xl\/#primaryimage"},"thumbnailUrl":"https:\/\/mmkriepas.lv\/wp-content\/uploads\/2025\/03\/22535r20-sailun-atrezzo-zsr2-90y-xl-ecopoint3-vasaras-riepas.jpg","datePublished":"2024-06-07T17:24:31+00:00","dateModified":"2026-03-27T12:07:21+00:00","breadcrumb":{"@id":"https:\/\/mmkriepas.lv\/en\/p\/255-40r19-sailun-atrezzo-zsr2-100y-xl\/#breadcrumb"},"inLanguage":"en-US","potentialAction":[{"@type":"ReadAction","target":["https:\/\/mmkriepas.lv\/en\/p\/255-40r19-sailun-atrezzo-zsr2-100y-xl\/"]}]},{"@type":"ImageObject","inLanguage":"en-US","@id":"https:\/\/mmkriepas.lv\/en\/p\/255-40r19-sailun-atrezzo-zsr2-100y-xl\/#primaryimage","url":"https:\/\/mmkriepas.lv\/wp-content\/uploads\/2025\/03\/22535r20-sailun-atrezzo-zsr2-90y-xl-ecopoint3-vasaras-riepas.jpg","contentUrl":"https:\/\/mmkriepas.lv\/wp-content\/uploads\/2025\/03\/22535r20-sailun-atrezzo-zsr2-90y-xl-ecopoint3-vasaras-riepas.jpg","width":900,"height":720,"caption":"MAIN"},{"@type":"BreadcrumbList","@id":"https:\/\/mmkriepas.lv\/en\/p\/255-40r19-sailun-atrezzo-zsr2-100y-xl\/#breadcrumb","itemListElement":[{"@type":"ListItem","position":1,"name":"S\u0101kums","item":"https:\/\/mmkriepas.lv\/en\/"},{"@type":"ListItem","position":2,"name":"255\/40R19 Sailun Atrezzo ZSR2 100Y XL RP"}]},{"@type":"WebSite","@id":"https:\/\/mmkriepas.lv\/en\/#website","url":"https:\/\/mmkriepas.lv\/en\/","name":"MMK Riepas","description":"MMK Riepas","alternateName":"MMK Riepu Serviss","potentialAction":[{"@type":"SearchAction","target":{"@type":"EntryPoint","urlTemplate":"https:\/\/mmkriepas.lv\/en\/?s={search_term_string}"},"query-input":{"@type":"PropertyValueSpecification","valueRequired":true,"valueName":"search_term_string"}}],"inLanguage":"en-US"},{"@type":"ImageObject","inLanguage":"en-US","@id":"https:\/\/mmkriepas.lv\/en\/p\/255-40r19-sailun-atrezzo-zsr2-100y-xl\/#local-main-organization-logo","url":"","contentUrl":"","caption":"MMK Riepas"}]},"product_brand":"Sailun Atrezzo ZSR2","product_price_amount":"98.00","product_price_currency":"EUR","og_availability":"instock","product_availability":"instock","product_retailer_item_id":"TS2554019SAILU-L37664","product_condition":"new"},"_links":{"self":[{"href":"https:\/\/mmkriepas.lv\/en\/wp-json\/wp\/v2\/product\/910536","targetHints":{"allow":["GET"]}}],"collection":[{"href":"https:\/\/mmkriepas.lv\/en\/wp-json\/wp\/v2\/product"}],"about":[{"href":"https:\/\/mmkriepas.lv\/en\/wp-json\/wp\/v2\/types\/product"}],"wp:featuredmedia":[{"embeddable":true,"href":"https:\/\/mmkriepas.lv\/en\/wp-json\/wp\/v2\/media\/1196850"}],"wp:attachment":[{"href":"https:\/\/mmkriepas.lv\/en\/wp-json\/wp\/v2\/media?parent=910536"}],"wp:term":[{"taxonomy":"product_brand","embeddable":true,"href":"https:\/\/mmkriepas.lv\/en\/wp-json\/wp\/v2\/product_brand?post=910536"},{"taxonomy":"product_cat","embeddable":true,"href":"https:\/\/mmkriepas.lv\/en\/wp-json\/wp\/v2\/product_cat?post=910536"},{"taxonomy":"product_tag","embeddable":true,"href":"https:\/\/mmkriepas.lv\/en\/wp-json\/wp\/v2\/product_tag?post=910536"}],"curies":[{"name":"wp","href":"https:\/\/api.w.org\/{rel}","templated":true}]}}