{"id":905307,"date":"2024-05-28T19:53:55","date_gmt":"2024-05-28T16:53:55","guid":{"rendered":"https:\/\/mmkserviss.lv\/?post_type=product&#038;p=905307"},"modified":"2026-04-05T21:17:51","modified_gmt":"2026-04-05T18:17:51","slug":"255-60r17-maxtrek-sierra-s6-106h","status":"publish","type":"product","link":"https:\/\/mmkriepas.lv\/en\/p\/255-60r17-maxtrek-sierra-s6-106h\/","title":{"rendered":"255\/60R17 Maxtrek Sierra S6 106H"},"content":{"rendered":"<p><strong>Maxtrek Sierra S6 <\/strong>ir labs bud\u017eeta klases Highway Terrain vasaras riepu modelis. Tas izce\u013cas ar labiem sa\u0137eres r\u0101d\u012bt\u0101jiem gan uz sausa un slapja asfalta, gan uz grants ce\u013ciem. Piem\u0113rots gan vieglaj\u0101m, gan apvidus automa\u0161\u012bn\u0101m jeb SUV un pieejams pla\u0161\u0101 izm\u0113ru kl\u0101st\u0101 no R15, l\u012bdz pat R21.<\/p>\n<p><strong>Maxtrek Sierra S6 galven\u0101s iez\u012bmes<\/strong><\/p>\n<p>+ Labas sa\u0137eres \u012bpa\u0161\u012bbas gan uz sausa un slapja asfalta, gan uz grants ce\u013ciem.<\/p>\n<p>+ Palielin\u0101ta nodilumiztur\u012bba.<\/p>\n<p>+ Zems akvaplan\u0113\u0161anas risks.<\/p>\n<p><strong>+ Kvalit\u0101te atbilst cenai!<\/strong><\/p>\n<p><strong>Sierra S6 apr\u012bkojums<\/strong><\/p>\n<p><strong>Maxtrek Sierra S6 <\/strong>vasaras riepas apr\u012bkotas ar asimetrisku protektora rakstu. Tam palielin\u0101ts protektora bloku skaits, rezult\u0113joties liel\u0101k\u0101 sa\u0137eres kan\u0161u skait\u0101. \u0160is faktors iev\u0113rojami uzlabo riepu sa\u0137eri un manevr\u0113tsp\u0113ju uz grants ce\u013ciem.<\/p>\n<p>Asimetriski izvietoto protektora bloku pamatn\u0113 atrodama augsti att\u012bst\u012bta dren\u0101\u017eas jeb \u016bdens novadkan\u0101lu sist\u0113ma. T\u0101 \u0101tri un efekt\u012bvi atbr\u012bvo riepu kontakta virsmu ar ce\u013cu no \u016bdens, samazinot akvaplan\u0113\u0161anas risku.<\/p>\n<p>Riepas darin\u0101tas no nodilumiztur\u012bga gumijas sakaus\u0113juma. Tam pievienotie \u0137\u012bmiskie elementi pal\u012bdz riep\u0101m nezaud\u0113t formu un nodilumiztur\u012bbu ar\u012b \u013coti augst\u0101s gaisa temperat\u016br\u0101s.<\/p>\n","protected":false},"excerpt":{"rendered":"<p><strong>Maxtrek Sierra S6 <\/strong>ir labs bud\u017eeta klases Highway Terrain vasaras riepu modelis. Tas izce\u013cas ar labiem sa\u0137eres r\u0101d\u012bt\u0101jiem gan uz sausa un slapja asfalta, gan uz grants ce\u013ciem. Piem\u0113rots gan vieglaj\u0101m, gan apvidus automa\u0161\u012bn\u0101m jeb SUV un pieejams pla\u0161\u0101 izm\u0113ru kl\u0101st\u0101 no R15, l\u012bdz pat R21.<\/p>\n","protected":false},"featured_media":862774,"template":"","meta":{"_acf_changed":false,"ngg_post_thumbnail":0},"product_brand":[],"product_cat":[46],"product_tag":[],"class_list":{"0":"post-905307","1":"product","2":"type-product","3":"status-publish","4":"has-post-thumbnail","6":"product_cat-vasaras-riepas","8":"first","9":"instock","10":"sale","11":"taxable","12":"shipping-taxable","13":"purchasable","14":"product-type-simple"},"acf":[],"yoast_head":"<!-- This site is optimized with the Yoast SEO Premium plugin v22.6 (Yoast SEO v27.3) - https:\/\/yoast.com\/product\/yoast-seo-premium-wordpress\/ -->\n<title>255\/60R17 Maxtrek Sierra S6 106H &#8226; MMK Riepas<\/title>\n<meta name=\"robots\" content=\"index, follow, max-snippet:-1, max-image-preview:large, max-video-preview:-1\" \/>\n<link rel=\"canonical\" href=\"https:\/\/mmkriepas.lv\/en\/p\/255-60r17-maxtrek-sierra-s6-106h\/\" \/>\n<meta property=\"og:locale\" content=\"en_US\" \/>\n<meta property=\"og:type\" content=\"article\" \/>\n<meta property=\"og:title\" content=\"255\/60R17 Maxtrek Sierra S6 106H\" \/>\n<meta property=\"og:description\" content=\"Maxtrek Sierra S6 ir labs bud\u017eeta klases Highway Terrain vasaras riepu modelis. Tas izce\u013cas ar labiem sa\u0137eres r\u0101d\u012bt\u0101jiem gan uz sausa un slapja asfalta, gan uz grants ce\u013ciem. Piem\u0113rots gan vieglaj\u0101m, gan apvidus automa\u0161\u012bn\u0101m jeb SUV un pieejams pla\u0161\u0101 izm\u0113ru kl\u0101st\u0101 no R15, l\u012bdz pat R21.\" \/>\n<meta property=\"og:url\" content=\"https:\/\/mmkriepas.lv\/en\/p\/255-60r17-maxtrek-sierra-s6-106h\/\" \/>\n<meta property=\"og:site_name\" content=\"MMK Riepas\" \/>\n<meta property=\"article:publisher\" content=\"https:\/\/www.facebook.com\/mmkserviss\/\" \/>\n<meta property=\"article:modified_time\" content=\"2026-04-05T18:17:51+00:00\" \/>\n<meta property=\"og:image\" content=\"https:\/\/mmkriepas.lv\/wp-content\/uploads\/2024\/02\/23565r18-maxtrek-sierra-s6-106s-vasaras-riepas.jpg\" \/>\n\t<meta property=\"og:image:width\" content=\"1920\" \/>\n\t<meta property=\"og:image:height\" content=\"1440\" \/>\n\t<meta property=\"og:image:type\" content=\"image\/jpeg\" \/>\n<meta name=\"twitter:card\" content=\"summary_large_image\" \/>\n<meta name=\"twitter:label1\" content=\"Price\" \/>\n\t<meta name=\"twitter:data1\" content=\"&euro;83.00\" \/>\n\t<meta name=\"twitter:label2\" content=\"Availability\" \/>\n\t<meta name=\"twitter:data2\" content=\"In stock\" \/>\n<script type=\"application\/ld+json\" class=\"yoast-schema-graph\">{\"@context\":\"https:\\\/\\\/schema.org\",\"@graph\":[{\"@type\":\"WebPage\",\"@id\":\"https:\\\/\\\/mmkriepas.lv\\\/en\\\/p\\\/255-60r17-maxtrek-sierra-s6-106h\\\/\",\"url\":\"https:\\\/\\\/mmkriepas.lv\\\/en\\\/p\\\/255-60r17-maxtrek-sierra-s6-106h\\\/\",\"name\":\"255\\\/60R17 Maxtrek Sierra S6 106H &#8226; MMK Riepas\",\"isPartOf\":{\"@id\":\"https:\\\/\\\/mmkriepas.lv\\\/en\\\/#website\"},\"primaryImageOfPage\":{\"@id\":\"https:\\\/\\\/mmkriepas.lv\\\/en\\\/p\\\/255-60r17-maxtrek-sierra-s6-106h\\\/#primaryimage\"},\"image\":{\"@id\":\"https:\\\/\\\/mmkriepas.lv\\\/en\\\/p\\\/255-60r17-maxtrek-sierra-s6-106h\\\/#primaryimage\"},\"thumbnailUrl\":\"https:\\\/\\\/mmkriepas.lv\\\/wp-content\\\/uploads\\\/2024\\\/02\\\/23565r18-maxtrek-sierra-s6-106s-vasaras-riepas.jpg\",\"datePublished\":\"2024-05-28T16:53:55+00:00\",\"dateModified\":\"2026-04-05T18:17:51+00:00\",\"breadcrumb\":{\"@id\":\"https:\\\/\\\/mmkriepas.lv\\\/en\\\/p\\\/255-60r17-maxtrek-sierra-s6-106h\\\/#breadcrumb\"},\"inLanguage\":\"en-US\",\"potentialAction\":[{\"@type\":\"ReadAction\",\"target\":[\"https:\\\/\\\/mmkriepas.lv\\\/en\\\/p\\\/255-60r17-maxtrek-sierra-s6-106h\\\/\"]}]},{\"@type\":\"ImageObject\",\"inLanguage\":\"en-US\",\"@id\":\"https:\\\/\\\/mmkriepas.lv\\\/en\\\/p\\\/255-60r17-maxtrek-sierra-s6-106h\\\/#primaryimage\",\"url\":\"https:\\\/\\\/mmkriepas.lv\\\/wp-content\\\/uploads\\\/2024\\\/02\\\/23565r18-maxtrek-sierra-s6-106s-vasaras-riepas.jpg\",\"contentUrl\":\"https:\\\/\\\/mmkriepas.lv\\\/wp-content\\\/uploads\\\/2024\\\/02\\\/23565r18-maxtrek-sierra-s6-106s-vasaras-riepas.jpg\",\"width\":1920,\"height\":1440,\"caption\":\"MAIN\"},{\"@type\":\"BreadcrumbList\",\"@id\":\"https:\\\/\\\/mmkriepas.lv\\\/en\\\/p\\\/255-60r17-maxtrek-sierra-s6-106h\\\/#breadcrumb\",\"itemListElement\":[{\"@type\":\"ListItem\",\"position\":1,\"name\":\"S\u0101kums\",\"item\":\"https:\\\/\\\/mmkriepas.lv\\\/en\\\/\"},{\"@type\":\"ListItem\",\"position\":2,\"name\":\"255\\\/60R17 Maxtrek Sierra S6 106H\"}]},{\"@type\":\"WebSite\",\"@id\":\"https:\\\/\\\/mmkriepas.lv\\\/en\\\/#website\",\"url\":\"https:\\\/\\\/mmkriepas.lv\\\/en\\\/\",\"name\":\"MMK Riepas\",\"description\":\"MMK Riepas\",\"alternateName\":\"MMK Riepu Serviss\",\"potentialAction\":[{\"@type\":\"SearchAction\",\"target\":{\"@type\":\"EntryPoint\",\"urlTemplate\":\"https:\\\/\\\/mmkriepas.lv\\\/en\\\/?s={search_term_string}\"},\"query-input\":{\"@type\":\"PropertyValueSpecification\",\"valueRequired\":true,\"valueName\":\"search_term_string\"}}],\"inLanguage\":\"en-US\"},{\"@type\":\"ImageObject\",\"inLanguage\":\"en-US\",\"@id\":\"https:\\\/\\\/mmkriepas.lv\\\/en\\\/p\\\/255-60r17-maxtrek-sierra-s6-106h\\\/#local-main-organization-logo\",\"url\":\"\",\"contentUrl\":\"\",\"caption\":\"MMK Riepas\"}]}<\/script>\n<meta property=\"product:brand\" content=\"Maxtrek Sierra S6\" \/>\n<meta property=\"product:price:amount\" content=\"83.00\" \/>\n<meta property=\"product:price:currency\" content=\"EUR\" \/>\n<meta property=\"og:availability\" content=\"instock\" \/>\n<meta property=\"product:availability\" content=\"instock\" \/>\n<meta property=\"product:retailer_item_id\" content=\"TS2556017Maxtr-E37412\" \/>\n<meta property=\"product:condition\" content=\"new\" \/>\n<!-- \/ Yoast SEO Premium plugin. -->","yoast_head_json":{"title":"255\/60R17 Maxtrek Sierra S6 106H &#8226; MMK Riepas","robots":{"index":"index","follow":"follow","max-snippet":"max-snippet:-1","max-image-preview":"max-image-preview:large","max-video-preview":"max-video-preview:-1"},"canonical":"https:\/\/mmkriepas.lv\/en\/p\/255-60r17-maxtrek-sierra-s6-106h\/","og_locale":"en_US","og_type":"article","og_title":"255\/60R17 Maxtrek Sierra S6 106H","og_description":"Maxtrek Sierra S6 ir labs bud\u017eeta klases Highway Terrain vasaras riepu modelis. Tas izce\u013cas ar labiem sa\u0137eres r\u0101d\u012bt\u0101jiem gan uz sausa un slapja asfalta, gan uz grants ce\u013ciem. Piem\u0113rots gan vieglaj\u0101m, gan apvidus automa\u0161\u012bn\u0101m jeb SUV un pieejams pla\u0161\u0101 izm\u0113ru kl\u0101st\u0101 no R15, l\u012bdz pat R21.","og_url":"https:\/\/mmkriepas.lv\/en\/p\/255-60r17-maxtrek-sierra-s6-106h\/","og_site_name":"MMK Riepas","article_publisher":"https:\/\/www.facebook.com\/mmkserviss\/","article_modified_time":"2026-04-05T18:17:51+00:00","og_image":[{"width":1920,"height":1440,"url":"https:\/\/mmkriepas.lv\/wp-content\/uploads\/2024\/02\/23565r18-maxtrek-sierra-s6-106s-vasaras-riepas.jpg","type":"image\/jpeg"}],"twitter_card":"summary_large_image","twitter_misc":{"Price":"&euro;83.00","Availability":"In stock"},"schema":{"@context":"https:\/\/schema.org","@graph":[{"@type":"WebPage","@id":"https:\/\/mmkriepas.lv\/en\/p\/255-60r17-maxtrek-sierra-s6-106h\/","url":"https:\/\/mmkriepas.lv\/en\/p\/255-60r17-maxtrek-sierra-s6-106h\/","name":"255\/60R17 Maxtrek Sierra S6 106H &#8226; MMK Riepas","isPartOf":{"@id":"https:\/\/mmkriepas.lv\/en\/#website"},"primaryImageOfPage":{"@id":"https:\/\/mmkriepas.lv\/en\/p\/255-60r17-maxtrek-sierra-s6-106h\/#primaryimage"},"image":{"@id":"https:\/\/mmkriepas.lv\/en\/p\/255-60r17-maxtrek-sierra-s6-106h\/#primaryimage"},"thumbnailUrl":"https:\/\/mmkriepas.lv\/wp-content\/uploads\/2024\/02\/23565r18-maxtrek-sierra-s6-106s-vasaras-riepas.jpg","datePublished":"2024-05-28T16:53:55+00:00","dateModified":"2026-04-05T18:17:51+00:00","breadcrumb":{"@id":"https:\/\/mmkriepas.lv\/en\/p\/255-60r17-maxtrek-sierra-s6-106h\/#breadcrumb"},"inLanguage":"en-US","potentialAction":[{"@type":"ReadAction","target":["https:\/\/mmkriepas.lv\/en\/p\/255-60r17-maxtrek-sierra-s6-106h\/"]}]},{"@type":"ImageObject","inLanguage":"en-US","@id":"https:\/\/mmkriepas.lv\/en\/p\/255-60r17-maxtrek-sierra-s6-106h\/#primaryimage","url":"https:\/\/mmkriepas.lv\/wp-content\/uploads\/2024\/02\/23565r18-maxtrek-sierra-s6-106s-vasaras-riepas.jpg","contentUrl":"https:\/\/mmkriepas.lv\/wp-content\/uploads\/2024\/02\/23565r18-maxtrek-sierra-s6-106s-vasaras-riepas.jpg","width":1920,"height":1440,"caption":"MAIN"},{"@type":"BreadcrumbList","@id":"https:\/\/mmkriepas.lv\/en\/p\/255-60r17-maxtrek-sierra-s6-106h\/#breadcrumb","itemListElement":[{"@type":"ListItem","position":1,"name":"S\u0101kums","item":"https:\/\/mmkriepas.lv\/en\/"},{"@type":"ListItem","position":2,"name":"255\/60R17 Maxtrek Sierra S6 106H"}]},{"@type":"WebSite","@id":"https:\/\/mmkriepas.lv\/en\/#website","url":"https:\/\/mmkriepas.lv\/en\/","name":"MMK Riepas","description":"MMK Riepas","alternateName":"MMK Riepu Serviss","potentialAction":[{"@type":"SearchAction","target":{"@type":"EntryPoint","urlTemplate":"https:\/\/mmkriepas.lv\/en\/?s={search_term_string}"},"query-input":{"@type":"PropertyValueSpecification","valueRequired":true,"valueName":"search_term_string"}}],"inLanguage":"en-US"},{"@type":"ImageObject","inLanguage":"en-US","@id":"https:\/\/mmkriepas.lv\/en\/p\/255-60r17-maxtrek-sierra-s6-106h\/#local-main-organization-logo","url":"","contentUrl":"","caption":"MMK Riepas"}]},"product_brand":"Maxtrek Sierra S6","product_price_amount":"83.00","product_price_currency":"EUR","og_availability":"instock","product_availability":"instock","product_retailer_item_id":"TS2556017Maxtr-E37412","product_condition":"new"},"_links":{"self":[{"href":"https:\/\/mmkriepas.lv\/en\/wp-json\/wp\/v2\/product\/905307","targetHints":{"allow":["GET"]}}],"collection":[{"href":"https:\/\/mmkriepas.lv\/en\/wp-json\/wp\/v2\/product"}],"about":[{"href":"https:\/\/mmkriepas.lv\/en\/wp-json\/wp\/v2\/types\/product"}],"wp:featuredmedia":[{"embeddable":true,"href":"https:\/\/mmkriepas.lv\/en\/wp-json\/wp\/v2\/media\/862774"}],"wp:attachment":[{"href":"https:\/\/mmkriepas.lv\/en\/wp-json\/wp\/v2\/media?parent=905307"}],"wp:term":[{"taxonomy":"product_brand","embeddable":true,"href":"https:\/\/mmkriepas.lv\/en\/wp-json\/wp\/v2\/product_brand?post=905307"},{"taxonomy":"product_cat","embeddable":true,"href":"https:\/\/mmkriepas.lv\/en\/wp-json\/wp\/v2\/product_cat?post=905307"},{"taxonomy":"product_tag","embeddable":true,"href":"https:\/\/mmkriepas.lv\/en\/wp-json\/wp\/v2\/product_tag?post=905307"}],"curies":[{"name":"wp","href":"https:\/\/api.w.org\/{rel}","templated":true}]}}