{"id":905152,"date":"2024-05-28T19:43:14","date_gmt":"2024-05-28T16:43:14","guid":{"rendered":"https:\/\/mmkserviss.lv\/?post_type=product&#038;p=905152"},"modified":"2026-03-30T13:30:03","modified_gmt":"2026-03-30T10:30:03","slug":"245-35r21-goodride-solmax-1-96y-xl","status":"publish","type":"product","link":"https:\/\/mmkriepas.lv\/en\/p\/245-35r21-goodride-solmax-1-96y-xl\/","title":{"rendered":"245\/35R21 Goodride Solmax 1 96Y XL"},"content":{"rendered":"<p class=\"western\" align=\"left\"><span style=\"color: #c9211e;\"><span style=\"font-family: Arial, serif;\"><strong><span style=\"color: #000000;\"><span style=\"font-family: Arial, sans-serif;\">Goodride Solmax 1\u00a0<\/span><\/span><\/strong><span style=\"color: #000000;\"><span style=\"font-family: Arial, sans-serif;\">ir \u013coti labas kvalit\u0101tes bud\u017eeta klases UHP jeb augstas veiktsp\u0113jas vasaras riepu modelis. Tas ir viens no pirmajiem \u0136\u012bn\u0101 ra\u017eotajiem riepu mode\u013ciem, kas sa\u0146\u0113mis <\/span><\/span><strong><span style=\"color: #000000;\"><span style=\"font-family: Arial, sans-serif;\">V\u0101cijas T\u00dcV S\u00dcD kvalit\u0101tes sertifik\u0101tu.<\/span><\/span><\/strong><span style=\"color: #000000;\"><span style=\"font-family: Arial, sans-serif;\"> \u0160is riepu modelis izce\u013cas ar teicamu brauk\u0161anas komfortu un izciliem sa\u0137eres r\u0101d\u012bt\u0101jiem uz sausa un slapja asfalta pat lielos brauk\u0161anas \u0101trumos.<\/span><\/span><\/span><\/span><\/p>\n<h3 class=\"western\"><strong><span style=\"color: #000000;\"><span style=\"font-family: Arial, sans-serif;\">Goodride Solmax 1 galven\u0101s \u012bpa\u0161\u012bbas<\/span><\/span><\/strong><\/h3>\n<p class=\"western\"><span style=\"color: #000000;\"><span style=\"font-family: Arial, sans-serif;\">+ Teicama sa\u0137ere un manevr\u0113tsp\u0113ja uz sausa un slapja asfalta pat lielos brauk\u0161anas \u0101trumos.<br \/>+ Lieli \u0101truma indeksi l\u012bdz pat 300km\/h.<br \/>+ Palielin\u0101ta nodilumiztur\u012bba.<br \/>+ \u013boti zems akvaplan\u0113\u0161anas risks.<br \/>+ <\/span><\/span><strong><span style=\"color: #000000;\"><span style=\"font-family: Arial, sans-serif;\">V\u0101cijas T\u00dcV S\u00dcD kvalit\u0101tes sertifik\u0101ts.<\/span><\/span><\/strong><\/p>\n<h3 class=\"western\" align=\"left\"><span style=\"color: #c9211e;\"><span style=\"font-family: Arial, serif;\"><strong><span style=\"color: #000000;\"><span style=\"font-family: Arial, sans-serif;\">Solmax 1 apr\u012bkojums<\/span><\/span><\/strong><\/span><\/span><\/h3>\n<p class=\"western\"><strong><span style=\"color: #000000;\"><span style=\"font-family: Arial, sans-serif;\">Goodride Solmax 1\u00a0<\/span><\/span><\/strong><span style=\"color: #000000;\"><span style=\"font-family: Arial, sans-serif;\">UHP (Ultra High Performance) jeb augstas veiktsp\u0113jas vasaras riepu modelis apr\u012bkots ar sportiska tipa asimetrisko protektora rakstu. \u0160is dizains sev\u012b apvieno teicamas sa\u0137eres, \u016bdens izvades un brauk\u0161anas komforta \u012bpa\u0161\u012bbas.<\/span><\/span><\/p>\n<p class=\"western\"><span style=\"font-family: Arial, sans-serif;\">\u0160im riepu modelim izstr\u0101d\u0101ta \u012bpa\u0161a dren\u0101\u017eas jeb \u016bdens novadkan\u0101lu sist\u0113ma. T\u0101 \u0101tri un efekt\u012bvi atbr\u012bvo riepu kontakta virsmu ar ce\u013cu no nokri\u0161\u0146iem, samazinot akvaplan\u0113\u0161anas risku l\u012bdz minimumam un ieg\u016bstot &#8220;A&#8221; r\u0101d\u012bt\u0101ju uz slapja asfalta. Turkl\u0101t, dren\u0101\u017eas kan\u0101los atrodami nelieli izciln\u012b\u0161i, kas blo\u0137\u0113 ska\u0146as frekvenci, b\u016btiskis samazinot akvplan\u0113\u0161anas risku.<\/span><\/p>\n<p class=\"western\"><span style=\"font-family: Arial, sans-serif;\">Riep\u0101m izstr\u0101d\u0101ts ar\u012b unik\u0101ls gumijas sakaus\u0113jums. Tas ne tikai izcili veido sa\u0137eri ar ce\u013cu, bet ar\u012b ir nodilumiztur\u012bgs un pat sp\u0113j absorb\u0113t ce\u013ca rad\u012bt\u0101s vibr\u0101cijas, nodro\u0161inot pat\u012bkamu un gludu braucienu.<\/span><\/p>\n<p class=\"western\"><strong><span style=\"color: #000000;\"><span style=\"font-family: Arial, sans-serif;\">Goodride Solmax 1\u00a0<\/span><\/span><\/strong><span style=\"color: #000000;\"><span style=\"font-family: Arial, sans-serif;\">protektora uzb\u016bve rad\u012bta p\u0113c BPOT tehnolo\u0123ijas. Tam ir liel\u0101ka kontakta virsma ar ce\u013cu, uzlabojot sa\u0137eri un nodilumiztur\u012bbu ar\u012b intens\u012bvas ekspluat\u0101cijas apst\u0101k\u013cos. Turkl\u0101t, \u0161is riepu modelis izce\u013cas ar\u012b ar \u0101truma indeksiem l\u012bdz 300km\/h.<\/span><\/span><\/p>\n","protected":false},"excerpt":{"rendered":"<p><span style=\"color: #c9211e;\"><span style=\"font-family: Arial, serif;\"><strong><span style=\"color: #000000;\"><span style=\"font-family: Arial, sans-serif;\">Goodride Solmax 1\u00a0<\/span><\/span><\/strong><span style=\"color: #000000;\"><span style=\"font-family: Arial, sans-serif;\">ir \u013coti labas kvalit\u0101tes bud\u017eeta klases UHP jeb augstas veiktsp\u0113jas vasaras riepu modelis. Tas ir viens no pirmajiem \u0136\u012bn\u0101 ra\u017eotajiem riepu mode\u013ciem, kas sa\u0146\u0113mis <\/span><\/span><strong><span style=\"color: #000000;\"><span style=\"font-family: Arial, sans-serif;\">V\u0101cijas T\u00dcV S\u00dcD kvalit\u0101tes sertifik\u0101tu.<\/span><\/span><\/strong><span style=\"color: #000000;\"><span style=\"font-family: Arial, sans-serif;\"> \u0160is riepu modelis izce\u013cas ar teicamu brauk\u0161anas komfortu un izciliem sa\u0137eres r\u0101d\u012bt\u0101jiem uz sausa un slapja asfalta pat lielos brauk\u0161anas \u0101trumos.<\/span><\/span><\/span><\/span><\/p>\n","protected":false},"featured_media":905574,"template":"","meta":{"_acf_changed":false,"ngg_post_thumbnail":0},"product_brand":[],"product_cat":[46],"product_tag":[],"class_list":{"0":"post-905152","1":"product","2":"type-product","3":"status-publish","4":"has-post-thumbnail","6":"product_cat-vasaras-riepas","8":"first","9":"instock","10":"sale","11":"taxable","12":"shipping-taxable","13":"purchasable","14":"product-type-simple"},"acf":[],"yoast_head":"<!-- This site is optimized with the Yoast SEO Premium plugin v22.6 (Yoast SEO v27.3) - https:\/\/yoast.com\/product\/yoast-seo-premium-wordpress\/ -->\n<title>245\/35R21 Goodride Solmax 1 96Y XL &#8226; MMK Riepas<\/title>\n<meta name=\"robots\" content=\"index, follow, max-snippet:-1, max-image-preview:large, max-video-preview:-1\" \/>\n<link rel=\"canonical\" href=\"https:\/\/mmkriepas.lv\/en\/p\/245-35r21-goodride-solmax-1-96y-xl\/\" \/>\n<meta property=\"og:locale\" content=\"en_US\" \/>\n<meta property=\"og:type\" content=\"article\" \/>\n<meta property=\"og:title\" content=\"245\/35R21 Goodride Solmax 1 96Y XL\" \/>\n<meta property=\"og:description\" content=\"Goodride Solmax 1\u00a0ir \u013coti labas kvalit\u0101tes bud\u017eeta klases UHP jeb augstas veiktsp\u0113jas vasaras riepu modelis. Tas ir viens no pirmajiem \u0136\u012bn\u0101 ra\u017eotajiem riepu mode\u013ciem, kas sa\u0146\u0113mis V\u0101cijas T\u00dcV S\u00dcD kvalit\u0101tes sertifik\u0101tu. \u0160is riepu modelis izce\u013cas ar teicamu brauk\u0161anas komfortu un izciliem sa\u0137eres r\u0101d\u012bt\u0101jiem uz sausa un slapja asfalta pat lielos brauk\u0161anas \u0101trumos.\" \/>\n<meta property=\"og:url\" content=\"https:\/\/mmkriepas.lv\/en\/p\/245-35r21-goodride-solmax-1-96y-xl\/\" \/>\n<meta property=\"og:site_name\" content=\"MMK Riepas\" \/>\n<meta property=\"article:publisher\" content=\"https:\/\/www.facebook.com\/mmkserviss\/\" \/>\n<meta property=\"article:modified_time\" content=\"2026-03-30T10:30:03+00:00\" \/>\n<meta property=\"og:image\" content=\"https:\/\/mmkriepas.lv\/wp-content\/uploads\/2024\/05\/goodride-solmax-1.jpg\" \/>\n\t<meta property=\"og:image:width\" content=\"900\" \/>\n\t<meta property=\"og:image:height\" content=\"720\" \/>\n\t<meta property=\"og:image:type\" content=\"image\/jpeg\" \/>\n<meta name=\"twitter:card\" content=\"summary_large_image\" \/>\n<meta name=\"twitter:label1\" content=\"Price\" \/>\n\t<meta name=\"twitter:data1\" content=\"&euro;103.00\" \/>\n\t<meta name=\"twitter:label2\" content=\"Availability\" \/>\n\t<meta name=\"twitter:data2\" content=\"In stock\" \/>\n<script type=\"application\/ld+json\" class=\"yoast-schema-graph\">{\"@context\":\"https:\\\/\\\/schema.org\",\"@graph\":[{\"@type\":\"WebPage\",\"@id\":\"https:\\\/\\\/mmkriepas.lv\\\/en\\\/p\\\/245-35r21-goodride-solmax-1-96y-xl\\\/\",\"url\":\"https:\\\/\\\/mmkriepas.lv\\\/en\\\/p\\\/245-35r21-goodride-solmax-1-96y-xl\\\/\",\"name\":\"245\\\/35R21 Goodride Solmax 1 96Y XL &#8226; MMK Riepas\",\"isPartOf\":{\"@id\":\"https:\\\/\\\/mmkriepas.lv\\\/en\\\/#website\"},\"primaryImageOfPage\":{\"@id\":\"https:\\\/\\\/mmkriepas.lv\\\/en\\\/p\\\/245-35r21-goodride-solmax-1-96y-xl\\\/#primaryimage\"},\"image\":{\"@id\":\"https:\\\/\\\/mmkriepas.lv\\\/en\\\/p\\\/245-35r21-goodride-solmax-1-96y-xl\\\/#primaryimage\"},\"thumbnailUrl\":\"https:\\\/\\\/mmkriepas.lv\\\/wp-content\\\/uploads\\\/2024\\\/05\\\/goodride-solmax-1.jpg\",\"datePublished\":\"2024-05-28T16:43:14+00:00\",\"dateModified\":\"2026-03-30T10:30:03+00:00\",\"breadcrumb\":{\"@id\":\"https:\\\/\\\/mmkriepas.lv\\\/en\\\/p\\\/245-35r21-goodride-solmax-1-96y-xl\\\/#breadcrumb\"},\"inLanguage\":\"en-US\",\"potentialAction\":[{\"@type\":\"ReadAction\",\"target\":[\"https:\\\/\\\/mmkriepas.lv\\\/en\\\/p\\\/245-35r21-goodride-solmax-1-96y-xl\\\/\"]}]},{\"@type\":\"ImageObject\",\"inLanguage\":\"en-US\",\"@id\":\"https:\\\/\\\/mmkriepas.lv\\\/en\\\/p\\\/245-35r21-goodride-solmax-1-96y-xl\\\/#primaryimage\",\"url\":\"https:\\\/\\\/mmkriepas.lv\\\/wp-content\\\/uploads\\\/2024\\\/05\\\/goodride-solmax-1.jpg\",\"contentUrl\":\"https:\\\/\\\/mmkriepas.lv\\\/wp-content\\\/uploads\\\/2024\\\/05\\\/goodride-solmax-1.jpg\",\"width\":900,\"height\":720,\"caption\":\"MAIN\"},{\"@type\":\"BreadcrumbList\",\"@id\":\"https:\\\/\\\/mmkriepas.lv\\\/en\\\/p\\\/245-35r21-goodride-solmax-1-96y-xl\\\/#breadcrumb\",\"itemListElement\":[{\"@type\":\"ListItem\",\"position\":1,\"name\":\"S\u0101kums\",\"item\":\"https:\\\/\\\/mmkriepas.lv\\\/en\\\/\"},{\"@type\":\"ListItem\",\"position\":2,\"name\":\"245\\\/35R21 Goodride Solmax 1 96Y XL\"}]},{\"@type\":\"WebSite\",\"@id\":\"https:\\\/\\\/mmkriepas.lv\\\/en\\\/#website\",\"url\":\"https:\\\/\\\/mmkriepas.lv\\\/en\\\/\",\"name\":\"MMK Riepas\",\"description\":\"MMK Riepas\",\"alternateName\":\"MMK Riepu Serviss\",\"potentialAction\":[{\"@type\":\"SearchAction\",\"target\":{\"@type\":\"EntryPoint\",\"urlTemplate\":\"https:\\\/\\\/mmkriepas.lv\\\/en\\\/?s={search_term_string}\"},\"query-input\":{\"@type\":\"PropertyValueSpecification\",\"valueRequired\":true,\"valueName\":\"search_term_string\"}}],\"inLanguage\":\"en-US\"},{\"@type\":\"ImageObject\",\"inLanguage\":\"en-US\",\"@id\":\"https:\\\/\\\/mmkriepas.lv\\\/en\\\/p\\\/245-35r21-goodride-solmax-1-96y-xl\\\/#local-main-organization-logo\",\"url\":\"\",\"contentUrl\":\"\",\"caption\":\"MMK Riepas\"}]}<\/script>\n<meta property=\"product:brand\" content=\"Goodride Solmax 1\" \/>\n<meta property=\"product:price:amount\" content=\"103.00\" \/>\n<meta property=\"product:price:currency\" content=\"EUR\" \/>\n<meta property=\"og:availability\" content=\"instock\" \/>\n<meta property=\"product:availability\" content=\"instock\" \/>\n<meta property=\"product:retailer_item_id\" content=\"TS2453521Goodr-E37473\" \/>\n<meta property=\"product:condition\" content=\"new\" \/>\n<!-- \/ Yoast SEO Premium plugin. -->","yoast_head_json":{"title":"245\/35R21 Goodride Solmax 1 96Y XL &#8226; MMK Riepas","robots":{"index":"index","follow":"follow","max-snippet":"max-snippet:-1","max-image-preview":"max-image-preview:large","max-video-preview":"max-video-preview:-1"},"canonical":"https:\/\/mmkriepas.lv\/en\/p\/245-35r21-goodride-solmax-1-96y-xl\/","og_locale":"en_US","og_type":"article","og_title":"245\/35R21 Goodride Solmax 1 96Y XL","og_description":"Goodride Solmax 1\u00a0ir \u013coti labas kvalit\u0101tes bud\u017eeta klases UHP jeb augstas veiktsp\u0113jas vasaras riepu modelis. Tas ir viens no pirmajiem \u0136\u012bn\u0101 ra\u017eotajiem riepu mode\u013ciem, kas sa\u0146\u0113mis V\u0101cijas T\u00dcV S\u00dcD kvalit\u0101tes sertifik\u0101tu. \u0160is riepu modelis izce\u013cas ar teicamu brauk\u0161anas komfortu un izciliem sa\u0137eres r\u0101d\u012bt\u0101jiem uz sausa un slapja asfalta pat lielos brauk\u0161anas \u0101trumos.","og_url":"https:\/\/mmkriepas.lv\/en\/p\/245-35r21-goodride-solmax-1-96y-xl\/","og_site_name":"MMK Riepas","article_publisher":"https:\/\/www.facebook.com\/mmkserviss\/","article_modified_time":"2026-03-30T10:30:03+00:00","og_image":[{"width":900,"height":720,"url":"https:\/\/mmkriepas.lv\/wp-content\/uploads\/2024\/05\/goodride-solmax-1.jpg","type":"image\/jpeg"}],"twitter_card":"summary_large_image","twitter_misc":{"Price":"&euro;103.00","Availability":"In stock"},"schema":{"@context":"https:\/\/schema.org","@graph":[{"@type":"WebPage","@id":"https:\/\/mmkriepas.lv\/en\/p\/245-35r21-goodride-solmax-1-96y-xl\/","url":"https:\/\/mmkriepas.lv\/en\/p\/245-35r21-goodride-solmax-1-96y-xl\/","name":"245\/35R21 Goodride Solmax 1 96Y XL &#8226; MMK Riepas","isPartOf":{"@id":"https:\/\/mmkriepas.lv\/en\/#website"},"primaryImageOfPage":{"@id":"https:\/\/mmkriepas.lv\/en\/p\/245-35r21-goodride-solmax-1-96y-xl\/#primaryimage"},"image":{"@id":"https:\/\/mmkriepas.lv\/en\/p\/245-35r21-goodride-solmax-1-96y-xl\/#primaryimage"},"thumbnailUrl":"https:\/\/mmkriepas.lv\/wp-content\/uploads\/2024\/05\/goodride-solmax-1.jpg","datePublished":"2024-05-28T16:43:14+00:00","dateModified":"2026-03-30T10:30:03+00:00","breadcrumb":{"@id":"https:\/\/mmkriepas.lv\/en\/p\/245-35r21-goodride-solmax-1-96y-xl\/#breadcrumb"},"inLanguage":"en-US","potentialAction":[{"@type":"ReadAction","target":["https:\/\/mmkriepas.lv\/en\/p\/245-35r21-goodride-solmax-1-96y-xl\/"]}]},{"@type":"ImageObject","inLanguage":"en-US","@id":"https:\/\/mmkriepas.lv\/en\/p\/245-35r21-goodride-solmax-1-96y-xl\/#primaryimage","url":"https:\/\/mmkriepas.lv\/wp-content\/uploads\/2024\/05\/goodride-solmax-1.jpg","contentUrl":"https:\/\/mmkriepas.lv\/wp-content\/uploads\/2024\/05\/goodride-solmax-1.jpg","width":900,"height":720,"caption":"MAIN"},{"@type":"BreadcrumbList","@id":"https:\/\/mmkriepas.lv\/en\/p\/245-35r21-goodride-solmax-1-96y-xl\/#breadcrumb","itemListElement":[{"@type":"ListItem","position":1,"name":"S\u0101kums","item":"https:\/\/mmkriepas.lv\/en\/"},{"@type":"ListItem","position":2,"name":"245\/35R21 Goodride Solmax 1 96Y XL"}]},{"@type":"WebSite","@id":"https:\/\/mmkriepas.lv\/en\/#website","url":"https:\/\/mmkriepas.lv\/en\/","name":"MMK Riepas","description":"MMK Riepas","alternateName":"MMK Riepu Serviss","potentialAction":[{"@type":"SearchAction","target":{"@type":"EntryPoint","urlTemplate":"https:\/\/mmkriepas.lv\/en\/?s={search_term_string}"},"query-input":{"@type":"PropertyValueSpecification","valueRequired":true,"valueName":"search_term_string"}}],"inLanguage":"en-US"},{"@type":"ImageObject","inLanguage":"en-US","@id":"https:\/\/mmkriepas.lv\/en\/p\/245-35r21-goodride-solmax-1-96y-xl\/#local-main-organization-logo","url":"","contentUrl":"","caption":"MMK Riepas"}]},"product_brand":"Goodride Solmax 1","product_price_amount":"103.00","product_price_currency":"EUR","og_availability":"instock","product_availability":"instock","product_retailer_item_id":"TS2453521Goodr-E37473","product_condition":"new"},"_links":{"self":[{"href":"https:\/\/mmkriepas.lv\/en\/wp-json\/wp\/v2\/product\/905152","targetHints":{"allow":["GET"]}}],"collection":[{"href":"https:\/\/mmkriepas.lv\/en\/wp-json\/wp\/v2\/product"}],"about":[{"href":"https:\/\/mmkriepas.lv\/en\/wp-json\/wp\/v2\/types\/product"}],"wp:featuredmedia":[{"embeddable":true,"href":"https:\/\/mmkriepas.lv\/en\/wp-json\/wp\/v2\/media\/905574"}],"wp:attachment":[{"href":"https:\/\/mmkriepas.lv\/en\/wp-json\/wp\/v2\/media?parent=905152"}],"wp:term":[{"taxonomy":"product_brand","embeddable":true,"href":"https:\/\/mmkriepas.lv\/en\/wp-json\/wp\/v2\/product_brand?post=905152"},{"taxonomy":"product_cat","embeddable":true,"href":"https:\/\/mmkriepas.lv\/en\/wp-json\/wp\/v2\/product_cat?post=905152"},{"taxonomy":"product_tag","embeddable":true,"href":"https:\/\/mmkriepas.lv\/en\/wp-json\/wp\/v2\/product_tag?post=905152"}],"curies":[{"name":"wp","href":"https:\/\/api.w.org\/{rel}","templated":true}]}}