{"id":895280,"date":"2024-04-29T21:55:56","date_gmt":"2024-04-29T18:55:56","guid":{"rendered":"https:\/\/mmkserviss.lv\/?post_type=product&#038;p=895280"},"modified":"2026-03-30T13:15:18","modified_gmt":"2026-03-30T10:15:18","slug":"225-60r18-goodride-zupereco-z-107-100h-2","status":"publish","type":"product","link":"https:\/\/mmkriepas.lv\/en\/p\/225-60r18-goodride-zupereco-z-107-100h-2\/","title":{"rendered":"225\/60R18 Goodride ZuperEco Z-107 100H"},"content":{"rendered":"<p><strong>Goodride ZuperEco Z-107<\/strong> galven\u0101s iez\u012bmes ir <strong>efekt\u012bva bremz\u0113\u0161ana<\/strong> uz sausa un mitra ce\u013ca seguma, brauk\u0161anas un akustiskais <strong>komforts<\/strong>, k\u0101 ar\u012b degvielas <strong>ekonomijas<\/strong> efektivit\u0101te (zemas rites pretest\u012bbas rezult\u0101ts).<\/p>\n<p><strong>ZuperEco Z-107<\/strong>\u00a0\u012bpa\u0161\u012bbas:<\/p>\n<p>+ Sportiskas riepas \u013coti labi sa\u0137eres r\u0101d\u012bt\u0101ji, stabilit\u0101te l\u012bkumos.<\/p>\n<p>+ \u012ass bremz\u0113\u0161anas ce\u013c\u0161.<\/p>\n<p>+ uzlabota riepu strukt\u016bra garant\u0113 komfortu un vienm\u0113r\u012bgu brauk\u0161anu.<\/p>\n<p>+ Dro\u0161a vad\u0101m\u012bb\u0101 gan uz sausa, gan mitra seguma.<\/p>\n<p>+ Augsta notur\u012bba pret akvaplan\u0113\u0161anu.<\/p>\n<p>+ Degvielas ekonomija, zema rites pretest\u012bba.<\/p>\n<p>+ Klusas riepas.<\/p>\n<p>+ Disku aizsargmala (liel\u0101kaj\u0101 da\u013c\u0101 izm\u0113ru).<\/p>\n<p><strong>ZuperEco Z-107<\/strong> raksturojums:<\/p>\n<p><strong>Goodride ZuperEco Z-107<\/strong> riepu optimiz\u0113tais protektora z\u012bm\u0113jums garant\u0113 komfortu un gludu brauk\u0161anu. Kombin\u0101cij\u0101 ar silikona gumijas mais\u012bjumu nodro\u0161ina dro\u0161u sa\u0137eri uz slapjiem ce\u013ciem un samazina rites pretest\u012bbu.<\/p>\n<h5>*Uzman\u012bbu: Vasaras riepas, kas ir ra\u017eotas \u0136\u012bn\u0101, var b\u016bt apz\u012bm\u0113tas ar apz\u012bm\u0113jumu M+S. J\u0101\u0146em ver\u0101, ka \u0136\u012bnas teritorija sniedzas da\u017e\u0101d\u0101s klimatiskaj\u0101s zon\u0101s, kur da\u017eviet metereolo\u0123isk\u0101 ziema t\u0101 ar\u012b neiest\u0101jas. L\u012bdz ar to, tur \u0161\u012bs riepas var izmantot visu gadu, kam\u0113r Latvij\u0101 tas nestr\u0101d\u0101!\u00a0<\/h5>\n","protected":false},"excerpt":{"rendered":"<p><strong>Goodride ZuperEco Z-107<\/strong> galven\u0101s iez\u012bmes ir <strong>efekt\u012bva bremz\u0113\u0161ana<\/strong> uz sausa un mitra ce\u013ca seguma, brauk\u0161anas un akustiskais <strong>komforts<\/strong>, k\u0101 ar\u012b degvielas <strong>ekonomijas<\/strong> efektivit\u0101te (zemas rites pretest\u012bbas rezult\u0101ts).<\/p>\n","protected":false},"featured_media":877897,"template":"","meta":{"_acf_changed":false,"ngg_post_thumbnail":0},"product_brand":[],"product_cat":[46],"product_tag":[],"class_list":{"0":"post-895280","1":"product","2":"type-product","3":"status-publish","4":"has-post-thumbnail","6":"product_cat-vasaras-riepas","8":"first","9":"instock","10":"sale","11":"taxable","12":"shipping-taxable","13":"purchasable","14":"product-type-simple"},"acf":[],"yoast_head":"<!-- This site is optimized with the Yoast SEO Premium plugin v22.6 (Yoast SEO v27.3) - https:\/\/yoast.com\/product\/yoast-seo-premium-wordpress\/ -->\n<title>225\/60R18 Goodride ZuperEco Z-107 100H &#8226; MMK Riepas<\/title>\n<meta name=\"robots\" content=\"index, follow, max-snippet:-1, max-image-preview:large, max-video-preview:-1\" \/>\n<link rel=\"canonical\" href=\"https:\/\/mmkriepas.lv\/en\/p\/225-60r18-goodride-zupereco-z-107-100h-2\/\" \/>\n<meta property=\"og:locale\" content=\"en_US\" \/>\n<meta property=\"og:type\" content=\"article\" \/>\n<meta property=\"og:title\" content=\"225\/60R18 Goodride ZuperEco Z-107 100H\" \/>\n<meta property=\"og:description\" content=\"Goodride ZuperEco Z-107 galven\u0101s iez\u012bmes ir efekt\u012bva bremz\u0113\u0161ana uz sausa un mitra ce\u013ca seguma, brauk\u0161anas un akustiskais komforts, k\u0101 ar\u012b degvielas ekonomijas efektivit\u0101te (zemas rites pretest\u012bbas rezult\u0101ts).\" \/>\n<meta property=\"og:url\" content=\"https:\/\/mmkriepas.lv\/en\/p\/225-60r18-goodride-zupereco-z-107-100h-2\/\" \/>\n<meta property=\"og:site_name\" content=\"MMK Riepas\" \/>\n<meta property=\"article:publisher\" content=\"https:\/\/www.facebook.com\/mmkserviss\/\" \/>\n<meta property=\"article:modified_time\" content=\"2026-03-30T10:15:18+00:00\" \/>\n<meta property=\"og:image\" content=\"https:\/\/mmkriepas.lv\/wp-content\/uploads\/2024\/03\/23535r19-goodride-zupereco-z-107-91w-xl-vasaras-riepas.jpg\" \/>\n\t<meta property=\"og:image:width\" content=\"1000\" \/>\n\t<meta property=\"og:image:height\" content=\"750\" \/>\n\t<meta property=\"og:image:type\" content=\"image\/jpeg\" \/>\n<meta name=\"twitter:card\" content=\"summary_large_image\" \/>\n<meta name=\"twitter:label1\" content=\"Price\" \/>\n\t<meta name=\"twitter:data1\" content=\"&euro;75.00\" \/>\n\t<meta name=\"twitter:label2\" content=\"Availability\" \/>\n\t<meta name=\"twitter:data2\" content=\"In stock\" \/>\n<script type=\"application\/ld+json\" class=\"yoast-schema-graph\">{\"@context\":\"https:\\\/\\\/schema.org\",\"@graph\":[{\"@type\":\"WebPage\",\"@id\":\"https:\\\/\\\/mmkriepas.lv\\\/en\\\/p\\\/225-60r18-goodride-zupereco-z-107-100h-2\\\/\",\"url\":\"https:\\\/\\\/mmkriepas.lv\\\/en\\\/p\\\/225-60r18-goodride-zupereco-z-107-100h-2\\\/\",\"name\":\"225\\\/60R18 Goodride ZuperEco Z-107 100H &#8226; MMK Riepas\",\"isPartOf\":{\"@id\":\"https:\\\/\\\/mmkriepas.lv\\\/en\\\/#website\"},\"primaryImageOfPage\":{\"@id\":\"https:\\\/\\\/mmkriepas.lv\\\/en\\\/p\\\/225-60r18-goodride-zupereco-z-107-100h-2\\\/#primaryimage\"},\"image\":{\"@id\":\"https:\\\/\\\/mmkriepas.lv\\\/en\\\/p\\\/225-60r18-goodride-zupereco-z-107-100h-2\\\/#primaryimage\"},\"thumbnailUrl\":\"https:\\\/\\\/mmkriepas.lv\\\/wp-content\\\/uploads\\\/2024\\\/03\\\/23535r19-goodride-zupereco-z-107-91w-xl-vasaras-riepas.jpg\",\"datePublished\":\"2024-04-29T18:55:56+00:00\",\"dateModified\":\"2026-03-30T10:15:18+00:00\",\"breadcrumb\":{\"@id\":\"https:\\\/\\\/mmkriepas.lv\\\/en\\\/p\\\/225-60r18-goodride-zupereco-z-107-100h-2\\\/#breadcrumb\"},\"inLanguage\":\"en-US\",\"potentialAction\":[{\"@type\":\"ReadAction\",\"target\":[\"https:\\\/\\\/mmkriepas.lv\\\/en\\\/p\\\/225-60r18-goodride-zupereco-z-107-100h-2\\\/\"]}]},{\"@type\":\"ImageObject\",\"inLanguage\":\"en-US\",\"@id\":\"https:\\\/\\\/mmkriepas.lv\\\/en\\\/p\\\/225-60r18-goodride-zupereco-z-107-100h-2\\\/#primaryimage\",\"url\":\"https:\\\/\\\/mmkriepas.lv\\\/wp-content\\\/uploads\\\/2024\\\/03\\\/23535r19-goodride-zupereco-z-107-91w-xl-vasaras-riepas.jpg\",\"contentUrl\":\"https:\\\/\\\/mmkriepas.lv\\\/wp-content\\\/uploads\\\/2024\\\/03\\\/23535r19-goodride-zupereco-z-107-91w-xl-vasaras-riepas.jpg\",\"width\":1000,\"height\":750,\"caption\":\"MAIN\"},{\"@type\":\"BreadcrumbList\",\"@id\":\"https:\\\/\\\/mmkriepas.lv\\\/en\\\/p\\\/225-60r18-goodride-zupereco-z-107-100h-2\\\/#breadcrumb\",\"itemListElement\":[{\"@type\":\"ListItem\",\"position\":1,\"name\":\"S\u0101kums\",\"item\":\"https:\\\/\\\/mmkriepas.lv\\\/en\\\/\"},{\"@type\":\"ListItem\",\"position\":2,\"name\":\"225\\\/60R18 Goodride ZuperEco Z-107 100H\"}]},{\"@type\":\"WebSite\",\"@id\":\"https:\\\/\\\/mmkriepas.lv\\\/en\\\/#website\",\"url\":\"https:\\\/\\\/mmkriepas.lv\\\/en\\\/\",\"name\":\"MMK Riepas\",\"description\":\"MMK Riepas\",\"alternateName\":\"MMK Riepu Serviss\",\"potentialAction\":[{\"@type\":\"SearchAction\",\"target\":{\"@type\":\"EntryPoint\",\"urlTemplate\":\"https:\\\/\\\/mmkriepas.lv\\\/en\\\/?s={search_term_string}\"},\"query-input\":{\"@type\":\"PropertyValueSpecification\",\"valueRequired\":true,\"valueName\":\"search_term_string\"}}],\"inLanguage\":\"en-US\"},{\"@type\":\"ImageObject\",\"inLanguage\":\"en-US\",\"@id\":\"https:\\\/\\\/mmkriepas.lv\\\/en\\\/p\\\/225-60r18-goodride-zupereco-z-107-100h-2\\\/#local-main-organization-logo\",\"url\":\"\",\"contentUrl\":\"\",\"caption\":\"MMK Riepas\"}]}<\/script>\n<meta property=\"product:brand\" content=\"Goodride ZuperEco Z-107\" \/>\n<meta property=\"product:price:amount\" content=\"75.00\" \/>\n<meta property=\"product:price:currency\" content=\"EUR\" \/>\n<meta property=\"og:availability\" content=\"instock\" \/>\n<meta property=\"product:availability\" content=\"instock\" \/>\n<meta property=\"product:retailer_item_id\" content=\"TS2256018Goodr-E37031\" \/>\n<meta property=\"product:condition\" content=\"new\" \/>\n<!-- \/ Yoast SEO Premium plugin. -->","yoast_head_json":{"title":"225\/60R18 Goodride ZuperEco Z-107 100H &#8226; MMK Riepas","robots":{"index":"index","follow":"follow","max-snippet":"max-snippet:-1","max-image-preview":"max-image-preview:large","max-video-preview":"max-video-preview:-1"},"canonical":"https:\/\/mmkriepas.lv\/en\/p\/225-60r18-goodride-zupereco-z-107-100h-2\/","og_locale":"en_US","og_type":"article","og_title":"225\/60R18 Goodride ZuperEco Z-107 100H","og_description":"Goodride ZuperEco Z-107 galven\u0101s iez\u012bmes ir efekt\u012bva bremz\u0113\u0161ana uz sausa un mitra ce\u013ca seguma, brauk\u0161anas un akustiskais komforts, k\u0101 ar\u012b degvielas ekonomijas efektivit\u0101te (zemas rites pretest\u012bbas rezult\u0101ts).","og_url":"https:\/\/mmkriepas.lv\/en\/p\/225-60r18-goodride-zupereco-z-107-100h-2\/","og_site_name":"MMK Riepas","article_publisher":"https:\/\/www.facebook.com\/mmkserviss\/","article_modified_time":"2026-03-30T10:15:18+00:00","og_image":[{"width":1000,"height":750,"url":"https:\/\/mmkriepas.lv\/wp-content\/uploads\/2024\/03\/23535r19-goodride-zupereco-z-107-91w-xl-vasaras-riepas.jpg","type":"image\/jpeg"}],"twitter_card":"summary_large_image","twitter_misc":{"Price":"&euro;75.00","Availability":"In stock"},"schema":{"@context":"https:\/\/schema.org","@graph":[{"@type":"WebPage","@id":"https:\/\/mmkriepas.lv\/en\/p\/225-60r18-goodride-zupereco-z-107-100h-2\/","url":"https:\/\/mmkriepas.lv\/en\/p\/225-60r18-goodride-zupereco-z-107-100h-2\/","name":"225\/60R18 Goodride ZuperEco Z-107 100H &#8226; MMK Riepas","isPartOf":{"@id":"https:\/\/mmkriepas.lv\/en\/#website"},"primaryImageOfPage":{"@id":"https:\/\/mmkriepas.lv\/en\/p\/225-60r18-goodride-zupereco-z-107-100h-2\/#primaryimage"},"image":{"@id":"https:\/\/mmkriepas.lv\/en\/p\/225-60r18-goodride-zupereco-z-107-100h-2\/#primaryimage"},"thumbnailUrl":"https:\/\/mmkriepas.lv\/wp-content\/uploads\/2024\/03\/23535r19-goodride-zupereco-z-107-91w-xl-vasaras-riepas.jpg","datePublished":"2024-04-29T18:55:56+00:00","dateModified":"2026-03-30T10:15:18+00:00","breadcrumb":{"@id":"https:\/\/mmkriepas.lv\/en\/p\/225-60r18-goodride-zupereco-z-107-100h-2\/#breadcrumb"},"inLanguage":"en-US","potentialAction":[{"@type":"ReadAction","target":["https:\/\/mmkriepas.lv\/en\/p\/225-60r18-goodride-zupereco-z-107-100h-2\/"]}]},{"@type":"ImageObject","inLanguage":"en-US","@id":"https:\/\/mmkriepas.lv\/en\/p\/225-60r18-goodride-zupereco-z-107-100h-2\/#primaryimage","url":"https:\/\/mmkriepas.lv\/wp-content\/uploads\/2024\/03\/23535r19-goodride-zupereco-z-107-91w-xl-vasaras-riepas.jpg","contentUrl":"https:\/\/mmkriepas.lv\/wp-content\/uploads\/2024\/03\/23535r19-goodride-zupereco-z-107-91w-xl-vasaras-riepas.jpg","width":1000,"height":750,"caption":"MAIN"},{"@type":"BreadcrumbList","@id":"https:\/\/mmkriepas.lv\/en\/p\/225-60r18-goodride-zupereco-z-107-100h-2\/#breadcrumb","itemListElement":[{"@type":"ListItem","position":1,"name":"S\u0101kums","item":"https:\/\/mmkriepas.lv\/en\/"},{"@type":"ListItem","position":2,"name":"225\/60R18 Goodride ZuperEco Z-107 100H"}]},{"@type":"WebSite","@id":"https:\/\/mmkriepas.lv\/en\/#website","url":"https:\/\/mmkriepas.lv\/en\/","name":"MMK Riepas","description":"MMK Riepas","alternateName":"MMK Riepu Serviss","potentialAction":[{"@type":"SearchAction","target":{"@type":"EntryPoint","urlTemplate":"https:\/\/mmkriepas.lv\/en\/?s={search_term_string}"},"query-input":{"@type":"PropertyValueSpecification","valueRequired":true,"valueName":"search_term_string"}}],"inLanguage":"en-US"},{"@type":"ImageObject","inLanguage":"en-US","@id":"https:\/\/mmkriepas.lv\/en\/p\/225-60r18-goodride-zupereco-z-107-100h-2\/#local-main-organization-logo","url":"","contentUrl":"","caption":"MMK Riepas"}]},"product_brand":"Goodride ZuperEco Z-107","product_price_amount":"75.00","product_price_currency":"EUR","og_availability":"instock","product_availability":"instock","product_retailer_item_id":"TS2256018Goodr-E37031","product_condition":"new"},"_links":{"self":[{"href":"https:\/\/mmkriepas.lv\/en\/wp-json\/wp\/v2\/product\/895280","targetHints":{"allow":["GET"]}}],"collection":[{"href":"https:\/\/mmkriepas.lv\/en\/wp-json\/wp\/v2\/product"}],"about":[{"href":"https:\/\/mmkriepas.lv\/en\/wp-json\/wp\/v2\/types\/product"}],"wp:featuredmedia":[{"embeddable":true,"href":"https:\/\/mmkriepas.lv\/en\/wp-json\/wp\/v2\/media\/877897"}],"wp:attachment":[{"href":"https:\/\/mmkriepas.lv\/en\/wp-json\/wp\/v2\/media?parent=895280"}],"wp:term":[{"taxonomy":"product_brand","embeddable":true,"href":"https:\/\/mmkriepas.lv\/en\/wp-json\/wp\/v2\/product_brand?post=895280"},{"taxonomy":"product_cat","embeddable":true,"href":"https:\/\/mmkriepas.lv\/en\/wp-json\/wp\/v2\/product_cat?post=895280"},{"taxonomy":"product_tag","embeddable":true,"href":"https:\/\/mmkriepas.lv\/en\/wp-json\/wp\/v2\/product_tag?post=895280"}],"curies":[{"name":"wp","href":"https:\/\/api.w.org\/{rel}","templated":true}]}}