{"id":892857,"date":"2024-04-24T13:59:11","date_gmt":"2024-04-24T10:59:11","guid":{"rendered":"https:\/\/mmkserviss.lv\/?post_type=product&#038;p=892857"},"modified":"2025-04-03T15:47:33","modified_gmt":"2025-04-03T12:47:33","slug":"235-60r18-hankook-ventus-s1-evo2-suv-k117a103v","status":"publish","type":"product","link":"https:\/\/mmkriepas.lv\/en\/p\/235-60r18-hankook-ventus-s1-evo2-suv-k117a103v\/","title":{"rendered":"235\/60R18 Hankook Ventus S1 evo2 SUV K117A 103V"},"content":{"rendered":"<p><strong>Hankook Ventus S1 evo2 K117 <\/strong>ir vasaras riepu modelis, kas tiek pozicion\u0113ts k\u0101 augstas veiktsp\u0113jas modelis, premium automa\u0161\u012bn\u0101m. \u0160o modeli raksturo ide\u0101ls l\u012bdzsvars starp vis\u0101m galvenaj\u0101m ekspluat\u0101cijas \u012bpa\u0161\u012bb\u0101m, apvienojot vad\u0101m\u012bbu uz sausas un mitras virsmas ar degvielas pat\u0113ri\u0146a efektivit\u0101ti un akustisko komfortu.<\/p>\n<p><strong>Ventus S1 evo2 K117 \u012bpa\u0161\u012bbas:<\/strong><\/p>\n<p>+ Daudzfunkcion\u0101las \u016bdens novades rievas uzlabo iztur\u012bbu pret akvaplan\u0113\u0161anu un samazina riepas uzkar\u0161anu.<\/p>\n<p>+ Jaun\u0101 kordu tehnolo\u0123ija uzlabo stabilit\u0101ti liel\u0101 \u0101trum\u0101, nodro\u0161ina \u0101tru un prec\u012bzu reakciju uz vad\u012bt\u0101ja darb\u012bb\u0101m.<\/p>\n<p>+ Sal\u012bdzini\u0161i klusas riepas.<\/p>\n<p><strong>Ventus S1 evo2 K117 raksturojums:<\/strong><\/p>\n<p>Riepu protektors ir izgatavots no savienojuma ar \u013coti augstu jaun\u0101s paaudzes sil\u012bcija saturu. \u0160is komponents iev\u0113rojami uzlabo sa\u0137eri, it \u012bpa\u0161i uz slapj\u0101m virsm\u0101m, vienlaikus samazinot rites pretest\u012bbu un nodilumu.<\/p>\n<p>Garenisko \u016bdens novades rievu s\u0101nu sienas ir sl\u012bpas un bez asiem le\u0146\u0137iem. Tas nov\u0113r\u0161 akvaplan\u0113\u0161anas risku un palielina rievu \u016bdens caurlaid\u012bbu. \u0160o rievu apak\u0161\u0101 ir \u0161auri gareniski padzi\u013cin\u0101jumi. <strong>Tie ir daudzfunkcion\u0101li<\/strong>, jo tie papildus palielina iztur\u012bbu pret akvaplan\u0113\u0161anu un siltuma izklied\u0113\u0161anu no protektora, t\u0101d\u0113j\u0101di <strong>nov\u0113r\u0161ot riepu uzkar\u0161anu liel\u0101 \u0101trum\u0101<\/strong>. \u0160o \u012bpa\u0161\u012bbu v\u0113l palielina apa\u013cie iegriezumi plecu zon\u0101<\/p>\n<p><strong>*Uzman\u012bbu<\/strong>: vasaras riepas, kas ir ra\u017eotas \u0136\u012bn\u0101, var b\u016bt apz\u012bm\u0113tas ar apz\u012bm\u0113jumu M+S. J\u0101\u0146em ver\u0101, ka \u0136\u012bnas teritorija sniedzas da\u017e\u0101d\u0101s klimatiskaj\u0101s zon\u0101s, kur da\u017eviet metereolo\u0123isk\u0101 ziema t\u0101 ar\u012b neiest\u0101jas. L\u012bdz ar to, tur \u0161\u012bs riepas var izmantot visu gadu, kam\u0113r <strong>Latvij\u0101 tas nestr\u0101d\u0101<\/strong>!<\/p>\n","protected":false},"excerpt":{"rendered":"<p><strong>Hankook Ventus S1 evo2 K117 <\/strong>ir vasaras riepu modelis, kas tiek pozicion\u0113ts k\u0101 augstas veiktsp\u0113jas modelis, premium automa\u0161\u012bn\u0101m. \u0160o modeli raksturo ide\u0101ls l\u012bdzsvars starp vis\u0101m galvenaj\u0101m ekspluat\u0101cijas \u012bpa\u0161\u012bb\u0101m, apvienojot vad\u0101m\u012bbu uz sausas un mitras virsmas ar degvielas pat\u0113ri\u0146a efektivit\u0101ti un akustisko komfortu.<\/p>\n","protected":false},"featured_media":904476,"template":"","meta":{"_acf_changed":false,"ngg_post_thumbnail":0},"product_brand":[],"product_cat":[46],"product_tag":[],"class_list":{"0":"post-892857","1":"product","2":"type-product","3":"status-publish","4":"has-post-thumbnail","6":"product_cat-vasaras-riepas","8":"first","9":"instock","10":"taxable","11":"shipping-taxable","12":"product-type-simple"},"acf":[],"yoast_head":"<!-- This site is optimized with the Yoast SEO Premium plugin v22.6 (Yoast SEO v27.3) - https:\/\/yoast.com\/product\/yoast-seo-premium-wordpress\/ -->\n<title>235\/60R18 Hankook Ventus S1 evo2 SUV K117A 103V &#8226; MMK Riepas<\/title>\n<meta name=\"robots\" content=\"index, follow, max-snippet:-1, max-image-preview:large, max-video-preview:-1\" \/>\n<link rel=\"canonical\" href=\"https:\/\/mmkriepas.lv\/en\/p\/235-60r18-hankook-ventus-s1-evo2-suv-k117a103v\/\" \/>\n<meta property=\"og:locale\" content=\"en_US\" \/>\n<meta property=\"og:type\" content=\"article\" \/>\n<meta property=\"og:title\" content=\"235\/60R18 Hankook Ventus S1 evo2 SUV K117A 103V\" \/>\n<meta property=\"og:description\" content=\"Hankook Ventus S1 evo2 K117 ir vasaras riepu modelis, kas tiek pozicion\u0113ts k\u0101 augstas veiktsp\u0113jas modelis, premium automa\u0161\u012bn\u0101m. \u0160o modeli raksturo ide\u0101ls l\u012bdzsvars starp vis\u0101m galvenaj\u0101m ekspluat\u0101cijas \u012bpa\u0161\u012bb\u0101m, apvienojot vad\u0101m\u012bbu uz sausas un mitras virsmas ar degvielas pat\u0113ri\u0146a efektivit\u0101ti un akustisko komfortu.\" \/>\n<meta property=\"og:url\" content=\"https:\/\/mmkriepas.lv\/en\/p\/235-60r18-hankook-ventus-s1-evo2-suv-k117a103v\/\" \/>\n<meta property=\"og:site_name\" content=\"MMK Riepas\" \/>\n<meta property=\"article:publisher\" content=\"https:\/\/www.facebook.com\/mmkserviss\/\" \/>\n<meta property=\"article:modified_time\" content=\"2025-04-03T12:47:33+00:00\" \/>\n<meta property=\"og:image\" content=\"https:\/\/mmkriepas.lv\/wp-content\/uploads\/2024\/05\/hankook-ventus-s1-evo2-k117.jpg\" \/>\n\t<meta property=\"og:image:width\" content=\"900\" \/>\n\t<meta property=\"og:image:height\" content=\"720\" \/>\n\t<meta property=\"og:image:type\" content=\"image\/jpeg\" \/>\n<meta name=\"twitter:card\" content=\"summary_large_image\" \/>\n<meta name=\"twitter:label1\" content=\"Price\" \/>\n\t<meta name=\"twitter:data1\" content=\"&euro;125.00\" \/>\n\t<meta name=\"twitter:label2\" content=\"Availability\" \/>\n\t<meta name=\"twitter:data2\" content=\"In stock\" \/>\n<script type=\"application\/ld+json\" class=\"yoast-schema-graph\">{\"@context\":\"https:\\\/\\\/schema.org\",\"@graph\":[{\"@type\":\"WebPage\",\"@id\":\"https:\\\/\\\/mmkriepas.lv\\\/en\\\/p\\\/235-60r18-hankook-ventus-s1-evo2-suv-k117a103v\\\/\",\"url\":\"https:\\\/\\\/mmkriepas.lv\\\/en\\\/p\\\/235-60r18-hankook-ventus-s1-evo2-suv-k117a103v\\\/\",\"name\":\"235\\\/60R18 Hankook Ventus S1 evo2 SUV K117A 103V &#8226; MMK Riepas\",\"isPartOf\":{\"@id\":\"https:\\\/\\\/mmkriepas.lv\\\/en\\\/#website\"},\"primaryImageOfPage\":{\"@id\":\"https:\\\/\\\/mmkriepas.lv\\\/en\\\/p\\\/235-60r18-hankook-ventus-s1-evo2-suv-k117a103v\\\/#primaryimage\"},\"image\":{\"@id\":\"https:\\\/\\\/mmkriepas.lv\\\/en\\\/p\\\/235-60r18-hankook-ventus-s1-evo2-suv-k117a103v\\\/#primaryimage\"},\"thumbnailUrl\":\"https:\\\/\\\/mmkriepas.lv\\\/wp-content\\\/uploads\\\/2024\\\/05\\\/hankook-ventus-s1-evo2-k117.jpg\",\"datePublished\":\"2024-04-24T10:59:11+00:00\",\"dateModified\":\"2025-04-03T12:47:33+00:00\",\"breadcrumb\":{\"@id\":\"https:\\\/\\\/mmkriepas.lv\\\/en\\\/p\\\/235-60r18-hankook-ventus-s1-evo2-suv-k117a103v\\\/#breadcrumb\"},\"inLanguage\":\"en-US\",\"potentialAction\":[{\"@type\":\"ReadAction\",\"target\":[\"https:\\\/\\\/mmkriepas.lv\\\/en\\\/p\\\/235-60r18-hankook-ventus-s1-evo2-suv-k117a103v\\\/\"]}]},{\"@type\":\"ImageObject\",\"inLanguage\":\"en-US\",\"@id\":\"https:\\\/\\\/mmkriepas.lv\\\/en\\\/p\\\/235-60r18-hankook-ventus-s1-evo2-suv-k117a103v\\\/#primaryimage\",\"url\":\"https:\\\/\\\/mmkriepas.lv\\\/wp-content\\\/uploads\\\/2024\\\/05\\\/hankook-ventus-s1-evo2-k117.jpg\",\"contentUrl\":\"https:\\\/\\\/mmkriepas.lv\\\/wp-content\\\/uploads\\\/2024\\\/05\\\/hankook-ventus-s1-evo2-k117.jpg\",\"width\":900,\"height\":720,\"caption\":\"MAIN\"},{\"@type\":\"BreadcrumbList\",\"@id\":\"https:\\\/\\\/mmkriepas.lv\\\/en\\\/p\\\/235-60r18-hankook-ventus-s1-evo2-suv-k117a103v\\\/#breadcrumb\",\"itemListElement\":[{\"@type\":\"ListItem\",\"position\":1,\"name\":\"S\u0101kums\",\"item\":\"https:\\\/\\\/mmkriepas.lv\\\/en\\\/\"},{\"@type\":\"ListItem\",\"position\":2,\"name\":\"235\\\/60R18 Hankook Ventus S1 evo2 SUV K117A 103V\"}]},{\"@type\":\"WebSite\",\"@id\":\"https:\\\/\\\/mmkriepas.lv\\\/en\\\/#website\",\"url\":\"https:\\\/\\\/mmkriepas.lv\\\/en\\\/\",\"name\":\"MMK Riepas\",\"description\":\"MMK Riepas\",\"alternateName\":\"MMK Riepu Serviss\",\"potentialAction\":[{\"@type\":\"SearchAction\",\"target\":{\"@type\":\"EntryPoint\",\"urlTemplate\":\"https:\\\/\\\/mmkriepas.lv\\\/en\\\/?s={search_term_string}\"},\"query-input\":{\"@type\":\"PropertyValueSpecification\",\"valueRequired\":true,\"valueName\":\"search_term_string\"}}],\"inLanguage\":\"en-US\"},{\"@type\":\"ImageObject\",\"inLanguage\":\"en-US\",\"@id\":\"https:\\\/\\\/mmkriepas.lv\\\/en\\\/p\\\/235-60r18-hankook-ventus-s1-evo2-suv-k117a103v\\\/#local-main-organization-logo\",\"url\":\"\",\"contentUrl\":\"\",\"caption\":\"MMK Riepas\"}]}<\/script>\n<meta property=\"product:brand\" content=\"Hankook Ventus S1 evo2 K117\" \/>\n<meta property=\"product:price:amount\" content=\"125.00\" \/>\n<meta property=\"product:price:currency\" content=\"EUR\" \/>\n<meta property=\"og:availability\" content=\"instock\" \/>\n<meta property=\"product:availability\" content=\"instock\" \/>\n<meta property=\"product:retailer_item_id\" content=\"TS2356018Hanko-E36857\" \/>\n<meta property=\"product:condition\" content=\"new\" \/>\n<!-- \/ Yoast SEO Premium plugin. -->","yoast_head_json":{"title":"235\/60R18 Hankook Ventus S1 evo2 SUV K117A 103V &#8226; MMK Riepas","robots":{"index":"index","follow":"follow","max-snippet":"max-snippet:-1","max-image-preview":"max-image-preview:large","max-video-preview":"max-video-preview:-1"},"canonical":"https:\/\/mmkriepas.lv\/en\/p\/235-60r18-hankook-ventus-s1-evo2-suv-k117a103v\/","og_locale":"en_US","og_type":"article","og_title":"235\/60R18 Hankook Ventus S1 evo2 SUV K117A 103V","og_description":"Hankook Ventus S1 evo2 K117 ir vasaras riepu modelis, kas tiek pozicion\u0113ts k\u0101 augstas veiktsp\u0113jas modelis, premium automa\u0161\u012bn\u0101m. \u0160o modeli raksturo ide\u0101ls l\u012bdzsvars starp vis\u0101m galvenaj\u0101m ekspluat\u0101cijas \u012bpa\u0161\u012bb\u0101m, apvienojot vad\u0101m\u012bbu uz sausas un mitras virsmas ar degvielas pat\u0113ri\u0146a efektivit\u0101ti un akustisko komfortu.","og_url":"https:\/\/mmkriepas.lv\/en\/p\/235-60r18-hankook-ventus-s1-evo2-suv-k117a103v\/","og_site_name":"MMK Riepas","article_publisher":"https:\/\/www.facebook.com\/mmkserviss\/","article_modified_time":"2025-04-03T12:47:33+00:00","og_image":[{"width":900,"height":720,"url":"https:\/\/mmkriepas.lv\/wp-content\/uploads\/2024\/05\/hankook-ventus-s1-evo2-k117.jpg","type":"image\/jpeg"}],"twitter_card":"summary_large_image","twitter_misc":{"Price":"&euro;125.00","Availability":"In stock"},"schema":{"@context":"https:\/\/schema.org","@graph":[{"@type":"WebPage","@id":"https:\/\/mmkriepas.lv\/en\/p\/235-60r18-hankook-ventus-s1-evo2-suv-k117a103v\/","url":"https:\/\/mmkriepas.lv\/en\/p\/235-60r18-hankook-ventus-s1-evo2-suv-k117a103v\/","name":"235\/60R18 Hankook Ventus S1 evo2 SUV K117A 103V &#8226; MMK Riepas","isPartOf":{"@id":"https:\/\/mmkriepas.lv\/en\/#website"},"primaryImageOfPage":{"@id":"https:\/\/mmkriepas.lv\/en\/p\/235-60r18-hankook-ventus-s1-evo2-suv-k117a103v\/#primaryimage"},"image":{"@id":"https:\/\/mmkriepas.lv\/en\/p\/235-60r18-hankook-ventus-s1-evo2-suv-k117a103v\/#primaryimage"},"thumbnailUrl":"https:\/\/mmkriepas.lv\/wp-content\/uploads\/2024\/05\/hankook-ventus-s1-evo2-k117.jpg","datePublished":"2024-04-24T10:59:11+00:00","dateModified":"2025-04-03T12:47:33+00:00","breadcrumb":{"@id":"https:\/\/mmkriepas.lv\/en\/p\/235-60r18-hankook-ventus-s1-evo2-suv-k117a103v\/#breadcrumb"},"inLanguage":"en-US","potentialAction":[{"@type":"ReadAction","target":["https:\/\/mmkriepas.lv\/en\/p\/235-60r18-hankook-ventus-s1-evo2-suv-k117a103v\/"]}]},{"@type":"ImageObject","inLanguage":"en-US","@id":"https:\/\/mmkriepas.lv\/en\/p\/235-60r18-hankook-ventus-s1-evo2-suv-k117a103v\/#primaryimage","url":"https:\/\/mmkriepas.lv\/wp-content\/uploads\/2024\/05\/hankook-ventus-s1-evo2-k117.jpg","contentUrl":"https:\/\/mmkriepas.lv\/wp-content\/uploads\/2024\/05\/hankook-ventus-s1-evo2-k117.jpg","width":900,"height":720,"caption":"MAIN"},{"@type":"BreadcrumbList","@id":"https:\/\/mmkriepas.lv\/en\/p\/235-60r18-hankook-ventus-s1-evo2-suv-k117a103v\/#breadcrumb","itemListElement":[{"@type":"ListItem","position":1,"name":"S\u0101kums","item":"https:\/\/mmkriepas.lv\/en\/"},{"@type":"ListItem","position":2,"name":"235\/60R18 Hankook Ventus S1 evo2 SUV K117A 103V"}]},{"@type":"WebSite","@id":"https:\/\/mmkriepas.lv\/en\/#website","url":"https:\/\/mmkriepas.lv\/en\/","name":"MMK Riepas","description":"MMK Riepas","alternateName":"MMK Riepu Serviss","potentialAction":[{"@type":"SearchAction","target":{"@type":"EntryPoint","urlTemplate":"https:\/\/mmkriepas.lv\/en\/?s={search_term_string}"},"query-input":{"@type":"PropertyValueSpecification","valueRequired":true,"valueName":"search_term_string"}}],"inLanguage":"en-US"},{"@type":"ImageObject","inLanguage":"en-US","@id":"https:\/\/mmkriepas.lv\/en\/p\/235-60r18-hankook-ventus-s1-evo2-suv-k117a103v\/#local-main-organization-logo","url":"","contentUrl":"","caption":"MMK Riepas"}]},"product_brand":"Hankook Ventus S1 evo2 K117","product_price_amount":"125.00","product_price_currency":"EUR","og_availability":"instock","product_availability":"instock","product_retailer_item_id":"TS2356018Hanko-E36857","product_condition":"new"},"_links":{"self":[{"href":"https:\/\/mmkriepas.lv\/en\/wp-json\/wp\/v2\/product\/892857","targetHints":{"allow":["GET"]}}],"collection":[{"href":"https:\/\/mmkriepas.lv\/en\/wp-json\/wp\/v2\/product"}],"about":[{"href":"https:\/\/mmkriepas.lv\/en\/wp-json\/wp\/v2\/types\/product"}],"wp:featuredmedia":[{"embeddable":true,"href":"https:\/\/mmkriepas.lv\/en\/wp-json\/wp\/v2\/media\/904476"}],"wp:attachment":[{"href":"https:\/\/mmkriepas.lv\/en\/wp-json\/wp\/v2\/media?parent=892857"}],"wp:term":[{"taxonomy":"product_brand","embeddable":true,"href":"https:\/\/mmkriepas.lv\/en\/wp-json\/wp\/v2\/product_brand?post=892857"},{"taxonomy":"product_cat","embeddable":true,"href":"https:\/\/mmkriepas.lv\/en\/wp-json\/wp\/v2\/product_cat?post=892857"},{"taxonomy":"product_tag","embeddable":true,"href":"https:\/\/mmkriepas.lv\/en\/wp-json\/wp\/v2\/product_tag?post=892857"}],"curies":[{"name":"wp","href":"https:\/\/api.w.org\/{rel}","templated":true}]}}