{"id":891380,"date":"2024-04-21T22:23:19","date_gmt":"2024-04-21T19:23:19","guid":{"rendered":"https:\/\/mmkserviss.lv\/?post_type=product&#038;p=891380"},"modified":"2026-03-30T01:44:59","modified_gmt":"2026-03-29T22:44:59","slug":"145-65r15-maxxis-mecotra-3-me3-72t","status":"publish","type":"product","link":"https:\/\/mmkriepas.lv\/en\/p\/145-65r15-maxxis-mecotra-3-me3-72t\/","title":{"rendered":"145\/65R15 Maxxis Mecotra 3 ME3 72T"},"content":{"rendered":"<p><strong>Maxxis Mecotra 3 ME3<\/strong> vasaras riepa ir paredz\u0113ta vieglaj\u0101m automa\u0161\u012bn\u0101m. Klasific\u0113jas pie &#8220;<strong>energoefekt\u012bvajiem<\/strong>&#8221; mode\u013ciem, kam rakstur\u012bgas izteiktas degvielas ekonomijas \u012bpa\u0161\u012bbas un pagarin\u0101ts kalpo\u0161anas laiks.<\/p>\n<h3>Maxxis Mecotra ME3 galven\u0101s \u012bpa\u0161\u012bbas<\/h3>\n<p>+ FEQ tehnolo\u0123ija uzlabo vilkmi un palielina riepu nobraukumu;<br \/>+ Plat\u0101s centr\u0101l\u0101s ribas samazina rites pretest\u012bbu, palielina stabilit\u0101ti pagriezienos;<br \/>+ Palielin\u0101tas garenisk\u0101s rievas samazina akvaplan\u0113\u0161anas risku.<\/p>\n<p>Riepa ir konstru\u0113ta, izmantojot patent\u0113tu FEQ tehnolo\u0123iju. \u0160ajam modelim ir izmantoti vair\u0101ki tehniskie risin\u0101jumu, kas ietekm\u0113ja ne tikai protektora z\u012bm\u0113juma, bet ar\u012b r\u0101mja dizainu palielin\u0101ta kontakta vieta un nodro\u0161in\u0101ts izcils spiediena vienm\u0113r\u012bgums ar ce\u013ca seguma. T\u0101 rezult\u0101t\u0101 ir uzlabojusies gan sa\u0137ere, gan stabilit\u0101te. Taj\u0101 pa\u0161\u0101 laik\u0101 tika iev\u0113rojami <strong>uzlabota protektora iztur\u012bba pret nodilumu.<\/strong> V\u0113l viena iez\u012bme ir palielin\u0101ts garenisko\u00a0 rievu platums. Tas nodro\u0161ina zemu akvaplan\u0113\u0161anas risku ar\u012b pie lieliem \u0101trumiem.<\/p>\n","protected":false},"excerpt":{"rendered":"<p><strong>Maxxis Mecotra 3 ME3<\/strong> vasaras riepa ir paredz\u0113ta vieglaj\u0101m automa\u0161\u012bn\u0101m. Klasific\u0113jas pie &#8220;<strong>energoefekt\u012bvajiem<\/strong>&#8221; mode\u013ciem, kam rakstur\u012bgas izteiktas degvielas ekonomijas \u012bpa\u0161\u012bbas un pagarin\u0101ts kalpo\u0161anas laiks.<\/p>\n","protected":false},"featured_media":94119,"template":"","meta":{"_acf_changed":false,"ngg_post_thumbnail":0},"product_brand":[],"product_cat":[46],"product_tag":[],"class_list":{"0":"post-891380","1":"product","2":"type-product","3":"status-publish","4":"has-post-thumbnail","6":"product_cat-vasaras-riepas","8":"first","9":"instock","10":"sale","11":"taxable","12":"shipping-taxable","13":"purchasable","14":"product-type-simple"},"acf":[],"yoast_head":"<!-- This site is optimized with the Yoast SEO Premium plugin v22.6 (Yoast SEO v27.3) - https:\/\/yoast.com\/product\/yoast-seo-premium-wordpress\/ -->\n<title>145\/65R15 Maxxis Mecotra 3 ME3 72T &#8226; MMK Riepas<\/title>\n<meta name=\"robots\" content=\"index, follow, max-snippet:-1, max-image-preview:large, max-video-preview:-1\" \/>\n<link rel=\"canonical\" href=\"https:\/\/mmkriepas.lv\/en\/p\/145-65r15-maxxis-mecotra-3-me3-72t\/\" \/>\n<meta property=\"og:locale\" content=\"en_US\" \/>\n<meta property=\"og:type\" content=\"article\" \/>\n<meta property=\"og:title\" content=\"145\/65R15 Maxxis Mecotra 3 ME3 72T\" \/>\n<meta property=\"og:description\" content=\"Maxxis Mecotra 3 ME3 vasaras riepa ir paredz\u0113ta vieglaj\u0101m automa\u0161\u012bn\u0101m. Klasific\u0113jas pie &quot;energoefekt\u012bvajiem&quot; mode\u013ciem, kam rakstur\u012bgas izteiktas degvielas ekonomijas \u012bpa\u0161\u012bbas un pagarin\u0101ts kalpo\u0161anas laiks.\" \/>\n<meta property=\"og:url\" content=\"https:\/\/mmkriepas.lv\/en\/p\/145-65r15-maxxis-mecotra-3-me3-72t\/\" \/>\n<meta property=\"og:site_name\" content=\"MMK Riepas\" \/>\n<meta property=\"article:publisher\" content=\"https:\/\/www.facebook.com\/mmkserviss\/\" \/>\n<meta property=\"article:modified_time\" content=\"2026-03-29T22:44:59+00:00\" \/>\n<meta property=\"og:image\" content=\"https:\/\/mmkriepas.lv\/wp-content\/uploads\/2019\/03\/20570r15-maxxis-mecotra-3-96h-vasaras-riepas.jpg\" \/>\n\t<meta property=\"og:image:width\" content=\"1920\" \/>\n\t<meta property=\"og:image:height\" content=\"1235\" \/>\n\t<meta property=\"og:image:type\" content=\"image\/jpeg\" \/>\n<meta name=\"twitter:card\" content=\"summary_large_image\" \/>\n<meta name=\"twitter:label1\" content=\"Price\" \/>\n\t<meta name=\"twitter:data1\" content=\"&euro;52.00\" \/>\n\t<meta name=\"twitter:label2\" content=\"Availability\" \/>\n\t<meta name=\"twitter:data2\" content=\"In stock\" \/>\n<script type=\"application\/ld+json\" class=\"yoast-schema-graph\">{\"@context\":\"https:\\\/\\\/schema.org\",\"@graph\":[{\"@type\":\"WebPage\",\"@id\":\"https:\\\/\\\/mmkriepas.lv\\\/en\\\/p\\\/145-65r15-maxxis-mecotra-3-me3-72t\\\/\",\"url\":\"https:\\\/\\\/mmkriepas.lv\\\/en\\\/p\\\/145-65r15-maxxis-mecotra-3-me3-72t\\\/\",\"name\":\"145\\\/65R15 Maxxis Mecotra 3 ME3 72T &#8226; MMK Riepas\",\"isPartOf\":{\"@id\":\"https:\\\/\\\/mmkriepas.lv\\\/en\\\/#website\"},\"primaryImageOfPage\":{\"@id\":\"https:\\\/\\\/mmkriepas.lv\\\/en\\\/p\\\/145-65r15-maxxis-mecotra-3-me3-72t\\\/#primaryimage\"},\"image\":{\"@id\":\"https:\\\/\\\/mmkriepas.lv\\\/en\\\/p\\\/145-65r15-maxxis-mecotra-3-me3-72t\\\/#primaryimage\"},\"thumbnailUrl\":\"https:\\\/\\\/mmkriepas.lv\\\/wp-content\\\/uploads\\\/2019\\\/03\\\/20570r15-maxxis-mecotra-3-96h-vasaras-riepas.jpg\",\"datePublished\":\"2024-04-21T19:23:19+00:00\",\"dateModified\":\"2026-03-29T22:44:59+00:00\",\"breadcrumb\":{\"@id\":\"https:\\\/\\\/mmkriepas.lv\\\/en\\\/p\\\/145-65r15-maxxis-mecotra-3-me3-72t\\\/#breadcrumb\"},\"inLanguage\":\"en-US\",\"potentialAction\":[{\"@type\":\"ReadAction\",\"target\":[\"https:\\\/\\\/mmkriepas.lv\\\/en\\\/p\\\/145-65r15-maxxis-mecotra-3-me3-72t\\\/\"]}]},{\"@type\":\"ImageObject\",\"inLanguage\":\"en-US\",\"@id\":\"https:\\\/\\\/mmkriepas.lv\\\/en\\\/p\\\/145-65r15-maxxis-mecotra-3-me3-72t\\\/#primaryimage\",\"url\":\"https:\\\/\\\/mmkriepas.lv\\\/wp-content\\\/uploads\\\/2019\\\/03\\\/20570r15-maxxis-mecotra-3-96h-vasaras-riepas.jpg\",\"contentUrl\":\"https:\\\/\\\/mmkriepas.lv\\\/wp-content\\\/uploads\\\/2019\\\/03\\\/20570r15-maxxis-mecotra-3-96h-vasaras-riepas.jpg\",\"width\":1920,\"height\":1235,\"caption\":\"205\\\/70R15 Maxxis Mecotra 3 96H - Vasaras riepas\"},{\"@type\":\"BreadcrumbList\",\"@id\":\"https:\\\/\\\/mmkriepas.lv\\\/en\\\/p\\\/145-65r15-maxxis-mecotra-3-me3-72t\\\/#breadcrumb\",\"itemListElement\":[{\"@type\":\"ListItem\",\"position\":1,\"name\":\"S\u0101kums\",\"item\":\"https:\\\/\\\/mmkriepas.lv\\\/en\\\/\"},{\"@type\":\"ListItem\",\"position\":2,\"name\":\"145\\\/65R15 Maxxis Mecotra 3 ME3 72T\"}]},{\"@type\":\"WebSite\",\"@id\":\"https:\\\/\\\/mmkriepas.lv\\\/en\\\/#website\",\"url\":\"https:\\\/\\\/mmkriepas.lv\\\/en\\\/\",\"name\":\"MMK Riepas\",\"description\":\"MMK Riepas\",\"alternateName\":\"MMK Riepu Serviss\",\"potentialAction\":[{\"@type\":\"SearchAction\",\"target\":{\"@type\":\"EntryPoint\",\"urlTemplate\":\"https:\\\/\\\/mmkriepas.lv\\\/en\\\/?s={search_term_string}\"},\"query-input\":{\"@type\":\"PropertyValueSpecification\",\"valueRequired\":true,\"valueName\":\"search_term_string\"}}],\"inLanguage\":\"en-US\"},{\"@type\":\"ImageObject\",\"inLanguage\":\"en-US\",\"@id\":\"https:\\\/\\\/mmkriepas.lv\\\/en\\\/p\\\/145-65r15-maxxis-mecotra-3-me3-72t\\\/#local-main-organization-logo\",\"url\":\"\",\"contentUrl\":\"\",\"caption\":\"MMK Riepas\"}]}<\/script>\n<meta property=\"product:brand\" content=\"Maxxis Mecotra 3 ME3\" \/>\n<meta property=\"product:price:amount\" content=\"52.00\" \/>\n<meta property=\"product:price:currency\" content=\"EUR\" \/>\n<meta property=\"og:availability\" content=\"instock\" \/>\n<meta property=\"product:availability\" content=\"instock\" \/>\n<meta property=\"product:retailer_item_id\" content=\"TS1456515MAXXI-L36571\" \/>\n<meta property=\"product:condition\" content=\"new\" \/>\n<!-- \/ Yoast SEO Premium plugin. -->","yoast_head_json":{"title":"145\/65R15 Maxxis Mecotra 3 ME3 72T &#8226; MMK Riepas","robots":{"index":"index","follow":"follow","max-snippet":"max-snippet:-1","max-image-preview":"max-image-preview:large","max-video-preview":"max-video-preview:-1"},"canonical":"https:\/\/mmkriepas.lv\/en\/p\/145-65r15-maxxis-mecotra-3-me3-72t\/","og_locale":"en_US","og_type":"article","og_title":"145\/65R15 Maxxis Mecotra 3 ME3 72T","og_description":"Maxxis Mecotra 3 ME3 vasaras riepa ir paredz\u0113ta vieglaj\u0101m automa\u0161\u012bn\u0101m. Klasific\u0113jas pie \"energoefekt\u012bvajiem\" mode\u013ciem, kam rakstur\u012bgas izteiktas degvielas ekonomijas \u012bpa\u0161\u012bbas un pagarin\u0101ts kalpo\u0161anas laiks.","og_url":"https:\/\/mmkriepas.lv\/en\/p\/145-65r15-maxxis-mecotra-3-me3-72t\/","og_site_name":"MMK Riepas","article_publisher":"https:\/\/www.facebook.com\/mmkserviss\/","article_modified_time":"2026-03-29T22:44:59+00:00","og_image":[{"width":1920,"height":1235,"url":"https:\/\/mmkriepas.lv\/wp-content\/uploads\/2019\/03\/20570r15-maxxis-mecotra-3-96h-vasaras-riepas.jpg","type":"image\/jpeg"}],"twitter_card":"summary_large_image","twitter_misc":{"Price":"&euro;52.00","Availability":"In stock"},"schema":{"@context":"https:\/\/schema.org","@graph":[{"@type":"WebPage","@id":"https:\/\/mmkriepas.lv\/en\/p\/145-65r15-maxxis-mecotra-3-me3-72t\/","url":"https:\/\/mmkriepas.lv\/en\/p\/145-65r15-maxxis-mecotra-3-me3-72t\/","name":"145\/65R15 Maxxis Mecotra 3 ME3 72T &#8226; MMK Riepas","isPartOf":{"@id":"https:\/\/mmkriepas.lv\/en\/#website"},"primaryImageOfPage":{"@id":"https:\/\/mmkriepas.lv\/en\/p\/145-65r15-maxxis-mecotra-3-me3-72t\/#primaryimage"},"image":{"@id":"https:\/\/mmkriepas.lv\/en\/p\/145-65r15-maxxis-mecotra-3-me3-72t\/#primaryimage"},"thumbnailUrl":"https:\/\/mmkriepas.lv\/wp-content\/uploads\/2019\/03\/20570r15-maxxis-mecotra-3-96h-vasaras-riepas.jpg","datePublished":"2024-04-21T19:23:19+00:00","dateModified":"2026-03-29T22:44:59+00:00","breadcrumb":{"@id":"https:\/\/mmkriepas.lv\/en\/p\/145-65r15-maxxis-mecotra-3-me3-72t\/#breadcrumb"},"inLanguage":"en-US","potentialAction":[{"@type":"ReadAction","target":["https:\/\/mmkriepas.lv\/en\/p\/145-65r15-maxxis-mecotra-3-me3-72t\/"]}]},{"@type":"ImageObject","inLanguage":"en-US","@id":"https:\/\/mmkriepas.lv\/en\/p\/145-65r15-maxxis-mecotra-3-me3-72t\/#primaryimage","url":"https:\/\/mmkriepas.lv\/wp-content\/uploads\/2019\/03\/20570r15-maxxis-mecotra-3-96h-vasaras-riepas.jpg","contentUrl":"https:\/\/mmkriepas.lv\/wp-content\/uploads\/2019\/03\/20570r15-maxxis-mecotra-3-96h-vasaras-riepas.jpg","width":1920,"height":1235,"caption":"205\/70R15 Maxxis Mecotra 3 96H - Vasaras riepas"},{"@type":"BreadcrumbList","@id":"https:\/\/mmkriepas.lv\/en\/p\/145-65r15-maxxis-mecotra-3-me3-72t\/#breadcrumb","itemListElement":[{"@type":"ListItem","position":1,"name":"S\u0101kums","item":"https:\/\/mmkriepas.lv\/en\/"},{"@type":"ListItem","position":2,"name":"145\/65R15 Maxxis Mecotra 3 ME3 72T"}]},{"@type":"WebSite","@id":"https:\/\/mmkriepas.lv\/en\/#website","url":"https:\/\/mmkriepas.lv\/en\/","name":"MMK Riepas","description":"MMK Riepas","alternateName":"MMK Riepu Serviss","potentialAction":[{"@type":"SearchAction","target":{"@type":"EntryPoint","urlTemplate":"https:\/\/mmkriepas.lv\/en\/?s={search_term_string}"},"query-input":{"@type":"PropertyValueSpecification","valueRequired":true,"valueName":"search_term_string"}}],"inLanguage":"en-US"},{"@type":"ImageObject","inLanguage":"en-US","@id":"https:\/\/mmkriepas.lv\/en\/p\/145-65r15-maxxis-mecotra-3-me3-72t\/#local-main-organization-logo","url":"","contentUrl":"","caption":"MMK Riepas"}]},"product_brand":"Maxxis Mecotra 3 ME3","product_price_amount":"52.00","product_price_currency":"EUR","og_availability":"instock","product_availability":"instock","product_retailer_item_id":"TS1456515MAXXI-L36571","product_condition":"new"},"_links":{"self":[{"href":"https:\/\/mmkriepas.lv\/en\/wp-json\/wp\/v2\/product\/891380","targetHints":{"allow":["GET"]}}],"collection":[{"href":"https:\/\/mmkriepas.lv\/en\/wp-json\/wp\/v2\/product"}],"about":[{"href":"https:\/\/mmkriepas.lv\/en\/wp-json\/wp\/v2\/types\/product"}],"wp:featuredmedia":[{"embeddable":true,"href":"https:\/\/mmkriepas.lv\/en\/wp-json\/wp\/v2\/media\/94119"}],"wp:attachment":[{"href":"https:\/\/mmkriepas.lv\/en\/wp-json\/wp\/v2\/media?parent=891380"}],"wp:term":[{"taxonomy":"product_brand","embeddable":true,"href":"https:\/\/mmkriepas.lv\/en\/wp-json\/wp\/v2\/product_brand?post=891380"},{"taxonomy":"product_cat","embeddable":true,"href":"https:\/\/mmkriepas.lv\/en\/wp-json\/wp\/v2\/product_cat?post=891380"},{"taxonomy":"product_tag","embeddable":true,"href":"https:\/\/mmkriepas.lv\/en\/wp-json\/wp\/v2\/product_tag?post=891380"}],"curies":[{"name":"wp","href":"https:\/\/api.w.org\/{rel}","templated":true}]}}