{"id":888283,"date":"2024-04-09T22:50:57","date_gmt":"2024-04-09T19:50:57","guid":{"rendered":"https:\/\/mmkserviss.lv\/?post_type=product&#038;p=888283"},"modified":"2026-03-27T13:59:42","modified_gmt":"2026-03-27T11:59:42","slug":"255-35r19-dynamo-street-h-mu71-96y-xl-rp","status":"publish","type":"product","link":"https:\/\/mmkriepas.lv\/en\/p\/255-35r19-dynamo-street-h-mu71-96y-xl-rp\/","title":{"rendered":"255\/35R19 Dynamo Street-H MU71 96Y XL RP"},"content":{"rendered":"<p class=\"western\"><span style=\"font-family: Arial, sans-serif;\"><b><span>Dynamo Street-H MU71<\/span><\/b><span> ir labas kvalit\u0101tes, bud\u017eeta klases UHP jeb augstas veiktsp\u0113jas vasaras riepu modelis. Tas izce\u013cas ar labiem degvielas ekonomijas, brauk\u0161anas komforta un sa\u0137eres r\u0101d\u012bt\u0101jiem uz sausa un slapja asfalta ar\u012b lielos brauk\u0161anas \u0101trumos. \u0160is riepu modelis pieejams izm\u0113ru kl\u0101st\u0101 no R16 l\u012bdz R20 un paredz\u0113ts uzst\u0101d\u012b\u0161anai gan gan maza un vid\u0113ja izm\u0113ra vieglajiem auto, gan apvidus automa\u0161\u012bn\u0101m jeb SUV.<\/span><\/span><\/p>\n<h3 class=\"western\"><span style=\"font-family: Arial, sans-serif;\"><span>Dynamo Street-H MU71 galven\u0101s \u012bpa\u0161\u012bbas<\/span><\/span><\/h3>\n<p class=\"western\"><span style=\"font-family: Arial, sans-serif;\"><span>+ UHP (Ultra High Performance) vasaras riepu modelis.<br \/>+ Lielie \u0101truma un slodzes indeksi dinamiskai brauk\u0161anai.<br \/>+ Zems akvaplan\u0113\u0161anas risks.<br \/>+ Laba sa\u0137ere un manevr\u0113tsp\u0113ja gan uz sausa, gan slapja asfalta.<br \/>+ Labs akustiskais un brauk\u0161anas gaitas komforts.<br \/>+ Palielin\u0101ta nodilumiztur\u012bba.<br \/>+ Degvielas ekonomija!<\/span><\/span><\/p>\n<h3 class=\"western\"><span style=\"font-family: Arial, sans-serif;\"><span>Street-H MU71 apr\u012bkojums<\/span><\/span><\/h3>\n<p class=\"western\"><span style=\"font-family: Arial, sans-serif;\"><span>Dynamo Street-H MU71 vasaras riepas apr\u012bkotas ar sportiska tipa asimetrisko protektora rakstu. \u0160\u0101ds dizains sev\u012b apvieno labas sa\u0137eres, \u016bdens izvades un komforta \u012bpa\u0161\u012bbas uz sausas un slapja asfalta.<\/span><\/span><\/p>\n<p class=\"western\"><span style=\"font-family: Arial, sans-serif;\"><span>Asimetrisk\u0101s protektora joslas darin\u0101tas no augstas kvalit\u0101tes gumijas sakaus\u0113juma. Tam pievienotie \u0137\u012bmiskie elementi veicina sa\u0137eres veido\u0161anu un uzlabo \u0161o riepu nodilumiztur\u012bbu.<\/span><\/span><\/p>\n<p class=\"western\"><span style=\"font-family: Arial, sans-serif;\"><span>Protektora pamatn\u0113 izvietota efekt\u012bva dren\u0101\u017eas jeb \u016bdens novadkan\u0101lu sist\u0113ma. T\u0101 atbr\u012bvo riepu kontakta virsmu ar ce\u013cu no nokri\u0161\u0146iem, b\u016btiski samazinot akvaplan\u0113\u0161anas risku ar\u012b lielos brauk\u0161anas \u0101trumos.<\/span><\/span><\/p>\n","protected":false},"excerpt":{"rendered":"<p class=\"western\"><span style=\"font-family: Arial, sans-serif;\"><b><span>Dynamo Street-H MU71<\/span><\/b><span> ir labas kvalit\u0101tes, bud\u017eeta klases UHP jeb augstas veiktsp\u0113jas vasaras riepu modelis. Tas izce\u013cas ar labiem degvielas ekonomijas, brauk\u0161anas komforta un sa\u0137eres r\u0101d\u012bt\u0101jiem uz sausa un slapja asfalta ar\u012b lielos brauk\u0161anas \u0101trumos. \u0160is riepu modelis pieejams izm\u0113ru kl\u0101st\u0101 no R16 l\u012bdz R20 un paredz\u0113ts uzst\u0101d\u012b\u0161anai gan gan maza un vid\u0113ja izm\u0113ra vieglajiem auto, gan apvidus automa\u0161\u012bn\u0101m jeb SUV.<\/span><\/span><\/p>\n","protected":false},"featured_media":1070178,"template":"","meta":{"_acf_changed":false,"ngg_post_thumbnail":0},"product_brand":[],"product_cat":[46],"product_tag":[],"class_list":{"0":"post-888283","1":"product","2":"type-product","3":"status-publish","4":"has-post-thumbnail","6":"product_cat-vasaras-riepas","8":"first","9":"instock","10":"sale","11":"taxable","12":"shipping-taxable","13":"purchasable","14":"product-type-simple"},"acf":[],"yoast_head":"<!-- This site is optimized with the Yoast SEO Premium plugin v22.6 (Yoast SEO v27.3) - https:\/\/yoast.com\/product\/yoast-seo-premium-wordpress\/ -->\n<title>255\/35R19 Dynamo Street-H MU71 96Y XL RP &#8226; MMK Riepas<\/title>\n<meta name=\"robots\" content=\"index, follow, max-snippet:-1, max-image-preview:large, max-video-preview:-1\" \/>\n<link rel=\"canonical\" href=\"https:\/\/mmkriepas.lv\/en\/p\/255-35r19-dynamo-street-h-mu71-96y-xl-rp\/\" \/>\n<meta property=\"og:locale\" content=\"en_US\" \/>\n<meta property=\"og:type\" content=\"article\" \/>\n<meta property=\"og:title\" content=\"255\/35R19 Dynamo Street-H MU71 96Y XL RP\" \/>\n<meta property=\"og:description\" content=\"Dynamo Street-H MU71 ir labas kvalit\u0101tes, bud\u017eeta klases UHP jeb augstas veiktsp\u0113jas vasaras riepu modelis. Tas izce\u013cas ar labiem degvielas ekonomijas, brauk\u0161anas komforta un sa\u0137eres r\u0101d\u012bt\u0101jiem uz sausa un slapja asfalta ar\u012b lielos brauk\u0161anas \u0101trumos. \u0160is riepu modelis pieejams izm\u0113ru kl\u0101st\u0101 no R16 l\u012bdz R20 un paredz\u0113ts uzst\u0101d\u012b\u0161anai gan gan maza un vid\u0113ja izm\u0113ra vieglajiem auto, gan apvidus automa\u0161\u012bn\u0101m jeb SUV.\" \/>\n<meta property=\"og:url\" content=\"https:\/\/mmkriepas.lv\/en\/p\/255-35r19-dynamo-street-h-mu71-96y-xl-rp\/\" \/>\n<meta property=\"og:site_name\" content=\"MMK Riepas\" \/>\n<meta property=\"article:publisher\" content=\"https:\/\/www.facebook.com\/mmkserviss\/\" \/>\n<meta property=\"article:modified_time\" content=\"2026-03-27T11:59:42+00:00\" \/>\n<meta property=\"og:image\" content=\"https:\/\/mmkriepas.lv\/wp-content\/uploads\/2024\/09\/DYNAMO-STREET-H-MU71.jpg\" \/>\n\t<meta property=\"og:image:width\" content=\"900\" \/>\n\t<meta property=\"og:image:height\" content=\"720\" \/>\n\t<meta property=\"og:image:type\" content=\"image\/jpeg\" \/>\n<meta name=\"twitter:card\" content=\"summary_large_image\" \/>\n<meta name=\"twitter:label1\" content=\"Price\" \/>\n\t<meta name=\"twitter:data1\" content=\"&euro;74.00\" \/>\n\t<meta name=\"twitter:label2\" content=\"Availability\" \/>\n\t<meta name=\"twitter:data2\" content=\"In stock\" \/>\n<script type=\"application\/ld+json\" class=\"yoast-schema-graph\">{\"@context\":\"https:\\\/\\\/schema.org\",\"@graph\":[{\"@type\":\"WebPage\",\"@id\":\"https:\\\/\\\/mmkriepas.lv\\\/en\\\/p\\\/255-35r19-dynamo-street-h-mu71-96y-xl-rp\\\/\",\"url\":\"https:\\\/\\\/mmkriepas.lv\\\/en\\\/p\\\/255-35r19-dynamo-street-h-mu71-96y-xl-rp\\\/\",\"name\":\"255\\\/35R19 Dynamo Street-H MU71 96Y XL RP &#8226; MMK Riepas\",\"isPartOf\":{\"@id\":\"https:\\\/\\\/mmkriepas.lv\\\/en\\\/#website\"},\"primaryImageOfPage\":{\"@id\":\"https:\\\/\\\/mmkriepas.lv\\\/en\\\/p\\\/255-35r19-dynamo-street-h-mu71-96y-xl-rp\\\/#primaryimage\"},\"image\":{\"@id\":\"https:\\\/\\\/mmkriepas.lv\\\/en\\\/p\\\/255-35r19-dynamo-street-h-mu71-96y-xl-rp\\\/#primaryimage\"},\"thumbnailUrl\":\"https:\\\/\\\/mmkriepas.lv\\\/wp-content\\\/uploads\\\/2024\\\/09\\\/DYNAMO-STREET-H-MU71.jpg\",\"datePublished\":\"2024-04-09T19:50:57+00:00\",\"dateModified\":\"2026-03-27T11:59:42+00:00\",\"breadcrumb\":{\"@id\":\"https:\\\/\\\/mmkriepas.lv\\\/en\\\/p\\\/255-35r19-dynamo-street-h-mu71-96y-xl-rp\\\/#breadcrumb\"},\"inLanguage\":\"en-US\",\"potentialAction\":[{\"@type\":\"ReadAction\",\"target\":[\"https:\\\/\\\/mmkriepas.lv\\\/en\\\/p\\\/255-35r19-dynamo-street-h-mu71-96y-xl-rp\\\/\"]}]},{\"@type\":\"ImageObject\",\"inLanguage\":\"en-US\",\"@id\":\"https:\\\/\\\/mmkriepas.lv\\\/en\\\/p\\\/255-35r19-dynamo-street-h-mu71-96y-xl-rp\\\/#primaryimage\",\"url\":\"https:\\\/\\\/mmkriepas.lv\\\/wp-content\\\/uploads\\\/2024\\\/09\\\/DYNAMO-STREET-H-MU71.jpg\",\"contentUrl\":\"https:\\\/\\\/mmkriepas.lv\\\/wp-content\\\/uploads\\\/2024\\\/09\\\/DYNAMO-STREET-H-MU71.jpg\",\"width\":900,\"height\":720,\"caption\":\"MAIN\"},{\"@type\":\"BreadcrumbList\",\"@id\":\"https:\\\/\\\/mmkriepas.lv\\\/en\\\/p\\\/255-35r19-dynamo-street-h-mu71-96y-xl-rp\\\/#breadcrumb\",\"itemListElement\":[{\"@type\":\"ListItem\",\"position\":1,\"name\":\"S\u0101kums\",\"item\":\"https:\\\/\\\/mmkriepas.lv\\\/en\\\/\"},{\"@type\":\"ListItem\",\"position\":2,\"name\":\"255\\\/35R19 Dynamo Street-H MU71 96Y XL RP\"}]},{\"@type\":\"WebSite\",\"@id\":\"https:\\\/\\\/mmkriepas.lv\\\/en\\\/#website\",\"url\":\"https:\\\/\\\/mmkriepas.lv\\\/en\\\/\",\"name\":\"MMK Riepas\",\"description\":\"MMK Riepas\",\"alternateName\":\"MMK Riepu Serviss\",\"potentialAction\":[{\"@type\":\"SearchAction\",\"target\":{\"@type\":\"EntryPoint\",\"urlTemplate\":\"https:\\\/\\\/mmkriepas.lv\\\/en\\\/?s={search_term_string}\"},\"query-input\":{\"@type\":\"PropertyValueSpecification\",\"valueRequired\":true,\"valueName\":\"search_term_string\"}}],\"inLanguage\":\"en-US\"},{\"@type\":\"ImageObject\",\"inLanguage\":\"en-US\",\"@id\":\"https:\\\/\\\/mmkriepas.lv\\\/en\\\/p\\\/255-35r19-dynamo-street-h-mu71-96y-xl-rp\\\/#local-main-organization-logo\",\"url\":\"\",\"contentUrl\":\"\",\"caption\":\"MMK Riepas\"}]}<\/script>\n<meta property=\"product:brand\" content=\"Dynamo Street-H MU71\" \/>\n<meta property=\"product:price:amount\" content=\"74.00\" \/>\n<meta property=\"product:price:currency\" content=\"EUR\" \/>\n<meta property=\"og:availability\" content=\"instock\" \/>\n<meta property=\"product:availability\" content=\"instock\" \/>\n<meta property=\"product:retailer_item_id\" content=\"TS2553519DYNAM-L36260\" \/>\n<meta property=\"product:condition\" content=\"new\" \/>\n<!-- \/ Yoast SEO Premium plugin. -->","yoast_head_json":{"title":"255\/35R19 Dynamo Street-H MU71 96Y XL RP &#8226; MMK Riepas","robots":{"index":"index","follow":"follow","max-snippet":"max-snippet:-1","max-image-preview":"max-image-preview:large","max-video-preview":"max-video-preview:-1"},"canonical":"https:\/\/mmkriepas.lv\/en\/p\/255-35r19-dynamo-street-h-mu71-96y-xl-rp\/","og_locale":"en_US","og_type":"article","og_title":"255\/35R19 Dynamo Street-H MU71 96Y XL RP","og_description":"Dynamo Street-H MU71 ir labas kvalit\u0101tes, bud\u017eeta klases UHP jeb augstas veiktsp\u0113jas vasaras riepu modelis. Tas izce\u013cas ar labiem degvielas ekonomijas, brauk\u0161anas komforta un sa\u0137eres r\u0101d\u012bt\u0101jiem uz sausa un slapja asfalta ar\u012b lielos brauk\u0161anas \u0101trumos. \u0160is riepu modelis pieejams izm\u0113ru kl\u0101st\u0101 no R16 l\u012bdz R20 un paredz\u0113ts uzst\u0101d\u012b\u0161anai gan gan maza un vid\u0113ja izm\u0113ra vieglajiem auto, gan apvidus automa\u0161\u012bn\u0101m jeb SUV.","og_url":"https:\/\/mmkriepas.lv\/en\/p\/255-35r19-dynamo-street-h-mu71-96y-xl-rp\/","og_site_name":"MMK Riepas","article_publisher":"https:\/\/www.facebook.com\/mmkserviss\/","article_modified_time":"2026-03-27T11:59:42+00:00","og_image":[{"width":900,"height":720,"url":"https:\/\/mmkriepas.lv\/wp-content\/uploads\/2024\/09\/DYNAMO-STREET-H-MU71.jpg","type":"image\/jpeg"}],"twitter_card":"summary_large_image","twitter_misc":{"Price":"&euro;74.00","Availability":"In stock"},"schema":{"@context":"https:\/\/schema.org","@graph":[{"@type":"WebPage","@id":"https:\/\/mmkriepas.lv\/en\/p\/255-35r19-dynamo-street-h-mu71-96y-xl-rp\/","url":"https:\/\/mmkriepas.lv\/en\/p\/255-35r19-dynamo-street-h-mu71-96y-xl-rp\/","name":"255\/35R19 Dynamo Street-H MU71 96Y XL RP &#8226; MMK Riepas","isPartOf":{"@id":"https:\/\/mmkriepas.lv\/en\/#website"},"primaryImageOfPage":{"@id":"https:\/\/mmkriepas.lv\/en\/p\/255-35r19-dynamo-street-h-mu71-96y-xl-rp\/#primaryimage"},"image":{"@id":"https:\/\/mmkriepas.lv\/en\/p\/255-35r19-dynamo-street-h-mu71-96y-xl-rp\/#primaryimage"},"thumbnailUrl":"https:\/\/mmkriepas.lv\/wp-content\/uploads\/2024\/09\/DYNAMO-STREET-H-MU71.jpg","datePublished":"2024-04-09T19:50:57+00:00","dateModified":"2026-03-27T11:59:42+00:00","breadcrumb":{"@id":"https:\/\/mmkriepas.lv\/en\/p\/255-35r19-dynamo-street-h-mu71-96y-xl-rp\/#breadcrumb"},"inLanguage":"en-US","potentialAction":[{"@type":"ReadAction","target":["https:\/\/mmkriepas.lv\/en\/p\/255-35r19-dynamo-street-h-mu71-96y-xl-rp\/"]}]},{"@type":"ImageObject","inLanguage":"en-US","@id":"https:\/\/mmkriepas.lv\/en\/p\/255-35r19-dynamo-street-h-mu71-96y-xl-rp\/#primaryimage","url":"https:\/\/mmkriepas.lv\/wp-content\/uploads\/2024\/09\/DYNAMO-STREET-H-MU71.jpg","contentUrl":"https:\/\/mmkriepas.lv\/wp-content\/uploads\/2024\/09\/DYNAMO-STREET-H-MU71.jpg","width":900,"height":720,"caption":"MAIN"},{"@type":"BreadcrumbList","@id":"https:\/\/mmkriepas.lv\/en\/p\/255-35r19-dynamo-street-h-mu71-96y-xl-rp\/#breadcrumb","itemListElement":[{"@type":"ListItem","position":1,"name":"S\u0101kums","item":"https:\/\/mmkriepas.lv\/en\/"},{"@type":"ListItem","position":2,"name":"255\/35R19 Dynamo Street-H MU71 96Y XL RP"}]},{"@type":"WebSite","@id":"https:\/\/mmkriepas.lv\/en\/#website","url":"https:\/\/mmkriepas.lv\/en\/","name":"MMK Riepas","description":"MMK Riepas","alternateName":"MMK Riepu Serviss","potentialAction":[{"@type":"SearchAction","target":{"@type":"EntryPoint","urlTemplate":"https:\/\/mmkriepas.lv\/en\/?s={search_term_string}"},"query-input":{"@type":"PropertyValueSpecification","valueRequired":true,"valueName":"search_term_string"}}],"inLanguage":"en-US"},{"@type":"ImageObject","inLanguage":"en-US","@id":"https:\/\/mmkriepas.lv\/en\/p\/255-35r19-dynamo-street-h-mu71-96y-xl-rp\/#local-main-organization-logo","url":"","contentUrl":"","caption":"MMK Riepas"}]},"product_brand":"Dynamo Street-H MU71","product_price_amount":"74.00","product_price_currency":"EUR","og_availability":"instock","product_availability":"instock","product_retailer_item_id":"TS2553519DYNAM-L36260","product_condition":"new"},"_links":{"self":[{"href":"https:\/\/mmkriepas.lv\/en\/wp-json\/wp\/v2\/product\/888283","targetHints":{"allow":["GET"]}}],"collection":[{"href":"https:\/\/mmkriepas.lv\/en\/wp-json\/wp\/v2\/product"}],"about":[{"href":"https:\/\/mmkriepas.lv\/en\/wp-json\/wp\/v2\/types\/product"}],"wp:featuredmedia":[{"embeddable":true,"href":"https:\/\/mmkriepas.lv\/en\/wp-json\/wp\/v2\/media\/1070178"}],"wp:attachment":[{"href":"https:\/\/mmkriepas.lv\/en\/wp-json\/wp\/v2\/media?parent=888283"}],"wp:term":[{"taxonomy":"product_brand","embeddable":true,"href":"https:\/\/mmkriepas.lv\/en\/wp-json\/wp\/v2\/product_brand?post=888283"},{"taxonomy":"product_cat","embeddable":true,"href":"https:\/\/mmkriepas.lv\/en\/wp-json\/wp\/v2\/product_cat?post=888283"},{"taxonomy":"product_tag","embeddable":true,"href":"https:\/\/mmkriepas.lv\/en\/wp-json\/wp\/v2\/product_tag?post=888283"}],"curies":[{"name":"wp","href":"https:\/\/api.w.org\/{rel}","templated":true}]}}