{"id":888135,"date":"2024-04-09T22:43:01","date_gmt":"2024-04-09T19:43:01","guid":{"rendered":"https:\/\/mmkserviss.lv\/?post_type=product&#038;p=888135"},"modified":"2025-08-28T18:23:52","modified_gmt":"2025-08-28T15:23:52","slug":"235-60r18-zmax-gallopro-h-t-107h-xl","status":"publish","type":"product","link":"https:\/\/mmkriepas.lv\/en\/p\/235-60r18-zmax-gallopro-h-t-107h-xl\/","title":{"rendered":"235\/60R18 Zmax Gallopro H\/T 107H XL"},"content":{"rendered":"<p class=\"western\" align=\"left\"><span style=\"font-family: Arial, sans-serif;\"><b><span>Zmax Gallopro H\/T<\/span><\/b><span> ir \u013coti labas kvalit\u0101tes, bud\u017eeta klases SUV vasaras riepu modelis. Tas izce\u013cas ar \u013coti labiem nodilumiztur\u012bbas, sa\u0137eres un manevr\u0113tsp\u0113jas r\u0101d\u012bt\u0101jiem gan uz asfalta, gan grants un me\u017ea ce\u013ciem. Tas pieejams izm\u0113ru kl\u0101st\u0101 no R16 l\u012bdz R20 un paredz\u0113ts uzst\u0101d\u012b\u0161anai SUV jeb apvidus automa\u0161\u012bn\u0101m.<\/span><\/span><\/p>\n<h3 class=\"western\"><span style=\"font-family: Arial, sans-serif;\"><span>Zmax Gallopro H\/T galven\u0101s \u012bpa\u0161\u012bbas<\/span><\/span><\/h3>\n<p class=\"western\"><span style=\"font-family: Arial, sans-serif;\"><span>+ \u013boti laba sa\u0137ere un manevr\u0113tsp\u0113ja uz sausa un slapja asfalta, k\u0101 ar\u012b uz grants un me\u017ea ce\u013ciem.<br \/>+ Zems akvaplan\u0113\u0161anas risks.<br \/>+ Palialin\u0101ta nodilumiztur\u012bba.<br \/>+ Labs akustiskais un brauk\u0161anas gaitas komforts.<\/span><\/span><\/p>\n<h3 class=\"western\"><span style=\"font-family: Arial, sans-serif;\"><span>Gallopro H\/T apr\u012bkojums<\/span><\/span><\/h3>\n<p class=\"western\"><span style=\"font-family: Arial, sans-serif;\"><span>Zmax Gallopro H\/T vasaras High-Terrain riepu modelis apr\u012bkots ar sal\u012bdzino\u0161i rupju asimetrisko protektora rakstu. \u0160\u0101ds dizains sev\u012b apvieno labas sa\u0137eres un manevr\u0113tsp\u0113jas \u012bpa\u0161\u012bbas uz sausa un slapja asfalta, k\u0101 ar\u012b uz grants ce\u013ciem. Turkl\u0101t, palielin\u0101ts \u016bdens izvadkan\u0101lu skaits uzlabo riepu veiktsp\u0113ju uz slapja ce\u013ca seguma, samazinot ar\u012b akvaplan\u0113\u0161anas risku.<\/span><\/span><\/p>\n<p class=\"western\"><span style=\"font-family: Arial, sans-serif;\"><span>Asimetriski izvietotie protektora bloki darin\u0101ti no nodilumiztur\u012bga gumijas sakaus\u0113juma. Tam pievienotie \u0137\u012bmiskie savienojumi \u013cauj riepai saglab\u0101t elast\u012bbu un sa\u0137eres \u012bpa\u0161\u012bbas, nezaud\u0113jot nodilumiztur\u012bbu.<\/span><\/span><\/p>\n","protected":false},"excerpt":{"rendered":"<p class=\"western\" align=\"left\"><span style=\"font-family: Arial, sans-serif;\"><b><span>Zmax Gallopro H\/T<\/span><\/b><span> ir \u013coti labas kvalit\u0101tes, bud\u017eeta klases SUV vasaras riepu modelis. Tas izce\u013cas ar \u013coti labiem nodilumiztur\u012bbas, sa\u0137eres un manevr\u0113tsp\u0113jas r\u0101d\u012bt\u0101jiem gan uz asfalta, gan grants un me\u017ea ce\u013ciem. Tas pieejams izm\u0113ru kl\u0101st\u0101 no R16 l\u012bdz R20 un paredz\u0113ts uzst\u0101d\u012b\u0161anai SUV jeb apvidus automa\u0161\u012bn\u0101m.<\/span><\/span><\/p>\n","protected":false},"featured_media":889568,"template":"","meta":{"_acf_changed":false,"ngg_post_thumbnail":0},"product_brand":[],"product_cat":[46],"product_tag":[],"class_list":{"0":"post-888135","1":"product","2":"type-product","3":"status-publish","4":"has-post-thumbnail","6":"product_cat-vasaras-riepas","8":"first","9":"outofstock","10":"sale","11":"taxable","12":"shipping-taxable","13":"product-type-simple"},"acf":[],"yoast_head":"<!-- This site is optimized with the Yoast SEO Premium plugin v22.6 (Yoast SEO v27.3) - https:\/\/yoast.com\/product\/yoast-seo-premium-wordpress\/ -->\n<title>235\/60R18 Zmax Gallopro H\/T 107H XL &#8226; MMK Riepas<\/title>\n<meta name=\"robots\" content=\"index, follow, max-snippet:-1, max-image-preview:large, max-video-preview:-1\" \/>\n<link rel=\"canonical\" href=\"https:\/\/mmkriepas.lv\/en\/p\/235-60r18-zmax-gallopro-h-t-107h-xl\/\" \/>\n<meta property=\"og:locale\" content=\"en_US\" \/>\n<meta property=\"og:type\" content=\"article\" \/>\n<meta property=\"og:title\" content=\"235\/60R18 Zmax Gallopro H\/T 107H XL\" \/>\n<meta property=\"og:description\" content=\"Zmax Gallopro H\/T ir \u013coti labas kvalit\u0101tes, bud\u017eeta klases SUV vasaras riepu modelis. Tas izce\u013cas ar \u013coti labiem nodilumiztur\u012bbas, sa\u0137eres un manevr\u0113tsp\u0113jas r\u0101d\u012bt\u0101jiem gan uz asfalta, gan grants un me\u017ea ce\u013ciem. Tas pieejams izm\u0113ru kl\u0101st\u0101 no R16 l\u012bdz R20 un paredz\u0113ts uzst\u0101d\u012b\u0161anai SUV jeb apvidus automa\u0161\u012bn\u0101m.\" \/>\n<meta property=\"og:url\" content=\"https:\/\/mmkriepas.lv\/en\/p\/235-60r18-zmax-gallopro-h-t-107h-xl\/\" \/>\n<meta property=\"og:site_name\" content=\"MMK Riepas\" \/>\n<meta property=\"article:publisher\" content=\"https:\/\/www.facebook.com\/mmkserviss\/\" \/>\n<meta property=\"article:modified_time\" content=\"2025-08-28T15:23:52+00:00\" \/>\n<meta property=\"og:image\" content=\"https:\/\/mmkriepas.lv\/wp-content\/uploads\/2024\/04\/21570r16-zmax-gallopro-ht-100h-vasaras-riepas.jpeg\" \/>\n\t<meta property=\"og:image:width\" content=\"1920\" \/>\n\t<meta property=\"og:image:height\" content=\"1440\" \/>\n\t<meta property=\"og:image:type\" content=\"image\/jpeg\" \/>\n<meta name=\"twitter:card\" content=\"summary_large_image\" \/>\n<meta name=\"twitter:label1\" content=\"Price\" \/>\n\t<meta name=\"twitter:data1\" content=\"&euro;66.00\" \/>\n\t<meta name=\"twitter:label2\" content=\"Availability\" \/>\n\t<meta name=\"twitter:data2\" content=\"Out of stock\" \/>\n<script type=\"application\/ld+json\" class=\"yoast-schema-graph\">{\"@context\":\"https:\\\/\\\/schema.org\",\"@graph\":[{\"@type\":\"WebPage\",\"@id\":\"https:\\\/\\\/mmkriepas.lv\\\/en\\\/p\\\/235-60r18-zmax-gallopro-h-t-107h-xl\\\/\",\"url\":\"https:\\\/\\\/mmkriepas.lv\\\/en\\\/p\\\/235-60r18-zmax-gallopro-h-t-107h-xl\\\/\",\"name\":\"235\\\/60R18 Zmax Gallopro H\\\/T 107H XL &#8226; MMK Riepas\",\"isPartOf\":{\"@id\":\"https:\\\/\\\/mmkriepas.lv\\\/en\\\/#website\"},\"primaryImageOfPage\":{\"@id\":\"https:\\\/\\\/mmkriepas.lv\\\/en\\\/p\\\/235-60r18-zmax-gallopro-h-t-107h-xl\\\/#primaryimage\"},\"image\":{\"@id\":\"https:\\\/\\\/mmkriepas.lv\\\/en\\\/p\\\/235-60r18-zmax-gallopro-h-t-107h-xl\\\/#primaryimage\"},\"thumbnailUrl\":\"https:\\\/\\\/mmkriepas.lv\\\/wp-content\\\/uploads\\\/2024\\\/04\\\/21570r16-zmax-gallopro-ht-100h-vasaras-riepas.jpeg\",\"datePublished\":\"2024-04-09T19:43:01+00:00\",\"dateModified\":\"2025-08-28T15:23:52+00:00\",\"breadcrumb\":{\"@id\":\"https:\\\/\\\/mmkriepas.lv\\\/en\\\/p\\\/235-60r18-zmax-gallopro-h-t-107h-xl\\\/#breadcrumb\"},\"inLanguage\":\"en-US\",\"potentialAction\":[{\"@type\":\"ReadAction\",\"target\":[\"https:\\\/\\\/mmkriepas.lv\\\/en\\\/p\\\/235-60r18-zmax-gallopro-h-t-107h-xl\\\/\"]}]},{\"@type\":\"ImageObject\",\"inLanguage\":\"en-US\",\"@id\":\"https:\\\/\\\/mmkriepas.lv\\\/en\\\/p\\\/235-60r18-zmax-gallopro-h-t-107h-xl\\\/#primaryimage\",\"url\":\"https:\\\/\\\/mmkriepas.lv\\\/wp-content\\\/uploads\\\/2024\\\/04\\\/21570r16-zmax-gallopro-ht-100h-vasaras-riepas.jpeg\",\"contentUrl\":\"https:\\\/\\\/mmkriepas.lv\\\/wp-content\\\/uploads\\\/2024\\\/04\\\/21570r16-zmax-gallopro-ht-100h-vasaras-riepas.jpeg\",\"width\":1920,\"height\":1440,\"caption\":\"MMK Zmax Gallopro HT MAIN\"},{\"@type\":\"BreadcrumbList\",\"@id\":\"https:\\\/\\\/mmkriepas.lv\\\/en\\\/p\\\/235-60r18-zmax-gallopro-h-t-107h-xl\\\/#breadcrumb\",\"itemListElement\":[{\"@type\":\"ListItem\",\"position\":1,\"name\":\"S\u0101kums\",\"item\":\"https:\\\/\\\/mmkriepas.lv\\\/en\\\/\"},{\"@type\":\"ListItem\",\"position\":2,\"name\":\"235\\\/60R18 Zmax Gallopro H\\\/T 107H XL\"}]},{\"@type\":\"WebSite\",\"@id\":\"https:\\\/\\\/mmkriepas.lv\\\/en\\\/#website\",\"url\":\"https:\\\/\\\/mmkriepas.lv\\\/en\\\/\",\"name\":\"MMK Riepas\",\"description\":\"MMK Riepas\",\"alternateName\":\"MMK Riepu Serviss\",\"potentialAction\":[{\"@type\":\"SearchAction\",\"target\":{\"@type\":\"EntryPoint\",\"urlTemplate\":\"https:\\\/\\\/mmkriepas.lv\\\/en\\\/?s={search_term_string}\"},\"query-input\":{\"@type\":\"PropertyValueSpecification\",\"valueRequired\":true,\"valueName\":\"search_term_string\"}}],\"inLanguage\":\"en-US\"},{\"@type\":\"ImageObject\",\"inLanguage\":\"en-US\",\"@id\":\"https:\\\/\\\/mmkriepas.lv\\\/en\\\/p\\\/235-60r18-zmax-gallopro-h-t-107h-xl\\\/#local-main-organization-logo\",\"url\":\"\",\"contentUrl\":\"\",\"caption\":\"MMK Riepas\"}]}<\/script>\n<meta property=\"product:brand\" content=\"Zmax Gallopro H\/T\" \/>\n<meta property=\"product:price:amount\" content=\"66.00\" \/>\n<meta property=\"product:price:currency\" content=\"EUR\" \/>\n<meta property=\"og:availability\" content=\"out of stock\" \/>\n<meta property=\"product:availability\" content=\"out of stock\" \/>\n<meta property=\"product:retailer_item_id\" content=\"TS2356018ZMAX-36202\" \/>\n<meta property=\"product:condition\" content=\"new\" \/>\n<!-- \/ Yoast SEO Premium plugin. -->","yoast_head_json":{"title":"235\/60R18 Zmax Gallopro H\/T 107H XL &#8226; MMK Riepas","robots":{"index":"index","follow":"follow","max-snippet":"max-snippet:-1","max-image-preview":"max-image-preview:large","max-video-preview":"max-video-preview:-1"},"canonical":"https:\/\/mmkriepas.lv\/en\/p\/235-60r18-zmax-gallopro-h-t-107h-xl\/","og_locale":"en_US","og_type":"article","og_title":"235\/60R18 Zmax Gallopro H\/T 107H XL","og_description":"Zmax Gallopro H\/T ir \u013coti labas kvalit\u0101tes, bud\u017eeta klases SUV vasaras riepu modelis. Tas izce\u013cas ar \u013coti labiem nodilumiztur\u012bbas, sa\u0137eres un manevr\u0113tsp\u0113jas r\u0101d\u012bt\u0101jiem gan uz asfalta, gan grants un me\u017ea ce\u013ciem. Tas pieejams izm\u0113ru kl\u0101st\u0101 no R16 l\u012bdz R20 un paredz\u0113ts uzst\u0101d\u012b\u0161anai SUV jeb apvidus automa\u0161\u012bn\u0101m.","og_url":"https:\/\/mmkriepas.lv\/en\/p\/235-60r18-zmax-gallopro-h-t-107h-xl\/","og_site_name":"MMK Riepas","article_publisher":"https:\/\/www.facebook.com\/mmkserviss\/","article_modified_time":"2025-08-28T15:23:52+00:00","og_image":[{"width":1920,"height":1440,"url":"https:\/\/mmkriepas.lv\/wp-content\/uploads\/2024\/04\/21570r16-zmax-gallopro-ht-100h-vasaras-riepas.jpeg","type":"image\/jpeg"}],"twitter_card":"summary_large_image","twitter_misc":{"Price":"&euro;66.00","Availability":"Out of stock"},"schema":{"@context":"https:\/\/schema.org","@graph":[{"@type":"WebPage","@id":"https:\/\/mmkriepas.lv\/en\/p\/235-60r18-zmax-gallopro-h-t-107h-xl\/","url":"https:\/\/mmkriepas.lv\/en\/p\/235-60r18-zmax-gallopro-h-t-107h-xl\/","name":"235\/60R18 Zmax Gallopro H\/T 107H XL &#8226; MMK Riepas","isPartOf":{"@id":"https:\/\/mmkriepas.lv\/en\/#website"},"primaryImageOfPage":{"@id":"https:\/\/mmkriepas.lv\/en\/p\/235-60r18-zmax-gallopro-h-t-107h-xl\/#primaryimage"},"image":{"@id":"https:\/\/mmkriepas.lv\/en\/p\/235-60r18-zmax-gallopro-h-t-107h-xl\/#primaryimage"},"thumbnailUrl":"https:\/\/mmkriepas.lv\/wp-content\/uploads\/2024\/04\/21570r16-zmax-gallopro-ht-100h-vasaras-riepas.jpeg","datePublished":"2024-04-09T19:43:01+00:00","dateModified":"2025-08-28T15:23:52+00:00","breadcrumb":{"@id":"https:\/\/mmkriepas.lv\/en\/p\/235-60r18-zmax-gallopro-h-t-107h-xl\/#breadcrumb"},"inLanguage":"en-US","potentialAction":[{"@type":"ReadAction","target":["https:\/\/mmkriepas.lv\/en\/p\/235-60r18-zmax-gallopro-h-t-107h-xl\/"]}]},{"@type":"ImageObject","inLanguage":"en-US","@id":"https:\/\/mmkriepas.lv\/en\/p\/235-60r18-zmax-gallopro-h-t-107h-xl\/#primaryimage","url":"https:\/\/mmkriepas.lv\/wp-content\/uploads\/2024\/04\/21570r16-zmax-gallopro-ht-100h-vasaras-riepas.jpeg","contentUrl":"https:\/\/mmkriepas.lv\/wp-content\/uploads\/2024\/04\/21570r16-zmax-gallopro-ht-100h-vasaras-riepas.jpeg","width":1920,"height":1440,"caption":"MMK Zmax Gallopro HT MAIN"},{"@type":"BreadcrumbList","@id":"https:\/\/mmkriepas.lv\/en\/p\/235-60r18-zmax-gallopro-h-t-107h-xl\/#breadcrumb","itemListElement":[{"@type":"ListItem","position":1,"name":"S\u0101kums","item":"https:\/\/mmkriepas.lv\/en\/"},{"@type":"ListItem","position":2,"name":"235\/60R18 Zmax Gallopro H\/T 107H XL"}]},{"@type":"WebSite","@id":"https:\/\/mmkriepas.lv\/en\/#website","url":"https:\/\/mmkriepas.lv\/en\/","name":"MMK Riepas","description":"MMK Riepas","alternateName":"MMK Riepu Serviss","potentialAction":[{"@type":"SearchAction","target":{"@type":"EntryPoint","urlTemplate":"https:\/\/mmkriepas.lv\/en\/?s={search_term_string}"},"query-input":{"@type":"PropertyValueSpecification","valueRequired":true,"valueName":"search_term_string"}}],"inLanguage":"en-US"},{"@type":"ImageObject","inLanguage":"en-US","@id":"https:\/\/mmkriepas.lv\/en\/p\/235-60r18-zmax-gallopro-h-t-107h-xl\/#local-main-organization-logo","url":"","contentUrl":"","caption":"MMK Riepas"}]},"product_brand":"Zmax Gallopro H\/T","product_price_amount":"66.00","product_price_currency":"EUR","og_availability":"out of stock","product_availability":"out of stock","product_retailer_item_id":"TS2356018ZMAX-36202","product_condition":"new"},"_links":{"self":[{"href":"https:\/\/mmkriepas.lv\/en\/wp-json\/wp\/v2\/product\/888135","targetHints":{"allow":["GET"]}}],"collection":[{"href":"https:\/\/mmkriepas.lv\/en\/wp-json\/wp\/v2\/product"}],"about":[{"href":"https:\/\/mmkriepas.lv\/en\/wp-json\/wp\/v2\/types\/product"}],"wp:featuredmedia":[{"embeddable":true,"href":"https:\/\/mmkriepas.lv\/en\/wp-json\/wp\/v2\/media\/889568"}],"wp:attachment":[{"href":"https:\/\/mmkriepas.lv\/en\/wp-json\/wp\/v2\/media?parent=888135"}],"wp:term":[{"taxonomy":"product_brand","embeddable":true,"href":"https:\/\/mmkriepas.lv\/en\/wp-json\/wp\/v2\/product_brand?post=888135"},{"taxonomy":"product_cat","embeddable":true,"href":"https:\/\/mmkriepas.lv\/en\/wp-json\/wp\/v2\/product_cat?post=888135"},{"taxonomy":"product_tag","embeddable":true,"href":"https:\/\/mmkriepas.lv\/en\/wp-json\/wp\/v2\/product_tag?post=888135"}],"curies":[{"name":"wp","href":"https:\/\/api.w.org\/{rel}","templated":true}]}}