{"id":8880,"date":"2017-08-28T12:28:57","date_gmt":"2017-08-28T09:28:57","guid":{"rendered":"https:\/\/mmkserviss.lv\/katalogs\/ziemas-riepas\/ziemas-vissezonas-riepas-21555r16-viatti-brina-v-521-93t\/"},"modified":"2023-02-18T12:10:08","modified_gmt":"2023-02-18T10:10:08","slug":"ziemas-vissezonas-riepas-21555r16-viatti-brina-v-521-93t","status":"publish","type":"product","link":"https:\/\/mmkriepas.lv\/en\/p\/ziemas-vissezonas-riepas-21555r16-viatti-brina-v-521-93t\/","title":{"rendered":"215\/55R16 Viatti Brina V-521 93T"},"content":{"rendered":"<p><strong>Viatti Brina V-521<\/strong> ir Skandin\u0101vijas tipa frikciju jeb m\u012bkst\u0101 sast\u0101va ziemas riepas.Ra\u017eotas p\u0113c Continental ra\u017eo\u0161anas tehnolo\u0123ij\u0101m. Rakstur\u0101 \u013coti l\u012bdz\u012bgs popul\u0101rajam ziemas riepu modelim Continental Viking Contact 5.<\/p>\n<p><strong>Brina V-521 raksturojums:<\/strong><\/p>\n<p>+ Dro\u0161as riepas. \u013boti piem\u0113rotas Latvijas main\u012bgajiem ziemas apst\u0101k\u013ciem (Skandin\u0101vijas tipa frikciju jeb m\u012bkst\u0101 sast\u0101va ziemas riepas),<\/p>\n<p>+ Vid\u0113j\u0101 klase. \u0145emot v\u0113r\u0101 Continental tehnolo\u0123iju pielietojumu, veiktsp\u0113jas zi\u0146\u0101 b\u016btiski neatpaliek no premium klases,<\/p>\n<p>+ Testi uzr\u0101da \u013coti labas sa\u0137eres un vad\u0101m\u012bbas \u012bpa\u0161\u012bbas gan uz sausa, slapja sniega, sausa ledus, gan uz asfalta seguma ziemas temperat\u016bras apst\u0101k\u013cos,<\/p>\n<p>+ Diezgan izteikta riepas protektora s\u0101nu kante,<\/p>\n<p>+ \u012ass bremz\u0113\u0161anas ce\u013c\u0161 uz sausa, slapja sniega, sausa ledus un asfalta seguma,<\/p>\n<p>+ Sal\u012bdzino\u0161i bieza riepas bortu uzb\u016bve. Riepas ir iztur\u012bgas pret triecieniem<\/p>\n<p>+ Dzi\u013c\u0161 protektors. Vair\u0101k k\u0101 standarta bezrad\u017eu \u0161\u0101da izm\u0113ra vieglo ma\u0161\u012bnu riep\u0101m (8, 8mm),<\/p>\n<p>+ Disku aizsargmalas,<\/p>\n<p>+ \u013boti klusas riepas<\/p>\n<p><strong>Viatti Brina V-521<\/strong> &#8211; Dro\u0161as un klusas ziemas riepas un l\u0113t\u0101k k\u0101 alternat\u012bvas Hankook utt. Vid\u0113j\u0101s klases riepas. Piez\u012bme: Lai ar\u012b uz riepas s\u0101nu borta ir apz\u012bm\u0113jums M+S, \u0161\u012bs riepas, \u0146emot v\u0113r\u0101 m\u012bksto gumijas sast\u0101vu, nav piem\u0113rotas brauk\u0161anai vasaras sezon\u0101, kad gaisa temperat\u016bra ir augst\u0101ka par 10-12 gr\u0101diem.<\/p>\n","protected":false},"excerpt":{"rendered":"<p><strong>Viatti Brina V-521<\/strong> ir Skandin\u0101vijas tipa frikciju jeb m\u012bkst\u0101 sast\u0101va ziemas riepas.Ra\u017eotas p\u0113c Continental ra\u017eo\u0161anas tehnolo\u0123ij\u0101m. Rakstur\u0101 \u013coti l\u012bdz\u012bgs popul\u0101rajam ziemas riepu modelim Continental Viking Contact 5.<\/p>\n","protected":false},"featured_media":196279,"template":"","meta":{"_acf_changed":false,"ngg_post_thumbnail":0},"product_brand":[],"product_cat":[47,45],"product_tag":[19634],"class_list":{"0":"post-8880","1":"product","2":"type-product","3":"status-publish","4":"has-post-thumbnail","6":"product_cat-vissezonas-riepas","7":"product_cat-ziemas-riepas","8":"product_tag-mmk","10":"first","11":"instock","12":"sale","13":"taxable","14":"shipping-taxable","15":"product-type-simple"},"acf":[],"yoast_head":"<!-- This site is optimized with the Yoast SEO Premium plugin v22.6 (Yoast SEO v27.3) - https:\/\/yoast.com\/product\/yoast-seo-premium-wordpress\/ -->\n<title>215\/55R16 Viatti Brina V-521 93T &#8226; MMK Riepas<\/title>\n<meta name=\"robots\" content=\"index, follow, max-snippet:-1, max-image-preview:large, max-video-preview:-1\" \/>\n<link rel=\"canonical\" href=\"https:\/\/mmkriepas.lv\/en\/p\/ziemas-vissezonas-riepas-21555r16-viatti-brina-v-521-93t\/\" \/>\n<meta property=\"og:locale\" content=\"en_US\" \/>\n<meta property=\"og:type\" content=\"article\" \/>\n<meta property=\"og:title\" content=\"215\/55R16 Viatti Brina V-521 93T\" \/>\n<meta property=\"og:description\" content=\"Viatti Brina V-521 ir Skandin\u0101vijas tipa frikciju jeb m\u012bkst\u0101 sast\u0101va ziemas riepas.Ra\u017eotas p\u0113c Continental ra\u017eo\u0161anas tehnolo\u0123ij\u0101m. Rakstur\u0101 \u013coti l\u012bdz\u012bgs popul\u0101rajam ziemas riepu modelim Continental Viking Contact 5.\" \/>\n<meta property=\"og:url\" content=\"https:\/\/mmkriepas.lv\/en\/p\/ziemas-vissezonas-riepas-21555r16-viatti-brina-v-521-93t\/\" \/>\n<meta property=\"og:site_name\" content=\"MMK Riepas\" \/>\n<meta property=\"article:publisher\" content=\"https:\/\/www.facebook.com\/mmkserviss\/\" \/>\n<meta property=\"article:modified_time\" content=\"2023-02-18T10:10:08+00:00\" \/>\n<meta property=\"og:image\" content=\"https:\/\/mmkriepas.lv\/wp-content\/uploads\/2021\/08\/20555r16-viatti-brina-v-521-91t-ziemas-riepas.jpg\" \/>\n\t<meta property=\"og:image:width\" content=\"1349\" \/>\n\t<meta property=\"og:image:height\" content=\"950\" \/>\n\t<meta property=\"og:image:type\" content=\"image\/jpeg\" \/>\n<meta name=\"twitter:card\" content=\"summary_large_image\" \/>\n<meta name=\"twitter:label1\" content=\"Price\" \/>\n\t<meta name=\"twitter:data1\" content=\"&euro;65.00\" \/>\n\t<meta name=\"twitter:label2\" content=\"Availability\" \/>\n\t<meta name=\"twitter:data2\" content=\"In stock\" \/>\n<script type=\"application\/ld+json\" class=\"yoast-schema-graph\">{\"@context\":\"https:\\\/\\\/schema.org\",\"@graph\":[{\"@type\":\"WebPage\",\"@id\":\"https:\\\/\\\/mmkriepas.lv\\\/en\\\/p\\\/ziemas-vissezonas-riepas-21555r16-viatti-brina-v-521-93t\\\/\",\"url\":\"https:\\\/\\\/mmkriepas.lv\\\/en\\\/p\\\/ziemas-vissezonas-riepas-21555r16-viatti-brina-v-521-93t\\\/\",\"name\":\"215\\\/55R16 Viatti Brina V-521 93T &#8226; MMK Riepas\",\"isPartOf\":{\"@id\":\"https:\\\/\\\/mmkriepas.lv\\\/en\\\/#website\"},\"primaryImageOfPage\":{\"@id\":\"https:\\\/\\\/mmkriepas.lv\\\/en\\\/p\\\/ziemas-vissezonas-riepas-21555r16-viatti-brina-v-521-93t\\\/#primaryimage\"},\"image\":{\"@id\":\"https:\\\/\\\/mmkriepas.lv\\\/en\\\/p\\\/ziemas-vissezonas-riepas-21555r16-viatti-brina-v-521-93t\\\/#primaryimage\"},\"thumbnailUrl\":\"https:\\\/\\\/mmkriepas.lv\\\/wp-content\\\/uploads\\\/2021\\\/08\\\/20555r16-viatti-brina-v-521-91t-ziemas-riepas.jpg\",\"datePublished\":\"2017-08-28T09:28:57+00:00\",\"dateModified\":\"2023-02-18T10:10:08+00:00\",\"breadcrumb\":{\"@id\":\"https:\\\/\\\/mmkriepas.lv\\\/en\\\/p\\\/ziemas-vissezonas-riepas-21555r16-viatti-brina-v-521-93t\\\/#breadcrumb\"},\"inLanguage\":\"en-US\",\"potentialAction\":[{\"@type\":\"ReadAction\",\"target\":[\"https:\\\/\\\/mmkriepas.lv\\\/en\\\/p\\\/ziemas-vissezonas-riepas-21555r16-viatti-brina-v-521-93t\\\/\"]}]},{\"@type\":\"ImageObject\",\"inLanguage\":\"en-US\",\"@id\":\"https:\\\/\\\/mmkriepas.lv\\\/en\\\/p\\\/ziemas-vissezonas-riepas-21555r16-viatti-brina-v-521-93t\\\/#primaryimage\",\"url\":\"https:\\\/\\\/mmkriepas.lv\\\/wp-content\\\/uploads\\\/2021\\\/08\\\/20555r16-viatti-brina-v-521-91t-ziemas-riepas.jpg\",\"contentUrl\":\"https:\\\/\\\/mmkriepas.lv\\\/wp-content\\\/uploads\\\/2021\\\/08\\\/20555r16-viatti-brina-v-521-91t-ziemas-riepas.jpg\",\"width\":1349,\"height\":950,\"caption\":\"VIATTI BRINA V-521\"},{\"@type\":\"BreadcrumbList\",\"@id\":\"https:\\\/\\\/mmkriepas.lv\\\/en\\\/p\\\/ziemas-vissezonas-riepas-21555r16-viatti-brina-v-521-93t\\\/#breadcrumb\",\"itemListElement\":[{\"@type\":\"ListItem\",\"position\":1,\"name\":\"S\u0101kums\",\"item\":\"https:\\\/\\\/mmkriepas.lv\\\/en\\\/\"},{\"@type\":\"ListItem\",\"position\":2,\"name\":\"215\\\/55R16 Viatti Brina V-521 93T\"}]},{\"@type\":\"WebSite\",\"@id\":\"https:\\\/\\\/mmkriepas.lv\\\/en\\\/#website\",\"url\":\"https:\\\/\\\/mmkriepas.lv\\\/en\\\/\",\"name\":\"MMK Riepas\",\"description\":\"MMK Riepas\",\"alternateName\":\"MMK Riepu Serviss\",\"potentialAction\":[{\"@type\":\"SearchAction\",\"target\":{\"@type\":\"EntryPoint\",\"urlTemplate\":\"https:\\\/\\\/mmkriepas.lv\\\/en\\\/?s={search_term_string}\"},\"query-input\":{\"@type\":\"PropertyValueSpecification\",\"valueRequired\":true,\"valueName\":\"search_term_string\"}}],\"inLanguage\":\"en-US\"},{\"@type\":\"ImageObject\",\"inLanguage\":\"en-US\",\"@id\":\"https:\\\/\\\/mmkriepas.lv\\\/en\\\/p\\\/ziemas-vissezonas-riepas-21555r16-viatti-brina-v-521-93t\\\/#local-main-organization-logo\",\"url\":\"\",\"contentUrl\":\"\",\"caption\":\"MMK Riepas\"}]}<\/script>\n<meta property=\"product:brand\" content=\"Viatti Brina V-521\" \/>\n<meta property=\"product:price:amount\" content=\"65.00\" \/>\n<meta property=\"product:price:currency\" content=\"EUR\" \/>\n<meta property=\"og:availability\" content=\"instock\" \/>\n<meta property=\"product:availability\" content=\"instock\" \/>\n<meta property=\"product:condition\" content=\"new\" \/>\n<!-- \/ Yoast SEO Premium plugin. -->","yoast_head_json":{"title":"215\/55R16 Viatti Brina V-521 93T &#8226; MMK Riepas","robots":{"index":"index","follow":"follow","max-snippet":"max-snippet:-1","max-image-preview":"max-image-preview:large","max-video-preview":"max-video-preview:-1"},"canonical":"https:\/\/mmkriepas.lv\/en\/p\/ziemas-vissezonas-riepas-21555r16-viatti-brina-v-521-93t\/","og_locale":"en_US","og_type":"article","og_title":"215\/55R16 Viatti Brina V-521 93T","og_description":"Viatti Brina V-521 ir Skandin\u0101vijas tipa frikciju jeb m\u012bkst\u0101 sast\u0101va ziemas riepas.Ra\u017eotas p\u0113c Continental ra\u017eo\u0161anas tehnolo\u0123ij\u0101m. Rakstur\u0101 \u013coti l\u012bdz\u012bgs popul\u0101rajam ziemas riepu modelim Continental Viking Contact 5.","og_url":"https:\/\/mmkriepas.lv\/en\/p\/ziemas-vissezonas-riepas-21555r16-viatti-brina-v-521-93t\/","og_site_name":"MMK Riepas","article_publisher":"https:\/\/www.facebook.com\/mmkserviss\/","article_modified_time":"2023-02-18T10:10:08+00:00","og_image":[{"width":1349,"height":950,"url":"https:\/\/mmkriepas.lv\/wp-content\/uploads\/2021\/08\/20555r16-viatti-brina-v-521-91t-ziemas-riepas.jpg","type":"image\/jpeg"}],"twitter_card":"summary_large_image","twitter_misc":{"Price":"&euro;65.00","Availability":"In stock"},"schema":{"@context":"https:\/\/schema.org","@graph":[{"@type":"WebPage","@id":"https:\/\/mmkriepas.lv\/en\/p\/ziemas-vissezonas-riepas-21555r16-viatti-brina-v-521-93t\/","url":"https:\/\/mmkriepas.lv\/en\/p\/ziemas-vissezonas-riepas-21555r16-viatti-brina-v-521-93t\/","name":"215\/55R16 Viatti Brina V-521 93T &#8226; MMK Riepas","isPartOf":{"@id":"https:\/\/mmkriepas.lv\/en\/#website"},"primaryImageOfPage":{"@id":"https:\/\/mmkriepas.lv\/en\/p\/ziemas-vissezonas-riepas-21555r16-viatti-brina-v-521-93t\/#primaryimage"},"image":{"@id":"https:\/\/mmkriepas.lv\/en\/p\/ziemas-vissezonas-riepas-21555r16-viatti-brina-v-521-93t\/#primaryimage"},"thumbnailUrl":"https:\/\/mmkriepas.lv\/wp-content\/uploads\/2021\/08\/20555r16-viatti-brina-v-521-91t-ziemas-riepas.jpg","datePublished":"2017-08-28T09:28:57+00:00","dateModified":"2023-02-18T10:10:08+00:00","breadcrumb":{"@id":"https:\/\/mmkriepas.lv\/en\/p\/ziemas-vissezonas-riepas-21555r16-viatti-brina-v-521-93t\/#breadcrumb"},"inLanguage":"en-US","potentialAction":[{"@type":"ReadAction","target":["https:\/\/mmkriepas.lv\/en\/p\/ziemas-vissezonas-riepas-21555r16-viatti-brina-v-521-93t\/"]}]},{"@type":"ImageObject","inLanguage":"en-US","@id":"https:\/\/mmkriepas.lv\/en\/p\/ziemas-vissezonas-riepas-21555r16-viatti-brina-v-521-93t\/#primaryimage","url":"https:\/\/mmkriepas.lv\/wp-content\/uploads\/2021\/08\/20555r16-viatti-brina-v-521-91t-ziemas-riepas.jpg","contentUrl":"https:\/\/mmkriepas.lv\/wp-content\/uploads\/2021\/08\/20555r16-viatti-brina-v-521-91t-ziemas-riepas.jpg","width":1349,"height":950,"caption":"VIATTI BRINA V-521"},{"@type":"BreadcrumbList","@id":"https:\/\/mmkriepas.lv\/en\/p\/ziemas-vissezonas-riepas-21555r16-viatti-brina-v-521-93t\/#breadcrumb","itemListElement":[{"@type":"ListItem","position":1,"name":"S\u0101kums","item":"https:\/\/mmkriepas.lv\/en\/"},{"@type":"ListItem","position":2,"name":"215\/55R16 Viatti Brina V-521 93T"}]},{"@type":"WebSite","@id":"https:\/\/mmkriepas.lv\/en\/#website","url":"https:\/\/mmkriepas.lv\/en\/","name":"MMK Riepas","description":"MMK Riepas","alternateName":"MMK Riepu Serviss","potentialAction":[{"@type":"SearchAction","target":{"@type":"EntryPoint","urlTemplate":"https:\/\/mmkriepas.lv\/en\/?s={search_term_string}"},"query-input":{"@type":"PropertyValueSpecification","valueRequired":true,"valueName":"search_term_string"}}],"inLanguage":"en-US"},{"@type":"ImageObject","inLanguage":"en-US","@id":"https:\/\/mmkriepas.lv\/en\/p\/ziemas-vissezonas-riepas-21555r16-viatti-brina-v-521-93t\/#local-main-organization-logo","url":"","contentUrl":"","caption":"MMK Riepas"}]},"product_brand":"Viatti Brina V-521","product_price_amount":"65.00","product_price_currency":"EUR","og_availability":"instock","product_availability":"instock","product_condition":"new"},"_links":{"self":[{"href":"https:\/\/mmkriepas.lv\/en\/wp-json\/wp\/v2\/product\/8880","targetHints":{"allow":["GET"]}}],"collection":[{"href":"https:\/\/mmkriepas.lv\/en\/wp-json\/wp\/v2\/product"}],"about":[{"href":"https:\/\/mmkriepas.lv\/en\/wp-json\/wp\/v2\/types\/product"}],"wp:featuredmedia":[{"embeddable":true,"href":"https:\/\/mmkriepas.lv\/en\/wp-json\/wp\/v2\/media\/196279"}],"wp:attachment":[{"href":"https:\/\/mmkriepas.lv\/en\/wp-json\/wp\/v2\/media?parent=8880"}],"wp:term":[{"taxonomy":"product_brand","embeddable":true,"href":"https:\/\/mmkriepas.lv\/en\/wp-json\/wp\/v2\/product_brand?post=8880"},{"taxonomy":"product_cat","embeddable":true,"href":"https:\/\/mmkriepas.lv\/en\/wp-json\/wp\/v2\/product_cat?post=8880"},{"taxonomy":"product_tag","embeddable":true,"href":"https:\/\/mmkriepas.lv\/en\/wp-json\/wp\/v2\/product_tag?post=8880"}],"curies":[{"name":"wp","href":"https:\/\/api.w.org\/{rel}","templated":true}]}}