{"id":887575,"date":"2024-04-08T09:58:53","date_gmt":"2024-04-08T06:58:53","guid":{"rendered":"https:\/\/mmkserviss.lv\/?post_type=product&#038;p=887575"},"modified":"2025-10-16T23:17:21","modified_gmt":"2025-10-16T20:17:21","slug":"245-45r18-falken-ziex-ze310-ecorun-100w-xl","status":"publish","type":"product","link":"https:\/\/mmkriepas.lv\/en\/p\/245-45r18-falken-ziex-ze310-ecorun-100w-xl\/","title":{"rendered":"245\/45R18 Falken ZIEX ZE310 Ecorun 100W XL MFS"},"content":{"rendered":"<p><span style=\"color: #000000;\"><span style=\"font-family: Arial, serif;\"><b>Falken Z<\/b><\/span><\/span><span style=\"color: #000000;\"><span style=\"font-family: Arial, serif;\"><b>IEX<\/b><\/span><\/span><span style=\"color: #000000;\"><span style=\"font-family: Arial, serif;\"><b> ZE310 Ecorun<\/b><\/span><\/span><span style=\"color: #000000;\"><span style=\"font-family: Arial, serif;\"> ir augstas kvalit\u0101tes vasaras riepu modelis. Tas izce\u013cas ar labiem sa\u0137eres un manevr\u0113tsp\u0113jas r\u0101d\u012bt\u0101jiem gan uz sausa, gan slapja asfalta. Izcila izv\u0113le automa\u0161\u012bn\u0101m kas p\u0101rvietojas pils\u0113tvid\u0113 vai <\/span><\/span><span style=\"color: #000000;\"><span style=\"font-family: Arial, serif;\">pa \u0161osej\u0101m.<\/span><\/span><\/p>\n<p><span style=\"color: #000000;\"><span style=\"font-family: Arial, serif;\"><span style=\"font-size: medium;\"><b>Z<\/b><\/span><\/span><\/span><span style=\"color: #000000;\"><span style=\"font-family: Arial, serif;\"><span style=\"font-size: medium;\"><b>IEX<\/b><\/span><\/span><\/span><span style=\"color: #000000;\"><span style=\"font-family: Arial, serif;\"><span style=\"font-size: medium;\"><b> ZE310 Ecorun<\/b><\/span><\/span><\/span><span style=\"color: #000000;\"><span style=\"font-family: Arial, serif;\"><span style=\"font-size: medium;\"> <\/span><\/span><\/span><span style=\"color: #000000;\"><span style=\"font-family: Arial, serif;\"><span style=\"font-size: medium;\"><b>galven\u0101s iez\u012bmes<\/b><\/span><\/span><\/span><\/p>\n<p><span style=\"color: #000000;\"><span style=\"font-family: Arial, serif;\">+ Izcili sa\u0137eres un manevr\u0113tsp\u0113jas r\u0101d\u012bt\u0101ji gan uz sausa, gan slapja asfalta.<\/span><\/span><\/p>\n<p><span style=\"color: #000000;\"><span style=\"font-family: Arial, serif;\">+ Zems akvaplan\u0113\u0161anas risks.<\/span><\/span><\/p>\n<p><span style=\"color: #000000;\"><span style=\"font-family: Arial, serif;\">+ Labi dilst\u012bbas r\u0101d\u012bt\u0101ji.<\/span><\/span><\/p>\n<p><span style=\"color: #000000;\"><span style=\"font-family: Arial, serif;\">+ Klusa un komfortabla gaita.<\/span><\/span><\/p>\n<p><span style=\"color: #000000;\"><span style=\"font-family: Arial, serif;\"><span style=\"font-size: medium;\"><b>Z<\/b><\/span><\/span><\/span><span style=\"color: #000000;\"><span style=\"font-family: Arial, serif;\"><span style=\"font-size: medium;\"><b>IEX<\/b><\/span><\/span><\/span><span style=\"color: #000000;\"><span style=\"font-family: Arial, serif;\"><span style=\"font-size: medium;\"><b> ZE310 Ecorun<\/b><\/span><\/span><\/span><span style=\"color: #000000;\"><span style=\"font-family: Arial, serif;\"><span style=\"font-size: medium;\"> <\/span><\/span><\/span><span style=\"color: #000000;\"><span style=\"font-family: Arial, serif;\"><span style=\"font-size: medium;\"><b>apr\u012bkojums<\/b><\/span><\/span><\/span><\/p>\n<p><span style=\"color: #000000;\"><span style=\"font-family: Arial, serif;\"><b>Falken Z<\/b><\/span><\/span><span style=\"color: #000000;\"><span style=\"font-family: Arial, serif;\"><b>IEX<\/b><\/span><\/span><span style=\"color: #000000;\"><span style=\"font-family: Arial, serif;\"><b> ZE310 Ecorun<\/b><\/span><\/span><span style=\"color: #000000;\"><span style=\"font-family: Arial, serif;\"> vasaras riepas apr\u012bkotas ar klasisku asimetrisko protektora dizainu. Starp asimetriskajaj\u0101m protektora bloku virkn\u0113m atrodama augsti att\u012bst\u012bta dren\u0101\u017eas jeb \u016bdens novadkan\u0101lu sist\u0113ma, kas nodro\u0161ina zemu akvaplan\u0113\u0161anas risku.<\/span><\/span><\/p>\n<p><span style=\"color: #000000;\"><span style=\"font-family: Arial, serif;\">Riepas darin\u0101tas no elastrom\u0113riem bag\u0101ta un nodilumiztur\u012bga kompoz\u012btmateri\u0101la. V\u0113rts min\u0113t, ka elast\u012bga riepa daudz lab\u0101k veido sa\u0137eri ar ce\u013cu, turkl\u0101t, t\u0101 dilst vienm\u0113r\u012bg\u0101k.<\/span><\/span><\/p>\n","protected":false},"excerpt":{"rendered":"<p><span style=\"color: #000000;\"><span style=\"font-family: Arial, serif;\"><b>Falken Z<\/b><\/span><\/span><span style=\"color: #000000;\"><span style=\"font-family: Arial, serif;\"><b>IEX<\/b><\/span><\/span><span style=\"color: #000000;\"><span style=\"font-family: Arial, serif;\"><b> ZE310 Ecorun<\/b><\/span><\/span><span style=\"color: #000000;\"><span style=\"font-family: Arial, serif;\"> ir augstas kvalit\u0101tes vasaras riepu modelis. Tas izce\u013cas ar labiem sa\u0137eres un manevr\u0113tsp\u0113jas r\u0101d\u012bt\u0101jiem gan uz sausa, gan slapja asfalta. Izcila izv\u0113le automa\u0161\u012bn\u0101m kas p\u0101rvietojas pils\u0113tvid\u0113 vai <\/span><\/span><span style=\"color: #000000;\"><span style=\"font-family: Arial, serif;\">pa \u0161osej\u0101m.<\/span><\/span><\/p>\n","protected":false},"featured_media":882696,"template":"","meta":{"_acf_changed":false,"ngg_post_thumbnail":0},"product_brand":[],"product_cat":[46],"product_tag":[],"class_list":{"0":"post-887575","1":"product","2":"type-product","3":"status-publish","4":"has-post-thumbnail","6":"product_cat-vasaras-riepas","8":"first","9":"outofstock","10":"sale","11":"taxable","12":"shipping-taxable","13":"product-type-simple"},"acf":[],"yoast_head":"<!-- This site is optimized with the Yoast SEO Premium plugin v22.6 (Yoast SEO v27.3) - https:\/\/yoast.com\/product\/yoast-seo-premium-wordpress\/ -->\n<title>245\/45R18 Falken ZIEX ZE310 Ecorun 100W XL MFS &#8226; MMK Riepas<\/title>\n<meta name=\"robots\" content=\"index, follow, max-snippet:-1, max-image-preview:large, max-video-preview:-1\" \/>\n<link rel=\"canonical\" href=\"https:\/\/mmkriepas.lv\/en\/p\/245-45r18-falken-ziex-ze310-ecorun-100w-xl\/\" \/>\n<meta property=\"og:locale\" content=\"en_US\" \/>\n<meta property=\"og:type\" content=\"article\" \/>\n<meta property=\"og:title\" content=\"245\/45R18 Falken ZIEX ZE310 Ecorun 100W XL MFS\" \/>\n<meta property=\"og:description\" content=\"Falken ZIEX ZE310 Ecorun ir augstas kvalit\u0101tes vasaras riepu modelis. Tas izce\u013cas ar labiem sa\u0137eres un manevr\u0113tsp\u0113jas r\u0101d\u012bt\u0101jiem gan uz sausa, gan slapja asfalta. Izcila izv\u0113le automa\u0161\u012bn\u0101m kas p\u0101rvietojas pils\u0113tvid\u0113 vai pa \u0161osej\u0101m.\" \/>\n<meta property=\"og:url\" content=\"https:\/\/mmkriepas.lv\/en\/p\/245-45r18-falken-ziex-ze310-ecorun-100w-xl\/\" \/>\n<meta property=\"og:site_name\" content=\"MMK Riepas\" \/>\n<meta property=\"article:publisher\" content=\"https:\/\/www.facebook.com\/mmkserviss\/\" \/>\n<meta property=\"article:modified_time\" content=\"2025-10-16T20:17:21+00:00\" \/>\n<meta property=\"og:image\" content=\"https:\/\/mmkriepas.lv\/wp-content\/uploads\/2024\/03\/21550r17-falken-ziex-ze310-ecorun-91w-xl-vasaras-riepas.jpg\" \/>\n\t<meta property=\"og:image:width\" content=\"1000\" \/>\n\t<meta property=\"og:image:height\" content=\"750\" \/>\n\t<meta property=\"og:image:type\" content=\"image\/jpeg\" \/>\n<meta name=\"twitter:card\" content=\"summary_large_image\" \/>\n<meta name=\"twitter:label1\" content=\"Price\" \/>\n\t<meta name=\"twitter:data1\" content=\"&euro;109.00\" \/>\n\t<meta name=\"twitter:label2\" content=\"Availability\" \/>\n\t<meta name=\"twitter:data2\" content=\"Out of stock\" \/>\n<script type=\"application\/ld+json\" class=\"yoast-schema-graph\">{\"@context\":\"https:\\\/\\\/schema.org\",\"@graph\":[{\"@type\":\"WebPage\",\"@id\":\"https:\\\/\\\/mmkriepas.lv\\\/en\\\/p\\\/245-45r18-falken-ziex-ze310-ecorun-100w-xl\\\/\",\"url\":\"https:\\\/\\\/mmkriepas.lv\\\/en\\\/p\\\/245-45r18-falken-ziex-ze310-ecorun-100w-xl\\\/\",\"name\":\"245\\\/45R18 Falken ZIEX ZE310 Ecorun 100W XL MFS &#8226; MMK Riepas\",\"isPartOf\":{\"@id\":\"https:\\\/\\\/mmkriepas.lv\\\/en\\\/#website\"},\"primaryImageOfPage\":{\"@id\":\"https:\\\/\\\/mmkriepas.lv\\\/en\\\/p\\\/245-45r18-falken-ziex-ze310-ecorun-100w-xl\\\/#primaryimage\"},\"image\":{\"@id\":\"https:\\\/\\\/mmkriepas.lv\\\/en\\\/p\\\/245-45r18-falken-ziex-ze310-ecorun-100w-xl\\\/#primaryimage\"},\"thumbnailUrl\":\"https:\\\/\\\/mmkriepas.lv\\\/wp-content\\\/uploads\\\/2024\\\/03\\\/21550r17-falken-ziex-ze310-ecorun-91w-xl-vasaras-riepas.jpg\",\"datePublished\":\"2024-04-08T06:58:53+00:00\",\"dateModified\":\"2025-10-16T20:17:21+00:00\",\"breadcrumb\":{\"@id\":\"https:\\\/\\\/mmkriepas.lv\\\/en\\\/p\\\/245-45r18-falken-ziex-ze310-ecorun-100w-xl\\\/#breadcrumb\"},\"inLanguage\":\"en-US\",\"potentialAction\":[{\"@type\":\"ReadAction\",\"target\":[\"https:\\\/\\\/mmkriepas.lv\\\/en\\\/p\\\/245-45r18-falken-ziex-ze310-ecorun-100w-xl\\\/\"]}]},{\"@type\":\"ImageObject\",\"inLanguage\":\"en-US\",\"@id\":\"https:\\\/\\\/mmkriepas.lv\\\/en\\\/p\\\/245-45r18-falken-ziex-ze310-ecorun-100w-xl\\\/#primaryimage\",\"url\":\"https:\\\/\\\/mmkriepas.lv\\\/wp-content\\\/uploads\\\/2024\\\/03\\\/21550r17-falken-ziex-ze310-ecorun-91w-xl-vasaras-riepas.jpg\",\"contentUrl\":\"https:\\\/\\\/mmkriepas.lv\\\/wp-content\\\/uploads\\\/2024\\\/03\\\/21550r17-falken-ziex-ze310-ecorun-91w-xl-vasaras-riepas.jpg\",\"width\":1000,\"height\":750,\"caption\":\"MAIN\"},{\"@type\":\"BreadcrumbList\",\"@id\":\"https:\\\/\\\/mmkriepas.lv\\\/en\\\/p\\\/245-45r18-falken-ziex-ze310-ecorun-100w-xl\\\/#breadcrumb\",\"itemListElement\":[{\"@type\":\"ListItem\",\"position\":1,\"name\":\"S\u0101kums\",\"item\":\"https:\\\/\\\/mmkriepas.lv\\\/en\\\/\"},{\"@type\":\"ListItem\",\"position\":2,\"name\":\"245\\\/45R18 Falken ZIEX ZE310 Ecorun 100W XL MFS\"}]},{\"@type\":\"WebSite\",\"@id\":\"https:\\\/\\\/mmkriepas.lv\\\/en\\\/#website\",\"url\":\"https:\\\/\\\/mmkriepas.lv\\\/en\\\/\",\"name\":\"MMK Riepas\",\"description\":\"MMK Riepas\",\"alternateName\":\"MMK Riepu Serviss\",\"potentialAction\":[{\"@type\":\"SearchAction\",\"target\":{\"@type\":\"EntryPoint\",\"urlTemplate\":\"https:\\\/\\\/mmkriepas.lv\\\/en\\\/?s={search_term_string}\"},\"query-input\":{\"@type\":\"PropertyValueSpecification\",\"valueRequired\":true,\"valueName\":\"search_term_string\"}}],\"inLanguage\":\"en-US\"},{\"@type\":\"ImageObject\",\"inLanguage\":\"en-US\",\"@id\":\"https:\\\/\\\/mmkriepas.lv\\\/en\\\/p\\\/245-45r18-falken-ziex-ze310-ecorun-100w-xl\\\/#local-main-organization-logo\",\"url\":\"\",\"contentUrl\":\"\",\"caption\":\"MMK Riepas\"}]}<\/script>\n<meta property=\"product:brand\" content=\"Falken ZIEX ZE310 Ecorun\" \/>\n<meta property=\"product:price:amount\" content=\"109.00\" \/>\n<meta property=\"product:price:currency\" content=\"EUR\" \/>\n<meta property=\"og:availability\" content=\"out of stock\" \/>\n<meta property=\"product:availability\" content=\"out of stock\" \/>\n<meta property=\"product:retailer_item_id\" content=\"TS2454518FALKE-36142\" \/>\n<meta property=\"product:condition\" content=\"new\" \/>\n<!-- \/ Yoast SEO Premium plugin. -->","yoast_head_json":{"title":"245\/45R18 Falken ZIEX ZE310 Ecorun 100W XL MFS &#8226; MMK Riepas","robots":{"index":"index","follow":"follow","max-snippet":"max-snippet:-1","max-image-preview":"max-image-preview:large","max-video-preview":"max-video-preview:-1"},"canonical":"https:\/\/mmkriepas.lv\/en\/p\/245-45r18-falken-ziex-ze310-ecorun-100w-xl\/","og_locale":"en_US","og_type":"article","og_title":"245\/45R18 Falken ZIEX ZE310 Ecorun 100W XL MFS","og_description":"Falken ZIEX ZE310 Ecorun ir augstas kvalit\u0101tes vasaras riepu modelis. Tas izce\u013cas ar labiem sa\u0137eres un manevr\u0113tsp\u0113jas r\u0101d\u012bt\u0101jiem gan uz sausa, gan slapja asfalta. Izcila izv\u0113le automa\u0161\u012bn\u0101m kas p\u0101rvietojas pils\u0113tvid\u0113 vai pa \u0161osej\u0101m.","og_url":"https:\/\/mmkriepas.lv\/en\/p\/245-45r18-falken-ziex-ze310-ecorun-100w-xl\/","og_site_name":"MMK Riepas","article_publisher":"https:\/\/www.facebook.com\/mmkserviss\/","article_modified_time":"2025-10-16T20:17:21+00:00","og_image":[{"width":1000,"height":750,"url":"https:\/\/mmkriepas.lv\/wp-content\/uploads\/2024\/03\/21550r17-falken-ziex-ze310-ecorun-91w-xl-vasaras-riepas.jpg","type":"image\/jpeg"}],"twitter_card":"summary_large_image","twitter_misc":{"Price":"&euro;109.00","Availability":"Out of stock"},"schema":{"@context":"https:\/\/schema.org","@graph":[{"@type":"WebPage","@id":"https:\/\/mmkriepas.lv\/en\/p\/245-45r18-falken-ziex-ze310-ecorun-100w-xl\/","url":"https:\/\/mmkriepas.lv\/en\/p\/245-45r18-falken-ziex-ze310-ecorun-100w-xl\/","name":"245\/45R18 Falken ZIEX ZE310 Ecorun 100W XL MFS &#8226; MMK Riepas","isPartOf":{"@id":"https:\/\/mmkriepas.lv\/en\/#website"},"primaryImageOfPage":{"@id":"https:\/\/mmkriepas.lv\/en\/p\/245-45r18-falken-ziex-ze310-ecorun-100w-xl\/#primaryimage"},"image":{"@id":"https:\/\/mmkriepas.lv\/en\/p\/245-45r18-falken-ziex-ze310-ecorun-100w-xl\/#primaryimage"},"thumbnailUrl":"https:\/\/mmkriepas.lv\/wp-content\/uploads\/2024\/03\/21550r17-falken-ziex-ze310-ecorun-91w-xl-vasaras-riepas.jpg","datePublished":"2024-04-08T06:58:53+00:00","dateModified":"2025-10-16T20:17:21+00:00","breadcrumb":{"@id":"https:\/\/mmkriepas.lv\/en\/p\/245-45r18-falken-ziex-ze310-ecorun-100w-xl\/#breadcrumb"},"inLanguage":"en-US","potentialAction":[{"@type":"ReadAction","target":["https:\/\/mmkriepas.lv\/en\/p\/245-45r18-falken-ziex-ze310-ecorun-100w-xl\/"]}]},{"@type":"ImageObject","inLanguage":"en-US","@id":"https:\/\/mmkriepas.lv\/en\/p\/245-45r18-falken-ziex-ze310-ecorun-100w-xl\/#primaryimage","url":"https:\/\/mmkriepas.lv\/wp-content\/uploads\/2024\/03\/21550r17-falken-ziex-ze310-ecorun-91w-xl-vasaras-riepas.jpg","contentUrl":"https:\/\/mmkriepas.lv\/wp-content\/uploads\/2024\/03\/21550r17-falken-ziex-ze310-ecorun-91w-xl-vasaras-riepas.jpg","width":1000,"height":750,"caption":"MAIN"},{"@type":"BreadcrumbList","@id":"https:\/\/mmkriepas.lv\/en\/p\/245-45r18-falken-ziex-ze310-ecorun-100w-xl\/#breadcrumb","itemListElement":[{"@type":"ListItem","position":1,"name":"S\u0101kums","item":"https:\/\/mmkriepas.lv\/en\/"},{"@type":"ListItem","position":2,"name":"245\/45R18 Falken ZIEX ZE310 Ecorun 100W XL MFS"}]},{"@type":"WebSite","@id":"https:\/\/mmkriepas.lv\/en\/#website","url":"https:\/\/mmkriepas.lv\/en\/","name":"MMK Riepas","description":"MMK Riepas","alternateName":"MMK Riepu Serviss","potentialAction":[{"@type":"SearchAction","target":{"@type":"EntryPoint","urlTemplate":"https:\/\/mmkriepas.lv\/en\/?s={search_term_string}"},"query-input":{"@type":"PropertyValueSpecification","valueRequired":true,"valueName":"search_term_string"}}],"inLanguage":"en-US"},{"@type":"ImageObject","inLanguage":"en-US","@id":"https:\/\/mmkriepas.lv\/en\/p\/245-45r18-falken-ziex-ze310-ecorun-100w-xl\/#local-main-organization-logo","url":"","contentUrl":"","caption":"MMK Riepas"}]},"product_brand":"Falken ZIEX ZE310 Ecorun","product_price_amount":"109.00","product_price_currency":"EUR","og_availability":"out of stock","product_availability":"out of stock","product_retailer_item_id":"TS2454518FALKE-36142","product_condition":"new"},"_links":{"self":[{"href":"https:\/\/mmkriepas.lv\/en\/wp-json\/wp\/v2\/product\/887575","targetHints":{"allow":["GET"]}}],"collection":[{"href":"https:\/\/mmkriepas.lv\/en\/wp-json\/wp\/v2\/product"}],"about":[{"href":"https:\/\/mmkriepas.lv\/en\/wp-json\/wp\/v2\/types\/product"}],"wp:featuredmedia":[{"embeddable":true,"href":"https:\/\/mmkriepas.lv\/en\/wp-json\/wp\/v2\/media\/882696"}],"wp:attachment":[{"href":"https:\/\/mmkriepas.lv\/en\/wp-json\/wp\/v2\/media?parent=887575"}],"wp:term":[{"taxonomy":"product_brand","embeddable":true,"href":"https:\/\/mmkriepas.lv\/en\/wp-json\/wp\/v2\/product_brand?post=887575"},{"taxonomy":"product_cat","embeddable":true,"href":"https:\/\/mmkriepas.lv\/en\/wp-json\/wp\/v2\/product_cat?post=887575"},{"taxonomy":"product_tag","embeddable":true,"href":"https:\/\/mmkriepas.lv\/en\/wp-json\/wp\/v2\/product_tag?post=887575"}],"curies":[{"name":"wp","href":"https:\/\/api.w.org\/{rel}","templated":true}]}}