{"id":880805,"date":"2024-03-25T12:27:52","date_gmt":"2024-03-25T10:27:52","guid":{"rendered":"https:\/\/mmkserviss.lv\/?post_type=product&#038;p=880805"},"modified":"2024-05-01T09:41:45","modified_gmt":"2024-05-01T06:41:45","slug":"215-45r20-goodyear-efficientgrip-performance-95t-xl-dot","status":"publish","type":"product","link":"https:\/\/mmkriepas.lv\/en\/p\/215-45r20-goodyear-efficientgrip-performance-95t-xl-dot\/","title":{"rendered":"215\/45R20 Goodyear EfficientGrip Performance 95T XL DOT"},"content":{"rendered":"<p class=\"western\"><strong><span style=\"font-family: Arial, sans-serif;\">Goodyear EfficientGrip Performance <\/span><\/strong><span style=\"font-family: Arial, sans-serif;\">ir premium klases vasaras riepu modelis, kas paredz\u0113ts vieglajiem auto, krosoveriem un SUV automa\u0161\u012bn\u0101m. Izcila izv\u0113le automa\u0161\u012bn\u0101m, kam prim\u0101r\u0101 p\u0101rvieto\u0161an\u0101s ir pilsetvid\u0113 un pa \u0161osej\u0101m. Testu uzvar\u0113t\u0101js ar p\u0101rliecino\u0161iem veiktsp\u0113jas r\u0101d\u012bt\u0101jiem uz sausa un slapja asfalta pat lielos brauk\u0161anas \u0101trumos.<\/span><\/p>\n<p class=\"western\"><strong><span style=\"font-family: Arial, sans-serif;\">EfficientGrip Performance \u012bpa\u0161\u012bbas:<\/span><\/strong><\/p>\n<p class=\"western\"><span style=\"font-family: Arial, sans-serif;\">+ Uzlabots protektora raksts.<\/span><\/p>\n<p class=\"western\"><span style=\"font-family: Arial, sans-serif;\">+ Izcila nodilumiztur\u012bba.<\/span><\/p>\n<p class=\"western\"><span style=\"font-family: Arial, sans-serif;\">+ Uzlabota riepas kostrukcija, kas rezult\u0113jas lab\u0101k\u0101 vad\u0101m\u012bb\u0101.<\/span><\/p>\n<p class=\"western\"><span style=\"font-family: Arial, sans-serif;\">+ Izcila veiksp\u0113ja uz sausa un slapja ce\u013cu seguma pat lielos brauk\u0161anas \u0101trumos.<\/span><\/p>\n<p class=\"western\"><span style=\"font-family: Arial, sans-serif;\">+ Izteikts akustiskais komforts.<\/span><\/p>\n<h3 class=\"western\"><strong><span style=\"font-family: Arial, sans-serif;\">EfficientGrip Performance apr\u012bkojums<\/span><\/strong><\/h3>\n<p class=\"western\"><strong><span style=\"font-family: Arial, sans-serif;\">Goodyear EfficientGrip Performance <\/span><\/strong><span style=\"font-family: Arial, sans-serif;\">UHP jeb augstas veiktsp\u0113jas vasaras riepu modelis apr\u012bkots ar asimetrisku protektora rakstu. \u0160\u0101ds dizains sev\u012b apvieno izcilas brauk\u0161anas komforta, manevr\u0113tsp\u0113jas un sa\u0137eres \u012bpa\u0161\u012bbas gan uz sausa, gan ar\u012b slapja asfalta.<\/span><\/p>\n<p class=\"western\"><span style=\"font-family: Arial, sans-serif;\">Starp asimetriski izvietotajiem protektora blokiem izveidota augsti att\u012bst\u012bta dren\u0101\u017eas jeb \u016bdens novadkan\u0101lu sist\u0113ma. T\u0101 efekt\u012bvi novada lieko \u016bdeni no riepas kontakta virsmas ar ce\u013cu, b\u016btiski samazinot akvaplan\u0113\u0161anas risku.<\/span><\/p>\n<p class=\"western\"><span style=\"font-family: Arial, sans-serif;\">Riepas gumijas sast\u0101vs veidots, izmantojot GoodYear tehnolo\u0123iskos risin\u0101jumus. Tam pievienotie \u0137\u012bmiskie elementi vienlaikus sl\u0101p\u0113 ska\u0146u, uzlabo nodilumiztur\u012bbu un sa\u0137eres \u012bpa\u0161\u012bbas uz slapja asfalta.<\/span><\/p>\n","protected":false},"excerpt":{"rendered":"<p class=\"western\"><strong><span style=\"font-family: Arial, sans-serif;\">Goodyear EfficientGrip Performance <\/span><\/strong><span style=\"font-family: Arial, sans-serif;\">ir premium klases vasaras riepu modelis, kas paredz\u0113ts vieglajiem auto, krosoveriem un SUV automa\u0161\u012bn\u0101m. Izcila izv\u0113le automa\u0161\u012bn\u0101m, kam prim\u0101r\u0101 p\u0101rvieto\u0161an\u0101s ir pilsetvid\u0113 un pa \u0161osej\u0101m. Testu uzvar\u0113t\u0101js ar p\u0101rliecino\u0161iem veiktsp\u0113jas r\u0101d\u012bt\u0101jiem uz sausa un slapja asfalta pat lielos brauk\u0161anas \u0101trumos.<\/span><\/p>\n","protected":false},"featured_media":895913,"template":"","meta":{"_acf_changed":false,"ngg_post_thumbnail":0},"product_brand":[],"product_cat":[46],"product_tag":[],"class_list":{"0":"post-880805","1":"product","2":"type-product","3":"status-publish","4":"has-post-thumbnail","6":"product_cat-vasaras-riepas","8":"first","9":"instock","10":"taxable","11":"shipping-taxable","12":"product-type-simple"},"acf":[],"yoast_head":"<!-- This site is optimized with the Yoast SEO Premium plugin v22.6 (Yoast SEO v27.3) - https:\/\/yoast.com\/product\/yoast-seo-premium-wordpress\/ -->\n<title>215\/45R20 Goodyear EfficientGrip Performance 95T XL DOT &#8226; MMK Riepas<\/title>\n<meta name=\"robots\" content=\"index, follow, max-snippet:-1, max-image-preview:large, max-video-preview:-1\" \/>\n<link rel=\"canonical\" href=\"https:\/\/mmkriepas.lv\/en\/p\/215-45r20-goodyear-efficientgrip-performance-95t-xl-dot\/\" \/>\n<meta property=\"og:locale\" content=\"en_US\" \/>\n<meta property=\"og:type\" content=\"article\" \/>\n<meta property=\"og:title\" content=\"215\/45R20 Goodyear EfficientGrip Performance 95T XL DOT\" \/>\n<meta property=\"og:description\" content=\"Goodyear EfficientGrip Performance ir premium klases vasaras riepu modelis, kas paredz\u0113ts vieglajiem auto, krosoveriem un SUV automa\u0161\u012bn\u0101m. Izcila izv\u0113le automa\u0161\u012bn\u0101m, kam prim\u0101r\u0101 p\u0101rvieto\u0161an\u0101s ir pilsetvid\u0113 un pa \u0161osej\u0101m. Testu uzvar\u0113t\u0101js ar p\u0101rliecino\u0161iem veiktsp\u0113jas r\u0101d\u012bt\u0101jiem uz sausa un slapja asfalta pat lielos brauk\u0161anas \u0101trumos.\" \/>\n<meta property=\"og:url\" content=\"https:\/\/mmkriepas.lv\/en\/p\/215-45r20-goodyear-efficientgrip-performance-95t-xl-dot\/\" \/>\n<meta property=\"og:site_name\" content=\"MMK Riepas\" \/>\n<meta property=\"article:publisher\" content=\"https:\/\/www.facebook.com\/mmkserviss\/\" \/>\n<meta property=\"article:modified_time\" content=\"2024-05-01T06:41:45+00:00\" \/>\n<meta property=\"og:image\" content=\"https:\/\/mmkriepas.lv\/wp-content\/uploads\/2024\/04\/19550r15-goodyear-efficientgrip-performance-82v-dot17-vasaras-riepas.jpg\" \/>\n\t<meta property=\"og:image:width\" content=\"1000\" \/>\n\t<meta property=\"og:image:height\" content=\"829\" \/>\n\t<meta property=\"og:image:type\" content=\"image\/jpeg\" \/>\n<meta name=\"twitter:card\" content=\"summary_large_image\" \/>\n<meta name=\"twitter:label1\" content=\"Price\" \/>\n\t<meta name=\"twitter:data1\" content=\"&euro;134.00\" \/>\n\t<meta name=\"twitter:label2\" content=\"Availability\" \/>\n\t<meta name=\"twitter:data2\" content=\"In stock\" \/>\n<script type=\"application\/ld+json\" class=\"yoast-schema-graph\">{\"@context\":\"https:\\\/\\\/schema.org\",\"@graph\":[{\"@type\":\"WebPage\",\"@id\":\"https:\\\/\\\/mmkriepas.lv\\\/en\\\/p\\\/215-45r20-goodyear-efficientgrip-performance-95t-xl-dot\\\/\",\"url\":\"https:\\\/\\\/mmkriepas.lv\\\/en\\\/p\\\/215-45r20-goodyear-efficientgrip-performance-95t-xl-dot\\\/\",\"name\":\"215\\\/45R20 Goodyear EfficientGrip Performance 95T XL DOT &#8226; MMK Riepas\",\"isPartOf\":{\"@id\":\"https:\\\/\\\/mmkriepas.lv\\\/en\\\/#website\"},\"primaryImageOfPage\":{\"@id\":\"https:\\\/\\\/mmkriepas.lv\\\/en\\\/p\\\/215-45r20-goodyear-efficientgrip-performance-95t-xl-dot\\\/#primaryimage\"},\"image\":{\"@id\":\"https:\\\/\\\/mmkriepas.lv\\\/en\\\/p\\\/215-45r20-goodyear-efficientgrip-performance-95t-xl-dot\\\/#primaryimage\"},\"thumbnailUrl\":\"https:\\\/\\\/mmkriepas.lv\\\/wp-content\\\/uploads\\\/2024\\\/04\\\/19550r15-goodyear-efficientgrip-performance-82v-dot17-vasaras-riepas.jpg\",\"datePublished\":\"2024-03-25T10:27:52+00:00\",\"dateModified\":\"2024-05-01T06:41:45+00:00\",\"breadcrumb\":{\"@id\":\"https:\\\/\\\/mmkriepas.lv\\\/en\\\/p\\\/215-45r20-goodyear-efficientgrip-performance-95t-xl-dot\\\/#breadcrumb\"},\"inLanguage\":\"en-US\",\"potentialAction\":[{\"@type\":\"ReadAction\",\"target\":[\"https:\\\/\\\/mmkriepas.lv\\\/en\\\/p\\\/215-45r20-goodyear-efficientgrip-performance-95t-xl-dot\\\/\"]}]},{\"@type\":\"ImageObject\",\"inLanguage\":\"en-US\",\"@id\":\"https:\\\/\\\/mmkriepas.lv\\\/en\\\/p\\\/215-45r20-goodyear-efficientgrip-performance-95t-xl-dot\\\/#primaryimage\",\"url\":\"https:\\\/\\\/mmkriepas.lv\\\/wp-content\\\/uploads\\\/2024\\\/04\\\/19550r15-goodyear-efficientgrip-performance-82v-dot17-vasaras-riepas.jpg\",\"contentUrl\":\"https:\\\/\\\/mmkriepas.lv\\\/wp-content\\\/uploads\\\/2024\\\/04\\\/19550r15-goodyear-efficientgrip-performance-82v-dot17-vasaras-riepas.jpg\",\"width\":1000,\"height\":829,\"caption\":\"MAIN\"},{\"@type\":\"BreadcrumbList\",\"@id\":\"https:\\\/\\\/mmkriepas.lv\\\/en\\\/p\\\/215-45r20-goodyear-efficientgrip-performance-95t-xl-dot\\\/#breadcrumb\",\"itemListElement\":[{\"@type\":\"ListItem\",\"position\":1,\"name\":\"S\u0101kums\",\"item\":\"https:\\\/\\\/mmkriepas.lv\\\/en\\\/\"},{\"@type\":\"ListItem\",\"position\":2,\"name\":\"215\\\/45R20 Goodyear EfficientGrip Performance 95T XL DOT\"}]},{\"@type\":\"WebSite\",\"@id\":\"https:\\\/\\\/mmkriepas.lv\\\/en\\\/#website\",\"url\":\"https:\\\/\\\/mmkriepas.lv\\\/en\\\/\",\"name\":\"MMK Riepas\",\"description\":\"MMK Riepas\",\"alternateName\":\"MMK Riepu Serviss\",\"potentialAction\":[{\"@type\":\"SearchAction\",\"target\":{\"@type\":\"EntryPoint\",\"urlTemplate\":\"https:\\\/\\\/mmkriepas.lv\\\/en\\\/?s={search_term_string}\"},\"query-input\":{\"@type\":\"PropertyValueSpecification\",\"valueRequired\":true,\"valueName\":\"search_term_string\"}}],\"inLanguage\":\"en-US\"},{\"@type\":\"ImageObject\",\"inLanguage\":\"en-US\",\"@id\":\"https:\\\/\\\/mmkriepas.lv\\\/en\\\/p\\\/215-45r20-goodyear-efficientgrip-performance-95t-xl-dot\\\/#local-main-organization-logo\",\"url\":\"\",\"contentUrl\":\"\",\"caption\":\"MMK Riepas\"}]}<\/script>\n<meta property=\"product:brand\" content=\"Goodyear EfficientGrip Performance\" \/>\n<meta property=\"product:price:amount\" content=\"134.00\" \/>\n<meta property=\"product:price:currency\" content=\"EUR\" \/>\n<meta property=\"og:availability\" content=\"instock\" \/>\n<meta property=\"product:availability\" content=\"instock\" \/>\n<meta property=\"product:retailer_item_id\" content=\"TS2154520GOODY-L35670\" \/>\n<meta property=\"product:condition\" content=\"new\" \/>\n<!-- \/ Yoast SEO Premium plugin. -->","yoast_head_json":{"title":"215\/45R20 Goodyear EfficientGrip Performance 95T XL DOT &#8226; MMK Riepas","robots":{"index":"index","follow":"follow","max-snippet":"max-snippet:-1","max-image-preview":"max-image-preview:large","max-video-preview":"max-video-preview:-1"},"canonical":"https:\/\/mmkriepas.lv\/en\/p\/215-45r20-goodyear-efficientgrip-performance-95t-xl-dot\/","og_locale":"en_US","og_type":"article","og_title":"215\/45R20 Goodyear EfficientGrip Performance 95T XL DOT","og_description":"Goodyear EfficientGrip Performance ir premium klases vasaras riepu modelis, kas paredz\u0113ts vieglajiem auto, krosoveriem un SUV automa\u0161\u012bn\u0101m. Izcila izv\u0113le automa\u0161\u012bn\u0101m, kam prim\u0101r\u0101 p\u0101rvieto\u0161an\u0101s ir pilsetvid\u0113 un pa \u0161osej\u0101m. Testu uzvar\u0113t\u0101js ar p\u0101rliecino\u0161iem veiktsp\u0113jas r\u0101d\u012bt\u0101jiem uz sausa un slapja asfalta pat lielos brauk\u0161anas \u0101trumos.","og_url":"https:\/\/mmkriepas.lv\/en\/p\/215-45r20-goodyear-efficientgrip-performance-95t-xl-dot\/","og_site_name":"MMK Riepas","article_publisher":"https:\/\/www.facebook.com\/mmkserviss\/","article_modified_time":"2024-05-01T06:41:45+00:00","og_image":[{"width":1000,"height":829,"url":"https:\/\/mmkriepas.lv\/wp-content\/uploads\/2024\/04\/19550r15-goodyear-efficientgrip-performance-82v-dot17-vasaras-riepas.jpg","type":"image\/jpeg"}],"twitter_card":"summary_large_image","twitter_misc":{"Price":"&euro;134.00","Availability":"In stock"},"schema":{"@context":"https:\/\/schema.org","@graph":[{"@type":"WebPage","@id":"https:\/\/mmkriepas.lv\/en\/p\/215-45r20-goodyear-efficientgrip-performance-95t-xl-dot\/","url":"https:\/\/mmkriepas.lv\/en\/p\/215-45r20-goodyear-efficientgrip-performance-95t-xl-dot\/","name":"215\/45R20 Goodyear EfficientGrip Performance 95T XL DOT &#8226; MMK Riepas","isPartOf":{"@id":"https:\/\/mmkriepas.lv\/en\/#website"},"primaryImageOfPage":{"@id":"https:\/\/mmkriepas.lv\/en\/p\/215-45r20-goodyear-efficientgrip-performance-95t-xl-dot\/#primaryimage"},"image":{"@id":"https:\/\/mmkriepas.lv\/en\/p\/215-45r20-goodyear-efficientgrip-performance-95t-xl-dot\/#primaryimage"},"thumbnailUrl":"https:\/\/mmkriepas.lv\/wp-content\/uploads\/2024\/04\/19550r15-goodyear-efficientgrip-performance-82v-dot17-vasaras-riepas.jpg","datePublished":"2024-03-25T10:27:52+00:00","dateModified":"2024-05-01T06:41:45+00:00","breadcrumb":{"@id":"https:\/\/mmkriepas.lv\/en\/p\/215-45r20-goodyear-efficientgrip-performance-95t-xl-dot\/#breadcrumb"},"inLanguage":"en-US","potentialAction":[{"@type":"ReadAction","target":["https:\/\/mmkriepas.lv\/en\/p\/215-45r20-goodyear-efficientgrip-performance-95t-xl-dot\/"]}]},{"@type":"ImageObject","inLanguage":"en-US","@id":"https:\/\/mmkriepas.lv\/en\/p\/215-45r20-goodyear-efficientgrip-performance-95t-xl-dot\/#primaryimage","url":"https:\/\/mmkriepas.lv\/wp-content\/uploads\/2024\/04\/19550r15-goodyear-efficientgrip-performance-82v-dot17-vasaras-riepas.jpg","contentUrl":"https:\/\/mmkriepas.lv\/wp-content\/uploads\/2024\/04\/19550r15-goodyear-efficientgrip-performance-82v-dot17-vasaras-riepas.jpg","width":1000,"height":829,"caption":"MAIN"},{"@type":"BreadcrumbList","@id":"https:\/\/mmkriepas.lv\/en\/p\/215-45r20-goodyear-efficientgrip-performance-95t-xl-dot\/#breadcrumb","itemListElement":[{"@type":"ListItem","position":1,"name":"S\u0101kums","item":"https:\/\/mmkriepas.lv\/en\/"},{"@type":"ListItem","position":2,"name":"215\/45R20 Goodyear EfficientGrip Performance 95T XL DOT"}]},{"@type":"WebSite","@id":"https:\/\/mmkriepas.lv\/en\/#website","url":"https:\/\/mmkriepas.lv\/en\/","name":"MMK Riepas","description":"MMK Riepas","alternateName":"MMK Riepu Serviss","potentialAction":[{"@type":"SearchAction","target":{"@type":"EntryPoint","urlTemplate":"https:\/\/mmkriepas.lv\/en\/?s={search_term_string}"},"query-input":{"@type":"PropertyValueSpecification","valueRequired":true,"valueName":"search_term_string"}}],"inLanguage":"en-US"},{"@type":"ImageObject","inLanguage":"en-US","@id":"https:\/\/mmkriepas.lv\/en\/p\/215-45r20-goodyear-efficientgrip-performance-95t-xl-dot\/#local-main-organization-logo","url":"","contentUrl":"","caption":"MMK Riepas"}]},"product_brand":"Goodyear EfficientGrip Performance","product_price_amount":"134.00","product_price_currency":"EUR","og_availability":"instock","product_availability":"instock","product_retailer_item_id":"TS2154520GOODY-L35670","product_condition":"new"},"_links":{"self":[{"href":"https:\/\/mmkriepas.lv\/en\/wp-json\/wp\/v2\/product\/880805","targetHints":{"allow":["GET"]}}],"collection":[{"href":"https:\/\/mmkriepas.lv\/en\/wp-json\/wp\/v2\/product"}],"about":[{"href":"https:\/\/mmkriepas.lv\/en\/wp-json\/wp\/v2\/types\/product"}],"wp:featuredmedia":[{"embeddable":true,"href":"https:\/\/mmkriepas.lv\/en\/wp-json\/wp\/v2\/media\/895913"}],"wp:attachment":[{"href":"https:\/\/mmkriepas.lv\/en\/wp-json\/wp\/v2\/media?parent=880805"}],"wp:term":[{"taxonomy":"product_brand","embeddable":true,"href":"https:\/\/mmkriepas.lv\/en\/wp-json\/wp\/v2\/product_brand?post=880805"},{"taxonomy":"product_cat","embeddable":true,"href":"https:\/\/mmkriepas.lv\/en\/wp-json\/wp\/v2\/product_cat?post=880805"},{"taxonomy":"product_tag","embeddable":true,"href":"https:\/\/mmkriepas.lv\/en\/wp-json\/wp\/v2\/product_tag?post=880805"}],"curies":[{"name":"wp","href":"https:\/\/api.w.org\/{rel}","templated":true}]}}