{"id":880643,"date":"2024-03-25T12:20:29","date_gmt":"2024-03-25T10:20:29","guid":{"rendered":"https:\/\/mmkserviss.lv\/?post_type=product&#038;p=880643"},"modified":"2024-07-05T17:24:39","modified_gmt":"2024-07-05T14:24:39","slug":"265-30r19-dynamo-street-h-mu02-93y-xl-dot","status":"publish","type":"product","link":"https:\/\/mmkriepas.lv\/en\/p\/265-30r19-dynamo-street-h-mu02-93y-xl-dot\/","title":{"rendered":"265\/30R19 Dynamo Street-H MU02 93Y XL RP DOT21"},"content":{"rendered":"<p><b>Dynamo Street-H MU02<\/b><span style=\"font-weight: 400;\"> ir augstas veiktsp\u0113jas jeb UHP vasaras riepu modelis. Tas paredz\u0113ts dinamiskai brauk\u0161anai gan pa sausu, gan slapju asfaltu un pieejams pla\u0161\u0101 zemprofila riepu kl\u0101st\u0101.<\/span><\/p>\n<h3><b>Dynamo Street-H MU02 galven\u0101s \u012bpa\u0161\u012bbas:<\/b><\/h3>\n<p><span style=\"font-weight: 400;\">+ Augstas veiktsp\u0113jas vasaras riepas, kas adapt\u0113tas dinamiskai brauk\u0161anai pat lielos p\u0101rvieto\u0161an\u0101s \u0101trumos,<\/span><\/p>\n<p><span style=\"font-weight: 400;\">+ Palielin\u0101ti \u0101truma indeksi \u013caus pilnv\u0113rt\u012bgi p\u0101rvietoties pat pa Eiropas \u0101trgaitas \u0161osej\u0101m,<\/span><\/p>\n<p><span style=\"font-weight: 400;\">+ Teicama sa\u0137ere ar slapju asfaltu un samazin\u0101ts akvaplan\u0113\u0161anas risks,<\/span><\/p>\n<p><span style=\"font-weight: 400;\">+ Degvielas ekonomija,<\/span><\/p>\n<p><span style=\"font-weight: 400;\">+ Augst\u0101k\u0101 cenas un veiktsp\u0113jas attiec\u012bba sav\u0101 klas\u0113.<\/span><\/p>\n<h3><b>MU02 apr\u012bkojums<\/b><\/h3>\n<p><b>Dynamo Street-H MU02 <\/b><span style=\"font-weight: 400;\">vasaras riepas apr\u012bkotas ar asimetrisku protektora rakstu, padarot t\u0101s klus\u0101kas. Starp asimetriski izvietotaj\u0101m protektora bloku virkn\u0113m atrodama augsti att\u012bst\u012bta dren\u0101\u017eas jeb \u016bdens izvadkan\u0101lu sist\u0113ma, kas efekt\u012bvi izvad\u012bt \u016bdeni pat lielos brauk\u0161anas \u0101trumos, b\u016btiski samazinot akvaplan\u0113\u0161anas risku.\u00a0<\/span> <span style=\"font-weight: 400;\">Katra no asimetriskaj\u0101m protektora da\u013c\u0101m pilda savu funkciju. Mas\u012bv\u0101s protektora bloku virknes riepas s\u0101nu da\u013c\u0101 uzlabo stabilit\u0101ti lielos brauk\u0161anas \u0101trumos, savuk\u0101rt vi\u013c\u0146veida iegriezumi tuv\u0101k riepas vidusda\u013cai &#8211; uzlabo riepas hidrodinamiku.<\/span><\/p>\n","protected":false},"excerpt":{"rendered":"<p><b>Dynamo Street-H MU02<\/b><span style=\"font-weight: 400;\"> ir augstas veiktsp\u0113jas jeb UHP vasaras riepu modelis. Tas paredz\u0113ts dinamiskai brauk\u0161anai gan pa sausu, gan slapju asfaltu un pieejams pla\u0161\u0101 zemprofila riepu kl\u0101st\u0101.<\/span><\/p>\n","protected":false},"featured_media":681555,"template":"","meta":{"_acf_changed":false,"ngg_post_thumbnail":0},"product_brand":[],"product_cat":[46],"product_tag":[],"class_list":{"0":"post-880643","1":"product","2":"type-product","3":"status-publish","4":"has-post-thumbnail","6":"product_cat-vasaras-riepas","8":"first","9":"instock","10":"taxable","11":"shipping-taxable","12":"product-type-simple"},"acf":[],"yoast_head":"<!-- This site is optimized with the Yoast SEO Premium plugin v22.6 (Yoast SEO v27.3) - https:\/\/yoast.com\/product\/yoast-seo-premium-wordpress\/ -->\n<title>265\/30R19 Dynamo Street-H MU02 93Y XL RP DOT21 &#8226; MMK Riepas<\/title>\n<meta name=\"robots\" content=\"index, follow, max-snippet:-1, max-image-preview:large, max-video-preview:-1\" \/>\n<link rel=\"canonical\" href=\"https:\/\/mmkriepas.lv\/en\/p\/265-30r19-dynamo-street-h-mu02-93y-xl-dot\/\" \/>\n<meta property=\"og:locale\" content=\"en_US\" \/>\n<meta property=\"og:type\" content=\"article\" \/>\n<meta property=\"og:title\" content=\"265\/30R19 Dynamo Street-H MU02 93Y XL RP DOT21\" \/>\n<meta property=\"og:description\" content=\"Dynamo Street-H MU02 ir augstas veiktsp\u0113jas jeb UHP vasaras riepu modelis. Tas paredz\u0113ts dinamiskai brauk\u0161anai gan pa sausu, gan slapju asfaltu un pieejams pla\u0161\u0101 zemprofila riepu kl\u0101st\u0101.\" \/>\n<meta property=\"og:url\" content=\"https:\/\/mmkriepas.lv\/en\/p\/265-30r19-dynamo-street-h-mu02-93y-xl-dot\/\" \/>\n<meta property=\"og:site_name\" content=\"MMK Riepas\" \/>\n<meta property=\"article:publisher\" content=\"https:\/\/www.facebook.com\/mmkserviss\/\" \/>\n<meta property=\"article:modified_time\" content=\"2024-07-05T14:24:39+00:00\" \/>\n<meta property=\"og:image\" content=\"https:\/\/mmkriepas.lv\/wp-content\/uploads\/2023\/03\/22540r18-dynamo-street-h-mu02-92w-xl-vasaras-riepas.jpg\" \/>\n\t<meta property=\"og:image:width\" content=\"1920\" \/>\n\t<meta property=\"og:image:height\" content=\"1278\" \/>\n\t<meta property=\"og:image:type\" content=\"image\/jpeg\" \/>\n<meta name=\"twitter:card\" content=\"summary_large_image\" \/>\n<meta name=\"twitter:label1\" content=\"Price\" \/>\n\t<meta name=\"twitter:data1\" content=\"&euro;64.00\" \/>\n\t<meta name=\"twitter:label2\" content=\"Availability\" \/>\n\t<meta name=\"twitter:data2\" content=\"In stock\" \/>\n<script type=\"application\/ld+json\" class=\"yoast-schema-graph\">{\"@context\":\"https:\\\/\\\/schema.org\",\"@graph\":[{\"@type\":\"WebPage\",\"@id\":\"https:\\\/\\\/mmkriepas.lv\\\/en\\\/p\\\/265-30r19-dynamo-street-h-mu02-93y-xl-dot\\\/\",\"url\":\"https:\\\/\\\/mmkriepas.lv\\\/en\\\/p\\\/265-30r19-dynamo-street-h-mu02-93y-xl-dot\\\/\",\"name\":\"265\\\/30R19 Dynamo Street-H MU02 93Y XL RP DOT21 &#8226; MMK Riepas\",\"isPartOf\":{\"@id\":\"https:\\\/\\\/mmkriepas.lv\\\/en\\\/#website\"},\"primaryImageOfPage\":{\"@id\":\"https:\\\/\\\/mmkriepas.lv\\\/en\\\/p\\\/265-30r19-dynamo-street-h-mu02-93y-xl-dot\\\/#primaryimage\"},\"image\":{\"@id\":\"https:\\\/\\\/mmkriepas.lv\\\/en\\\/p\\\/265-30r19-dynamo-street-h-mu02-93y-xl-dot\\\/#primaryimage\"},\"thumbnailUrl\":\"https:\\\/\\\/mmkriepas.lv\\\/wp-content\\\/uploads\\\/2023\\\/03\\\/22540r18-dynamo-street-h-mu02-92w-xl-vasaras-riepas.jpg\",\"datePublished\":\"2024-03-25T10:20:29+00:00\",\"dateModified\":\"2024-07-05T14:24:39+00:00\",\"breadcrumb\":{\"@id\":\"https:\\\/\\\/mmkriepas.lv\\\/en\\\/p\\\/265-30r19-dynamo-street-h-mu02-93y-xl-dot\\\/#breadcrumb\"},\"inLanguage\":\"en-US\",\"potentialAction\":[{\"@type\":\"ReadAction\",\"target\":[\"https:\\\/\\\/mmkriepas.lv\\\/en\\\/p\\\/265-30r19-dynamo-street-h-mu02-93y-xl-dot\\\/\"]}]},{\"@type\":\"ImageObject\",\"inLanguage\":\"en-US\",\"@id\":\"https:\\\/\\\/mmkriepas.lv\\\/en\\\/p\\\/265-30r19-dynamo-street-h-mu02-93y-xl-dot\\\/#primaryimage\",\"url\":\"https:\\\/\\\/mmkriepas.lv\\\/wp-content\\\/uploads\\\/2023\\\/03\\\/22540r18-dynamo-street-h-mu02-92w-xl-vasaras-riepas.jpg\",\"contentUrl\":\"https:\\\/\\\/mmkriepas.lv\\\/wp-content\\\/uploads\\\/2023\\\/03\\\/22540r18-dynamo-street-h-mu02-92w-xl-vasaras-riepas.jpg\",\"width\":1920,\"height\":1278,\"caption\":\"225\\\/40R18 Dynamo Street-H MU02 92W XL - Vasaras riepas\"},{\"@type\":\"BreadcrumbList\",\"@id\":\"https:\\\/\\\/mmkriepas.lv\\\/en\\\/p\\\/265-30r19-dynamo-street-h-mu02-93y-xl-dot\\\/#breadcrumb\",\"itemListElement\":[{\"@type\":\"ListItem\",\"position\":1,\"name\":\"S\u0101kums\",\"item\":\"https:\\\/\\\/mmkriepas.lv\\\/en\\\/\"},{\"@type\":\"ListItem\",\"position\":2,\"name\":\"265\\\/30R19 Dynamo Street-H MU02 93Y XL RP DOT21\"}]},{\"@type\":\"WebSite\",\"@id\":\"https:\\\/\\\/mmkriepas.lv\\\/en\\\/#website\",\"url\":\"https:\\\/\\\/mmkriepas.lv\\\/en\\\/\",\"name\":\"MMK Riepas\",\"description\":\"MMK Riepas\",\"alternateName\":\"MMK Riepu Serviss\",\"potentialAction\":[{\"@type\":\"SearchAction\",\"target\":{\"@type\":\"EntryPoint\",\"urlTemplate\":\"https:\\\/\\\/mmkriepas.lv\\\/en\\\/?s={search_term_string}\"},\"query-input\":{\"@type\":\"PropertyValueSpecification\",\"valueRequired\":true,\"valueName\":\"search_term_string\"}}],\"inLanguage\":\"en-US\"},{\"@type\":\"ImageObject\",\"inLanguage\":\"en-US\",\"@id\":\"https:\\\/\\\/mmkriepas.lv\\\/en\\\/p\\\/265-30r19-dynamo-street-h-mu02-93y-xl-dot\\\/#local-main-organization-logo\",\"url\":\"\",\"contentUrl\":\"\",\"caption\":\"MMK Riepas\"}]}<\/script>\n<meta property=\"product:brand\" content=\"Dynamo Street-H MU02\" \/>\n<meta property=\"product:price:amount\" content=\"64.00\" \/>\n<meta property=\"product:price:currency\" content=\"EUR\" \/>\n<meta property=\"og:availability\" content=\"instock\" \/>\n<meta property=\"product:availability\" content=\"instock\" \/>\n<meta property=\"product:retailer_item_id\" content=\"TS2653019DYNAM-L35577\" \/>\n<meta property=\"product:condition\" content=\"new\" \/>\n<!-- \/ Yoast SEO Premium plugin. -->","yoast_head_json":{"title":"265\/30R19 Dynamo Street-H MU02 93Y XL RP DOT21 &#8226; MMK Riepas","robots":{"index":"index","follow":"follow","max-snippet":"max-snippet:-1","max-image-preview":"max-image-preview:large","max-video-preview":"max-video-preview:-1"},"canonical":"https:\/\/mmkriepas.lv\/en\/p\/265-30r19-dynamo-street-h-mu02-93y-xl-dot\/","og_locale":"en_US","og_type":"article","og_title":"265\/30R19 Dynamo Street-H MU02 93Y XL RP DOT21","og_description":"Dynamo Street-H MU02 ir augstas veiktsp\u0113jas jeb UHP vasaras riepu modelis. Tas paredz\u0113ts dinamiskai brauk\u0161anai gan pa sausu, gan slapju asfaltu un pieejams pla\u0161\u0101 zemprofila riepu kl\u0101st\u0101.","og_url":"https:\/\/mmkriepas.lv\/en\/p\/265-30r19-dynamo-street-h-mu02-93y-xl-dot\/","og_site_name":"MMK Riepas","article_publisher":"https:\/\/www.facebook.com\/mmkserviss\/","article_modified_time":"2024-07-05T14:24:39+00:00","og_image":[{"width":1920,"height":1278,"url":"https:\/\/mmkriepas.lv\/wp-content\/uploads\/2023\/03\/22540r18-dynamo-street-h-mu02-92w-xl-vasaras-riepas.jpg","type":"image\/jpeg"}],"twitter_card":"summary_large_image","twitter_misc":{"Price":"&euro;64.00","Availability":"In stock"},"schema":{"@context":"https:\/\/schema.org","@graph":[{"@type":"WebPage","@id":"https:\/\/mmkriepas.lv\/en\/p\/265-30r19-dynamo-street-h-mu02-93y-xl-dot\/","url":"https:\/\/mmkriepas.lv\/en\/p\/265-30r19-dynamo-street-h-mu02-93y-xl-dot\/","name":"265\/30R19 Dynamo Street-H MU02 93Y XL RP DOT21 &#8226; MMK Riepas","isPartOf":{"@id":"https:\/\/mmkriepas.lv\/en\/#website"},"primaryImageOfPage":{"@id":"https:\/\/mmkriepas.lv\/en\/p\/265-30r19-dynamo-street-h-mu02-93y-xl-dot\/#primaryimage"},"image":{"@id":"https:\/\/mmkriepas.lv\/en\/p\/265-30r19-dynamo-street-h-mu02-93y-xl-dot\/#primaryimage"},"thumbnailUrl":"https:\/\/mmkriepas.lv\/wp-content\/uploads\/2023\/03\/22540r18-dynamo-street-h-mu02-92w-xl-vasaras-riepas.jpg","datePublished":"2024-03-25T10:20:29+00:00","dateModified":"2024-07-05T14:24:39+00:00","breadcrumb":{"@id":"https:\/\/mmkriepas.lv\/en\/p\/265-30r19-dynamo-street-h-mu02-93y-xl-dot\/#breadcrumb"},"inLanguage":"en-US","potentialAction":[{"@type":"ReadAction","target":["https:\/\/mmkriepas.lv\/en\/p\/265-30r19-dynamo-street-h-mu02-93y-xl-dot\/"]}]},{"@type":"ImageObject","inLanguage":"en-US","@id":"https:\/\/mmkriepas.lv\/en\/p\/265-30r19-dynamo-street-h-mu02-93y-xl-dot\/#primaryimage","url":"https:\/\/mmkriepas.lv\/wp-content\/uploads\/2023\/03\/22540r18-dynamo-street-h-mu02-92w-xl-vasaras-riepas.jpg","contentUrl":"https:\/\/mmkriepas.lv\/wp-content\/uploads\/2023\/03\/22540r18-dynamo-street-h-mu02-92w-xl-vasaras-riepas.jpg","width":1920,"height":1278,"caption":"225\/40R18 Dynamo Street-H MU02 92W XL - Vasaras riepas"},{"@type":"BreadcrumbList","@id":"https:\/\/mmkriepas.lv\/en\/p\/265-30r19-dynamo-street-h-mu02-93y-xl-dot\/#breadcrumb","itemListElement":[{"@type":"ListItem","position":1,"name":"S\u0101kums","item":"https:\/\/mmkriepas.lv\/en\/"},{"@type":"ListItem","position":2,"name":"265\/30R19 Dynamo Street-H MU02 93Y XL RP DOT21"}]},{"@type":"WebSite","@id":"https:\/\/mmkriepas.lv\/en\/#website","url":"https:\/\/mmkriepas.lv\/en\/","name":"MMK Riepas","description":"MMK Riepas","alternateName":"MMK Riepu Serviss","potentialAction":[{"@type":"SearchAction","target":{"@type":"EntryPoint","urlTemplate":"https:\/\/mmkriepas.lv\/en\/?s={search_term_string}"},"query-input":{"@type":"PropertyValueSpecification","valueRequired":true,"valueName":"search_term_string"}}],"inLanguage":"en-US"},{"@type":"ImageObject","inLanguage":"en-US","@id":"https:\/\/mmkriepas.lv\/en\/p\/265-30r19-dynamo-street-h-mu02-93y-xl-dot\/#local-main-organization-logo","url":"","contentUrl":"","caption":"MMK Riepas"}]},"product_brand":"Dynamo Street-H MU02","product_price_amount":"64.00","product_price_currency":"EUR","og_availability":"instock","product_availability":"instock","product_retailer_item_id":"TS2653019DYNAM-L35577","product_condition":"new"},"_links":{"self":[{"href":"https:\/\/mmkriepas.lv\/en\/wp-json\/wp\/v2\/product\/880643","targetHints":{"allow":["GET"]}}],"collection":[{"href":"https:\/\/mmkriepas.lv\/en\/wp-json\/wp\/v2\/product"}],"about":[{"href":"https:\/\/mmkriepas.lv\/en\/wp-json\/wp\/v2\/types\/product"}],"wp:featuredmedia":[{"embeddable":true,"href":"https:\/\/mmkriepas.lv\/en\/wp-json\/wp\/v2\/media\/681555"}],"wp:attachment":[{"href":"https:\/\/mmkriepas.lv\/en\/wp-json\/wp\/v2\/media?parent=880643"}],"wp:term":[{"taxonomy":"product_brand","embeddable":true,"href":"https:\/\/mmkriepas.lv\/en\/wp-json\/wp\/v2\/product_brand?post=880643"},{"taxonomy":"product_cat","embeddable":true,"href":"https:\/\/mmkriepas.lv\/en\/wp-json\/wp\/v2\/product_cat?post=880643"},{"taxonomy":"product_tag","embeddable":true,"href":"https:\/\/mmkriepas.lv\/en\/wp-json\/wp\/v2\/product_tag?post=880643"}],"curies":[{"name":"wp","href":"https:\/\/api.w.org\/{rel}","templated":true}]}}