{"id":880529,"date":"2024-03-25T12:15:30","date_gmt":"2024-03-25T10:15:30","guid":{"rendered":"https:\/\/mmkserviss.lv\/?post_type=product&#038;p=880529"},"modified":"2026-03-27T13:57:20","modified_gmt":"2026-03-27T11:57:20","slug":"225-45r18-maxxis-premitra-5-hp5-95w-xl","status":"publish","type":"product","link":"https:\/\/mmkriepas.lv\/en\/p\/225-45r18-maxxis-premitra-5-hp5-95w-xl\/","title":{"rendered":"225\/45R18 Maxxis Premitra 5 HP5 95W XL"},"content":{"rendered":"<p class=\"western\"><span style=\"font-family: Arial, sans-serif;\"><b>Maxxis Premitra 5 HP5<\/b> vasaras riepu modelis pieder UHP (Ultra High Performance) kategorijai un ir paredz\u0113ta iztur\u0113t lielu slodzi pie lieliem \u0101trumiem. \u0160is riepu modelis der\u0113s gan ikdienas brauk\u0161anai, gan jaud\u012bg\u0101k\u0101m ma\u0161\u012bn\u0101m trasei! Modelis ir paz\u012bstams ar izcilu stabilit\u0101ti un uzticamu sa\u0137eri pat pie liel\u0101kajiem \u0101trumiem visos vasarai rakstur\u012bgajos laikapst\u0101k\u013cos.<\/span><\/p>\n<h3 class=\"western\"><span style=\"font-family: Arial, sans-serif;\">Maxxis Premitra HP5 galven\u0101s \u012bpa\u0161\u012bbas:<\/span><\/h3>\n<p class=\"western\"><span style=\"font-family: Arial, sans-serif;\">+ Sil\u012bcija \u012bpatsvars gumijas mais\u012bjum\u0101 uzlabo sa\u0137eri sliktos laika apst\u0101k\u013cos;<br \/>+ Uzlabots centr\u0101l\u0101s da\u013cas dizains nodro\u0161ina \u012bpa\u0161u sa\u0137eri un stabilit\u0101ti liel\u0101 \u0101trum\u0101;<br \/>+ Pagarin\u0101tie plecu bloki uzlabo stabilit\u0101ti manevr\u0113\u0161anas laik\u0101.<\/span><\/p>\n<h3 class=\"western\"><span style=\"font-family: Arial, sans-serif;\">Uzlabota riepas konstrukcija<\/span><\/h3>\n<p class=\"western\"><span style=\"font-family: Arial, sans-serif;\">Sal\u012bdzinot ar iepriek\u0161\u0113j\u0101s paaudzes modeli, manevr\u0113jot riepa uzr\u0101da lab\u0101ku virziena stabilit\u0101ti un visp\u0101r\u0113jo vad\u0101m\u012bbu. Liel\u0101 m\u0113r\u0101 tas ir saist\u012bts ar riepas centr\u0101l\u0101s da\u013cas uzb\u016bvi. Centr\u0101 izvietoto garenisko ribu izm\u0113rs ir iev\u0113rojami palielin\u0101jies, t\u0101p\u0113c to iztur\u012bba pret deform\u0101ciju ir k\u013cuvusi v\u0113l liel\u0101ka.<\/span><\/p>\n<h3 class=\"western\"><span style=\"font-family: Arial, sans-serif;\">Jaunais Sil\u012bcija savienojums<\/span><\/h3>\n<p class=\"western\"><span style=\"font-family: Arial, sans-serif;\">Viens no galvenajiem riepas uzlabojumiem ir jaun\u0101 gumijas formula. Vair\u0101k nek\u0101 pusi no gumijas sast\u0101va veido sil\u012bcija dioks\u012bds, kas iev\u0113rojami uzlabo sa\u0137eri ar slapju ce\u013cu, nodro\u0161inot izcilu automa\u0161\u012bnas kontroli. Turkl\u0101t gumijas sast\u0101v\u0101 ir iek\u013cauta jaun\u0101 polim\u0113ru paaudze, kuras d\u0113\u013c protektors saglab\u0101 savu formu un elast\u012bbu pat p\u0113c\u00a0 desmitiem t\u016bksto\u0161\u016biem pieveiktu kilometru!<\/span><\/p>\n<h3 class=\"western\"><span style=\"font-family: Arial, sans-serif;\">Plecu bloki, kas stiepjas l\u012bdz s\u0101niem<\/span><\/h3>\n<p class=\"western\"><span style=\"font-family: Arial, sans-serif;\">V\u0113l viena protektora iez\u012bme ir plecu bloku dizains. Tie tika pagarin\u0101ti, lai iev\u0113rojama da\u013ca no tiem non\u0101ktu riepas s\u0101nu mal\u0101s. \u0160is risin\u0101jums iev\u0113rojami palielina kontakta vietu manevr\u0113\u0161anas un pagrieziena laik\u0101, t\u0101d\u0113j\u0101di nodro\u0161inot lab\u0101ku sa\u0137eri \u0161\u0101dos brauk\u0161anas apst\u0101k\u013cos.<\/span><\/p>\n","protected":false},"excerpt":{"rendered":"<p><span style=\"font-family: Arial, sans-serif;\"><b>Maxxis Premitra 5 HP5<\/b> vasaras riepu modelis pieder UHP (Ultra High Performance) kategorijai un ir paredz\u0113ta iztur\u0113t lielu slodzi pie lieliem \u0101trumiem. \u0160is riepu modelis der\u0113s gan ikdienas brauk\u0161anai, gan jaud\u012bg\u0101k\u0101m ma\u0161\u012bn\u0101m trasei! Modelis ir paz\u012bstams ar izcilu stabilit\u0101ti un uzticamu sa\u0137eri pat pie liel\u0101kajiem \u0101trumiem visos vasarai rakstur\u012bgajos laikapst\u0101k\u013cos.<\/span><\/p>\n","protected":false},"featured_media":101765,"template":"","meta":{"_acf_changed":false,"ngg_post_thumbnail":0},"product_brand":[],"product_cat":[46],"product_tag":[],"class_list":{"0":"post-880529","1":"product","2":"type-product","3":"status-publish","4":"has-post-thumbnail","6":"product_cat-vasaras-riepas","8":"first","9":"instock","10":"sale","11":"taxable","12":"shipping-taxable","13":"purchasable","14":"product-type-simple"},"acf":[],"yoast_head":"<!-- This site is optimized with the Yoast SEO Premium plugin v22.6 (Yoast SEO v27.3) - https:\/\/yoast.com\/product\/yoast-seo-premium-wordpress\/ -->\n<title>225\/45R18 Maxxis Premitra 5 HP5 95W XL &#8226; MMK Riepas<\/title>\n<meta name=\"robots\" content=\"index, follow, max-snippet:-1, max-image-preview:large, max-video-preview:-1\" \/>\n<link rel=\"canonical\" href=\"https:\/\/mmkriepas.lv\/en\/p\/225-45r18-maxxis-premitra-5-hp5-95w-xl\/\" \/>\n<meta property=\"og:locale\" content=\"en_US\" \/>\n<meta property=\"og:type\" content=\"article\" \/>\n<meta property=\"og:title\" content=\"225\/45R18 Maxxis Premitra 5 HP5 95W XL\" \/>\n<meta property=\"og:description\" content=\"Maxxis Premitra 5 HP5 vasaras riepu modelis pieder UHP (Ultra High Performance) kategorijai un ir paredz\u0113ta iztur\u0113t lielu slodzi pie lieliem \u0101trumiem. \u0160is riepu modelis der\u0113s gan ikdienas brauk\u0161anai, gan jaud\u012bg\u0101k\u0101m ma\u0161\u012bn\u0101m trasei! Modelis ir paz\u012bstams ar izcilu stabilit\u0101ti un uzticamu sa\u0137eri pat pie liel\u0101kajiem \u0101trumiem visos vasarai rakstur\u012bgajos laikapst\u0101k\u013cos.\" \/>\n<meta property=\"og:url\" content=\"https:\/\/mmkriepas.lv\/en\/p\/225-45r18-maxxis-premitra-5-hp5-95w-xl\/\" \/>\n<meta property=\"og:site_name\" content=\"MMK Riepas\" \/>\n<meta property=\"article:publisher\" content=\"https:\/\/www.facebook.com\/mmkserviss\/\" \/>\n<meta property=\"article:modified_time\" content=\"2026-03-27T11:57:20+00:00\" \/>\n<meta property=\"og:image\" content=\"https:\/\/mmkriepas.lv\/wp-content\/uploads\/2019\/08\/19550r16-maxxis-premitra-5-hp5-88v-vasaras-riepas.jpg\" \/>\n\t<meta property=\"og:image:width\" content=\"1920\" \/>\n\t<meta property=\"og:image:height\" content=\"1274\" \/>\n\t<meta property=\"og:image:type\" content=\"image\/jpeg\" \/>\n<meta name=\"twitter:card\" content=\"summary_large_image\" \/>\n<meta name=\"twitter:label1\" content=\"Price\" \/>\n\t<meta name=\"twitter:data1\" content=\"&euro;92.00\" \/>\n\t<meta name=\"twitter:label2\" content=\"Availability\" \/>\n\t<meta name=\"twitter:data2\" content=\"In stock\" \/>\n<script type=\"application\/ld+json\" class=\"yoast-schema-graph\">{\"@context\":\"https:\\\/\\\/schema.org\",\"@graph\":[{\"@type\":\"WebPage\",\"@id\":\"https:\\\/\\\/mmkriepas.lv\\\/en\\\/p\\\/225-45r18-maxxis-premitra-5-hp5-95w-xl\\\/\",\"url\":\"https:\\\/\\\/mmkriepas.lv\\\/en\\\/p\\\/225-45r18-maxxis-premitra-5-hp5-95w-xl\\\/\",\"name\":\"225\\\/45R18 Maxxis Premitra 5 HP5 95W XL &#8226; MMK Riepas\",\"isPartOf\":{\"@id\":\"https:\\\/\\\/mmkriepas.lv\\\/en\\\/#website\"},\"primaryImageOfPage\":{\"@id\":\"https:\\\/\\\/mmkriepas.lv\\\/en\\\/p\\\/225-45r18-maxxis-premitra-5-hp5-95w-xl\\\/#primaryimage\"},\"image\":{\"@id\":\"https:\\\/\\\/mmkriepas.lv\\\/en\\\/p\\\/225-45r18-maxxis-premitra-5-hp5-95w-xl\\\/#primaryimage\"},\"thumbnailUrl\":\"https:\\\/\\\/mmkriepas.lv\\\/wp-content\\\/uploads\\\/2019\\\/08\\\/19550r16-maxxis-premitra-5-hp5-88v-vasaras-riepas.jpg\",\"datePublished\":\"2024-03-25T10:15:30+00:00\",\"dateModified\":\"2026-03-27T11:57:20+00:00\",\"breadcrumb\":{\"@id\":\"https:\\\/\\\/mmkriepas.lv\\\/en\\\/p\\\/225-45r18-maxxis-premitra-5-hp5-95w-xl\\\/#breadcrumb\"},\"inLanguage\":\"en-US\",\"potentialAction\":[{\"@type\":\"ReadAction\",\"target\":[\"https:\\\/\\\/mmkriepas.lv\\\/en\\\/p\\\/225-45r18-maxxis-premitra-5-hp5-95w-xl\\\/\"]}]},{\"@type\":\"ImageObject\",\"inLanguage\":\"en-US\",\"@id\":\"https:\\\/\\\/mmkriepas.lv\\\/en\\\/p\\\/225-45r18-maxxis-premitra-5-hp5-95w-xl\\\/#primaryimage\",\"url\":\"https:\\\/\\\/mmkriepas.lv\\\/wp-content\\\/uploads\\\/2019\\\/08\\\/19550r16-maxxis-premitra-5-hp5-88v-vasaras-riepas.jpg\",\"contentUrl\":\"https:\\\/\\\/mmkriepas.lv\\\/wp-content\\\/uploads\\\/2019\\\/08\\\/19550r16-maxxis-premitra-5-hp5-88v-vasaras-riepas.jpg\",\"width\":1920,\"height\":1274,\"caption\":\"MAIN\"},{\"@type\":\"BreadcrumbList\",\"@id\":\"https:\\\/\\\/mmkriepas.lv\\\/en\\\/p\\\/225-45r18-maxxis-premitra-5-hp5-95w-xl\\\/#breadcrumb\",\"itemListElement\":[{\"@type\":\"ListItem\",\"position\":1,\"name\":\"S\u0101kums\",\"item\":\"https:\\\/\\\/mmkriepas.lv\\\/en\\\/\"},{\"@type\":\"ListItem\",\"position\":2,\"name\":\"225\\\/45R18 Maxxis Premitra 5 HP5 95W XL\"}]},{\"@type\":\"WebSite\",\"@id\":\"https:\\\/\\\/mmkriepas.lv\\\/en\\\/#website\",\"url\":\"https:\\\/\\\/mmkriepas.lv\\\/en\\\/\",\"name\":\"MMK Riepas\",\"description\":\"MMK Riepas\",\"alternateName\":\"MMK Riepu Serviss\",\"potentialAction\":[{\"@type\":\"SearchAction\",\"target\":{\"@type\":\"EntryPoint\",\"urlTemplate\":\"https:\\\/\\\/mmkriepas.lv\\\/en\\\/?s={search_term_string}\"},\"query-input\":{\"@type\":\"PropertyValueSpecification\",\"valueRequired\":true,\"valueName\":\"search_term_string\"}}],\"inLanguage\":\"en-US\"},{\"@type\":\"ImageObject\",\"inLanguage\":\"en-US\",\"@id\":\"https:\\\/\\\/mmkriepas.lv\\\/en\\\/p\\\/225-45r18-maxxis-premitra-5-hp5-95w-xl\\\/#local-main-organization-logo\",\"url\":\"\",\"contentUrl\":\"\",\"caption\":\"MMK Riepas\"}]}<\/script>\n<meta property=\"product:brand\" content=\"Maxxis Premitra 5 HP5\" \/>\n<meta property=\"product:price:amount\" content=\"92.00\" \/>\n<meta property=\"product:price:currency\" content=\"EUR\" \/>\n<meta property=\"og:availability\" content=\"instock\" \/>\n<meta property=\"product:availability\" content=\"instock\" \/>\n<meta property=\"product:retailer_item_id\" content=\"TS2254518MAXXI-L35591\" \/>\n<meta property=\"product:condition\" content=\"new\" \/>\n<!-- \/ Yoast SEO Premium plugin. -->","yoast_head_json":{"title":"225\/45R18 Maxxis Premitra 5 HP5 95W XL &#8226; MMK Riepas","robots":{"index":"index","follow":"follow","max-snippet":"max-snippet:-1","max-image-preview":"max-image-preview:large","max-video-preview":"max-video-preview:-1"},"canonical":"https:\/\/mmkriepas.lv\/en\/p\/225-45r18-maxxis-premitra-5-hp5-95w-xl\/","og_locale":"en_US","og_type":"article","og_title":"225\/45R18 Maxxis Premitra 5 HP5 95W XL","og_description":"Maxxis Premitra 5 HP5 vasaras riepu modelis pieder UHP (Ultra High Performance) kategorijai un ir paredz\u0113ta iztur\u0113t lielu slodzi pie lieliem \u0101trumiem. \u0160is riepu modelis der\u0113s gan ikdienas brauk\u0161anai, gan jaud\u012bg\u0101k\u0101m ma\u0161\u012bn\u0101m trasei! Modelis ir paz\u012bstams ar izcilu stabilit\u0101ti un uzticamu sa\u0137eri pat pie liel\u0101kajiem \u0101trumiem visos vasarai rakstur\u012bgajos laikapst\u0101k\u013cos.","og_url":"https:\/\/mmkriepas.lv\/en\/p\/225-45r18-maxxis-premitra-5-hp5-95w-xl\/","og_site_name":"MMK Riepas","article_publisher":"https:\/\/www.facebook.com\/mmkserviss\/","article_modified_time":"2026-03-27T11:57:20+00:00","og_image":[{"width":1920,"height":1274,"url":"https:\/\/mmkriepas.lv\/wp-content\/uploads\/2019\/08\/19550r16-maxxis-premitra-5-hp5-88v-vasaras-riepas.jpg","type":"image\/jpeg"}],"twitter_card":"summary_large_image","twitter_misc":{"Price":"&euro;92.00","Availability":"In stock"},"schema":{"@context":"https:\/\/schema.org","@graph":[{"@type":"WebPage","@id":"https:\/\/mmkriepas.lv\/en\/p\/225-45r18-maxxis-premitra-5-hp5-95w-xl\/","url":"https:\/\/mmkriepas.lv\/en\/p\/225-45r18-maxxis-premitra-5-hp5-95w-xl\/","name":"225\/45R18 Maxxis Premitra 5 HP5 95W XL &#8226; MMK Riepas","isPartOf":{"@id":"https:\/\/mmkriepas.lv\/en\/#website"},"primaryImageOfPage":{"@id":"https:\/\/mmkriepas.lv\/en\/p\/225-45r18-maxxis-premitra-5-hp5-95w-xl\/#primaryimage"},"image":{"@id":"https:\/\/mmkriepas.lv\/en\/p\/225-45r18-maxxis-premitra-5-hp5-95w-xl\/#primaryimage"},"thumbnailUrl":"https:\/\/mmkriepas.lv\/wp-content\/uploads\/2019\/08\/19550r16-maxxis-premitra-5-hp5-88v-vasaras-riepas.jpg","datePublished":"2024-03-25T10:15:30+00:00","dateModified":"2026-03-27T11:57:20+00:00","breadcrumb":{"@id":"https:\/\/mmkriepas.lv\/en\/p\/225-45r18-maxxis-premitra-5-hp5-95w-xl\/#breadcrumb"},"inLanguage":"en-US","potentialAction":[{"@type":"ReadAction","target":["https:\/\/mmkriepas.lv\/en\/p\/225-45r18-maxxis-premitra-5-hp5-95w-xl\/"]}]},{"@type":"ImageObject","inLanguage":"en-US","@id":"https:\/\/mmkriepas.lv\/en\/p\/225-45r18-maxxis-premitra-5-hp5-95w-xl\/#primaryimage","url":"https:\/\/mmkriepas.lv\/wp-content\/uploads\/2019\/08\/19550r16-maxxis-premitra-5-hp5-88v-vasaras-riepas.jpg","contentUrl":"https:\/\/mmkriepas.lv\/wp-content\/uploads\/2019\/08\/19550r16-maxxis-premitra-5-hp5-88v-vasaras-riepas.jpg","width":1920,"height":1274,"caption":"MAIN"},{"@type":"BreadcrumbList","@id":"https:\/\/mmkriepas.lv\/en\/p\/225-45r18-maxxis-premitra-5-hp5-95w-xl\/#breadcrumb","itemListElement":[{"@type":"ListItem","position":1,"name":"S\u0101kums","item":"https:\/\/mmkriepas.lv\/en\/"},{"@type":"ListItem","position":2,"name":"225\/45R18 Maxxis Premitra 5 HP5 95W XL"}]},{"@type":"WebSite","@id":"https:\/\/mmkriepas.lv\/en\/#website","url":"https:\/\/mmkriepas.lv\/en\/","name":"MMK Riepas","description":"MMK Riepas","alternateName":"MMK Riepu Serviss","potentialAction":[{"@type":"SearchAction","target":{"@type":"EntryPoint","urlTemplate":"https:\/\/mmkriepas.lv\/en\/?s={search_term_string}"},"query-input":{"@type":"PropertyValueSpecification","valueRequired":true,"valueName":"search_term_string"}}],"inLanguage":"en-US"},{"@type":"ImageObject","inLanguage":"en-US","@id":"https:\/\/mmkriepas.lv\/en\/p\/225-45r18-maxxis-premitra-5-hp5-95w-xl\/#local-main-organization-logo","url":"","contentUrl":"","caption":"MMK Riepas"}]},"product_brand":"Maxxis Premitra 5 HP5","product_price_amount":"92.00","product_price_currency":"EUR","og_availability":"instock","product_availability":"instock","product_retailer_item_id":"TS2254518MAXXI-L35591","product_condition":"new"},"_links":{"self":[{"href":"https:\/\/mmkriepas.lv\/en\/wp-json\/wp\/v2\/product\/880529","targetHints":{"allow":["GET"]}}],"collection":[{"href":"https:\/\/mmkriepas.lv\/en\/wp-json\/wp\/v2\/product"}],"about":[{"href":"https:\/\/mmkriepas.lv\/en\/wp-json\/wp\/v2\/types\/product"}],"wp:featuredmedia":[{"embeddable":true,"href":"https:\/\/mmkriepas.lv\/en\/wp-json\/wp\/v2\/media\/101765"}],"wp:attachment":[{"href":"https:\/\/mmkriepas.lv\/en\/wp-json\/wp\/v2\/media?parent=880529"}],"wp:term":[{"taxonomy":"product_brand","embeddable":true,"href":"https:\/\/mmkriepas.lv\/en\/wp-json\/wp\/v2\/product_brand?post=880529"},{"taxonomy":"product_cat","embeddable":true,"href":"https:\/\/mmkriepas.lv\/en\/wp-json\/wp\/v2\/product_cat?post=880529"},{"taxonomy":"product_tag","embeddable":true,"href":"https:\/\/mmkriepas.lv\/en\/wp-json\/wp\/v2\/product_tag?post=880529"}],"curies":[{"name":"wp","href":"https:\/\/api.w.org\/{rel}","templated":true}]}}