{"id":880390,"date":"2024-03-25T12:11:05","date_gmt":"2024-03-25T10:11:05","guid":{"rendered":"https:\/\/mmkserviss.lv\/?post_type=product&#038;p=880390"},"modified":"2024-08-12T14:01:22","modified_gmt":"2024-08-12T11:01:22","slug":"245-40r18-diamondback-dh202-97y-xl-fr","status":"publish","type":"product","link":"https:\/\/mmkriepas.lv\/en\/p\/245-40r18-diamondback-dh202-97y-xl-fr\/","title":{"rendered":"245\/40R18 Diamondback DH202 97Y XL FR"},"content":{"rendered":"<p class=\"western\" align=\"left\"><span style=\"color: #000000;\"><span style=\"font-family: Arial, serif;\"><span style=\"font-size: small;\"><b>Diamondback DH202<\/b><\/span><\/span><\/span><span style=\"color: #000000;\"><span style=\"font-family: Arial, serif;\"><span style=\"font-size: small;\"> ir vasaras riepu modelis, kas ir jaun\u0101kais no Diamondback mode\u013ciem. DH201 mode\u013ca n\u0101ko\u0161\u0101 paaudze. Izstr\u0101d\u0101ts Eiropas tirgum, balstoties uz m\u016bsu klimatiskajiem apst\u0101k\u013ciem, k\u0101 ar\u012b \u0146emot v\u0113r\u0101 Eiropas ce\u013cu p\u0101rkl\u0101jumu, kur ce\u013cu kvalit\u0101te ir sal\u012bdzino\u0161i augsta un ir daudz ma\u0123istr\u0101\u013cu (autob\u0101\u0146u). Augstas veiktsp\u0113jas kategorijai piedero\u0161ais modelis ir paredz\u0113ts da\u017e\u0101du kla\u0161u pasa\u017eieru automob\u012b\u013ciem. S\u0101kot no vieglajiem, l\u012bdz pat apvidus un citiem!<\/span><\/span><\/span><\/p>\n<p class=\"western\"><strong><span style=\"font-family: Arial, serif;\">DH202<\/span><\/strong><span style=\"font-family: Arial, serif;\">\u00a0\u012bpa\u0161\u012bbas:<\/span><\/p>\n<p class=\"western\"><span style=\"font-family: Arial, serif;\">+ Jauns, uzlabots protektora dizains,<\/span><\/p>\n<p class=\"western\"><span style=\"font-family: Arial, serif;\">+ Uzlabots gumijas sast\u0101vs, pal\u012bdz samazin\u0101t rites pretest\u012bbu un uzlabot degvielas ekanomiju,<\/span><\/p>\n<p class=\"western\"><span style=\"font-family: Arial, serif;\">+ \u0100tra un prec\u012bza reakcija uz autovad\u012bt\u0101ja darb\u012bb\u0101m, pateicoties stingr\u0101m rib\u0101m un mas\u012bviem plecu blokiem<\/span><\/p>\n<p class=\"western\"><span style=\"font-family: Arial, serif;\">+ Asimetriskais protektors nodro\u0161ina perfektu l\u012bdzsvaru starp vad\u0101m\u012bbu, sa\u0137eri un akustisko komfortu<\/span><\/p>\n<p class=\"western\"><span style=\"font-family: Arial, serif;\">+ Uzlabotas \u016bdens dren\u0101\u017eas novadrievas nodro\u0161ina lab\u0101ku \u016bdens izvadi un samazina akvaplan\u0113\u0161anas risku,<\/span><\/p>\n<p class=\"western\"><span style=\"font-family: Arial, serif;\">+ Jaunais gumijas sast\u0101vs nodro\u0161ina augst\u0101ku, notur\u012bg\u0101ku riepas dilst\u012bbu,<\/span><\/p>\n<p class=\"western\"><span style=\"font-family: Arial, serif;\">+ Dro\u0161a vad\u0101m\u012bba gan uz sausa, gan mitra seguma,<\/span><\/p>\n<p class=\"western\"><span style=\"font-family: Arial, serif;\">+ Uzlaboti sa\u0137eres r\u0101d\u012bt\u0101ji,<\/span><\/p>\n<p class=\"western\"><span style=\"font-family: Arial, serif;\">+ Augsta triecieniztur\u012bba pasarg\u0101s riepu no p\u0101rsi\u0161anas bedr\u0113s<\/span><\/p>\n<p class=\"western\" align=\"left\"><strong><span style=\"color: #000000;\"><span style=\"font-family: Arial, serif;\"><span style=\"font-size: large;\">DH202<\/span><\/span><\/span><\/strong><span style=\"color: #000000;\"><span style=\"font-family: Arial, serif;\"><span style=\"font-size: large;\"> protektora apraksts:<\/span><\/span><\/span><\/p>\n<p class=\"western\"><span style=\"font-family: Arial, serif;\">Diamondback DH202 modelim ir asimetrisks protektora dizains, kas veidots no lieliem blokiem, palielinot saskares vietas laukumu. Papildus nodro\u0161inot stabilu uzved\u012bbu \u0101trgaitas kust\u012bbas laik\u0101 un stabilit\u0101ti pagriezienos. Riepai ir pievienota papildus lietus rieva, kas uzlabo riepas sa\u0137eri pat sp\u0113c\u012bgu nokri\u0161\u0146u laik\u0101. Liela izm\u0113ra 4 galven\u0101s dren\u0101\u017eas rievas apvienojum\u0101 ar maz\u0101k\u0101m, izvietot\u0101m gareniski un \u0161\u0137\u0113rseniski pret kust\u012bbas virzienu, sniedz tie\u0161\u0101m p\u0101rliecino\u0161u sa\u0137eres saj\u016btu ar ce\u013cu. Akvaplan\u0113\u0161ana vienm\u0113r ir bijis viens no svar\u012bg\u0101kajiem jaut\u0101jumiem vasaras riepu sektor\u0101, t\u0101p\u0113c Diamondback pret to vienm\u0113r attieku\u0161ies nopietni, cen\u0161oties savus mode\u013cus maksim\u0101li nodro\u0161in\u0101t pret iesp\u0113jami b\u012bstam\u0101m situ\u0101cij\u0101m.<\/span><\/p>\n","protected":false},"excerpt":{"rendered":"<p class=\"western\" align=\"left\"><span style=\"color: #000000;\"><span style=\"font-family: Arial, serif;\"><span style=\"font-size: small;\"><b>Diamondback DH202<\/b><\/span><\/span><\/span><span style=\"color: #000000;\"><span style=\"font-family: Arial, serif;\"><span style=\"font-size: small;\"> ir vasaras riepu modelis, kas ir jaun\u0101kais no Diamondback mode\u013ciem. DH201 mode\u013ca n\u0101ko\u0161\u0101 paaudze. Izstr\u0101d\u0101ts Eiropas tirgum, balstoties uz m\u016bsu klimatiskajiem apst\u0101k\u013ciem, k\u0101 ar\u012b \u0146emot v\u0113r\u0101 Eiropas ce\u013cu p\u0101rkl\u0101jumu, kur ce\u013cu kvalit\u0101te ir sal\u012bdzino\u0161i augsta un ir daudz ma\u0123istr\u0101\u013cu (autob\u0101\u0146u). Augstas veiktsp\u0113jas kategorijai piedero\u0161ais modelis ir paredz\u0113ts da\u017e\u0101du kla\u0161u pasa\u017eieru automob\u012b\u013ciem. S\u0101kot no vieglajiem, l\u012bdz pat apvidus un citiem!<\/span><\/span><\/span><\/p>\n","protected":false},"featured_media":890970,"template":"","meta":{"_acf_changed":false,"ngg_post_thumbnail":0},"product_brand":[],"product_cat":[46],"product_tag":[],"class_list":{"0":"post-880390","1":"product","2":"type-product","3":"status-publish","4":"has-post-thumbnail","6":"product_cat-vasaras-riepas","8":"first","9":"outofstock","10":"sale","11":"taxable","12":"shipping-taxable","13":"product-type-simple"},"acf":[],"yoast_head":"<!-- This site is optimized with the Yoast SEO Premium plugin v22.6 (Yoast SEO v27.3) - https:\/\/yoast.com\/product\/yoast-seo-premium-wordpress\/ -->\n<title>245\/40R18 Diamondback DH202 97Y XL FR &#8226; MMK Riepas<\/title>\n<meta name=\"robots\" content=\"index, follow, max-snippet:-1, max-image-preview:large, max-video-preview:-1\" \/>\n<link rel=\"canonical\" href=\"https:\/\/mmkriepas.lv\/en\/p\/245-40r18-diamondback-dh202-97y-xl-fr\/\" \/>\n<meta property=\"og:locale\" content=\"en_US\" \/>\n<meta property=\"og:type\" content=\"article\" \/>\n<meta property=\"og:title\" content=\"245\/40R18 Diamondback DH202 97Y XL FR\" \/>\n<meta property=\"og:description\" content=\"Diamondback DH202 ir vasaras riepu modelis, kas ir jaun\u0101kais no Diamondback mode\u013ciem. DH201 mode\u013ca n\u0101ko\u0161\u0101 paaudze. Izstr\u0101d\u0101ts Eiropas tirgum, balstoties uz m\u016bsu klimatiskajiem apst\u0101k\u013ciem, k\u0101 ar\u012b \u0146emot v\u0113r\u0101 Eiropas ce\u013cu p\u0101rkl\u0101jumu, kur ce\u013cu kvalit\u0101te ir sal\u012bdzino\u0161i augsta un ir daudz ma\u0123istr\u0101\u013cu (autob\u0101\u0146u). Augstas veiktsp\u0113jas kategorijai piedero\u0161ais modelis ir paredz\u0113ts da\u017e\u0101du kla\u0161u pasa\u017eieru automob\u012b\u013ciem. S\u0101kot no vieglajiem, l\u012bdz pat apvidus un citiem!\" \/>\n<meta property=\"og:url\" content=\"https:\/\/mmkriepas.lv\/en\/p\/245-40r18-diamondback-dh202-97y-xl-fr\/\" \/>\n<meta property=\"og:site_name\" content=\"MMK Riepas\" \/>\n<meta property=\"article:publisher\" content=\"https:\/\/www.facebook.com\/mmkserviss\/\" \/>\n<meta property=\"article:modified_time\" content=\"2024-08-12T11:01:22+00:00\" \/>\n<meta property=\"og:image\" content=\"https:\/\/mmkriepas.lv\/wp-content\/uploads\/2024\/04\/24540r18-diamondback-dh202-97y-xl-fr-vasaras-riepas.jpg\" \/>\n\t<meta property=\"og:image:width\" content=\"1000\" \/>\n\t<meta property=\"og:image:height\" content=\"896\" \/>\n\t<meta property=\"og:image:type\" content=\"image\/jpeg\" \/>\n<meta name=\"twitter:card\" content=\"summary_large_image\" \/>\n<meta name=\"twitter:label1\" content=\"Price\" \/>\n\t<meta name=\"twitter:data1\" content=\"&euro;53.00\" \/>\n\t<meta name=\"twitter:label2\" content=\"Availability\" \/>\n\t<meta name=\"twitter:data2\" content=\"Out of stock\" \/>\n<script type=\"application\/ld+json\" class=\"yoast-schema-graph\">{\"@context\":\"https:\\\/\\\/schema.org\",\"@graph\":[{\"@type\":\"WebPage\",\"@id\":\"https:\\\/\\\/mmkriepas.lv\\\/en\\\/p\\\/245-40r18-diamondback-dh202-97y-xl-fr\\\/\",\"url\":\"https:\\\/\\\/mmkriepas.lv\\\/en\\\/p\\\/245-40r18-diamondback-dh202-97y-xl-fr\\\/\",\"name\":\"245\\\/40R18 Diamondback DH202 97Y XL FR &#8226; MMK Riepas\",\"isPartOf\":{\"@id\":\"https:\\\/\\\/mmkriepas.lv\\\/en\\\/#website\"},\"primaryImageOfPage\":{\"@id\":\"https:\\\/\\\/mmkriepas.lv\\\/en\\\/p\\\/245-40r18-diamondback-dh202-97y-xl-fr\\\/#primaryimage\"},\"image\":{\"@id\":\"https:\\\/\\\/mmkriepas.lv\\\/en\\\/p\\\/245-40r18-diamondback-dh202-97y-xl-fr\\\/#primaryimage\"},\"thumbnailUrl\":\"https:\\\/\\\/mmkriepas.lv\\\/wp-content\\\/uploads\\\/2024\\\/04\\\/24540r18-diamondback-dh202-97y-xl-fr-vasaras-riepas.jpg\",\"datePublished\":\"2024-03-25T10:11:05+00:00\",\"dateModified\":\"2024-08-12T11:01:22+00:00\",\"breadcrumb\":{\"@id\":\"https:\\\/\\\/mmkriepas.lv\\\/en\\\/p\\\/245-40r18-diamondback-dh202-97y-xl-fr\\\/#breadcrumb\"},\"inLanguage\":\"en-US\",\"potentialAction\":[{\"@type\":\"ReadAction\",\"target\":[\"https:\\\/\\\/mmkriepas.lv\\\/en\\\/p\\\/245-40r18-diamondback-dh202-97y-xl-fr\\\/\"]}]},{\"@type\":\"ImageObject\",\"inLanguage\":\"en-US\",\"@id\":\"https:\\\/\\\/mmkriepas.lv\\\/en\\\/p\\\/245-40r18-diamondback-dh202-97y-xl-fr\\\/#primaryimage\",\"url\":\"https:\\\/\\\/mmkriepas.lv\\\/wp-content\\\/uploads\\\/2024\\\/04\\\/24540r18-diamondback-dh202-97y-xl-fr-vasaras-riepas.jpg\",\"contentUrl\":\"https:\\\/\\\/mmkriepas.lv\\\/wp-content\\\/uploads\\\/2024\\\/04\\\/24540r18-diamondback-dh202-97y-xl-fr-vasaras-riepas.jpg\",\"width\":1000,\"height\":896,\"caption\":\"MAIN\"},{\"@type\":\"BreadcrumbList\",\"@id\":\"https:\\\/\\\/mmkriepas.lv\\\/en\\\/p\\\/245-40r18-diamondback-dh202-97y-xl-fr\\\/#breadcrumb\",\"itemListElement\":[{\"@type\":\"ListItem\",\"position\":1,\"name\":\"S\u0101kums\",\"item\":\"https:\\\/\\\/mmkriepas.lv\\\/en\\\/\"},{\"@type\":\"ListItem\",\"position\":2,\"name\":\"245\\\/40R18 Diamondback DH202 97Y XL FR\"}]},{\"@type\":\"WebSite\",\"@id\":\"https:\\\/\\\/mmkriepas.lv\\\/en\\\/#website\",\"url\":\"https:\\\/\\\/mmkriepas.lv\\\/en\\\/\",\"name\":\"MMK Riepas\",\"description\":\"MMK Riepas\",\"alternateName\":\"MMK Riepu Serviss\",\"potentialAction\":[{\"@type\":\"SearchAction\",\"target\":{\"@type\":\"EntryPoint\",\"urlTemplate\":\"https:\\\/\\\/mmkriepas.lv\\\/en\\\/?s={search_term_string}\"},\"query-input\":{\"@type\":\"PropertyValueSpecification\",\"valueRequired\":true,\"valueName\":\"search_term_string\"}}],\"inLanguage\":\"en-US\"},{\"@type\":\"ImageObject\",\"inLanguage\":\"en-US\",\"@id\":\"https:\\\/\\\/mmkriepas.lv\\\/en\\\/p\\\/245-40r18-diamondback-dh202-97y-xl-fr\\\/#local-main-organization-logo\",\"url\":\"\",\"contentUrl\":\"\",\"caption\":\"MMK Riepas\"}]}<\/script>\n<meta property=\"product:brand\" content=\"Diamondback DH202\" \/>\n<meta property=\"product:price:amount\" content=\"53.00\" \/>\n<meta property=\"product:price:currency\" content=\"EUR\" \/>\n<meta property=\"og:availability\" content=\"out of stock\" \/>\n<meta property=\"product:availability\" content=\"out of stock\" \/>\n<meta property=\"product:retailer_item_id\" content=\"TS2454018DIAMO-35410\" \/>\n<meta property=\"product:condition\" content=\"new\" \/>\n<!-- \/ Yoast SEO Premium plugin. -->","yoast_head_json":{"title":"245\/40R18 Diamondback DH202 97Y XL FR &#8226; MMK Riepas","robots":{"index":"index","follow":"follow","max-snippet":"max-snippet:-1","max-image-preview":"max-image-preview:large","max-video-preview":"max-video-preview:-1"},"canonical":"https:\/\/mmkriepas.lv\/en\/p\/245-40r18-diamondback-dh202-97y-xl-fr\/","og_locale":"en_US","og_type":"article","og_title":"245\/40R18 Diamondback DH202 97Y XL FR","og_description":"Diamondback DH202 ir vasaras riepu modelis, kas ir jaun\u0101kais no Diamondback mode\u013ciem. DH201 mode\u013ca n\u0101ko\u0161\u0101 paaudze. Izstr\u0101d\u0101ts Eiropas tirgum, balstoties uz m\u016bsu klimatiskajiem apst\u0101k\u013ciem, k\u0101 ar\u012b \u0146emot v\u0113r\u0101 Eiropas ce\u013cu p\u0101rkl\u0101jumu, kur ce\u013cu kvalit\u0101te ir sal\u012bdzino\u0161i augsta un ir daudz ma\u0123istr\u0101\u013cu (autob\u0101\u0146u). Augstas veiktsp\u0113jas kategorijai piedero\u0161ais modelis ir paredz\u0113ts da\u017e\u0101du kla\u0161u pasa\u017eieru automob\u012b\u013ciem. S\u0101kot no vieglajiem, l\u012bdz pat apvidus un citiem!","og_url":"https:\/\/mmkriepas.lv\/en\/p\/245-40r18-diamondback-dh202-97y-xl-fr\/","og_site_name":"MMK Riepas","article_publisher":"https:\/\/www.facebook.com\/mmkserviss\/","article_modified_time":"2024-08-12T11:01:22+00:00","og_image":[{"width":1000,"height":896,"url":"https:\/\/mmkriepas.lv\/wp-content\/uploads\/2024\/04\/24540r18-diamondback-dh202-97y-xl-fr-vasaras-riepas.jpg","type":"image\/jpeg"}],"twitter_card":"summary_large_image","twitter_misc":{"Price":"&euro;53.00","Availability":"Out of stock"},"schema":{"@context":"https:\/\/schema.org","@graph":[{"@type":"WebPage","@id":"https:\/\/mmkriepas.lv\/en\/p\/245-40r18-diamondback-dh202-97y-xl-fr\/","url":"https:\/\/mmkriepas.lv\/en\/p\/245-40r18-diamondback-dh202-97y-xl-fr\/","name":"245\/40R18 Diamondback DH202 97Y XL FR &#8226; MMK Riepas","isPartOf":{"@id":"https:\/\/mmkriepas.lv\/en\/#website"},"primaryImageOfPage":{"@id":"https:\/\/mmkriepas.lv\/en\/p\/245-40r18-diamondback-dh202-97y-xl-fr\/#primaryimage"},"image":{"@id":"https:\/\/mmkriepas.lv\/en\/p\/245-40r18-diamondback-dh202-97y-xl-fr\/#primaryimage"},"thumbnailUrl":"https:\/\/mmkriepas.lv\/wp-content\/uploads\/2024\/04\/24540r18-diamondback-dh202-97y-xl-fr-vasaras-riepas.jpg","datePublished":"2024-03-25T10:11:05+00:00","dateModified":"2024-08-12T11:01:22+00:00","breadcrumb":{"@id":"https:\/\/mmkriepas.lv\/en\/p\/245-40r18-diamondback-dh202-97y-xl-fr\/#breadcrumb"},"inLanguage":"en-US","potentialAction":[{"@type":"ReadAction","target":["https:\/\/mmkriepas.lv\/en\/p\/245-40r18-diamondback-dh202-97y-xl-fr\/"]}]},{"@type":"ImageObject","inLanguage":"en-US","@id":"https:\/\/mmkriepas.lv\/en\/p\/245-40r18-diamondback-dh202-97y-xl-fr\/#primaryimage","url":"https:\/\/mmkriepas.lv\/wp-content\/uploads\/2024\/04\/24540r18-diamondback-dh202-97y-xl-fr-vasaras-riepas.jpg","contentUrl":"https:\/\/mmkriepas.lv\/wp-content\/uploads\/2024\/04\/24540r18-diamondback-dh202-97y-xl-fr-vasaras-riepas.jpg","width":1000,"height":896,"caption":"MAIN"},{"@type":"BreadcrumbList","@id":"https:\/\/mmkriepas.lv\/en\/p\/245-40r18-diamondback-dh202-97y-xl-fr\/#breadcrumb","itemListElement":[{"@type":"ListItem","position":1,"name":"S\u0101kums","item":"https:\/\/mmkriepas.lv\/en\/"},{"@type":"ListItem","position":2,"name":"245\/40R18 Diamondback DH202 97Y XL FR"}]},{"@type":"WebSite","@id":"https:\/\/mmkriepas.lv\/en\/#website","url":"https:\/\/mmkriepas.lv\/en\/","name":"MMK Riepas","description":"MMK Riepas","alternateName":"MMK Riepu Serviss","potentialAction":[{"@type":"SearchAction","target":{"@type":"EntryPoint","urlTemplate":"https:\/\/mmkriepas.lv\/en\/?s={search_term_string}"},"query-input":{"@type":"PropertyValueSpecification","valueRequired":true,"valueName":"search_term_string"}}],"inLanguage":"en-US"},{"@type":"ImageObject","inLanguage":"en-US","@id":"https:\/\/mmkriepas.lv\/en\/p\/245-40r18-diamondback-dh202-97y-xl-fr\/#local-main-organization-logo","url":"","contentUrl":"","caption":"MMK Riepas"}]},"product_brand":"Diamondback DH202","product_price_amount":"53.00","product_price_currency":"EUR","og_availability":"out of stock","product_availability":"out of stock","product_retailer_item_id":"TS2454018DIAMO-35410","product_condition":"new"},"_links":{"self":[{"href":"https:\/\/mmkriepas.lv\/en\/wp-json\/wp\/v2\/product\/880390","targetHints":{"allow":["GET"]}}],"collection":[{"href":"https:\/\/mmkriepas.lv\/en\/wp-json\/wp\/v2\/product"}],"about":[{"href":"https:\/\/mmkriepas.lv\/en\/wp-json\/wp\/v2\/types\/product"}],"wp:featuredmedia":[{"embeddable":true,"href":"https:\/\/mmkriepas.lv\/en\/wp-json\/wp\/v2\/media\/890970"}],"wp:attachment":[{"href":"https:\/\/mmkriepas.lv\/en\/wp-json\/wp\/v2\/media?parent=880390"}],"wp:term":[{"taxonomy":"product_brand","embeddable":true,"href":"https:\/\/mmkriepas.lv\/en\/wp-json\/wp\/v2\/product_brand?post=880390"},{"taxonomy":"product_cat","embeddable":true,"href":"https:\/\/mmkriepas.lv\/en\/wp-json\/wp\/v2\/product_cat?post=880390"},{"taxonomy":"product_tag","embeddable":true,"href":"https:\/\/mmkriepas.lv\/en\/wp-json\/wp\/v2\/product_tag?post=880390"}],"curies":[{"name":"wp","href":"https:\/\/api.w.org\/{rel}","templated":true}]}}