{"id":875989,"date":"2024-03-12T17:19:48","date_gmt":"2024-03-12T15:19:48","guid":{"rendered":"https:\/\/mmkserviss.lv\/?post_type=product&#038;p=875989"},"modified":"2026-04-03T00:15:13","modified_gmt":"2026-04-02T21:15:13","slug":"155-65r14-triangle-tr978-75h","status":"publish","type":"product","link":"https:\/\/mmkriepas.lv\/en\/p\/155-65r14-triangle-tr978-75h\/","title":{"rendered":"155\/65R14 Triangle TR978 75H"},"content":{"rendered":"<h2>Vasaras riepas Triangle TR978<\/h2>\n<p>\u00a0 Riepu ra\u017eot\u0101js un modelis:<strong> Triangle TR 978<\/strong> <strong>MMK Serviss nov\u0113rt\u0113jums:<\/strong>\u00a0<em>&#8221;Labas vasaras riepas par labu cenu. Kvalit\u0101te augst\u0101ka par samaks\u0101to naudu&#8221;.<\/em><\/p>\n<h4><strong>TRIANGLE RIEPAS \u2013 VIENS NO PASAULES L\u012aDERIEM<\/strong><\/h4>\n<p>Triangle ir uz\u0146\u0113mums, kas savu produkciju s\u0101ka ra\u017eot \u0136\u012bn\u0101 1976. gad\u0101, tom\u0113r viss riepu in\u017een\u0113rijas un dizain\u0113\u0161anas proces notiek Somij\u0101, kam\u0113r riepu ra\u017eo\u0161anas proces\u0101 tiek izmantotas lab\u0101k\u0101s Holand\u0113 izstr\u0101d\u0101t\u0101s iek\u0101rtas! R\u016bpn\u012bca eksport\u0113 savus produktus uz vair\u0101k nek\u0101 130 pasaules valst\u012bm, bet galvenok\u0101rt uz Eiropu, Austr\u0101liju un Ameriku, sal\u012bdzino\u0161i nesen uz\u0146\u0113mums ielauzies ar\u012b Krievijas tirg\u016b! Triangle riepas ir augstas kvalit\u0101tes produkts, kas iekarojis pasaules tirgu, izmantojot somu dizainu, holandie\u0161u iek\u0101rtas un \u0136\u012bnas pieredzi riepu ra\u017eo\u0161anas proces\u0101. Uz\u0146\u0113mums ra\u017eo gan ziemas riepas, gan M+S riepas, t\u0101 pat ar\u012b lieliskas kvalit\u0101tes vasaras riepas. Nav autotransporta veida, kam Triangle nepied\u0101v\u0101tu savu produkciju, s\u0101kot no vismaz\u0101k\u0101 izm\u0113ra vieglaj\u0101m automa\u0161\u012bn\u0101m l\u012bdz pat apvidus un kravas transportam! <span>\u0160\u012b z\u012bmola produkti garant\u0113s Jums dro\u0161\u012bbu uz ce\u013ca un riepu ilgtsp\u0113ju.\u00a0<\/span> MMK Serviss pied\u0101v\u0101 vienas no lab\u0101kaj\u0101m bud\u017eeta klases riep\u0101m Triangle. <span>Triangle TR978 \u2013 riepa, kas paredz\u0113ta akt\u012bvam brauk\u0161anas stilam pa cietajiem ce\u013ca segumiem (gan asfalts, gan bru\u0123is, gan grants vai \u0161\u0137embu ce\u013c\u0161). <\/span>Laba sa\u0137ere uz sausa un slapja asfalta. Zemi rites pretest\u012bbas r\u0101d\u012bt\u0101ji. Zemi trok\u0161\u0146u l\u012bme\u0146a r\u0101d\u012bt\u0101ji. Eirop\u0101 un Latvij\u0101 paz\u012bstams jau vair\u0101k k\u0101 12 gadus. Triangle ir uzticams riepu ra\u017eot\u0101js, sevi ir pier\u0101d\u012bjis ar augstu kvalit\u0101ti par \u013coti labu cenu. \u013boti laba kvalit\u0101tes un cenas attiec\u012bba. <strong>Triangle TR 978<\/strong>\u00a0\u012bpa\u0161\u012bbas: + \u013coti labi sa\u0137eres r\u0101d\u012bt\u0101ji, stabilit\u0101te l\u012bkumos + \u012bss bremz\u0113\u0161anas ce\u013c\u0161 + simetriskais protektors nodro\u0161ina automobi\u013ca stabilit\u0101ti un padara to piem\u0113rotu ilgsto\u0161\u0101kiem p\u0101rbraucieniem + protektor\u0101 ir 4 dzi\u013c\u0101kas rievas, k\u0101 ar\u012b da\u017eas izliektas. Dzi\u013c\u0101k\u0101s rievas nov\u0113r\u0161 akvaplan\u0113\u0161anas efektu. Izliekt\u0101s rievas samazina riepas trok\u0161\u0146u l\u012bmeni. Turkl\u0101t s\u012bk\u0101s rievas riepas s\u0101nu da\u013c\u0101 samazina riepas uzsil\u0161anu + riepu modelim Triangle TR978 ir \u012bpa\u0161a uzb\u016bve. Riepas protektora malas palielina automa\u0161\u012bnas sp\u0113ju manevr\u0113t. Riepai ir labas sa\u0137eres \u012bpa\u0161\u012bbas + protektoram ir simetrisks z\u012bm\u0113jums, kam ir minim\u0101la pretest\u012bba. Tas nodro\u0161ina past\u0101v\u012bgu kontaktu ar ce\u013ca segumu. Kas savuk\u0101rt garant\u0113 automobi\u013ca stabilit\u0101ti gan uz sausa, gan slapja seguma + degvielas ekonomija, zema rites pretest\u012bba + klusas riepas + augsta triecieniztur\u012bba\u00a0pasarg\u0101s riepu no p\u0101rsi\u0161anas bedr\u0113s + riepas izce\u013c\u0101s ar zemiem dilst\u012bbas r\u0101d\u012bt\u0101jiem, kas noz\u012bm\u0113 daudzu t\u016bksto\u0161u kilometru nobraukumu + izteikta disku aizsargmala + dro\u0161a vad\u0101m\u012bb\u0101 gan uz sausa, gan mitra seguma, augsta notur\u012bba pret akvaplan\u0113\u0161anu + garantija <strong>Rekomend\u0113jam \u0161o modeli! <\/strong>&#8221;<em>Augsta kvalit\u0101te par zemu cenu.&#8221;\u00a0<\/em><\/p>\n<h5><span style=\"font-size: 10pt;\">*Uzman\u012bbu: vasaras riepas, kas ra\u017eotas \u0100zijas valst\u012bs, var b\u016bt apz\u012bm\u0113tas ar apz\u012bm\u0113jumu M + S. J\u0101\u0146em ver\u0101, ka \u0100zijas teritorija sniedzas da\u017e\u0101d\u0101s klimatiskaj\u0101s zon\u0101s, kur da\u017eviet metereolo\u0123isk\u0101 ziema t\u0101 ar\u012b neiest\u0101jas. L\u012bdz ar to, tur \u0161\u012bs riepas var izmantot visu gadu, kam\u0113r Latvij\u0101 tas nestr\u0101d\u0101!<\/span> <span style=\"font-size: 10pt;\">S\u012bk\u0101k par \u0161o un citiem apz\u012bm\u0113jumiem dro\u0161i jaut\u0101jiet MMK Riepu Serviss speci\u0101listiem.<\/span><\/h5>\n","protected":false},"excerpt":{"rendered":"<h2>Vasaras riepas Triangle TR978<\/h2>\n<p>\u00a0 Riepu ra\u017eot\u0101js un modelis:<strong> Triangle TR 978<\/strong> <strong>MMK Serviss nov\u0113rt\u0113jums:<\/strong>\u00a0<em>&#8221;Labas vasaras riepas par labu cenu. Kvalit\u0101te augst\u0101ka par samaks\u0101to naudu&#8221;.<\/em><\/p>\n","protected":false},"featured_media":920447,"template":"","meta":{"_acf_changed":false,"ngg_post_thumbnail":0},"product_brand":[],"product_cat":[46],"product_tag":[],"class_list":{"0":"post-875989","1":"product","2":"type-product","3":"status-publish","4":"has-post-thumbnail","6":"product_cat-vasaras-riepas","8":"first","9":"instock","10":"sale","11":"taxable","12":"shipping-taxable","13":"product-type-simple"},"acf":[],"yoast_head":"<!-- This site is optimized with the Yoast SEO Premium plugin v22.6 (Yoast SEO v27.3) - https:\/\/yoast.com\/product\/yoast-seo-premium-wordpress\/ -->\n<title>155\/65R14 Triangle TR978 75H &#8226; MMK Riepas<\/title>\n<meta name=\"robots\" content=\"index, follow, max-snippet:-1, max-image-preview:large, max-video-preview:-1\" \/>\n<link rel=\"canonical\" href=\"https:\/\/mmkriepas.lv\/en\/p\/155-65r14-triangle-tr978-75h\/\" \/>\n<meta property=\"og:locale\" content=\"en_US\" \/>\n<meta property=\"og:type\" content=\"article\" \/>\n<meta property=\"og:title\" content=\"155\/65R14 Triangle TR978 75H\" \/>\n<meta property=\"og:description\" content=\"Vasaras riepas Triangle TR978\u00a0 Riepu ra\u017eot\u0101js un modelis: Triangle TR 978 MMK Serviss nov\u0113rt\u0113jums:\u00a0&#039;&#039;Labas vasaras riepas par labu cenu. Kvalit\u0101te augst\u0101ka par samaks\u0101to naudu&#039;&#039;.\" \/>\n<meta property=\"og:url\" content=\"https:\/\/mmkriepas.lv\/en\/p\/155-65r14-triangle-tr978-75h\/\" \/>\n<meta property=\"og:site_name\" content=\"MMK Riepas\" \/>\n<meta property=\"article:publisher\" content=\"https:\/\/www.facebook.com\/mmkserviss\/\" \/>\n<meta property=\"article:modified_time\" content=\"2026-04-02T21:15:13+00:00\" \/>\n<meta property=\"og:image\" content=\"https:\/\/mmkriepas.lv\/wp-content\/uploads\/2024\/06\/19565r16-triangle-tr978-92h-dot17-vasaras-riepas.jpg\" \/>\n\t<meta property=\"og:image:width\" content=\"900\" \/>\n\t<meta property=\"og:image:height\" content=\"720\" \/>\n\t<meta property=\"og:image:type\" content=\"image\/jpeg\" \/>\n<meta name=\"twitter:card\" content=\"summary_large_image\" \/>\n<meta name=\"twitter:label1\" content=\"Price\" \/>\n\t<meta name=\"twitter:data1\" content=\"&euro;31.00\" \/>\n\t<meta name=\"twitter:label2\" content=\"Availability\" \/>\n\t<meta name=\"twitter:data2\" content=\"In stock\" \/>\n<script type=\"application\/ld+json\" class=\"yoast-schema-graph\">{\"@context\":\"https:\\\/\\\/schema.org\",\"@graph\":[{\"@type\":\"WebPage\",\"@id\":\"https:\\\/\\\/mmkriepas.lv\\\/en\\\/p\\\/155-65r14-triangle-tr978-75h\\\/\",\"url\":\"https:\\\/\\\/mmkriepas.lv\\\/en\\\/p\\\/155-65r14-triangle-tr978-75h\\\/\",\"name\":\"155\\\/65R14 Triangle TR978 75H &#8226; MMK Riepas\",\"isPartOf\":{\"@id\":\"https:\\\/\\\/mmkriepas.lv\\\/en\\\/#website\"},\"primaryImageOfPage\":{\"@id\":\"https:\\\/\\\/mmkriepas.lv\\\/en\\\/p\\\/155-65r14-triangle-tr978-75h\\\/#primaryimage\"},\"image\":{\"@id\":\"https:\\\/\\\/mmkriepas.lv\\\/en\\\/p\\\/155-65r14-triangle-tr978-75h\\\/#primaryimage\"},\"thumbnailUrl\":\"https:\\\/\\\/mmkriepas.lv\\\/wp-content\\\/uploads\\\/2024\\\/06\\\/19565r16-triangle-tr978-92h-dot17-vasaras-riepas.jpg\",\"datePublished\":\"2024-03-12T15:19:48+00:00\",\"dateModified\":\"2026-04-02T21:15:13+00:00\",\"breadcrumb\":{\"@id\":\"https:\\\/\\\/mmkriepas.lv\\\/en\\\/p\\\/155-65r14-triangle-tr978-75h\\\/#breadcrumb\"},\"inLanguage\":\"en-US\",\"potentialAction\":[{\"@type\":\"ReadAction\",\"target\":[\"https:\\\/\\\/mmkriepas.lv\\\/en\\\/p\\\/155-65r14-triangle-tr978-75h\\\/\"]}]},{\"@type\":\"ImageObject\",\"inLanguage\":\"en-US\",\"@id\":\"https:\\\/\\\/mmkriepas.lv\\\/en\\\/p\\\/155-65r14-triangle-tr978-75h\\\/#primaryimage\",\"url\":\"https:\\\/\\\/mmkriepas.lv\\\/wp-content\\\/uploads\\\/2024\\\/06\\\/19565r16-triangle-tr978-92h-dot17-vasaras-riepas.jpg\",\"contentUrl\":\"https:\\\/\\\/mmkriepas.lv\\\/wp-content\\\/uploads\\\/2024\\\/06\\\/19565r16-triangle-tr978-92h-dot17-vasaras-riepas.jpg\",\"width\":900,\"height\":720,\"caption\":\"195\\\/65R16 Triangle TR978 92H DOT17 - Vasaras riepas\"},{\"@type\":\"BreadcrumbList\",\"@id\":\"https:\\\/\\\/mmkriepas.lv\\\/en\\\/p\\\/155-65r14-triangle-tr978-75h\\\/#breadcrumb\",\"itemListElement\":[{\"@type\":\"ListItem\",\"position\":1,\"name\":\"S\u0101kums\",\"item\":\"https:\\\/\\\/mmkriepas.lv\\\/en\\\/\"},{\"@type\":\"ListItem\",\"position\":2,\"name\":\"155\\\/65R14 Triangle TR978 75H\"}]},{\"@type\":\"WebSite\",\"@id\":\"https:\\\/\\\/mmkriepas.lv\\\/en\\\/#website\",\"url\":\"https:\\\/\\\/mmkriepas.lv\\\/en\\\/\",\"name\":\"MMK Riepas\",\"description\":\"MMK Riepas\",\"alternateName\":\"MMK Riepu Serviss\",\"potentialAction\":[{\"@type\":\"SearchAction\",\"target\":{\"@type\":\"EntryPoint\",\"urlTemplate\":\"https:\\\/\\\/mmkriepas.lv\\\/en\\\/?s={search_term_string}\"},\"query-input\":{\"@type\":\"PropertyValueSpecification\",\"valueRequired\":true,\"valueName\":\"search_term_string\"}}],\"inLanguage\":\"en-US\"},{\"@type\":\"ImageObject\",\"inLanguage\":\"en-US\",\"@id\":\"https:\\\/\\\/mmkriepas.lv\\\/en\\\/p\\\/155-65r14-triangle-tr978-75h\\\/#local-main-organization-logo\",\"url\":\"\",\"contentUrl\":\"\",\"caption\":\"MMK Riepas\"}]}<\/script>\n<meta property=\"product:brand\" content=\"Triangle TR978\" \/>\n<meta property=\"product:price:amount\" content=\"31.00\" \/>\n<meta property=\"product:price:currency\" content=\"EUR\" \/>\n<meta property=\"og:availability\" content=\"instock\" \/>\n<meta property=\"product:availability\" content=\"instock\" \/>\n<meta property=\"product:retailer_item_id\" content=\"TS1556514TRIAN-L34907\" \/>\n<meta property=\"product:condition\" content=\"new\" \/>\n<!-- \/ Yoast SEO Premium plugin. -->","yoast_head_json":{"title":"155\/65R14 Triangle TR978 75H &#8226; MMK Riepas","robots":{"index":"index","follow":"follow","max-snippet":"max-snippet:-1","max-image-preview":"max-image-preview:large","max-video-preview":"max-video-preview:-1"},"canonical":"https:\/\/mmkriepas.lv\/en\/p\/155-65r14-triangle-tr978-75h\/","og_locale":"en_US","og_type":"article","og_title":"155\/65R14 Triangle TR978 75H","og_description":"Vasaras riepas Triangle TR978\u00a0 Riepu ra\u017eot\u0101js un modelis: Triangle TR 978 MMK Serviss nov\u0113rt\u0113jums:\u00a0''Labas vasaras riepas par labu cenu. Kvalit\u0101te augst\u0101ka par samaks\u0101to naudu''.","og_url":"https:\/\/mmkriepas.lv\/en\/p\/155-65r14-triangle-tr978-75h\/","og_site_name":"MMK Riepas","article_publisher":"https:\/\/www.facebook.com\/mmkserviss\/","article_modified_time":"2026-04-02T21:15:13+00:00","og_image":[{"width":900,"height":720,"url":"https:\/\/mmkriepas.lv\/wp-content\/uploads\/2024\/06\/19565r16-triangle-tr978-92h-dot17-vasaras-riepas.jpg","type":"image\/jpeg"}],"twitter_card":"summary_large_image","twitter_misc":{"Price":"&euro;31.00","Availability":"In stock"},"schema":{"@context":"https:\/\/schema.org","@graph":[{"@type":"WebPage","@id":"https:\/\/mmkriepas.lv\/en\/p\/155-65r14-triangle-tr978-75h\/","url":"https:\/\/mmkriepas.lv\/en\/p\/155-65r14-triangle-tr978-75h\/","name":"155\/65R14 Triangle TR978 75H &#8226; MMK Riepas","isPartOf":{"@id":"https:\/\/mmkriepas.lv\/en\/#website"},"primaryImageOfPage":{"@id":"https:\/\/mmkriepas.lv\/en\/p\/155-65r14-triangle-tr978-75h\/#primaryimage"},"image":{"@id":"https:\/\/mmkriepas.lv\/en\/p\/155-65r14-triangle-tr978-75h\/#primaryimage"},"thumbnailUrl":"https:\/\/mmkriepas.lv\/wp-content\/uploads\/2024\/06\/19565r16-triangle-tr978-92h-dot17-vasaras-riepas.jpg","datePublished":"2024-03-12T15:19:48+00:00","dateModified":"2026-04-02T21:15:13+00:00","breadcrumb":{"@id":"https:\/\/mmkriepas.lv\/en\/p\/155-65r14-triangle-tr978-75h\/#breadcrumb"},"inLanguage":"en-US","potentialAction":[{"@type":"ReadAction","target":["https:\/\/mmkriepas.lv\/en\/p\/155-65r14-triangle-tr978-75h\/"]}]},{"@type":"ImageObject","inLanguage":"en-US","@id":"https:\/\/mmkriepas.lv\/en\/p\/155-65r14-triangle-tr978-75h\/#primaryimage","url":"https:\/\/mmkriepas.lv\/wp-content\/uploads\/2024\/06\/19565r16-triangle-tr978-92h-dot17-vasaras-riepas.jpg","contentUrl":"https:\/\/mmkriepas.lv\/wp-content\/uploads\/2024\/06\/19565r16-triangle-tr978-92h-dot17-vasaras-riepas.jpg","width":900,"height":720,"caption":"195\/65R16 Triangle TR978 92H DOT17 - Vasaras riepas"},{"@type":"BreadcrumbList","@id":"https:\/\/mmkriepas.lv\/en\/p\/155-65r14-triangle-tr978-75h\/#breadcrumb","itemListElement":[{"@type":"ListItem","position":1,"name":"S\u0101kums","item":"https:\/\/mmkriepas.lv\/en\/"},{"@type":"ListItem","position":2,"name":"155\/65R14 Triangle TR978 75H"}]},{"@type":"WebSite","@id":"https:\/\/mmkriepas.lv\/en\/#website","url":"https:\/\/mmkriepas.lv\/en\/","name":"MMK Riepas","description":"MMK Riepas","alternateName":"MMK Riepu Serviss","potentialAction":[{"@type":"SearchAction","target":{"@type":"EntryPoint","urlTemplate":"https:\/\/mmkriepas.lv\/en\/?s={search_term_string}"},"query-input":{"@type":"PropertyValueSpecification","valueRequired":true,"valueName":"search_term_string"}}],"inLanguage":"en-US"},{"@type":"ImageObject","inLanguage":"en-US","@id":"https:\/\/mmkriepas.lv\/en\/p\/155-65r14-triangle-tr978-75h\/#local-main-organization-logo","url":"","contentUrl":"","caption":"MMK Riepas"}]},"product_brand":"Triangle TR978","product_price_amount":"31.00","product_price_currency":"EUR","og_availability":"instock","product_availability":"instock","product_retailer_item_id":"TS1556514TRIAN-L34907","product_condition":"new"},"_links":{"self":[{"href":"https:\/\/mmkriepas.lv\/en\/wp-json\/wp\/v2\/product\/875989","targetHints":{"allow":["GET"]}}],"collection":[{"href":"https:\/\/mmkriepas.lv\/en\/wp-json\/wp\/v2\/product"}],"about":[{"href":"https:\/\/mmkriepas.lv\/en\/wp-json\/wp\/v2\/types\/product"}],"wp:featuredmedia":[{"embeddable":true,"href":"https:\/\/mmkriepas.lv\/en\/wp-json\/wp\/v2\/media\/920447"}],"wp:attachment":[{"href":"https:\/\/mmkriepas.lv\/en\/wp-json\/wp\/v2\/media?parent=875989"}],"wp:term":[{"taxonomy":"product_brand","embeddable":true,"href":"https:\/\/mmkriepas.lv\/en\/wp-json\/wp\/v2\/product_brand?post=875989"},{"taxonomy":"product_cat","embeddable":true,"href":"https:\/\/mmkriepas.lv\/en\/wp-json\/wp\/v2\/product_cat?post=875989"},{"taxonomy":"product_tag","embeddable":true,"href":"https:\/\/mmkriepas.lv\/en\/wp-json\/wp\/v2\/product_tag?post=875989"}],"curies":[{"name":"wp","href":"https:\/\/api.w.org\/{rel}","templated":true}]}}