{"id":875874,"date":"2024-03-12T17:14:56","date_gmt":"2024-03-12T15:14:56","guid":{"rendered":"https:\/\/mmkserviss.lv\/?post_type=product&#038;p=875874"},"modified":"2026-03-27T13:22:48","modified_gmt":"2026-03-27T11:22:48","slug":"285-40r20-pirelli-p-zero-pz4-sport-108y-xl-mo1","status":"publish","type":"product","link":"https:\/\/mmkriepas.lv\/en\/p\/285-40r20-pirelli-p-zero-pz4-sport-108y-xl-mo1\/","title":{"rendered":"285\/40R20 Pirelli P ZERO PZ4 Sport 108Y XL MO1"},"content":{"rendered":"<p><span><strong>Pirelli P ZERO PZ4 Sport<\/strong><\/span><span> jeb Sports Car ir paredz\u0113ts t\u0101diem jaud\u012bgiem transportl\u012bdzek\u013ciem k\u0101 Mercedes C63 AMG, BMW M3 un Porsche 911. Sports Car riepas versija uzlabo iepriek\u0161\u0113jo P Zero modeli ar augst\u0101kiem sa\u0137eres r\u0101d\u012bt\u0101jiem gan uz sausu, gan slapja ce\u013ca seguma un bremz\u0113\u0161anas r\u0101d\u012bt\u0101jiem.<\/span><\/p>\n<p><span><strong>P ZERO PZ4 Sport galven\u0101s \u012bpa\u0161\u012bbas:<\/strong><\/span><\/p>\n<p>+ <span>Lieliska dro\u0161\u012bba mitros apst\u0101k\u013cos, pateicoties augstajam sil\u012bcija dioks\u012bda saturam. <\/span><\/p>\n<p><span>+ Lab\u0101ka sa\u0137ere un brauk\u0161anas komforts pateicoties jaunajam protektora dizainam.<\/span><\/p>\n<p><span>+ Zema rites pretest\u012bba un liel\u0101ks lnobraukums.<\/span><\/p>\n<p><span>+ Zema trok\u0161\u0146a emisija kas pan\u0101kta ar optimiz\u0113tu protektora rakstu.<\/span><\/p>\n<p><span><strong>P ZERO PZ4 Sport raksturojums:<\/strong><\/span><\/p>\n<p>P ZERO\u2122 PZ4 ir unik\u0101ls Ultra High Performance produkts, kas apvieno Pirelli zin\u0101\u0161anas, kas ieg\u016btas konkur\u0113tsp\u0113j\u012bg\u0101 motosport\u0101 un ar lab\u0101kajiem automa\u0161\u012bnu ra\u017eot\u0101jiem, nodro\u0161inot perfektu atbilst\u012bbu katras automa\u0161\u012bnas veiktsp\u0113jai.<\/p>\n","protected":false},"excerpt":{"rendered":"<p><span><strong>Pirelli P ZERO PZ4 Sport<\/strong><\/span><span> jeb Sports Car ir paredz\u0113ts t\u0101diem jaud\u012bgiem transportl\u012bdzek\u013ciem k\u0101 Mercedes C63 AMG, BMW M3 un Porsche 911. Sports Car riepas versija uzlabo iepriek\u0161\u0113jo P Zero modeli ar augst\u0101kiem sa\u0137eres r\u0101d\u012bt\u0101jiem gan uz sausu, gan slapja ce\u013ca seguma un bremz\u0113\u0161anas r\u0101d\u012bt\u0101jiem.<\/span><\/p>\n","protected":false},"featured_media":874256,"template":"","meta":{"_acf_changed":false,"ngg_post_thumbnail":0},"product_brand":[],"product_cat":[46],"product_tag":[],"class_list":{"0":"post-875874","1":"product","2":"type-product","3":"status-publish","4":"has-post-thumbnail","6":"product_cat-vasaras-riepas","8":"first","9":"instock","10":"sale","11":"taxable","12":"shipping-taxable","13":"purchasable","14":"product-type-simple"},"acf":[],"yoast_head":"<!-- This site is optimized with the Yoast SEO Premium plugin v22.6 (Yoast SEO v27.3) - https:\/\/yoast.com\/product\/yoast-seo-premium-wordpress\/ -->\n<title>285\/40R20 Pirelli P ZERO PZ4 Sport 108Y XL MO1 &#8226; MMK Riepas<\/title>\n<meta name=\"robots\" content=\"index, follow, max-snippet:-1, max-image-preview:large, max-video-preview:-1\" \/>\n<link rel=\"canonical\" href=\"https:\/\/mmkriepas.lv\/en\/p\/285-40r20-pirelli-p-zero-pz4-sport-108y-xl-mo1\/\" \/>\n<meta property=\"og:locale\" content=\"en_US\" \/>\n<meta property=\"og:type\" content=\"article\" \/>\n<meta property=\"og:title\" content=\"285\/40R20 Pirelli P ZERO PZ4 Sport 108Y XL MO1\" \/>\n<meta property=\"og:description\" content=\"Pirelli P ZERO PZ4 Sport jeb Sports Car ir paredz\u0113ts t\u0101diem jaud\u012bgiem transportl\u012bdzek\u013ciem k\u0101 Mercedes C63 AMG, BMW M3 un Porsche 911. Sports Car riepas versija uzlabo iepriek\u0161\u0113jo P Zero modeli ar augst\u0101kiem sa\u0137eres r\u0101d\u012bt\u0101jiem gan uz sausu, gan slapja ce\u013ca seguma un bremz\u0113\u0161anas r\u0101d\u012bt\u0101jiem.\" \/>\n<meta property=\"og:url\" content=\"https:\/\/mmkriepas.lv\/en\/p\/285-40r20-pirelli-p-zero-pz4-sport-108y-xl-mo1\/\" \/>\n<meta property=\"og:site_name\" content=\"MMK Riepas\" \/>\n<meta property=\"article:publisher\" content=\"https:\/\/www.facebook.com\/mmkserviss\/\" \/>\n<meta property=\"article:modified_time\" content=\"2026-03-27T11:22:48+00:00\" \/>\n<meta property=\"og:image\" content=\"https:\/\/mmkriepas.lv\/wp-content\/uploads\/2024\/03\/28545r20-pirelli-p-zero-pz4-sport-112y-xl-ao1-vasaras-riepas.jpg\" \/>\n\t<meta property=\"og:image:width\" content=\"1000\" \/>\n\t<meta property=\"og:image:height\" content=\"665\" \/>\n\t<meta property=\"og:image:type\" content=\"image\/jpeg\" \/>\n<meta name=\"twitter:card\" content=\"summary_large_image\" \/>\n<meta name=\"twitter:label1\" content=\"Price\" \/>\n\t<meta name=\"twitter:data1\" content=\"&euro;326.00\" \/>\n\t<meta name=\"twitter:label2\" content=\"Availability\" \/>\n\t<meta name=\"twitter:data2\" content=\"In stock\" \/>\n<script type=\"application\/ld+json\" class=\"yoast-schema-graph\">{\"@context\":\"https:\\\/\\\/schema.org\",\"@graph\":[{\"@type\":\"WebPage\",\"@id\":\"https:\\\/\\\/mmkriepas.lv\\\/en\\\/p\\\/285-40r20-pirelli-p-zero-pz4-sport-108y-xl-mo1\\\/\",\"url\":\"https:\\\/\\\/mmkriepas.lv\\\/en\\\/p\\\/285-40r20-pirelli-p-zero-pz4-sport-108y-xl-mo1\\\/\",\"name\":\"285\\\/40R20 Pirelli P ZERO PZ4 Sport 108Y XL MO1 &#8226; MMK Riepas\",\"isPartOf\":{\"@id\":\"https:\\\/\\\/mmkriepas.lv\\\/en\\\/#website\"},\"primaryImageOfPage\":{\"@id\":\"https:\\\/\\\/mmkriepas.lv\\\/en\\\/p\\\/285-40r20-pirelli-p-zero-pz4-sport-108y-xl-mo1\\\/#primaryimage\"},\"image\":{\"@id\":\"https:\\\/\\\/mmkriepas.lv\\\/en\\\/p\\\/285-40r20-pirelli-p-zero-pz4-sport-108y-xl-mo1\\\/#primaryimage\"},\"thumbnailUrl\":\"https:\\\/\\\/mmkriepas.lv\\\/wp-content\\\/uploads\\\/2024\\\/03\\\/28545r20-pirelli-p-zero-pz4-sport-112y-xl-ao1-vasaras-riepas.jpg\",\"datePublished\":\"2024-03-12T15:14:56+00:00\",\"dateModified\":\"2026-03-27T11:22:48+00:00\",\"breadcrumb\":{\"@id\":\"https:\\\/\\\/mmkriepas.lv\\\/en\\\/p\\\/285-40r20-pirelli-p-zero-pz4-sport-108y-xl-mo1\\\/#breadcrumb\"},\"inLanguage\":\"en-US\",\"potentialAction\":[{\"@type\":\"ReadAction\",\"target\":[\"https:\\\/\\\/mmkriepas.lv\\\/en\\\/p\\\/285-40r20-pirelli-p-zero-pz4-sport-108y-xl-mo1\\\/\"]}]},{\"@type\":\"ImageObject\",\"inLanguage\":\"en-US\",\"@id\":\"https:\\\/\\\/mmkriepas.lv\\\/en\\\/p\\\/285-40r20-pirelli-p-zero-pz4-sport-108y-xl-mo1\\\/#primaryimage\",\"url\":\"https:\\\/\\\/mmkriepas.lv\\\/wp-content\\\/uploads\\\/2024\\\/03\\\/28545r20-pirelli-p-zero-pz4-sport-112y-xl-ao1-vasaras-riepas.jpg\",\"contentUrl\":\"https:\\\/\\\/mmkriepas.lv\\\/wp-content\\\/uploads\\\/2024\\\/03\\\/28545r20-pirelli-p-zero-pz4-sport-112y-xl-ao1-vasaras-riepas.jpg\",\"width\":1000,\"height\":665,\"caption\":\"MAIN\"},{\"@type\":\"BreadcrumbList\",\"@id\":\"https:\\\/\\\/mmkriepas.lv\\\/en\\\/p\\\/285-40r20-pirelli-p-zero-pz4-sport-108y-xl-mo1\\\/#breadcrumb\",\"itemListElement\":[{\"@type\":\"ListItem\",\"position\":1,\"name\":\"S\u0101kums\",\"item\":\"https:\\\/\\\/mmkriepas.lv\\\/en\\\/\"},{\"@type\":\"ListItem\",\"position\":2,\"name\":\"285\\\/40R20 Pirelli P ZERO PZ4 Sport 108Y XL MO1\"}]},{\"@type\":\"WebSite\",\"@id\":\"https:\\\/\\\/mmkriepas.lv\\\/en\\\/#website\",\"url\":\"https:\\\/\\\/mmkriepas.lv\\\/en\\\/\",\"name\":\"MMK Riepas\",\"description\":\"MMK Riepas\",\"alternateName\":\"MMK Riepu Serviss\",\"potentialAction\":[{\"@type\":\"SearchAction\",\"target\":{\"@type\":\"EntryPoint\",\"urlTemplate\":\"https:\\\/\\\/mmkriepas.lv\\\/en\\\/?s={search_term_string}\"},\"query-input\":{\"@type\":\"PropertyValueSpecification\",\"valueRequired\":true,\"valueName\":\"search_term_string\"}}],\"inLanguage\":\"en-US\"},{\"@type\":\"ImageObject\",\"inLanguage\":\"en-US\",\"@id\":\"https:\\\/\\\/mmkriepas.lv\\\/en\\\/p\\\/285-40r20-pirelli-p-zero-pz4-sport-108y-xl-mo1\\\/#local-main-organization-logo\",\"url\":\"\",\"contentUrl\":\"\",\"caption\":\"MMK Riepas\"}]}<\/script>\n<meta property=\"product:brand\" content=\"Pirelli P ZERO PZ4 Sport\" \/>\n<meta property=\"product:price:amount\" content=\"326.00\" \/>\n<meta property=\"product:price:currency\" content=\"EUR\" \/>\n<meta property=\"og:availability\" content=\"instock\" \/>\n<meta property=\"product:availability\" content=\"instock\" \/>\n<meta property=\"product:retailer_item_id\" content=\"TS2854020PIREL-L34937\" \/>\n<meta property=\"product:condition\" content=\"new\" \/>\n<!-- \/ Yoast SEO Premium plugin. -->","yoast_head_json":{"title":"285\/40R20 Pirelli P ZERO PZ4 Sport 108Y XL MO1 &#8226; MMK Riepas","robots":{"index":"index","follow":"follow","max-snippet":"max-snippet:-1","max-image-preview":"max-image-preview:large","max-video-preview":"max-video-preview:-1"},"canonical":"https:\/\/mmkriepas.lv\/en\/p\/285-40r20-pirelli-p-zero-pz4-sport-108y-xl-mo1\/","og_locale":"en_US","og_type":"article","og_title":"285\/40R20 Pirelli P ZERO PZ4 Sport 108Y XL MO1","og_description":"Pirelli P ZERO PZ4 Sport jeb Sports Car ir paredz\u0113ts t\u0101diem jaud\u012bgiem transportl\u012bdzek\u013ciem k\u0101 Mercedes C63 AMG, BMW M3 un Porsche 911. Sports Car riepas versija uzlabo iepriek\u0161\u0113jo P Zero modeli ar augst\u0101kiem sa\u0137eres r\u0101d\u012bt\u0101jiem gan uz sausu, gan slapja ce\u013ca seguma un bremz\u0113\u0161anas r\u0101d\u012bt\u0101jiem.","og_url":"https:\/\/mmkriepas.lv\/en\/p\/285-40r20-pirelli-p-zero-pz4-sport-108y-xl-mo1\/","og_site_name":"MMK Riepas","article_publisher":"https:\/\/www.facebook.com\/mmkserviss\/","article_modified_time":"2026-03-27T11:22:48+00:00","og_image":[{"width":1000,"height":665,"url":"https:\/\/mmkriepas.lv\/wp-content\/uploads\/2024\/03\/28545r20-pirelli-p-zero-pz4-sport-112y-xl-ao1-vasaras-riepas.jpg","type":"image\/jpeg"}],"twitter_card":"summary_large_image","twitter_misc":{"Price":"&euro;326.00","Availability":"In stock"},"schema":{"@context":"https:\/\/schema.org","@graph":[{"@type":"WebPage","@id":"https:\/\/mmkriepas.lv\/en\/p\/285-40r20-pirelli-p-zero-pz4-sport-108y-xl-mo1\/","url":"https:\/\/mmkriepas.lv\/en\/p\/285-40r20-pirelli-p-zero-pz4-sport-108y-xl-mo1\/","name":"285\/40R20 Pirelli P ZERO PZ4 Sport 108Y XL MO1 &#8226; MMK Riepas","isPartOf":{"@id":"https:\/\/mmkriepas.lv\/en\/#website"},"primaryImageOfPage":{"@id":"https:\/\/mmkriepas.lv\/en\/p\/285-40r20-pirelli-p-zero-pz4-sport-108y-xl-mo1\/#primaryimage"},"image":{"@id":"https:\/\/mmkriepas.lv\/en\/p\/285-40r20-pirelli-p-zero-pz4-sport-108y-xl-mo1\/#primaryimage"},"thumbnailUrl":"https:\/\/mmkriepas.lv\/wp-content\/uploads\/2024\/03\/28545r20-pirelli-p-zero-pz4-sport-112y-xl-ao1-vasaras-riepas.jpg","datePublished":"2024-03-12T15:14:56+00:00","dateModified":"2026-03-27T11:22:48+00:00","breadcrumb":{"@id":"https:\/\/mmkriepas.lv\/en\/p\/285-40r20-pirelli-p-zero-pz4-sport-108y-xl-mo1\/#breadcrumb"},"inLanguage":"en-US","potentialAction":[{"@type":"ReadAction","target":["https:\/\/mmkriepas.lv\/en\/p\/285-40r20-pirelli-p-zero-pz4-sport-108y-xl-mo1\/"]}]},{"@type":"ImageObject","inLanguage":"en-US","@id":"https:\/\/mmkriepas.lv\/en\/p\/285-40r20-pirelli-p-zero-pz4-sport-108y-xl-mo1\/#primaryimage","url":"https:\/\/mmkriepas.lv\/wp-content\/uploads\/2024\/03\/28545r20-pirelli-p-zero-pz4-sport-112y-xl-ao1-vasaras-riepas.jpg","contentUrl":"https:\/\/mmkriepas.lv\/wp-content\/uploads\/2024\/03\/28545r20-pirelli-p-zero-pz4-sport-112y-xl-ao1-vasaras-riepas.jpg","width":1000,"height":665,"caption":"MAIN"},{"@type":"BreadcrumbList","@id":"https:\/\/mmkriepas.lv\/en\/p\/285-40r20-pirelli-p-zero-pz4-sport-108y-xl-mo1\/#breadcrumb","itemListElement":[{"@type":"ListItem","position":1,"name":"S\u0101kums","item":"https:\/\/mmkriepas.lv\/en\/"},{"@type":"ListItem","position":2,"name":"285\/40R20 Pirelli P ZERO PZ4 Sport 108Y XL MO1"}]},{"@type":"WebSite","@id":"https:\/\/mmkriepas.lv\/en\/#website","url":"https:\/\/mmkriepas.lv\/en\/","name":"MMK Riepas","description":"MMK Riepas","alternateName":"MMK Riepu Serviss","potentialAction":[{"@type":"SearchAction","target":{"@type":"EntryPoint","urlTemplate":"https:\/\/mmkriepas.lv\/en\/?s={search_term_string}"},"query-input":{"@type":"PropertyValueSpecification","valueRequired":true,"valueName":"search_term_string"}}],"inLanguage":"en-US"},{"@type":"ImageObject","inLanguage":"en-US","@id":"https:\/\/mmkriepas.lv\/en\/p\/285-40r20-pirelli-p-zero-pz4-sport-108y-xl-mo1\/#local-main-organization-logo","url":"","contentUrl":"","caption":"MMK Riepas"}]},"product_brand":"Pirelli P ZERO PZ4 Sport","product_price_amount":"326.00","product_price_currency":"EUR","og_availability":"instock","product_availability":"instock","product_retailer_item_id":"TS2854020PIREL-L34937","product_condition":"new"},"_links":{"self":[{"href":"https:\/\/mmkriepas.lv\/en\/wp-json\/wp\/v2\/product\/875874","targetHints":{"allow":["GET"]}}],"collection":[{"href":"https:\/\/mmkriepas.lv\/en\/wp-json\/wp\/v2\/product"}],"about":[{"href":"https:\/\/mmkriepas.lv\/en\/wp-json\/wp\/v2\/types\/product"}],"wp:featuredmedia":[{"embeddable":true,"href":"https:\/\/mmkriepas.lv\/en\/wp-json\/wp\/v2\/media\/874256"}],"wp:attachment":[{"href":"https:\/\/mmkriepas.lv\/en\/wp-json\/wp\/v2\/media?parent=875874"}],"wp:term":[{"taxonomy":"product_brand","embeddable":true,"href":"https:\/\/mmkriepas.lv\/en\/wp-json\/wp\/v2\/product_brand?post=875874"},{"taxonomy":"product_cat","embeddable":true,"href":"https:\/\/mmkriepas.lv\/en\/wp-json\/wp\/v2\/product_cat?post=875874"},{"taxonomy":"product_tag","embeddable":true,"href":"https:\/\/mmkriepas.lv\/en\/wp-json\/wp\/v2\/product_tag?post=875874"}],"curies":[{"name":"wp","href":"https:\/\/api.w.org\/{rel}","templated":true}]}}