{"id":875356,"date":"2024-03-12T13:25:11","date_gmt":"2024-03-12T11:25:11","guid":{"rendered":"https:\/\/mmkserviss.lv\/?post_type=product&#038;p=875356"},"modified":"2024-08-06T12:33:44","modified_gmt":"2024-08-06T09:33:44","slug":"205-65r16c-hankook-radial-ra28e-107-105t-2","status":"publish","type":"product","link":"https:\/\/mmkriepas.lv\/en\/p\/205-65r16c-hankook-radial-ra28e-107-105t-2\/","title":{"rendered":"205\/65R16C Hankook Radial RA28E 107\/105T"},"content":{"rendered":"<p class=\"western\"><span style=\"font-family: Arial, sans-serif;\"><b><span>Hankook Radial RA28E<\/span><\/b><span> ir teicamas kvalit\u0101tes, vid\u0113j\u0101s klases komerctransporta jeb C-indeksa vasaras riepu modelis. Tas izce\u013cas ar teicamiem kravnes\u012bbas, nodilumiztur\u012bbas, degvielas\/baterijas ekonomijas un sa\u0137eres r\u0101d\u012bt\u0101jiem. \u0160is riepu modelis uzstr\u0101d\u0101ms komerctransportam jeb busiem un tas pieejams vien 4 izm\u0113ros 16 collu diametr\u0101.<\/span><\/span><\/p>\n<h3 class=\"western\"><span style=\"font-family: Arial, sans-serif;\"><span>Hankook Radial RA28E galven\u0101s \u012bpa\u0161\u012bbas<\/span><\/span><\/h3>\n<p class=\"western\"><span style=\"font-family: Arial, sans-serif;\"><span>+ Lielie kravnes\u012bbas indeksi \u013caus smagas kravas p\u0101rvad\u0101t pat intens\u012bvas ekspluat\u0101cijas apst\u0101k\u013cos.<br \/>+ Degvielas vai baterijas ekonomija!<br \/>+ Izcila nodilumiztur\u012bba, pateicoties uzlabotam riepu gumijas sast\u0101vam.<br \/>+ Teicama sa\u0137ere un manevr\u0113tsp\u0113ja uz sausa un slapja asfalta, k\u0101 ar\u012b uz grants ce\u013ciem.<br \/>+ Zems akvaplan\u0113\u0161anas risks.<\/span><\/span><\/p>\n<h3 class=\"western\"><span style=\"font-family: Arial, sans-serif;\"><span>Radial RA28E apr\u012bkojums<\/span><\/span><\/h3>\n<p class=\"western\"><span style=\"font-family: Arial, sans-serif;\"><span>Hankook Radial RA28E vasaras mikroautobusu riepu modelis apr\u012bkots ar \u0161im riepu segmentam raksturigo simetrisko protektora rakstu. \u0160\u0101ds dizains nereti rot\u0101 komerctransporta riepu protektorus, jo tas vienlaikus sev\u012b apvieno gan labas sa\u0137eres \u012bpa\u0161\u012bbas, gan ar\u012b paildzin\u0101tu kalpotsp\u0113ju.<\/span><\/span><\/p>\n<p class=\"western\"><span style=\"font-family: Arial, sans-serif;\"><span>Riepas darin\u0101tas no \u0137\u012bmiski uzlabota gumijas sakaus\u0113juma. Tam pievienotie elastrom\u0113ri veicina sa\u0137eres veido\u0161anos ar ce\u013cu, teicami saglab\u0101jot riepas nodilumiztur\u012bbu.<\/span><\/span><\/p>\n<p class=\"western\"><span style=\"font-family: Arial, sans-serif;\"><span>Mas\u012bvie protektora bloki b\u016btiski uzlabo sa\u0137eres \u012bpa\u0161\u012bbas uz irden\u0101m ce\u013ca virsm\u0101m &#8211; grants, smilt\u012bm vai zemes. Savuk\u0101rt, platie izvadkan\u0101li starp tiem, samazina akvaplan\u0113\u0161anas risku, atbr\u012bvojot protektora virsmu ar ce\u013cu no nokri\u0161\u0146iem.<\/span><\/span><\/p>\n","protected":false},"excerpt":{"rendered":"<p class=\"western\"><span style=\"font-family: Arial, sans-serif;\"><b><span>Hankook Radial RA28E<\/span><\/b><span> ir teicamas kvalit\u0101tes, vid\u0113j\u0101s klases komerctransporta jeb C-indeksa vasaras riepu modelis. Tas izce\u013cas ar teicamiem kravnes\u012bbas, nodilumiztur\u012bbas, degvielas\/baterijas ekonomijas un sa\u0137eres r\u0101d\u012bt\u0101jiem. \u0160is riepu modelis uzstr\u0101d\u0101ms komerctransportam jeb busiem un tas pieejams vien 4 izm\u0113ros 16 collu diametr\u0101.<\/span><\/span><\/p>\n","protected":false},"featured_media":900498,"template":"","meta":{"_acf_changed":false,"ngg_post_thumbnail":0},"product_brand":[],"product_cat":[46],"product_tag":[],"class_list":{"0":"post-875356","1":"product","2":"type-product","3":"status-publish","4":"has-post-thumbnail","6":"product_cat-vasaras-riepas","8":"first","9":"outofstock","10":"sale","11":"taxable","12":"shipping-taxable","13":"product-type-simple"},"acf":[],"yoast_head":"<!-- This site is optimized with the Yoast SEO Premium plugin v22.6 (Yoast SEO v27.3) - https:\/\/yoast.com\/product\/yoast-seo-premium-wordpress\/ -->\n<title>205\/65R16C Hankook Radial RA28E 107\/105T &#8226; MMK Riepas<\/title>\n<meta name=\"robots\" content=\"index, follow, max-snippet:-1, max-image-preview:large, max-video-preview:-1\" \/>\n<link rel=\"canonical\" href=\"https:\/\/mmkriepas.lv\/en\/p\/205-65r16c-hankook-radial-ra28e-107-105t-2\/\" \/>\n<meta property=\"og:locale\" content=\"en_US\" \/>\n<meta property=\"og:type\" content=\"article\" \/>\n<meta property=\"og:title\" content=\"205\/65R16C Hankook Radial RA28E 107\/105T\" \/>\n<meta property=\"og:description\" content=\"Hankook Radial RA28E ir teicamas kvalit\u0101tes, vid\u0113j\u0101s klases komerctransporta jeb C-indeksa vasaras riepu modelis. Tas izce\u013cas ar teicamiem kravnes\u012bbas, nodilumiztur\u012bbas, degvielas\/baterijas ekonomijas un sa\u0137eres r\u0101d\u012bt\u0101jiem. \u0160is riepu modelis uzstr\u0101d\u0101ms komerctransportam jeb busiem un tas pieejams vien 4 izm\u0113ros 16 collu diametr\u0101.\" \/>\n<meta property=\"og:url\" content=\"https:\/\/mmkriepas.lv\/en\/p\/205-65r16c-hankook-radial-ra28e-107-105t-2\/\" \/>\n<meta property=\"og:site_name\" content=\"MMK Riepas\" \/>\n<meta property=\"article:publisher\" content=\"https:\/\/www.facebook.com\/mmkserviss\/\" \/>\n<meta property=\"article:modified_time\" content=\"2024-08-06T09:33:44+00:00\" \/>\n<meta property=\"og:image\" content=\"https:\/\/mmkriepas.lv\/wp-content\/uploads\/2024\/05\/21565r16c-hankook-radial-ra28e-106104t-vasaras-riepas.jpg\" \/>\n\t<meta property=\"og:image:width\" content=\"900\" \/>\n\t<meta property=\"og:image:height\" content=\"720\" \/>\n\t<meta property=\"og:image:type\" content=\"image\/jpeg\" \/>\n<meta name=\"twitter:card\" content=\"summary_large_image\" \/>\n<meta name=\"twitter:label1\" content=\"Price\" \/>\n\t<meta name=\"twitter:data1\" content=\"&euro;109.00\" \/>\n\t<meta name=\"twitter:label2\" content=\"Availability\" \/>\n\t<meta name=\"twitter:data2\" content=\"Out of stock\" \/>\n<script type=\"application\/ld+json\" class=\"yoast-schema-graph\">{\"@context\":\"https:\\\/\\\/schema.org\",\"@graph\":[{\"@type\":\"WebPage\",\"@id\":\"https:\\\/\\\/mmkriepas.lv\\\/en\\\/p\\\/205-65r16c-hankook-radial-ra28e-107-105t-2\\\/\",\"url\":\"https:\\\/\\\/mmkriepas.lv\\\/en\\\/p\\\/205-65r16c-hankook-radial-ra28e-107-105t-2\\\/\",\"name\":\"205\\\/65R16C Hankook Radial RA28E 107\\\/105T &#8226; MMK Riepas\",\"isPartOf\":{\"@id\":\"https:\\\/\\\/mmkriepas.lv\\\/en\\\/#website\"},\"primaryImageOfPage\":{\"@id\":\"https:\\\/\\\/mmkriepas.lv\\\/en\\\/p\\\/205-65r16c-hankook-radial-ra28e-107-105t-2\\\/#primaryimage\"},\"image\":{\"@id\":\"https:\\\/\\\/mmkriepas.lv\\\/en\\\/p\\\/205-65r16c-hankook-radial-ra28e-107-105t-2\\\/#primaryimage\"},\"thumbnailUrl\":\"https:\\\/\\\/mmkriepas.lv\\\/wp-content\\\/uploads\\\/2024\\\/05\\\/21565r16c-hankook-radial-ra28e-106104t-vasaras-riepas.jpg\",\"datePublished\":\"2024-03-12T11:25:11+00:00\",\"dateModified\":\"2024-08-06T09:33:44+00:00\",\"breadcrumb\":{\"@id\":\"https:\\\/\\\/mmkriepas.lv\\\/en\\\/p\\\/205-65r16c-hankook-radial-ra28e-107-105t-2\\\/#breadcrumb\"},\"inLanguage\":\"en-US\",\"potentialAction\":[{\"@type\":\"ReadAction\",\"target\":[\"https:\\\/\\\/mmkriepas.lv\\\/en\\\/p\\\/205-65r16c-hankook-radial-ra28e-107-105t-2\\\/\"]}]},{\"@type\":\"ImageObject\",\"inLanguage\":\"en-US\",\"@id\":\"https:\\\/\\\/mmkriepas.lv\\\/en\\\/p\\\/205-65r16c-hankook-radial-ra28e-107-105t-2\\\/#primaryimage\",\"url\":\"https:\\\/\\\/mmkriepas.lv\\\/wp-content\\\/uploads\\\/2024\\\/05\\\/21565r16c-hankook-radial-ra28e-106104t-vasaras-riepas.jpg\",\"contentUrl\":\"https:\\\/\\\/mmkriepas.lv\\\/wp-content\\\/uploads\\\/2024\\\/05\\\/21565r16c-hankook-radial-ra28e-106104t-vasaras-riepas.jpg\",\"width\":900,\"height\":720,\"caption\":\"MAIN\"},{\"@type\":\"BreadcrumbList\",\"@id\":\"https:\\\/\\\/mmkriepas.lv\\\/en\\\/p\\\/205-65r16c-hankook-radial-ra28e-107-105t-2\\\/#breadcrumb\",\"itemListElement\":[{\"@type\":\"ListItem\",\"position\":1,\"name\":\"S\u0101kums\",\"item\":\"https:\\\/\\\/mmkriepas.lv\\\/en\\\/\"},{\"@type\":\"ListItem\",\"position\":2,\"name\":\"205\\\/65R16C Hankook Radial RA28E 107\\\/105T\"}]},{\"@type\":\"WebSite\",\"@id\":\"https:\\\/\\\/mmkriepas.lv\\\/en\\\/#website\",\"url\":\"https:\\\/\\\/mmkriepas.lv\\\/en\\\/\",\"name\":\"MMK Riepas\",\"description\":\"MMK Riepas\",\"alternateName\":\"MMK Riepu Serviss\",\"potentialAction\":[{\"@type\":\"SearchAction\",\"target\":{\"@type\":\"EntryPoint\",\"urlTemplate\":\"https:\\\/\\\/mmkriepas.lv\\\/en\\\/?s={search_term_string}\"},\"query-input\":{\"@type\":\"PropertyValueSpecification\",\"valueRequired\":true,\"valueName\":\"search_term_string\"}}],\"inLanguage\":\"en-US\"},{\"@type\":\"ImageObject\",\"inLanguage\":\"en-US\",\"@id\":\"https:\\\/\\\/mmkriepas.lv\\\/en\\\/p\\\/205-65r16c-hankook-radial-ra28e-107-105t-2\\\/#local-main-organization-logo\",\"url\":\"\",\"contentUrl\":\"\",\"caption\":\"MMK Riepas\"}]}<\/script>\n<meta property=\"product:brand\" content=\"Hankook Radial RA28E\" \/>\n<meta property=\"product:price:amount\" content=\"109.00\" \/>\n<meta property=\"product:price:currency\" content=\"EUR\" \/>\n<meta property=\"og:availability\" content=\"out of stock\" \/>\n<meta property=\"product:availability\" content=\"out of stock\" \/>\n<meta property=\"product:retailer_item_id\" content=\"TS2056516CHANKO-35101\" \/>\n<meta property=\"product:condition\" content=\"new\" \/>\n<!-- \/ Yoast SEO Premium plugin. -->","yoast_head_json":{"title":"205\/65R16C Hankook Radial RA28E 107\/105T &#8226; MMK Riepas","robots":{"index":"index","follow":"follow","max-snippet":"max-snippet:-1","max-image-preview":"max-image-preview:large","max-video-preview":"max-video-preview:-1"},"canonical":"https:\/\/mmkriepas.lv\/en\/p\/205-65r16c-hankook-radial-ra28e-107-105t-2\/","og_locale":"en_US","og_type":"article","og_title":"205\/65R16C Hankook Radial RA28E 107\/105T","og_description":"Hankook Radial RA28E ir teicamas kvalit\u0101tes, vid\u0113j\u0101s klases komerctransporta jeb C-indeksa vasaras riepu modelis. Tas izce\u013cas ar teicamiem kravnes\u012bbas, nodilumiztur\u012bbas, degvielas\/baterijas ekonomijas un sa\u0137eres r\u0101d\u012bt\u0101jiem. \u0160is riepu modelis uzstr\u0101d\u0101ms komerctransportam jeb busiem un tas pieejams vien 4 izm\u0113ros 16 collu diametr\u0101.","og_url":"https:\/\/mmkriepas.lv\/en\/p\/205-65r16c-hankook-radial-ra28e-107-105t-2\/","og_site_name":"MMK Riepas","article_publisher":"https:\/\/www.facebook.com\/mmkserviss\/","article_modified_time":"2024-08-06T09:33:44+00:00","og_image":[{"width":900,"height":720,"url":"https:\/\/mmkriepas.lv\/wp-content\/uploads\/2024\/05\/21565r16c-hankook-radial-ra28e-106104t-vasaras-riepas.jpg","type":"image\/jpeg"}],"twitter_card":"summary_large_image","twitter_misc":{"Price":"&euro;109.00","Availability":"Out of stock"},"schema":{"@context":"https:\/\/schema.org","@graph":[{"@type":"WebPage","@id":"https:\/\/mmkriepas.lv\/en\/p\/205-65r16c-hankook-radial-ra28e-107-105t-2\/","url":"https:\/\/mmkriepas.lv\/en\/p\/205-65r16c-hankook-radial-ra28e-107-105t-2\/","name":"205\/65R16C Hankook Radial RA28E 107\/105T &#8226; MMK Riepas","isPartOf":{"@id":"https:\/\/mmkriepas.lv\/en\/#website"},"primaryImageOfPage":{"@id":"https:\/\/mmkriepas.lv\/en\/p\/205-65r16c-hankook-radial-ra28e-107-105t-2\/#primaryimage"},"image":{"@id":"https:\/\/mmkriepas.lv\/en\/p\/205-65r16c-hankook-radial-ra28e-107-105t-2\/#primaryimage"},"thumbnailUrl":"https:\/\/mmkriepas.lv\/wp-content\/uploads\/2024\/05\/21565r16c-hankook-radial-ra28e-106104t-vasaras-riepas.jpg","datePublished":"2024-03-12T11:25:11+00:00","dateModified":"2024-08-06T09:33:44+00:00","breadcrumb":{"@id":"https:\/\/mmkriepas.lv\/en\/p\/205-65r16c-hankook-radial-ra28e-107-105t-2\/#breadcrumb"},"inLanguage":"en-US","potentialAction":[{"@type":"ReadAction","target":["https:\/\/mmkriepas.lv\/en\/p\/205-65r16c-hankook-radial-ra28e-107-105t-2\/"]}]},{"@type":"ImageObject","inLanguage":"en-US","@id":"https:\/\/mmkriepas.lv\/en\/p\/205-65r16c-hankook-radial-ra28e-107-105t-2\/#primaryimage","url":"https:\/\/mmkriepas.lv\/wp-content\/uploads\/2024\/05\/21565r16c-hankook-radial-ra28e-106104t-vasaras-riepas.jpg","contentUrl":"https:\/\/mmkriepas.lv\/wp-content\/uploads\/2024\/05\/21565r16c-hankook-radial-ra28e-106104t-vasaras-riepas.jpg","width":900,"height":720,"caption":"MAIN"},{"@type":"BreadcrumbList","@id":"https:\/\/mmkriepas.lv\/en\/p\/205-65r16c-hankook-radial-ra28e-107-105t-2\/#breadcrumb","itemListElement":[{"@type":"ListItem","position":1,"name":"S\u0101kums","item":"https:\/\/mmkriepas.lv\/en\/"},{"@type":"ListItem","position":2,"name":"205\/65R16C Hankook Radial RA28E 107\/105T"}]},{"@type":"WebSite","@id":"https:\/\/mmkriepas.lv\/en\/#website","url":"https:\/\/mmkriepas.lv\/en\/","name":"MMK Riepas","description":"MMK Riepas","alternateName":"MMK Riepu Serviss","potentialAction":[{"@type":"SearchAction","target":{"@type":"EntryPoint","urlTemplate":"https:\/\/mmkriepas.lv\/en\/?s={search_term_string}"},"query-input":{"@type":"PropertyValueSpecification","valueRequired":true,"valueName":"search_term_string"}}],"inLanguage":"en-US"},{"@type":"ImageObject","inLanguage":"en-US","@id":"https:\/\/mmkriepas.lv\/en\/p\/205-65r16c-hankook-radial-ra28e-107-105t-2\/#local-main-organization-logo","url":"","contentUrl":"","caption":"MMK Riepas"}]},"product_brand":"Hankook Radial RA28E","product_price_amount":"109.00","product_price_currency":"EUR","og_availability":"out of stock","product_availability":"out of stock","product_retailer_item_id":"TS2056516CHANKO-35101","product_condition":"new"},"_links":{"self":[{"href":"https:\/\/mmkriepas.lv\/en\/wp-json\/wp\/v2\/product\/875356","targetHints":{"allow":["GET"]}}],"collection":[{"href":"https:\/\/mmkriepas.lv\/en\/wp-json\/wp\/v2\/product"}],"about":[{"href":"https:\/\/mmkriepas.lv\/en\/wp-json\/wp\/v2\/types\/product"}],"wp:featuredmedia":[{"embeddable":true,"href":"https:\/\/mmkriepas.lv\/en\/wp-json\/wp\/v2\/media\/900498"}],"wp:attachment":[{"href":"https:\/\/mmkriepas.lv\/en\/wp-json\/wp\/v2\/media?parent=875356"}],"wp:term":[{"taxonomy":"product_brand","embeddable":true,"href":"https:\/\/mmkriepas.lv\/en\/wp-json\/wp\/v2\/product_brand?post=875356"},{"taxonomy":"product_cat","embeddable":true,"href":"https:\/\/mmkriepas.lv\/en\/wp-json\/wp\/v2\/product_cat?post=875356"},{"taxonomy":"product_tag","embeddable":true,"href":"https:\/\/mmkriepas.lv\/en\/wp-json\/wp\/v2\/product_tag?post=875356"}],"curies":[{"name":"wp","href":"https:\/\/api.w.org\/{rel}","templated":true}]}}