{"id":873473,"date":"2024-03-11T10:46:19","date_gmt":"2024-03-11T08:46:19","guid":{"rendered":"https:\/\/mmkserviss.lv\/?post_type=product&#038;p=873473"},"modified":"2026-03-30T23:07:59","modified_gmt":"2026-03-30T20:07:59","slug":"295-35r21-kumho-ecsta-ps71-suv-107y-xl-2","status":"publish","type":"product","link":"https:\/\/mmkriepas.lv\/en\/p\/295-35r21-kumho-ecsta-ps71-suv-107y-xl-2\/","title":{"rendered":"295\/35R21 Kumho ECSTA PS71 SUV 107Y XL"},"content":{"rendered":"<p class=\"western\"><span style=\"font-family: Arial, serif;\"><b><span>Kumho ECSTA PS71<\/span><\/b><\/span><span style=\"font-family: Arial, serif;\"><span> ir teicamas kvalit\u0101tes, vid\u0113j\u0101s klases UHP jeb augstas veiktsp\u0113jas vasaras riepu modelis. Tas izce\u013cas ar teicamiem sa\u0137eres, manevr\u0113tsp\u0113jas, nodilumiztur\u012bbas un brauk\u0161anas komforta r\u0101d\u012bt\u0101jiem pat lielos brauk\u0161anas \u0101trumis. \u0160is riepu modelis pieejams pla\u0161\u0101 izm\u0113ru kl\u0101st\u0101 no R16 l\u012bdz pat R22 un piem\u0113rots gan sportiska tipa vieglaj\u0101m automa\u0161\u012bn\u0101m, gan apvidus auto, jeb SUV.<\/span><\/span><\/p>\n<h3 class=\"western\"><span style=\"font-family: Arial, serif;\"><span>Kumho ECSTA PS71 galven\u0101s \u012bpa\u0161\u012bbas<\/span><\/span><\/h3>\n<p class=\"western\"><span style=\"font-family: Arial, serif;\"><span>+ UHP jeb augstas veiktsp\u0113jas vasaras riepu modelis. Paredz\u0113ts dinamiskai brauk\u0161anai un pieejams ar lielajiem \u0101truma indeksiem.<br \/>+ Zems akvaplan\u0113\u0161anas risks pat lielos brauk\u0161anas \u0101trumis.<br \/>+ Izteikts akustiskais un brauk\u0161anas gaitas komforts.<br \/>+ Degvielas ekonomija!<br \/>+ Liela nodilumiztur\u012bba.<\/span><\/span><\/p>\n<h3 class=\"western\"><span style=\"font-family: Arial, serif;\"><span>ECSTA PS71 apr\u012bkojums<\/span><\/span><\/h3>\n<p class=\"western\"><span style=\"font-family: Arial, serif;\"><span>Kumho ECSTA PS71 UHP vasaras riepu modelis apr\u012bkots ar sportiska tipa asimetrisko protektora rakstu. \u0160\u0101ds dizains redzams liel\u0101kajai da\u013cai m\u016bsdienu vasaras riepu, jo tas sev\u012b apvieno teicamas brauk\u0161anas komforta un dro\u0161\u012bbas \u012bpa\u0161\u012bbas pat lielos brauk\u0161anas \u0101trumos.<\/span><\/span><\/p>\n<p class=\"western\"><span style=\"font-family: Arial, serif;\"><span>Lai samazin\u0101tu akvaplan\u0113\u0161anas risku uz slapja asfalta, braucot dinamiski, \u0161im riepu modelim izveidota augsti att\u012bst\u012bta dren\u0101\u017eas jeb \u016bdens novadkan\u0101lu sist\u0113ma. T\u0101 \u0101tri un efekt\u012bvi atbr\u012bvo riepu sa\u0137eres punktu ar ce\u013cu no \u016bdens, samazinot akvaplan\u0113\u0161anas risku l\u012bdz minimumam.<\/span><\/span><\/p>\n<p class=\"western\"><span style=\"font-family: Arial, serif;\"><span>Garenisk\u0101s, asimetriski izvietot\u0101s protektora joslas darin\u0101tas no nodilumiztur\u012bga gumijas sakaus\u0113juma, kam pievienota virkne elastrom\u0113ru. K\u0101 zin\u0101ms, elast\u012bga riepa daudz lab\u0101k veido sa\u0137eri ar ce\u013cu, k\u0101 ar\u012b dilst vienm\u0113r\u012bg\u0101k.<\/span><\/span><\/p>\n","protected":false},"excerpt":{"rendered":"<p><span style=\"font-family: Arial, serif;\"><b><span>Kumho ECSTA PS71<\/span><\/b><\/span><span style=\"font-family: Arial, serif;\"><span> ir teicamas kvalit\u0101tes, vid\u0113j\u0101s klases UHP jeb augstas veiktsp\u0113jas vasaras riepu modelis. Tas izce\u013cas ar teicamiem sa\u0137eres, manevr\u0113tsp\u0113jas, nodilumiztur\u012bbas un brauk\u0161anas komforta r\u0101d\u012bt\u0101jiem pat lielos brauk\u0161anas \u0101trumis. \u0160is riepu modelis pieejams pla\u0161\u0101 izm\u0113ru kl\u0101st\u0101 no R16 l\u012bdz pat R22 un piem\u0113rots gan sportiska tipa vieglaj\u0101m automa\u0161\u012bn\u0101m, gan apvidus auto, jeb SUV.<\/span><\/span><\/p>\n","protected":false},"featured_media":875782,"template":"","meta":{"_acf_changed":false,"ngg_post_thumbnail":0},"product_brand":[],"product_cat":[46],"product_tag":[],"class_list":{"0":"post-873473","1":"product","2":"type-product","3":"status-publish","4":"has-post-thumbnail","6":"product_cat-vasaras-riepas","8":"first","9":"instock","10":"sale","11":"taxable","12":"shipping-taxable","13":"purchasable","14":"product-type-simple"},"acf":[],"yoast_head":"<!-- This site is optimized with the Yoast SEO Premium plugin v22.6 (Yoast SEO v27.3) - https:\/\/yoast.com\/product\/yoast-seo-premium-wordpress\/ -->\n<title>295\/35R21 Kumho ECSTA PS71 SUV 107Y XL &#8226; MMK Riepas<\/title>\n<meta name=\"robots\" content=\"index, follow, max-snippet:-1, max-image-preview:large, max-video-preview:-1\" \/>\n<link rel=\"canonical\" href=\"https:\/\/mmkriepas.lv\/en\/p\/295-35r21-kumho-ecsta-ps71-suv-107y-xl-2\/\" \/>\n<meta property=\"og:locale\" content=\"en_US\" \/>\n<meta property=\"og:type\" content=\"article\" \/>\n<meta property=\"og:title\" content=\"295\/35R21 Kumho ECSTA PS71 SUV 107Y XL\" \/>\n<meta property=\"og:description\" content=\"Kumho ECSTA PS71 ir teicamas kvalit\u0101tes, vid\u0113j\u0101s klases UHP jeb augstas veiktsp\u0113jas vasaras riepu modelis. Tas izce\u013cas ar teicamiem sa\u0137eres, manevr\u0113tsp\u0113jas, nodilumiztur\u012bbas un brauk\u0161anas komforta r\u0101d\u012bt\u0101jiem pat lielos brauk\u0161anas \u0101trumis. \u0160is riepu modelis pieejams pla\u0161\u0101 izm\u0113ru kl\u0101st\u0101 no R16 l\u012bdz pat R22 un piem\u0113rots gan sportiska tipa vieglaj\u0101m automa\u0161\u012bn\u0101m, gan apvidus auto, jeb SUV.\" \/>\n<meta property=\"og:url\" content=\"https:\/\/mmkriepas.lv\/en\/p\/295-35r21-kumho-ecsta-ps71-suv-107y-xl-2\/\" \/>\n<meta property=\"og:site_name\" content=\"MMK Riepas\" \/>\n<meta property=\"article:publisher\" content=\"https:\/\/www.facebook.com\/mmkserviss\/\" \/>\n<meta property=\"article:modified_time\" content=\"2026-03-30T20:07:59+00:00\" \/>\n<meta property=\"og:image\" content=\"https:\/\/mmkriepas.lv\/wp-content\/uploads\/2024\/03\/22545r18-kumho-ecsta-ps71-95y-xl-vasaras-riepas.jpg\" \/>\n\t<meta property=\"og:image:width\" content=\"1000\" \/>\n\t<meta property=\"og:image:height\" content=\"750\" \/>\n\t<meta property=\"og:image:type\" content=\"image\/jpeg\" \/>\n<meta name=\"twitter:card\" content=\"summary_large_image\" \/>\n<meta name=\"twitter:label1\" content=\"Price\" \/>\n\t<meta name=\"twitter:data1\" content=\"&euro;185.00\" \/>\n\t<meta name=\"twitter:label2\" content=\"Availability\" \/>\n\t<meta name=\"twitter:data2\" content=\"In stock\" \/>\n<script type=\"application\/ld+json\" class=\"yoast-schema-graph\">{\"@context\":\"https:\\\/\\\/schema.org\",\"@graph\":[{\"@type\":\"WebPage\",\"@id\":\"https:\\\/\\\/mmkriepas.lv\\\/en\\\/p\\\/295-35r21-kumho-ecsta-ps71-suv-107y-xl-2\\\/\",\"url\":\"https:\\\/\\\/mmkriepas.lv\\\/en\\\/p\\\/295-35r21-kumho-ecsta-ps71-suv-107y-xl-2\\\/\",\"name\":\"295\\\/35R21 Kumho ECSTA PS71 SUV 107Y XL &#8226; MMK Riepas\",\"isPartOf\":{\"@id\":\"https:\\\/\\\/mmkriepas.lv\\\/en\\\/#website\"},\"primaryImageOfPage\":{\"@id\":\"https:\\\/\\\/mmkriepas.lv\\\/en\\\/p\\\/295-35r21-kumho-ecsta-ps71-suv-107y-xl-2\\\/#primaryimage\"},\"image\":{\"@id\":\"https:\\\/\\\/mmkriepas.lv\\\/en\\\/p\\\/295-35r21-kumho-ecsta-ps71-suv-107y-xl-2\\\/#primaryimage\"},\"thumbnailUrl\":\"https:\\\/\\\/mmkriepas.lv\\\/wp-content\\\/uploads\\\/2024\\\/03\\\/22545r18-kumho-ecsta-ps71-95y-xl-vasaras-riepas.jpg\",\"datePublished\":\"2024-03-11T08:46:19+00:00\",\"dateModified\":\"2026-03-30T20:07:59+00:00\",\"breadcrumb\":{\"@id\":\"https:\\\/\\\/mmkriepas.lv\\\/en\\\/p\\\/295-35r21-kumho-ecsta-ps71-suv-107y-xl-2\\\/#breadcrumb\"},\"inLanguage\":\"en-US\",\"potentialAction\":[{\"@type\":\"ReadAction\",\"target\":[\"https:\\\/\\\/mmkriepas.lv\\\/en\\\/p\\\/295-35r21-kumho-ecsta-ps71-suv-107y-xl-2\\\/\"]}]},{\"@type\":\"ImageObject\",\"inLanguage\":\"en-US\",\"@id\":\"https:\\\/\\\/mmkriepas.lv\\\/en\\\/p\\\/295-35r21-kumho-ecsta-ps71-suv-107y-xl-2\\\/#primaryimage\",\"url\":\"https:\\\/\\\/mmkriepas.lv\\\/wp-content\\\/uploads\\\/2024\\\/03\\\/22545r18-kumho-ecsta-ps71-95y-xl-vasaras-riepas.jpg\",\"contentUrl\":\"https:\\\/\\\/mmkriepas.lv\\\/wp-content\\\/uploads\\\/2024\\\/03\\\/22545r18-kumho-ecsta-ps71-95y-xl-vasaras-riepas.jpg\",\"width\":1000,\"height\":750,\"caption\":\"MAIN\"},{\"@type\":\"BreadcrumbList\",\"@id\":\"https:\\\/\\\/mmkriepas.lv\\\/en\\\/p\\\/295-35r21-kumho-ecsta-ps71-suv-107y-xl-2\\\/#breadcrumb\",\"itemListElement\":[{\"@type\":\"ListItem\",\"position\":1,\"name\":\"S\u0101kums\",\"item\":\"https:\\\/\\\/mmkriepas.lv\\\/en\\\/\"},{\"@type\":\"ListItem\",\"position\":2,\"name\":\"295\\\/35R21 Kumho ECSTA PS71 SUV 107Y XL\"}]},{\"@type\":\"WebSite\",\"@id\":\"https:\\\/\\\/mmkriepas.lv\\\/en\\\/#website\",\"url\":\"https:\\\/\\\/mmkriepas.lv\\\/en\\\/\",\"name\":\"MMK Riepas\",\"description\":\"MMK Riepas\",\"alternateName\":\"MMK Riepu Serviss\",\"potentialAction\":[{\"@type\":\"SearchAction\",\"target\":{\"@type\":\"EntryPoint\",\"urlTemplate\":\"https:\\\/\\\/mmkriepas.lv\\\/en\\\/?s={search_term_string}\"},\"query-input\":{\"@type\":\"PropertyValueSpecification\",\"valueRequired\":true,\"valueName\":\"search_term_string\"}}],\"inLanguage\":\"en-US\"},{\"@type\":\"ImageObject\",\"inLanguage\":\"en-US\",\"@id\":\"https:\\\/\\\/mmkriepas.lv\\\/en\\\/p\\\/295-35r21-kumho-ecsta-ps71-suv-107y-xl-2\\\/#local-main-organization-logo\",\"url\":\"\",\"contentUrl\":\"\",\"caption\":\"MMK Riepas\"}]}<\/script>\n<meta property=\"product:brand\" content=\"Kumho ECSTA PS71\" \/>\n<meta property=\"product:price:amount\" content=\"185.00\" \/>\n<meta property=\"product:price:currency\" content=\"EUR\" \/>\n<meta property=\"og:availability\" content=\"instock\" \/>\n<meta property=\"product:availability\" content=\"instock\" \/>\n<meta property=\"product:retailer_item_id\" content=\"TS2953521KUMHO-35002\" \/>\n<meta property=\"product:condition\" content=\"new\" \/>\n<!-- \/ Yoast SEO Premium plugin. -->","yoast_head_json":{"title":"295\/35R21 Kumho ECSTA PS71 SUV 107Y XL &#8226; MMK Riepas","robots":{"index":"index","follow":"follow","max-snippet":"max-snippet:-1","max-image-preview":"max-image-preview:large","max-video-preview":"max-video-preview:-1"},"canonical":"https:\/\/mmkriepas.lv\/en\/p\/295-35r21-kumho-ecsta-ps71-suv-107y-xl-2\/","og_locale":"en_US","og_type":"article","og_title":"295\/35R21 Kumho ECSTA PS71 SUV 107Y XL","og_description":"Kumho ECSTA PS71 ir teicamas kvalit\u0101tes, vid\u0113j\u0101s klases UHP jeb augstas veiktsp\u0113jas vasaras riepu modelis. Tas izce\u013cas ar teicamiem sa\u0137eres, manevr\u0113tsp\u0113jas, nodilumiztur\u012bbas un brauk\u0161anas komforta r\u0101d\u012bt\u0101jiem pat lielos brauk\u0161anas \u0101trumis. \u0160is riepu modelis pieejams pla\u0161\u0101 izm\u0113ru kl\u0101st\u0101 no R16 l\u012bdz pat R22 un piem\u0113rots gan sportiska tipa vieglaj\u0101m automa\u0161\u012bn\u0101m, gan apvidus auto, jeb SUV.","og_url":"https:\/\/mmkriepas.lv\/en\/p\/295-35r21-kumho-ecsta-ps71-suv-107y-xl-2\/","og_site_name":"MMK Riepas","article_publisher":"https:\/\/www.facebook.com\/mmkserviss\/","article_modified_time":"2026-03-30T20:07:59+00:00","og_image":[{"width":1000,"height":750,"url":"https:\/\/mmkriepas.lv\/wp-content\/uploads\/2024\/03\/22545r18-kumho-ecsta-ps71-95y-xl-vasaras-riepas.jpg","type":"image\/jpeg"}],"twitter_card":"summary_large_image","twitter_misc":{"Price":"&euro;185.00","Availability":"In stock"},"schema":{"@context":"https:\/\/schema.org","@graph":[{"@type":"WebPage","@id":"https:\/\/mmkriepas.lv\/en\/p\/295-35r21-kumho-ecsta-ps71-suv-107y-xl-2\/","url":"https:\/\/mmkriepas.lv\/en\/p\/295-35r21-kumho-ecsta-ps71-suv-107y-xl-2\/","name":"295\/35R21 Kumho ECSTA PS71 SUV 107Y XL &#8226; MMK Riepas","isPartOf":{"@id":"https:\/\/mmkriepas.lv\/en\/#website"},"primaryImageOfPage":{"@id":"https:\/\/mmkriepas.lv\/en\/p\/295-35r21-kumho-ecsta-ps71-suv-107y-xl-2\/#primaryimage"},"image":{"@id":"https:\/\/mmkriepas.lv\/en\/p\/295-35r21-kumho-ecsta-ps71-suv-107y-xl-2\/#primaryimage"},"thumbnailUrl":"https:\/\/mmkriepas.lv\/wp-content\/uploads\/2024\/03\/22545r18-kumho-ecsta-ps71-95y-xl-vasaras-riepas.jpg","datePublished":"2024-03-11T08:46:19+00:00","dateModified":"2026-03-30T20:07:59+00:00","breadcrumb":{"@id":"https:\/\/mmkriepas.lv\/en\/p\/295-35r21-kumho-ecsta-ps71-suv-107y-xl-2\/#breadcrumb"},"inLanguage":"en-US","potentialAction":[{"@type":"ReadAction","target":["https:\/\/mmkriepas.lv\/en\/p\/295-35r21-kumho-ecsta-ps71-suv-107y-xl-2\/"]}]},{"@type":"ImageObject","inLanguage":"en-US","@id":"https:\/\/mmkriepas.lv\/en\/p\/295-35r21-kumho-ecsta-ps71-suv-107y-xl-2\/#primaryimage","url":"https:\/\/mmkriepas.lv\/wp-content\/uploads\/2024\/03\/22545r18-kumho-ecsta-ps71-95y-xl-vasaras-riepas.jpg","contentUrl":"https:\/\/mmkriepas.lv\/wp-content\/uploads\/2024\/03\/22545r18-kumho-ecsta-ps71-95y-xl-vasaras-riepas.jpg","width":1000,"height":750,"caption":"MAIN"},{"@type":"BreadcrumbList","@id":"https:\/\/mmkriepas.lv\/en\/p\/295-35r21-kumho-ecsta-ps71-suv-107y-xl-2\/#breadcrumb","itemListElement":[{"@type":"ListItem","position":1,"name":"S\u0101kums","item":"https:\/\/mmkriepas.lv\/en\/"},{"@type":"ListItem","position":2,"name":"295\/35R21 Kumho ECSTA PS71 SUV 107Y XL"}]},{"@type":"WebSite","@id":"https:\/\/mmkriepas.lv\/en\/#website","url":"https:\/\/mmkriepas.lv\/en\/","name":"MMK Riepas","description":"MMK Riepas","alternateName":"MMK Riepu Serviss","potentialAction":[{"@type":"SearchAction","target":{"@type":"EntryPoint","urlTemplate":"https:\/\/mmkriepas.lv\/en\/?s={search_term_string}"},"query-input":{"@type":"PropertyValueSpecification","valueRequired":true,"valueName":"search_term_string"}}],"inLanguage":"en-US"},{"@type":"ImageObject","inLanguage":"en-US","@id":"https:\/\/mmkriepas.lv\/en\/p\/295-35r21-kumho-ecsta-ps71-suv-107y-xl-2\/#local-main-organization-logo","url":"","contentUrl":"","caption":"MMK Riepas"}]},"product_brand":"Kumho ECSTA PS71","product_price_amount":"185.00","product_price_currency":"EUR","og_availability":"instock","product_availability":"instock","product_retailer_item_id":"TS2953521KUMHO-35002","product_condition":"new"},"_links":{"self":[{"href":"https:\/\/mmkriepas.lv\/en\/wp-json\/wp\/v2\/product\/873473","targetHints":{"allow":["GET"]}}],"collection":[{"href":"https:\/\/mmkriepas.lv\/en\/wp-json\/wp\/v2\/product"}],"about":[{"href":"https:\/\/mmkriepas.lv\/en\/wp-json\/wp\/v2\/types\/product"}],"wp:featuredmedia":[{"embeddable":true,"href":"https:\/\/mmkriepas.lv\/en\/wp-json\/wp\/v2\/media\/875782"}],"wp:attachment":[{"href":"https:\/\/mmkriepas.lv\/en\/wp-json\/wp\/v2\/media?parent=873473"}],"wp:term":[{"taxonomy":"product_brand","embeddable":true,"href":"https:\/\/mmkriepas.lv\/en\/wp-json\/wp\/v2\/product_brand?post=873473"},{"taxonomy":"product_cat","embeddable":true,"href":"https:\/\/mmkriepas.lv\/en\/wp-json\/wp\/v2\/product_cat?post=873473"},{"taxonomy":"product_tag","embeddable":true,"href":"https:\/\/mmkriepas.lv\/en\/wp-json\/wp\/v2\/product_tag?post=873473"}],"curies":[{"name":"wp","href":"https:\/\/api.w.org\/{rel}","templated":true}]}}