{"id":868099,"date":"2024-03-02T12:45:48","date_gmt":"2024-03-02T10:45:48","guid":{"rendered":"https:\/\/mmkserviss.lv\/?post_type=product&#038;p=868099"},"modified":"2024-05-11T14:03:39","modified_gmt":"2024-05-11T11:03:39","slug":"205-50r15-triangle-sport-atp-tr918-89v-rp-dot21","status":"publish","type":"product","link":"https:\/\/mmkriepas.lv\/en\/p\/205-50r15-triangle-sport-atp-tr918-89v-rp-dot21\/","title":{"rendered":"205\/50R15 Triangle Sport ATP TR918 89V RP DOT21"},"content":{"rendered":"<p><span style=\"font-family: Times New Roman, serif;\"><span style=\"font-size: medium;\"><strong><span style=\"font-family: Arial, sans-serif;\">Triangle Sport ATP<\/span><\/strong><strong><span style=\"font-family: Arial, sans-serif;\"> TR918<\/span><\/strong><span style=\"font-family: Arial, sans-serif;\"> vasaras riepu modelis, kas paredz\u0113tas uzst\u0101d\u012b\u0161anai uz vieglajiem automobi\u013ciem. Riepas dizains ir izstr\u0101d\u0101ts standarta stil\u0101: asimetriskais protektors ar \u010detr\u0101m plat\u0101m garenisk\u0101m riev\u0101m (\u016bdens l\u012bnijas) un ar platiem s\u0101niem. Laba sa\u0137ere uz sausa un slapja asfalta. Zemi rites pretest\u012bbas r\u0101d\u012bt\u0101ji. Zemi trok\u0161\u0146u l\u012bme\u0146a r\u0101d\u012bt\u0101ji. Protektora z\u012bm\u0113jums, kas izveidots 3D datorsimul\u0101cij\u0101.<\/span><\/span><\/span><\/p>\n<p><span style=\"font-family: Times New Roman, serif;\"><span style=\"font-size: medium;\"><strong><span style=\"font-family: Arial, sans-serif;\">Sport ATP <\/span><\/strong><strong><span style=\"font-family: Arial, sans-serif;\">TR918<\/span><\/strong><span style=\"font-family: Arial, sans-serif;\">\u00a0galven\u0101s \u012bpa\u0161\u012bbas<\/span><\/span><\/span><\/p>\n<p><span style=\"font-family: Arial, sans-serif;\"><span style=\"font-size: medium;\">+ \u013boti labi sa\u0137eres r\u0101d\u012bt\u0101ji, stabilit\u0101te l\u012bkumos.<\/span><\/span><\/p>\n<p><span style=\"font-family: Arial, sans-serif;\"><span style=\"font-size: medium;\">+ \u012ass bremz\u0113\u0161anas ce\u013c\u0161.<\/span><\/span><\/p>\n<p><span style=\"font-family: Arial, sans-serif;\"><span style=\"font-size: medium;\">+ Degvielas ekonomija, zema rites pretest\u012bba.<\/span><\/span><\/p>\n<p><span style=\"font-family: Arial, sans-serif;\"><span style=\"font-size: medium;\">+ Klusas riepas.<\/span><\/span><\/p>\n<p><span style=\"font-family: Arial, sans-serif;\"><span style=\"font-size: medium;\">+ Augsta triecieniztur\u012bba\u00a0pasarg\u0101s riepu no p\u0101rsi\u0161anas bedr\u0113s.<\/span><\/span><\/p>\n<p><span style=\"font-family: Arial, sans-serif;\"><span style=\"font-size: medium;\">+ Riepas izce\u013c\u0101s ar zemiem dilst\u012bbas r\u0101d\u012bt\u0101jiem, kas noz\u012bm\u0113 daudzu t\u016bksto\u0161u kilometru nobraukumu.<\/span><\/span><\/p>\n<p><span style=\"font-family: Arial, sans-serif;\"><span style=\"font-size: medium;\">+ Dro\u0161a vad\u0101m\u012bb\u0101 gan uz sausa, gan mitra seguma, augsta notur\u012bba pret akvaplan\u0113\u0161anu.<\/span><\/span><\/p>\n<p><span style=\"font-family: Times New Roman, serif;\"><span style=\"font-size: medium;\"><strong><span style=\"font-family: Arial, sans-serif;\">TR918<\/span><\/strong><span style=\"font-family: Arial, sans-serif;\"> protektora \u012bpa\u0161\u012bbas<\/span><\/span><\/span><\/p>\n<p><span style=\"font-family: Arial, sans-serif;\"><span style=\"font-size: medium;\">Izstr\u0101d\u0101jot TR918, in\u017eenieri uztic\u0113j\u0101s datorsimul\u0101cij\u0101m un modern\u0101kajiem digit\u0101lajiem risin\u0101jumiem. T\u0101 piem\u0113ram protektora dizains tika piln\u012bb\u0101 uztic\u0113ts datormodul\u0101cij\u0101m. Pateicoties \u0161iem risin\u0101jumiem, tika sasniegts l\u012bdz \u0161im lab\u0101kais riepas sprieguma sadal\u012bjums ar ce\u013ca kontaktlaukumu! Tas \u013c\u0101va iev\u0113rojami uzlabot vad\u0101m\u012bbu, pie\u0161\u0137irot riepai nemain\u012bgi uzticamu veiktsp\u0113ju, k\u0101 ar\u012b samazin\u0101t rites pretest\u012bbu, t\u0101d\u0113j\u0101di samazinot nodil\u0161anu un degvielas pat\u0113ri\u0146u. \u010cetr\u0101m garenisk\u0101m riev\u0101m centr\u0101laj\u0101 da\u013c\u0101, ir sal\u012bdzino\u0161i liels tilpums, kas \u013cauj t\u0101m \u0101tri izvad\u012bt gandr\u012bz visu \u016bdens daudzumu no saskares laukuma.\u00a0<\/span><\/span><\/p>\n","protected":false},"excerpt":{"rendered":"<p><span style=\"font-family: Times New Roman, serif;\"><span style=\"font-size: medium;\"><strong><span style=\"font-family: Arial, sans-serif;\">Triangle Sport ATP<\/span><\/strong><strong><span style=\"font-family: Arial, sans-serif;\"> TR918<\/span><\/strong><span style=\"font-family: Arial, sans-serif;\"> vasaras riepu modelis, kas paredz\u0113tas uzst\u0101d\u012b\u0161anai uz vieglajiem automobi\u013ciem. Riepas dizains ir izstr\u0101d\u0101ts standarta stil\u0101: asimetriskais protektors ar \u010detr\u0101m plat\u0101m garenisk\u0101m riev\u0101m (\u016bdens l\u012bnijas) un ar platiem s\u0101niem. Laba sa\u0137ere uz sausa un slapja asfalta. Zemi rites pretest\u012bbas r\u0101d\u012bt\u0101ji. Zemi trok\u0161\u0146u l\u012bme\u0146a r\u0101d\u012bt\u0101ji. Protektora z\u012bm\u0113jums, kas izveidots 3D datorsimul\u0101cij\u0101.<\/span><\/span><\/span><\/p>\n","protected":false},"featured_media":868098,"template":"","meta":{"_acf_changed":false,"ngg_post_thumbnail":0},"product_brand":[],"product_cat":[46],"product_tag":[],"class_list":{"0":"post-868099","1":"product","2":"type-product","3":"status-publish","4":"has-post-thumbnail","6":"product_cat-vasaras-riepas","8":"first","9":"instock","10":"sale","11":"taxable","12":"shipping-taxable","13":"product-type-simple"},"acf":[],"yoast_head":"<!-- This site is optimized with the Yoast SEO Premium plugin v22.6 (Yoast SEO v27.3) - https:\/\/yoast.com\/product\/yoast-seo-premium-wordpress\/ -->\n<title>205\/50R15 Triangle Sport ATP TR918 89V RP DOT21 &#8226; MMK Riepas<\/title>\n<meta name=\"robots\" content=\"index, follow, max-snippet:-1, max-image-preview:large, max-video-preview:-1\" \/>\n<link rel=\"canonical\" href=\"https:\/\/mmkriepas.lv\/en\/p\/205-50r15-triangle-sport-atp-tr918-89v-rp-dot21\/\" \/>\n<meta property=\"og:locale\" content=\"en_US\" \/>\n<meta property=\"og:type\" content=\"article\" \/>\n<meta property=\"og:title\" content=\"205\/50R15 Triangle Sport ATP TR918 89V RP DOT21\" \/>\n<meta property=\"og:description\" content=\"Triangle Sport ATP TR918 vasaras riepu modelis, kas paredz\u0113tas uzst\u0101d\u012b\u0161anai uz vieglajiem automobi\u013ciem. Riepas dizains ir izstr\u0101d\u0101ts standarta stil\u0101: asimetriskais protektors ar \u010detr\u0101m plat\u0101m garenisk\u0101m riev\u0101m (\u016bdens l\u012bnijas) un ar platiem s\u0101niem. Laba sa\u0137ere uz sausa un slapja asfalta. Zemi rites pretest\u012bbas r\u0101d\u012bt\u0101ji. Zemi trok\u0161\u0146u l\u012bme\u0146a r\u0101d\u012bt\u0101ji. Protektora z\u012bm\u0113jums, kas izveidots 3D datorsimul\u0101cij\u0101.\" \/>\n<meta property=\"og:url\" content=\"https:\/\/mmkriepas.lv\/en\/p\/205-50r15-triangle-sport-atp-tr918-89v-rp-dot21\/\" \/>\n<meta property=\"og:site_name\" content=\"MMK Riepas\" \/>\n<meta property=\"article:publisher\" content=\"https:\/\/www.facebook.com\/mmkserviss\/\" \/>\n<meta property=\"article:modified_time\" content=\"2024-05-11T11:03:39+00:00\" \/>\n<meta property=\"og:image\" content=\"https:\/\/mmkriepas.lv\/wp-content\/uploads\/2024\/03\/20550r15-triangle-tr918-89v-dot-vasaras-riepas.jpg\" \/>\n\t<meta property=\"og:image:width\" content=\"800\" \/>\n\t<meta property=\"og:image:height\" content=\"800\" \/>\n\t<meta property=\"og:image:type\" content=\"image\/jpeg\" \/>\n<meta name=\"twitter:card\" content=\"summary_large_image\" \/>\n<meta name=\"twitter:label1\" content=\"Price\" \/>\n\t<meta name=\"twitter:data1\" content=\"&euro;40.00\" \/>\n\t<meta name=\"twitter:label2\" content=\"Availability\" \/>\n\t<meta name=\"twitter:data2\" content=\"In stock\" \/>\n<script type=\"application\/ld+json\" class=\"yoast-schema-graph\">{\"@context\":\"https:\\\/\\\/schema.org\",\"@graph\":[{\"@type\":\"WebPage\",\"@id\":\"https:\\\/\\\/mmkriepas.lv\\\/en\\\/p\\\/205-50r15-triangle-sport-atp-tr918-89v-rp-dot21\\\/\",\"url\":\"https:\\\/\\\/mmkriepas.lv\\\/en\\\/p\\\/205-50r15-triangle-sport-atp-tr918-89v-rp-dot21\\\/\",\"name\":\"205\\\/50R15 Triangle Sport ATP TR918 89V RP DOT21 &#8226; MMK Riepas\",\"isPartOf\":{\"@id\":\"https:\\\/\\\/mmkriepas.lv\\\/en\\\/#website\"},\"primaryImageOfPage\":{\"@id\":\"https:\\\/\\\/mmkriepas.lv\\\/en\\\/p\\\/205-50r15-triangle-sport-atp-tr918-89v-rp-dot21\\\/#primaryimage\"},\"image\":{\"@id\":\"https:\\\/\\\/mmkriepas.lv\\\/en\\\/p\\\/205-50r15-triangle-sport-atp-tr918-89v-rp-dot21\\\/#primaryimage\"},\"thumbnailUrl\":\"https:\\\/\\\/mmkriepas.lv\\\/wp-content\\\/uploads\\\/2024\\\/03\\\/20550r15-triangle-tr918-89v-dot-vasaras-riepas.jpg\",\"datePublished\":\"2024-03-02T10:45:48+00:00\",\"dateModified\":\"2024-05-11T11:03:39+00:00\",\"breadcrumb\":{\"@id\":\"https:\\\/\\\/mmkriepas.lv\\\/en\\\/p\\\/205-50r15-triangle-sport-atp-tr918-89v-rp-dot21\\\/#breadcrumb\"},\"inLanguage\":\"en-US\",\"potentialAction\":[{\"@type\":\"ReadAction\",\"target\":[\"https:\\\/\\\/mmkriepas.lv\\\/en\\\/p\\\/205-50r15-triangle-sport-atp-tr918-89v-rp-dot21\\\/\"]}]},{\"@type\":\"ImageObject\",\"inLanguage\":\"en-US\",\"@id\":\"https:\\\/\\\/mmkriepas.lv\\\/en\\\/p\\\/205-50r15-triangle-sport-atp-tr918-89v-rp-dot21\\\/#primaryimage\",\"url\":\"https:\\\/\\\/mmkriepas.lv\\\/wp-content\\\/uploads\\\/2024\\\/03\\\/20550r15-triangle-tr918-89v-dot-vasaras-riepas.jpg\",\"contentUrl\":\"https:\\\/\\\/mmkriepas.lv\\\/wp-content\\\/uploads\\\/2024\\\/03\\\/20550r15-triangle-tr918-89v-dot-vasaras-riepas.jpg\",\"width\":800,\"height\":800,\"caption\":\"205\\\/50R15 TRIANGLE TR918 89V DOT - Vasaras riepas\"},{\"@type\":\"BreadcrumbList\",\"@id\":\"https:\\\/\\\/mmkriepas.lv\\\/en\\\/p\\\/205-50r15-triangle-sport-atp-tr918-89v-rp-dot21\\\/#breadcrumb\",\"itemListElement\":[{\"@type\":\"ListItem\",\"position\":1,\"name\":\"S\u0101kums\",\"item\":\"https:\\\/\\\/mmkriepas.lv\\\/en\\\/\"},{\"@type\":\"ListItem\",\"position\":2,\"name\":\"205\\\/50R15 Triangle Sport ATP TR918 89V RP DOT21\"}]},{\"@type\":\"WebSite\",\"@id\":\"https:\\\/\\\/mmkriepas.lv\\\/en\\\/#website\",\"url\":\"https:\\\/\\\/mmkriepas.lv\\\/en\\\/\",\"name\":\"MMK Riepas\",\"description\":\"MMK Riepas\",\"alternateName\":\"MMK Riepu Serviss\",\"potentialAction\":[{\"@type\":\"SearchAction\",\"target\":{\"@type\":\"EntryPoint\",\"urlTemplate\":\"https:\\\/\\\/mmkriepas.lv\\\/en\\\/?s={search_term_string}\"},\"query-input\":{\"@type\":\"PropertyValueSpecification\",\"valueRequired\":true,\"valueName\":\"search_term_string\"}}],\"inLanguage\":\"en-US\"},{\"@type\":\"ImageObject\",\"inLanguage\":\"en-US\",\"@id\":\"https:\\\/\\\/mmkriepas.lv\\\/en\\\/p\\\/205-50r15-triangle-sport-atp-tr918-89v-rp-dot21\\\/#local-main-organization-logo\",\"url\":\"\",\"contentUrl\":\"\",\"caption\":\"MMK Riepas\"}]}<\/script>\n<meta property=\"product:brand\" content=\"Triangle Sport ATP TR918\" \/>\n<meta property=\"product:price:amount\" content=\"40.00\" \/>\n<meta property=\"product:price:currency\" content=\"EUR\" \/>\n<meta property=\"og:availability\" content=\"instock\" \/>\n<meta property=\"product:availability\" content=\"instock\" \/>\n<meta property=\"product:retailer_item_id\" content=\"TS2055015TRIAN-L34684\" \/>\n<meta property=\"product:condition\" content=\"new\" \/>\n<!-- \/ Yoast SEO Premium plugin. -->","yoast_head_json":{"title":"205\/50R15 Triangle Sport ATP TR918 89V RP DOT21 &#8226; MMK Riepas","robots":{"index":"index","follow":"follow","max-snippet":"max-snippet:-1","max-image-preview":"max-image-preview:large","max-video-preview":"max-video-preview:-1"},"canonical":"https:\/\/mmkriepas.lv\/en\/p\/205-50r15-triangle-sport-atp-tr918-89v-rp-dot21\/","og_locale":"en_US","og_type":"article","og_title":"205\/50R15 Triangle Sport ATP TR918 89V RP DOT21","og_description":"Triangle Sport ATP TR918 vasaras riepu modelis, kas paredz\u0113tas uzst\u0101d\u012b\u0161anai uz vieglajiem automobi\u013ciem. Riepas dizains ir izstr\u0101d\u0101ts standarta stil\u0101: asimetriskais protektors ar \u010detr\u0101m plat\u0101m garenisk\u0101m riev\u0101m (\u016bdens l\u012bnijas) un ar platiem s\u0101niem. Laba sa\u0137ere uz sausa un slapja asfalta. Zemi rites pretest\u012bbas r\u0101d\u012bt\u0101ji. Zemi trok\u0161\u0146u l\u012bme\u0146a r\u0101d\u012bt\u0101ji. Protektora z\u012bm\u0113jums, kas izveidots 3D datorsimul\u0101cij\u0101.","og_url":"https:\/\/mmkriepas.lv\/en\/p\/205-50r15-triangle-sport-atp-tr918-89v-rp-dot21\/","og_site_name":"MMK Riepas","article_publisher":"https:\/\/www.facebook.com\/mmkserviss\/","article_modified_time":"2024-05-11T11:03:39+00:00","og_image":[{"width":800,"height":800,"url":"https:\/\/mmkriepas.lv\/wp-content\/uploads\/2024\/03\/20550r15-triangle-tr918-89v-dot-vasaras-riepas.jpg","type":"image\/jpeg"}],"twitter_card":"summary_large_image","twitter_misc":{"Price":"&euro;40.00","Availability":"In stock"},"schema":{"@context":"https:\/\/schema.org","@graph":[{"@type":"WebPage","@id":"https:\/\/mmkriepas.lv\/en\/p\/205-50r15-triangle-sport-atp-tr918-89v-rp-dot21\/","url":"https:\/\/mmkriepas.lv\/en\/p\/205-50r15-triangle-sport-atp-tr918-89v-rp-dot21\/","name":"205\/50R15 Triangle Sport ATP TR918 89V RP DOT21 &#8226; MMK Riepas","isPartOf":{"@id":"https:\/\/mmkriepas.lv\/en\/#website"},"primaryImageOfPage":{"@id":"https:\/\/mmkriepas.lv\/en\/p\/205-50r15-triangle-sport-atp-tr918-89v-rp-dot21\/#primaryimage"},"image":{"@id":"https:\/\/mmkriepas.lv\/en\/p\/205-50r15-triangle-sport-atp-tr918-89v-rp-dot21\/#primaryimage"},"thumbnailUrl":"https:\/\/mmkriepas.lv\/wp-content\/uploads\/2024\/03\/20550r15-triangle-tr918-89v-dot-vasaras-riepas.jpg","datePublished":"2024-03-02T10:45:48+00:00","dateModified":"2024-05-11T11:03:39+00:00","breadcrumb":{"@id":"https:\/\/mmkriepas.lv\/en\/p\/205-50r15-triangle-sport-atp-tr918-89v-rp-dot21\/#breadcrumb"},"inLanguage":"en-US","potentialAction":[{"@type":"ReadAction","target":["https:\/\/mmkriepas.lv\/en\/p\/205-50r15-triangle-sport-atp-tr918-89v-rp-dot21\/"]}]},{"@type":"ImageObject","inLanguage":"en-US","@id":"https:\/\/mmkriepas.lv\/en\/p\/205-50r15-triangle-sport-atp-tr918-89v-rp-dot21\/#primaryimage","url":"https:\/\/mmkriepas.lv\/wp-content\/uploads\/2024\/03\/20550r15-triangle-tr918-89v-dot-vasaras-riepas.jpg","contentUrl":"https:\/\/mmkriepas.lv\/wp-content\/uploads\/2024\/03\/20550r15-triangle-tr918-89v-dot-vasaras-riepas.jpg","width":800,"height":800,"caption":"205\/50R15 TRIANGLE TR918 89V DOT - Vasaras riepas"},{"@type":"BreadcrumbList","@id":"https:\/\/mmkriepas.lv\/en\/p\/205-50r15-triangle-sport-atp-tr918-89v-rp-dot21\/#breadcrumb","itemListElement":[{"@type":"ListItem","position":1,"name":"S\u0101kums","item":"https:\/\/mmkriepas.lv\/en\/"},{"@type":"ListItem","position":2,"name":"205\/50R15 Triangle Sport ATP TR918 89V RP DOT21"}]},{"@type":"WebSite","@id":"https:\/\/mmkriepas.lv\/en\/#website","url":"https:\/\/mmkriepas.lv\/en\/","name":"MMK Riepas","description":"MMK Riepas","alternateName":"MMK Riepu Serviss","potentialAction":[{"@type":"SearchAction","target":{"@type":"EntryPoint","urlTemplate":"https:\/\/mmkriepas.lv\/en\/?s={search_term_string}"},"query-input":{"@type":"PropertyValueSpecification","valueRequired":true,"valueName":"search_term_string"}}],"inLanguage":"en-US"},{"@type":"ImageObject","inLanguage":"en-US","@id":"https:\/\/mmkriepas.lv\/en\/p\/205-50r15-triangle-sport-atp-tr918-89v-rp-dot21\/#local-main-organization-logo","url":"","contentUrl":"","caption":"MMK Riepas"}]},"product_brand":"Triangle Sport ATP TR918","product_price_amount":"40.00","product_price_currency":"EUR","og_availability":"instock","product_availability":"instock","product_retailer_item_id":"TS2055015TRIAN-L34684","product_condition":"new"},"_links":{"self":[{"href":"https:\/\/mmkriepas.lv\/en\/wp-json\/wp\/v2\/product\/868099","targetHints":{"allow":["GET"]}}],"collection":[{"href":"https:\/\/mmkriepas.lv\/en\/wp-json\/wp\/v2\/product"}],"about":[{"href":"https:\/\/mmkriepas.lv\/en\/wp-json\/wp\/v2\/types\/product"}],"wp:featuredmedia":[{"embeddable":true,"href":"https:\/\/mmkriepas.lv\/en\/wp-json\/wp\/v2\/media\/868098"}],"wp:attachment":[{"href":"https:\/\/mmkriepas.lv\/en\/wp-json\/wp\/v2\/media?parent=868099"}],"wp:term":[{"taxonomy":"product_brand","embeddable":true,"href":"https:\/\/mmkriepas.lv\/en\/wp-json\/wp\/v2\/product_brand?post=868099"},{"taxonomy":"product_cat","embeddable":true,"href":"https:\/\/mmkriepas.lv\/en\/wp-json\/wp\/v2\/product_cat?post=868099"},{"taxonomy":"product_tag","embeddable":true,"href":"https:\/\/mmkriepas.lv\/en\/wp-json\/wp\/v2\/product_tag?post=868099"}],"curies":[{"name":"wp","href":"https:\/\/api.w.org\/{rel}","templated":true}]}}