{"id":866326,"date":"2024-02-27T18:40:16","date_gmt":"2024-02-27T16:40:16","guid":{"rendered":"https:\/\/mmkserviss.lv\/?post_type=product&#038;p=866326"},"modified":"2024-05-23T09:52:03","modified_gmt":"2024-05-23T06:52:03","slug":"255-40r18-giti-gitisport-s1-99y-xl-dot","status":"publish","type":"product","link":"https:\/\/mmkriepas.lv\/en\/p\/255-40r18-giti-gitisport-s1-99y-xl-dot\/","title":{"rendered":"255\/40R18 Giti GitiSport S1 99Y XL DOT"},"content":{"rendered":"<p><span style=\"font-family: Arial, sans-serif;\"><b><span>Giti GitiSport S1<\/span><\/b><span> ir \u013coti labas kvalit\u0101tes, vid\u0113j\u0101 cenu segmenta vasaras riepu modelis. Tas izce\u013cas ar teicamiem brauk\u0161anas komforta un dro\u0161\u012bbas r\u0101d\u012bt\u0101jiem uz asfalta pat lielos brauk\u0161anas \u0101trumos. \u0160is riepu modelis pieejams izm\u0113ru kl\u0101st\u0101 no R16 l\u012bdz R21 un paredz\u0113ts sportiska tipa vieglaj\u0101m automa\u0161\u012bn\u0101m.<\/span><\/span><\/p>\n<h3 class=\"western\"><span style=\"font-family: Arial, sans-serif;\"><span>Giti GitiSport S1 galven\u0101s \u012bpa\u0161\u012bbas<\/span><\/span><\/h3>\n<p><span style=\"font-family: Arial, sans-serif;\"><span>+ Laba sa\u0137ere un manevr\u0113tsp\u0113ja pat lielos brauk\u0161anas \u0101trumos.<br \/>+ Zems akvaplan\u0113\u0161anas risks.<br \/>+ Palielin\u0101ta nodilumiztur\u012bba.<br \/>+ Degvielas ekonomija.<br \/>+ Izteikts akustiskais un brauk\u0161anas gaitas komforts.<br \/>+ Riepas ra\u017eotas ne tikai \u0136\u012bn\u0101 un Indon\u0113zij\u0101, bet ar\u012b ASV.<\/span><\/span><\/p>\n<h3 class=\"western\"><span style=\"font-family: Arial, sans-serif;\"><span>GitiSport S1 apr\u012bkojums<\/span><\/span><\/h3>\n<p><span style=\"font-family: Arial, sans-serif;\"><span>Giti GitiSport S1 vasaras riepas apr\u012bkotas ar sportisku asimetrisko protektora rakstu. \u0160\u0101ds dizains sev\u012b apvieno teicamas dro\u0161\u012bbas un brauk\u0161anas komforta \u012bpa\u0161\u012bbas pat lielos brauk\u0161anas \u0101trumos.<\/span><\/span><\/p>\n<p><span style=\"font-family: Arial, sans-serif;\"><span>Asimetriskais protektors darin\u0101ts no elastrom\u0113riem bag\u0101ta gumijas sakaus\u0113juma. Tam pievienotie elastrom\u0113ri pal\u012bdz riepai veidot sa\u0137eri, k\u0101 ar\u012b uzlabo riepu nodilumizturibu.<\/span><\/span><\/p>\n","protected":false},"excerpt":{"rendered":"<p><span style=\"font-family: Arial, sans-serif;\"><b><span>Giti GitiSport S1<\/span><\/b><span> ir \u013coti labas kvalit\u0101tes, vid\u0113j\u0101 cenu segmenta vasaras riepu modelis. Tas izce\u013cas ar teicamiem brauk\u0161anas komforta un dro\u0161\u012bbas r\u0101d\u012bt\u0101jiem uz asfalta pat lielos brauk\u0161anas \u0101trumos. \u0160is riepu modelis pieejams izm\u0113ru kl\u0101st\u0101 no R16 l\u012bdz R21 un paredz\u0113ts sportiska tipa vieglaj\u0101m automa\u0161\u012bn\u0101m.<\/span><\/span><\/p>\n","protected":false},"featured_media":866325,"template":"","meta":{"_acf_changed":false,"ngg_post_thumbnail":0},"product_brand":[],"product_cat":[46],"product_tag":[],"class_list":{"0":"post-866326","1":"product","2":"type-product","3":"status-publish","4":"has-post-thumbnail","6":"product_cat-vasaras-riepas","8":"first","9":"instock","10":"taxable","11":"shipping-taxable","12":"product-type-simple"},"acf":[],"yoast_head":"<!-- This site is optimized with the Yoast SEO Premium plugin v22.6 (Yoast SEO v27.3) - https:\/\/yoast.com\/product\/yoast-seo-premium-wordpress\/ -->\n<title>255\/40R18 Giti GitiSport S1 99Y XL DOT &#8226; MMK Riepas<\/title>\n<meta name=\"robots\" content=\"index, follow, max-snippet:-1, max-image-preview:large, max-video-preview:-1\" \/>\n<link rel=\"canonical\" href=\"https:\/\/mmkriepas.lv\/en\/p\/255-40r18-giti-gitisport-s1-99y-xl-dot\/\" \/>\n<meta property=\"og:locale\" content=\"en_US\" \/>\n<meta property=\"og:type\" content=\"article\" \/>\n<meta property=\"og:title\" content=\"255\/40R18 Giti GitiSport S1 99Y XL DOT\" \/>\n<meta property=\"og:description\" content=\"Giti GitiSport S1 ir \u013coti labas kvalit\u0101tes, vid\u0113j\u0101 cenu segmenta vasaras riepu modelis. Tas izce\u013cas ar teicamiem brauk\u0161anas komforta un dro\u0161\u012bbas r\u0101d\u012bt\u0101jiem uz asfalta pat lielos brauk\u0161anas \u0101trumos. \u0160is riepu modelis pieejams izm\u0113ru kl\u0101st\u0101 no R16 l\u012bdz R21 un paredz\u0113ts sportiska tipa vieglaj\u0101m automa\u0161\u012bn\u0101m.\" \/>\n<meta property=\"og:url\" content=\"https:\/\/mmkriepas.lv\/en\/p\/255-40r18-giti-gitisport-s1-99y-xl-dot\/\" \/>\n<meta property=\"og:site_name\" content=\"MMK Riepas\" \/>\n<meta property=\"article:publisher\" content=\"https:\/\/www.facebook.com\/mmkserviss\/\" \/>\n<meta property=\"article:modified_time\" content=\"2024-05-23T06:52:03+00:00\" \/>\n<meta property=\"og:image\" content=\"https:\/\/mmkriepas.lv\/wp-content\/uploads\/2024\/02\/25540r18-giti-gitisport-s1-99y-xl-dot-vasaras-riepas.jpg\" \/>\n\t<meta property=\"og:image:width\" content=\"800\" \/>\n\t<meta property=\"og:image:height\" content=\"800\" \/>\n\t<meta property=\"og:image:type\" content=\"image\/jpeg\" \/>\n<meta name=\"twitter:card\" content=\"summary_large_image\" \/>\n<meta name=\"twitter:label1\" content=\"Price\" \/>\n\t<meta name=\"twitter:data1\" content=\"&euro;109.00\" \/>\n\t<meta name=\"twitter:label2\" content=\"Availability\" \/>\n\t<meta name=\"twitter:data2\" content=\"In stock\" \/>\n<script type=\"application\/ld+json\" class=\"yoast-schema-graph\">{\"@context\":\"https:\\\/\\\/schema.org\",\"@graph\":[{\"@type\":\"WebPage\",\"@id\":\"https:\\\/\\\/mmkriepas.lv\\\/en\\\/p\\\/255-40r18-giti-gitisport-s1-99y-xl-dot\\\/\",\"url\":\"https:\\\/\\\/mmkriepas.lv\\\/en\\\/p\\\/255-40r18-giti-gitisport-s1-99y-xl-dot\\\/\",\"name\":\"255\\\/40R18 Giti GitiSport S1 99Y XL DOT &#8226; MMK Riepas\",\"isPartOf\":{\"@id\":\"https:\\\/\\\/mmkriepas.lv\\\/en\\\/#website\"},\"primaryImageOfPage\":{\"@id\":\"https:\\\/\\\/mmkriepas.lv\\\/en\\\/p\\\/255-40r18-giti-gitisport-s1-99y-xl-dot\\\/#primaryimage\"},\"image\":{\"@id\":\"https:\\\/\\\/mmkriepas.lv\\\/en\\\/p\\\/255-40r18-giti-gitisport-s1-99y-xl-dot\\\/#primaryimage\"},\"thumbnailUrl\":\"https:\\\/\\\/mmkriepas.lv\\\/wp-content\\\/uploads\\\/2024\\\/02\\\/25540r18-giti-gitisport-s1-99y-xl-dot-vasaras-riepas.jpg\",\"datePublished\":\"2024-02-27T16:40:16+00:00\",\"dateModified\":\"2024-05-23T06:52:03+00:00\",\"breadcrumb\":{\"@id\":\"https:\\\/\\\/mmkriepas.lv\\\/en\\\/p\\\/255-40r18-giti-gitisport-s1-99y-xl-dot\\\/#breadcrumb\"},\"inLanguage\":\"en-US\",\"potentialAction\":[{\"@type\":\"ReadAction\",\"target\":[\"https:\\\/\\\/mmkriepas.lv\\\/en\\\/p\\\/255-40r18-giti-gitisport-s1-99y-xl-dot\\\/\"]}]},{\"@type\":\"ImageObject\",\"inLanguage\":\"en-US\",\"@id\":\"https:\\\/\\\/mmkriepas.lv\\\/en\\\/p\\\/255-40r18-giti-gitisport-s1-99y-xl-dot\\\/#primaryimage\",\"url\":\"https:\\\/\\\/mmkriepas.lv\\\/wp-content\\\/uploads\\\/2024\\\/02\\\/25540r18-giti-gitisport-s1-99y-xl-dot-vasaras-riepas.jpg\",\"contentUrl\":\"https:\\\/\\\/mmkriepas.lv\\\/wp-content\\\/uploads\\\/2024\\\/02\\\/25540r18-giti-gitisport-s1-99y-xl-dot-vasaras-riepas.jpg\",\"width\":800,\"height\":800,\"caption\":\"255\\\/40R18 GITI GITISPORT S1 99Y XL DOT - Vasaras riepas\"},{\"@type\":\"BreadcrumbList\",\"@id\":\"https:\\\/\\\/mmkriepas.lv\\\/en\\\/p\\\/255-40r18-giti-gitisport-s1-99y-xl-dot\\\/#breadcrumb\",\"itemListElement\":[{\"@type\":\"ListItem\",\"position\":1,\"name\":\"S\u0101kums\",\"item\":\"https:\\\/\\\/mmkriepas.lv\\\/en\\\/\"},{\"@type\":\"ListItem\",\"position\":2,\"name\":\"255\\\/40R18 Giti GitiSport S1 99Y XL DOT\"}]},{\"@type\":\"WebSite\",\"@id\":\"https:\\\/\\\/mmkriepas.lv\\\/en\\\/#website\",\"url\":\"https:\\\/\\\/mmkriepas.lv\\\/en\\\/\",\"name\":\"MMK Riepas\",\"description\":\"MMK Riepas\",\"alternateName\":\"MMK Riepu Serviss\",\"potentialAction\":[{\"@type\":\"SearchAction\",\"target\":{\"@type\":\"EntryPoint\",\"urlTemplate\":\"https:\\\/\\\/mmkriepas.lv\\\/en\\\/?s={search_term_string}\"},\"query-input\":{\"@type\":\"PropertyValueSpecification\",\"valueRequired\":true,\"valueName\":\"search_term_string\"}}],\"inLanguage\":\"en-US\"},{\"@type\":\"ImageObject\",\"inLanguage\":\"en-US\",\"@id\":\"https:\\\/\\\/mmkriepas.lv\\\/en\\\/p\\\/255-40r18-giti-gitisport-s1-99y-xl-dot\\\/#local-main-organization-logo\",\"url\":\"\",\"contentUrl\":\"\",\"caption\":\"MMK Riepas\"}]}<\/script>\n<meta property=\"product:brand\" content=\"Giti GitiSport S1\" \/>\n<meta property=\"product:price:amount\" content=\"109.00\" \/>\n<meta property=\"product:price:currency\" content=\"EUR\" \/>\n<meta property=\"og:availability\" content=\"instock\" \/>\n<meta property=\"product:availability\" content=\"instock\" \/>\n<meta property=\"product:retailer_item_id\" content=\"TS2554018GITI-L33980\" \/>\n<meta property=\"product:condition\" content=\"new\" \/>\n<!-- \/ Yoast SEO Premium plugin. -->","yoast_head_json":{"title":"255\/40R18 Giti GitiSport S1 99Y XL DOT &#8226; MMK Riepas","robots":{"index":"index","follow":"follow","max-snippet":"max-snippet:-1","max-image-preview":"max-image-preview:large","max-video-preview":"max-video-preview:-1"},"canonical":"https:\/\/mmkriepas.lv\/en\/p\/255-40r18-giti-gitisport-s1-99y-xl-dot\/","og_locale":"en_US","og_type":"article","og_title":"255\/40R18 Giti GitiSport S1 99Y XL DOT","og_description":"Giti GitiSport S1 ir \u013coti labas kvalit\u0101tes, vid\u0113j\u0101 cenu segmenta vasaras riepu modelis. Tas izce\u013cas ar teicamiem brauk\u0161anas komforta un dro\u0161\u012bbas r\u0101d\u012bt\u0101jiem uz asfalta pat lielos brauk\u0161anas \u0101trumos. \u0160is riepu modelis pieejams izm\u0113ru kl\u0101st\u0101 no R16 l\u012bdz R21 un paredz\u0113ts sportiska tipa vieglaj\u0101m automa\u0161\u012bn\u0101m.","og_url":"https:\/\/mmkriepas.lv\/en\/p\/255-40r18-giti-gitisport-s1-99y-xl-dot\/","og_site_name":"MMK Riepas","article_publisher":"https:\/\/www.facebook.com\/mmkserviss\/","article_modified_time":"2024-05-23T06:52:03+00:00","og_image":[{"width":800,"height":800,"url":"https:\/\/mmkriepas.lv\/wp-content\/uploads\/2024\/02\/25540r18-giti-gitisport-s1-99y-xl-dot-vasaras-riepas.jpg","type":"image\/jpeg"}],"twitter_card":"summary_large_image","twitter_misc":{"Price":"&euro;109.00","Availability":"In stock"},"schema":{"@context":"https:\/\/schema.org","@graph":[{"@type":"WebPage","@id":"https:\/\/mmkriepas.lv\/en\/p\/255-40r18-giti-gitisport-s1-99y-xl-dot\/","url":"https:\/\/mmkriepas.lv\/en\/p\/255-40r18-giti-gitisport-s1-99y-xl-dot\/","name":"255\/40R18 Giti GitiSport S1 99Y XL DOT &#8226; MMK Riepas","isPartOf":{"@id":"https:\/\/mmkriepas.lv\/en\/#website"},"primaryImageOfPage":{"@id":"https:\/\/mmkriepas.lv\/en\/p\/255-40r18-giti-gitisport-s1-99y-xl-dot\/#primaryimage"},"image":{"@id":"https:\/\/mmkriepas.lv\/en\/p\/255-40r18-giti-gitisport-s1-99y-xl-dot\/#primaryimage"},"thumbnailUrl":"https:\/\/mmkriepas.lv\/wp-content\/uploads\/2024\/02\/25540r18-giti-gitisport-s1-99y-xl-dot-vasaras-riepas.jpg","datePublished":"2024-02-27T16:40:16+00:00","dateModified":"2024-05-23T06:52:03+00:00","breadcrumb":{"@id":"https:\/\/mmkriepas.lv\/en\/p\/255-40r18-giti-gitisport-s1-99y-xl-dot\/#breadcrumb"},"inLanguage":"en-US","potentialAction":[{"@type":"ReadAction","target":["https:\/\/mmkriepas.lv\/en\/p\/255-40r18-giti-gitisport-s1-99y-xl-dot\/"]}]},{"@type":"ImageObject","inLanguage":"en-US","@id":"https:\/\/mmkriepas.lv\/en\/p\/255-40r18-giti-gitisport-s1-99y-xl-dot\/#primaryimage","url":"https:\/\/mmkriepas.lv\/wp-content\/uploads\/2024\/02\/25540r18-giti-gitisport-s1-99y-xl-dot-vasaras-riepas.jpg","contentUrl":"https:\/\/mmkriepas.lv\/wp-content\/uploads\/2024\/02\/25540r18-giti-gitisport-s1-99y-xl-dot-vasaras-riepas.jpg","width":800,"height":800,"caption":"255\/40R18 GITI GITISPORT S1 99Y XL DOT - Vasaras riepas"},{"@type":"BreadcrumbList","@id":"https:\/\/mmkriepas.lv\/en\/p\/255-40r18-giti-gitisport-s1-99y-xl-dot\/#breadcrumb","itemListElement":[{"@type":"ListItem","position":1,"name":"S\u0101kums","item":"https:\/\/mmkriepas.lv\/en\/"},{"@type":"ListItem","position":2,"name":"255\/40R18 Giti GitiSport S1 99Y XL DOT"}]},{"@type":"WebSite","@id":"https:\/\/mmkriepas.lv\/en\/#website","url":"https:\/\/mmkriepas.lv\/en\/","name":"MMK Riepas","description":"MMK Riepas","alternateName":"MMK Riepu Serviss","potentialAction":[{"@type":"SearchAction","target":{"@type":"EntryPoint","urlTemplate":"https:\/\/mmkriepas.lv\/en\/?s={search_term_string}"},"query-input":{"@type":"PropertyValueSpecification","valueRequired":true,"valueName":"search_term_string"}}],"inLanguage":"en-US"},{"@type":"ImageObject","inLanguage":"en-US","@id":"https:\/\/mmkriepas.lv\/en\/p\/255-40r18-giti-gitisport-s1-99y-xl-dot\/#local-main-organization-logo","url":"","contentUrl":"","caption":"MMK Riepas"}]},"product_brand":"Giti GitiSport S1","product_price_amount":"109.00","product_price_currency":"EUR","og_availability":"instock","product_availability":"instock","product_retailer_item_id":"TS2554018GITI-L33980","product_condition":"new"},"_links":{"self":[{"href":"https:\/\/mmkriepas.lv\/en\/wp-json\/wp\/v2\/product\/866326","targetHints":{"allow":["GET"]}}],"collection":[{"href":"https:\/\/mmkriepas.lv\/en\/wp-json\/wp\/v2\/product"}],"about":[{"href":"https:\/\/mmkriepas.lv\/en\/wp-json\/wp\/v2\/types\/product"}],"wp:featuredmedia":[{"embeddable":true,"href":"https:\/\/mmkriepas.lv\/en\/wp-json\/wp\/v2\/media\/866325"}],"wp:attachment":[{"href":"https:\/\/mmkriepas.lv\/en\/wp-json\/wp\/v2\/media?parent=866326"}],"wp:term":[{"taxonomy":"product_brand","embeddable":true,"href":"https:\/\/mmkriepas.lv\/en\/wp-json\/wp\/v2\/product_brand?post=866326"},{"taxonomy":"product_cat","embeddable":true,"href":"https:\/\/mmkriepas.lv\/en\/wp-json\/wp\/v2\/product_cat?post=866326"},{"taxonomy":"product_tag","embeddable":true,"href":"https:\/\/mmkriepas.lv\/en\/wp-json\/wp\/v2\/product_tag?post=866326"}],"curies":[{"name":"wp","href":"https:\/\/api.w.org\/{rel}","templated":true}]}}