{"id":865194,"date":"2024-02-26T18:21:13","date_gmt":"2024-02-26T16:21:13","guid":{"rendered":"https:\/\/mmkserviss.lv\/?post_type=product&#038;p=865194"},"modified":"2026-03-22T11:48:31","modified_gmt":"2026-03-22T09:48:31","slug":"235-55r20-yokohama-geolandar-cv-g058-102v","status":"publish","type":"product","link":"https:\/\/mmkriepas.lv\/en\/p\/235-55r20-yokohama-geolandar-cv-g058-102v\/","title":{"rendered":"235\/55R20 Yokohama GEOLANDAR CV G058 102V"},"content":{"rendered":"<p><strong>Yokohama GEOLANDAR CV G058\u00a0<\/strong>ir teicamas kvalit\u0101tes, Jap\u0101\u0146u premium klases riepu modelis. Tas izce\u013cas ar teicamiem brauk\u0161anas komforta un sa\u0137eres r\u0101d\u012bt\u0101jiem gan uz sausa, gan slapja asfalta, k\u0101 ar\u012b uz grants ce\u013ciem. \u0160is riepu modelis pieder High-Terrain riepu segmentam un ir izcili piem\u0113rots tiem satiksmes dal\u012bbniekiem, kas ikdien\u0101 p\u0101rvietojas ne tikai pa asfaltu, bet ar\u012b pa grants vai me\u017ea ce\u013ciem. Tas pieejams pla\u0161\u0101 izm\u0113ru kl\u0101st\u0101 no R15 l\u012bdz pat R20 un paredz\u0113ts uzst\u0101d\u012b\u0161anai apvidus automa\u0161\u012bn\u0101m jeb SUV.<\/p>\n<h3><strong>Yokohama GEOLANDAR CV G058 galven\u0101s \u012bpa\u0161\u012bbas<\/strong><\/h3>\n<p>+ Teicama sa\u0137ere uz sausa un slapja asfalta, k\u0101 ar\u012b uz grants ce\u013ciem.<br \/>+ Palielin\u0101ta nodilumiztur\u012bba.<br \/>+ \u013boti zems akvaplan\u0113\u0161anas risks pat lielos brauk\u0161anas \u0101trumos.<br \/>+ Izcils akustiskais komforts, sal\u012bdzin\u0101jum\u0101 ar citiem High-Terrain riepu mode\u013ciem.<br \/>+ Jaun\u0101k\u0101s riepu giganta Yokohama tehnolo\u0123ijas.<\/p>\n<h3><strong>GEOLANDAR CV G058 apr\u012bkojums<\/strong><\/h3>\n<p><strong>Yokohama GEOLANDAR CV G058\u00a0<\/strong>vasaras High-Terrain riepas apr\u012bkotas ar sal\u012bdzino\u0161i rupju asimetrisko protektora rakstu. \u0160\u0101ds dizains sev\u012b apvieno teicamas sa\u0137eres \u012bpa\u0161\u012bbas gan uz asfalta, gan ar\u012b grants vai me\u017ea ce\u013ciem. Turkl\u0101t, palielin\u0101ts \u016bdens izvadkan\u0101lu skaits nodro\u0161ina ar\u012b zem\u0101ku akvaplan\u0113\u0161anas risku pat lielos brauk\u0161anas \u0101trumos.<\/p>\n<p>Asimetriski izvietotie protektora bloki novietoti p\u0113c \u012bpa\u0161as Yokohama tehnolo\u0123ijas, kas \u013cauj, nezaud\u0113jot akustisko komfortu (zemu trok\u0161\u0146a l\u012bmeni), saglab\u0101t augstu veiktsp\u0113ju uz irden\u0101m ce\u013ca virsm\u0101m &#8211; smilt\u012bm, grants vai zemes ce\u013ciem.<\/p>\n<p>\u0160\u012b riepu mode\u013ca protektoram palielin\u0101ts ne tikai protektora bloku skaits, bet ar\u012b sa\u0137eres laukums ar ce\u013cu. Tas vienlaikus sa\u012bsina gan bremz\u0113\u0161anas ce\u013cu, gan uzlabo ar\u012b riepu nodilumiztur\u012bbu.<\/p>\n","protected":false},"excerpt":{"rendered":"<p><strong>Yokohama GEOLANDAR CV G058\u00a0<\/strong>ir teicamas kvalit\u0101tes, Jap\u0101\u0146u premium klases riepu modelis. Tas izce\u013cas ar teicamiem brauk\u0161anas komforta un sa\u0137eres r\u0101d\u012bt\u0101jiem gan uz sausa, gan slapja asfalta, k\u0101 ar\u012b uz grants ce\u013ciem. \u0160is riepu modelis pieder High-Terrain riepu segmentam un ir izcili piem\u0113rots tiem satiksmes dal\u012bbniekiem, kas ikdien\u0101 p\u0101rvietojas ne tikai pa asfaltu, bet ar\u012b pa grants vai me\u017ea ce\u013ciem. Tas pieejams pla\u0161\u0101 izm\u0113ru kl\u0101st\u0101 no R15 l\u012bdz pat R20 un paredz\u0113ts uzst\u0101d\u012b\u0161anai apvidus automa\u0161\u012bn\u0101m jeb SUV.<\/p>\n","protected":false},"featured_media":1194980,"template":"","meta":{"_acf_changed":false,"ngg_post_thumbnail":0},"product_brand":[],"product_cat":[46],"product_tag":[],"class_list":{"0":"post-865194","1":"product","2":"type-product","3":"status-publish","4":"has-post-thumbnail","6":"product_cat-vasaras-riepas","8":"first","9":"instock","10":"sale","11":"taxable","12":"shipping-taxable","13":"purchasable","14":"product-type-simple"},"acf":[],"yoast_head":"<!-- This site is optimized with the Yoast SEO Premium plugin v22.6 (Yoast SEO v27.3) - https:\/\/yoast.com\/product\/yoast-seo-premium-wordpress\/ -->\n<title>235\/55R20 Yokohama GEOLANDAR CV G058 102V &#8226; MMK Riepas<\/title>\n<meta name=\"robots\" content=\"index, follow, max-snippet:-1, max-image-preview:large, max-video-preview:-1\" \/>\n<link rel=\"canonical\" href=\"https:\/\/mmkriepas.lv\/en\/p\/235-55r20-yokohama-geolandar-cv-g058-102v\/\" \/>\n<meta property=\"og:locale\" content=\"en_US\" \/>\n<meta property=\"og:type\" content=\"article\" \/>\n<meta property=\"og:title\" content=\"235\/55R20 Yokohama GEOLANDAR CV G058 102V\" \/>\n<meta property=\"og:description\" content=\"Yokohama GEOLANDAR CV G058\u00a0ir teicamas kvalit\u0101tes, Jap\u0101\u0146u premium klases riepu modelis. Tas izce\u013cas ar teicamiem brauk\u0161anas komforta un sa\u0137eres r\u0101d\u012bt\u0101jiem gan uz sausa, gan slapja asfalta, k\u0101 ar\u012b uz grants ce\u013ciem. \u0160is riepu modelis pieder High-Terrain riepu segmentam un ir izcili piem\u0113rots tiem satiksmes dal\u012bbniekiem, kas ikdien\u0101 p\u0101rvietojas ne tikai pa asfaltu, bet ar\u012b pa grants vai me\u017ea ce\u013ciem. Tas pieejams pla\u0161\u0101 izm\u0113ru kl\u0101st\u0101 no R15 l\u012bdz pat R20 un paredz\u0113ts uzst\u0101d\u012b\u0161anai apvidus automa\u0161\u012bn\u0101m jeb SUV.\" \/>\n<meta property=\"og:url\" content=\"https:\/\/mmkriepas.lv\/en\/p\/235-55r20-yokohama-geolandar-cv-g058-102v\/\" \/>\n<meta property=\"og:site_name\" content=\"MMK Riepas\" \/>\n<meta property=\"article:publisher\" content=\"https:\/\/www.facebook.com\/mmkserviss\/\" \/>\n<meta property=\"article:modified_time\" content=\"2026-03-22T09:48:31+00:00\" \/>\n<meta property=\"og:image\" content=\"https:\/\/mmkriepas.lv\/wp-content\/uploads\/2025\/03\/20570r15-yokohama-geolandar-cv-g058-96h-vasaras-riepas.jpg\" \/>\n\t<meta property=\"og:image:width\" content=\"900\" \/>\n\t<meta property=\"og:image:height\" content=\"720\" \/>\n\t<meta property=\"og:image:type\" content=\"image\/jpeg\" \/>\n<meta name=\"twitter:card\" content=\"summary_large_image\" \/>\n<meta name=\"twitter:label1\" content=\"Price\" \/>\n\t<meta name=\"twitter:data1\" content=\"&euro;179.00\" \/>\n\t<meta name=\"twitter:label2\" content=\"Availability\" \/>\n\t<meta name=\"twitter:data2\" content=\"In stock\" \/>\n<script type=\"application\/ld+json\" class=\"yoast-schema-graph\">{\"@context\":\"https:\\\/\\\/schema.org\",\"@graph\":[{\"@type\":\"WebPage\",\"@id\":\"https:\\\/\\\/mmkriepas.lv\\\/en\\\/p\\\/235-55r20-yokohama-geolandar-cv-g058-102v\\\/\",\"url\":\"https:\\\/\\\/mmkriepas.lv\\\/en\\\/p\\\/235-55r20-yokohama-geolandar-cv-g058-102v\\\/\",\"name\":\"235\\\/55R20 Yokohama GEOLANDAR CV G058 102V &#8226; MMK Riepas\",\"isPartOf\":{\"@id\":\"https:\\\/\\\/mmkriepas.lv\\\/en\\\/#website\"},\"primaryImageOfPage\":{\"@id\":\"https:\\\/\\\/mmkriepas.lv\\\/en\\\/p\\\/235-55r20-yokohama-geolandar-cv-g058-102v\\\/#primaryimage\"},\"image\":{\"@id\":\"https:\\\/\\\/mmkriepas.lv\\\/en\\\/p\\\/235-55r20-yokohama-geolandar-cv-g058-102v\\\/#primaryimage\"},\"thumbnailUrl\":\"https:\\\/\\\/mmkriepas.lv\\\/wp-content\\\/uploads\\\/2025\\\/03\\\/20570r15-yokohama-geolandar-cv-g058-96h-vasaras-riepas.jpg\",\"datePublished\":\"2024-02-26T16:21:13+00:00\",\"dateModified\":\"2026-03-22T09:48:31+00:00\",\"breadcrumb\":{\"@id\":\"https:\\\/\\\/mmkriepas.lv\\\/en\\\/p\\\/235-55r20-yokohama-geolandar-cv-g058-102v\\\/#breadcrumb\"},\"inLanguage\":\"en-US\",\"potentialAction\":[{\"@type\":\"ReadAction\",\"target\":[\"https:\\\/\\\/mmkriepas.lv\\\/en\\\/p\\\/235-55r20-yokohama-geolandar-cv-g058-102v\\\/\"]}]},{\"@type\":\"ImageObject\",\"inLanguage\":\"en-US\",\"@id\":\"https:\\\/\\\/mmkriepas.lv\\\/en\\\/p\\\/235-55r20-yokohama-geolandar-cv-g058-102v\\\/#primaryimage\",\"url\":\"https:\\\/\\\/mmkriepas.lv\\\/wp-content\\\/uploads\\\/2025\\\/03\\\/20570r15-yokohama-geolandar-cv-g058-96h-vasaras-riepas.jpg\",\"contentUrl\":\"https:\\\/\\\/mmkriepas.lv\\\/wp-content\\\/uploads\\\/2025\\\/03\\\/20570r15-yokohama-geolandar-cv-g058-96h-vasaras-riepas.jpg\",\"width\":900,\"height\":720,\"caption\":\"MAIN\"},{\"@type\":\"BreadcrumbList\",\"@id\":\"https:\\\/\\\/mmkriepas.lv\\\/en\\\/p\\\/235-55r20-yokohama-geolandar-cv-g058-102v\\\/#breadcrumb\",\"itemListElement\":[{\"@type\":\"ListItem\",\"position\":1,\"name\":\"S\u0101kums\",\"item\":\"https:\\\/\\\/mmkriepas.lv\\\/en\\\/\"},{\"@type\":\"ListItem\",\"position\":2,\"name\":\"235\\\/55R20 Yokohama GEOLANDAR CV G058 102V\"}]},{\"@type\":\"WebSite\",\"@id\":\"https:\\\/\\\/mmkriepas.lv\\\/en\\\/#website\",\"url\":\"https:\\\/\\\/mmkriepas.lv\\\/en\\\/\",\"name\":\"MMK Riepas\",\"description\":\"MMK Riepas\",\"alternateName\":\"MMK Riepu Serviss\",\"potentialAction\":[{\"@type\":\"SearchAction\",\"target\":{\"@type\":\"EntryPoint\",\"urlTemplate\":\"https:\\\/\\\/mmkriepas.lv\\\/en\\\/?s={search_term_string}\"},\"query-input\":{\"@type\":\"PropertyValueSpecification\",\"valueRequired\":true,\"valueName\":\"search_term_string\"}}],\"inLanguage\":\"en-US\"},{\"@type\":\"ImageObject\",\"inLanguage\":\"en-US\",\"@id\":\"https:\\\/\\\/mmkriepas.lv\\\/en\\\/p\\\/235-55r20-yokohama-geolandar-cv-g058-102v\\\/#local-main-organization-logo\",\"url\":\"\",\"contentUrl\":\"\",\"caption\":\"MMK Riepas\"}]}<\/script>\n<meta property=\"product:brand\" content=\"Yokohama GEOLANDAR CV G058\" \/>\n<meta property=\"product:price:amount\" content=\"179.00\" \/>\n<meta property=\"product:price:currency\" content=\"EUR\" \/>\n<meta property=\"og:availability\" content=\"instock\" \/>\n<meta property=\"product:availability\" content=\"instock\" \/>\n<meta property=\"product:retailer_item_id\" content=\"TS2355520Yokoh-E33936\" \/>\n<meta property=\"product:condition\" content=\"new\" \/>\n<!-- \/ Yoast SEO Premium plugin. -->","yoast_head_json":{"title":"235\/55R20 Yokohama GEOLANDAR CV G058 102V &#8226; MMK Riepas","robots":{"index":"index","follow":"follow","max-snippet":"max-snippet:-1","max-image-preview":"max-image-preview:large","max-video-preview":"max-video-preview:-1"},"canonical":"https:\/\/mmkriepas.lv\/en\/p\/235-55r20-yokohama-geolandar-cv-g058-102v\/","og_locale":"en_US","og_type":"article","og_title":"235\/55R20 Yokohama GEOLANDAR CV G058 102V","og_description":"Yokohama GEOLANDAR CV G058\u00a0ir teicamas kvalit\u0101tes, Jap\u0101\u0146u premium klases riepu modelis. Tas izce\u013cas ar teicamiem brauk\u0161anas komforta un sa\u0137eres r\u0101d\u012bt\u0101jiem gan uz sausa, gan slapja asfalta, k\u0101 ar\u012b uz grants ce\u013ciem. \u0160is riepu modelis pieder High-Terrain riepu segmentam un ir izcili piem\u0113rots tiem satiksmes dal\u012bbniekiem, kas ikdien\u0101 p\u0101rvietojas ne tikai pa asfaltu, bet ar\u012b pa grants vai me\u017ea ce\u013ciem. Tas pieejams pla\u0161\u0101 izm\u0113ru kl\u0101st\u0101 no R15 l\u012bdz pat R20 un paredz\u0113ts uzst\u0101d\u012b\u0161anai apvidus automa\u0161\u012bn\u0101m jeb SUV.","og_url":"https:\/\/mmkriepas.lv\/en\/p\/235-55r20-yokohama-geolandar-cv-g058-102v\/","og_site_name":"MMK Riepas","article_publisher":"https:\/\/www.facebook.com\/mmkserviss\/","article_modified_time":"2026-03-22T09:48:31+00:00","og_image":[{"width":900,"height":720,"url":"https:\/\/mmkriepas.lv\/wp-content\/uploads\/2025\/03\/20570r15-yokohama-geolandar-cv-g058-96h-vasaras-riepas.jpg","type":"image\/jpeg"}],"twitter_card":"summary_large_image","twitter_misc":{"Price":"&euro;179.00","Availability":"In stock"},"schema":{"@context":"https:\/\/schema.org","@graph":[{"@type":"WebPage","@id":"https:\/\/mmkriepas.lv\/en\/p\/235-55r20-yokohama-geolandar-cv-g058-102v\/","url":"https:\/\/mmkriepas.lv\/en\/p\/235-55r20-yokohama-geolandar-cv-g058-102v\/","name":"235\/55R20 Yokohama GEOLANDAR CV G058 102V &#8226; MMK Riepas","isPartOf":{"@id":"https:\/\/mmkriepas.lv\/en\/#website"},"primaryImageOfPage":{"@id":"https:\/\/mmkriepas.lv\/en\/p\/235-55r20-yokohama-geolandar-cv-g058-102v\/#primaryimage"},"image":{"@id":"https:\/\/mmkriepas.lv\/en\/p\/235-55r20-yokohama-geolandar-cv-g058-102v\/#primaryimage"},"thumbnailUrl":"https:\/\/mmkriepas.lv\/wp-content\/uploads\/2025\/03\/20570r15-yokohama-geolandar-cv-g058-96h-vasaras-riepas.jpg","datePublished":"2024-02-26T16:21:13+00:00","dateModified":"2026-03-22T09:48:31+00:00","breadcrumb":{"@id":"https:\/\/mmkriepas.lv\/en\/p\/235-55r20-yokohama-geolandar-cv-g058-102v\/#breadcrumb"},"inLanguage":"en-US","potentialAction":[{"@type":"ReadAction","target":["https:\/\/mmkriepas.lv\/en\/p\/235-55r20-yokohama-geolandar-cv-g058-102v\/"]}]},{"@type":"ImageObject","inLanguage":"en-US","@id":"https:\/\/mmkriepas.lv\/en\/p\/235-55r20-yokohama-geolandar-cv-g058-102v\/#primaryimage","url":"https:\/\/mmkriepas.lv\/wp-content\/uploads\/2025\/03\/20570r15-yokohama-geolandar-cv-g058-96h-vasaras-riepas.jpg","contentUrl":"https:\/\/mmkriepas.lv\/wp-content\/uploads\/2025\/03\/20570r15-yokohama-geolandar-cv-g058-96h-vasaras-riepas.jpg","width":900,"height":720,"caption":"MAIN"},{"@type":"BreadcrumbList","@id":"https:\/\/mmkriepas.lv\/en\/p\/235-55r20-yokohama-geolandar-cv-g058-102v\/#breadcrumb","itemListElement":[{"@type":"ListItem","position":1,"name":"S\u0101kums","item":"https:\/\/mmkriepas.lv\/en\/"},{"@type":"ListItem","position":2,"name":"235\/55R20 Yokohama GEOLANDAR CV G058 102V"}]},{"@type":"WebSite","@id":"https:\/\/mmkriepas.lv\/en\/#website","url":"https:\/\/mmkriepas.lv\/en\/","name":"MMK Riepas","description":"MMK Riepas","alternateName":"MMK Riepu Serviss","potentialAction":[{"@type":"SearchAction","target":{"@type":"EntryPoint","urlTemplate":"https:\/\/mmkriepas.lv\/en\/?s={search_term_string}"},"query-input":{"@type":"PropertyValueSpecification","valueRequired":true,"valueName":"search_term_string"}}],"inLanguage":"en-US"},{"@type":"ImageObject","inLanguage":"en-US","@id":"https:\/\/mmkriepas.lv\/en\/p\/235-55r20-yokohama-geolandar-cv-g058-102v\/#local-main-organization-logo","url":"","contentUrl":"","caption":"MMK Riepas"}]},"product_brand":"Yokohama GEOLANDAR CV G058","product_price_amount":"179.00","product_price_currency":"EUR","og_availability":"instock","product_availability":"instock","product_retailer_item_id":"TS2355520Yokoh-E33936","product_condition":"new"},"_links":{"self":[{"href":"https:\/\/mmkriepas.lv\/en\/wp-json\/wp\/v2\/product\/865194","targetHints":{"allow":["GET"]}}],"collection":[{"href":"https:\/\/mmkriepas.lv\/en\/wp-json\/wp\/v2\/product"}],"about":[{"href":"https:\/\/mmkriepas.lv\/en\/wp-json\/wp\/v2\/types\/product"}],"wp:featuredmedia":[{"embeddable":true,"href":"https:\/\/mmkriepas.lv\/en\/wp-json\/wp\/v2\/media\/1194980"}],"wp:attachment":[{"href":"https:\/\/mmkriepas.lv\/en\/wp-json\/wp\/v2\/media?parent=865194"}],"wp:term":[{"taxonomy":"product_brand","embeddable":true,"href":"https:\/\/mmkriepas.lv\/en\/wp-json\/wp\/v2\/product_brand?post=865194"},{"taxonomy":"product_cat","embeddable":true,"href":"https:\/\/mmkriepas.lv\/en\/wp-json\/wp\/v2\/product_cat?post=865194"},{"taxonomy":"product_tag","embeddable":true,"href":"https:\/\/mmkriepas.lv\/en\/wp-json\/wp\/v2\/product_tag?post=865194"}],"curies":[{"name":"wp","href":"https:\/\/api.w.org\/{rel}","templated":true}]}}