{"id":865074,"date":"2024-02-26T18:17:34","date_gmt":"2024-02-26T16:17:34","guid":{"rendered":"https:\/\/mmkserviss.lv\/?post_type=product&#038;p=865074"},"modified":"2026-03-22T11:48:04","modified_gmt":"2026-03-22T09:48:04","slug":"145-70r13c-linglong-r701-tik-priekaboms-74n","status":"publish","type":"product","link":"https:\/\/mmkriepas.lv\/en\/p\/145-70r13c-linglong-r701-tik-priekaboms-74n\/","title":{"rendered":"145\/70R13C Linglong RADIAL R701 74N (Tikai piekab\u0113m)"},"content":{"rendered":"<p class=\"western\" align=\"left\"><span style=\"color: #c9211e;\"><span style=\"font-family: Arial, sans-serif;\"><span style=\"font-size: large;\"><strong><span style=\"color: #000000;\"><span style=\"font-size: small;\">LingLong RADIAL R701 <\/span><\/span><\/strong><span style=\"color: #000000;\"><span style=\"font-size: small;\">ir labas kvalit\u0101tes, bud\u017eeta klases vasaras komerctransporta riepu modelis. Tas izce\u013cas ar labiem kravnes\u012bbas, degvielas ekonomijas, nodilumiztur\u012bbas un sa\u0137eres r\u0101d\u012bt\u0101jiem gan uz sausa un slapja asfalta, gan grants un zemes ce\u013ciem.<\/span><\/span><\/span><\/span><\/span><\/p>\n<h3 class=\"western\" align=\"left\"><strong><span style=\"color: #000000;\"><span style=\"font-family: Arial, sans-serif;\">R<\/span><\/span><\/strong><strong><span style=\"color: #000000;\"><span style=\"font-family: Arial, sans-serif;\">ADIAL<\/span><\/span><\/strong><strong><span style=\"color: #000000;\"><span style=\"font-family: Arial, sans-serif;\"> R701 galven\u0101s iez\u012bmes<\/span><\/span><\/strong><\/h3>\n<p class=\"western\" align=\"left\"><span style=\"font-family: Arial, sans-serif;\">+ Lieli kravnes\u012bbas indeksi, kas at\u013cauj smagas kravas p\u0101rvad\u0101t pat intens\u012bvas vasaras ekspluat\u0101cijas apst\u0101k\u013cos.<br \/>+ Palielin\u0101ta nodilumiztur\u012bba un triecieniztur\u012bba, pateicoties ar vair\u0101kiem kordu jeb brekera sl\u0101\u0146iem pastiprin\u0101tam karkasam.<br \/>+ Degvielas ekonomija,<br \/>+ Zems akvaplan\u0113\u0161anas risks,<br \/>+ Laba sa\u0137ere gan uz sausa un slapja asfalta, gan grants ce\u013ciem.<\/span><\/p>\n<h3 class=\"western\" align=\"left\"><span style=\"color: #c9211e;\"><span style=\"font-family: Arial, sans-serif;\"><span style=\"font-size: large;\"><strong><span style=\"color: #000000;\">RADIAL R701 apr\u012bkojums<\/span><\/strong><\/span><\/span><\/span><\/h3>\n<p class=\"western\" align=\"left\"><strong><span style=\"color: #000000;\"><span style=\"font-family: Arial, sans-serif;\">LingLong <\/span><\/span><\/strong><strong><span style=\"color: #000000;\"><span style=\"font-family: Arial, sans-serif;\">RADIAL<\/span><\/span><\/strong><strong><span style=\"color: #000000;\"><span style=\"font-family: Arial, sans-serif;\"> R701 <\/span><\/span><\/strong><span style=\"color: #000000;\"><span style=\"font-family: Arial, sans-serif;\">vasaras komerctransporta jeb busu riepu modelis apr\u012bkots ar klasisku simetrisko protektora rakstu. \u0160\u0101du dizainu c indeksa riep\u0101m izv\u0113l\u0101s visbie\u017e\u0101k, jo tam piem\u012bt labas kravnes\u012bbas, nodilumiztur\u012bbas un sa\u0137eres \u012bpa\u0161\u012bbas.<\/span><\/span><\/p>\n<p class=\"western\" align=\"left\"><span style=\"font-family: Arial, sans-serif;\">Mas\u012bvie protektora bloki teicami veido sa\u0137eri ar irden\u0101m ce\u013ca virsm\u0101m &#8211; granti un smilt\u012bm. Savuk\u0101rt, lielais iegriezumu skaits protektora blokos, tand\u0113m\u0101 ar efekt\u012bvo dren\u0101\u017eas kan\u0101lu sist\u0113mu samazina akvaplan\u0113\u0161anas risku.<\/span><\/p>\n<p class=\"western\" align=\"left\"><span style=\"font-family: Arial, sans-serif;\">Riepu gumijas sast\u0101vam pievienotie elastrom\u0113ri uzlabo riepas nodilumiztur\u012bbu, k\u0101 ar\u012b pal\u012bdz veidot sa\u0137eri ar sausu un slapju asfaltu.<\/span><\/p>\n<p class=\"western\" align=\"left\"><span style=\"font-family: Arial, sans-serif;\">Riepas pamatn\u0113 izmantots ar vair\u0101kiem kordu jeb brekera sl\u0101\u0146iem pastiprin\u0101ts karkass. Tas vienlaikus uzlabo kravnes\u012bbu un triecieniztur\u012bbu, paildzinot riepas kalpo\u0161anas m\u016b\u017eu.<\/span><\/p>\n","protected":false},"excerpt":{"rendered":"<p class=\"western\" align=\"left\"><span style=\"color: #c9211e;\"><span style=\"font-family: Arial, sans-serif;\"><span style=\"font-size: large;\"><strong><span style=\"color: #000000;\"><span style=\"font-size: small;\">LingLong RADIAL R701 <\/span><\/span><\/strong><span style=\"color: #000000;\"><span style=\"font-size: small;\">ir labas kvalit\u0101tes, bud\u017eeta klases vasaras komerctransporta riepu modelis. Tas izce\u013cas ar labiem kravnes\u012bbas, degvielas ekonomijas, nodilumiztur\u012bbas un sa\u0137eres r\u0101d\u012bt\u0101jiem gan uz sausa un slapja asfalta, gan grants un zemes ce\u013ciem.<\/span><\/span><\/span><\/span><\/span><\/p>\n","protected":false},"featured_media":865073,"template":"","meta":{"_acf_changed":false,"ngg_post_thumbnail":0},"product_brand":[],"product_cat":[46],"product_tag":[],"class_list":{"0":"post-865074","1":"product","2":"type-product","3":"status-publish","4":"has-post-thumbnail","6":"product_cat-vasaras-riepas","8":"first","9":"instock","10":"sale","11":"taxable","12":"shipping-taxable","13":"purchasable","14":"product-type-simple"},"acf":[],"yoast_head":"<!-- This site is optimized with the Yoast SEO Premium plugin v22.6 (Yoast SEO v27.3) - https:\/\/yoast.com\/product\/yoast-seo-premium-wordpress\/ -->\n<title>145\/70R13C Linglong RADIAL R701 74N (Tikai piekab\u0113m) &#8226; MMK Riepas<\/title>\n<meta name=\"robots\" content=\"index, follow, max-snippet:-1, max-image-preview:large, max-video-preview:-1\" \/>\n<link rel=\"canonical\" href=\"https:\/\/mmkriepas.lv\/en\/p\/145-70r13c-linglong-r701-tik-priekaboms-74n\/\" \/>\n<meta property=\"og:locale\" content=\"en_US\" \/>\n<meta property=\"og:type\" content=\"article\" \/>\n<meta property=\"og:title\" content=\"145\/70R13C Linglong RADIAL R701 74N (Tikai piekab\u0113m)\" \/>\n<meta property=\"og:description\" content=\"LingLong RADIAL R701 ir labas kvalit\u0101tes, bud\u017eeta klases vasaras komerctransporta riepu modelis. Tas izce\u013cas ar labiem kravnes\u012bbas, degvielas ekonomijas, nodilumiztur\u012bbas un sa\u0137eres r\u0101d\u012bt\u0101jiem gan uz sausa un slapja asfalta, gan grants un zemes ce\u013ciem.\" \/>\n<meta property=\"og:url\" content=\"https:\/\/mmkriepas.lv\/en\/p\/145-70r13c-linglong-r701-tik-priekaboms-74n\/\" \/>\n<meta property=\"og:site_name\" content=\"MMK Riepas\" \/>\n<meta property=\"article:publisher\" content=\"https:\/\/www.facebook.com\/mmkserviss\/\" \/>\n<meta property=\"article:modified_time\" content=\"2026-03-22T09:48:04+00:00\" \/>\n<meta property=\"og:image\" content=\"https:\/\/mmkriepas.lv\/wp-content\/uploads\/2024\/02\/14570r13c-linglong-r701-tik-priekaboms-74n-ziemas-riepas.jpg\" \/>\n\t<meta property=\"og:image:width\" content=\"188\" \/>\n\t<meta property=\"og:image:height\" content=\"315\" \/>\n\t<meta property=\"og:image:type\" content=\"image\/jpeg\" \/>\n<meta name=\"twitter:card\" content=\"summary_large_image\" \/>\n<meta name=\"twitter:label1\" content=\"Price\" \/>\n\t<meta name=\"twitter:data1\" content=\"&euro;50.00\" \/>\n\t<meta name=\"twitter:label2\" content=\"Availability\" \/>\n\t<meta name=\"twitter:data2\" content=\"In stock\" \/>\n<script type=\"application\/ld+json\" class=\"yoast-schema-graph\">{\"@context\":\"https:\\\/\\\/schema.org\",\"@graph\":[{\"@type\":\"WebPage\",\"@id\":\"https:\\\/\\\/mmkriepas.lv\\\/en\\\/p\\\/145-70r13c-linglong-r701-tik-priekaboms-74n\\\/\",\"url\":\"https:\\\/\\\/mmkriepas.lv\\\/en\\\/p\\\/145-70r13c-linglong-r701-tik-priekaboms-74n\\\/\",\"name\":\"145\\\/70R13C Linglong RADIAL R701 74N (Tikai piekab\u0113m) &#8226; MMK Riepas\",\"isPartOf\":{\"@id\":\"https:\\\/\\\/mmkriepas.lv\\\/en\\\/#website\"},\"primaryImageOfPage\":{\"@id\":\"https:\\\/\\\/mmkriepas.lv\\\/en\\\/p\\\/145-70r13c-linglong-r701-tik-priekaboms-74n\\\/#primaryimage\"},\"image\":{\"@id\":\"https:\\\/\\\/mmkriepas.lv\\\/en\\\/p\\\/145-70r13c-linglong-r701-tik-priekaboms-74n\\\/#primaryimage\"},\"thumbnailUrl\":\"https:\\\/\\\/mmkriepas.lv\\\/wp-content\\\/uploads\\\/2024\\\/02\\\/14570r13c-linglong-r701-tik-priekaboms-74n-ziemas-riepas.jpg\",\"datePublished\":\"2024-02-26T16:17:34+00:00\",\"dateModified\":\"2026-03-22T09:48:04+00:00\",\"breadcrumb\":{\"@id\":\"https:\\\/\\\/mmkriepas.lv\\\/en\\\/p\\\/145-70r13c-linglong-r701-tik-priekaboms-74n\\\/#breadcrumb\"},\"inLanguage\":\"en-US\",\"potentialAction\":[{\"@type\":\"ReadAction\",\"target\":[\"https:\\\/\\\/mmkriepas.lv\\\/en\\\/p\\\/145-70r13c-linglong-r701-tik-priekaboms-74n\\\/\"]}]},{\"@type\":\"ImageObject\",\"inLanguage\":\"en-US\",\"@id\":\"https:\\\/\\\/mmkriepas.lv\\\/en\\\/p\\\/145-70r13c-linglong-r701-tik-priekaboms-74n\\\/#primaryimage\",\"url\":\"https:\\\/\\\/mmkriepas.lv\\\/wp-content\\\/uploads\\\/2024\\\/02\\\/14570r13c-linglong-r701-tik-priekaboms-74n-ziemas-riepas.jpg\",\"contentUrl\":\"https:\\\/\\\/mmkriepas.lv\\\/wp-content\\\/uploads\\\/2024\\\/02\\\/14570r13c-linglong-r701-tik-priekaboms-74n-ziemas-riepas.jpg\",\"width\":188,\"height\":315,\"caption\":\"145\\\/70R13C Linglong R701 (tik priekaboms) 74N - Ziemas riepas\"},{\"@type\":\"BreadcrumbList\",\"@id\":\"https:\\\/\\\/mmkriepas.lv\\\/en\\\/p\\\/145-70r13c-linglong-r701-tik-priekaboms-74n\\\/#breadcrumb\",\"itemListElement\":[{\"@type\":\"ListItem\",\"position\":1,\"name\":\"S\u0101kums\",\"item\":\"https:\\\/\\\/mmkriepas.lv\\\/en\\\/\"},{\"@type\":\"ListItem\",\"position\":2,\"name\":\"145\\\/70R13C Linglong RADIAL R701 74N (Tikai piekab\u0113m)\"}]},{\"@type\":\"WebSite\",\"@id\":\"https:\\\/\\\/mmkriepas.lv\\\/en\\\/#website\",\"url\":\"https:\\\/\\\/mmkriepas.lv\\\/en\\\/\",\"name\":\"MMK Riepas\",\"description\":\"MMK Riepas\",\"alternateName\":\"MMK Riepu Serviss\",\"potentialAction\":[{\"@type\":\"SearchAction\",\"target\":{\"@type\":\"EntryPoint\",\"urlTemplate\":\"https:\\\/\\\/mmkriepas.lv\\\/en\\\/?s={search_term_string}\"},\"query-input\":{\"@type\":\"PropertyValueSpecification\",\"valueRequired\":true,\"valueName\":\"search_term_string\"}}],\"inLanguage\":\"en-US\"},{\"@type\":\"ImageObject\",\"inLanguage\":\"en-US\",\"@id\":\"https:\\\/\\\/mmkriepas.lv\\\/en\\\/p\\\/145-70r13c-linglong-r701-tik-priekaboms-74n\\\/#local-main-organization-logo\",\"url\":\"\",\"contentUrl\":\"\",\"caption\":\"MMK Riepas\"}]}<\/script>\n<meta property=\"product:brand\" content=\"Linglong RADIAL R701\" \/>\n<meta property=\"product:price:amount\" content=\"50.00\" \/>\n<meta property=\"product:price:currency\" content=\"EUR\" \/>\n<meta property=\"og:availability\" content=\"instock\" \/>\n<meta property=\"product:availability\" content=\"instock\" \/>\n<meta property=\"product:retailer_item_id\" content=\"TW1457013CLingl-E33896\" \/>\n<meta property=\"product:condition\" content=\"new\" \/>\n<!-- \/ Yoast SEO Premium plugin. -->","yoast_head_json":{"title":"145\/70R13C Linglong RADIAL R701 74N (Tikai piekab\u0113m) &#8226; MMK Riepas","robots":{"index":"index","follow":"follow","max-snippet":"max-snippet:-1","max-image-preview":"max-image-preview:large","max-video-preview":"max-video-preview:-1"},"canonical":"https:\/\/mmkriepas.lv\/en\/p\/145-70r13c-linglong-r701-tik-priekaboms-74n\/","og_locale":"en_US","og_type":"article","og_title":"145\/70R13C Linglong RADIAL R701 74N (Tikai piekab\u0113m)","og_description":"LingLong RADIAL R701 ir labas kvalit\u0101tes, bud\u017eeta klases vasaras komerctransporta riepu modelis. Tas izce\u013cas ar labiem kravnes\u012bbas, degvielas ekonomijas, nodilumiztur\u012bbas un sa\u0137eres r\u0101d\u012bt\u0101jiem gan uz sausa un slapja asfalta, gan grants un zemes ce\u013ciem.","og_url":"https:\/\/mmkriepas.lv\/en\/p\/145-70r13c-linglong-r701-tik-priekaboms-74n\/","og_site_name":"MMK Riepas","article_publisher":"https:\/\/www.facebook.com\/mmkserviss\/","article_modified_time":"2026-03-22T09:48:04+00:00","og_image":[{"width":188,"height":315,"url":"https:\/\/mmkriepas.lv\/wp-content\/uploads\/2024\/02\/14570r13c-linglong-r701-tik-priekaboms-74n-ziemas-riepas.jpg","type":"image\/jpeg"}],"twitter_card":"summary_large_image","twitter_misc":{"Price":"&euro;50.00","Availability":"In stock"},"schema":{"@context":"https:\/\/schema.org","@graph":[{"@type":"WebPage","@id":"https:\/\/mmkriepas.lv\/en\/p\/145-70r13c-linglong-r701-tik-priekaboms-74n\/","url":"https:\/\/mmkriepas.lv\/en\/p\/145-70r13c-linglong-r701-tik-priekaboms-74n\/","name":"145\/70R13C Linglong RADIAL R701 74N (Tikai piekab\u0113m) &#8226; MMK Riepas","isPartOf":{"@id":"https:\/\/mmkriepas.lv\/en\/#website"},"primaryImageOfPage":{"@id":"https:\/\/mmkriepas.lv\/en\/p\/145-70r13c-linglong-r701-tik-priekaboms-74n\/#primaryimage"},"image":{"@id":"https:\/\/mmkriepas.lv\/en\/p\/145-70r13c-linglong-r701-tik-priekaboms-74n\/#primaryimage"},"thumbnailUrl":"https:\/\/mmkriepas.lv\/wp-content\/uploads\/2024\/02\/14570r13c-linglong-r701-tik-priekaboms-74n-ziemas-riepas.jpg","datePublished":"2024-02-26T16:17:34+00:00","dateModified":"2026-03-22T09:48:04+00:00","breadcrumb":{"@id":"https:\/\/mmkriepas.lv\/en\/p\/145-70r13c-linglong-r701-tik-priekaboms-74n\/#breadcrumb"},"inLanguage":"en-US","potentialAction":[{"@type":"ReadAction","target":["https:\/\/mmkriepas.lv\/en\/p\/145-70r13c-linglong-r701-tik-priekaboms-74n\/"]}]},{"@type":"ImageObject","inLanguage":"en-US","@id":"https:\/\/mmkriepas.lv\/en\/p\/145-70r13c-linglong-r701-tik-priekaboms-74n\/#primaryimage","url":"https:\/\/mmkriepas.lv\/wp-content\/uploads\/2024\/02\/14570r13c-linglong-r701-tik-priekaboms-74n-ziemas-riepas.jpg","contentUrl":"https:\/\/mmkriepas.lv\/wp-content\/uploads\/2024\/02\/14570r13c-linglong-r701-tik-priekaboms-74n-ziemas-riepas.jpg","width":188,"height":315,"caption":"145\/70R13C Linglong R701 (tik priekaboms) 74N - Ziemas riepas"},{"@type":"BreadcrumbList","@id":"https:\/\/mmkriepas.lv\/en\/p\/145-70r13c-linglong-r701-tik-priekaboms-74n\/#breadcrumb","itemListElement":[{"@type":"ListItem","position":1,"name":"S\u0101kums","item":"https:\/\/mmkriepas.lv\/en\/"},{"@type":"ListItem","position":2,"name":"145\/70R13C Linglong RADIAL R701 74N (Tikai piekab\u0113m)"}]},{"@type":"WebSite","@id":"https:\/\/mmkriepas.lv\/en\/#website","url":"https:\/\/mmkriepas.lv\/en\/","name":"MMK Riepas","description":"MMK Riepas","alternateName":"MMK Riepu Serviss","potentialAction":[{"@type":"SearchAction","target":{"@type":"EntryPoint","urlTemplate":"https:\/\/mmkriepas.lv\/en\/?s={search_term_string}"},"query-input":{"@type":"PropertyValueSpecification","valueRequired":true,"valueName":"search_term_string"}}],"inLanguage":"en-US"},{"@type":"ImageObject","inLanguage":"en-US","@id":"https:\/\/mmkriepas.lv\/en\/p\/145-70r13c-linglong-r701-tik-priekaboms-74n\/#local-main-organization-logo","url":"","contentUrl":"","caption":"MMK Riepas"}]},"product_brand":"Linglong RADIAL R701","product_price_amount":"50.00","product_price_currency":"EUR","og_availability":"instock","product_availability":"instock","product_retailer_item_id":"TW1457013CLingl-E33896","product_condition":"new"},"_links":{"self":[{"href":"https:\/\/mmkriepas.lv\/en\/wp-json\/wp\/v2\/product\/865074","targetHints":{"allow":["GET"]}}],"collection":[{"href":"https:\/\/mmkriepas.lv\/en\/wp-json\/wp\/v2\/product"}],"about":[{"href":"https:\/\/mmkriepas.lv\/en\/wp-json\/wp\/v2\/types\/product"}],"wp:featuredmedia":[{"embeddable":true,"href":"https:\/\/mmkriepas.lv\/en\/wp-json\/wp\/v2\/media\/865073"}],"wp:attachment":[{"href":"https:\/\/mmkriepas.lv\/en\/wp-json\/wp\/v2\/media?parent=865074"}],"wp:term":[{"taxonomy":"product_brand","embeddable":true,"href":"https:\/\/mmkriepas.lv\/en\/wp-json\/wp\/v2\/product_brand?post=865074"},{"taxonomy":"product_cat","embeddable":true,"href":"https:\/\/mmkriepas.lv\/en\/wp-json\/wp\/v2\/product_cat?post=865074"},{"taxonomy":"product_tag","embeddable":true,"href":"https:\/\/mmkriepas.lv\/en\/wp-json\/wp\/v2\/product_tag?post=865074"}],"curies":[{"name":"wp","href":"https:\/\/api.w.org\/{rel}","templated":true}]}}