{"id":862240,"date":"2024-02-17T09:54:59","date_gmt":"2024-02-17T07:54:59","guid":{"rendered":"https:\/\/mmkserviss.lv\/?post_type=product&#038;p=862240"},"modified":"2026-04-24T22:03:00","modified_gmt":"2026-04-24T19:03:00","slug":"235-70r16-trazano-sl369-a-t-106s","status":"publish","type":"product","link":"https:\/\/mmkriepas.lv\/en\/p\/235-70r16-trazano-sl369-a-t-106s\/","title":{"rendered":"235\/70R16 Trazano SL369 A\/T 106S"},"content":{"rendered":"<p><span style=\"font-family: Times New Roman, serif;\"><span style=\"font-size: medium;\"><strong><span style=\"font-family: Arial, serif;\">Trazano<\/span><\/strong><strong><span style=\"font-family: Arial, serif;\"> SL369<\/span><\/strong><span style=\"font-family: Arial, serif;\"> <\/span><span style=\"font-family: Arial, serif;\"><b>A\/T<\/b><\/span><span style=\"font-family: Arial, serif;\"> vasaras riepu modelis ir rad\u012bts priek\u0161 apvidus auto un krosoveriem. T\u0101 ir ekonomiska alternat\u012bva riepu mode\u013ciem, ko veidoju\u0161i atz\u012bti pasaules l\u012bderi \u0161aj\u0101 jom\u0101. Papildus pievilc\u012bgajai cenai to raksturo augsta veiktsp\u0113ja uz da\u017e\u0101diem ce\u013ca segumiem, jo \u0161is Goodride riepu modelis pieder All Terrain (70% asfalts 30% citi ce\u013cu segumi) riepu kategorijai.<\/span><\/span><\/span><\/p>\n<h2 class=\"western\"><strong><span style=\"color: #000000;\"><span style=\"font-family: Arial, serif;\"><span style=\"font-size: large;\">Trazano <\/span><\/span><\/span><\/strong><strong><span style=\"color: #000000;\"><span style=\"font-family: Arial, serif;\"><span style=\"font-size: large;\">SL369 A\/T<\/span><\/span><\/span><\/strong><span style=\"color: #000000;\"><span style=\"font-family: Arial, serif;\"><span style=\"font-size: large;\">\u00a0\u012bpa\u0161\u012bbas:<\/span><\/span><\/span><\/h2>\n<p><span style=\"font-family: Times New Roman, serif;\"><span style=\"font-size: medium;\"><span style=\"font-family: Arial, serif;\">+ Simetrisks protektora raksts nodro\u0161ina izcilu sniegumu.<\/span><\/span><\/span><\/p>\n<p><span style=\"font-family: Times New Roman, serif;\"><span style=\"font-size: medium;\"><span style=\"font-family: Arial, serif;\">+ Labi veiktsp\u0113jas r\u0101d\u012bt\u0101ji.<\/span><\/span><\/span><\/p>\n<p><span style=\"font-family: Times New Roman, serif;\"><span style=\"font-size: medium;\"><span style=\"font-family: Arial, serif;\">+ Dzi\u013c\u0161 protektors.<\/span><\/span><\/span><\/p>\n<p><span style=\"font-family: Times New Roman, serif;\"><span style=\"font-size: medium;\"><span style=\"font-family: Arial, serif;\">+ 5 platas garenisk\u0101s protektora ribas uzlabo virziena stabilit\u0101ti (braucot taisni uz priek\u0161u) un samazina rites pretest\u012bbu.<\/span><\/span><\/span><\/p>\n<p><span style=\"font-family: Times New Roman, serif;\"><span style=\"font-size: medium;\"><span style=\"font-family: Arial, serif;\">+ Riepas piem\u0113rotas brauk\u0161anai ar\u012b pa laukiem, me\u017eiem, grants ce\u013ciem, dub\u013ciem.<\/span><\/span><\/span><\/p>\n<p><span style=\"font-family: Times New Roman, serif;\"><span style=\"font-size: medium;\"><span style=\"font-family: Arial, serif;\">+ Vi\u013c\u0146veida formas lameles, kas atrodas uz protektora bloku virsmas nodro\u0161ina papildu sa\u0137eri ar slapju ce\u013cu, izvadot lieko \u016bdeni no protektora.<\/span><\/span><\/span><\/p>\n<p><span style=\"font-family: Times New Roman, serif;\"><span style=\"font-size: medium;\"><span style=\"font-family: Arial, serif;\">+ Riepas izce\u013c\u0101s ar zemiem dilst\u012bbas r\u0101d\u012bt\u0101jiem.<\/span><\/span><\/span><\/p>\n<p><span style=\"font-family: Times New Roman, serif;\"><span style=\"font-size: medium;\"><span style=\"font-family: Arial, serif;\">+ S\u0101nu mal\u0101s ir iestr\u0101d\u0101ti speci\u0101li elementi, kas aizsarg\u0101 s\u0101nus no meh\u0101niskiem boj\u0101jumiem.<\/span><\/span><\/span><\/p>\n<h4 class=\"western\"><span style=\"color: #000000;\"><span style=\"font-family: Arial, serif;\"><span style=\"font-size: large;\"><span><b>SL369 A\/T iez\u012bmes:<\/b><\/span><\/span><\/span><\/span><\/h4>\n<\/p>\n<p><strong><span style=\"font-family: Arial, serif;\">Pla\u0161s kontakta virsmas laukums. <\/span><\/strong><span style=\"font-family: Arial, serif;\">Viena no atz\u012bt\u0101kaj\u0101m \u0161\u012b mode\u013ca iez\u012bm\u0113m ir protektora z\u012bm\u0113jums. Papildin\u0101jum\u0101\u00a0 atv\u0113rtajam dizainam tam ir plakans profils, pateicoties kuram \u0137\u012bnie\u0161u ra\u017eot\u0101jiem ir izdevies maksim\u0101li palielin\u0101t saskares vietas lielumu. Tas nodro\u0161ina vienm\u0113r\u012bgu spiediena sadali riep\u0101 un visp\u0101r\u012bgi maz\u0101ku spiedienu uz zemi. Tie\u0161i tas ir galvenais iemesls, kas nodro\u0161ina p\u0101rliecino\u0161\u0101ku brauk\u0161anu pa nestabilu ce\u013ca segumu (zemes ce\u013ci, dub\u013ci, z\u0101le, u.c.).<\/span><\/p>\n<p><strong><span style=\"font-family: Arial, serif;\">Lieliska sa\u0137ere bezce\u013cos. <\/span><\/strong><span style=\"font-family: Arial, serif;\">K\u0101 jau min\u0113ts iepriek\u0161, protektora z\u012bm\u0113jumu raksturo atv\u0113rts dizains, kas satur daudz atsevi\u0161\u0137u protektora elementu. Katram no blokiem ir sare\u017e\u0123\u012bta daudzst\u016bra forma, kas satur lielu skaitu kontakta malu. Sakar\u0101 ar to, riepu saskares vietai jebkur\u0101 laik\u0101 ir daudz sa\u0137eres malu, nodro\u0161inot tai lielisku sa\u0137eri ar visda\u017e\u0101d\u0101kajiem ce\u013ca segumiem.<\/span><\/p>\n","protected":false},"excerpt":{"rendered":"<p><span style=\"font-family: Times New Roman, serif;\"><span style=\"font-size: medium;\"><strong><span style=\"font-family: Arial, serif;\">Trazano<\/span><\/strong><strong><span style=\"font-family: Arial, serif;\"> SL369<\/span><\/strong><span style=\"font-family: Arial, serif;\"> <\/span><span style=\"font-family: Arial, serif;\"><b>A\/T<\/b><\/span><span style=\"font-family: Arial, serif;\"> vasaras riepu modelis ir rad\u012bts priek\u0161 apvidus auto un krosoveriem. T\u0101 ir ekonomiska alternat\u012bva riepu mode\u013ciem, ko veidoju\u0161i atz\u012bti pasaules l\u012bderi \u0161aj\u0101 jom\u0101. Papildus pievilc\u012bgajai cenai to raksturo augsta veiktsp\u0113ja uz da\u017e\u0101diem ce\u013ca segumiem, jo \u0161is Goodride riepu modelis pieder All Terrain (70% asfalts 30% citi ce\u013cu segumi) riepu kategorijai.<\/span><\/span><\/span><\/p>\n","protected":false},"featured_media":862466,"template":"","meta":{"_acf_changed":false,"ngg_post_thumbnail":0},"product_brand":[],"product_cat":[23641],"product_tag":[],"class_list":{"0":"post-862240","1":"product","2":"type-product","3":"status-publish","4":"has-post-thumbnail","6":"product_cat-summer-tyres","8":"first","9":"instock","10":"sale","11":"taxable","12":"shipping-taxable","13":"purchasable","14":"product-type-simple"},"acf":[],"yoast_head":"<!-- This site is optimized with the Yoast SEO Premium plugin v22.6 (Yoast SEO v27.3) - https:\/\/yoast.com\/product\/yoast-seo-premium-wordpress\/ -->\n<title>235\/70R16 Trazano SL369 A\/T 106S &#8226; MMK Riepas<\/title>\n<meta name=\"robots\" content=\"index, follow, max-snippet:-1, max-image-preview:large, max-video-preview:-1\" \/>\n<link rel=\"canonical\" href=\"https:\/\/mmkriepas.lv\/en\/p\/235-70r16-trazano-sl369-a-t-106s\/\" \/>\n<meta property=\"og:locale\" content=\"en_US\" \/>\n<meta property=\"og:type\" content=\"article\" \/>\n<meta property=\"og:title\" content=\"235\/70R16 Trazano SL369 A\/T 106S\" \/>\n<meta property=\"og:description\" content=\"Trazano SL369 A\/T vasaras riepu modelis ir rad\u012bts priek\u0161 apvidus auto un krosoveriem. T\u0101 ir ekonomiska alternat\u012bva riepu mode\u013ciem, ko veidoju\u0161i atz\u012bti pasaules l\u012bderi \u0161aj\u0101 jom\u0101. Papildus pievilc\u012bgajai cenai to raksturo augsta veiktsp\u0113ja uz da\u017e\u0101diem ce\u013ca segumiem, jo \u0161is Goodride riepu modelis pieder All Terrain (70% asfalts 30% citi ce\u013cu segumi) riepu kategorijai.\" \/>\n<meta property=\"og:url\" content=\"https:\/\/mmkriepas.lv\/en\/p\/235-70r16-trazano-sl369-a-t-106s\/\" \/>\n<meta property=\"og:site_name\" content=\"MMK Riepas\" \/>\n<meta property=\"article:publisher\" content=\"https:\/\/www.facebook.com\/mmkserviss\/\" \/>\n<meta property=\"article:modified_time\" content=\"2026-04-24T19:03:00+00:00\" \/>\n<meta property=\"og:image\" content=\"https:\/\/mmkriepas.lv\/wp-content\/uploads\/2024\/02\/26570r15-trazano-sl369-at-112t-all-terrain-riepas-vasaras-riepas.jpg\" \/>\n\t<meta property=\"og:image:width\" content=\"1920\" \/>\n\t<meta property=\"og:image:height\" content=\"1440\" \/>\n\t<meta property=\"og:image:type\" content=\"image\/jpeg\" \/>\n<meta name=\"twitter:card\" content=\"summary_large_image\" \/>\n<meta name=\"twitter:label1\" content=\"Price\" \/>\n\t<meta name=\"twitter:data1\" content=\"&euro;76.00\" \/>\n\t<meta name=\"twitter:label2\" content=\"Availability\" \/>\n\t<meta name=\"twitter:data2\" content=\"In stock\" \/>\n<script type=\"application\/ld+json\" class=\"yoast-schema-graph\">{\"@context\":\"https:\\\/\\\/schema.org\",\"@graph\":[{\"@type\":\"WebPage\",\"@id\":\"https:\\\/\\\/mmkriepas.lv\\\/en\\\/p\\\/235-70r16-trazano-sl369-a-t-106s\\\/\",\"url\":\"https:\\\/\\\/mmkriepas.lv\\\/en\\\/p\\\/235-70r16-trazano-sl369-a-t-106s\\\/\",\"name\":\"235\\\/70R16 Trazano SL369 A\\\/T 106S &#8226; MMK Riepas\",\"isPartOf\":{\"@id\":\"https:\\\/\\\/mmkriepas.lv\\\/en\\\/#website\"},\"primaryImageOfPage\":{\"@id\":\"https:\\\/\\\/mmkriepas.lv\\\/en\\\/p\\\/235-70r16-trazano-sl369-a-t-106s\\\/#primaryimage\"},\"image\":{\"@id\":\"https:\\\/\\\/mmkriepas.lv\\\/en\\\/p\\\/235-70r16-trazano-sl369-a-t-106s\\\/#primaryimage\"},\"thumbnailUrl\":\"https:\\\/\\\/mmkriepas.lv\\\/wp-content\\\/uploads\\\/2024\\\/02\\\/26570r15-trazano-sl369-at-112t-all-terrain-riepas-vasaras-riepas.jpg\",\"datePublished\":\"2024-02-17T07:54:59+00:00\",\"dateModified\":\"2026-04-24T19:03:00+00:00\",\"breadcrumb\":{\"@id\":\"https:\\\/\\\/mmkriepas.lv\\\/en\\\/p\\\/235-70r16-trazano-sl369-a-t-106s\\\/#breadcrumb\"},\"inLanguage\":\"en-US\",\"potentialAction\":[{\"@type\":\"ReadAction\",\"target\":[\"https:\\\/\\\/mmkriepas.lv\\\/en\\\/p\\\/235-70r16-trazano-sl369-a-t-106s\\\/\"]}]},{\"@type\":\"ImageObject\",\"inLanguage\":\"en-US\",\"@id\":\"https:\\\/\\\/mmkriepas.lv\\\/en\\\/p\\\/235-70r16-trazano-sl369-a-t-106s\\\/#primaryimage\",\"url\":\"https:\\\/\\\/mmkriepas.lv\\\/wp-content\\\/uploads\\\/2024\\\/02\\\/26570r15-trazano-sl369-at-112t-all-terrain-riepas-vasaras-riepas.jpg\",\"contentUrl\":\"https:\\\/\\\/mmkriepas.lv\\\/wp-content\\\/uploads\\\/2024\\\/02\\\/26570r15-trazano-sl369-at-112t-all-terrain-riepas-vasaras-riepas.jpg\",\"width\":1920,\"height\":1440,\"caption\":\"265\\\/70R15 Trazano SL369 A\\\/T 112T - All Terrain riepas \\\/ Vasaras riepas\"},{\"@type\":\"BreadcrumbList\",\"@id\":\"https:\\\/\\\/mmkriepas.lv\\\/en\\\/p\\\/235-70r16-trazano-sl369-a-t-106s\\\/#breadcrumb\",\"itemListElement\":[{\"@type\":\"ListItem\",\"position\":1,\"name\":\"S\u0101kums\",\"item\":\"https:\\\/\\\/mmkriepas.lv\\\/en\\\/\"},{\"@type\":\"ListItem\",\"position\":2,\"name\":\"235\\\/70R16 Trazano SL369 A\\\/T 106S\"}]},{\"@type\":\"WebSite\",\"@id\":\"https:\\\/\\\/mmkriepas.lv\\\/en\\\/#website\",\"url\":\"https:\\\/\\\/mmkriepas.lv\\\/en\\\/\",\"name\":\"MMK Riepas\",\"description\":\"MMK Riepas\",\"alternateName\":\"MMK Riepu Serviss\",\"potentialAction\":[{\"@type\":\"SearchAction\",\"target\":{\"@type\":\"EntryPoint\",\"urlTemplate\":\"https:\\\/\\\/mmkriepas.lv\\\/en\\\/?s={search_term_string}\"},\"query-input\":{\"@type\":\"PropertyValueSpecification\",\"valueRequired\":true,\"valueName\":\"search_term_string\"}}],\"inLanguage\":\"en-US\"},{\"@type\":\"ImageObject\",\"inLanguage\":\"en-US\",\"@id\":\"https:\\\/\\\/mmkriepas.lv\\\/en\\\/p\\\/235-70r16-trazano-sl369-a-t-106s\\\/#local-main-organization-logo\",\"url\":\"\",\"contentUrl\":\"\",\"caption\":\"MMK Riepas\"}]}<\/script>\n<meta property=\"product:brand\" content=\"Trazano SL369 A\/T\" \/>\n<meta property=\"product:price:amount\" content=\"76.00\" \/>\n<meta property=\"product:price:currency\" content=\"EUR\" \/>\n<meta property=\"og:availability\" content=\"instock\" \/>\n<meta property=\"product:availability\" content=\"instock\" \/>\n<meta property=\"product:retailer_item_id\" content=\"TS2357016TRAZA-33527\" \/>\n<meta property=\"product:condition\" content=\"new\" \/>\n<!-- \/ Yoast SEO Premium plugin. -->","yoast_head_json":{"title":"235\/70R16 Trazano SL369 A\/T 106S &#8226; MMK Riepas","robots":{"index":"index","follow":"follow","max-snippet":"max-snippet:-1","max-image-preview":"max-image-preview:large","max-video-preview":"max-video-preview:-1"},"canonical":"https:\/\/mmkriepas.lv\/en\/p\/235-70r16-trazano-sl369-a-t-106s\/","og_locale":"en_US","og_type":"article","og_title":"235\/70R16 Trazano SL369 A\/T 106S","og_description":"Trazano SL369 A\/T vasaras riepu modelis ir rad\u012bts priek\u0161 apvidus auto un krosoveriem. T\u0101 ir ekonomiska alternat\u012bva riepu mode\u013ciem, ko veidoju\u0161i atz\u012bti pasaules l\u012bderi \u0161aj\u0101 jom\u0101. Papildus pievilc\u012bgajai cenai to raksturo augsta veiktsp\u0113ja uz da\u017e\u0101diem ce\u013ca segumiem, jo \u0161is Goodride riepu modelis pieder All Terrain (70% asfalts 30% citi ce\u013cu segumi) riepu kategorijai.","og_url":"https:\/\/mmkriepas.lv\/en\/p\/235-70r16-trazano-sl369-a-t-106s\/","og_site_name":"MMK Riepas","article_publisher":"https:\/\/www.facebook.com\/mmkserviss\/","article_modified_time":"2026-04-24T19:03:00+00:00","og_image":[{"width":1920,"height":1440,"url":"https:\/\/mmkriepas.lv\/wp-content\/uploads\/2024\/02\/26570r15-trazano-sl369-at-112t-all-terrain-riepas-vasaras-riepas.jpg","type":"image\/jpeg"}],"twitter_card":"summary_large_image","twitter_misc":{"Price":"&euro;76.00","Availability":"In stock"},"schema":{"@context":"https:\/\/schema.org","@graph":[{"@type":"WebPage","@id":"https:\/\/mmkriepas.lv\/en\/p\/235-70r16-trazano-sl369-a-t-106s\/","url":"https:\/\/mmkriepas.lv\/en\/p\/235-70r16-trazano-sl369-a-t-106s\/","name":"235\/70R16 Trazano SL369 A\/T 106S &#8226; MMK Riepas","isPartOf":{"@id":"https:\/\/mmkriepas.lv\/en\/#website"},"primaryImageOfPage":{"@id":"https:\/\/mmkriepas.lv\/en\/p\/235-70r16-trazano-sl369-a-t-106s\/#primaryimage"},"image":{"@id":"https:\/\/mmkriepas.lv\/en\/p\/235-70r16-trazano-sl369-a-t-106s\/#primaryimage"},"thumbnailUrl":"https:\/\/mmkriepas.lv\/wp-content\/uploads\/2024\/02\/26570r15-trazano-sl369-at-112t-all-terrain-riepas-vasaras-riepas.jpg","datePublished":"2024-02-17T07:54:59+00:00","dateModified":"2026-04-24T19:03:00+00:00","breadcrumb":{"@id":"https:\/\/mmkriepas.lv\/en\/p\/235-70r16-trazano-sl369-a-t-106s\/#breadcrumb"},"inLanguage":"en-US","potentialAction":[{"@type":"ReadAction","target":["https:\/\/mmkriepas.lv\/en\/p\/235-70r16-trazano-sl369-a-t-106s\/"]}]},{"@type":"ImageObject","inLanguage":"en-US","@id":"https:\/\/mmkriepas.lv\/en\/p\/235-70r16-trazano-sl369-a-t-106s\/#primaryimage","url":"https:\/\/mmkriepas.lv\/wp-content\/uploads\/2024\/02\/26570r15-trazano-sl369-at-112t-all-terrain-riepas-vasaras-riepas.jpg","contentUrl":"https:\/\/mmkriepas.lv\/wp-content\/uploads\/2024\/02\/26570r15-trazano-sl369-at-112t-all-terrain-riepas-vasaras-riepas.jpg","width":1920,"height":1440,"caption":"265\/70R15 Trazano SL369 A\/T 112T - All Terrain riepas \/ Vasaras riepas"},{"@type":"BreadcrumbList","@id":"https:\/\/mmkriepas.lv\/en\/p\/235-70r16-trazano-sl369-a-t-106s\/#breadcrumb","itemListElement":[{"@type":"ListItem","position":1,"name":"S\u0101kums","item":"https:\/\/mmkriepas.lv\/en\/"},{"@type":"ListItem","position":2,"name":"235\/70R16 Trazano SL369 A\/T 106S"}]},{"@type":"WebSite","@id":"https:\/\/mmkriepas.lv\/en\/#website","url":"https:\/\/mmkriepas.lv\/en\/","name":"MMK Riepas","description":"MMK Riepas","alternateName":"MMK Riepu Serviss","potentialAction":[{"@type":"SearchAction","target":{"@type":"EntryPoint","urlTemplate":"https:\/\/mmkriepas.lv\/en\/?s={search_term_string}"},"query-input":{"@type":"PropertyValueSpecification","valueRequired":true,"valueName":"search_term_string"}}],"inLanguage":"en-US"},{"@type":"ImageObject","inLanguage":"en-US","@id":"https:\/\/mmkriepas.lv\/en\/p\/235-70r16-trazano-sl369-a-t-106s\/#local-main-organization-logo","url":"","contentUrl":"","caption":"MMK Riepas"}]},"product_brand":"Trazano SL369 A\/T","product_price_amount":"76.00","product_price_currency":"EUR","og_availability":"instock","product_availability":"instock","product_retailer_item_id":"TS2357016TRAZA-33527","product_condition":"new"},"_links":{"self":[{"href":"https:\/\/mmkriepas.lv\/en\/wp-json\/wp\/v2\/product\/862240","targetHints":{"allow":["GET"]}}],"collection":[{"href":"https:\/\/mmkriepas.lv\/en\/wp-json\/wp\/v2\/product"}],"about":[{"href":"https:\/\/mmkriepas.lv\/en\/wp-json\/wp\/v2\/types\/product"}],"wp:featuredmedia":[{"embeddable":true,"href":"https:\/\/mmkriepas.lv\/en\/wp-json\/wp\/v2\/media\/862466"}],"wp:attachment":[{"href":"https:\/\/mmkriepas.lv\/en\/wp-json\/wp\/v2\/media?parent=862240"}],"wp:term":[{"taxonomy":"product_brand","embeddable":true,"href":"https:\/\/mmkriepas.lv\/en\/wp-json\/wp\/v2\/product_brand?post=862240"},{"taxonomy":"product_cat","embeddable":true,"href":"https:\/\/mmkriepas.lv\/en\/wp-json\/wp\/v2\/product_cat?post=862240"},{"taxonomy":"product_tag","embeddable":true,"href":"https:\/\/mmkriepas.lv\/en\/wp-json\/wp\/v2\/product_tag?post=862240"}],"curies":[{"name":"wp","href":"https:\/\/api.w.org\/{rel}","templated":true}]}}