{"id":861503,"date":"2024-02-15T17:31:06","date_gmt":"2024-02-15T15:31:06","guid":{"rendered":"https:\/\/mmkserviss.lv\/?post_type=product&#038;p=861503"},"modified":"2026-03-27T13:51:35","modified_gmt":"2026-03-27T11:51:35","slug":"225-60r17-goodyear-efficientgrip-2-suv-99h-2","status":"publish","type":"product","link":"https:\/\/mmkriepas.lv\/en\/p\/225-60r17-goodyear-efficientgrip-2-suv-99h-2\/","title":{"rendered":"225\/60R17 Goodyear EfficientGrip 2 SUV 99H"},"content":{"rendered":"<p><strong>Goodyear EfficientGrip 2 SUV <\/strong>ir premium klases vasaras riepu modelis kas paredz\u0113ts krosoveriem un SUV automa\u0161\u012bn\u0101m. Izcila izv\u0113le automa\u0161\u012bn\u0101m, kam prim\u0101r\u0101 p\u0101rvieto\u0161an\u0101s ir pilsetvid\u0113 un pa \u0161osej\u0101m. Testu uzvar\u0113t\u0101js ar p\u0101rliecino\u0161iem veiktsp\u0113jas uzlabojumiem.<\/p>\n<p><strong>EfficientGrip 2 SUV \u012bpa\u0161\u012bbas:<\/strong><\/p>\n<p>+ Jauns gumijas sast\u0101vs.<\/p>\n<p>+ Uzlabots protektora raksts.<\/p>\n<p>+ Par 25% liel\u0101ks nobraukums, sal\u012bdzin\u0101jum\u0101 ar EfficientGrip SUV.<\/p>\n<p>+ Uzlabota riepas kostrukcija, kas rezult\u0113jas lab\u0101k\u0101 vad\u0101m\u012bb\u0101.<\/p>\n<p>+ Uzlabota veiksp\u0113ja uz sausa un slapja ce\u013cu seguma.<\/p>\n<p>+ Izteikts akustiskais komforts.<\/p>\n<p><strong>EfficientGrip 2 SUV raksturojums:<\/strong><\/p>\n<p><strong>Goodyear EfficientGrip 2 SUV <\/strong>ir jaun\u0101kais SUV modelis Goodyear sortiment\u0101, kas ir n\u0101ko\u0161\u0101 paaudze EfficientGrip SUV modelim. Riepa ir piln\u012bb\u0101 p\u0101rveidota un ieguvusi jaunu vizu\u0101lo t\u0113lu, kas rezult\u0113jas augst\u0101k\u0101 veiktsp\u0113j\u0101.<\/p>\n<p>\u0160is modelis ir apr\u012bkots ar \u201cMileage Plus\u201d tehnolo\u0123iju, kura sniedz l\u012bdz pat 25% liel\u0101ku nobrauku, sal\u012bdzin\u0101jum\u0101 ar iepriek\u0161\u0113jo modeli. Uzlabotais gumijs sast\u0101vs, kas ir k\u013cuvis elest\u012bg\u0101ks, pal\u012bdz riepai lab\u0101k \u201cnovecot\u201d un sasniegt augst\u0101ku nobraukumu.<\/p>\n<p>Papildus jaunajam gumijas sast\u0101vam un protektora rakstam, piln\u012bb\u0101 ir p\u0101rveidota \u016bdens novad\u012b\u0161anas sist\u0113ma, kas rezult\u0113jas lab\u0101k\u0101 vadam\u012bb\u0101 un \u012bs\u0101k\u0101 bremz\u0113\u0161anas ce\u013ca garum\u0101 slapjos laikapst\u0101k\u013cos. Palielin\u0101tie protektora bloki sniedz liel\u0101ku saskares virsmu ar ce\u013ca segumu un sniedz uzlabotu bremz\u0113\u0161anas veiksp\u0113ju sausos laikapstak\u013cos.<\/p>\n","protected":false},"excerpt":{"rendered":"<p><strong>Goodyear EfficientGrip 2 SUV <\/strong>ir premium klases vasaras riepu modelis kas paredz\u0113ts krosoveriem un SUV automa\u0161\u012bn\u0101m. Izcila izv\u0113le automa\u0161\u012bn\u0101m, kam prim\u0101r\u0101 p\u0101rvieto\u0161an\u0101s ir pilsetvid\u0113 un pa \u0161osej\u0101m. Testu uzvar\u0113t\u0101js ar p\u0101rliecino\u0161iem veiktsp\u0113jas uzlabojumiem.<\/p>\n","protected":false},"featured_media":894097,"template":"","meta":{"_acf_changed":false,"ngg_post_thumbnail":0},"product_brand":[],"product_cat":[46],"product_tag":[],"class_list":{"0":"post-861503","1":"product","2":"type-product","3":"status-publish","4":"has-post-thumbnail","6":"product_cat-vasaras-riepas","8":"first","9":"instock","10":"sale","11":"taxable","12":"shipping-taxable","13":"purchasable","14":"product-type-simple"},"acf":[],"yoast_head":"<!-- This site is optimized with the Yoast SEO Premium plugin v22.6 (Yoast SEO v27.3) - https:\/\/yoast.com\/product\/yoast-seo-premium-wordpress\/ -->\n<title>225\/60R17 Goodyear EfficientGrip 2 SUV 99H &#8226; MMK Riepas<\/title>\n<meta name=\"robots\" content=\"index, follow, max-snippet:-1, max-image-preview:large, max-video-preview:-1\" \/>\n<link rel=\"canonical\" href=\"https:\/\/mmkriepas.lv\/en\/p\/225-60r17-goodyear-efficientgrip-2-suv-99h-2\/\" \/>\n<meta property=\"og:locale\" content=\"en_US\" \/>\n<meta property=\"og:type\" content=\"article\" \/>\n<meta property=\"og:title\" content=\"225\/60R17 Goodyear EfficientGrip 2 SUV 99H\" \/>\n<meta property=\"og:description\" content=\"Goodyear EfficientGrip 2 SUV ir premium klases vasaras riepu modelis kas paredz\u0113ts krosoveriem un SUV automa\u0161\u012bn\u0101m. Izcila izv\u0113le automa\u0161\u012bn\u0101m, kam prim\u0101r\u0101 p\u0101rvieto\u0161an\u0101s ir pilsetvid\u0113 un pa \u0161osej\u0101m. Testu uzvar\u0113t\u0101js ar p\u0101rliecino\u0161iem veiktsp\u0113jas uzlabojumiem.\" \/>\n<meta property=\"og:url\" content=\"https:\/\/mmkriepas.lv\/en\/p\/225-60r17-goodyear-efficientgrip-2-suv-99h-2\/\" \/>\n<meta property=\"og:site_name\" content=\"MMK Riepas\" \/>\n<meta property=\"article:publisher\" content=\"https:\/\/www.facebook.com\/mmkserviss\/\" \/>\n<meta property=\"article:modified_time\" content=\"2026-03-27T11:51:35+00:00\" \/>\n<meta property=\"og:image\" content=\"https:\/\/mmkriepas.lv\/wp-content\/uploads\/2024\/04\/23565r17-goodyear-efficientgrip-2-suv-108v-xl-vasaras-riepas.jpg\" \/>\n\t<meta property=\"og:image:width\" content=\"1000\" \/>\n\t<meta property=\"og:image:height\" content=\"750\" \/>\n\t<meta property=\"og:image:type\" content=\"image\/jpeg\" \/>\n<meta name=\"twitter:card\" content=\"summary_large_image\" \/>\n<meta name=\"twitter:label1\" content=\"Price\" \/>\n\t<meta name=\"twitter:data1\" content=\"&euro;186.00\" \/>\n\t<meta name=\"twitter:label2\" content=\"Availability\" \/>\n\t<meta name=\"twitter:data2\" content=\"In stock\" \/>\n<script type=\"application\/ld+json\" class=\"yoast-schema-graph\">{\"@context\":\"https:\\\/\\\/schema.org\",\"@graph\":[{\"@type\":\"WebPage\",\"@id\":\"https:\\\/\\\/mmkriepas.lv\\\/en\\\/p\\\/225-60r17-goodyear-efficientgrip-2-suv-99h-2\\\/\",\"url\":\"https:\\\/\\\/mmkriepas.lv\\\/en\\\/p\\\/225-60r17-goodyear-efficientgrip-2-suv-99h-2\\\/\",\"name\":\"225\\\/60R17 Goodyear EfficientGrip 2 SUV 99H &#8226; MMK Riepas\",\"isPartOf\":{\"@id\":\"https:\\\/\\\/mmkriepas.lv\\\/en\\\/#website\"},\"primaryImageOfPage\":{\"@id\":\"https:\\\/\\\/mmkriepas.lv\\\/en\\\/p\\\/225-60r17-goodyear-efficientgrip-2-suv-99h-2\\\/#primaryimage\"},\"image\":{\"@id\":\"https:\\\/\\\/mmkriepas.lv\\\/en\\\/p\\\/225-60r17-goodyear-efficientgrip-2-suv-99h-2\\\/#primaryimage\"},\"thumbnailUrl\":\"https:\\\/\\\/mmkriepas.lv\\\/wp-content\\\/uploads\\\/2024\\\/04\\\/23565r17-goodyear-efficientgrip-2-suv-108v-xl-vasaras-riepas.jpg\",\"datePublished\":\"2024-02-15T15:31:06+00:00\",\"dateModified\":\"2026-03-27T11:51:35+00:00\",\"breadcrumb\":{\"@id\":\"https:\\\/\\\/mmkriepas.lv\\\/en\\\/p\\\/225-60r17-goodyear-efficientgrip-2-suv-99h-2\\\/#breadcrumb\"},\"inLanguage\":\"en-US\",\"potentialAction\":[{\"@type\":\"ReadAction\",\"target\":[\"https:\\\/\\\/mmkriepas.lv\\\/en\\\/p\\\/225-60r17-goodyear-efficientgrip-2-suv-99h-2\\\/\"]}]},{\"@type\":\"ImageObject\",\"inLanguage\":\"en-US\",\"@id\":\"https:\\\/\\\/mmkriepas.lv\\\/en\\\/p\\\/225-60r17-goodyear-efficientgrip-2-suv-99h-2\\\/#primaryimage\",\"url\":\"https:\\\/\\\/mmkriepas.lv\\\/wp-content\\\/uploads\\\/2024\\\/04\\\/23565r17-goodyear-efficientgrip-2-suv-108v-xl-vasaras-riepas.jpg\",\"contentUrl\":\"https:\\\/\\\/mmkriepas.lv\\\/wp-content\\\/uploads\\\/2024\\\/04\\\/23565r17-goodyear-efficientgrip-2-suv-108v-xl-vasaras-riepas.jpg\",\"width\":1000,\"height\":750,\"caption\":\"MAIN\"},{\"@type\":\"BreadcrumbList\",\"@id\":\"https:\\\/\\\/mmkriepas.lv\\\/en\\\/p\\\/225-60r17-goodyear-efficientgrip-2-suv-99h-2\\\/#breadcrumb\",\"itemListElement\":[{\"@type\":\"ListItem\",\"position\":1,\"name\":\"S\u0101kums\",\"item\":\"https:\\\/\\\/mmkriepas.lv\\\/en\\\/\"},{\"@type\":\"ListItem\",\"position\":2,\"name\":\"225\\\/60R17 Goodyear EfficientGrip 2 SUV 99H\"}]},{\"@type\":\"WebSite\",\"@id\":\"https:\\\/\\\/mmkriepas.lv\\\/en\\\/#website\",\"url\":\"https:\\\/\\\/mmkriepas.lv\\\/en\\\/\",\"name\":\"MMK Riepas\",\"description\":\"MMK Riepas\",\"alternateName\":\"MMK Riepu Serviss\",\"potentialAction\":[{\"@type\":\"SearchAction\",\"target\":{\"@type\":\"EntryPoint\",\"urlTemplate\":\"https:\\\/\\\/mmkriepas.lv\\\/en\\\/?s={search_term_string}\"},\"query-input\":{\"@type\":\"PropertyValueSpecification\",\"valueRequired\":true,\"valueName\":\"search_term_string\"}}],\"inLanguage\":\"en-US\"},{\"@type\":\"ImageObject\",\"inLanguage\":\"en-US\",\"@id\":\"https:\\\/\\\/mmkriepas.lv\\\/en\\\/p\\\/225-60r17-goodyear-efficientgrip-2-suv-99h-2\\\/#local-main-organization-logo\",\"url\":\"\",\"contentUrl\":\"\",\"caption\":\"MMK Riepas\"}]}<\/script>\n<meta property=\"product:brand\" content=\"Goodyear EfficientGrip 2 SUV\" \/>\n<meta property=\"product:price:amount\" content=\"186.00\" \/>\n<meta property=\"product:price:currency\" content=\"EUR\" \/>\n<meta property=\"og:availability\" content=\"instock\" \/>\n<meta property=\"product:availability\" content=\"instock\" \/>\n<meta property=\"product:retailer_item_id\" content=\"TS2256017GOODY-L33299\" \/>\n<meta property=\"product:condition\" content=\"new\" \/>\n<!-- \/ Yoast SEO Premium plugin. -->","yoast_head_json":{"title":"225\/60R17 Goodyear EfficientGrip 2 SUV 99H &#8226; MMK Riepas","robots":{"index":"index","follow":"follow","max-snippet":"max-snippet:-1","max-image-preview":"max-image-preview:large","max-video-preview":"max-video-preview:-1"},"canonical":"https:\/\/mmkriepas.lv\/en\/p\/225-60r17-goodyear-efficientgrip-2-suv-99h-2\/","og_locale":"en_US","og_type":"article","og_title":"225\/60R17 Goodyear EfficientGrip 2 SUV 99H","og_description":"Goodyear EfficientGrip 2 SUV ir premium klases vasaras riepu modelis kas paredz\u0113ts krosoveriem un SUV automa\u0161\u012bn\u0101m. Izcila izv\u0113le automa\u0161\u012bn\u0101m, kam prim\u0101r\u0101 p\u0101rvieto\u0161an\u0101s ir pilsetvid\u0113 un pa \u0161osej\u0101m. Testu uzvar\u0113t\u0101js ar p\u0101rliecino\u0161iem veiktsp\u0113jas uzlabojumiem.","og_url":"https:\/\/mmkriepas.lv\/en\/p\/225-60r17-goodyear-efficientgrip-2-suv-99h-2\/","og_site_name":"MMK Riepas","article_publisher":"https:\/\/www.facebook.com\/mmkserviss\/","article_modified_time":"2026-03-27T11:51:35+00:00","og_image":[{"width":1000,"height":750,"url":"https:\/\/mmkriepas.lv\/wp-content\/uploads\/2024\/04\/23565r17-goodyear-efficientgrip-2-suv-108v-xl-vasaras-riepas.jpg","type":"image\/jpeg"}],"twitter_card":"summary_large_image","twitter_misc":{"Price":"&euro;186.00","Availability":"In stock"},"schema":{"@context":"https:\/\/schema.org","@graph":[{"@type":"WebPage","@id":"https:\/\/mmkriepas.lv\/en\/p\/225-60r17-goodyear-efficientgrip-2-suv-99h-2\/","url":"https:\/\/mmkriepas.lv\/en\/p\/225-60r17-goodyear-efficientgrip-2-suv-99h-2\/","name":"225\/60R17 Goodyear EfficientGrip 2 SUV 99H &#8226; MMK Riepas","isPartOf":{"@id":"https:\/\/mmkriepas.lv\/en\/#website"},"primaryImageOfPage":{"@id":"https:\/\/mmkriepas.lv\/en\/p\/225-60r17-goodyear-efficientgrip-2-suv-99h-2\/#primaryimage"},"image":{"@id":"https:\/\/mmkriepas.lv\/en\/p\/225-60r17-goodyear-efficientgrip-2-suv-99h-2\/#primaryimage"},"thumbnailUrl":"https:\/\/mmkriepas.lv\/wp-content\/uploads\/2024\/04\/23565r17-goodyear-efficientgrip-2-suv-108v-xl-vasaras-riepas.jpg","datePublished":"2024-02-15T15:31:06+00:00","dateModified":"2026-03-27T11:51:35+00:00","breadcrumb":{"@id":"https:\/\/mmkriepas.lv\/en\/p\/225-60r17-goodyear-efficientgrip-2-suv-99h-2\/#breadcrumb"},"inLanguage":"en-US","potentialAction":[{"@type":"ReadAction","target":["https:\/\/mmkriepas.lv\/en\/p\/225-60r17-goodyear-efficientgrip-2-suv-99h-2\/"]}]},{"@type":"ImageObject","inLanguage":"en-US","@id":"https:\/\/mmkriepas.lv\/en\/p\/225-60r17-goodyear-efficientgrip-2-suv-99h-2\/#primaryimage","url":"https:\/\/mmkriepas.lv\/wp-content\/uploads\/2024\/04\/23565r17-goodyear-efficientgrip-2-suv-108v-xl-vasaras-riepas.jpg","contentUrl":"https:\/\/mmkriepas.lv\/wp-content\/uploads\/2024\/04\/23565r17-goodyear-efficientgrip-2-suv-108v-xl-vasaras-riepas.jpg","width":1000,"height":750,"caption":"MAIN"},{"@type":"BreadcrumbList","@id":"https:\/\/mmkriepas.lv\/en\/p\/225-60r17-goodyear-efficientgrip-2-suv-99h-2\/#breadcrumb","itemListElement":[{"@type":"ListItem","position":1,"name":"S\u0101kums","item":"https:\/\/mmkriepas.lv\/en\/"},{"@type":"ListItem","position":2,"name":"225\/60R17 Goodyear EfficientGrip 2 SUV 99H"}]},{"@type":"WebSite","@id":"https:\/\/mmkriepas.lv\/en\/#website","url":"https:\/\/mmkriepas.lv\/en\/","name":"MMK Riepas","description":"MMK Riepas","alternateName":"MMK Riepu Serviss","potentialAction":[{"@type":"SearchAction","target":{"@type":"EntryPoint","urlTemplate":"https:\/\/mmkriepas.lv\/en\/?s={search_term_string}"},"query-input":{"@type":"PropertyValueSpecification","valueRequired":true,"valueName":"search_term_string"}}],"inLanguage":"en-US"},{"@type":"ImageObject","inLanguage":"en-US","@id":"https:\/\/mmkriepas.lv\/en\/p\/225-60r17-goodyear-efficientgrip-2-suv-99h-2\/#local-main-organization-logo","url":"","contentUrl":"","caption":"MMK Riepas"}]},"product_brand":"Goodyear EfficientGrip 2 SUV","product_price_amount":"186.00","product_price_currency":"EUR","og_availability":"instock","product_availability":"instock","product_retailer_item_id":"TS2256017GOODY-L33299","product_condition":"new"},"_links":{"self":[{"href":"https:\/\/mmkriepas.lv\/en\/wp-json\/wp\/v2\/product\/861503","targetHints":{"allow":["GET"]}}],"collection":[{"href":"https:\/\/mmkriepas.lv\/en\/wp-json\/wp\/v2\/product"}],"about":[{"href":"https:\/\/mmkriepas.lv\/en\/wp-json\/wp\/v2\/types\/product"}],"wp:featuredmedia":[{"embeddable":true,"href":"https:\/\/mmkriepas.lv\/en\/wp-json\/wp\/v2\/media\/894097"}],"wp:attachment":[{"href":"https:\/\/mmkriepas.lv\/en\/wp-json\/wp\/v2\/media?parent=861503"}],"wp:term":[{"taxonomy":"product_brand","embeddable":true,"href":"https:\/\/mmkriepas.lv\/en\/wp-json\/wp\/v2\/product_brand?post=861503"},{"taxonomy":"product_cat","embeddable":true,"href":"https:\/\/mmkriepas.lv\/en\/wp-json\/wp\/v2\/product_cat?post=861503"},{"taxonomy":"product_tag","embeddable":true,"href":"https:\/\/mmkriepas.lv\/en\/wp-json\/wp\/v2\/product_tag?post=861503"}],"curies":[{"name":"wp","href":"https:\/\/api.w.org\/{rel}","templated":true}]}}