{"id":860912,"date":"2024-02-12T16:57:06","date_gmt":"2024-02-12T14:57:06","guid":{"rendered":"https:\/\/mmkserviss.lv\/?post_type=product&#038;p=860912"},"modified":"2026-03-30T12:49:20","modified_gmt":"2026-03-30T09:49:20","slug":"185-60r15-triangle-reliaxtouring-te307-88h-xl-2","status":"publish","type":"product","link":"https:\/\/mmkriepas.lv\/en\/p\/185-60r15-triangle-reliaxtouring-te307-88h-xl-2\/","title":{"rendered":"185\/60R15 Triangle ReliaXTouring TE307 88H XL"},"content":{"rendered":"<p align=\"left\"><span style=\"color: #ff0000;\"><span style=\"font-family: Arial, serif;\"><span style=\"font-size: large;\"><strong><span style=\"color: #000000;\"><span style=\"font-family: Arial, sans-serif;\"><span style=\"font-size: small;\">Triangle ReliaXTouring TE307\u00a0<\/span><\/span><\/span><\/strong><span style=\"color: #000000;\"><span style=\"font-family: Arial, sans-serif;\"><span style=\"font-size: small;\">ir labas kvalit\u0101tes, bud\u017eeta klases vasaras riepu modelis. Tas izce\u013cas ar labu akustisko un brauk\u0161anas komfortu, k\u0101 ar\u012b ar labiem sa\u0137eres r\u0101d\u012bt\u0101jiem uz sausa un slapja asfalta. \u0160is riepu modelis pieejams izm\u0113ru kl\u0101st\u0101 no R14 l\u012bdz R16 un paredz\u0113ts kompaktklases automa\u0161\u012bn\u0101m.<\/span><\/span><\/span><\/span><\/span><\/span><\/p>\n<h3 class=\"western\" align=\"left\"><strong><span style=\"color: #000000;\"><span style=\"font-family: Arial, sans-serif;\">Triangle ReliaXTouring TE307\u00a0 galven\u0101s iez\u012bmes<\/span><\/span><\/strong><\/h3>\n<p align=\"left\"><span style=\"color: #000000;\"><span style=\"font-family: Arial, sans-serif;\">+ Laba sa\u0137ere gan uz sausa, gan slapja asfalta,<br \/>+ Riepu modelis izstr\u0101d\u0101ts speci\u0101li kompaktklases automa\u0161\u012bn\u0101m,<br \/>+ Degvielas ekonomija,<br \/>+ Palielin\u0101ta nodilumiztur\u012bba,<br \/>+ Zems akvaplan\u0113\u0161anas risks,<br \/>+ Izteikts akustiskais un brauk\u0161anas gaitas komforts.<\/span><\/span><\/p>\n<h3 class=\"western\" align=\"left\"><span style=\"color: #ff0000;\"><span style=\"font-family: Arial, serif;\"><span style=\"font-size: large;\"><strong><span style=\"color: #000000;\"><span style=\"font-family: Arial, sans-serif;\">ReliaXTouring TE307 apr\u012bkojums<\/span><\/span><\/strong><\/span><\/span><\/span><\/h3>\n<p align=\"left\"><strong><span style=\"color: #000000;\"><span style=\"font-family: Arial, sans-serif;\">Triangle ReliaXTouring TE307\u00a0<\/span><\/span><\/strong><span style=\"color: #000000;\"><span style=\"font-family: Arial, sans-serif;\">vasaras riepas apr\u012bkotas ar asimetrisku protektora dizainu. \u0160\u0101ds dizains nereti tiek izv\u0113l\u0113ts vasaras riepu ra\u017eo\u0161an\u0101, jo tas sev\u012b apvieno labus dro\u0161\u012bbas un komforta r\u0101d\u012bt\u0101jus pat lielos brauk\u0161anas \u0101trumos.<\/span><\/span><\/p>\n<p align=\"left\"><span style=\"color: #000000;\"><span style=\"font-family: Arial, sans-serif;\">Starp protektora bloku virkn\u0113m atrodama augsti att\u012bst\u012bta dren\u0101\u017eas jeb \u016bdens novadkan\u0101lu sist\u0113ma. T\u0101 \u0101tri un efekt\u012bvi atbr\u012bvo riepu kontakta virsmu ar ce\u013cu no \u016bdens, b\u016btiski samazinot akvaplan\u0113\u0161anas risku.<\/span><\/span><\/p>\n<p align=\"left\"><span style=\"color: #000000;\"><span style=\"font-family: Arial, sans-serif;\">Protektora bloku virknes un atstarpes starp t\u0101m izstr\u0101d\u0101tas t\u0101, lai ska\u0146as vi\u013c\u0146i, kas rodas braucot, tiek sl\u0101p\u0113ti. \u0160\u0101ds risin\u0101jums nodro\u0161ina klusu un komfortablu gaitu kompaktklases automa\u0161\u012bn\u0101m, kuru pakotne bie\u017ei nav t\u0101 izol\u0113jo\u0161\u0101k\u0101.<\/span><\/span><\/p>\n","protected":false},"excerpt":{"rendered":"<p><span style=\"color: #ff0000;\"><span style=\"font-family: Arial, serif;\"><span style=\"font-size: large;\"><strong><span style=\"color: #000000;\"><span style=\"font-family: Arial, sans-serif;\"><span style=\"font-size: small;\">Triangle ReliaXTouring TE307 <\/span><\/span><\/span><\/strong><span style=\"color: #000000;\"><span style=\"font-family: Arial, sans-serif;\"><span style=\"font-size: small;\">ir labas kvalit\u0101tes, bud\u017eeta klases vasaras riepu modelis. Tas izce\u013cas ar labu akustisko un brauk\u0161anas komfortu, k\u0101 ar\u012b ar labiem sa\u0137eres r\u0101d\u012bt\u0101jiem uz sausa un slapja asfalta. \u0160is riepu modelis pieejams izm\u0113ru kl\u0101st\u0101 no R14 l\u012bdz R16 un paredz\u0113ts kompaktklases automa\u0161\u012bn\u0101m.<\/span><\/span><\/span><\/span><\/span><\/span><\/p>\n","protected":false},"featured_media":863523,"template":"","meta":{"_acf_changed":false,"ngg_post_thumbnail":0},"product_brand":[],"product_cat":[46],"product_tag":[],"class_list":{"0":"post-860912","1":"product","2":"type-product","3":"status-publish","4":"has-post-thumbnail","6":"product_cat-vasaras-riepas","8":"first","9":"instock","10":"sale","11":"taxable","12":"shipping-taxable","13":"purchasable","14":"product-type-simple"},"acf":[],"yoast_head":"<!-- This site is optimized with the Yoast SEO Premium plugin v22.6 (Yoast SEO v27.3) - https:\/\/yoast.com\/product\/yoast-seo-premium-wordpress\/ -->\n<title>185\/60R15 Triangle ReliaXTouring TE307 88H XL &#8226; MMK Riepas<\/title>\n<meta name=\"robots\" content=\"index, follow, max-snippet:-1, max-image-preview:large, max-video-preview:-1\" \/>\n<link rel=\"canonical\" href=\"https:\/\/mmkriepas.lv\/en\/p\/185-60r15-triangle-reliaxtouring-te307-88h-xl-2\/\" \/>\n<meta property=\"og:locale\" content=\"en_US\" \/>\n<meta property=\"og:type\" content=\"article\" \/>\n<meta property=\"og:title\" content=\"185\/60R15 Triangle ReliaXTouring TE307 88H XL\" \/>\n<meta property=\"og:description\" content=\"Triangle ReliaXTouring TE307 ir labas kvalit\u0101tes, bud\u017eeta klases vasaras riepu modelis. Tas izce\u013cas ar labu akustisko un brauk\u0161anas komfortu, k\u0101 ar\u012b ar labiem sa\u0137eres r\u0101d\u012bt\u0101jiem uz sausa un slapja asfalta. \u0160is riepu modelis pieejams izm\u0113ru kl\u0101st\u0101 no R14 l\u012bdz R16 un paredz\u0113ts kompaktklases automa\u0161\u012bn\u0101m.\" \/>\n<meta property=\"og:url\" content=\"https:\/\/mmkriepas.lv\/en\/p\/185-60r15-triangle-reliaxtouring-te307-88h-xl-2\/\" \/>\n<meta property=\"og:site_name\" content=\"MMK Riepas\" \/>\n<meta property=\"article:publisher\" content=\"https:\/\/www.facebook.com\/mmkserviss\/\" \/>\n<meta property=\"article:modified_time\" content=\"2026-03-30T09:49:20+00:00\" \/>\n<meta property=\"og:image\" content=\"https:\/\/mmkriepas.lv\/wp-content\/uploads\/2024\/02\/20565r16-triangle-reliaxtouring-te307-95h-vasaras-riepas.jpg\" \/>\n\t<meta property=\"og:image:width\" content=\"1920\" \/>\n\t<meta property=\"og:image:height\" content=\"1440\" \/>\n\t<meta property=\"og:image:type\" content=\"image\/jpeg\" \/>\n<meta name=\"twitter:card\" content=\"summary_large_image\" \/>\n<meta name=\"twitter:label1\" content=\"Price\" \/>\n\t<meta name=\"twitter:data1\" content=\"&euro;44.00\" \/>\n\t<meta name=\"twitter:label2\" content=\"Availability\" \/>\n\t<meta name=\"twitter:data2\" content=\"In stock\" \/>\n<script type=\"application\/ld+json\" class=\"yoast-schema-graph\">{\"@context\":\"https:\\\/\\\/schema.org\",\"@graph\":[{\"@type\":\"WebPage\",\"@id\":\"https:\\\/\\\/mmkriepas.lv\\\/en\\\/p\\\/185-60r15-triangle-reliaxtouring-te307-88h-xl-2\\\/\",\"url\":\"https:\\\/\\\/mmkriepas.lv\\\/en\\\/p\\\/185-60r15-triangle-reliaxtouring-te307-88h-xl-2\\\/\",\"name\":\"185\\\/60R15 Triangle ReliaXTouring TE307 88H XL &#8226; MMK Riepas\",\"isPartOf\":{\"@id\":\"https:\\\/\\\/mmkriepas.lv\\\/en\\\/#website\"},\"primaryImageOfPage\":{\"@id\":\"https:\\\/\\\/mmkriepas.lv\\\/en\\\/p\\\/185-60r15-triangle-reliaxtouring-te307-88h-xl-2\\\/#primaryimage\"},\"image\":{\"@id\":\"https:\\\/\\\/mmkriepas.lv\\\/en\\\/p\\\/185-60r15-triangle-reliaxtouring-te307-88h-xl-2\\\/#primaryimage\"},\"thumbnailUrl\":\"https:\\\/\\\/mmkriepas.lv\\\/wp-content\\\/uploads\\\/2024\\\/02\\\/20565r16-triangle-reliaxtouring-te307-95h-vasaras-riepas.jpg\",\"datePublished\":\"2024-02-12T14:57:06+00:00\",\"dateModified\":\"2026-03-30T09:49:20+00:00\",\"breadcrumb\":{\"@id\":\"https:\\\/\\\/mmkriepas.lv\\\/en\\\/p\\\/185-60r15-triangle-reliaxtouring-te307-88h-xl-2\\\/#breadcrumb\"},\"inLanguage\":\"en-US\",\"potentialAction\":[{\"@type\":\"ReadAction\",\"target\":[\"https:\\\/\\\/mmkriepas.lv\\\/en\\\/p\\\/185-60r15-triangle-reliaxtouring-te307-88h-xl-2\\\/\"]}]},{\"@type\":\"ImageObject\",\"inLanguage\":\"en-US\",\"@id\":\"https:\\\/\\\/mmkriepas.lv\\\/en\\\/p\\\/185-60r15-triangle-reliaxtouring-te307-88h-xl-2\\\/#primaryimage\",\"url\":\"https:\\\/\\\/mmkriepas.lv\\\/wp-content\\\/uploads\\\/2024\\\/02\\\/20565r16-triangle-reliaxtouring-te307-95h-vasaras-riepas.jpg\",\"contentUrl\":\"https:\\\/\\\/mmkriepas.lv\\\/wp-content\\\/uploads\\\/2024\\\/02\\\/20565r16-triangle-reliaxtouring-te307-95h-vasaras-riepas.jpg\",\"width\":1920,\"height\":1440,\"caption\":\"205\\\/65R16 Triangle ReliaXTouring TE307 95H - Vasaras riepas\"},{\"@type\":\"BreadcrumbList\",\"@id\":\"https:\\\/\\\/mmkriepas.lv\\\/en\\\/p\\\/185-60r15-triangle-reliaxtouring-te307-88h-xl-2\\\/#breadcrumb\",\"itemListElement\":[{\"@type\":\"ListItem\",\"position\":1,\"name\":\"S\u0101kums\",\"item\":\"https:\\\/\\\/mmkriepas.lv\\\/en\\\/\"},{\"@type\":\"ListItem\",\"position\":2,\"name\":\"185\\\/60R15 Triangle ReliaXTouring TE307 88H XL\"}]},{\"@type\":\"WebSite\",\"@id\":\"https:\\\/\\\/mmkriepas.lv\\\/en\\\/#website\",\"url\":\"https:\\\/\\\/mmkriepas.lv\\\/en\\\/\",\"name\":\"MMK Riepas\",\"description\":\"MMK Riepas\",\"alternateName\":\"MMK Riepu Serviss\",\"potentialAction\":[{\"@type\":\"SearchAction\",\"target\":{\"@type\":\"EntryPoint\",\"urlTemplate\":\"https:\\\/\\\/mmkriepas.lv\\\/en\\\/?s={search_term_string}\"},\"query-input\":{\"@type\":\"PropertyValueSpecification\",\"valueRequired\":true,\"valueName\":\"search_term_string\"}}],\"inLanguage\":\"en-US\"},{\"@type\":\"ImageObject\",\"inLanguage\":\"en-US\",\"@id\":\"https:\\\/\\\/mmkriepas.lv\\\/en\\\/p\\\/185-60r15-triangle-reliaxtouring-te307-88h-xl-2\\\/#local-main-organization-logo\",\"url\":\"\",\"contentUrl\":\"\",\"caption\":\"MMK Riepas\"}]}<\/script>\n<meta property=\"product:brand\" content=\"Triangle ReliaXTouring TE307\" \/>\n<meta property=\"product:price:amount\" content=\"44.00\" \/>\n<meta property=\"product:price:currency\" content=\"EUR\" \/>\n<meta property=\"og:availability\" content=\"instock\" \/>\n<meta property=\"product:availability\" content=\"instock\" \/>\n<meta property=\"product:retailer_item_id\" content=\"TS1856015TRIAN-33253\" \/>\n<meta property=\"product:condition\" content=\"new\" \/>\n<!-- \/ Yoast SEO Premium plugin. -->","yoast_head_json":{"title":"185\/60R15 Triangle ReliaXTouring TE307 88H XL &#8226; MMK Riepas","robots":{"index":"index","follow":"follow","max-snippet":"max-snippet:-1","max-image-preview":"max-image-preview:large","max-video-preview":"max-video-preview:-1"},"canonical":"https:\/\/mmkriepas.lv\/en\/p\/185-60r15-triangle-reliaxtouring-te307-88h-xl-2\/","og_locale":"en_US","og_type":"article","og_title":"185\/60R15 Triangle ReliaXTouring TE307 88H XL","og_description":"Triangle ReliaXTouring TE307 ir labas kvalit\u0101tes, bud\u017eeta klases vasaras riepu modelis. Tas izce\u013cas ar labu akustisko un brauk\u0161anas komfortu, k\u0101 ar\u012b ar labiem sa\u0137eres r\u0101d\u012bt\u0101jiem uz sausa un slapja asfalta. \u0160is riepu modelis pieejams izm\u0113ru kl\u0101st\u0101 no R14 l\u012bdz R16 un paredz\u0113ts kompaktklases automa\u0161\u012bn\u0101m.","og_url":"https:\/\/mmkriepas.lv\/en\/p\/185-60r15-triangle-reliaxtouring-te307-88h-xl-2\/","og_site_name":"MMK Riepas","article_publisher":"https:\/\/www.facebook.com\/mmkserviss\/","article_modified_time":"2026-03-30T09:49:20+00:00","og_image":[{"width":1920,"height":1440,"url":"https:\/\/mmkriepas.lv\/wp-content\/uploads\/2024\/02\/20565r16-triangle-reliaxtouring-te307-95h-vasaras-riepas.jpg","type":"image\/jpeg"}],"twitter_card":"summary_large_image","twitter_misc":{"Price":"&euro;44.00","Availability":"In stock"},"schema":{"@context":"https:\/\/schema.org","@graph":[{"@type":"WebPage","@id":"https:\/\/mmkriepas.lv\/en\/p\/185-60r15-triangle-reliaxtouring-te307-88h-xl-2\/","url":"https:\/\/mmkriepas.lv\/en\/p\/185-60r15-triangle-reliaxtouring-te307-88h-xl-2\/","name":"185\/60R15 Triangle ReliaXTouring TE307 88H XL &#8226; MMK Riepas","isPartOf":{"@id":"https:\/\/mmkriepas.lv\/en\/#website"},"primaryImageOfPage":{"@id":"https:\/\/mmkriepas.lv\/en\/p\/185-60r15-triangle-reliaxtouring-te307-88h-xl-2\/#primaryimage"},"image":{"@id":"https:\/\/mmkriepas.lv\/en\/p\/185-60r15-triangle-reliaxtouring-te307-88h-xl-2\/#primaryimage"},"thumbnailUrl":"https:\/\/mmkriepas.lv\/wp-content\/uploads\/2024\/02\/20565r16-triangle-reliaxtouring-te307-95h-vasaras-riepas.jpg","datePublished":"2024-02-12T14:57:06+00:00","dateModified":"2026-03-30T09:49:20+00:00","breadcrumb":{"@id":"https:\/\/mmkriepas.lv\/en\/p\/185-60r15-triangle-reliaxtouring-te307-88h-xl-2\/#breadcrumb"},"inLanguage":"en-US","potentialAction":[{"@type":"ReadAction","target":["https:\/\/mmkriepas.lv\/en\/p\/185-60r15-triangle-reliaxtouring-te307-88h-xl-2\/"]}]},{"@type":"ImageObject","inLanguage":"en-US","@id":"https:\/\/mmkriepas.lv\/en\/p\/185-60r15-triangle-reliaxtouring-te307-88h-xl-2\/#primaryimage","url":"https:\/\/mmkriepas.lv\/wp-content\/uploads\/2024\/02\/20565r16-triangle-reliaxtouring-te307-95h-vasaras-riepas.jpg","contentUrl":"https:\/\/mmkriepas.lv\/wp-content\/uploads\/2024\/02\/20565r16-triangle-reliaxtouring-te307-95h-vasaras-riepas.jpg","width":1920,"height":1440,"caption":"205\/65R16 Triangle ReliaXTouring TE307 95H - Vasaras riepas"},{"@type":"BreadcrumbList","@id":"https:\/\/mmkriepas.lv\/en\/p\/185-60r15-triangle-reliaxtouring-te307-88h-xl-2\/#breadcrumb","itemListElement":[{"@type":"ListItem","position":1,"name":"S\u0101kums","item":"https:\/\/mmkriepas.lv\/en\/"},{"@type":"ListItem","position":2,"name":"185\/60R15 Triangle ReliaXTouring TE307 88H XL"}]},{"@type":"WebSite","@id":"https:\/\/mmkriepas.lv\/en\/#website","url":"https:\/\/mmkriepas.lv\/en\/","name":"MMK Riepas","description":"MMK Riepas","alternateName":"MMK Riepu Serviss","potentialAction":[{"@type":"SearchAction","target":{"@type":"EntryPoint","urlTemplate":"https:\/\/mmkriepas.lv\/en\/?s={search_term_string}"},"query-input":{"@type":"PropertyValueSpecification","valueRequired":true,"valueName":"search_term_string"}}],"inLanguage":"en-US"},{"@type":"ImageObject","inLanguage":"en-US","@id":"https:\/\/mmkriepas.lv\/en\/p\/185-60r15-triangle-reliaxtouring-te307-88h-xl-2\/#local-main-organization-logo","url":"","contentUrl":"","caption":"MMK Riepas"}]},"product_brand":"Triangle ReliaXTouring TE307","product_price_amount":"44.00","product_price_currency":"EUR","og_availability":"instock","product_availability":"instock","product_retailer_item_id":"TS1856015TRIAN-33253","product_condition":"new"},"_links":{"self":[{"href":"https:\/\/mmkriepas.lv\/en\/wp-json\/wp\/v2\/product\/860912","targetHints":{"allow":["GET"]}}],"collection":[{"href":"https:\/\/mmkriepas.lv\/en\/wp-json\/wp\/v2\/product"}],"about":[{"href":"https:\/\/mmkriepas.lv\/en\/wp-json\/wp\/v2\/types\/product"}],"wp:featuredmedia":[{"embeddable":true,"href":"https:\/\/mmkriepas.lv\/en\/wp-json\/wp\/v2\/media\/863523"}],"wp:attachment":[{"href":"https:\/\/mmkriepas.lv\/en\/wp-json\/wp\/v2\/media?parent=860912"}],"wp:term":[{"taxonomy":"product_brand","embeddable":true,"href":"https:\/\/mmkriepas.lv\/en\/wp-json\/wp\/v2\/product_brand?post=860912"},{"taxonomy":"product_cat","embeddable":true,"href":"https:\/\/mmkriepas.lv\/en\/wp-json\/wp\/v2\/product_cat?post=860912"},{"taxonomy":"product_tag","embeddable":true,"href":"https:\/\/mmkriepas.lv\/en\/wp-json\/wp\/v2\/product_tag?post=860912"}],"curies":[{"name":"wp","href":"https:\/\/api.w.org\/{rel}","templated":true}]}}