{"id":852755,"date":"2024-02-05T12:10:11","date_gmt":"2024-02-05T10:10:11","guid":{"rendered":"https:\/\/mmkserviss.lv\/?post_type=product&#038;p=852755"},"modified":"2026-02-10T12:00:21","modified_gmt":"2026-02-10T10:00:21","slug":"205-55r17-marshal-mw51-95v-xl-2","status":"publish","type":"product","link":"https:\/\/mmkriepas.lv\/en\/p\/205-55r17-marshal-mw51-95v-xl-2\/","title":{"rendered":"205\/55R17 Marshal MW51 95V XL (Kumho)"},"content":{"rendered":"<p><strong><span style=\"font-family: 'Arial',sans-serif;\">Marshal MW51\u00a0<\/span><\/strong><span style=\"font-family: 'Arial',sans-serif;\">ir teicamas kvalit\u0101tes, vid\u0113j\u0101s klases ziemas riepu modelis. Tas izstr\u0101d\u0101ts speci\u0101li Zieme\u013ceiropas tirgum un izce\u013cas ar teicam\u0101m sa\u0137eres \u012bpa\u0161\u012bb\u0101m.<o:p><\/o:p><\/span><\/p>\n<h3><strong><span style=\"font-family: 'Arial',sans-serif;\">MW51 galven\u0101s iez\u012bmes<\/span><\/strong><span style=\"font-family: 'Arial',sans-serif;\"><o:p><\/o:p><\/span><\/h3>\n<p><span style=\"font-family: 'Arial',sans-serif;\">+ Teicamas sa\u0137eres un manevr\u0113tsp\u0113jas \u012bpa\u0161\u012bbas gan uz sausa un salpja asfalta, gan snieg\u0101.<o:p><\/o:p><\/span><\/p>\n<p><span style=\"font-family: 'Arial',sans-serif;\">+ Palielin\u0101ta nodilumiztur\u012bba.<o:p><\/o:p><\/span><\/p>\n<p><span style=\"font-family: 'Arial',sans-serif;\">+ Samazin\u0101ts akvaplan\u0113\u0161anas risks.<o:p><\/o:p><\/span><\/p>\n<p><span style=\"font-family: 'Arial',sans-serif;\">+ Honeycomb lamel\u0113\u0161anas sist\u0113ma uzlabo sa\u0137eri uz apledoju\u0161\u0101m ce\u013ca virsm\u0101m un sabliet\u0113ta sniega.<o:p><\/o:p><\/span><\/p>\n<h3><strong><span style=\"font-family: 'Arial',sans-serif;\">MW51 apr\u012bkojums<\/span><\/strong><span style=\"font-family: 'Arial',sans-serif;\"><o:p><\/o:p><\/span><\/h3>\n<p><strong><span style=\"font-family: 'Arial',sans-serif;\">Marshal MW51\u00a0<\/span><\/strong><span style=\"font-family: 'Arial',sans-serif;\">ziemas riepas apr\u012bkotas ar uzlabota dizaina virzienveida protektora rakstu.\u00a0 Samazin\u0101ts protektora bloku izm\u0113rs un palielin\u0101ts to skaits noz\u012bm\u0113 lab\u0101ku veiktsp\u0113ju snieg\u0101, k\u0101 ar\u012b lab\u0101ku \u016bdens novadi no riepu kontakta virsmas ar ce\u013cu, samazinot akvaplan\u0113\u0161anas risku.<o:p><\/o:p><\/span><\/p>\n<p><span style=\"font-family: 'Arial',sans-serif;\">V-veid\u0101 izk\u0101rtotie protektora bloki bru\u0146oti ar HoneyComb tehnolo\u0123ijas lamel\u0113m. T\u0101s sp\u0113j nodro\u0161in\u0101t sa\u0137eri un manevr\u0113tsp\u0113ju uz ledus un sabliet\u0113ta sniega, slidenaj\u0101s virsm\u0101s iec\u0113rtoties ar as\u0101m kant\u0113m.<o:p><\/o:p><\/span><\/p>\n<p><strong><span style=\"font-family: 'Arial',sans-serif;\">MW51<\/span><\/strong><span style=\"font-family: 'Arial',sans-serif;\"> riepas darin\u0101tas no unik\u0101la, elastrom\u0113riem bag\u0101ta gumijas izstr\u0101d\u0101juma. Tam pievienotie elastrom\u0113ri pal\u012bdz saglab\u0101t elast\u012bbu pat \u013coti zem\u0101s gaisa un ce\u013ca virsmas temperat\u016br\u0101s. V\u0113rts min\u0113t, ka elast\u012bga riepa daudz lab\u0101k veido sa\u0137eri ar ce\u013cu.<o:p><\/o:p><\/span><\/p>\n<p><span style=\"font-family: 'Arial',sans-serif; color: red;\">Mode\u013ca lieto\u0161anas dro\u0161\u012bbu ziemas laika apst\u0101k\u013cos un t\u0101 atbilst\u012bbu valst\u012bm ar oblig\u0101tu sezon\u0101lo riepu mai\u0146u apstiprina mar\u0137\u0113jums sniegp\u0101rslas form\u0101 uz kalna fona ar trim virsotn\u0113m (3PMSF).<\/span><\/p>\n","protected":false},"excerpt":{"rendered":"<p><strong><span style=\"font-family: 'Arial',sans-serif;\">Marshal MW51\u00a0<\/span><\/strong><span style=\"font-family: 'Arial',sans-serif;\">ir teicamas kvalit\u0101tes, vid\u0113j\u0101s klases ziemas riepu modelis. Tas izstr\u0101d\u0101ts speci\u0101li Zieme\u013ceiropas tirgum un izce\u013cas ar teicam\u0101m sa\u0137eres \u012bpa\u0161\u012bb\u0101m.<\/span><\/p>\n","protected":false},"featured_media":853165,"template":"","meta":{"_acf_changed":false,"ngg_post_thumbnail":0},"product_brand":[],"product_cat":[47,45],"product_tag":[],"class_list":{"0":"post-852755","1":"product","2":"type-product","3":"status-publish","4":"has-post-thumbnail","6":"product_cat-vissezonas-riepas","7":"product_cat-ziemas-riepas","9":"first","10":"outofstock","11":"taxable","12":"shipping-taxable","13":"product-type-simple"},"acf":[],"yoast_head":"<!-- This site is optimized with the Yoast SEO Premium plugin v22.6 (Yoast SEO v27.3) - https:\/\/yoast.com\/product\/yoast-seo-premium-wordpress\/ -->\n<title>205\/55R17 Marshal MW51 95V XL (Kumho) &#8226; MMK Riepas<\/title>\n<meta name=\"robots\" content=\"index, follow, max-snippet:-1, max-image-preview:large, max-video-preview:-1\" \/>\n<link rel=\"canonical\" href=\"https:\/\/mmkriepas.lv\/en\/p\/205-55r17-marshal-mw51-95v-xl-2\/\" \/>\n<meta property=\"og:locale\" content=\"en_US\" \/>\n<meta property=\"og:type\" content=\"article\" \/>\n<meta property=\"og:title\" content=\"205\/55R17 Marshal MW51 95V XL (Kumho)\" \/>\n<meta property=\"og:description\" content=\"Marshal MW51\u00a0ir teicamas kvalit\u0101tes, vid\u0113j\u0101s klases ziemas riepu modelis. Tas izstr\u0101d\u0101ts speci\u0101li Zieme\u013ceiropas tirgum un izce\u013cas ar teicam\u0101m sa\u0137eres \u012bpa\u0161\u012bb\u0101m.\" \/>\n<meta property=\"og:url\" content=\"https:\/\/mmkriepas.lv\/en\/p\/205-55r17-marshal-mw51-95v-xl-2\/\" \/>\n<meta property=\"og:site_name\" content=\"MMK Riepas\" \/>\n<meta property=\"article:publisher\" content=\"https:\/\/www.facebook.com\/mmkserviss\/\" \/>\n<meta property=\"article:modified_time\" content=\"2026-02-10T10:00:21+00:00\" \/>\n<meta property=\"og:image\" content=\"https:\/\/mmkriepas.lv\/wp-content\/uploads\/2024\/02\/20550r17-marshal-mw51-93v-xl-ziemas-riepas.jpg\" \/>\n\t<meta property=\"og:image:width\" content=\"1920\" \/>\n\t<meta property=\"og:image:height\" content=\"1440\" \/>\n\t<meta property=\"og:image:type\" content=\"image\/jpeg\" \/>\n<meta name=\"twitter:card\" content=\"summary_large_image\" \/>\n<meta name=\"twitter:label1\" content=\"Price\" \/>\n\t<meta name=\"twitter:data1\" content=\"&euro;0.00\" \/>\n\t<meta name=\"twitter:label2\" content=\"Availability\" \/>\n\t<meta name=\"twitter:data2\" content=\"Out of stock\" \/>\n<script type=\"application\/ld+json\" class=\"yoast-schema-graph\">{\"@context\":\"https:\\\/\\\/schema.org\",\"@graph\":[{\"@type\":\"WebPage\",\"@id\":\"https:\\\/\\\/mmkriepas.lv\\\/en\\\/p\\\/205-55r17-marshal-mw51-95v-xl-2\\\/\",\"url\":\"https:\\\/\\\/mmkriepas.lv\\\/en\\\/p\\\/205-55r17-marshal-mw51-95v-xl-2\\\/\",\"name\":\"205\\\/55R17 Marshal MW51 95V XL (Kumho) &#8226; MMK Riepas\",\"isPartOf\":{\"@id\":\"https:\\\/\\\/mmkriepas.lv\\\/en\\\/#website\"},\"primaryImageOfPage\":{\"@id\":\"https:\\\/\\\/mmkriepas.lv\\\/en\\\/p\\\/205-55r17-marshal-mw51-95v-xl-2\\\/#primaryimage\"},\"image\":{\"@id\":\"https:\\\/\\\/mmkriepas.lv\\\/en\\\/p\\\/205-55r17-marshal-mw51-95v-xl-2\\\/#primaryimage\"},\"thumbnailUrl\":\"https:\\\/\\\/mmkriepas.lv\\\/wp-content\\\/uploads\\\/2024\\\/02\\\/20550r17-marshal-mw51-93v-xl-ziemas-riepas.jpg\",\"datePublished\":\"2024-02-05T10:10:11+00:00\",\"dateModified\":\"2026-02-10T10:00:21+00:00\",\"breadcrumb\":{\"@id\":\"https:\\\/\\\/mmkriepas.lv\\\/en\\\/p\\\/205-55r17-marshal-mw51-95v-xl-2\\\/#breadcrumb\"},\"inLanguage\":\"en-US\",\"potentialAction\":[{\"@type\":\"ReadAction\",\"target\":[\"https:\\\/\\\/mmkriepas.lv\\\/en\\\/p\\\/205-55r17-marshal-mw51-95v-xl-2\\\/\"]}]},{\"@type\":\"ImageObject\",\"inLanguage\":\"en-US\",\"@id\":\"https:\\\/\\\/mmkriepas.lv\\\/en\\\/p\\\/205-55r17-marshal-mw51-95v-xl-2\\\/#primaryimage\",\"url\":\"https:\\\/\\\/mmkriepas.lv\\\/wp-content\\\/uploads\\\/2024\\\/02\\\/20550r17-marshal-mw51-93v-xl-ziemas-riepas.jpg\",\"contentUrl\":\"https:\\\/\\\/mmkriepas.lv\\\/wp-content\\\/uploads\\\/2024\\\/02\\\/20550r17-marshal-mw51-93v-xl-ziemas-riepas.jpg\",\"width\":1920,\"height\":1440,\"caption\":\"205\\\/50R17 Marshal MW51 93V XL - Vissezonas riepas \\\/ Ziemas riepas\"},{\"@type\":\"BreadcrumbList\",\"@id\":\"https:\\\/\\\/mmkriepas.lv\\\/en\\\/p\\\/205-55r17-marshal-mw51-95v-xl-2\\\/#breadcrumb\",\"itemListElement\":[{\"@type\":\"ListItem\",\"position\":1,\"name\":\"S\u0101kums\",\"item\":\"https:\\\/\\\/mmkriepas.lv\\\/en\\\/\"},{\"@type\":\"ListItem\",\"position\":2,\"name\":\"205\\\/55R17 Marshal MW51 95V XL (Kumho)\"}]},{\"@type\":\"WebSite\",\"@id\":\"https:\\\/\\\/mmkriepas.lv\\\/en\\\/#website\",\"url\":\"https:\\\/\\\/mmkriepas.lv\\\/en\\\/\",\"name\":\"MMK Riepas\",\"description\":\"MMK Riepas\",\"alternateName\":\"MMK Riepu Serviss\",\"potentialAction\":[{\"@type\":\"SearchAction\",\"target\":{\"@type\":\"EntryPoint\",\"urlTemplate\":\"https:\\\/\\\/mmkriepas.lv\\\/en\\\/?s={search_term_string}\"},\"query-input\":{\"@type\":\"PropertyValueSpecification\",\"valueRequired\":true,\"valueName\":\"search_term_string\"}}],\"inLanguage\":\"en-US\"},{\"@type\":\"ImageObject\",\"inLanguage\":\"en-US\",\"@id\":\"https:\\\/\\\/mmkriepas.lv\\\/en\\\/p\\\/205-55r17-marshal-mw51-95v-xl-2\\\/#local-main-organization-logo\",\"url\":\"\",\"contentUrl\":\"\",\"caption\":\"MMK Riepas\"}]}<\/script>\n<meta property=\"product:brand\" content=\"Marshal MW51\" \/>\n<meta property=\"product:price:amount\" content=\"0.00\" \/>\n<meta property=\"product:price:currency\" content=\"EUR\" \/>\n<meta property=\"og:availability\" content=\"out of stock\" \/>\n<meta property=\"product:availability\" content=\"out of stock\" \/>\n<meta property=\"product:retailer_item_id\" content=\"TW2055517MARSH-33001\" \/>\n<meta property=\"product:condition\" content=\"new\" \/>\n<!-- \/ Yoast SEO Premium plugin. -->","yoast_head_json":{"title":"205\/55R17 Marshal MW51 95V XL (Kumho) &#8226; MMK Riepas","robots":{"index":"index","follow":"follow","max-snippet":"max-snippet:-1","max-image-preview":"max-image-preview:large","max-video-preview":"max-video-preview:-1"},"canonical":"https:\/\/mmkriepas.lv\/en\/p\/205-55r17-marshal-mw51-95v-xl-2\/","og_locale":"en_US","og_type":"article","og_title":"205\/55R17 Marshal MW51 95V XL (Kumho)","og_description":"Marshal MW51\u00a0ir teicamas kvalit\u0101tes, vid\u0113j\u0101s klases ziemas riepu modelis. Tas izstr\u0101d\u0101ts speci\u0101li Zieme\u013ceiropas tirgum un izce\u013cas ar teicam\u0101m sa\u0137eres \u012bpa\u0161\u012bb\u0101m.","og_url":"https:\/\/mmkriepas.lv\/en\/p\/205-55r17-marshal-mw51-95v-xl-2\/","og_site_name":"MMK Riepas","article_publisher":"https:\/\/www.facebook.com\/mmkserviss\/","article_modified_time":"2026-02-10T10:00:21+00:00","og_image":[{"width":1920,"height":1440,"url":"https:\/\/mmkriepas.lv\/wp-content\/uploads\/2024\/02\/20550r17-marshal-mw51-93v-xl-ziemas-riepas.jpg","type":"image\/jpeg"}],"twitter_card":"summary_large_image","twitter_misc":{"Price":"&euro;0.00","Availability":"Out of stock"},"schema":{"@context":"https:\/\/schema.org","@graph":[{"@type":"WebPage","@id":"https:\/\/mmkriepas.lv\/en\/p\/205-55r17-marshal-mw51-95v-xl-2\/","url":"https:\/\/mmkriepas.lv\/en\/p\/205-55r17-marshal-mw51-95v-xl-2\/","name":"205\/55R17 Marshal MW51 95V XL (Kumho) &#8226; MMK Riepas","isPartOf":{"@id":"https:\/\/mmkriepas.lv\/en\/#website"},"primaryImageOfPage":{"@id":"https:\/\/mmkriepas.lv\/en\/p\/205-55r17-marshal-mw51-95v-xl-2\/#primaryimage"},"image":{"@id":"https:\/\/mmkriepas.lv\/en\/p\/205-55r17-marshal-mw51-95v-xl-2\/#primaryimage"},"thumbnailUrl":"https:\/\/mmkriepas.lv\/wp-content\/uploads\/2024\/02\/20550r17-marshal-mw51-93v-xl-ziemas-riepas.jpg","datePublished":"2024-02-05T10:10:11+00:00","dateModified":"2026-02-10T10:00:21+00:00","breadcrumb":{"@id":"https:\/\/mmkriepas.lv\/en\/p\/205-55r17-marshal-mw51-95v-xl-2\/#breadcrumb"},"inLanguage":"en-US","potentialAction":[{"@type":"ReadAction","target":["https:\/\/mmkriepas.lv\/en\/p\/205-55r17-marshal-mw51-95v-xl-2\/"]}]},{"@type":"ImageObject","inLanguage":"en-US","@id":"https:\/\/mmkriepas.lv\/en\/p\/205-55r17-marshal-mw51-95v-xl-2\/#primaryimage","url":"https:\/\/mmkriepas.lv\/wp-content\/uploads\/2024\/02\/20550r17-marshal-mw51-93v-xl-ziemas-riepas.jpg","contentUrl":"https:\/\/mmkriepas.lv\/wp-content\/uploads\/2024\/02\/20550r17-marshal-mw51-93v-xl-ziemas-riepas.jpg","width":1920,"height":1440,"caption":"205\/50R17 Marshal MW51 93V XL - Vissezonas riepas \/ Ziemas riepas"},{"@type":"BreadcrumbList","@id":"https:\/\/mmkriepas.lv\/en\/p\/205-55r17-marshal-mw51-95v-xl-2\/#breadcrumb","itemListElement":[{"@type":"ListItem","position":1,"name":"S\u0101kums","item":"https:\/\/mmkriepas.lv\/en\/"},{"@type":"ListItem","position":2,"name":"205\/55R17 Marshal MW51 95V XL (Kumho)"}]},{"@type":"WebSite","@id":"https:\/\/mmkriepas.lv\/en\/#website","url":"https:\/\/mmkriepas.lv\/en\/","name":"MMK Riepas","description":"MMK Riepas","alternateName":"MMK Riepu Serviss","potentialAction":[{"@type":"SearchAction","target":{"@type":"EntryPoint","urlTemplate":"https:\/\/mmkriepas.lv\/en\/?s={search_term_string}"},"query-input":{"@type":"PropertyValueSpecification","valueRequired":true,"valueName":"search_term_string"}}],"inLanguage":"en-US"},{"@type":"ImageObject","inLanguage":"en-US","@id":"https:\/\/mmkriepas.lv\/en\/p\/205-55r17-marshal-mw51-95v-xl-2\/#local-main-organization-logo","url":"","contentUrl":"","caption":"MMK Riepas"}]},"product_brand":"Marshal MW51","product_price_amount":"0.00","product_price_currency":"EUR","og_availability":"out of stock","product_availability":"out of stock","product_retailer_item_id":"TW2055517MARSH-33001","product_condition":"new"},"_links":{"self":[{"href":"https:\/\/mmkriepas.lv\/en\/wp-json\/wp\/v2\/product\/852755","targetHints":{"allow":["GET"]}}],"collection":[{"href":"https:\/\/mmkriepas.lv\/en\/wp-json\/wp\/v2\/product"}],"about":[{"href":"https:\/\/mmkriepas.lv\/en\/wp-json\/wp\/v2\/types\/product"}],"wp:featuredmedia":[{"embeddable":true,"href":"https:\/\/mmkriepas.lv\/en\/wp-json\/wp\/v2\/media\/853165"}],"wp:attachment":[{"href":"https:\/\/mmkriepas.lv\/en\/wp-json\/wp\/v2\/media?parent=852755"}],"wp:term":[{"taxonomy":"product_brand","embeddable":true,"href":"https:\/\/mmkriepas.lv\/en\/wp-json\/wp\/v2\/product_brand?post=852755"},{"taxonomy":"product_cat","embeddable":true,"href":"https:\/\/mmkriepas.lv\/en\/wp-json\/wp\/v2\/product_cat?post=852755"},{"taxonomy":"product_tag","embeddable":true,"href":"https:\/\/mmkriepas.lv\/en\/wp-json\/wp\/v2\/product_tag?post=852755"}],"curies":[{"name":"wp","href":"https:\/\/api.w.org\/{rel}","templated":true}]}}