{"id":851215,"date":"2024-01-30T18:32:25","date_gmt":"2024-01-30T16:32:25","guid":{"rendered":"https:\/\/mmkserviss.lv\/?post_type=product&#038;p=851215"},"modified":"2026-03-18T21:47:45","modified_gmt":"2026-03-18T19:47:45","slug":"215-50r17-gislaved-nordfrost-200-95t-xl-dot-ar-radzem","status":"publish","type":"product","link":"https:\/\/mmkriepas.lv\/en\/p\/215-50r17-gislaved-nordfrost-200-95t-xl-dot-ar-radzem\/","title":{"rendered":"215\/50R17 Gislaved Nord*Frost 200 95T XL DOT ar radz\u0113m"},"content":{"rendered":"<p><b>Gislaved Nord*Frost 200 <\/b><span style=\"font-weight: 400;\">ir<\/span> <span style=\"font-weight: 400;\">ziemas riepa ar radz\u0113m. Par cik \u0161is Zviedru z\u012bmols pieder Continental AG, p\u0101rsteidzo\u0161i nav tas, ka <\/span><b>Gislaved Nord*Frost 200<\/b><span style=\"font-weight: 400;\"> izgatavo\u0161an\u0101 pielietota virkne inov\u0101ciju, kas iepriek\u0161 izmantotas v\u0101cu z\u012bmola ra\u017eotajos mode\u013cos. \u0160is modelis ir pieejams gan ar radz\u0113m, gan bez t\u0101m.<\/span><\/p>\n<h3><b>Gislaved Nord*Frost 200 galven\u0101s iez\u012bmes<\/b><\/h3>\n<p><span style=\"font-weight: 400;\">+Protektora raksts ir asimetrisks, kas uzlabo efektivit\u0101ti uz visa veida ziemas ce\u013ciem!<\/span><\/p>\n<p><span style=\"font-weight: 400;\">+Liels skaits nelielu protektora bloku , kas v\u0113rsti da\u017e\u0101dos virzienos, uzlabo veiktsp\u0113ju snieg\u0101!<\/span><\/p>\n<p><span style=\"font-weight: 400;\">+Pret riepas kust\u012bbu v\u0113rstas platas dren\u0101\u017eas rievas, kas uzlabo stabilit\u0101ti, veiktsp\u0113ju snieg\u0101 un sausina kontakta virsmu!<\/span><\/p>\n<p><span style=\"font-weight: 400;\">+Daudzst\u016bra formas radzes str\u0101d\u0101 kop\u0101 ar lamel\u0113m, lai nodro\u0161in\u0101tu dro\u0161\u012bbu uz ledus!<\/span><\/p>\n<p><span style=\"font-weight: 400;\">+Riepa izgatavota no augstas kvalit\u0101tes mais\u012bjuma, kur\u0161 nezaud\u0113 elast\u012bbu zem\u0101s gaisa temperat\u016br\u0101s un nesairst karstum\u0101!<\/span><\/p>\n<h3><b>Protektors<\/b><\/h3>\n<p><span style=\"font-weight: 400;\">\u0160is modelis apr\u012bkots ar asimetrisko protektora rakstu, kas palielina komfortu un padara braucienu klus\u0101ku, turkl\u0101t tas at\u013cauj protektora blokus izvietot da\u017e\u0101dos virzienos. \u0160\u0101ds izvietojums pal\u012bdz izvair\u012bties no s\u0101nsl\u012bd\u0113m un uzlabo veiktsp\u0113ju snieg\u0101.\u00a0<\/span> <span style=\"font-weight: 400;\">Protektora blokos iestr\u0101d\u0101tas gan pa\u0161blo\u0137\u0113jo\u0161as lameles, gan daudzst\u016bra formas radzes. Lameles kalpo k\u0101 asas, kas veido sa\u0137eri pat ar mikroskopiskiem nel\u012bdzenumiem ledus virsm\u0101. Ar\u012b radzes, kuras pilda analo\u0123isku funkciju lamel\u0113m, ir izvietotas asimetriski. \u0160\u0101ds izvietojums, komplekt\u0101 ar to, ka radzes izce\u013cas ar daudzst\u016brveida formu, b\u016btiski uzlabo veiktsp\u0113ju uz ledus.\u00a0<\/span><\/p>\n<p><b>Gislaved Nord*Frost 200 <\/b><span style=\"font-weight: 400;\">mode\u013ca lieto\u0161anas dro\u0161\u012bbu ziemas laika apst\u0101k\u013cos un t\u0101 atbilst\u012bbu valst\u012bm ar oblig\u0101tu sezon\u0101lo riepu mai\u0146u apstiprina mar\u0137\u0113jums sniegp\u0101rslas form\u0101 uz kalna fona ar trim virsotn\u0113m (3PMSF).<\/span><\/p>\n","protected":false},"excerpt":{"rendered":"<p><b>Gislaved Nord*Frost 200 <\/b><span style=\"font-weight: 400;\">ir<\/span> <span style=\"font-weight: 400;\">ziemas riepa ar radz\u0113m. Par cik \u0161is Zviedru z\u012bmols pieder Continental AG, p\u0101rsteidzo\u0161i nav tas, ka <\/span><b>Gislaved Nord*Frost 200<\/b><span style=\"font-weight: 400;\"> izgatavo\u0161an\u0101 pielietota virkne inov\u0101ciju, kas iepriek\u0161 izmantotas v\u0101cu z\u012bmola ra\u017eotajos mode\u013cos. \u0160is modelis ir pieejams gan ar radz\u0113m, gan bez t\u0101m.<\/span><\/p>\n","protected":false},"featured_media":851214,"template":"","meta":{"_acf_changed":false,"ngg_post_thumbnail":0},"product_brand":[],"product_cat":[45,48],"product_tag":[],"class_list":{"0":"post-851215","1":"product","2":"type-product","3":"status-publish","4":"has-post-thumbnail","6":"product_cat-ziemas-riepas","7":"product_cat-ziemas-ar-radzem","9":"first","10":"instock","11":"taxable","12":"shipping-taxable","13":"product-type-simple"},"acf":[],"yoast_head":"<!-- This site is optimized with the Yoast SEO Premium plugin v22.6 (Yoast SEO v27.3) - https:\/\/yoast.com\/product\/yoast-seo-premium-wordpress\/ -->\n<title>215\/50R17 Gislaved Nord*Frost 200 95T XL DOT ar radz\u0113m &#8226; MMK Riepas<\/title>\n<meta name=\"robots\" content=\"index, follow, max-snippet:-1, max-image-preview:large, max-video-preview:-1\" \/>\n<link rel=\"canonical\" href=\"https:\/\/mmkriepas.lv\/en\/p\/215-50r17-gislaved-nordfrost-200-95t-xl-dot-ar-radzem\/\" \/>\n<meta property=\"og:locale\" content=\"en_US\" \/>\n<meta property=\"og:type\" content=\"article\" \/>\n<meta property=\"og:title\" content=\"215\/50R17 Gislaved Nord*Frost 200 95T XL DOT ar radz\u0113m\" \/>\n<meta property=\"og:description\" content=\"Gislaved Nord*Frost 200 ir ziemas riepa ar radz\u0113m. Par cik \u0161is Zviedru z\u012bmols pieder Continental AG, p\u0101rsteidzo\u0161i nav tas, ka Gislaved Nord*Frost 200 izgatavo\u0161an\u0101 pielietota virkne inov\u0101ciju, kas iepriek\u0161 izmantotas v\u0101cu z\u012bmola ra\u017eotajos mode\u013cos. \u0160is modelis ir pieejams gan ar radz\u0113m, gan bez t\u0101m.\" \/>\n<meta property=\"og:url\" content=\"https:\/\/mmkriepas.lv\/en\/p\/215-50r17-gislaved-nordfrost-200-95t-xl-dot-ar-radzem\/\" \/>\n<meta property=\"og:site_name\" content=\"MMK Riepas\" \/>\n<meta property=\"article:publisher\" content=\"https:\/\/www.facebook.com\/mmkserviss\/\" \/>\n<meta property=\"article:modified_time\" content=\"2026-03-18T19:47:45+00:00\" \/>\n<meta property=\"og:image\" content=\"https:\/\/mmkriepas.lv\/wp-content\/uploads\/2024\/01\/21550r17-gislaved-nord-frost-200-95t-xl-dot-ar-radzem-ziemas-ar-radzem-riepas.jpg\" \/>\n\t<meta property=\"og:image:width\" content=\"593\" \/>\n\t<meta property=\"og:image:height\" content=\"593\" \/>\n\t<meta property=\"og:image:type\" content=\"image\/jpeg\" \/>\n<meta name=\"twitter:card\" content=\"summary_large_image\" \/>\n<meta name=\"twitter:label1\" content=\"Price\" \/>\n\t<meta name=\"twitter:data1\" content=\"&euro;99.00\" \/>\n\t<meta name=\"twitter:label2\" content=\"Availability\" \/>\n\t<meta name=\"twitter:data2\" content=\"In stock\" \/>\n<script type=\"application\/ld+json\" class=\"yoast-schema-graph\">{\"@context\":\"https:\\\/\\\/schema.org\",\"@graph\":[{\"@type\":\"WebPage\",\"@id\":\"https:\\\/\\\/mmkriepas.lv\\\/en\\\/p\\\/215-50r17-gislaved-nordfrost-200-95t-xl-dot-ar-radzem\\\/\",\"url\":\"https:\\\/\\\/mmkriepas.lv\\\/en\\\/p\\\/215-50r17-gislaved-nordfrost-200-95t-xl-dot-ar-radzem\\\/\",\"name\":\"215\\\/50R17 Gislaved Nord*Frost 200 95T XL DOT ar radz\u0113m &#8226; MMK Riepas\",\"isPartOf\":{\"@id\":\"https:\\\/\\\/mmkriepas.lv\\\/en\\\/#website\"},\"primaryImageOfPage\":{\"@id\":\"https:\\\/\\\/mmkriepas.lv\\\/en\\\/p\\\/215-50r17-gislaved-nordfrost-200-95t-xl-dot-ar-radzem\\\/#primaryimage\"},\"image\":{\"@id\":\"https:\\\/\\\/mmkriepas.lv\\\/en\\\/p\\\/215-50r17-gislaved-nordfrost-200-95t-xl-dot-ar-radzem\\\/#primaryimage\"},\"thumbnailUrl\":\"https:\\\/\\\/mmkriepas.lv\\\/wp-content\\\/uploads\\\/2024\\\/01\\\/21550r17-gislaved-nord-frost-200-95t-xl-dot-ar-radzem-ziemas-ar-radzem-riepas.jpg\",\"datePublished\":\"2024-01-30T16:32:25+00:00\",\"dateModified\":\"2026-03-18T19:47:45+00:00\",\"breadcrumb\":{\"@id\":\"https:\\\/\\\/mmkriepas.lv\\\/en\\\/p\\\/215-50r17-gislaved-nordfrost-200-95t-xl-dot-ar-radzem\\\/#breadcrumb\"},\"inLanguage\":\"en-US\",\"potentialAction\":[{\"@type\":\"ReadAction\",\"target\":[\"https:\\\/\\\/mmkriepas.lv\\\/en\\\/p\\\/215-50r17-gislaved-nordfrost-200-95t-xl-dot-ar-radzem\\\/\"]}]},{\"@type\":\"ImageObject\",\"inLanguage\":\"en-US\",\"@id\":\"https:\\\/\\\/mmkriepas.lv\\\/en\\\/p\\\/215-50r17-gislaved-nordfrost-200-95t-xl-dot-ar-radzem\\\/#primaryimage\",\"url\":\"https:\\\/\\\/mmkriepas.lv\\\/wp-content\\\/uploads\\\/2024\\\/01\\\/21550r17-gislaved-nord-frost-200-95t-xl-dot-ar-radzem-ziemas-ar-radzem-riepas.jpg\",\"contentUrl\":\"https:\\\/\\\/mmkriepas.lv\\\/wp-content\\\/uploads\\\/2024\\\/01\\\/21550r17-gislaved-nord-frost-200-95t-xl-dot-ar-radzem-ziemas-ar-radzem-riepas.jpg\",\"width\":593,\"height\":593,\"caption\":\"215\\\/50R17 GISLAVED NORD FROST 200 95T XL DOT ar radz\u0113m - Ziemas ar radz\u0113m riepas\"},{\"@type\":\"BreadcrumbList\",\"@id\":\"https:\\\/\\\/mmkriepas.lv\\\/en\\\/p\\\/215-50r17-gislaved-nordfrost-200-95t-xl-dot-ar-radzem\\\/#breadcrumb\",\"itemListElement\":[{\"@type\":\"ListItem\",\"position\":1,\"name\":\"S\u0101kums\",\"item\":\"https:\\\/\\\/mmkriepas.lv\\\/en\\\/\"},{\"@type\":\"ListItem\",\"position\":2,\"name\":\"215\\\/50R17 Gislaved Nord*Frost 200 95T XL DOT ar radz\u0113m\"}]},{\"@type\":\"WebSite\",\"@id\":\"https:\\\/\\\/mmkriepas.lv\\\/en\\\/#website\",\"url\":\"https:\\\/\\\/mmkriepas.lv\\\/en\\\/\",\"name\":\"MMK Riepas\",\"description\":\"MMK Riepas\",\"alternateName\":\"MMK Riepu Serviss\",\"potentialAction\":[{\"@type\":\"SearchAction\",\"target\":{\"@type\":\"EntryPoint\",\"urlTemplate\":\"https:\\\/\\\/mmkriepas.lv\\\/en\\\/?s={search_term_string}\"},\"query-input\":{\"@type\":\"PropertyValueSpecification\",\"valueRequired\":true,\"valueName\":\"search_term_string\"}}],\"inLanguage\":\"en-US\"},{\"@type\":\"ImageObject\",\"inLanguage\":\"en-US\",\"@id\":\"https:\\\/\\\/mmkriepas.lv\\\/en\\\/p\\\/215-50r17-gislaved-nordfrost-200-95t-xl-dot-ar-radzem\\\/#local-main-organization-logo\",\"url\":\"\",\"contentUrl\":\"\",\"caption\":\"MMK Riepas\"}]}<\/script>\n<meta property=\"product:brand\" content=\"Gislaved Nord*Frost 200\" \/>\n<meta property=\"product:price:amount\" content=\"99.00\" \/>\n<meta property=\"product:price:currency\" content=\"EUR\" \/>\n<meta property=\"og:availability\" content=\"instock\" \/>\n<meta property=\"product:availability\" content=\"instock\" \/>\n<meta property=\"product:retailer_item_id\" content=\"TR2155017GISLA-L32853\" \/>\n<meta property=\"product:condition\" content=\"new\" \/>\n<!-- \/ Yoast SEO Premium plugin. -->","yoast_head_json":{"title":"215\/50R17 Gislaved Nord*Frost 200 95T XL DOT ar radz\u0113m &#8226; MMK Riepas","robots":{"index":"index","follow":"follow","max-snippet":"max-snippet:-1","max-image-preview":"max-image-preview:large","max-video-preview":"max-video-preview:-1"},"canonical":"https:\/\/mmkriepas.lv\/en\/p\/215-50r17-gislaved-nordfrost-200-95t-xl-dot-ar-radzem\/","og_locale":"en_US","og_type":"article","og_title":"215\/50R17 Gislaved Nord*Frost 200 95T XL DOT ar radz\u0113m","og_description":"Gislaved Nord*Frost 200 ir ziemas riepa ar radz\u0113m. Par cik \u0161is Zviedru z\u012bmols pieder Continental AG, p\u0101rsteidzo\u0161i nav tas, ka Gislaved Nord*Frost 200 izgatavo\u0161an\u0101 pielietota virkne inov\u0101ciju, kas iepriek\u0161 izmantotas v\u0101cu z\u012bmola ra\u017eotajos mode\u013cos. \u0160is modelis ir pieejams gan ar radz\u0113m, gan bez t\u0101m.","og_url":"https:\/\/mmkriepas.lv\/en\/p\/215-50r17-gislaved-nordfrost-200-95t-xl-dot-ar-radzem\/","og_site_name":"MMK Riepas","article_publisher":"https:\/\/www.facebook.com\/mmkserviss\/","article_modified_time":"2026-03-18T19:47:45+00:00","og_image":[{"width":593,"height":593,"url":"https:\/\/mmkriepas.lv\/wp-content\/uploads\/2024\/01\/21550r17-gislaved-nord-frost-200-95t-xl-dot-ar-radzem-ziemas-ar-radzem-riepas.jpg","type":"image\/jpeg"}],"twitter_card":"summary_large_image","twitter_misc":{"Price":"&euro;99.00","Availability":"In stock"},"schema":{"@context":"https:\/\/schema.org","@graph":[{"@type":"WebPage","@id":"https:\/\/mmkriepas.lv\/en\/p\/215-50r17-gislaved-nordfrost-200-95t-xl-dot-ar-radzem\/","url":"https:\/\/mmkriepas.lv\/en\/p\/215-50r17-gislaved-nordfrost-200-95t-xl-dot-ar-radzem\/","name":"215\/50R17 Gislaved Nord*Frost 200 95T XL DOT ar radz\u0113m &#8226; MMK Riepas","isPartOf":{"@id":"https:\/\/mmkriepas.lv\/en\/#website"},"primaryImageOfPage":{"@id":"https:\/\/mmkriepas.lv\/en\/p\/215-50r17-gislaved-nordfrost-200-95t-xl-dot-ar-radzem\/#primaryimage"},"image":{"@id":"https:\/\/mmkriepas.lv\/en\/p\/215-50r17-gislaved-nordfrost-200-95t-xl-dot-ar-radzem\/#primaryimage"},"thumbnailUrl":"https:\/\/mmkriepas.lv\/wp-content\/uploads\/2024\/01\/21550r17-gislaved-nord-frost-200-95t-xl-dot-ar-radzem-ziemas-ar-radzem-riepas.jpg","datePublished":"2024-01-30T16:32:25+00:00","dateModified":"2026-03-18T19:47:45+00:00","breadcrumb":{"@id":"https:\/\/mmkriepas.lv\/en\/p\/215-50r17-gislaved-nordfrost-200-95t-xl-dot-ar-radzem\/#breadcrumb"},"inLanguage":"en-US","potentialAction":[{"@type":"ReadAction","target":["https:\/\/mmkriepas.lv\/en\/p\/215-50r17-gislaved-nordfrost-200-95t-xl-dot-ar-radzem\/"]}]},{"@type":"ImageObject","inLanguage":"en-US","@id":"https:\/\/mmkriepas.lv\/en\/p\/215-50r17-gislaved-nordfrost-200-95t-xl-dot-ar-radzem\/#primaryimage","url":"https:\/\/mmkriepas.lv\/wp-content\/uploads\/2024\/01\/21550r17-gislaved-nord-frost-200-95t-xl-dot-ar-radzem-ziemas-ar-radzem-riepas.jpg","contentUrl":"https:\/\/mmkriepas.lv\/wp-content\/uploads\/2024\/01\/21550r17-gislaved-nord-frost-200-95t-xl-dot-ar-radzem-ziemas-ar-radzem-riepas.jpg","width":593,"height":593,"caption":"215\/50R17 GISLAVED NORD FROST 200 95T XL DOT ar radz\u0113m - Ziemas ar radz\u0113m riepas"},{"@type":"BreadcrumbList","@id":"https:\/\/mmkriepas.lv\/en\/p\/215-50r17-gislaved-nordfrost-200-95t-xl-dot-ar-radzem\/#breadcrumb","itemListElement":[{"@type":"ListItem","position":1,"name":"S\u0101kums","item":"https:\/\/mmkriepas.lv\/en\/"},{"@type":"ListItem","position":2,"name":"215\/50R17 Gislaved Nord*Frost 200 95T XL DOT ar radz\u0113m"}]},{"@type":"WebSite","@id":"https:\/\/mmkriepas.lv\/en\/#website","url":"https:\/\/mmkriepas.lv\/en\/","name":"MMK Riepas","description":"MMK Riepas","alternateName":"MMK Riepu Serviss","potentialAction":[{"@type":"SearchAction","target":{"@type":"EntryPoint","urlTemplate":"https:\/\/mmkriepas.lv\/en\/?s={search_term_string}"},"query-input":{"@type":"PropertyValueSpecification","valueRequired":true,"valueName":"search_term_string"}}],"inLanguage":"en-US"},{"@type":"ImageObject","inLanguage":"en-US","@id":"https:\/\/mmkriepas.lv\/en\/p\/215-50r17-gislaved-nordfrost-200-95t-xl-dot-ar-radzem\/#local-main-organization-logo","url":"","contentUrl":"","caption":"MMK Riepas"}]},"product_brand":"Gislaved Nord*Frost 200","product_price_amount":"99.00","product_price_currency":"EUR","og_availability":"instock","product_availability":"instock","product_retailer_item_id":"TR2155017GISLA-L32853","product_condition":"new"},"_links":{"self":[{"href":"https:\/\/mmkriepas.lv\/en\/wp-json\/wp\/v2\/product\/851215","targetHints":{"allow":["GET"]}}],"collection":[{"href":"https:\/\/mmkriepas.lv\/en\/wp-json\/wp\/v2\/product"}],"about":[{"href":"https:\/\/mmkriepas.lv\/en\/wp-json\/wp\/v2\/types\/product"}],"wp:featuredmedia":[{"embeddable":true,"href":"https:\/\/mmkriepas.lv\/en\/wp-json\/wp\/v2\/media\/851214"}],"wp:attachment":[{"href":"https:\/\/mmkriepas.lv\/en\/wp-json\/wp\/v2\/media?parent=851215"}],"wp:term":[{"taxonomy":"product_brand","embeddable":true,"href":"https:\/\/mmkriepas.lv\/en\/wp-json\/wp\/v2\/product_brand?post=851215"},{"taxonomy":"product_cat","embeddable":true,"href":"https:\/\/mmkriepas.lv\/en\/wp-json\/wp\/v2\/product_cat?post=851215"},{"taxonomy":"product_tag","embeddable":true,"href":"https:\/\/mmkriepas.lv\/en\/wp-json\/wp\/v2\/product_tag?post=851215"}],"curies":[{"name":"wp","href":"https:\/\/api.w.org\/{rel}","templated":true}]}}