{"id":849895,"date":"2024-01-25T15:44:25","date_gmt":"2024-01-25T13:44:25","guid":{"rendered":"https:\/\/mmkserviss.lv\/?post_type=product&#038;p=849895"},"modified":"2026-03-30T15:34:06","modified_gmt":"2026-03-30T12:34:06","slug":"215-75r15-ecovision-w686-100s-ar-radzem","status":"publish","type":"product","link":"https:\/\/mmkriepas.lv\/en\/p\/215-75r15-ecovision-w686-100s-ar-radzem\/","title":{"rendered":"215\/75R15 Ecovision W686 100S ar radz\u0113m"},"content":{"rendered":"<p><strong>Ecovision W686<\/strong> ir rad\u017eojams ziemas riepu modelis, kas paredz\u0113ts tie\u0161i Zieme\u013ceiropas tirgum. \u0160\u012b mode\u013ca, kas paredz\u0113ts vieglaj\u0101m automa\u0161\u012bn\u0101m, izgatavo\u0161an\u0101 izmantotas daudzas jaun\u0101k\u0101s tehnolo\u0123ijas, lai tas sp\u0113tu kvalit\u0101tes zi\u0146\u0101 konkur\u0113t pat ar lielajiem brendiem.\u00a0<strong>\u0160is modelis pieejams gan ar radz\u0113m, gan bez t\u0101m.<\/strong><\/p>\n<p><strong>W686 galven\u0101s iez\u012bmes<\/strong><\/p>\n<p>+ Rad\u017eojams ziemas riepu modelis!<\/p>\n<p>+ Rad\u012bts tie\u0161i Zieme\u013ceiropas tirgum!<\/p>\n<p>+ Konkur\u0113tsp\u0113j\u012bga veiktsp\u0113ja un cena!<\/p>\n<p>+ Lieliska veiktsp\u0113ja skarbos brauk\u0161anas apst\u0101k\u013cos!<\/p>\n<p>+ Ori\u0123in\u0101ts V-veida protektora raksts!<\/p>\n<p><strong>W686 apr\u012bkojums<\/strong><\/p>\n<p>\u0160is ziemas riepu modelis apr\u012bkots ar virzienveida protektora rakstu, kas uzlabo veiktsp\u0113jas \u012bpa\u0161\u012bbas snieg\u0101. Protektora blokos bl\u012bvi iestr\u0101d\u0101ti vair\u0101ki t\u016bksto\u0161i lame\u013cu, kuras, tand\u0113m\u0101 ar radz\u0113m, iec\u0113rtas led\u016b, ar slideno virsmu veidojot cie\u0161u sa\u0137eri. Riepas centr\u0101l\u0101 protektora bloku virkne ir nep\u0101rtraukta un veidota ar as\u0101m mal\u0101m. \u0160\u0101ds \u012bpa\u0161\u012bbu salikums vienlaikus uzlabo gan stabilit\u0101ti, gan ar\u012b veiktsp\u0113ju snieg\u0101. Ecovision W686 riepu modelim piem\u012bt augsti att\u012bst\u012bta dren\u0101\u017eas kan\u0101lu sist\u0113ma, kura izcili tiek gal\u0101 ar \u016bdens un sniega novadi no kontakta virsmas. Sausa riepa daudz lab\u0101k veido sa\u0137eri ar ce\u013ca segumu.<\/p>\n<p><strong>Ecovision W686 <\/strong>mode\u013ca lieto\u0161anas dro\u0161\u012bbu ziemas laika apst\u0101k\u013cos un t\u0101 atbilst\u012bbu valst\u012bm ar oblig\u0101tu sezon\u0101lo riepu mai\u0146u apstiprina mar\u0137\u0113jums sniegp\u0101rslas form\u0101 uz kalna fona ar trim virsotn\u0113m (3PMSF).<\/p>\n","protected":false},"excerpt":{"rendered":"<p><strong>Ecovision W686<\/strong> ir rad\u017eojams ziemas riepu modelis, kas paredz\u0113ts tie\u0161i Zieme\u013ceiropas tirgum. \u0160\u012b mode\u013ca, kas paredz\u0113ts vieglaj\u0101m automa\u0161\u012bn\u0101m, izgatavo\u0161an\u0101 izmantotas daudzas jaun\u0101k\u0101s tehnolo\u0123ijas, lai tas sp\u0113tu kvalit\u0101tes zi\u0146\u0101 konkur\u0113t pat ar lielajiem brendiem.\u00a0<strong>\u0160is modelis pieejams gan ar radz\u0113m, gan bez t\u0101m.<\/strong><\/p>\n","protected":false},"featured_media":836587,"template":"","meta":{"_acf_changed":false,"ngg_post_thumbnail":0},"product_brand":[],"product_cat":[45,48],"product_tag":[],"class_list":{"0":"post-849895","1":"product","2":"type-product","3":"status-publish","4":"has-post-thumbnail","6":"product_cat-ziemas-riepas","7":"product_cat-ziemas-ar-radzem","9":"first","10":"instock","11":"sale","12":"taxable","13":"shipping-taxable","14":"purchasable","15":"product-type-simple"},"acf":[],"yoast_head":"<!-- This site is optimized with the Yoast SEO Premium plugin v22.6 (Yoast SEO v27.3) - https:\/\/yoast.com\/product\/yoast-seo-premium-wordpress\/ -->\n<title>215\/75R15 Ecovision W686 100S ar radz\u0113m &#8226; MMK Riepas<\/title>\n<meta name=\"robots\" content=\"index, follow, max-snippet:-1, max-image-preview:large, max-video-preview:-1\" \/>\n<link rel=\"canonical\" href=\"https:\/\/mmkriepas.lv\/en\/p\/215-75r15-ecovision-w686-100s-ar-radzem\/\" \/>\n<meta property=\"og:locale\" content=\"en_US\" \/>\n<meta property=\"og:type\" content=\"article\" \/>\n<meta property=\"og:title\" content=\"215\/75R15 Ecovision W686 100S ar radz\u0113m\" \/>\n<meta property=\"og:description\" content=\"Ecovision W686 ir rad\u017eojams ziemas riepu modelis, kas paredz\u0113ts tie\u0161i Zieme\u013ceiropas tirgum. \u0160\u012b mode\u013ca, kas paredz\u0113ts vieglaj\u0101m automa\u0161\u012bn\u0101m, izgatavo\u0161an\u0101 izmantotas daudzas jaun\u0101k\u0101s tehnolo\u0123ijas, lai tas sp\u0113tu kvalit\u0101tes zi\u0146\u0101 konkur\u0113t pat ar lielajiem brendiem.\u00a0\u0160is modelis pieejams gan ar radz\u0113m, gan bez t\u0101m.\" \/>\n<meta property=\"og:url\" content=\"https:\/\/mmkriepas.lv\/en\/p\/215-75r15-ecovision-w686-100s-ar-radzem\/\" \/>\n<meta property=\"og:site_name\" content=\"MMK Riepas\" \/>\n<meta property=\"article:publisher\" content=\"https:\/\/www.facebook.com\/mmkserviss\/\" \/>\n<meta property=\"article:modified_time\" content=\"2026-03-30T12:34:06+00:00\" \/>\n<meta property=\"og:image\" content=\"https:\/\/mmkriepas.lv\/wp-content\/uploads\/2023\/12\/26570r16-ecovision-w686-112t-ar-radzem-ziemas-riepas-ziemas-ar-radzem-riepas.jpg\" \/>\n\t<meta property=\"og:image:width\" content=\"1920\" \/>\n\t<meta property=\"og:image:height\" content=\"1920\" \/>\n\t<meta property=\"og:image:type\" content=\"image\/jpeg\" \/>\n<meta name=\"twitter:card\" content=\"summary_large_image\" \/>\n<meta name=\"twitter:label1\" content=\"Price\" \/>\n\t<meta name=\"twitter:data1\" content=\"&euro;75.00\" \/>\n\t<meta name=\"twitter:label2\" content=\"Availability\" \/>\n\t<meta name=\"twitter:data2\" content=\"In stock\" \/>\n<script type=\"application\/ld+json\" class=\"yoast-schema-graph\">{\"@context\":\"https:\\\/\\\/schema.org\",\"@graph\":[{\"@type\":\"WebPage\",\"@id\":\"https:\\\/\\\/mmkriepas.lv\\\/en\\\/p\\\/215-75r15-ecovision-w686-100s-ar-radzem\\\/\",\"url\":\"https:\\\/\\\/mmkriepas.lv\\\/en\\\/p\\\/215-75r15-ecovision-w686-100s-ar-radzem\\\/\",\"name\":\"215\\\/75R15 Ecovision W686 100S ar radz\u0113m &#8226; MMK Riepas\",\"isPartOf\":{\"@id\":\"https:\\\/\\\/mmkriepas.lv\\\/en\\\/#website\"},\"primaryImageOfPage\":{\"@id\":\"https:\\\/\\\/mmkriepas.lv\\\/en\\\/p\\\/215-75r15-ecovision-w686-100s-ar-radzem\\\/#primaryimage\"},\"image\":{\"@id\":\"https:\\\/\\\/mmkriepas.lv\\\/en\\\/p\\\/215-75r15-ecovision-w686-100s-ar-radzem\\\/#primaryimage\"},\"thumbnailUrl\":\"https:\\\/\\\/mmkriepas.lv\\\/wp-content\\\/uploads\\\/2023\\\/12\\\/26570r16-ecovision-w686-112t-ar-radzem-ziemas-riepas-ziemas-ar-radzem-riepas.jpg\",\"datePublished\":\"2024-01-25T13:44:25+00:00\",\"dateModified\":\"2026-03-30T12:34:06+00:00\",\"breadcrumb\":{\"@id\":\"https:\\\/\\\/mmkriepas.lv\\\/en\\\/p\\\/215-75r15-ecovision-w686-100s-ar-radzem\\\/#breadcrumb\"},\"inLanguage\":\"en-US\",\"potentialAction\":[{\"@type\":\"ReadAction\",\"target\":[\"https:\\\/\\\/mmkriepas.lv\\\/en\\\/p\\\/215-75r15-ecovision-w686-100s-ar-radzem\\\/\"]}]},{\"@type\":\"ImageObject\",\"inLanguage\":\"en-US\",\"@id\":\"https:\\\/\\\/mmkriepas.lv\\\/en\\\/p\\\/215-75r15-ecovision-w686-100s-ar-radzem\\\/#primaryimage\",\"url\":\"https:\\\/\\\/mmkriepas.lv\\\/wp-content\\\/uploads\\\/2023\\\/12\\\/26570r16-ecovision-w686-112t-ar-radzem-ziemas-riepas-ziemas-ar-radzem-riepas.jpg\",\"contentUrl\":\"https:\\\/\\\/mmkriepas.lv\\\/wp-content\\\/uploads\\\/2023\\\/12\\\/26570r16-ecovision-w686-112t-ar-radzem-ziemas-riepas-ziemas-ar-radzem-riepas.jpg\",\"width\":1920,\"height\":1920,\"caption\":\"265\\\/70R16 Ecovision W686 112T ar radz\u0113m - Ziemas riepas \\\/ Ziemas ar radz\u0113m riepas\"},{\"@type\":\"BreadcrumbList\",\"@id\":\"https:\\\/\\\/mmkriepas.lv\\\/en\\\/p\\\/215-75r15-ecovision-w686-100s-ar-radzem\\\/#breadcrumb\",\"itemListElement\":[{\"@type\":\"ListItem\",\"position\":1,\"name\":\"S\u0101kums\",\"item\":\"https:\\\/\\\/mmkriepas.lv\\\/en\\\/\"},{\"@type\":\"ListItem\",\"position\":2,\"name\":\"215\\\/75R15 Ecovision W686 100S ar radz\u0113m\"}]},{\"@type\":\"WebSite\",\"@id\":\"https:\\\/\\\/mmkriepas.lv\\\/en\\\/#website\",\"url\":\"https:\\\/\\\/mmkriepas.lv\\\/en\\\/\",\"name\":\"MMK Riepas\",\"description\":\"MMK Riepas\",\"alternateName\":\"MMK Riepu Serviss\",\"potentialAction\":[{\"@type\":\"SearchAction\",\"target\":{\"@type\":\"EntryPoint\",\"urlTemplate\":\"https:\\\/\\\/mmkriepas.lv\\\/en\\\/?s={search_term_string}\"},\"query-input\":{\"@type\":\"PropertyValueSpecification\",\"valueRequired\":true,\"valueName\":\"search_term_string\"}}],\"inLanguage\":\"en-US\"},{\"@type\":\"ImageObject\",\"inLanguage\":\"en-US\",\"@id\":\"https:\\\/\\\/mmkriepas.lv\\\/en\\\/p\\\/215-75r15-ecovision-w686-100s-ar-radzem\\\/#local-main-organization-logo\",\"url\":\"\",\"contentUrl\":\"\",\"caption\":\"MMK Riepas\"}]}<\/script>\n<meta property=\"product:brand\" content=\"Ecovision W686\" \/>\n<meta property=\"product:price:amount\" content=\"75.00\" \/>\n<meta property=\"product:price:currency\" content=\"EUR\" \/>\n<meta property=\"og:availability\" content=\"instock\" \/>\n<meta property=\"product:availability\" content=\"instock\" \/>\n<meta property=\"product:retailer_item_id\" content=\"TR2157515Ecovi-E32612\" \/>\n<meta property=\"product:condition\" content=\"new\" \/>\n<!-- \/ Yoast SEO Premium plugin. -->","yoast_head_json":{"title":"215\/75R15 Ecovision W686 100S ar radz\u0113m &#8226; MMK Riepas","robots":{"index":"index","follow":"follow","max-snippet":"max-snippet:-1","max-image-preview":"max-image-preview:large","max-video-preview":"max-video-preview:-1"},"canonical":"https:\/\/mmkriepas.lv\/en\/p\/215-75r15-ecovision-w686-100s-ar-radzem\/","og_locale":"en_US","og_type":"article","og_title":"215\/75R15 Ecovision W686 100S ar radz\u0113m","og_description":"Ecovision W686 ir rad\u017eojams ziemas riepu modelis, kas paredz\u0113ts tie\u0161i Zieme\u013ceiropas tirgum. \u0160\u012b mode\u013ca, kas paredz\u0113ts vieglaj\u0101m automa\u0161\u012bn\u0101m, izgatavo\u0161an\u0101 izmantotas daudzas jaun\u0101k\u0101s tehnolo\u0123ijas, lai tas sp\u0113tu kvalit\u0101tes zi\u0146\u0101 konkur\u0113t pat ar lielajiem brendiem.\u00a0\u0160is modelis pieejams gan ar radz\u0113m, gan bez t\u0101m.","og_url":"https:\/\/mmkriepas.lv\/en\/p\/215-75r15-ecovision-w686-100s-ar-radzem\/","og_site_name":"MMK Riepas","article_publisher":"https:\/\/www.facebook.com\/mmkserviss\/","article_modified_time":"2026-03-30T12:34:06+00:00","og_image":[{"width":1920,"height":1920,"url":"https:\/\/mmkriepas.lv\/wp-content\/uploads\/2023\/12\/26570r16-ecovision-w686-112t-ar-radzem-ziemas-riepas-ziemas-ar-radzem-riepas.jpg","type":"image\/jpeg"}],"twitter_card":"summary_large_image","twitter_misc":{"Price":"&euro;75.00","Availability":"In stock"},"schema":{"@context":"https:\/\/schema.org","@graph":[{"@type":"WebPage","@id":"https:\/\/mmkriepas.lv\/en\/p\/215-75r15-ecovision-w686-100s-ar-radzem\/","url":"https:\/\/mmkriepas.lv\/en\/p\/215-75r15-ecovision-w686-100s-ar-radzem\/","name":"215\/75R15 Ecovision W686 100S ar radz\u0113m &#8226; MMK Riepas","isPartOf":{"@id":"https:\/\/mmkriepas.lv\/en\/#website"},"primaryImageOfPage":{"@id":"https:\/\/mmkriepas.lv\/en\/p\/215-75r15-ecovision-w686-100s-ar-radzem\/#primaryimage"},"image":{"@id":"https:\/\/mmkriepas.lv\/en\/p\/215-75r15-ecovision-w686-100s-ar-radzem\/#primaryimage"},"thumbnailUrl":"https:\/\/mmkriepas.lv\/wp-content\/uploads\/2023\/12\/26570r16-ecovision-w686-112t-ar-radzem-ziemas-riepas-ziemas-ar-radzem-riepas.jpg","datePublished":"2024-01-25T13:44:25+00:00","dateModified":"2026-03-30T12:34:06+00:00","breadcrumb":{"@id":"https:\/\/mmkriepas.lv\/en\/p\/215-75r15-ecovision-w686-100s-ar-radzem\/#breadcrumb"},"inLanguage":"en-US","potentialAction":[{"@type":"ReadAction","target":["https:\/\/mmkriepas.lv\/en\/p\/215-75r15-ecovision-w686-100s-ar-radzem\/"]}]},{"@type":"ImageObject","inLanguage":"en-US","@id":"https:\/\/mmkriepas.lv\/en\/p\/215-75r15-ecovision-w686-100s-ar-radzem\/#primaryimage","url":"https:\/\/mmkriepas.lv\/wp-content\/uploads\/2023\/12\/26570r16-ecovision-w686-112t-ar-radzem-ziemas-riepas-ziemas-ar-radzem-riepas.jpg","contentUrl":"https:\/\/mmkriepas.lv\/wp-content\/uploads\/2023\/12\/26570r16-ecovision-w686-112t-ar-radzem-ziemas-riepas-ziemas-ar-radzem-riepas.jpg","width":1920,"height":1920,"caption":"265\/70R16 Ecovision W686 112T ar radz\u0113m - Ziemas riepas \/ Ziemas ar radz\u0113m riepas"},{"@type":"BreadcrumbList","@id":"https:\/\/mmkriepas.lv\/en\/p\/215-75r15-ecovision-w686-100s-ar-radzem\/#breadcrumb","itemListElement":[{"@type":"ListItem","position":1,"name":"S\u0101kums","item":"https:\/\/mmkriepas.lv\/en\/"},{"@type":"ListItem","position":2,"name":"215\/75R15 Ecovision W686 100S ar radz\u0113m"}]},{"@type":"WebSite","@id":"https:\/\/mmkriepas.lv\/en\/#website","url":"https:\/\/mmkriepas.lv\/en\/","name":"MMK Riepas","description":"MMK Riepas","alternateName":"MMK Riepu Serviss","potentialAction":[{"@type":"SearchAction","target":{"@type":"EntryPoint","urlTemplate":"https:\/\/mmkriepas.lv\/en\/?s={search_term_string}"},"query-input":{"@type":"PropertyValueSpecification","valueRequired":true,"valueName":"search_term_string"}}],"inLanguage":"en-US"},{"@type":"ImageObject","inLanguage":"en-US","@id":"https:\/\/mmkriepas.lv\/en\/p\/215-75r15-ecovision-w686-100s-ar-radzem\/#local-main-organization-logo","url":"","contentUrl":"","caption":"MMK Riepas"}]},"product_brand":"Ecovision W686","product_price_amount":"75.00","product_price_currency":"EUR","og_availability":"instock","product_availability":"instock","product_retailer_item_id":"TR2157515Ecovi-E32612","product_condition":"new"},"_links":{"self":[{"href":"https:\/\/mmkriepas.lv\/en\/wp-json\/wp\/v2\/product\/849895","targetHints":{"allow":["GET"]}}],"collection":[{"href":"https:\/\/mmkriepas.lv\/en\/wp-json\/wp\/v2\/product"}],"about":[{"href":"https:\/\/mmkriepas.lv\/en\/wp-json\/wp\/v2\/types\/product"}],"wp:featuredmedia":[{"embeddable":true,"href":"https:\/\/mmkriepas.lv\/en\/wp-json\/wp\/v2\/media\/836587"}],"wp:attachment":[{"href":"https:\/\/mmkriepas.lv\/en\/wp-json\/wp\/v2\/media?parent=849895"}],"wp:term":[{"taxonomy":"product_brand","embeddable":true,"href":"https:\/\/mmkriepas.lv\/en\/wp-json\/wp\/v2\/product_brand?post=849895"},{"taxonomy":"product_cat","embeddable":true,"href":"https:\/\/mmkriepas.lv\/en\/wp-json\/wp\/v2\/product_cat?post=849895"},{"taxonomy":"product_tag","embeddable":true,"href":"https:\/\/mmkriepas.lv\/en\/wp-json\/wp\/v2\/product_tag?post=849895"}],"curies":[{"name":"wp","href":"https:\/\/api.w.org\/{rel}","templated":true}]}}