{"id":845387,"date":"2024-01-17T17:38:43","date_gmt":"2024-01-17T15:38:43","guid":{"rendered":"https:\/\/mmkserviss.lv\/?post_type=product&#038;p=845387"},"modified":"2026-04-04T20:31:23","modified_gmt":"2026-04-04T17:31:23","slug":"275-40r20-rockblade-rock-535-106w-xl","status":"publish","type":"product","link":"https:\/\/mmkriepas.lv\/en\/p\/275-40r20-rockblade-rock-535-106w-xl\/","title":{"rendered":"275\/40R20 Rockblade Rock 535 106W XL"},"content":{"rendered":"<p class=\"western\" align=\"left\"><span style=\"font-family: Arial, sans-serif;\"><span style=\"font-size: small;\"><b>Rockblade Rock 535<\/b> ir augstas veiktsp\u0113jas, sportiska tipa vasaras riepu modelis ar virzienveida protektora rakstu. Izce\u013cas samazin\u0101tu akvaplan\u0113\u0161anas risku un palielin\u0101tu sa\u0137eri uz sausa asfalta.<\/span><\/span><\/p>\n<h3 class=\"western\"><span style=\"font-family: Arial, sans-serif;\">Rock 535 galven\u0101s \u012bpa\u0161\u012bbas<\/span><\/h3>\n<p class=\"western\"><span style=\"font-family: Arial, sans-serif;\">+ Vasaras riepu modelis ar sportisku virzienveida protektora dizainu,<\/span><\/p>\n<p class=\"western\"><span style=\"font-family: Arial, sans-serif;\">+ Lab\u0101k\u0101 cenas un veiktsp\u0113jas attiec\u012bba sav\u0101 klas\u0113.<\/span><\/p>\n<p class=\"western\"><span style=\"font-family: Arial, sans-serif;\">+ Samazin\u0101ts akvaplan\u0113\u0161anas risks,<\/span><\/p>\n<p class=\"western\"><span style=\"font-family: Arial, sans-serif;\">+ Degvielas ekonomija,<\/span><\/p>\n<p class=\"western\"><span style=\"font-family: Arial, sans-serif;\">+ Izteikts akustiskais komforts.<\/span><\/p>\n<h3 class=\"western\"><span style=\"font-family: Arial, sans-serif;\">Rock 535 apr\u012bkojums<\/span><\/h3>\n<p class=\"western\"><span style=\"font-family: Arial, sans-serif;\"><b>Rockblade Rock 535<\/b><b> <\/b>vasaras riepas apr\u012bkotas ar m\u016bsdien\u0101s vasaras riep\u0101m vairs ne tik \u013coti rakstur\u012bgo virzienveida protektora dizainu. \u012apa\u0161ais dizains izv\u0113l\u0113ts, lai uzlabotu veiktsp\u0113ju uz slapja asfalta, samazinot akvaplan\u0113\u0161anas risku l\u012bdz minimumam pat lielos brauk\u0161anas \u0101trumos.<\/span><\/p>\n<p class=\"western\"><span style=\"font-family: Arial, sans-serif;\">Protektors darin\u0101ts no elastrom\u0113riem bag\u0101ta gumijas sakaus\u0113juma. Tam pievienotie elementi protektoru padara nodilumiztur\u012bg\u0101ku, k\u0101 ar\u012b sl\u0101p\u0113 ska\u0146u un pal\u012bdz veidot sa\u0137eri ar asfalta virsmu.<\/span><\/p>\n","protected":false},"excerpt":{"rendered":"<p class=\"western\" align=\"left\"><span style=\"font-family: Arial, sans-serif;\"><span style=\"font-size: small;\"><b>Rockblade Rock 535<\/b> ir augstas veiktsp\u0113jas, sportiska tipa vasaras riepu modelis ar virzienveida protektora rakstu. Izce\u013cas samazin\u0101tu akvaplan\u0113\u0161anas risku un palielin\u0101tu sa\u0137eri uz sausa asfalta.<\/span><\/span><\/p>\n","protected":false},"featured_media":847556,"template":"","meta":{"_acf_changed":false,"ngg_post_thumbnail":0},"product_brand":[],"product_cat":[46],"product_tag":[],"class_list":{"0":"post-845387","1":"product","2":"type-product","3":"status-publish","4":"has-post-thumbnail","6":"product_cat-vasaras-riepas","8":"first","9":"instock","10":"sale","11":"taxable","12":"shipping-taxable","13":"purchasable","14":"product-type-simple"},"acf":[],"yoast_head":"<!-- This site is optimized with the Yoast SEO Premium plugin v22.6 (Yoast SEO v27.3) - https:\/\/yoast.com\/product\/yoast-seo-premium-wordpress\/ -->\n<title>275\/40R20 Rockblade Rock 535 106W XL &#8226; MMK Riepas<\/title>\n<meta name=\"robots\" content=\"index, follow, max-snippet:-1, max-image-preview:large, max-video-preview:-1\" \/>\n<link rel=\"canonical\" href=\"https:\/\/mmkriepas.lv\/en\/p\/275-40r20-rockblade-rock-535-106w-xl\/\" \/>\n<meta property=\"og:locale\" content=\"en_US\" \/>\n<meta property=\"og:type\" content=\"article\" \/>\n<meta property=\"og:title\" content=\"275\/40R20 Rockblade Rock 535 106W XL\" \/>\n<meta property=\"og:description\" content=\"Rockblade Rock 535 ir augstas veiktsp\u0113jas, sportiska tipa vasaras riepu modelis ar virzienveida protektora rakstu. Izce\u013cas samazin\u0101tu akvaplan\u0113\u0161anas risku un palielin\u0101tu sa\u0137eri uz sausa asfalta.\" \/>\n<meta property=\"og:url\" content=\"https:\/\/mmkriepas.lv\/en\/p\/275-40r20-rockblade-rock-535-106w-xl\/\" \/>\n<meta property=\"og:site_name\" content=\"MMK Riepas\" \/>\n<meta property=\"article:publisher\" content=\"https:\/\/www.facebook.com\/mmkserviss\/\" \/>\n<meta property=\"article:modified_time\" content=\"2026-04-04T17:31:23+00:00\" \/>\n<meta property=\"og:image\" content=\"https:\/\/mmkriepas.lv\/wp-content\/uploads\/2024\/01\/27540r20-rockblade-rock-535-106w-xl-vasaras-riepas.jpg\" \/>\n\t<meta property=\"og:image:width\" content=\"1920\" \/>\n\t<meta property=\"og:image:height\" content=\"1920\" \/>\n\t<meta property=\"og:image:type\" content=\"image\/jpeg\" \/>\n<meta name=\"twitter:card\" content=\"summary_large_image\" \/>\n<meta name=\"twitter:label1\" content=\"Price\" \/>\n\t<meta name=\"twitter:data1\" content=\"&euro;82.00\" \/>\n\t<meta name=\"twitter:label2\" content=\"Availability\" \/>\n\t<meta name=\"twitter:data2\" content=\"In stock\" \/>\n<script type=\"application\/ld+json\" class=\"yoast-schema-graph\">{\"@context\":\"https:\\\/\\\/schema.org\",\"@graph\":[{\"@type\":\"WebPage\",\"@id\":\"https:\\\/\\\/mmkriepas.lv\\\/en\\\/p\\\/275-40r20-rockblade-rock-535-106w-xl\\\/\",\"url\":\"https:\\\/\\\/mmkriepas.lv\\\/en\\\/p\\\/275-40r20-rockblade-rock-535-106w-xl\\\/\",\"name\":\"275\\\/40R20 Rockblade Rock 535 106W XL &#8226; MMK Riepas\",\"isPartOf\":{\"@id\":\"https:\\\/\\\/mmkriepas.lv\\\/en\\\/#website\"},\"primaryImageOfPage\":{\"@id\":\"https:\\\/\\\/mmkriepas.lv\\\/en\\\/p\\\/275-40r20-rockblade-rock-535-106w-xl\\\/#primaryimage\"},\"image\":{\"@id\":\"https:\\\/\\\/mmkriepas.lv\\\/en\\\/p\\\/275-40r20-rockblade-rock-535-106w-xl\\\/#primaryimage\"},\"thumbnailUrl\":\"https:\\\/\\\/mmkriepas.lv\\\/wp-content\\\/uploads\\\/2024\\\/01\\\/27540r20-rockblade-rock-535-106w-xl-vasaras-riepas.jpg\",\"datePublished\":\"2024-01-17T15:38:43+00:00\",\"dateModified\":\"2026-04-04T17:31:23+00:00\",\"breadcrumb\":{\"@id\":\"https:\\\/\\\/mmkriepas.lv\\\/en\\\/p\\\/275-40r20-rockblade-rock-535-106w-xl\\\/#breadcrumb\"},\"inLanguage\":\"en-US\",\"potentialAction\":[{\"@type\":\"ReadAction\",\"target\":[\"https:\\\/\\\/mmkriepas.lv\\\/en\\\/p\\\/275-40r20-rockblade-rock-535-106w-xl\\\/\"]}]},{\"@type\":\"ImageObject\",\"inLanguage\":\"en-US\",\"@id\":\"https:\\\/\\\/mmkriepas.lv\\\/en\\\/p\\\/275-40r20-rockblade-rock-535-106w-xl\\\/#primaryimage\",\"url\":\"https:\\\/\\\/mmkriepas.lv\\\/wp-content\\\/uploads\\\/2024\\\/01\\\/27540r20-rockblade-rock-535-106w-xl-vasaras-riepas.jpg\",\"contentUrl\":\"https:\\\/\\\/mmkriepas.lv\\\/wp-content\\\/uploads\\\/2024\\\/01\\\/27540r20-rockblade-rock-535-106w-xl-vasaras-riepas.jpg\",\"width\":1920,\"height\":1920,\"caption\":\"MAIN\"},{\"@type\":\"BreadcrumbList\",\"@id\":\"https:\\\/\\\/mmkriepas.lv\\\/en\\\/p\\\/275-40r20-rockblade-rock-535-106w-xl\\\/#breadcrumb\",\"itemListElement\":[{\"@type\":\"ListItem\",\"position\":1,\"name\":\"S\u0101kums\",\"item\":\"https:\\\/\\\/mmkriepas.lv\\\/en\\\/\"},{\"@type\":\"ListItem\",\"position\":2,\"name\":\"275\\\/40R20 Rockblade Rock 535 106W XL\"}]},{\"@type\":\"WebSite\",\"@id\":\"https:\\\/\\\/mmkriepas.lv\\\/en\\\/#website\",\"url\":\"https:\\\/\\\/mmkriepas.lv\\\/en\\\/\",\"name\":\"MMK Riepas\",\"description\":\"MMK Riepas\",\"alternateName\":\"MMK Riepu Serviss\",\"potentialAction\":[{\"@type\":\"SearchAction\",\"target\":{\"@type\":\"EntryPoint\",\"urlTemplate\":\"https:\\\/\\\/mmkriepas.lv\\\/en\\\/?s={search_term_string}\"},\"query-input\":{\"@type\":\"PropertyValueSpecification\",\"valueRequired\":true,\"valueName\":\"search_term_string\"}}],\"inLanguage\":\"en-US\"},{\"@type\":\"ImageObject\",\"inLanguage\":\"en-US\",\"@id\":\"https:\\\/\\\/mmkriepas.lv\\\/en\\\/p\\\/275-40r20-rockblade-rock-535-106w-xl\\\/#local-main-organization-logo\",\"url\":\"\",\"contentUrl\":\"\",\"caption\":\"MMK Riepas\"}]}<\/script>\n<meta property=\"product:brand\" content=\"Rockblade Rock 535\" \/>\n<meta property=\"product:price:amount\" content=\"82.00\" \/>\n<meta property=\"product:price:currency\" content=\"EUR\" \/>\n<meta property=\"og:availability\" content=\"instock\" \/>\n<meta property=\"product:availability\" content=\"instock\" \/>\n<meta property=\"product:retailer_item_id\" content=\"TS2754020ROCKB-32376\" \/>\n<meta property=\"product:condition\" content=\"new\" \/>\n<!-- \/ Yoast SEO Premium plugin. -->","yoast_head_json":{"title":"275\/40R20 Rockblade Rock 535 106W XL &#8226; MMK Riepas","robots":{"index":"index","follow":"follow","max-snippet":"max-snippet:-1","max-image-preview":"max-image-preview:large","max-video-preview":"max-video-preview:-1"},"canonical":"https:\/\/mmkriepas.lv\/en\/p\/275-40r20-rockblade-rock-535-106w-xl\/","og_locale":"en_US","og_type":"article","og_title":"275\/40R20 Rockblade Rock 535 106W XL","og_description":"Rockblade Rock 535 ir augstas veiktsp\u0113jas, sportiska tipa vasaras riepu modelis ar virzienveida protektora rakstu. Izce\u013cas samazin\u0101tu akvaplan\u0113\u0161anas risku un palielin\u0101tu sa\u0137eri uz sausa asfalta.","og_url":"https:\/\/mmkriepas.lv\/en\/p\/275-40r20-rockblade-rock-535-106w-xl\/","og_site_name":"MMK Riepas","article_publisher":"https:\/\/www.facebook.com\/mmkserviss\/","article_modified_time":"2026-04-04T17:31:23+00:00","og_image":[{"width":1920,"height":1920,"url":"https:\/\/mmkriepas.lv\/wp-content\/uploads\/2024\/01\/27540r20-rockblade-rock-535-106w-xl-vasaras-riepas.jpg","type":"image\/jpeg"}],"twitter_card":"summary_large_image","twitter_misc":{"Price":"&euro;82.00","Availability":"In stock"},"schema":{"@context":"https:\/\/schema.org","@graph":[{"@type":"WebPage","@id":"https:\/\/mmkriepas.lv\/en\/p\/275-40r20-rockblade-rock-535-106w-xl\/","url":"https:\/\/mmkriepas.lv\/en\/p\/275-40r20-rockblade-rock-535-106w-xl\/","name":"275\/40R20 Rockblade Rock 535 106W XL &#8226; MMK Riepas","isPartOf":{"@id":"https:\/\/mmkriepas.lv\/en\/#website"},"primaryImageOfPage":{"@id":"https:\/\/mmkriepas.lv\/en\/p\/275-40r20-rockblade-rock-535-106w-xl\/#primaryimage"},"image":{"@id":"https:\/\/mmkriepas.lv\/en\/p\/275-40r20-rockblade-rock-535-106w-xl\/#primaryimage"},"thumbnailUrl":"https:\/\/mmkriepas.lv\/wp-content\/uploads\/2024\/01\/27540r20-rockblade-rock-535-106w-xl-vasaras-riepas.jpg","datePublished":"2024-01-17T15:38:43+00:00","dateModified":"2026-04-04T17:31:23+00:00","breadcrumb":{"@id":"https:\/\/mmkriepas.lv\/en\/p\/275-40r20-rockblade-rock-535-106w-xl\/#breadcrumb"},"inLanguage":"en-US","potentialAction":[{"@type":"ReadAction","target":["https:\/\/mmkriepas.lv\/en\/p\/275-40r20-rockblade-rock-535-106w-xl\/"]}]},{"@type":"ImageObject","inLanguage":"en-US","@id":"https:\/\/mmkriepas.lv\/en\/p\/275-40r20-rockblade-rock-535-106w-xl\/#primaryimage","url":"https:\/\/mmkriepas.lv\/wp-content\/uploads\/2024\/01\/27540r20-rockblade-rock-535-106w-xl-vasaras-riepas.jpg","contentUrl":"https:\/\/mmkriepas.lv\/wp-content\/uploads\/2024\/01\/27540r20-rockblade-rock-535-106w-xl-vasaras-riepas.jpg","width":1920,"height":1920,"caption":"MAIN"},{"@type":"BreadcrumbList","@id":"https:\/\/mmkriepas.lv\/en\/p\/275-40r20-rockblade-rock-535-106w-xl\/#breadcrumb","itemListElement":[{"@type":"ListItem","position":1,"name":"S\u0101kums","item":"https:\/\/mmkriepas.lv\/en\/"},{"@type":"ListItem","position":2,"name":"275\/40R20 Rockblade Rock 535 106W XL"}]},{"@type":"WebSite","@id":"https:\/\/mmkriepas.lv\/en\/#website","url":"https:\/\/mmkriepas.lv\/en\/","name":"MMK Riepas","description":"MMK Riepas","alternateName":"MMK Riepu Serviss","potentialAction":[{"@type":"SearchAction","target":{"@type":"EntryPoint","urlTemplate":"https:\/\/mmkriepas.lv\/en\/?s={search_term_string}"},"query-input":{"@type":"PropertyValueSpecification","valueRequired":true,"valueName":"search_term_string"}}],"inLanguage":"en-US"},{"@type":"ImageObject","inLanguage":"en-US","@id":"https:\/\/mmkriepas.lv\/en\/p\/275-40r20-rockblade-rock-535-106w-xl\/#local-main-organization-logo","url":"","contentUrl":"","caption":"MMK Riepas"}]},"product_brand":"Rockblade Rock 535","product_price_amount":"82.00","product_price_currency":"EUR","og_availability":"instock","product_availability":"instock","product_retailer_item_id":"TS2754020ROCKB-32376","product_condition":"new"},"_links":{"self":[{"href":"https:\/\/mmkriepas.lv\/en\/wp-json\/wp\/v2\/product\/845387","targetHints":{"allow":["GET"]}}],"collection":[{"href":"https:\/\/mmkriepas.lv\/en\/wp-json\/wp\/v2\/product"}],"about":[{"href":"https:\/\/mmkriepas.lv\/en\/wp-json\/wp\/v2\/types\/product"}],"wp:featuredmedia":[{"embeddable":true,"href":"https:\/\/mmkriepas.lv\/en\/wp-json\/wp\/v2\/media\/847556"}],"wp:attachment":[{"href":"https:\/\/mmkriepas.lv\/en\/wp-json\/wp\/v2\/media?parent=845387"}],"wp:term":[{"taxonomy":"product_brand","embeddable":true,"href":"https:\/\/mmkriepas.lv\/en\/wp-json\/wp\/v2\/product_brand?post=845387"},{"taxonomy":"product_cat","embeddable":true,"href":"https:\/\/mmkriepas.lv\/en\/wp-json\/wp\/v2\/product_cat?post=845387"},{"taxonomy":"product_tag","embeddable":true,"href":"https:\/\/mmkriepas.lv\/en\/wp-json\/wp\/v2\/product_tag?post=845387"}],"curies":[{"name":"wp","href":"https:\/\/api.w.org\/{rel}","templated":true}]}}