{"id":845381,"date":"2024-01-17T17:38:31","date_gmt":"2024-01-17T15:38:31","guid":{"rendered":"https:\/\/mmkserviss.lv\/?post_type=product&#038;p=845381"},"modified":"2026-03-27T23:18:29","modified_gmt":"2026-03-27T21:18:29","slug":"225-60r17-rockblade-rock-515-99h","status":"publish","type":"product","link":"https:\/\/mmkriepas.lv\/en\/p\/225-60r17-rockblade-rock-515-99h\/","title":{"rendered":"225\/60R17 Rockblade Rock 515 99H"},"content":{"rendered":"<p><span style=\"font-family: Times New Roman, serif;\"><span style=\"font-size: medium;\"><span style=\"color: #000000;\"><span style=\"font-family: Arial, serif;\"><span style=\"font-size: small;\"><b>Rockblade Rock 515<\/b><\/span><\/span><\/span><span style=\"color: #000000;\"><span style=\"font-family: Arial, serif;\"><span style=\"font-size: small;\"><b> <\/b><\/span><\/span><\/span><span style=\"color: #000000;\"><span style=\"font-family: Arial, serif;\"><span style=\"font-size: small;\">&#8211; vasaras riepu modelis, kas izce\u013cas ar teicamu veiktsp\u0113ju gan uz asfalta, gan grants ce\u013ciem, k\u0101 ar\u012b ar izcilu cenas un veiktsp\u0113jas koeficentu. Pieejams pla\u0161\u0101 izm\u0113ru kl\u0101st\u0101, s\u0101kot ar kompaktklases auto, l\u012bdz pat krosoveriem.\u00a0<\/span><\/span><\/span><\/span><\/span><\/p>\n<h3 class=\"western\"><span style=\"color: #000000;\"><span style=\"font-family: Arial, serif;\"><span style=\"font-size: medium;\">Rock 515<\/span><\/span><\/span><span style=\"color: #000000;\"><span style=\"font-family: Arial, serif;\"><span style=\"font-size: medium;\"> galven\u0101s \u012bpa\u0161\u012bbas:<\/span><\/span><\/span><\/h3>\n<p><span style=\"font-family: Times New Roman, serif;\"><span style=\"font-size: medium;\"><span style=\"color: #000000;\"><span style=\"font-family: Arial, serif;\"><span style=\"font-size: small;\">+ Teicama sa\u0137ere gan ar slapju, gan sausu asfaltu.<\/span><\/span><\/span><\/span><\/span><\/p>\n<p><span style=\"font-family: Times New Roman, serif;\"><span style=\"font-size: medium;\"><span style=\"color: #000000;\"><span style=\"font-family: Arial, serif;\"><span style=\"font-size: small;\">+ Augsta veiktsp\u0113ja ar\u012b uz grants vai me\u017ea ce\u013ciem.<\/span><\/span><\/span><\/span><\/span><\/p>\n<p><span style=\"font-family: Times New Roman, serif;\"><span style=\"font-size: medium;\"><span style=\"color: #000000;\"><span style=\"font-family: Arial, serif;\"><span style=\"font-size: small;\">+ Samazin\u0101ts akvaplan\u0113\u0161anas risks.<\/span><\/span><\/span><\/span><\/span><\/p>\n<p><span style=\"font-family: Times New Roman, serif;\"><span style=\"font-size: medium;\"><span style=\"color: #000000;\"><span style=\"font-family: Arial, serif;\"><span style=\"font-size: small;\">+ Izcils cenas un veiktsp\u0113jas koeficents.<\/span><\/span><\/span><\/span><\/span><\/p>\n<h3 class=\"western\"><span style=\"color: #000000;\"><span style=\"font-family: Arial, serif;\"><span style=\"font-size: medium;\">Rock 515<\/span><\/span><\/span><span style=\"color: #000000;\"><span style=\"font-family: Arial, serif;\"><span style=\"font-size: medium;\"> apr\u012bkojums:<\/span><\/span><\/span><\/h3>\n<p><span style=\"font-family: Arial, sans-serif;\"><span style=\"font-size: medium;\"><span style=\"color: #000000;\"><span style=\"font-size: small;\"><b>Rockblade Rock 515<\/b><\/span><\/span><span style=\"color: #000000;\"><span style=\"font-size: small;\"><b> <\/b><\/span><\/span><span style=\"color: #000000;\"><span style=\"font-size: small;\">vasaras riepas apr\u012bkotas ar vasaras riep\u0101m rakstur\u012bgu asimetrisko protektora dizainu, kas papildin\u0101ts ar lielu daudzumu dren\u0101\u017eas kan\u0101lu. \u0160ie iegriezumi jeb dren\u0101\u017eas kan\u0101li ne tikai pal\u012bdz novad\u012bt \u016bdeni no riepu kontakta virsmas ar ce\u013cu, samazinot akvaplan\u0113\u0161anas risku, bet ar\u012b uzlabo riepu sa\u0137eri ar grants ce\u013ciem.\u00a0<\/span><\/span><\/span><\/span><\/p>\n<p><span style=\"font-family: Arial, sans-serif;\"><span style=\"font-size: medium;\"><span style=\"color: #000000;\"><span style=\"font-size: small;\">\u0160\u012b mode\u013ca riepu gumijas sast\u0101vam pievienota virkne elementu, kas pal\u012bdz riep\u0101m saglab\u0101t formu augst\u0101s gaisa temperat\u016br\u0101s vasar\u0101, samazinot ar\u012b nodilumu. Atvieglot\u0101, bet iztur\u012bg\u0101 konstrukcija samazina ar\u012b rites pretest\u012bbu, rezult\u0113joties zem\u0101k\u0101 degvielas pat\u0113ri\u0146\u0101.<\/span><\/span><\/span><\/span><\/p>\n","protected":false},"excerpt":{"rendered":"<p><span style=\"font-family: Times New Roman, serif;\"><span style=\"font-size: medium;\"><span style=\"color: #000000;\"><span style=\"font-family: Arial, serif;\"><span style=\"font-size: small;\"><b>Rockblade Rock 515<\/b><\/span><\/span><\/span><span style=\"color: #000000;\"><span style=\"font-family: Arial, serif;\"><span style=\"font-size: small;\"><b> <\/b><\/span><\/span><\/span><span style=\"color: #000000;\"><span style=\"font-family: Arial, serif;\"><span style=\"font-size: small;\">&#8211; vasaras riepu modelis, kas izce\u013cas ar teicamu veiktsp\u0113ju gan uz asfalta, gan grants ce\u013ciem, k\u0101 ar\u012b ar izcilu cenas un veiktsp\u0113jas koeficentu. Pieejams pla\u0161\u0101 izm\u0113ru kl\u0101st\u0101, s\u0101kot ar kompaktklases auto, l\u012bdz pat krosoveriem.<\/span><\/span><\/span><\/span><\/span><\/p>\n","protected":false},"featured_media":850391,"template":"","meta":{"_acf_changed":false,"ngg_post_thumbnail":0},"product_brand":[],"product_cat":[46],"product_tag":[],"class_list":{"0":"post-845381","1":"product","2":"type-product","3":"status-publish","4":"has-post-thumbnail","6":"product_cat-vasaras-riepas","8":"first","9":"instock","10":"sale","11":"taxable","12":"shipping-taxable","13":"purchasable","14":"product-type-simple"},"acf":[],"yoast_head":"<!-- This site is optimized with the Yoast SEO Premium plugin v22.6 (Yoast SEO v27.3) - https:\/\/yoast.com\/product\/yoast-seo-premium-wordpress\/ -->\n<title>225\/60R17 Rockblade Rock 515 99H &#8226; MMK Riepas<\/title>\n<meta name=\"robots\" content=\"index, follow, max-snippet:-1, max-image-preview:large, max-video-preview:-1\" \/>\n<link rel=\"canonical\" href=\"https:\/\/mmkriepas.lv\/en\/p\/225-60r17-rockblade-rock-515-99h\/\" \/>\n<meta property=\"og:locale\" content=\"en_US\" \/>\n<meta property=\"og:type\" content=\"article\" \/>\n<meta property=\"og:title\" content=\"225\/60R17 Rockblade Rock 515 99H\" \/>\n<meta property=\"og:description\" content=\"Rockblade Rock 515 - vasaras riepu modelis, kas izce\u013cas ar teicamu veiktsp\u0113ju gan uz asfalta, gan grants ce\u013ciem, k\u0101 ar\u012b ar izcilu cenas un veiktsp\u0113jas koeficentu. Pieejams pla\u0161\u0101 izm\u0113ru kl\u0101st\u0101, s\u0101kot ar kompaktklases auto, l\u012bdz pat krosoveriem.\" \/>\n<meta property=\"og:url\" content=\"https:\/\/mmkriepas.lv\/en\/p\/225-60r17-rockblade-rock-515-99h\/\" \/>\n<meta property=\"og:site_name\" content=\"MMK Riepas\" \/>\n<meta property=\"article:publisher\" content=\"https:\/\/www.facebook.com\/mmkserviss\/\" \/>\n<meta property=\"article:modified_time\" content=\"2026-03-27T21:18:29+00:00\" \/>\n<meta property=\"og:image\" content=\"https:\/\/mmkriepas.lv\/wp-content\/uploads\/2024\/01\/23565r17-rockblade-rock-515-104h-vasaras-riepas.jpg\" \/>\n\t<meta property=\"og:image:width\" content=\"1920\" \/>\n\t<meta property=\"og:image:height\" content=\"1920\" \/>\n\t<meta property=\"og:image:type\" content=\"image\/jpeg\" \/>\n<meta name=\"twitter:card\" content=\"summary_large_image\" \/>\n<meta name=\"twitter:label1\" content=\"Price\" \/>\n\t<meta name=\"twitter:data1\" content=\"&euro;64.00\" \/>\n\t<meta name=\"twitter:label2\" content=\"Availability\" \/>\n\t<meta name=\"twitter:data2\" content=\"In stock\" \/>\n<script type=\"application\/ld+json\" class=\"yoast-schema-graph\">{\"@context\":\"https:\\\/\\\/schema.org\",\"@graph\":[{\"@type\":\"WebPage\",\"@id\":\"https:\\\/\\\/mmkriepas.lv\\\/en\\\/p\\\/225-60r17-rockblade-rock-515-99h\\\/\",\"url\":\"https:\\\/\\\/mmkriepas.lv\\\/en\\\/p\\\/225-60r17-rockblade-rock-515-99h\\\/\",\"name\":\"225\\\/60R17 Rockblade Rock 515 99H &#8226; MMK Riepas\",\"isPartOf\":{\"@id\":\"https:\\\/\\\/mmkriepas.lv\\\/en\\\/#website\"},\"primaryImageOfPage\":{\"@id\":\"https:\\\/\\\/mmkriepas.lv\\\/en\\\/p\\\/225-60r17-rockblade-rock-515-99h\\\/#primaryimage\"},\"image\":{\"@id\":\"https:\\\/\\\/mmkriepas.lv\\\/en\\\/p\\\/225-60r17-rockblade-rock-515-99h\\\/#primaryimage\"},\"thumbnailUrl\":\"https:\\\/\\\/mmkriepas.lv\\\/wp-content\\\/uploads\\\/2024\\\/01\\\/23565r17-rockblade-rock-515-104h-vasaras-riepas.jpg\",\"datePublished\":\"2024-01-17T15:38:31+00:00\",\"dateModified\":\"2026-03-27T21:18:29+00:00\",\"breadcrumb\":{\"@id\":\"https:\\\/\\\/mmkriepas.lv\\\/en\\\/p\\\/225-60r17-rockblade-rock-515-99h\\\/#breadcrumb\"},\"inLanguage\":\"en-US\",\"potentialAction\":[{\"@type\":\"ReadAction\",\"target\":[\"https:\\\/\\\/mmkriepas.lv\\\/en\\\/p\\\/225-60r17-rockblade-rock-515-99h\\\/\"]}]},{\"@type\":\"ImageObject\",\"inLanguage\":\"en-US\",\"@id\":\"https:\\\/\\\/mmkriepas.lv\\\/en\\\/p\\\/225-60r17-rockblade-rock-515-99h\\\/#primaryimage\",\"url\":\"https:\\\/\\\/mmkriepas.lv\\\/wp-content\\\/uploads\\\/2024\\\/01\\\/23565r17-rockblade-rock-515-104h-vasaras-riepas.jpg\",\"contentUrl\":\"https:\\\/\\\/mmkriepas.lv\\\/wp-content\\\/uploads\\\/2024\\\/01\\\/23565r17-rockblade-rock-515-104h-vasaras-riepas.jpg\",\"width\":1920,\"height\":1920,\"caption\":\"235\\\/65R17 Rockblade Rock 515 104H - Vasaras riepas\"},{\"@type\":\"BreadcrumbList\",\"@id\":\"https:\\\/\\\/mmkriepas.lv\\\/en\\\/p\\\/225-60r17-rockblade-rock-515-99h\\\/#breadcrumb\",\"itemListElement\":[{\"@type\":\"ListItem\",\"position\":1,\"name\":\"S\u0101kums\",\"item\":\"https:\\\/\\\/mmkriepas.lv\\\/en\\\/\"},{\"@type\":\"ListItem\",\"position\":2,\"name\":\"225\\\/60R17 Rockblade Rock 515 99H\"}]},{\"@type\":\"WebSite\",\"@id\":\"https:\\\/\\\/mmkriepas.lv\\\/en\\\/#website\",\"url\":\"https:\\\/\\\/mmkriepas.lv\\\/en\\\/\",\"name\":\"MMK Riepas\",\"description\":\"MMK Riepas\",\"alternateName\":\"MMK Riepu Serviss\",\"potentialAction\":[{\"@type\":\"SearchAction\",\"target\":{\"@type\":\"EntryPoint\",\"urlTemplate\":\"https:\\\/\\\/mmkriepas.lv\\\/en\\\/?s={search_term_string}\"},\"query-input\":{\"@type\":\"PropertyValueSpecification\",\"valueRequired\":true,\"valueName\":\"search_term_string\"}}],\"inLanguage\":\"en-US\"},{\"@type\":\"ImageObject\",\"inLanguage\":\"en-US\",\"@id\":\"https:\\\/\\\/mmkriepas.lv\\\/en\\\/p\\\/225-60r17-rockblade-rock-515-99h\\\/#local-main-organization-logo\",\"url\":\"\",\"contentUrl\":\"\",\"caption\":\"MMK Riepas\"}]}<\/script>\n<meta property=\"product:brand\" content=\"Rockblade Rock 515\" \/>\n<meta property=\"product:price:amount\" content=\"64.00\" \/>\n<meta property=\"product:price:currency\" content=\"EUR\" \/>\n<meta property=\"og:availability\" content=\"instock\" \/>\n<meta property=\"product:availability\" content=\"instock\" \/>\n<meta property=\"product:retailer_item_id\" content=\"TS2256017ROCKB-32373\" \/>\n<meta property=\"product:condition\" content=\"new\" \/>\n<!-- \/ Yoast SEO Premium plugin. -->","yoast_head_json":{"title":"225\/60R17 Rockblade Rock 515 99H &#8226; MMK Riepas","robots":{"index":"index","follow":"follow","max-snippet":"max-snippet:-1","max-image-preview":"max-image-preview:large","max-video-preview":"max-video-preview:-1"},"canonical":"https:\/\/mmkriepas.lv\/en\/p\/225-60r17-rockblade-rock-515-99h\/","og_locale":"en_US","og_type":"article","og_title":"225\/60R17 Rockblade Rock 515 99H","og_description":"Rockblade Rock 515 - vasaras riepu modelis, kas izce\u013cas ar teicamu veiktsp\u0113ju gan uz asfalta, gan grants ce\u013ciem, k\u0101 ar\u012b ar izcilu cenas un veiktsp\u0113jas koeficentu. Pieejams pla\u0161\u0101 izm\u0113ru kl\u0101st\u0101, s\u0101kot ar kompaktklases auto, l\u012bdz pat krosoveriem.","og_url":"https:\/\/mmkriepas.lv\/en\/p\/225-60r17-rockblade-rock-515-99h\/","og_site_name":"MMK Riepas","article_publisher":"https:\/\/www.facebook.com\/mmkserviss\/","article_modified_time":"2026-03-27T21:18:29+00:00","og_image":[{"width":1920,"height":1920,"url":"https:\/\/mmkriepas.lv\/wp-content\/uploads\/2024\/01\/23565r17-rockblade-rock-515-104h-vasaras-riepas.jpg","type":"image\/jpeg"}],"twitter_card":"summary_large_image","twitter_misc":{"Price":"&euro;64.00","Availability":"In stock"},"schema":{"@context":"https:\/\/schema.org","@graph":[{"@type":"WebPage","@id":"https:\/\/mmkriepas.lv\/en\/p\/225-60r17-rockblade-rock-515-99h\/","url":"https:\/\/mmkriepas.lv\/en\/p\/225-60r17-rockblade-rock-515-99h\/","name":"225\/60R17 Rockblade Rock 515 99H &#8226; MMK Riepas","isPartOf":{"@id":"https:\/\/mmkriepas.lv\/en\/#website"},"primaryImageOfPage":{"@id":"https:\/\/mmkriepas.lv\/en\/p\/225-60r17-rockblade-rock-515-99h\/#primaryimage"},"image":{"@id":"https:\/\/mmkriepas.lv\/en\/p\/225-60r17-rockblade-rock-515-99h\/#primaryimage"},"thumbnailUrl":"https:\/\/mmkriepas.lv\/wp-content\/uploads\/2024\/01\/23565r17-rockblade-rock-515-104h-vasaras-riepas.jpg","datePublished":"2024-01-17T15:38:31+00:00","dateModified":"2026-03-27T21:18:29+00:00","breadcrumb":{"@id":"https:\/\/mmkriepas.lv\/en\/p\/225-60r17-rockblade-rock-515-99h\/#breadcrumb"},"inLanguage":"en-US","potentialAction":[{"@type":"ReadAction","target":["https:\/\/mmkriepas.lv\/en\/p\/225-60r17-rockblade-rock-515-99h\/"]}]},{"@type":"ImageObject","inLanguage":"en-US","@id":"https:\/\/mmkriepas.lv\/en\/p\/225-60r17-rockblade-rock-515-99h\/#primaryimage","url":"https:\/\/mmkriepas.lv\/wp-content\/uploads\/2024\/01\/23565r17-rockblade-rock-515-104h-vasaras-riepas.jpg","contentUrl":"https:\/\/mmkriepas.lv\/wp-content\/uploads\/2024\/01\/23565r17-rockblade-rock-515-104h-vasaras-riepas.jpg","width":1920,"height":1920,"caption":"235\/65R17 Rockblade Rock 515 104H - Vasaras riepas"},{"@type":"BreadcrumbList","@id":"https:\/\/mmkriepas.lv\/en\/p\/225-60r17-rockblade-rock-515-99h\/#breadcrumb","itemListElement":[{"@type":"ListItem","position":1,"name":"S\u0101kums","item":"https:\/\/mmkriepas.lv\/en\/"},{"@type":"ListItem","position":2,"name":"225\/60R17 Rockblade Rock 515 99H"}]},{"@type":"WebSite","@id":"https:\/\/mmkriepas.lv\/en\/#website","url":"https:\/\/mmkriepas.lv\/en\/","name":"MMK Riepas","description":"MMK Riepas","alternateName":"MMK Riepu Serviss","potentialAction":[{"@type":"SearchAction","target":{"@type":"EntryPoint","urlTemplate":"https:\/\/mmkriepas.lv\/en\/?s={search_term_string}"},"query-input":{"@type":"PropertyValueSpecification","valueRequired":true,"valueName":"search_term_string"}}],"inLanguage":"en-US"},{"@type":"ImageObject","inLanguage":"en-US","@id":"https:\/\/mmkriepas.lv\/en\/p\/225-60r17-rockblade-rock-515-99h\/#local-main-organization-logo","url":"","contentUrl":"","caption":"MMK Riepas"}]},"product_brand":"Rockblade Rock 515","product_price_amount":"64.00","product_price_currency":"EUR","og_availability":"instock","product_availability":"instock","product_retailer_item_id":"TS2256017ROCKB-32373","product_condition":"new"},"_links":{"self":[{"href":"https:\/\/mmkriepas.lv\/en\/wp-json\/wp\/v2\/product\/845381","targetHints":{"allow":["GET"]}}],"collection":[{"href":"https:\/\/mmkriepas.lv\/en\/wp-json\/wp\/v2\/product"}],"about":[{"href":"https:\/\/mmkriepas.lv\/en\/wp-json\/wp\/v2\/types\/product"}],"wp:featuredmedia":[{"embeddable":true,"href":"https:\/\/mmkriepas.lv\/en\/wp-json\/wp\/v2\/media\/850391"}],"wp:attachment":[{"href":"https:\/\/mmkriepas.lv\/en\/wp-json\/wp\/v2\/media?parent=845381"}],"wp:term":[{"taxonomy":"product_brand","embeddable":true,"href":"https:\/\/mmkriepas.lv\/en\/wp-json\/wp\/v2\/product_brand?post=845381"},{"taxonomy":"product_cat","embeddable":true,"href":"https:\/\/mmkriepas.lv\/en\/wp-json\/wp\/v2\/product_cat?post=845381"},{"taxonomy":"product_tag","embeddable":true,"href":"https:\/\/mmkriepas.lv\/en\/wp-json\/wp\/v2\/product_tag?post=845381"}],"curies":[{"name":"wp","href":"https:\/\/api.w.org\/{rel}","templated":true}]}}