{"id":845214,"date":"2024-01-17T12:49:46","date_gmt":"2024-01-17T10:49:46","guid":{"rendered":"https:\/\/mmkserviss.lv\/?post_type=product&#038;p=845214"},"modified":"2026-03-30T15:34:20","modified_gmt":"2026-03-30T12:34:20","slug":"245-35r19-linglong-green-max-winter-grip-2-93t-xl-ar-radzem-2","status":"publish","type":"product","link":"https:\/\/mmkriepas.lv\/en\/p\/245-35r19-linglong-green-max-winter-grip-2-93t-xl-ar-radzem-2\/","title":{"rendered":"245\/35R19 Linglong GREEN-Max Winter Grip 2 93T XL ar radz\u0113m"},"content":{"rendered":"<p><span style=\"font-family: Times New Roman, serif;\"><span style=\"font-size: medium;\"><span style=\"color: #000000;\"><span style=\"font-family: Arial, serif;\"><span style=\"font-size: small;\"><b>Ling<\/b><\/span><\/span><\/span><span style=\"color: #000000;\"><span style=\"font-family: Arial, serif;\"><span style=\"font-size: small;\"><b>l<\/b><\/span><\/span><\/span><span style=\"color: #000000;\"><span style=\"font-family: Arial, serif;\"><span style=\"font-size: small;\"><b>ong GREEN-Max Winter G<\/b><\/span><\/span><\/span><span style=\"color: #000000;\"><span style=\"font-family: Arial, serif;\"><span style=\"font-size: small;\"><b>rip<\/b><\/span><\/span><\/span><span style=\"color: #000000;\"><span style=\"font-family: Arial, serif;\"><span style=\"font-size: small;\"><b> 2 <\/b><\/span><\/span><\/span><span style=\"color: #000000;\"><span style=\"font-family: Arial, serif;\"><span style=\"font-size: small;\">ir labs rad\u017eojamais ziemas riepu modelis. Izce\u013cas ar labu veiktsp\u0113ju gan uz sausa asfalta, gan snieg\u0101. Pieejams pla\u0161\u0101 izm\u0113ru kl\u0101st\u0101 un piem\u0113rots gan vieglaj\u0101m automa\u0161\u012bn\u0101m, gan krosoveriem un apvidus auto jeb SUV. <\/span><\/span><\/span><span style=\"color: #c9211e;\"><span style=\"font-family: Arial, serif;\"><span style=\"font-size: small;\">\u0160is modelis pieejams gan ar radz\u0113m, gan bez t\u0101m!<\/span><\/span><\/span><\/span><\/span><\/p>\n<h3 class=\"western\"><span style=\"color: #000000;\"><span style=\"font-family: Arial, serif;\"><span style=\"font-size: medium;\">GREEN-Max Winter G<\/span><\/span><\/span><span style=\"color: #000000;\"><span style=\"font-family: Arial, serif;\"><span style=\"font-size: medium;\">rip<\/span><\/span><\/span><span style=\"color: #000000;\"><span style=\"font-family: Arial, serif;\"><span style=\"font-size: medium;\"> 2 galven\u0101s iez\u012bmes<\/span><\/span><\/span><\/h3>\n<p><span style=\"font-family: Times New Roman, serif;\"><span style=\"font-size: medium;\"><span style=\"color: #000000;\"><span style=\"font-family: Arial, serif;\"><span style=\"font-size: small;\">+ Laba veiktsp\u0113ja snieg\u0101 un uz sausa asfalta.<\/span><\/span><\/span><\/span><\/span><\/p>\n<p><span style=\"font-family: Times New Roman, serif;\"><span style=\"font-size: medium;\"><span style=\"color: #000000;\"><span style=\"font-family: Arial, serif;\"><span style=\"font-size: small;\">+ Komfortabla gaita.<\/span><\/span><\/span><\/span><\/span><\/p>\n<p><span style=\"font-family: Times New Roman, serif;\"><span style=\"font-size: medium;\"><span style=\"color: #000000;\"><span style=\"font-family: Arial, serif;\"><span style=\"font-size: small;\">+ Palielin\u0101ta nodilumiztur\u012bba.<\/span><\/span><\/span><\/span><\/span><\/p>\n<p><span style=\"font-family: Times New Roman, serif;\"><span style=\"font-size: medium;\"><span style=\"color: #000000;\"><span style=\"font-family: Arial, serif;\"><span style=\"font-size: small;\">+ Dzi\u013c\u0161 un agres\u012bvs protektors.<\/span><\/span><\/span><\/span><\/span><\/p>\n<p><span style=\"font-family: Times New Roman, serif;\"><span style=\"font-size: medium;\"><span style=\"color: #000000;\"><span style=\"font-family: Arial, serif;\"><span style=\"font-size: small;\">+ Kvalit\u0101te atbilst cenai.<\/span><\/span><\/span><\/span><\/span><\/p>\n<h3 class=\"western\"><span style=\"color: #000000;\"><span style=\"font-family: Arial, serif;\"><span style=\"font-size: medium;\">GREEN-Max Winter G<\/span><\/span><\/span><span style=\"color: #000000;\"><span style=\"font-family: Arial, serif;\"><span style=\"font-size: medium;\">rip<\/span><\/span><\/span><span style=\"color: #000000;\"><span style=\"font-family: Arial, serif;\"><span style=\"font-size: medium;\"> 2 apr\u012bkojums<\/span><\/span><\/span><\/h3>\n<p><span style=\"font-family: Times New Roman, serif;\"><span style=\"font-size: medium;\"><span style=\"color: #000000;\"><span style=\"font-family: Arial, serif;\"><span style=\"font-size: small;\"><b>Ling<\/b><\/span><\/span><\/span><span style=\"color: #000000;\"><span style=\"font-family: Arial, serif;\"><span style=\"font-size: small;\"><b>l<\/b><\/span><\/span><\/span><span style=\"color: #000000;\"><span style=\"font-family: Arial, serif;\"><span style=\"font-size: small;\"><b>ong GREEN-Max Winter G<\/b><\/span><\/span><\/span><span style=\"color: #000000;\"><span style=\"font-family: Arial, serif;\"><span style=\"font-size: small;\"><b>rip<\/b><\/span><\/span><\/span><span style=\"color: #000000;\"><span style=\"font-family: Arial, serif;\"><span style=\"font-size: small;\"><b> 2 <\/b><\/span><\/span><\/span><span style=\"color: #000000;\"><span style=\"font-family: Arial, serif;\"><span style=\"font-size: small;\">ziemas riepas apr\u012bkotas ar agres\u012bvu virzienveida protektora rakstu. T\u0101 mas\u012bvajos V-formas protektora blokos bl\u012bvi iestr\u0101d\u0101tas lameles, kas vienlaikus uzlabo sa\u0137eri ar ledu, un pal\u012bdz sausin\u0101t riepu kontakta virsmu ar ce\u013cu.<\/span><\/span><\/span><\/span><\/span><\/p>\n<p><span style=\"font-family: Times New Roman, serif;\"><span style=\"font-size: medium;\"><span style=\"color: #000000;\"><span style=\"font-family: Arial, serif;\"><span style=\"font-size: small;\">\u0160is riepu modelis darin\u0101ts no elastrom\u0113riem bag\u0101ta kompoz\u012btmateri\u0101la. Tas pal\u012bdz riep\u0101m saglab\u0101t elast\u012bbu pat \u013coti zem\u0101s gaisa temperat\u016br\u0101s, nodro\u0161inot labu sa\u0137eri taj\u0101s.\u00a0<\/span><\/span><\/span><\/span><\/span><\/p>\n","protected":false},"excerpt":{"rendered":"<p><span style=\"font-family: Times New Roman, serif;\"><span style=\"font-size: medium;\"><span style=\"color: #000000;\"><span style=\"font-family: Arial, serif;\"><span style=\"font-size: small;\"><b>Ling<\/b><\/span><\/span><\/span><span style=\"color: #000000;\"><span style=\"font-family: Arial, serif;\"><span style=\"font-size: small;\"><b>l<\/b><\/span><\/span><\/span><span style=\"color: #000000;\"><span style=\"font-family: Arial, serif;\"><span style=\"font-size: small;\"><b>ong GREEN-Max Winter G<\/b><\/span><\/span><\/span><span style=\"color: #000000;\"><span style=\"font-family: Arial, serif;\"><span style=\"font-size: small;\"><b>rip<\/b><\/span><\/span><\/span><span style=\"color: #000000;\"><span style=\"font-family: Arial, serif;\"><span style=\"font-size: small;\"><b> 2 <\/b><\/span><\/span><\/span><span style=\"color: #000000;\"><span style=\"font-family: Arial, serif;\"><span style=\"font-size: small;\">ir labs rad\u017eojamais ziemas riepu modelis. Izce\u013cas ar labu veiktsp\u0113ju gan uz sausa asfalta, gan snieg\u0101. Pieejams pla\u0161\u0101 izm\u0113ru kl\u0101st\u0101 un piem\u0113rots gan vieglaj\u0101m automa\u0161\u012bn\u0101m, gan krosoveriem un apvidus auto jeb SUV. <\/span><\/span><\/span><span style=\"color: #c9211e;\"><span style=\"font-family: Arial, serif;\"><span style=\"font-size: small;\">\u0160is modelis pieejams gan ar radz\u0113m, gan bez t\u0101m!<\/span><\/span><\/span><\/span><\/span><\/p>\n","protected":false},"featured_media":824019,"template":"","meta":{"_acf_changed":false,"ngg_post_thumbnail":0},"product_brand":[],"product_cat":[45,48],"product_tag":[],"class_list":{"0":"post-845214","1":"product","2":"type-product","3":"status-publish","4":"has-post-thumbnail","6":"product_cat-ziemas-riepas","7":"product_cat-ziemas-ar-radzem","9":"first","10":"instock","11":"sale","12":"taxable","13":"shipping-taxable","14":"purchasable","15":"product-type-simple"},"acf":[],"yoast_head":"<!-- This site is optimized with the Yoast SEO Premium plugin v22.6 (Yoast SEO v27.3) - https:\/\/yoast.com\/product\/yoast-seo-premium-wordpress\/ -->\n<title>245\/35R19 Linglong GREEN-Max Winter Grip 2 93T XL ar radz\u0113m &#8226; MMK Riepas<\/title>\n<meta name=\"robots\" content=\"index, follow, max-snippet:-1, max-image-preview:large, max-video-preview:-1\" \/>\n<link rel=\"canonical\" href=\"https:\/\/mmkriepas.lv\/en\/p\/245-35r19-linglong-green-max-winter-grip-2-93t-xl-ar-radzem-2\/\" \/>\n<meta property=\"og:locale\" content=\"en_US\" \/>\n<meta property=\"og:type\" content=\"article\" \/>\n<meta property=\"og:title\" content=\"245\/35R19 Linglong GREEN-Max Winter Grip 2 93T XL ar radz\u0113m\" \/>\n<meta property=\"og:description\" content=\"Linglong GREEN-Max Winter Grip 2 ir labs rad\u017eojamais ziemas riepu modelis. Izce\u013cas ar labu veiktsp\u0113ju gan uz sausa asfalta, gan snieg\u0101. Pieejams pla\u0161\u0101 izm\u0113ru kl\u0101st\u0101 un piem\u0113rots gan vieglaj\u0101m automa\u0161\u012bn\u0101m, gan krosoveriem un apvidus auto jeb SUV. \u0160is modelis pieejams gan ar radz\u0113m, gan bez t\u0101m!\" \/>\n<meta property=\"og:url\" content=\"https:\/\/mmkriepas.lv\/en\/p\/245-35r19-linglong-green-max-winter-grip-2-93t-xl-ar-radzem-2\/\" \/>\n<meta property=\"og:site_name\" content=\"MMK Riepas\" \/>\n<meta property=\"article:publisher\" content=\"https:\/\/www.facebook.com\/mmkserviss\/\" \/>\n<meta property=\"article:modified_time\" content=\"2026-03-30T12:34:20+00:00\" \/>\n<meta property=\"og:image\" content=\"https:\/\/mmkriepas.lv\/wp-content\/uploads\/2023\/11\/24545r20-linglong-green-max-winter-grip-2-103t-xl-ar-radzem-ziemas-riepas-ziemas-ar-radzem-riepas.jpg\" \/>\n\t<meta property=\"og:image:width\" content=\"1920\" \/>\n\t<meta property=\"og:image:height\" content=\"1920\" \/>\n\t<meta property=\"og:image:type\" content=\"image\/jpeg\" \/>\n<meta name=\"twitter:card\" content=\"summary_large_image\" \/>\n<meta name=\"twitter:label1\" content=\"Price\" \/>\n\t<meta name=\"twitter:data1\" content=\"&euro;107.00\" \/>\n\t<meta name=\"twitter:label2\" content=\"Availability\" \/>\n\t<meta name=\"twitter:data2\" content=\"In stock\" \/>\n<script type=\"application\/ld+json\" class=\"yoast-schema-graph\">{\"@context\":\"https:\\\/\\\/schema.org\",\"@graph\":[{\"@type\":\"WebPage\",\"@id\":\"https:\\\/\\\/mmkriepas.lv\\\/en\\\/p\\\/245-35r19-linglong-green-max-winter-grip-2-93t-xl-ar-radzem-2\\\/\",\"url\":\"https:\\\/\\\/mmkriepas.lv\\\/en\\\/p\\\/245-35r19-linglong-green-max-winter-grip-2-93t-xl-ar-radzem-2\\\/\",\"name\":\"245\\\/35R19 Linglong GREEN-Max Winter Grip 2 93T XL ar radz\u0113m &#8226; MMK Riepas\",\"isPartOf\":{\"@id\":\"https:\\\/\\\/mmkriepas.lv\\\/en\\\/#website\"},\"primaryImageOfPage\":{\"@id\":\"https:\\\/\\\/mmkriepas.lv\\\/en\\\/p\\\/245-35r19-linglong-green-max-winter-grip-2-93t-xl-ar-radzem-2\\\/#primaryimage\"},\"image\":{\"@id\":\"https:\\\/\\\/mmkriepas.lv\\\/en\\\/p\\\/245-35r19-linglong-green-max-winter-grip-2-93t-xl-ar-radzem-2\\\/#primaryimage\"},\"thumbnailUrl\":\"https:\\\/\\\/mmkriepas.lv\\\/wp-content\\\/uploads\\\/2023\\\/11\\\/24545r20-linglong-green-max-winter-grip-2-103t-xl-ar-radzem-ziemas-riepas-ziemas-ar-radzem-riepas.jpg\",\"datePublished\":\"2024-01-17T10:49:46+00:00\",\"dateModified\":\"2026-03-30T12:34:20+00:00\",\"breadcrumb\":{\"@id\":\"https:\\\/\\\/mmkriepas.lv\\\/en\\\/p\\\/245-35r19-linglong-green-max-winter-grip-2-93t-xl-ar-radzem-2\\\/#breadcrumb\"},\"inLanguage\":\"en-US\",\"potentialAction\":[{\"@type\":\"ReadAction\",\"target\":[\"https:\\\/\\\/mmkriepas.lv\\\/en\\\/p\\\/245-35r19-linglong-green-max-winter-grip-2-93t-xl-ar-radzem-2\\\/\"]}]},{\"@type\":\"ImageObject\",\"inLanguage\":\"en-US\",\"@id\":\"https:\\\/\\\/mmkriepas.lv\\\/en\\\/p\\\/245-35r19-linglong-green-max-winter-grip-2-93t-xl-ar-radzem-2\\\/#primaryimage\",\"url\":\"https:\\\/\\\/mmkriepas.lv\\\/wp-content\\\/uploads\\\/2023\\\/11\\\/24545r20-linglong-green-max-winter-grip-2-103t-xl-ar-radzem-ziemas-riepas-ziemas-ar-radzem-riepas.jpg\",\"contentUrl\":\"https:\\\/\\\/mmkriepas.lv\\\/wp-content\\\/uploads\\\/2023\\\/11\\\/24545r20-linglong-green-max-winter-grip-2-103t-xl-ar-radzem-ziemas-riepas-ziemas-ar-radzem-riepas.jpg\",\"width\":1920,\"height\":1920,\"caption\":\"245\\\/45R20 LingLong GREEN-Max Winter GRIP 2 103T XL ar radz\u0113m - Ziemas riepas \\\/ Ziemas ar radz\u0113m riepas\"},{\"@type\":\"BreadcrumbList\",\"@id\":\"https:\\\/\\\/mmkriepas.lv\\\/en\\\/p\\\/245-35r19-linglong-green-max-winter-grip-2-93t-xl-ar-radzem-2\\\/#breadcrumb\",\"itemListElement\":[{\"@type\":\"ListItem\",\"position\":1,\"name\":\"S\u0101kums\",\"item\":\"https:\\\/\\\/mmkriepas.lv\\\/en\\\/\"},{\"@type\":\"ListItem\",\"position\":2,\"name\":\"245\\\/35R19 Linglong GREEN-Max Winter Grip 2 93T XL ar radz\u0113m\"}]},{\"@type\":\"WebSite\",\"@id\":\"https:\\\/\\\/mmkriepas.lv\\\/en\\\/#website\",\"url\":\"https:\\\/\\\/mmkriepas.lv\\\/en\\\/\",\"name\":\"MMK Riepas\",\"description\":\"MMK Riepas\",\"alternateName\":\"MMK Riepu Serviss\",\"potentialAction\":[{\"@type\":\"SearchAction\",\"target\":{\"@type\":\"EntryPoint\",\"urlTemplate\":\"https:\\\/\\\/mmkriepas.lv\\\/en\\\/?s={search_term_string}\"},\"query-input\":{\"@type\":\"PropertyValueSpecification\",\"valueRequired\":true,\"valueName\":\"search_term_string\"}}],\"inLanguage\":\"en-US\"},{\"@type\":\"ImageObject\",\"inLanguage\":\"en-US\",\"@id\":\"https:\\\/\\\/mmkriepas.lv\\\/en\\\/p\\\/245-35r19-linglong-green-max-winter-grip-2-93t-xl-ar-radzem-2\\\/#local-main-organization-logo\",\"url\":\"\",\"contentUrl\":\"\",\"caption\":\"MMK Riepas\"}]}<\/script>\n<meta property=\"product:brand\" content=\"Linglong GREEN-Max Winter Grip 2\" \/>\n<meta property=\"product:price:amount\" content=\"107.00\" \/>\n<meta property=\"product:price:currency\" content=\"EUR\" \/>\n<meta property=\"og:availability\" content=\"instock\" \/>\n<meta property=\"product:availability\" content=\"instock\" \/>\n<meta property=\"product:retailer_item_id\" content=\"TR2453519Lingl-E32315\" \/>\n<meta property=\"product:condition\" content=\"new\" \/>\n<!-- \/ Yoast SEO Premium plugin. -->","yoast_head_json":{"title":"245\/35R19 Linglong GREEN-Max Winter Grip 2 93T XL ar radz\u0113m &#8226; MMK Riepas","robots":{"index":"index","follow":"follow","max-snippet":"max-snippet:-1","max-image-preview":"max-image-preview:large","max-video-preview":"max-video-preview:-1"},"canonical":"https:\/\/mmkriepas.lv\/en\/p\/245-35r19-linglong-green-max-winter-grip-2-93t-xl-ar-radzem-2\/","og_locale":"en_US","og_type":"article","og_title":"245\/35R19 Linglong GREEN-Max Winter Grip 2 93T XL ar radz\u0113m","og_description":"Linglong GREEN-Max Winter Grip 2 ir labs rad\u017eojamais ziemas riepu modelis. Izce\u013cas ar labu veiktsp\u0113ju gan uz sausa asfalta, gan snieg\u0101. Pieejams pla\u0161\u0101 izm\u0113ru kl\u0101st\u0101 un piem\u0113rots gan vieglaj\u0101m automa\u0161\u012bn\u0101m, gan krosoveriem un apvidus auto jeb SUV. \u0160is modelis pieejams gan ar radz\u0113m, gan bez t\u0101m!","og_url":"https:\/\/mmkriepas.lv\/en\/p\/245-35r19-linglong-green-max-winter-grip-2-93t-xl-ar-radzem-2\/","og_site_name":"MMK Riepas","article_publisher":"https:\/\/www.facebook.com\/mmkserviss\/","article_modified_time":"2026-03-30T12:34:20+00:00","og_image":[{"width":1920,"height":1920,"url":"https:\/\/mmkriepas.lv\/wp-content\/uploads\/2023\/11\/24545r20-linglong-green-max-winter-grip-2-103t-xl-ar-radzem-ziemas-riepas-ziemas-ar-radzem-riepas.jpg","type":"image\/jpeg"}],"twitter_card":"summary_large_image","twitter_misc":{"Price":"&euro;107.00","Availability":"In stock"},"schema":{"@context":"https:\/\/schema.org","@graph":[{"@type":"WebPage","@id":"https:\/\/mmkriepas.lv\/en\/p\/245-35r19-linglong-green-max-winter-grip-2-93t-xl-ar-radzem-2\/","url":"https:\/\/mmkriepas.lv\/en\/p\/245-35r19-linglong-green-max-winter-grip-2-93t-xl-ar-radzem-2\/","name":"245\/35R19 Linglong GREEN-Max Winter Grip 2 93T XL ar radz\u0113m &#8226; MMK Riepas","isPartOf":{"@id":"https:\/\/mmkriepas.lv\/en\/#website"},"primaryImageOfPage":{"@id":"https:\/\/mmkriepas.lv\/en\/p\/245-35r19-linglong-green-max-winter-grip-2-93t-xl-ar-radzem-2\/#primaryimage"},"image":{"@id":"https:\/\/mmkriepas.lv\/en\/p\/245-35r19-linglong-green-max-winter-grip-2-93t-xl-ar-radzem-2\/#primaryimage"},"thumbnailUrl":"https:\/\/mmkriepas.lv\/wp-content\/uploads\/2023\/11\/24545r20-linglong-green-max-winter-grip-2-103t-xl-ar-radzem-ziemas-riepas-ziemas-ar-radzem-riepas.jpg","datePublished":"2024-01-17T10:49:46+00:00","dateModified":"2026-03-30T12:34:20+00:00","breadcrumb":{"@id":"https:\/\/mmkriepas.lv\/en\/p\/245-35r19-linglong-green-max-winter-grip-2-93t-xl-ar-radzem-2\/#breadcrumb"},"inLanguage":"en-US","potentialAction":[{"@type":"ReadAction","target":["https:\/\/mmkriepas.lv\/en\/p\/245-35r19-linglong-green-max-winter-grip-2-93t-xl-ar-radzem-2\/"]}]},{"@type":"ImageObject","inLanguage":"en-US","@id":"https:\/\/mmkriepas.lv\/en\/p\/245-35r19-linglong-green-max-winter-grip-2-93t-xl-ar-radzem-2\/#primaryimage","url":"https:\/\/mmkriepas.lv\/wp-content\/uploads\/2023\/11\/24545r20-linglong-green-max-winter-grip-2-103t-xl-ar-radzem-ziemas-riepas-ziemas-ar-radzem-riepas.jpg","contentUrl":"https:\/\/mmkriepas.lv\/wp-content\/uploads\/2023\/11\/24545r20-linglong-green-max-winter-grip-2-103t-xl-ar-radzem-ziemas-riepas-ziemas-ar-radzem-riepas.jpg","width":1920,"height":1920,"caption":"245\/45R20 LingLong GREEN-Max Winter GRIP 2 103T XL ar radz\u0113m - Ziemas riepas \/ Ziemas ar radz\u0113m riepas"},{"@type":"BreadcrumbList","@id":"https:\/\/mmkriepas.lv\/en\/p\/245-35r19-linglong-green-max-winter-grip-2-93t-xl-ar-radzem-2\/#breadcrumb","itemListElement":[{"@type":"ListItem","position":1,"name":"S\u0101kums","item":"https:\/\/mmkriepas.lv\/en\/"},{"@type":"ListItem","position":2,"name":"245\/35R19 Linglong GREEN-Max Winter Grip 2 93T XL ar radz\u0113m"}]},{"@type":"WebSite","@id":"https:\/\/mmkriepas.lv\/en\/#website","url":"https:\/\/mmkriepas.lv\/en\/","name":"MMK Riepas","description":"MMK Riepas","alternateName":"MMK Riepu Serviss","potentialAction":[{"@type":"SearchAction","target":{"@type":"EntryPoint","urlTemplate":"https:\/\/mmkriepas.lv\/en\/?s={search_term_string}"},"query-input":{"@type":"PropertyValueSpecification","valueRequired":true,"valueName":"search_term_string"}}],"inLanguage":"en-US"},{"@type":"ImageObject","inLanguage":"en-US","@id":"https:\/\/mmkriepas.lv\/en\/p\/245-35r19-linglong-green-max-winter-grip-2-93t-xl-ar-radzem-2\/#local-main-organization-logo","url":"","contentUrl":"","caption":"MMK Riepas"}]},"product_brand":"Linglong GREEN-Max Winter Grip 2","product_price_amount":"107.00","product_price_currency":"EUR","og_availability":"instock","product_availability":"instock","product_retailer_item_id":"TR2453519Lingl-E32315","product_condition":"new"},"_links":{"self":[{"href":"https:\/\/mmkriepas.lv\/en\/wp-json\/wp\/v2\/product\/845214","targetHints":{"allow":["GET"]}}],"collection":[{"href":"https:\/\/mmkriepas.lv\/en\/wp-json\/wp\/v2\/product"}],"about":[{"href":"https:\/\/mmkriepas.lv\/en\/wp-json\/wp\/v2\/types\/product"}],"wp:featuredmedia":[{"embeddable":true,"href":"https:\/\/mmkriepas.lv\/en\/wp-json\/wp\/v2\/media\/824019"}],"wp:attachment":[{"href":"https:\/\/mmkriepas.lv\/en\/wp-json\/wp\/v2\/media?parent=845214"}],"wp:term":[{"taxonomy":"product_brand","embeddable":true,"href":"https:\/\/mmkriepas.lv\/en\/wp-json\/wp\/v2\/product_brand?post=845214"},{"taxonomy":"product_cat","embeddable":true,"href":"https:\/\/mmkriepas.lv\/en\/wp-json\/wp\/v2\/product_cat?post=845214"},{"taxonomy":"product_tag","embeddable":true,"href":"https:\/\/mmkriepas.lv\/en\/wp-json\/wp\/v2\/product_tag?post=845214"}],"curies":[{"name":"wp","href":"https:\/\/api.w.org\/{rel}","templated":true}]}}