{"id":842848,"date":"2024-01-08T13:05:57","date_gmt":"2024-01-08T11:05:57","guid":{"rendered":"https:\/\/mmkserviss.lv\/?post_type=product&#038;p=842848"},"modified":"2026-03-30T01:53:55","modified_gmt":"2026-03-29T22:53:55","slug":"215-65r16-hankook-ventus-prime3-k125-98v-2","status":"publish","type":"product","link":"https:\/\/mmkriepas.lv\/en\/p\/215-65r16-hankook-ventus-prime3-k125-98v-2\/","title":{"rendered":"215\/65R16 Hankook Ventus Prime3 K125 98V"},"content":{"rendered":"<p><span style=\"font-family: arial, helvetica, sans-serif;\"><strong>Hankook Ventus Prime<\/strong><strong>3 K125<\/strong>\u00a0ir vasaras riepa, kas ir paredz\u0113ta pla\u0161a spektra autotransportam &#8211; vid\u0113jas klases automa\u0161\u012bnas, luksusa automa\u0161\u012bnas, k\u0101 ar\u012b \u0123imenes automa\u0161\u012bnas. Modelis izce\u013cas ar <strong>izcil\u0101m sa\u0137eres \u012bpa\u0161\u012bb\u0101m<\/strong>, kas vienl\u012bdz labi par\u0101da sevi gan uz sausa, gan uz slapja ce\u013ca (sa\u0137er\u0113 uz slapja asfalta augst\u0101kais iesp\u0113jamais <strong>A<\/strong> r\u0101d\u012bt\u0101js). Bez lielisk\u0101s sa\u0137eres ir v\u0113rts piemin\u0113t izcilu vad\u0101m\u012bbu un komfortu, ko ra\u017eot\u0101js pan\u0101cis, izmantojot jaun\u0101kos tehnolo\u0123iskos risin\u0101jumus.\u00a0<\/span><\/p>\n<p><span style=\"font-family: arial, helvetica, sans-serif;\"><strong>Ventus Prime3 K125 <\/strong>\u012bpa\u0161\u012bbas:<\/span><\/p>\n<p><span style=\"font-family: arial, helvetica, sans-serif;\">+ Perfekta sa\u0137ere slapj\u0101 laik\u0101.<\/span><\/p>\n<p><span style=\"font-family: arial, helvetica, sans-serif;\">+ Efekt\u012bva \u016bdens dren\u0101\u017eas sist\u0113ma nodro\u0161ina sa\u0137eres saglab\u0101\u0161anu uz slapja ce\u013ca seguma.<\/span><\/p>\n<p><span style=\"font-family: arial, helvetica, sans-serif;\">+ Augsta notur\u012bba pret akvaplan\u0113\u0161anu.<\/span><\/p>\n<p><span style=\"font-family: arial, helvetica, sans-serif;\">+ Degvielas ekonomija, \u013coti zema rites pretest\u012bba.<\/span><\/p>\n<p><span style=\"font-family: arial, helvetica, sans-serif;\">+ Uzlabots gumijas sast\u0101vs nodro\u0161in\u0101s liel\u0101ku nobraukumu.<\/span><\/p>\n<p><span style=\"font-family: arial, helvetica, sans-serif;\">+ Samazin\u0101ts trok\u0161\u0146u l\u012bmenis, optimiz\u0113jot trok\u0161\u0146u samazino\u0161o bloku uzb\u016bvi.<\/span><\/p>\n<p><span style=\"font-family: arial, helvetica, sans-serif;\">+ Pla\u0161s pielietojums visda\u017e\u0101d\u0101kaj\u0101m automa\u0161\u012bnu klas\u0113m.<\/span><\/p>\n<p><span style=\"font-family: arial, helvetica, sans-serif;\">+ Sil\u012bcija dioks\u012bda kl\u0101tb\u016btne sast\u0101v\u0101 uzlabo sa\u0137eres \u012bpa\u0161\u012bbas.<\/span><\/p>\n<p><span style=\"font-family: arial, helvetica, sans-serif;\">+ Dinamiska un dro\u0161a vad\u0101m\u012bb\u0101 gan uz sausa, gan mitra seguma.<\/span><\/p>\n<p><span style=\"font-family: arial, helvetica, sans-serif;\">+ Uzlabots protektora raksts.<\/span><\/p>\n<p><span style=\"font-family: arial, helvetica, sans-serif;\">+ Lab\u0101ka vad\u0101m\u012bba un stabila p\u0101rvieto\u0161an\u0101s taisnvirziena kust\u012bb\u0101.<\/span><\/p>\n<p><span style=\"font-family: arial, helvetica, sans-serif;\">+ Prec\u012bza reakcija uz st\u016bres kust\u012bb\u0101m, stabilit\u0101te pagriezienos.<\/span><\/p>\n<p><span style=\"font-family: arial, helvetica, sans-serif;\">+ Klusas riepas, pretturbulences rievojums riepu s\u0101nu da\u013c\u0101 (vid\u0113ji modelis nov\u0113rt\u0113ts &#8220;70dB&#8221;)<\/span><\/p>\n<p><span style=\"font-family: arial, helvetica, sans-serif;\"><strong>Ventus Prime3 K125 raksturojums:<\/strong><\/span><\/p>\n<ul>\n<li><span style=\"font-family: arial, helvetica, sans-serif;\"><strong>Dizaina specifika.<\/strong> Riepas protektora strukt\u016bras vid\u0113j\u0101 da\u013c\u0101 atrodas met\u0101la starpsiena, kas kop\u0101 ar plecu zonas papla\u0161in\u0101tajiem blokiem pozit\u012bvi ietekm\u0113 vad\u012bbu. Efektu var nov\u0113rot veicot mazus st\u016bres manevrus, \u0161oferim rodas izcila vad\u0101m\u012bbas saj\u016bta.<\/span><\/li>\n<li><span style=\"font-family: arial, helvetica, sans-serif;\"><strong>Sa\u0137ere uz sausa asfalta.<\/strong> Ventus Prime 3 tika izlaists 2016. gad\u0101, un tam ir <strong>uzlabota sa\u0137ere<\/strong> uz sausiem ce\u013cu segumiem. Vair\u0101k dom\u0101ts par da\u017e\u0101da veida sausu asfaltu. Paaugstin\u0101ta sa\u0137ere tika pan\u0101kta, izstr\u0101d\u0101jot jaunu protektora dizainu, k\u0101 ar\u012b pie\u0161\u0137irot t\u0101 blokiem liel\u0101ku stingr\u012bbu. \u0160ie jaunin\u0101jumi nodro\u0161in\u0101ja riepas kontakta laukuma ar ce\u013cu palielin\u0101\u0161anos, kas atspogu\u013coj\u0101s sa\u0137eres \u012bpa\u0161\u012bb\u0101s.<\/span><\/li>\n<li><span style=\"font-family: arial, helvetica, sans-serif;\"><strong>Sa\u0137ere uz mitra ce\u013ca.<\/strong> Lai rad\u012btu maksim\u0101li labas sa\u0137eres \u012bpa\u0161\u012bbas uz slapja cela, ra\u017eot\u0101js protektora dizain\u0101 ieviesa 4 dzi\u013cus kan\u0101lus. Tie\u0161i tie sp\u0113l\u0113 galveno lomu, teju ide\u0101laj\u0101, \u016bdens novadsist\u0113m\u0101. J\u0101atz\u012bm\u0113, ka <strong>kan\u0101lu dzi\u013cums nav vien\u0101ds<\/strong>. Tas ir saist\u012bts ar izstr\u0101d\u0101t\u0101ju v\u0113lmi saglab\u0101t izcilu sa\u0137eri da\u017e\u0101dos laika apst\u0101k\u013cos. Papildus galvenajiem izvadkan\u0101liem darbojas lame\u013cu sist\u0113ma, kas papildina dren\u0101\u017eas kan\u0101lu veiktsp\u0113ju, izveidojot efekt\u012bvu sist\u0113mu, kas <strong>aizsarg\u0101<\/strong> transportl\u012bdzekli <strong>no akvaplan\u0113\u0161anas<\/strong>.<\/span><\/li>\n<li><span style=\"font-family: arial, helvetica, sans-serif;\"><strong>Protektora paz\u012bmes.<\/strong> Papildus iepriek\u0161min\u0113taj\u0101m protektora \u012bpatn\u012bb\u0101m ir v\u0113rts atz\u012bm\u0113t stingru centr\u0101lo ribu, k\u0101 ar\u012b plecu blokus, kas izce\u013cas ar mas\u012bvu uzb\u016bvi. Tas \u013c\u0101va uzlabot vad\u0101m\u012bbu un stabilit\u0101ti liel\u0101 \u0101trum\u0101. Vair\u0101ku blakus ribu kl\u0101tb\u016btne samazin\u0101ja rites pretest\u012bbu. Tas pozit\u012bvi ietekm\u0113 degvielas efektivit\u0101ti.<\/span><\/li>\n<\/ul>\n<h5><span style=\"font-family: arial, helvetica, sans-serif; color: #ff0000;\">*Uzman\u012bbu: vasaras riepas, kas ra\u017eotas \u0100zijas valst\u012bs, var b\u016bt apz\u012bm\u0113tas ar apz\u012bm\u0113jumu M + S. J\u0101\u0146em ver\u0101, ka \u0100zijas teritorija sniedzas da\u017e\u0101d\u0101s klimatiskaj\u0101s zon\u0101s, kur da\u017eviet metereolo\u0123isk\u0101 ziema t\u0101 ar\u012b neiest\u0101jas. L\u012bdz ar to, tur \u0161\u012bs riepas var izmantot visu gadu, kam\u0113r Latvij\u0101 tas nestr\u0101d\u0101! S\u012bk\u0101k par \u0161o un citiem apz\u012bm\u0113jumiem dro\u0161i jaut\u0101jiet MMK Riepu Serviss speci\u0101listiem.<\/span><\/h5>\n","protected":false},"excerpt":{"rendered":"<p><span style=\"font-family: arial, helvetica, sans-serif;\"><strong>Hankook Ventus Prime<\/strong><strong>3 K125<\/strong>\u00a0ir vasaras riepa, kas ir paredz\u0113ta pla\u0161a spektra autotransportam &#8211; vid\u0113jas klases automa\u0161\u012bnas, luksusa automa\u0161\u012bnas, k\u0101 ar\u012b \u0123imenes automa\u0161\u012bnas. Modelis izce\u013cas ar <strong>izcil\u0101m sa\u0137eres \u012bpa\u0161\u012bb\u0101m<\/strong>, kas vienl\u012bdz labi par\u0101da sevi gan uz sausa, gan uz slapja ce\u013ca (sa\u0137er\u0113 uz slapja asfalta augst\u0101kais iesp\u0113jamais <strong>A<\/strong> r\u0101d\u012bt\u0101js). Bez lielisk\u0101s sa\u0137eres ir v\u0113rts piemin\u0113t izcilu vad\u0101m\u012bbu un komfortu, ko ra\u017eot\u0101js pan\u0101cis, izmantojot jaun\u0101kos tehnolo\u0123iskos risin\u0101jumus.\u00a0<\/span><\/p>\n","protected":false},"featured_media":915367,"template":"","meta":{"_acf_changed":false,"ngg_post_thumbnail":0},"product_brand":[],"product_cat":[46],"product_tag":[],"class_list":{"0":"post-842848","1":"product","2":"type-product","3":"status-publish","4":"has-post-thumbnail","6":"product_cat-vasaras-riepas","8":"first","9":"instock","10":"sale","11":"taxable","12":"shipping-taxable","13":"product-type-simple"},"acf":[],"yoast_head":"<!-- This site is optimized with the Yoast SEO Premium plugin v22.6 (Yoast SEO v27.3) - https:\/\/yoast.com\/product\/yoast-seo-premium-wordpress\/ -->\n<title>215\/65R16 Hankook Ventus Prime3 K125 98V &#8226; MMK Riepas<\/title>\n<meta name=\"robots\" content=\"index, follow, max-snippet:-1, max-image-preview:large, max-video-preview:-1\" \/>\n<link rel=\"canonical\" href=\"https:\/\/mmkriepas.lv\/en\/p\/215-65r16-hankook-ventus-prime3-k125-98v-2\/\" \/>\n<meta property=\"og:locale\" content=\"en_US\" \/>\n<meta property=\"og:type\" content=\"article\" \/>\n<meta property=\"og:title\" content=\"215\/65R16 Hankook Ventus Prime3 K125 98V\" \/>\n<meta property=\"og:description\" content=\"Hankook Ventus Prime3 K125\u00a0ir vasaras riepa, kas ir paredz\u0113ta pla\u0161a spektra autotransportam - vid\u0113jas klases automa\u0161\u012bnas, luksusa automa\u0161\u012bnas, k\u0101 ar\u012b \u0123imenes automa\u0161\u012bnas. Modelis izce\u013cas ar izcil\u0101m sa\u0137eres \u012bpa\u0161\u012bb\u0101m, kas vienl\u012bdz labi par\u0101da sevi gan uz sausa, gan uz slapja ce\u013ca (sa\u0137er\u0113 uz slapja asfalta augst\u0101kais iesp\u0113jamais A r\u0101d\u012bt\u0101js). Bez lielisk\u0101s sa\u0137eres ir v\u0113rts piemin\u0113t izcilu vad\u0101m\u012bbu un komfortu, ko ra\u017eot\u0101js pan\u0101cis, izmantojot jaun\u0101kos tehnolo\u0123iskos risin\u0101jumus.\u00a0\" \/>\n<meta property=\"og:url\" content=\"https:\/\/mmkriepas.lv\/en\/p\/215-65r16-hankook-ventus-prime3-k125-98v-2\/\" \/>\n<meta property=\"og:site_name\" content=\"MMK Riepas\" \/>\n<meta property=\"article:publisher\" content=\"https:\/\/www.facebook.com\/mmkserviss\/\" \/>\n<meta property=\"article:modified_time\" content=\"2026-03-29T22:53:55+00:00\" \/>\n<meta property=\"og:image\" content=\"https:\/\/mmkriepas.lv\/wp-content\/uploads\/2024\/06\/hankook-ventus-prime3-k125.jpg\" \/>\n\t<meta property=\"og:image:width\" content=\"900\" \/>\n\t<meta property=\"og:image:height\" content=\"720\" \/>\n\t<meta property=\"og:image:type\" content=\"image\/jpeg\" \/>\n<meta name=\"twitter:card\" content=\"summary_large_image\" \/>\n<meta name=\"twitter:label1\" content=\"Price\" \/>\n\t<meta name=\"twitter:data1\" content=\"&euro;103.00\" \/>\n\t<meta name=\"twitter:label2\" content=\"Availability\" \/>\n\t<meta name=\"twitter:data2\" content=\"In stock\" \/>\n<script type=\"application\/ld+json\" class=\"yoast-schema-graph\">{\"@context\":\"https:\\\/\\\/schema.org\",\"@graph\":[{\"@type\":\"WebPage\",\"@id\":\"https:\\\/\\\/mmkriepas.lv\\\/en\\\/p\\\/215-65r16-hankook-ventus-prime3-k125-98v-2\\\/\",\"url\":\"https:\\\/\\\/mmkriepas.lv\\\/en\\\/p\\\/215-65r16-hankook-ventus-prime3-k125-98v-2\\\/\",\"name\":\"215\\\/65R16 Hankook Ventus Prime3 K125 98V &#8226; MMK Riepas\",\"isPartOf\":{\"@id\":\"https:\\\/\\\/mmkriepas.lv\\\/en\\\/#website\"},\"primaryImageOfPage\":{\"@id\":\"https:\\\/\\\/mmkriepas.lv\\\/en\\\/p\\\/215-65r16-hankook-ventus-prime3-k125-98v-2\\\/#primaryimage\"},\"image\":{\"@id\":\"https:\\\/\\\/mmkriepas.lv\\\/en\\\/p\\\/215-65r16-hankook-ventus-prime3-k125-98v-2\\\/#primaryimage\"},\"thumbnailUrl\":\"https:\\\/\\\/mmkriepas.lv\\\/wp-content\\\/uploads\\\/2024\\\/06\\\/hankook-ventus-prime3-k125.jpg\",\"datePublished\":\"2024-01-08T11:05:57+00:00\",\"dateModified\":\"2026-03-29T22:53:55+00:00\",\"breadcrumb\":{\"@id\":\"https:\\\/\\\/mmkriepas.lv\\\/en\\\/p\\\/215-65r16-hankook-ventus-prime3-k125-98v-2\\\/#breadcrumb\"},\"inLanguage\":\"en-US\",\"potentialAction\":[{\"@type\":\"ReadAction\",\"target\":[\"https:\\\/\\\/mmkriepas.lv\\\/en\\\/p\\\/215-65r16-hankook-ventus-prime3-k125-98v-2\\\/\"]}]},{\"@type\":\"ImageObject\",\"inLanguage\":\"en-US\",\"@id\":\"https:\\\/\\\/mmkriepas.lv\\\/en\\\/p\\\/215-65r16-hankook-ventus-prime3-k125-98v-2\\\/#primaryimage\",\"url\":\"https:\\\/\\\/mmkriepas.lv\\\/wp-content\\\/uploads\\\/2024\\\/06\\\/hankook-ventus-prime3-k125.jpg\",\"contentUrl\":\"https:\\\/\\\/mmkriepas.lv\\\/wp-content\\\/uploads\\\/2024\\\/06\\\/hankook-ventus-prime3-k125.jpg\",\"width\":900,\"height\":720,\"caption\":\"MAIN\"},{\"@type\":\"BreadcrumbList\",\"@id\":\"https:\\\/\\\/mmkriepas.lv\\\/en\\\/p\\\/215-65r16-hankook-ventus-prime3-k125-98v-2\\\/#breadcrumb\",\"itemListElement\":[{\"@type\":\"ListItem\",\"position\":1,\"name\":\"S\u0101kums\",\"item\":\"https:\\\/\\\/mmkriepas.lv\\\/en\\\/\"},{\"@type\":\"ListItem\",\"position\":2,\"name\":\"215\\\/65R16 Hankook Ventus Prime3 K125 98V\"}]},{\"@type\":\"WebSite\",\"@id\":\"https:\\\/\\\/mmkriepas.lv\\\/en\\\/#website\",\"url\":\"https:\\\/\\\/mmkriepas.lv\\\/en\\\/\",\"name\":\"MMK Riepas\",\"description\":\"MMK Riepas\",\"alternateName\":\"MMK Riepu Serviss\",\"potentialAction\":[{\"@type\":\"SearchAction\",\"target\":{\"@type\":\"EntryPoint\",\"urlTemplate\":\"https:\\\/\\\/mmkriepas.lv\\\/en\\\/?s={search_term_string}\"},\"query-input\":{\"@type\":\"PropertyValueSpecification\",\"valueRequired\":true,\"valueName\":\"search_term_string\"}}],\"inLanguage\":\"en-US\"},{\"@type\":\"ImageObject\",\"inLanguage\":\"en-US\",\"@id\":\"https:\\\/\\\/mmkriepas.lv\\\/en\\\/p\\\/215-65r16-hankook-ventus-prime3-k125-98v-2\\\/#local-main-organization-logo\",\"url\":\"\",\"contentUrl\":\"\",\"caption\":\"MMK Riepas\"}]}<\/script>\n<meta property=\"product:brand\" content=\"Hankook Ventus Prime3 K125\" \/>\n<meta property=\"product:price:amount\" content=\"103.00\" \/>\n<meta property=\"product:price:currency\" content=\"EUR\" \/>\n<meta property=\"og:availability\" content=\"instock\" \/>\n<meta property=\"product:availability\" content=\"instock\" \/>\n<meta property=\"product:retailer_item_id\" content=\"TS2156516HANKO-L32185\" \/>\n<meta property=\"product:condition\" content=\"new\" \/>\n<!-- \/ Yoast SEO Premium plugin. -->","yoast_head_json":{"title":"215\/65R16 Hankook Ventus Prime3 K125 98V &#8226; MMK Riepas","robots":{"index":"index","follow":"follow","max-snippet":"max-snippet:-1","max-image-preview":"max-image-preview:large","max-video-preview":"max-video-preview:-1"},"canonical":"https:\/\/mmkriepas.lv\/en\/p\/215-65r16-hankook-ventus-prime3-k125-98v-2\/","og_locale":"en_US","og_type":"article","og_title":"215\/65R16 Hankook Ventus Prime3 K125 98V","og_description":"Hankook Ventus Prime3 K125\u00a0ir vasaras riepa, kas ir paredz\u0113ta pla\u0161a spektra autotransportam - vid\u0113jas klases automa\u0161\u012bnas, luksusa automa\u0161\u012bnas, k\u0101 ar\u012b \u0123imenes automa\u0161\u012bnas. Modelis izce\u013cas ar izcil\u0101m sa\u0137eres \u012bpa\u0161\u012bb\u0101m, kas vienl\u012bdz labi par\u0101da sevi gan uz sausa, gan uz slapja ce\u013ca (sa\u0137er\u0113 uz slapja asfalta augst\u0101kais iesp\u0113jamais A r\u0101d\u012bt\u0101js). Bez lielisk\u0101s sa\u0137eres ir v\u0113rts piemin\u0113t izcilu vad\u0101m\u012bbu un komfortu, ko ra\u017eot\u0101js pan\u0101cis, izmantojot jaun\u0101kos tehnolo\u0123iskos risin\u0101jumus.\u00a0","og_url":"https:\/\/mmkriepas.lv\/en\/p\/215-65r16-hankook-ventus-prime3-k125-98v-2\/","og_site_name":"MMK Riepas","article_publisher":"https:\/\/www.facebook.com\/mmkserviss\/","article_modified_time":"2026-03-29T22:53:55+00:00","og_image":[{"width":900,"height":720,"url":"https:\/\/mmkriepas.lv\/wp-content\/uploads\/2024\/06\/hankook-ventus-prime3-k125.jpg","type":"image\/jpeg"}],"twitter_card":"summary_large_image","twitter_misc":{"Price":"&euro;103.00","Availability":"In stock"},"schema":{"@context":"https:\/\/schema.org","@graph":[{"@type":"WebPage","@id":"https:\/\/mmkriepas.lv\/en\/p\/215-65r16-hankook-ventus-prime3-k125-98v-2\/","url":"https:\/\/mmkriepas.lv\/en\/p\/215-65r16-hankook-ventus-prime3-k125-98v-2\/","name":"215\/65R16 Hankook Ventus Prime3 K125 98V &#8226; MMK Riepas","isPartOf":{"@id":"https:\/\/mmkriepas.lv\/en\/#website"},"primaryImageOfPage":{"@id":"https:\/\/mmkriepas.lv\/en\/p\/215-65r16-hankook-ventus-prime3-k125-98v-2\/#primaryimage"},"image":{"@id":"https:\/\/mmkriepas.lv\/en\/p\/215-65r16-hankook-ventus-prime3-k125-98v-2\/#primaryimage"},"thumbnailUrl":"https:\/\/mmkriepas.lv\/wp-content\/uploads\/2024\/06\/hankook-ventus-prime3-k125.jpg","datePublished":"2024-01-08T11:05:57+00:00","dateModified":"2026-03-29T22:53:55+00:00","breadcrumb":{"@id":"https:\/\/mmkriepas.lv\/en\/p\/215-65r16-hankook-ventus-prime3-k125-98v-2\/#breadcrumb"},"inLanguage":"en-US","potentialAction":[{"@type":"ReadAction","target":["https:\/\/mmkriepas.lv\/en\/p\/215-65r16-hankook-ventus-prime3-k125-98v-2\/"]}]},{"@type":"ImageObject","inLanguage":"en-US","@id":"https:\/\/mmkriepas.lv\/en\/p\/215-65r16-hankook-ventus-prime3-k125-98v-2\/#primaryimage","url":"https:\/\/mmkriepas.lv\/wp-content\/uploads\/2024\/06\/hankook-ventus-prime3-k125.jpg","contentUrl":"https:\/\/mmkriepas.lv\/wp-content\/uploads\/2024\/06\/hankook-ventus-prime3-k125.jpg","width":900,"height":720,"caption":"MAIN"},{"@type":"BreadcrumbList","@id":"https:\/\/mmkriepas.lv\/en\/p\/215-65r16-hankook-ventus-prime3-k125-98v-2\/#breadcrumb","itemListElement":[{"@type":"ListItem","position":1,"name":"S\u0101kums","item":"https:\/\/mmkriepas.lv\/en\/"},{"@type":"ListItem","position":2,"name":"215\/65R16 Hankook Ventus Prime3 K125 98V"}]},{"@type":"WebSite","@id":"https:\/\/mmkriepas.lv\/en\/#website","url":"https:\/\/mmkriepas.lv\/en\/","name":"MMK Riepas","description":"MMK Riepas","alternateName":"MMK Riepu Serviss","potentialAction":[{"@type":"SearchAction","target":{"@type":"EntryPoint","urlTemplate":"https:\/\/mmkriepas.lv\/en\/?s={search_term_string}"},"query-input":{"@type":"PropertyValueSpecification","valueRequired":true,"valueName":"search_term_string"}}],"inLanguage":"en-US"},{"@type":"ImageObject","inLanguage":"en-US","@id":"https:\/\/mmkriepas.lv\/en\/p\/215-65r16-hankook-ventus-prime3-k125-98v-2\/#local-main-organization-logo","url":"","contentUrl":"","caption":"MMK Riepas"}]},"product_brand":"Hankook Ventus Prime3 K125","product_price_amount":"103.00","product_price_currency":"EUR","og_availability":"instock","product_availability":"instock","product_retailer_item_id":"TS2156516HANKO-L32185","product_condition":"new"},"_links":{"self":[{"href":"https:\/\/mmkriepas.lv\/en\/wp-json\/wp\/v2\/product\/842848","targetHints":{"allow":["GET"]}}],"collection":[{"href":"https:\/\/mmkriepas.lv\/en\/wp-json\/wp\/v2\/product"}],"about":[{"href":"https:\/\/mmkriepas.lv\/en\/wp-json\/wp\/v2\/types\/product"}],"wp:featuredmedia":[{"embeddable":true,"href":"https:\/\/mmkriepas.lv\/en\/wp-json\/wp\/v2\/media\/915367"}],"wp:attachment":[{"href":"https:\/\/mmkriepas.lv\/en\/wp-json\/wp\/v2\/media?parent=842848"}],"wp:term":[{"taxonomy":"product_brand","embeddable":true,"href":"https:\/\/mmkriepas.lv\/en\/wp-json\/wp\/v2\/product_brand?post=842848"},{"taxonomy":"product_cat","embeddable":true,"href":"https:\/\/mmkriepas.lv\/en\/wp-json\/wp\/v2\/product_cat?post=842848"},{"taxonomy":"product_tag","embeddable":true,"href":"https:\/\/mmkriepas.lv\/en\/wp-json\/wp\/v2\/product_tag?post=842848"}],"curies":[{"name":"wp","href":"https:\/\/api.w.org\/{rel}","templated":true}]}}